{"id":1606,"date":"2019-06-05T14:03:23","date_gmt":"2019-06-05T12:03:23","guid":{"rendered":"https:\/\/www.minimumdepositcasinos.org\/de\/?page_id=1606"},"modified":"2023-09-05T16:47:58","modified_gmt":"2023-09-05T14:47:58","slug":"friespiele","status":"publish","type":"page","link":"https:\/\/www.minimumdepositcasinos.org\/at\/bewertungen\/karamba\/friespiele\/","title":{"rendered":"Karamba Free Spins"},"content":{"rendered":"<h1>Karamba gratis Spins Testbericht<\/h1>\n<p>Das Casino wurde 2005 er\u00f6ffnet und nimmt immer noch einen gro\u00dfen Posten ein \u2013 das <a href=\"\/at\/bewertungen\/karamba\/\">Karamba Online Casino<\/a> bringt Jahre der Erfahrungen mit sich und hat einen guten Ruf und eine erstklassige Anzahl an Online Slots. Spiele von Software Giganten wie Microgaming und NetEnt zusammen mit vertrauensw\u00fcrdigen Lizenzen aus der UK und Malta und einem schlichten aber tollem Interface kommt alles sch\u00f6n zusammen, um ein Online Casino zu pr\u00e4sentieren, das wirklich eine Erw\u00e4hnung wert ist.<\/p>\n<h3>Karamba Casino Willkommensbonus<\/h3>\n<p>So wie bei vielen der <a href=\"\/at\/online-casinos\/\">Casinos Online<\/a> ist es auch beim Karamba Casino schnell und einfach sich anzumelden, sodass Sie schnell um echtes Geld spielen k\u00f6nnen. Sobald Sie sich fertig sind wartet auf Sie ein spannender Willkommensbonus, zusammen mit einem 100% Einzahlungsbonus mit einer maximalen m\u00f6glichen Auszahlung in H\u00f6he von \u20ac200. Sie m\u00fcssen dann den Bonus innerhalb von 21 Tagen nach der Er\u00f6ffnung eines neuen Kontos 35x die H\u00f6he des urspr\u00fcnglichen Betrags durchspielen.<\/p>\n<p>Neben dem Einzahlungsbonus gibt es zahlreiche Boni und Aktionen, damit Sie immer f\u00fcr mehr zur\u00fcckkehren, besonders in Form von Karamba gratis Spins.<\/p>\n<h3>Haufenweise gratis Spins im Karamba Casino<\/h3>\n<p>Wenn Sie ein Spieler im Karamba Casino sind, dann k\u00f6nnen Sie von einer ganzen Reihe an Verg\u00fcnstigungen profitieren. Es gibt eine Vielzahl an spannenden Spielen zusammen mit h\u00f6chst interessanten Aktionen, wir garantieren Ihnen eine aufregende Zeit in diesem Online Casino.<\/p>\n<p>Erstellen Sie einfach heute ein Karamba Casino Konto und zusammen mit Ihrem 100% Einzahlungsbonus bekommen Sie auch 20 gratis Spins zum Spielen f\u00fcr einen Slot Ihrer Wahl. Sie m\u00fcssen den Bonus und Ihre Einzahlung 35x durchspielen. Den maximalen Gewinnbetrag, den Sie von Ihren <a href=\"\/at\/frei-spiele\/\">gratis Spins auszahlen<\/a> lassen k\u00f6nnen ist \u20ac100.<\/p>\n<p>F\u00fcr jeden neuen Spieler im Karamba Casino gibt es ebenso 20 gratis Spins zum Genie\u00dfen auf dieser coolen virtuellen Plattform. Dies sind Spins ohne n\u00f6tige Einzahlung, was bedeutet, dass Sie ein neues Konto er\u00f6ffnen m\u00fcssen, um sich diese Spins schnappen zu k\u00f6nnen \u2013 keine Einzahlung n\u00f6tig. Sie m\u00fcssen Ihre Gewinne daf\u00fcr 50x umsetzen und er maximale Auszahlungsbetrag ist \u20ac100.<\/p>\n<h3>20 gratis Spins Bonus ohne n\u00f6tige Einzahlung im Karamba Casino<\/h3>\n<p>Spieler, die ein neues Konto im Karamba Online Casino anmelden k\u00f6nnen sich auch 20 gratis Spins ohne n\u00f6tige Einzahlung sichern und diese dann bei dem beliebten Slot Starburst nutzen.<\/p>\n<p>Man kann nicht verleugnen, dass das Karamba Casino wei\u00df, was Gl\u00fccksspieler wirklich wollen. Das ist genau warum dieses Online Casino stets seinen Aktionsabschnitt aktualisiert, um sicherzustellen, dass es immer etwas f\u00fcr jeden gibt. Es werden ma\u00dfgeschneiderte Deals geboten und alles scheint wirklich gut zu passen. F\u00fcr neue Spieler, die sich im Karamba Casino anmelden gibt es eine feine \u00dcberraschung. Neue Spieler bekommen 20 gratis Spins ohne n\u00f6tige Einzahlung. Er\u00f6ffnen Sie einfach ein neues Konto und holen Sie sich Ihre 20 gratis Spins zum Spielen bei Starburst. Dieser Deal kommt mit 50x Umsatzbedingungen bei Ihren Gewinnen und das Auszahlungslimit befindet sich bei \u20ac100.<\/p>\n<h3>Eine Welt des sensationellen Gamings erwartet Sie bei Karamba<\/h3>\n<p>Gratis Spins im Karamba Casino bieten die perfekte Chance um mit Ihrem Spieleabenteuer loszulegen. Das Online Casino wird von einigen der besten Software Hersteller in der Branche angetrieben, wie einschlie\u00dflich Spiele von NetEnt \u2013 einem Premium-Spielehersteller.<\/p>\n<p>Sobald Sie sich angemeldet haben und beginnen sich durch die Spiele zu forsten, k\u00f6nnen Sie ganz sicher eine schnelle Reaktion und Ladezeiten erwarten und sensationelle Slots zusammen mit erstklassigen Grafiken und Sounds. Neben den Spielen von NetEnt k\u00f6nnen Sie auch spannende Titel aus dem Hause NeoGames und CryptoLogic genie\u00dfen. Dies ist ein Casino mit einer riesigen Selektion an Slots.<\/p>\n<p>Sobald Sie ein Konto haben, k\u00f6nnen Sie sich auf machen zu der virtuellen Lobby vom Karamba Casino, wo Sie drei Hauptabschnitte finden k\u00f6nnen: Casino Spiele, Rubbelkarten und Slots. W\u00e4hlen Sie eine und gehen Sie dann durch die verschiedenen Unterkategorien, so wie neue oder beliebteste Spiele, um ein Spiel zu finden was Ihnen gef\u00e4llt (oder gehen Sie direkt zu Starburst mit Ihren gratis Spins vom Karamba Casino!).<\/p>\n<p>Dieses Casino ist das Zuhause von zahlreichen verschiedenen Slots mit vielen Zahllinien, die zwischen 1 und 9 liegen k\u00f6nnen.<\/p>\n<p>Sobald Sie sich an die Slots gew\u00f6hnt haben, gibt es auch eine Reihe an Tischspielen zu erkunden wie einschlie\u00dflich Keno, Poker, Roulette und Blackjack. Sie werden sogar eine Vielzahl an tollen Rubbelkarten finden, bei denen Sie Ihr Gl\u00fcck versuchen k\u00f6nnen.<\/p>\n<p>Wenn Sie jedoch, gerne unterwegs Slots spielen, dann stellen Sie sicher, dass Sie Ihre gratis Spins auf Ihrem mobilen Ger\u00e4t nutzen k\u00f6nnen. Das Karamba Casino ist absolut Mobile-freundlich aber wenn Sie die App auf Ihr Android- oder iOS Ger\u00e4t laden wollen, dann geben Sie einfach Ihre E-Mail Adresse ein und folgen Sie dem Link \u00fcber Ihr mobiles Ger\u00e4t.<\/p>\n<p>Das Karamba Casino bietet ein erstklassiges Gl\u00fccksspielerlebnis und Sie k\u00f6nnen es heute mit 20 Karamba gratis Spins und einem neuen Spielerkonto ausprobieren!<\/p>\n","protected":false},"excerpt":{"rendered":"<p>Karamba gratis Spins Testbericht Das Casino wurde 2005 er\u00f6ffnet und nimmt immer noch einen gro\u00dfen Posten ein \u2013 das Karamba Online Casino bringt Jahre der Erfahrungen mit sich und hat einen guten Ruf und eine erstklassige Anzahl an Online Slots. Spiele von Software Giganten wie Microgaming und NetEnt zusammen mit vertrauensw\u00fcrdigen Lizenzen aus der UK [&hellip;]<\/p>\n","protected":false},"author":2,"featured_media":1600,"parent":1599,"menu_order":0,"comment_status":"closed","ping_status":"closed","template":"","meta":{"_acf_changed":false,"footnotes":""},"class_list":["post-1606","page","type-page","status-publish","has-post-thumbnail","hentry"],"acf":[],"_links":{"self":[{"href":"https:\/\/www.minimumdepositcasinos.org\/at\/wp-json\/wp\/v2\/pages\/1606","targetHints":{"allow":["GET"]}}],"collection":[{"href":"https:\/\/www.minimumdepositcasinos.org\/at\/wp-json\/wp\/v2\/pages"}],"about":[{"href":"https:\/\/www.minimumdepositcasinos.org\/at\/wp-json\/wp\/v2\/types\/page"}],"author":[{"embeddable":true,"href":"https:\/\/www.minimumdepositcasinos.org\/at\/wp-json\/wp\/v2\/users\/2"}],"replies":[{"embeddable":true,"href":"https:\/\/www.minimumdepositcasinos.org\/at\/wp-json\/wp\/v2\/comments?post=1606"}],"version-history":[{"count":4,"href":"https:\/\/www.minimumdepositcasinos.org\/at\/wp-json\/wp\/v2\/pages\/1606\/revisions"}],"predecessor-version":[{"id":17124,"href":"https:\/\/www.minimumdepositcasinos.org\/at\/wp-json\/wp\/v2\/pages\/1606\/revisions\/17124"}],"up":[{"embeddable":true,"href":"https:\/\/www.minimumdepositcasinos.org\/at\/wp-json\/wp\/v2\/pages\/1599"}],"wp:featuredmedia":[{"embeddable":true,"href":"https:\/\/www.minimumdepositcasinos.org\/at\/wp-json\/"}],"wp:attachment":[{"href":"https:\/\/www.minimumdepositcasinos.org\/at\/wp-json\/wp\/v2\/media?parent=1606"}],"curies":[{"name":"wp","href":"https:\/\/api.w.org\/{rel}","templated":true}]}}