{"id":1642,"date":"2019-06-11T10:39:52","date_gmt":"2019-06-11T08:39:52","guid":{"rendered":"https:\/\/www.minimumdepositcasinos.org\/de\/?page_id=1642"},"modified":"2023-09-05T21:02:08","modified_gmt":"2023-09-05T19:02:08","slug":"mobile","status":"publish","type":"page","link":"https:\/\/www.minimumdepositcasinos.org\/at\/bewertungen\/yukon-gold\/mobile\/","title":{"rendered":"Yukon Gold Mobile Review"},"content":{"rendered":"<h2>Testbericht Aufschl\u00fcsselung<\/h2>\n<p><a href=\"\/at\/bewertungen\/yukon-gold\/\">Das Yukon Gold Online Casino<\/a> wurde bereits im Jahr 2004 er\u00f6ffnet. Seitdem hat es sich zu einem gro\u00dfen Konkurrenten im Bereich Online-Gl\u00fccksspiele entwickelt. Yukon Gold ist kundenorientiert, kann schnell und einfach heruntergladen werden und bietet einige \u00fcberlegene mobile Casinospiele.<\/p>\n<p>Die Benutzeroberfl\u00e4che der Seite ist so eingerichtet, dass jeder Spieler sie leicht verstehen und verwenden kann. Dieses Casino nutzt auch die beliebte und zuverl\u00e4ssige Microgaming-Technologie und die Spieler lieben einfach die VIPER-Plattform, die au\u00dfergew\u00f6hnliche Grafik und Sound bietet.<\/p>\n<p>Abgesehen davon ist das mobile Yukon Gold Casino super sicher. Der Betreiber hat Schritte unternommen, um in mehr Sicherheit zu investieren. Sie verwenden eine 128-Bit SSL-Verschl\u00fcsselung, um Ihr Geld und Ihre pers\u00f6nlichen Daten zu sch\u00fctzen und sie setzen auch einen Firewall-Schutz ein. Insgesamt sorgt dies f\u00fcr ein sicheres Spielerlebnis f\u00fcr unterwegs.<\/p>\n<h3>Yukon Gold mobiles Casino<\/h3>\n<p>Auf das Yukon Gold Casino k\u00f6nnen Sie \u00fcber den Browser Ihres Smartphones oder Tablets zugreifen oder die App f\u00fcr Android und iOS herunterladen. Was auch immer Sie verwenden, Sie k\u00f6nnen sich auf ein nahtloses Spielerlebnis f\u00fcr Mobilger\u00e4te und auf zahlreiche erstklassige Spielautomaten und Tischspiele freuen. Ganz zu schweigen vom Yukon Gold Willkommensbonus.<\/p>\n<h3>Mobiler Willkommensbonus<\/h3>\n<p>Melden Sie sich beim Yukon Gold Casino an und Sie erhalten 125 Chancen einen progressiven Jackpot zu gewinnen, wenn Sie nur 10\u20ac einzahlen.<\/p>\n<p>Insgesamt belohnt das Casino Sie mit einem Guthaben von 37,50\u20ac, das Sie bei den progressiven Jackpots nutzen k\u00f6nnen.<\/p>\n<p>Dies ist nicht schlecht, wenn Sie jedoch mehr wollen, gibt Ihnen Yukon Gold einen 100% Einzahlungsbonus, mit dem Sie bis zu 150\u20ac erhalten k\u00f6nnen, um das mobile Casino zu erkunden. Lesen Sie die allgemeinen Gesch\u00e4ftsbedingungen sorgf\u00e4ltig durch, bevor Sie sich Ihren Bonus sichern, da es Umsatzbedingungen zu erf\u00fcllen und Mindesteinzahlungs- und H\u00f6chstauszahlungsbedingungen gibt.<\/p>\n<h3>Mobile Spiele beim Yukon Gold Casino<\/h3>\n<p>Yukon Gold ist alt aber gut. Das Layout hat sich seit dem Start der Webseite nicht wesentlich ge\u00e4ndert. Sie finden ein westliches Thema und eine Auswahl an herunterladbaren Apps f\u00fcr Ihr Mobilger\u00e4t. Sie k\u00f6nnen aber auch direkt in Ihrem Browser spielen.<\/p>\n<p>Alle Spiele im Yukon Gold Online Casino werden von Microgaming bereitgestellt. Es gibt zwar keine gro\u00dfe Auswahl an Spielen, aber Sie k\u00f6nnen dennoch rund 500 gro\u00dfartige Titel direkt auf Ihrem Mobilger\u00e4t genie\u00dfen. Sie k\u00f6nnen alles spielen, von klassischen Spielautomaten mit 3 Walzen bis hin zu beeindruckenden Video-Slots mit 5 Walzen und einer Reihe von progressiven Jackpot-Titeln. Stellen Sie sich vor, Sie erzielen einen gro\u00dfen Gewinn, w\u00e4hrend Sie nach einem anstrengenden Arbeitstag auf Ihren Nachmittagsbus warten!<\/p>\n<p>Die Auswahl an Tischspielen in diesem mobilen Casino ist auch anst\u00e4ndig. Hier finden Sie Standardversionen von Spielen wie Poker, Roulette und Blackjack. Yukon Gold bietet auch einen Live-Casino Bereich, in dem Sie mit einem echten Croupier in Echtzeit Baccarat, Roulette und Blackjack spielen k\u00f6nnen. Es gibt sogar Zugriff auf eine Reihe verschiedener Video-Pokerspiele f\u00fcr mobiles Spielen unterwegs.<\/p>\n<h3>Sicheres und faires mobiles Gl\u00fccksspiel bei Yukon Gold<\/h3>\n<p>Obwohl Yukon Gold ein wenig altmodisch ist, hat es sich zum Ziel gesetzt, Sie zu sch\u00fctzen. Sie nutzen die neueste Sicherheitstechnologie und verwenden nur die sichersten Bankmethoden. Egal, ob Sie auf Ihrem Tablet oder Smartphone spielen, Sie k\u00f6nnen sicher sein, dass Ihr Geld und Ihre Informationen sicher sind.<\/p>\n<p>Dar\u00fcber hinaus verf\u00fcgt das Casino \u00fcber ein Zertifikat von eCOGRA, das Ihnen versichert, dass jedes Spiel im Yukon Gold Mobile Casino fair ist und regelm\u00e4\u00dfig von externen Parteien \u00fcberpr\u00fcft wird. Die Seite bietet au\u00dferdem vollst\u00e4ndige und eindeutige Berichte \u00fcber Ihre Spielhistorie mit Einzelheiten zu Ihren Eins\u00e4tzen und deren Ergebnisse.<\/p>\n<p>Es gibt sogar eine eigene Seite f\u00fcr verantwortungsbewusstes Spielen mit detaillierten Informationen, wie Sie sich vor Problemen sch\u00fctzen k\u00f6nnen. Es gibt Einzahlungslimits, Spiellimits und Selbstausschlussoptionen, falls Sie diese ben\u00f6tigen.<\/p>\n<p>Schlie\u00dflich akzeptiert das mobile Yukon Gold Casino Einzahlungs und Auszahlungen unter anderem mit E-Wallets, Kredit- und Debitkarten und Bank\u00fcberweisungen. Wie lange es dauert, Ihre Auszahlungen zu bearbeiten, h\u00e4ngt von der von Ihnen verwendeten Zahlungsmethode ab. Im Gro\u00dfen und Ganzen sind die Zahlungen schnell und m\u00fchelos, was bedeutet, dass Sie in k\u00fcrzester Zeit Ihre Gewinne erhalten \u2013 alles direkt von Ihrem bevorzugten Mobilger\u00e4t aus.<\/p>\n<h3>Fazit<\/h3>\n<p>Das mobile Casino von Yukon Gold ist eine gute Wahl f\u00fcr Spieler, die viel unterwegs sind. Es ist etwas veraltet und k\u00f6nnte ein Facelifting vertragen, aber es gibt immer noch Hunderte gro\u00dfartiger Spiele von Microgaming, die sowohl sofort spielbar als auch herunterladbar sind und einfache Zahlungsoptionen werden ebenfalls angeboten.<\/p>\n<p>Wenn Sie Yukon Gold noch nie ausprobiert haben, probieren Sie es doch einfach auf Ihrem Mobilger\u00e4t aus und \u00fcberzeugen Sie sich selbst. Wenn Sie ein Fan von Microgaming-Plattformen sind, werden Sie Ihr Spielerlebnis in diesem Online Casino bestimmt genie\u00dfen!<\/p>\n","protected":false},"excerpt":{"rendered":"<p>Testbericht Aufschl\u00fcsselung Das Yukon Gold Online Casino wurde bereits im Jahr 2004 er\u00f6ffnet. Seitdem hat es sich zu einem gro\u00dfen Konkurrenten im Bereich Online-Gl\u00fccksspiele entwickelt. Yukon Gold ist kundenorientiert, kann schnell und einfach heruntergladen werden und bietet einige \u00fcberlegene mobile Casinospiele. Die Benutzeroberfl\u00e4che der Seite ist so eingerichtet, dass jeder Spieler sie leicht verstehen und [&hellip;]<\/p>\n","protected":false},"author":2,"featured_media":16463,"parent":523,"menu_order":0,"comment_status":"closed","ping_status":"closed","template":"","meta":{"_acf_changed":false,"footnotes":""},"class_list":["post-1642","page","type-page","status-publish","has-post-thumbnail","hentry"],"acf":[],"_links":{"self":[{"href":"https:\/\/www.minimumdepositcasinos.org\/at\/wp-json\/wp\/v2\/pages\/1642","targetHints":{"allow":["GET"]}}],"collection":[{"href":"https:\/\/www.minimumdepositcasinos.org\/at\/wp-json\/wp\/v2\/pages"}],"about":[{"href":"https:\/\/www.minimumdepositcasinos.org\/at\/wp-json\/wp\/v2\/types\/page"}],"author":[{"embeddable":true,"href":"https:\/\/www.minimumdepositcasinos.org\/at\/wp-json\/wp\/v2\/users\/2"}],"replies":[{"embeddable":true,"href":"https:\/\/www.minimumdepositcasinos.org\/at\/wp-json\/wp\/v2\/comments?post=1642"}],"version-history":[{"count":2,"href":"https:\/\/www.minimumdepositcasinos.org\/at\/wp-json\/wp\/v2\/pages\/1642\/revisions"}],"predecessor-version":[{"id":17153,"href":"https:\/\/www.minimumdepositcasinos.org\/at\/wp-json\/wp\/v2\/pages\/1642\/revisions\/17153"}],"up":[{"embeddable":true,"href":"https:\/\/www.minimumdepositcasinos.org\/at\/wp-json\/wp\/v2\/pages\/523"}],"wp:featuredmedia":[{"embeddable":true,"href":"https:\/\/www.minimumdepositcasinos.org\/at\/wp-json\/wp\/v2\/media\/16463"}],"wp:attachment":[{"href":"https:\/\/www.minimumdepositcasinos.org\/at\/wp-json\/wp\/v2\/media?parent=1642"}],"curies":[{"name":"wp","href":"https:\/\/api.w.org\/{rel}","templated":true}]}}