{"id":17038,"date":"2023-09-05T15:29:41","date_gmt":"2023-09-05T13:29:41","guid":{"rendered":"https:\/\/www.minimumdepositcasinos.org\/at\/?page_id=17038"},"modified":"2024-03-22T12:41:58","modified_gmt":"2024-03-22T11:41:58","slug":"skrill","status":"publish","type":"page","link":"https:\/\/www.minimumdepositcasinos.org\/at\/casino-zahlungsoptionen\/skrill\/","title":{"rendered":"Skrill"},"content":{"rendered":"\n<h2 class=\"wp-block-heading\">Von Einzahlungen bis hin zu Auszahlungen: Wie Skrill Ihr Erlebnis im Online Casino verbessern kann<\/h2>\n\n\n\n<p>Wenn Sie in Online Casinos aktiv sind, wissen Sie, wie wichtig es ist, sichere Casino-Zahlungsmethoden auszuw\u00e4hlen. Die Optionen in \u00f6sterreichischen Online-Casinos sind vielseitig. Skrill geh\u00f6rt zu den beliebtesten Zahlungsmethoden im Casino, was nicht allein an der hohen Funktionalit\u00e4t liegt.<\/p>\n\n\n\n<p>Skrill ist als eWallet zu verstehen und kann mit verschiedenen Bankkonten verkn\u00fcpft werden. Das bedeutet, dass es sich um eine Zahlungsschnittstelle handelt, dank der es nicht notwendig ist, immer wieder pers\u00f6nliche Daten anzugeben. Mit Sitz in London hat sich Skrill in den letzten Jahren zu einer der beliebtesten Zahlungsmethoden im Casino entwickelt, sodass man im Online Casino in \u00d6sterreich legal Transaktionen t\u00e4tigen kann.<\/p>\n\n\n\n<p>M\u00f6chte man in Skrill-Kasinos bezahlen, muss man lediglich den Vorgang mit seiner E-Mail-Adresse und dem zugeh\u00f6rigen PIN-Code best\u00e4tigen. Einzahlungen sind in Echtzeit m\u00f6glich und auch Auszahlungen werden in kurzer Zeit bearbeitet, sodass man seine Gewinne genie\u00dfen kann.<\/p>\n\n\n\n<h2 class=\"wp-block-heading\">Die besten Online Casinos, die Skrill akzeptieren<\/h2>\n\n\n\n<p>Dass sich Skrill lohnt, steht au\u00dfer Frage, daher wird es jetzt Zeit, dass Sie alle \u00f6sterreichischen Online-Casinos kennenlernen, die Skrill als sichere Casino-Zahlungsmethode anbieten. <\/p>\n\n\n\n<br\/><div class=\"cta_post_box\">\n<div class=\"cta_post_top\"><div class=\"cta_post_title\">Bestes Skrill-Kasino<\/div><\/div>\n<div class=\"cta_post_container\">\n<div class=\"cta_post_mid\">\n<div class=\"cta_post_mid_left\"><div class=\"cta_post_image\"><\/div><div class=\"cta_post_name\"><div class=\"cta_post_rating\"><img src='\/wp-content\/themes\/mdc2024\/images\/star-white.svg' alt='Star'\/><img src='\/wp-content\/themes\/mdc2024\/images\/star-white.svg' alt='Star'\/><img src='\/wp-content\/themes\/mdc2024\/images\/star-white.svg' alt='Star'\/><img src='\/wp-content\/themes\/mdc2024\/images\/star-white.svg' alt='Star'\/><img src='\/wp-content\/themes\/mdc2024\/images\/star-white.svg' alt='Star'\/><\/div><\/div>\n<div class=\"clear\"><\/div>\n<\/div>\n<div class=\"cta_post_mid_offer\">\nEinzahlung \u20ac10 erh\u00e4lt bis zu 400+150 \u20ac FREISPIELE<\/div>\n<div class=\"clear\"><\/div>\n<div class=\"cta_post_bottom\">\n\t<a href=\"\/?pos=Bestes Skrill-Kasino\" class=\"mainctabutton\" target=\"_blank\" onclick=\"DL_Push('')\">Besuch<\/a><\/div>\n<\/div>\n<div class=\"cta_post_terms\"><\/div>\n<\/div><\/div><br\/>\n\n\n\n<h2 class=\"wp-block-heading\">Mindesteinzahlungen in Skrill-Kasinos<\/h2>\n\n\n\n<p>W\u00e4hrend die einen <a href=\"\/at\/frei-spiele\/\">Freispiele<\/a> aus Bonusangeboten nutzen, um spielen zu k\u00f6nnen, m\u00fcssen alle, die um echtes Geld spielen m\u00f6chten, eine Mindesteinzahlung t\u00e4tigen. In der Regel bieten Casinos mit geringer Einzahlung in Verbindung mit dem eingezahlten Betrag einen Bonus an. <\/p>\n\n\n\n<p>Dementsprechend gibt es kaum Casinos ohne Mindesteinzahlung. Ist man auf der Suche nach \u00f6sterreichischen Casinos mit niedriger Einzahlung, f\u00e4llt auf, dass der Betrag nicht allein mit Bonusangeboten, sondern auch mit den Zahlungsmethoden im Casino zusammenh\u00e4ngt. Es liegt also ebenso am Zahlungsdienstleister, einen Mindestbetrag festzulegen. <\/p>\n\n\n\n<p>In Skrill-Kasinos k\u00f6nnen alle Spieler aufatmen, denn die Casinos mit Mindesteinlage sind so einzustufen, dass jeder von dem Angebot profitieren kann. Bereits <a href=\"\/at\/e5-mindesteinlage-casinos\/\">5 \u20ac Mindesteinzahlung in Casinos<\/a> ebnen den Weg zum Gl\u00fccksspiel. In manchen F\u00e4llen k\u00f6nnen auch <a href=\"\/at\/e10-mindesteinlage-casinos\/\">10 \u20ac Mindesteinzahlung in Casinos<\/a> f\u00e4llig sein. Ob 10 \u20ac oder <a href=\"\/at\/e20-mindesteinlage-casinos\/\">20 \u20ac Mindesteinzahlung in Casinos<\/a>, der niedrige Betrag macht Skrill f\u00fcr alle zu einer profitablen Option. <\/p>\n\n\n\n<p>In kurzer Zeit kann man so den notwendigen Betrag \u00fcberweisen und mit dem Spielen beginnen, sodass einzigartigen Gewinnen nichts mehr im Wege steht.<\/p>\n\n\n\n<h2 class=\"wp-block-heading\">Die besten Skrill Casinos mit geringer Einzahlung<\/h2>\n\n\n\n<p>Um Ihnen die Auswahl des besten Online Casinos in \u00d6sterreich einfacher zu machen, bekommen Sie hier eine Liste der besten Skrill Casinos mit geringer Einzahlung. <\/p>\n\n\n\n<br\/><div class=\"cta_post_box\">\n<div class=\"cta_post_top\"><div class=\"cta_post_title\">Mindesteinzahlung skrill casino<\/div><\/div>\n<div class=\"cta_post_container\">\n<div class=\"cta_post_mid\">\n<div class=\"cta_post_mid_left\"><div class=\"cta_post_image\"><\/div><div class=\"cta_post_name\"><div class=\"cta_post_rating\"><img src='\/wp-content\/themes\/mdc2024\/images\/star-white.svg' alt='Star'\/><img src='\/wp-content\/themes\/mdc2024\/images\/star-white.svg' alt='Star'\/><img src='\/wp-content\/themes\/mdc2024\/images\/star-white.svg' alt='Star'\/><img src='\/wp-content\/themes\/mdc2024\/images\/star-white.svg' alt='Star'\/><img src='\/wp-content\/themes\/mdc2024\/images\/star-white.svg' alt='Star'\/><\/div><\/div>\n<div class=\"clear\"><\/div>\n<\/div>\n<div class=\"cta_post_mid_offer\">\nEinzahlung \u20ac1 erh\u00e4lt 70 BONUSSPINS<\/div>\n<div class=\"clear\"><\/div>\n<div class=\"cta_post_bottom\">\n\t<a href=\"\/?pos=Mindesteinzahlung skrill casino\" class=\"mainctabutton\" target=\"_blank\" onclick=\"DL_Push('')\">Besuch<\/a><\/div>\n<\/div>\n<div class=\"cta_post_terms\"><\/div>\n<\/div><\/div><br\/>\n\n\n\n<h2 class=\"wp-block-heading\">Wie nutzt man Skrill im Casino?<\/h2>\n\n\n\n<p>Lange Rede, kurzer Sinn &#8211; bestimmt m\u00f6chten Sie jetzt erfahren, wie Sie die Zahlungsmethode im Casino nutzen k\u00f6nnen. Daher m\u00f6chten wir nicht l\u00e4nger warten und Ihnen genau erkl\u00e4ren, welche Schritte Sie befolgen m\u00fcssen, damit Sie schnell und einfach Zahlungen t\u00e4tigen k\u00f6nnen. Wenn Sie sich an diese Schritte halten, geh\u00f6ren komplizierte Zahlungsmethoden der Vergangenheit an.<\/p>\n\n\n\n<h3 class=\"wp-block-heading\">Einen Skrill Account erstellen<\/h3>\n\n\n\n<p>Bevor man die Option in seri\u00f6sen Online-Casinos nutzen kann, ist es erforderlich, einen Skrill Account zu erstellen. Es ist darauf hinzuweisen, dass die Er\u00f6ffnung schnell und einfach vonstattengeht und lediglich ein paar Minuten eingeplant werden m\u00fcssen. Folgen Sie einfach diesen Schritten:<\/p>\n\n\n\n<ul class=\"wp-block-list\">\n<li>Rufen Sie die <a href=\"https:\/\/www.skrill.com\/de\/\" target=\"_blank\" rel=\"noreferrer noopener\">Website von Skrill<\/a> auf. Die Erkennung des Landes wird automatisch erstellt, kann manuell jedoch angepasst werden. Klicken Sie nun auf \u201eRegistrieren\u201d.<\/li>\n\n\n\n<li>F\u00fcllen Sie das Formular aus, das sich automatisch \u00f6ffnet. Geben Sie eine E-Mail-Adresse an und w\u00e4hlen Sie ein Passwort. Au\u00dferdem m\u00fcssen Sie sich f\u00fcr eine W\u00e4hrung entscheiden.<\/li>\n\n\n\n<li>Nachdem Sie das Formular abgeschickt haben, ist die Angabe weiterer pers\u00f6nlicher Daten erforderlich.<\/li>\n\n\n\n<li>F\u00fcr die Best\u00e4tigung der Telefonnummer bekommen Sie einen Code zugeschickt.<\/li>\n\n\n\n<li>Nach der Best\u00e4tigung wird ein sechsstelliger PIN-Code erstellt, der f\u00fcr die Zahlungen erforderlich ist.<\/li>\n\n\n\n<li>Wenn Sie sich daf\u00fcr entscheiden, direkt eine Verifizierung durchzuf\u00fchren, k\u00f6nnen Sie spezielle Konditionen genie\u00dfen und von h\u00f6heren Limits profitieren.<\/li>\n<\/ul>\n\n\n\n<h3 class=\"wp-block-heading\">Geld auf Ihr Skrill Casino Konto einzahlen<\/h3>\n\n\n\n<p>Damit Sie im Online Casino in \u00d6sterreich legal Geld einzahlen k\u00f6nnen, ist es entscheidend, Geld auf das Skrill Konto zu laden. Dies ist ganz einfach m\u00f6glich, da Skrill als Zahlungsschnittstelle verstanden werden kann. Eine Aufladung ist auf verschiedene Art und Weise m\u00f6glich.<\/p>\n\n\n\n<p>So k\u00f6nnen Sie eine Kredit- oder Debitkarte verkn\u00fcpfen oder auch eine manuelle Bank\u00fcberweisung vornehmen. Au\u00dferdem besteht die M\u00f6glichkeit, mit der Paysafecard, die zum selben Dienstleister geh\u00f6rt, eine Aufladung vorzunehmen. Skrill ist nicht die einzige virtuelle Geldb\u00f6rse, sodass es auch m\u00f6glich ist, mit anderen eWallets eine Einzahlung auf das Skrill-Konto zu t\u00e4tigen. Zu den M\u00f6glichkeiten geh\u00f6ren unter anderem Trustly oder Giropay.<\/p>\n\n\n\n<h3 class=\"wp-block-heading\">Ihr Skrill Konto im Online Casino nutzen<\/h3>\n\n\n\n<p>Nachdem Sie Ihr Skrill Konto eingerichtet haben, m\u00fcssen Sie nur noch kennenlernen, wie Sie eine Einzahlung t\u00e4tigen k\u00f6nnen. Loggen Sie sich im seri\u00f6sen Online-Casino ein und begeben Sie sich in den Kundenbereich. Wenn Sie sich das erste Mal registrieren, kann es vorkommen, dass sich direkt eine Zahlungsaufforderung \u00f6ffnet, ansonsten m\u00fcssen Sie lediglich den dazugeh\u00f6rigen Button ausw\u00e4hlen.<\/p>\n\n\n\n<p>Im Kassenbereich finden Sie alle m\u00f6glichen sicheren Casino-Zahlungsmethoden. Die jeweiligen Mindest- und Maximalbetr\u00e4ge, sowie m\u00f6gliche Geb\u00fchren, werden jeweils angegeben. W\u00e4hlen Sie Skrill aus und geben Sie den gew\u00fcnschten Betrag an. Beachten Sie in Casinos mit geringer Einzahlung den Betrag, um sich einen Bonus zu sichern.<\/p>\n\n\n\n<p>Best\u00e4tigen Sie die Zahlung, indem Sie im Fenster Ihre E-Mail-Adresse und den sechsstelligen PIN-Code eingeben. In Sekundenschnelle k\u00f6nnen Sie Ihr Guthaben genie\u00dfen und mit dem Spielen beginnen. In manchen Skrill-Kasinos kann es au\u00dferdem m\u00f6glich sein, sich mit einem Klick durch Verkn\u00fcpfungen in Ihr Kundenkonto einzuloggen.<\/p>\n\n\n\n<h2 class=\"wp-block-heading\">Casinos ohne Umsatzbedingungen, die Skrill akzeptieren<\/h2>\n\n\n\n<p>Du hast einen Gewinn erzielt? Dann schau genau hin, denn nicht alle Gewinne k\u00f6nnen immer direkt ausgezahlt werden. Vor allem Gewinne, die aus Bonusspielen entstanden sind, unterliegen sogenannten Umsatzbedingungen. Diese besagen, welche Konditionen erf\u00fcllt werden m\u00fcssen, damit sich Bonusgeld in echtes Geld umwandelt. In der Regel m\u00fcssen diese Gewinne eine bestimmte Anzahl umgesetzt werden, bevor sie ausgezahlt werden k\u00f6nnen.<\/p>\n\n\n\n<p>Wird also ein Bonus ohne Umsatzbedingungen angeboten, kann dies den Vorteil haben, dass man sich direkt \u00fcber Gewinne freuen kann und es nicht erforderlich ist, auf viele Konditionen zu achten. In Skrill-Kasinos ohne Umsatzbedingungen wird das Spielvergn\u00fcgen nicht eingeschr\u00e4nkt.<\/p>\n\n\n\n<h2 class=\"wp-block-heading\">Auszahlungen in Skrill Casinos<\/h2>\n\n\n\n<p>Herzlichen Gl\u00fcckwunsch, Sie haben es geschafft und einen gro\u00dfartigen Gewinn erzielt! Jetzt stellt sich nur noch die Frage, wie Sie diesen auf Ihr Skrill Konto abheben k\u00f6nnen. Zuerst k\u00f6nnen Sie aufatmen, denn Auszahlungen sind ohne gro\u00dfen Aufwand m\u00f6glich. Ebenso wie Einzahlungen mit nur einem Klick m\u00f6glich sind, k\u00f6nnen auch Auszahlungen auf diese Art und Weise get\u00e4tigt werden.<\/p>\n\n\n\n<p>Haben Sie einen Betrag ausgew\u00e4hlt, den Sie abheben m\u00f6chten, k\u00f6nnen Sie diesen in kurzer Zeit auf Ihrem Konto sehen. In der Regel dauert es nur wenige Stunden. Neben der Dauer, die von der sicheren Zahlungsmethode ausgeht, muss auch die Bearbeitungszeit des Casinos ber\u00fccksichtigt werden, denn Auszahlungen werden vor der Transaktion \u00fcberpr\u00fcft.<\/p>\n\n\n\n<h2 class=\"wp-block-heading\">Lohnt es sich, Skrill im Online Casino zu nutzen?<\/h2>\n\n\n\n<p>Sichere Casino-Zahlungsmethoden gibt es wie Sand am Meer, doch vor allem spielt die Benutzerfreundlichkeit eine gro\u00dfe Rolle, um es zu erm\u00f6glichen, schnell und einfach Transaktionen zu t\u00e4tigen. Skrill gibt es in Casinos mit geringer Einzahlung und kann in \u00d6sterreich legal angewendet werden. Mit nur ein paar Klicks kann die kostenlose Zahlungsschnittstelle nicht nur in Online Casinos, sondern in vielen weiteren Bereichen angewendet werden, sodass man zahlreiche Vorteile genie\u00dfen kann!<\/p>\n","protected":false},"excerpt":{"rendered":"<p>Von Einzahlungen bis hin zu Auszahlungen: Wie Skrill Ihr Erlebnis im Online Casino verbessern kann Wenn Sie in Online Casinos aktiv sind, wissen Sie, wie wichtig es ist, sichere Casino-Zahlungsmethoden auszuw\u00e4hlen. Die Optionen in \u00f6sterreichischen Online-Casinos sind vielseitig. Skrill geh\u00f6rt zu den beliebtesten Zahlungsmethoden im Casino, was nicht allein an der hohen Funktionalit\u00e4t liegt. Skrill [&hellip;]<\/p>\n","protected":false},"author":4,"featured_media":17039,"parent":65,"menu_order":0,"comment_status":"closed","ping_status":"closed","template":"page_money.php","meta":{"_acf_changed":false,"footnotes":""},"class_list":["post-17038","page","type-page","status-publish","has-post-thumbnail","hentry"],"acf":[],"_links":{"self":[{"href":"https:\/\/www.minimumdepositcasinos.org\/at\/wp-json\/wp\/v2\/pages\/17038","targetHints":{"allow":["GET"]}}],"collection":[{"href":"https:\/\/www.minimumdepositcasinos.org\/at\/wp-json\/wp\/v2\/pages"}],"about":[{"href":"https:\/\/www.minimumdepositcasinos.org\/at\/wp-json\/wp\/v2\/types\/page"}],"author":[{"embeddable":true,"href":"https:\/\/www.minimumdepositcasinos.org\/at\/wp-json\/wp\/v2\/users\/4"}],"replies":[{"embeddable":true,"href":"https:\/\/www.minimumdepositcasinos.org\/at\/wp-json\/wp\/v2\/comments?post=17038"}],"version-history":[{"count":19,"href":"https:\/\/www.minimumdepositcasinos.org\/at\/wp-json\/wp\/v2\/pages\/17038\/revisions"}],"predecessor-version":[{"id":17881,"href":"https:\/\/www.minimumdepositcasinos.org\/at\/wp-json\/wp\/v2\/pages\/17038\/revisions\/17881"}],"up":[{"embeddable":true,"href":"https:\/\/www.minimumdepositcasinos.org\/at\/wp-json\/wp\/v2\/pages\/65"}],"wp:featuredmedia":[{"embeddable":true,"href":"https:\/\/www.minimumdepositcasinos.org\/at\/wp-json\/wp\/v2\/media\/17039"}],"wp:attachment":[{"href":"https:\/\/www.minimumdepositcasinos.org\/at\/wp-json\/wp\/v2\/media?parent=17038"}],"curies":[{"name":"wp","href":"https:\/\/api.w.org\/{rel}","templated":true}]}}