{"id":17397,"date":"2023-11-07T14:23:26","date_gmt":"2023-11-07T13:23:26","guid":{"rendered":"https:\/\/www.minimumdepositcasinos.org\/at\/?page_id=17397"},"modified":"2024-06-20T17:19:43","modified_gmt":"2024-06-20T15:19:43","slug":"sportsbetting","status":"publish","type":"page","link":"https:\/\/www.minimumdepositcasinos.org\/at\/sportsbetting\/","title":{"rendered":"Sportsbetting"},"content":{"rendered":"\n<h2 class=\"wp-block-heading\">Wie findet man die besten Sportwetten in \u00d6sterreich?<\/h2>\n\n\n\n<p>Wenn Sie sich f\u00fcr Wetten online in \u00d6sterreich interessieren, dann gibt es einige Aspekte zu beachten. Auch wenn man sich an Reviews halten kann, lohnt es sich, sich eine eigene Meinung zu bilden. Alle Aspekte, die ber\u00fccksichtigt werden sollten, haben wir \u00fcberpr\u00fcft und so k\u00f6nnen Sie mit unserer Liste der besten Online Casinos und Online Wetten in \u00d6sterreich Zeit sparen und sich auf seri\u00f6se Anbieter verlassen.<\/p>\n\n\n\n<h3 class=\"wp-block-heading\">Wettangebot<\/h3>\n\n\n\n<p>Das Wettangebot steht bei der Wahl des Anbieters an erster Stelle. Schlie\u00dflich m\u00f6chte man jede Menge Vergn\u00fcgen genie\u00dfen. Sportwetten online in \u00d6sterreich geh\u00f6ren zum Geschicklichkeitsspiel, werden jedoch auch mit Strategien verbunden. Dementsprechend sollten auch die eigenen Vorlieben vorhanden sein, wie zum Beispiel eine gro\u00dfe Auswahl an Sportarten. Nur mit dem passenden Wettangebot steht gro\u00dfen Gewinnen nichts mehr im Wege.<\/p>\n\n\n\n<h3 class=\"wp-block-heading\">Benutzerfreundlichkeit<\/h3>\n\n\n\n<p>Es gibt Anbieter, die eine un\u00fcbersichtliche Website bieten. Das f\u00fchrt dazu, dass wichtige Funktionen oder Wettangebote, die zu hohen Gewinnen f\u00fchren k\u00f6nnten, nicht direkt zug\u00e4nglich sind. Achten Sie daher auf eine hohe Benutzerfreundlichkeit, die es Ihnen vereinfacht, auf die verschiedenen Optionen zuzugreifen.<\/p>\n\n\n\n<h3 class=\"wp-block-heading\">Kundenservice<\/h3>\n\n\n\n<p>\u00d6sterreichische Online Casinos und Sportwetten funktionieren, indem Geld eingesetzt wird. Dementsprechend ist es \u00e4rgerlich, wenn es zu Problemen kommt. Ein kompetenter Kundenservice, der jederzeit erreichbar ist, ist daher ein absolutes Muss. Wird man freundlich und schnell bedient, lassen sich die meisten Probleme schnell und einfach beheben. Von Vorteil ist, wenn der Support 24\/7 \u00fcber einen Live Chat zur Verf\u00fcgung steht.<\/p>\n\n\n\n<h3 class=\"wp-block-heading\">Wettquoten<\/h3>\n\n\n\n<p>Auch wenn man einfach drauflos spielen kann, lohnt es sich, die Wettquoten zu beachten. Diese sagen aus, wie hoch ein m\u00f6glicher Gewinn bei einem bestimmten Einsatz ist. Au\u00dferdem kann man daraus die Wahrscheinlichkeit herauslesen, ob ein Gewinn m\u00f6glich ist. Anhand der Wettquoten k\u00f6nnen Sie so eine Strategie entwickeln.<\/p>\n\n\n\n<h3 class=\"wp-block-heading\">Seriosit\u00e4t<\/h3>\n\n\n\n<p>Spielen sollte man grunds\u00e4tzlich nur bei einem seri\u00f6sen Anbieter. Eine Lizenz muss daher auf jeden Fall vorhanden sein. Zur rechtlichen Grundlage erfahren Sie sp\u00e4ter mehr.<\/p>\n\n\n\n<h3 class=\"wp-block-heading\">Mobilit\u00e4t <\/h3>\n\n\n\n<p>Sportwetten in \u00d6sterreich sind nicht nur interessant, wenn man sie online nutzen kann, sondern auch wenn man immer und \u00fcberall Zugriff bekommt. Dementsprechend k\u00f6nnen Casinos mit geringer Einzahlung und Sportwetten Angebot, die \u00fcber eine mobile Version verf\u00fcgen, vorteilhaft sein und f\u00fcr noch mehr Spielvergn\u00fcgen sorgen.<\/p>\n\n\n\n<h3 class=\"wp-block-heading\">Bonus in \u00f6sterreichischen Online Casinos<\/h3>\n\n\n\n<p>Zwar kein Muss, aber dennoch attraktiv sind Bonusangebote. Da in \u00d6sterreich Wetten online h\u00e4ufig in Verbindung mit einem Online Casino anzutreffen sind, kann man \u00e4hnliche Bonusangebote genie\u00dfen. In den meisten F\u00e4llen wird ein Willkommensbonus zur Verf\u00fcgung gestellt, der bei der Registrierung freigeschaltet wird. Ebenso wie Gratis Spiele kann man so spezielle Konditionen f\u00fcr Sportwetten genie\u00dfen.<\/p>\n\n\n\n<p>Zu beachten gibt es jedoch die Umsatzbedingungen, die die Details zu jedem Bonus festlegen. Au\u00dferdem h\u00e4ngen viele Boni mit der Einzahlung zusammen, weshalb es sich lohnt, sich f\u00fcr ein Casino ohne Mindesteinzahlung zu entscheiden.<\/p>\n\n\n\n<h2 class=\"wp-block-heading\">Sportspezifische Sportwetten<\/h2>\n\n\n\n<p>Zwar ist im Allgemeinen von Sportwetten in \u00d6sterreich die Rede, jedoch handelt es sich dabei nur um einen \u00dcberbegriff. Nicht alle Sportbegeisterten interessieren sich f\u00fcr dieselben Sportarten. Bei einem guten Anbieter k\u00f6nnen dementsprechend verschiedene Sportarten ausgew\u00e4hlt werden, sodass nicht nur der eigene Geschmack, sondern auch unterschiedliche Gewinnchancen entstehen.<\/p>\n\n\n\n<p>Zur Wahl stehen unter anderem Boxen, Fu\u00dfball, Auto- oder Pferderennen. Je nach Kategorie fallen die Wettquoten unterschiedlich aus, sodass man sich nicht nur nach den Vorlieben, sondern auch strategisch entscheiden kann. Des Weiteren stehen in den einzelnen Kategorien verschiedene Optionen zur Wahl. Nationale und internationale Ligen und Turniere, Disziplinen und Gewichtsklassen stehen zur Auswahl. Nat\u00fcrlich spielt auch die Jahreszeit eine wichtige Rolle, wie es zum Beispiel beim Wintersport der Fall ist.<\/p>\n\n\n\n<h2 class=\"wp-block-heading\">Wie funktionieren online Sportwetten?<\/h2>\n\n\n\n<p>Wer online wetten m\u00f6chte in \u00d6sterreich, der muss lediglich die folgenden Schritte befolgen:<\/p>\n\n\n\n<ul class=\"wp-block-list\">\n<li>Registrieren Sie sich bei einem Wettanbieter und er\u00f6ffnen Sie ein Wettkonto.<\/li>\n\n\n\n<li>Schauen Sie sich die Auswahl an Sportwetten an und entscheiden Sie sich f\u00fcr eine Sportart und eine spezifische Wette.<\/li>\n\n\n\n<li>W\u00e4hlen Sie ein bestimmtes Ereignis aus und f\u00fcgen Sie die Begegnung zu Ihrem Wettschein hinzu.<\/li>\n\n\n\n<li>Geben Sie Ihren Einsatz ab und platzieren Sie verbindlich Ihre Wette.<\/li>\n\n\n\n<li>Der Betrag wird automatisch von Ihrem Wettkonto abgebucht.<\/li>\n\n\n\n<li>Verfolgen Sie gespannt der Begegnung und freuen Sie sich auf gro\u00dfe Gewinne.<\/li>\n<\/ul>\n\n\n\n<h2 class=\"wp-block-heading\">Einzahlungen bei Sportwettenanbietern in \u00d6sterreich<\/h2>\n\n\n\n<p>Da es um Geld geht, muss man sich f\u00fcr eine Zahlungsmethode entscheiden, um Geld einzahlen zu k\u00f6nnen. F\u00fcr Sportwetten gelten in der Regel sichere <a href=\"\/at\/casino-zahlungsoptionen\/\">Casino-Zahlungsoptionen<\/a>. Die Auswahl ist gro\u00df, sodass Sie sich f\u00fcr eine bekannte Methode entscheiden k\u00f6nnen:<\/p>\n\n\n\n<h3 class=\"wp-block-heading\">Kreditkarten<\/h3>\n\n\n\n<p>Die Kreditkarte stellt eine beliebte Zahlungsmethode dar und ist nicht nur f\u00fcr Sportwetten in \u00d6sterreich geeignet, sondern wird in verschiedenen Bereichen eingesetzt. Ob Visa, <a href=\"\/at\/casino-zahlungsoptionen\/mastercard\/\">MasterCard<\/a>, Diners Club Card oder Entropay, in \u00d6sterreich ist die Auswahl an m\u00f6glichen Kreditkarten vielseitig.<\/p>\n\n\n\n<h3 class=\"wp-block-heading\">eWallets<\/h3>\n\n\n\n<p>Unter einem eWallet versteht man eine sogenannte virtuelle Geldb\u00f6rse. Diese kann als Schnittstelle zwischen Sportwettenanbieter und Bankkonto angesehen werden. Zur Auswahl stehen PayPal, Neteller, Kalixa, Moneybookers und Click2Pay. Ein gro\u00dfer Vorteil ist, dass beim Zahlungsvorgang keine Bankdaten an das Online Casino weitergegeben werden m\u00fcssen.<\/p>\n\n\n\n<h3 class=\"wp-block-heading\">Bank\u00fcberweisung<\/h3>\n\n\n\n<p>Nat\u00fcrlich kann man sich auch f\u00fcr eine herk\u00f6mmliche Bank\u00fcberweisung entscheiden. Hierf\u00fcr kann man eine Sofort\u00fcberweisung ausw\u00e4hlen oder Giropay nutzen.<\/p>\n\n\n\n<h3 class=\"wp-block-heading\">Sonstige Zahlungsmethoden<\/h3>\n\n\n\n<p>Mit Prepaidkarten hat man die M\u00f6glichkeit, eine Einzahlung zu t\u00e4tigen, ohne ein Bankkonto angeben zu m\u00fcssen. Eine Option stellt die <a href=\"\/at\/casino-zahlungsoptionen\/paysafecard\/\">Paysafecard<\/a> dar. Immer beliebter werden au\u00dferdem Kryptow\u00e4hrungen, daher kommt der Bitcoin h\u00e4ufig zum Einsatz.<\/p>\n\n\n\n<p>Je nach Zahlungsdienstleister k\u00f6nnen Geb\u00fchren anfallen und die Dauer, die f\u00fcr einen Transfer anf\u00e4llt, kann variieren. Zudem liegt es am Wettanbieter, eine Mindesteinzahlung festzulegen. Der Mindestbetrag liegt jedoch sehr niedrig, sodass man in manchen F\u00e4llen bereits mit 0.10 \u20ac wetten kann, in der Regel liegt der Mindesteinsatz jedoch bei 1 \u20ac.<\/p>\n\n\n\n<h3 class=\"wp-block-heading\">Wie funktionieren Wettquoten bei Sportwetten?<\/h3>\n\n\n\n<p>Wettquoten sind ein wichtiger Faktor, um zu erfahren, wie wahrscheinlich Gewinne sind. Sie geben an, welche Gewinne bei einem bestimmten Einsatz auf ein spezielles Ereignis zu erwarten sind. Au\u00dferdem kann man herauslesen, wie hoch die Wahrscheinlichkeit ist, zu gewinnen. Je niedriger die Wettquote, desto wahrscheinlicher, aber umso kleiner ist der Gewinn.<\/p>\n\n\n\n<p>F\u00fcr die Anzeige der Wettquote gibt es unterschiedliche Varianten. Mitunter die bekannteste Form ist die amerikanische. Diese wird positiv oder negativ angezeigt und hat als Referenz 100 \u20ac. Die europ\u00e4ische Variante wird hingegen als Dezimalzahl aufgef\u00fchrt und die britische als Bruchquote. Letztendlich lassen sich alle drei Formen voneinander ableiten, sodass es grunds\u00e4tzlich egal ist, welche Form f\u00fcr die Sportwette mit Mindesteinsatz gew\u00e4hlt wird.<\/p>\n\n\n\n<h3 class=\"wp-block-heading\">Point spread Wettquote<\/h3>\n\n\n\n<p>Bei einer Spread Wettquote handelt es sich um eine Spanne. Das bedeutet, dass eine Bandbreite festgelegt wird, die eine bestimmte Anzahl an Ereignissen umfasst. Ziel ist es, so nah wie m\u00f6glich an dem sogenannten Point spread zu sein. Durch diese Form, die zu den meistgenutzten Wettquoten z\u00e4hlt, bekommt man mehr Spielraum als nur Gewinner und Verlierer zu wetten.<\/p>\n\n\n\n<h3 class=\"wp-block-heading\">Parlay Wettquote<\/h3>\n\n\n\n<p>Die Parlay Wettquote ist auch als Kombiwette bekannt. Sie erm\u00f6glicht es, mehrere einzelne Wetteins\u00e4tze mit nur einem Wettschein zu setzen. Werden alle Wetten erf\u00fcllt, stehen gro\u00dfe Gewinne bevor.<\/p>\n\n\n\n<h3 class=\"wp-block-heading\">Total over\/under Wettquote<\/h3>\n\n\n\n<p>Ist von Total over under Wette die Rede, dann geht es um eine Gesamtzahl. Je nachdem, ob man total over oder total under spielt, ist entscheidend, ob das Ergebnis \u00fcber oder unter dem gesetzten Wert liegt. Vor allem bei Sportarten, bei denen Punkte oder Tore eine Rolle spielen, wird diese Wettart eingesetzt.<\/p>\n\n\n\n<h3 class=\"wp-block-heading\">Teaser Wette<\/h3>\n\n\n\n<p>Die Teaser Wette ist mit der Kombiwette vergleichbar. Auch hier werden mehrere Wetteins\u00e4tze abgegeben, die auf einem Wettschein vereint werden. Der Unterschied liegt jedoch in der Quote, die geringer ausf\u00e4llt. Der Gewinn ist dadurch eventuell geringer, aber die Chance, zu gewinnen, steigt.<\/p>\n\n\n\n<h3 class=\"wp-block-heading\">Round Robin Wette<\/h3>\n\n\n\n<p>Die Round Robin Wette eignet sich f\u00fcr Spieler, die auf Sicherheit setzen. So kann man mehrere Eins\u00e4tze abgeben, ohne das Endergebnis anzugeben. Als Beispiel kann man beim Pferderennen auf vier Pferde setzen. Gewinnt eines, bekommt man einen Betrag ausgezahlt. Auch Zwischenergebnisse sind m\u00f6glich.<\/p>\n\n\n\n<h2 class=\"wp-block-heading\">Lizenzen und rechtliche Grundlagen von Sportwetten in \u00d6sterreich<\/h2>\n\n\n\n<p>Wer sich f\u00fcr Wetten online in \u00d6sterreich interessiert, muss sich nat\u00fcrlich \u00fcber die rechtlichen Grundlagen informieren. Grunds\u00e4tzlich gelten Sportwetten online in \u00d6sterreich als legal, da sie nicht als Gl\u00fccksspiel, sondern als Geschicklichkeitsspiel angesehen werden. Dennoch muss eine g\u00fcltige Lizenz unbedingt vorhanden sein. Es gibt verschiedene Lizenzgeber, die in \u00d6sterreich anerkannt werden, wie zum Beispiel die <a href=\"https:\/\/www.mga.org.mt\/\" target=\"_blank\" rel=\"noreferrer noopener nofollow\">Malta Gaming Authority<\/a> (MGA) oder die Lizenz von Curacao.<\/p>\n\n\n\n<p>Des Weiteren gilt, dass in \u00d6sterreich keine Gewinne aus Sportwetten versteuert werden m\u00fcssen, sodass Sie den gesamten Betrag genie\u00dfen k\u00f6nnen. Einen seri\u00f6sen Anbieter erkennt man also an der g\u00fcltigen Lizenz, genauso wie an weiteren Zertifizierungen, unter anderem der eCogra.<\/p>\n\n\n\n<h3 class=\"wp-block-heading\">Live Sportwetten und was Sie unbedingt wissen m\u00fcssen<\/h3>\n\n\n\n<p>W\u00e4hrend in der Regel Wetteins\u00e4tze vor Beginn des Ereignisses abgegeben werden m\u00fcssen, k\u00f6nnen bei Live Sportwetten auch w\u00e4hrend der Begegnung Wetten gesetzt werden. In der Regel handelt es sich dabei um Halbzeit- oder Endergebnisse. Auch hierf\u00fcr m\u00fcssen die rechtlichen Bedingungen, genauso wie eine g\u00fcltige Lizenz, gegeben sein.<\/p>\n","protected":false},"excerpt":{"rendered":"<p>Wie findet man die besten Sportwetten in \u00d6sterreich? Wenn Sie sich f\u00fcr Wetten online in \u00d6sterreich interessieren, dann gibt es einige Aspekte zu beachten. Auch wenn man sich an Reviews halten kann, lohnt es sich, sich eine eigene Meinung zu bilden. Alle Aspekte, die ber\u00fccksichtigt werden sollten, haben wir \u00fcberpr\u00fcft und so k\u00f6nnen Sie mit [&hellip;]<\/p>\n","protected":false},"author":4,"featured_media":17398,"parent":0,"menu_order":0,"comment_status":"closed","ping_status":"closed","template":"page_money.php","meta":{"_acf_changed":false,"footnotes":""},"class_list":["post-17397","page","type-page","status-publish","has-post-thumbnail","hentry"],"acf":[],"_links":{"self":[{"href":"https:\/\/www.minimumdepositcasinos.org\/at\/wp-json\/wp\/v2\/pages\/17397","targetHints":{"allow":["GET"]}}],"collection":[{"href":"https:\/\/www.minimumdepositcasinos.org\/at\/wp-json\/wp\/v2\/pages"}],"about":[{"href":"https:\/\/www.minimumdepositcasinos.org\/at\/wp-json\/wp\/v2\/types\/page"}],"author":[{"embeddable":true,"href":"https:\/\/www.minimumdepositcasinos.org\/at\/wp-json\/wp\/v2\/users\/4"}],"replies":[{"embeddable":true,"href":"https:\/\/www.minimumdepositcasinos.org\/at\/wp-json\/wp\/v2\/comments?post=17397"}],"version-history":[{"count":8,"href":"https:\/\/www.minimumdepositcasinos.org\/at\/wp-json\/wp\/v2\/pages\/17397\/revisions"}],"predecessor-version":[{"id":18187,"href":"https:\/\/www.minimumdepositcasinos.org\/at\/wp-json\/wp\/v2\/pages\/17397\/revisions\/18187"}],"wp:featuredmedia":[{"embeddable":true,"href":"https:\/\/www.minimumdepositcasinos.org\/at\/wp-json\/wp\/v2\/media\/17398"}],"wp:attachment":[{"href":"https:\/\/www.minimumdepositcasinos.org\/at\/wp-json\/wp\/v2\/media?parent=17397"}],"curies":[{"name":"wp","href":"https:\/\/api.w.org\/{rel}","templated":true}]}}