{"id":17455,"date":"2023-11-15T15:50:32","date_gmt":"2023-11-15T14:50:32","guid":{"rendered":"https:\/\/www.minimumdepositcasinos.org\/at\/?page_id=17455"},"modified":"2025-05-20T12:08:06","modified_gmt":"2025-05-20T10:08:06","slug":"klarna","status":"publish","type":"page","link":"https:\/\/www.minimumdepositcasinos.org\/at\/casino-zahlungsoptionen\/klarna\/","title":{"rendered":"Klarna"},"content":{"rendered":"\n<h2 class=\"wp-block-heading\">Von Einzahlungen bis Abhebungen: Wie Klarna Ihr Online-Casino-Erlebnis verbessert<\/h2>\n\n\n\n<p>Mittlerweile sehen viele etablierte und neue Online Casinos Klarna als sichere Casino-Zahlungsoption. Die Einzahlung in einem Klarna-Casino gestaltet sich \u00e4u\u00dferst unkompliziert und birgt keine versteckten Kosten. Hierbei handelt es sich um eine Sofort\u00fcberweisung als Einzahlungsmethode. Die Sicherheit steht dabei im Vordergrund, da eine verschl\u00fcsselte Verbindung hergestellt wird, bevor die Online-Banking-Anmeldung erfolgt. Nach Abschluss der Zahlung erhalten Sie eine Zusammenfassung und Best\u00e4tigung Ihrer Einzahlung, die sofort auf Ihrem Casino-Konto gutgeschrieben wird. Auf diese Weise k\u00f6nnen Sie umgehend mit echtem Geld spielen und Ihr Gl\u00fcck versuchen.<\/p>\n\n\n\n<h2 class=\"wp-block-heading\">Die besten Online Casinos, die Klarna akzeptieren<\/h2>\n\n\n\n<p>Erfahren Sie mehr \u00fcber die besten Online Casinos mit geringer Einzahlung, die Ihnen eine bequeme und sichere M\u00f6glichkeit bieten, Geld ein- und auszuzahlen. In diesem Abschnitt stellen wir Ihnen die besten \u00f6sterreichischen Online Casinos vor, die Klarna als Zahlungsmethode akzeptieren.<\/p>\n\n\n\n<h2 class=\"wp-block-heading\">\u00d6sterreichische Online Casinos mit niedriger Einzahlung<\/h2>\n\n\n\n<p>Es gibt diverse Casino Modelle, die von einem Casino ohne Mindesteinlage bis hin zum Casino mit variierender Mindesteinlage variieren. Eine Mindesteinzahlung bezieht sich auf den niedrigsten Geldbetrag, den ein Spieler auf sein Casino-Konto einzahlen muss, um Spiele zu spielen oder Boni zu aktivieren. Diese Mindesteinzahlung kann von Casino zu Casino unterschiedlich sein und h\u00e4ngt oft von der gew\u00e4hlten Zahlungsmethode ab.<\/p>\n\n\n\n<p>Es ist wichtig, die Unterschiede zwischen einer Mindesteinzahlung und einem Bonus mit Mindesteinzahlung zu verstehen. Eine Mindesteinzahlung ist der Betrag, den Sie einzahlen m\u00fcssen, um im Casino spielen zu k\u00f6nnen. Sie ist normalerweise nicht mit einem Bonus verbunden und dient lediglich dazu, Ihr Konto aufzuladen. Ein Bonus mit Mindesteinzahlung hingegen ist eine Belohnung, die Ihnen vom Casino gew\u00e4hrt wird, wenn Sie eine bestimmte Mindesteinzahlung t\u00e4tigen. Dieser Bonus kann in Form von zus\u00e4tzlichem Guthaben, Freispielen oder anderen Verg\u00fcnstigungen kommen. Die Mindesteinzahlung, um diesen Bonus zu erhalten, variiert von Casino zu Casino.<\/p>\n\n\n\n<h3 class=\"wp-block-heading\">\u20ac5 Mindesteinzahlung Casinos:<\/h3>\n\n\n\n<p>In <a href=\"\/at\/e5-mindesteinlage-casinos\/\">\u20ac5 Mindesteinzahlung Casinos<\/a> haben Spieler die M\u00f6glichkeit, mit einem geringen Betrag in das Gl\u00fccksspiel einzusteigen. Diese Casinos sind besonders beliebt bei Gelegenheitsspielern Neueinsteigern, die keine gro\u00dfe finanzielle Verpflichtung eingehen m\u00f6chten. Mit einer Mindesteinzahlung von nur \u20ac5 k\u00f6nnen Sie bereits viele der aufregenden Spiele genie\u00dfen, die diese Casinos zu bieten haben.<\/p>\n\n\n\n<h3 class=\"wp-block-heading\">\u20ac10 Mindesteinzahlung Casinos:<\/h3>\n\n\n\n<p><a href=\"\/at\/e10-mindesteinlage-casinos\/\">\u20ac10 Mindesteinzahlung Casinos<\/a> bieten Spielern etwas mehr Flexibilit\u00e4t, da sie einen h\u00f6heren Mindesteinzahlungsbetrag erfordern. Dies erm\u00f6glicht es den Spielern, mehr Spiele auszuprobieren und potenziell gr\u00f6\u00dfere Gewinne zu erzielen.<\/p>\n\n\n\n<h3 class=\"wp-block-heading\">\u20ac20 Mindesteinzahlung Casinos:<\/h3>\n\n\n\n<p>F\u00fcr all jene Spieler, die bereits sind, etwas mehr in ihr Spielvergn\u00fcgen zu investieren sind <a href=\"\/at\/e20-mindesteinlage-casinos\/\">\u20ac20 Mindesteinzahlung Casinos<\/a> das Richtige. \u00d6sterreichische Online Casinos bieten oft gro\u00dfz\u00fcgigere Boni und Belohnungen f\u00fcr ihre Spieler. Mit dieser h\u00f6heren Einzahlung k\u00f6nnen Sie von einem umfangreicheren Spielangebot profitieren.<\/p>\n\n\n\n<h2 class=\"wp-block-heading\">Die besten Klarna-Casinos mit niedriger Einzahlung<\/h2>\n\n\n\n<p>Das richtige <a href=\"\/at\/\">\u00f6sterreichische Casino mit niedriger Einzahlung<\/a> f\u00fcr die eigenen Anspr\u00fcche zu finden kann schwierig sein. F\u00fcr diejenigen, die die Bequemlichkeit von Klarna als sichere Casino-Zahlungsoption bevorzugen und dennoch die Freiheit haben m\u00f6chten, mit einer Mindesteinzahlung zu spielen, haben wir die besten Klarna-Casinos mit Mindesteinzahlung aufgelistet.<\/p>\n\n\n\n<h2 class=\"wp-block-heading\">Wie wird Klarna in einem Online Casino verwendet?<\/h2>\n\n\n\n<p>Hier erfahren Sie, wie Klarna in einem Online Casino verwendet wird. Von der Einrichtung Ihres Kontos bis zur Abwicklung von Ein- und Auszahlungen: wir geben Ihnen einen Einblick in die Nutzung dieser sicheren Casino-Zahlungsoption.<\/p>\n\n\n\n<h3 class=\"wp-block-heading\">Erstellung eines Klarna-Accounts<\/h3>\n\n\n\n<p>Das Einrichten eines Klarna-Kontos ist ein unkomplizierter Schritt, der es Ihnen erm\u00f6glicht, diese bequeme Zahlungsmethode zu nutzen.<\/p>\n\n\n\n<p>Besuchen Sie die Klarna-Website:<br>Starten Sie Ihren Prozess, indem Sie die offizielle Klarna-Website in Ihrem Browser \u00f6ffnen.<\/p>\n\n\n\n<ul class=\"wp-block-list\">\n<li><strong>Registrierung &amp; Dateneingabe:<\/strong> Auf der Website finden Sie einen Link, der Sie zur Registrierungsseite f\u00fchrt. Das Registrierungsformular erfordert typischerweise Angaben wie Ihren Vor- und Nachnamen, Ihre E-Mail-Adresse, Ihre Wohnadresse und Ihre Telefonnummer.<\/li>\n\n\n\n<li><strong>Identit\u00e4tspr\u00fcfung:<\/strong> Klarna kann zus\u00e4tzliche Informationen zur Identit\u00e4tspr\u00fcfung verlangen, um die Einhaltung der \u00f6rtlichen Vorschriften sicherzustellen. Dies kann die Eingabe weiterer Daten oder die Verifizierung per SMS-Code oder E-Mail-Link umfassen.<\/li>\n\n\n\n<li><strong>Konto best\u00e4tigen:<\/strong> Nachdem Sie alle erforderlichen Informationen eingegeben haben, best\u00e4tigen Sie Ihre E-Mail-Adresse durch einen Best\u00e4tigungslink oder die Eingabe eines per SMS erhaltenen Codes.<\/li>\n<\/ul>\n\n\n\n<h2 class=\"wp-block-heading\">Einzahlen mit KLARNA in einem Casino<\/h2>\n\n\n\n<p>Die Einzahlung von Geld in ein Casino mit Klarna ist ein unkomplizierter Prozess. Zun\u00e4chst m\u00fcssen Sie sicherstellen, dass das ausgew\u00e4hlte <a href=\"https:\/\/www.klarna.com\/de\/\" target=\"_blank\" rel=\"noreferrer noopener\">Casino Klarna<\/a> als Zahlungsmethode akzeptiert. Dann gehen Sie wie folgt vor:<\/p>\n\n\n\n<ul class=\"wp-block-list\">\n<li><strong>Klicken Sie auf Einzahlen:<\/strong> Melden Sie sich in Ihrem Casino-Konto an und gehen Sie zum Kassenbereich. Dort w\u00e4hlen Sie Klarna als Ihre bevorzugte Zahlungsoption aus.<\/li>\n\n\n\n<li><strong>W\u00e4hlen Sie den Betrag:<\/strong> Geben Sie den Einzahlungsbetrag ein, den Sie auf Ihr Casino-Konto \u00fcbertragen m\u00f6chten.<\/li>\n\n\n\n<li><strong>Klarna-Account anmelden:<\/strong> Sie werden zu Ihrer Klarna-Anmeldeseite weitergeleitet, auf der Sie sich mit Ihren Anmeldeinformationen anmelden.<\/li>\n\n\n\n<li><strong>Best\u00e4tigen Sie die Zahlung:<\/strong> \u00dcberpr\u00fcfen Sie Ihre Einzahlungsinformationen und best\u00e4tigen Sie die Transaktion. Ihre Einzahlung wird sofort auf Ihr Casino-Konto gutgeschrieben, und Sie k\u00f6nnen mit dem Spielen beginnen.<\/li>\n<\/ul>\n\n\n\n<h3 class=\"wp-block-heading\">Schnelle Anmeldung mit Klarna in einigen Casinos<\/h3>\n\n\n\n<p>Einige Casinos bieten die M\u00f6glichkeit der schnellen Anmeldung mit KLARNA, bei der Sie Ihr Spielerkonto mit nur einem Klick erstellen k\u00f6nnen. Dies ist besonders praktisch f\u00fcr Spieler, die sich schnell in das Spielvergn\u00fcgen st\u00fcrzen m\u00f6chten. Mit dieser Option k\u00f6nnen Sie Ihre pers\u00f6nlichen Informationen und Bankdaten \u00fcber Ihren Klarna-Account automatisch ausf\u00fcllen lassen und in k\u00fcrzester Zeit mit dem Spielen beginnen.<\/p>\n\n\n\n<h2 class=\"wp-block-heading\">No Wagering Casinos, die Klarna akzeptieren<\/h2>\n\n\n\n<p>In der Welt der Online-Casinos sind Bonusangebote verlockend. Allerdings gibt es oft eine Bedingung, die das Spielerlebnis beeinflussen kann \u2013 die sogenannten Wettanforderungen. Wettanforderungen sind Bedingungen, die von Casinos festgelegt werden, um sicherzustellen, dass Spieler Boni und Promotionen nicht sofort abheben k\u00f6nnen. Sie erfordern, dass ein bestimmter Betrag gesetzt wurde, bevor Gewinne aus Boni ausgezahlt werden. Dies kann bedeuten, dass Spieler Hunderte von Euro setzen m\u00fcssen, bevor sie ihre Bonusgewinne tats\u00e4chlich in bar erhalten.<\/p>\n\n\n\n<p>Um diese Wettanforderungen zu umgehen, gibt es besondere Casinos, die nicht nach diesen Bestimmungen vorgehen, die sogenannten &#8220;No Wagering Casinos&#8221;. Diese haben keine Wettanforderungen und zahlen Boni somit ohne einen bestimmten monet\u00e4ren Betrag an den Spieler aus. Das bedeutet, dass Sie Ihre Bonusgewinne sofort abheben k\u00f6nnen. Diese Casinos, die Klarna als Zahlungsmethode akzeptieren, bieten Spielern ein transparenteres und faireres Spielerlebnis.<\/p>\n\n\n\n<h2 class=\"wp-block-heading\">Klarna-Auszahlungen in Online-Casinos<\/h2>\n\n\n\n<p>Klarna bietet auch einen bequemen Weg, Auszahlungen zu veranlassen, wenn das Casino diese Option unterst\u00fctzt. Wenn Sie Ihre Gewinne aus einem Online-Casino abheben m\u00f6chten, gehen Sie folgenderma\u00dfen vor:<\/p>\n\n\n\n<ul class=\"wp-block-list\">\n<li>W\u00e4hlen Sie Klarna als Auszahlungsmethode:<br>Melden Sie sich in Ihrem Casino-Konto an und gehen Sie zum Bereich &#8220;Auszahlungen&#8221; oder &#8220;Kasse&#8221;. Dort w\u00e4hlen Sie Klarna als Ihre bevorzugte Auszahlungsoption aus.<\/li>\n\n\n\n<li>Geben Sie den Auszahlungsbetrag ein:<br>Geben Sie den Betrag ein, den Sie abheben m\u00f6chten. Beachten Sie, dass einige Casinos Mindest- oder H\u00f6chstauszahlungsbetr\u00e4ge festlegen k\u00f6nnen.<\/li>\n\n\n\n<li>Best\u00e4tigen Sie die Auszahlung:<br>\u00dcberpr\u00fcfen Sie Ihre Auszahlungsinformationen und best\u00e4tigen Sie die Transaktion. Die Bearbeitungszeit kann je nach Casino variieren, aber Klarna-Auszahlungen sind in der Regel schnell und sicher.<\/li>\n\n\n\n<li>Erhalt Ihrer Gewinne:<br>Sobald die Auszahlung vom Casino bearbeitet wurde, erhalten Sie Ihre Gewinne auf Ihr Klarna-Konto. Von dort aus k\u00f6nnen Sie entscheiden, wie Sie Ihr Geld weiter verwalten m\u00f6chten.<\/li>\n<\/ul>\n\n\n\n<h2 class=\"wp-block-heading\">Sollten Sie Klarna in einem Online Casino verwenden?<\/h2>\n\n\n\n<p>Zusammenfassend l\u00e4sst sich festhalten, dass \u00f6sterreichische Online Casinos, die Klarna als Zahlungsmethode anbieten, eine ideale Wahl f\u00fcr all jene Spieler sind, die eine m\u00fchelose und z\u00fcgige Eintrittskarte zu den umfangreichen Spielwelten der Online-Gl\u00fccksspielplattformen suchen. Klarna erweist sich als etablierte und \u00e4u\u00dferst verl\u00e4ssliche Zahlungsoption, die nicht nur den Casinos, sondern auch den Spielern wertvolle Unterst\u00fctzung bietet. Mit einem ausgezeichneten Kundenservice an ihrer Seite k\u00f6nnen die Spieler sorgenfrei in die spannende Welt des Online-Gl\u00fccksspiels eintauchen, ohne sich \u00fcber die Zahlung oder komplizierte Banking-Verfahren Gedanken zu machen.<\/p>\n","protected":false},"excerpt":{"rendered":"<p>Von Einzahlungen bis Abhebungen: Wie Klarna Ihr Online-Casino-Erlebnis verbessert Mittlerweile sehen viele etablierte und neue Online Casinos Klarna als sichere Casino-Zahlungsoption. Die Einzahlung in einem Klarna-Casino gestaltet sich \u00e4u\u00dferst unkompliziert und birgt keine versteckten Kosten. Hierbei handelt es sich um eine Sofort\u00fcberweisung als Einzahlungsmethode. Die Sicherheit steht dabei im Vordergrund, da eine verschl\u00fcsselte Verbindung hergestellt [&hellip;]<\/p>\n","protected":false},"author":4,"featured_media":17456,"parent":65,"menu_order":0,"comment_status":"closed","ping_status":"closed","template":"page_money.php","meta":{"_acf_changed":false,"footnotes":""},"class_list":["post-17455","page","type-page","status-publish","has-post-thumbnail","hentry"],"acf":[],"_links":{"self":[{"href":"https:\/\/www.minimumdepositcasinos.org\/at\/wp-json\/wp\/v2\/pages\/17455","targetHints":{"allow":["GET"]}}],"collection":[{"href":"https:\/\/www.minimumdepositcasinos.org\/at\/wp-json\/wp\/v2\/pages"}],"about":[{"href":"https:\/\/www.minimumdepositcasinos.org\/at\/wp-json\/wp\/v2\/types\/page"}],"author":[{"embeddable":true,"href":"https:\/\/www.minimumdepositcasinos.org\/at\/wp-json\/wp\/v2\/users\/4"}],"replies":[{"embeddable":true,"href":"https:\/\/www.minimumdepositcasinos.org\/at\/wp-json\/wp\/v2\/comments?post=17455"}],"version-history":[{"count":6,"href":"https:\/\/www.minimumdepositcasinos.org\/at\/wp-json\/wp\/v2\/pages\/17455\/revisions"}],"predecessor-version":[{"id":17462,"href":"https:\/\/www.minimumdepositcasinos.org\/at\/wp-json\/wp\/v2\/pages\/17455\/revisions\/17462"}],"up":[{"embeddable":true,"href":"https:\/\/www.minimumdepositcasinos.org\/at\/wp-json\/wp\/v2\/pages\/65"}],"wp:featuredmedia":[{"embeddable":true,"href":"https:\/\/www.minimumdepositcasinos.org\/at\/wp-json\/wp\/v2\/media\/17456"}],"wp:attachment":[{"href":"https:\/\/www.minimumdepositcasinos.org\/at\/wp-json\/wp\/v2\/media?parent=17455"}],"curies":[{"name":"wp","href":"https:\/\/api.w.org\/{rel}","templated":true}]}}