{"id":17990,"date":"2024-04-10T14:46:04","date_gmt":"2024-04-10T12:46:04","guid":{"rendered":"https:\/\/www.minimumdepositcasinos.org\/at\/?page_id=17990"},"modified":"2024-04-10T14:46:05","modified_gmt":"2024-04-10T12:46:05","slug":"neteller","status":"publish","type":"page","link":"https:\/\/www.minimumdepositcasinos.org\/at\/casino-zahlungsoptionen\/neteller\/","title":{"rendered":"Neteller"},"content":{"rendered":"\n<h2 class=\"wp-block-heading\">Von Einzahlungen bis zu Auszahlungen: Wie Neteller Ihr Online Casino-Erlebnis verbessert<\/h2>\n\n\n\n<p>Neteller setzt sich mit seiner Zuverl\u00e4ssigkeit, Geschwindigkeit und einer Palette an exklusiven Features von anderen Zahlungsmethoden ab. Es sch\u00fctzt nicht nur vor neugierigen Blicken auf sensible Finanzdaten, sondern erm\u00f6glicht auch blitzschnelle Geldbewegungen. Neteller schneidert seine Dienstleistungen ma\u00dfgeschneidert f\u00fcr die Bed\u00fcrfnisse der Online-Casino-Enthusiasten:<\/p>\n\n\n\n<ul class=\"wp-block-list\">\n<li><strong>Bankdaten bleiben privat<\/strong>: Die Nutzung von Neteller er\u00fcbrigt die Weitergabe von Bankinformationen an das Casino, was ein Plus f\u00fcr die Sicherheit darstellt.<\/li>\n\n\n\n<li><strong>Weltweit anerkannt<\/strong>: Neteller z\u00e4hlt zu den global anerkannten Zahlungsweisen in Online-Casinos.<\/li>\n\n\n\n<li><strong>Z\u00fcgige Transaktionen<\/strong>: Die Bearbeitung von Einzahlungen \u00fcber Neteller erfolgt unverz\u00fcglich, und auch Auszahlungen werden flott abgewickelt. Spieler m\u00fcssen daher nicht lange auf ihre Gewinne warten.<\/li>\n<\/ul>\n\n\n\n<h2 class=\"wp-block-heading\">Die besten Online Casinos, die Neteller akzeptieren<\/h2>\n\n\n\n<p>Hier stellen wir Ihnen die Spitzenreiter unter den Beste Online Casinos \u00d6sterreich vor, die Neteller als Zahlungsmethode akzeptieren. Diese Plattformen verf\u00fchren nicht nur mit einem reichhaltigen Spielangebot, sondern locken auch mit verf\u00fchrerischen Bonusaktionen f\u00fcr Ihre Einzahlungen.<\/p>\n\n\n\n<br\/><div class=\"cta_post_box\">\n<div class=\"cta_post_top\"><div class=\"cta_post_title\">Best Neteller Bonus<\/div><\/div>\n<div class=\"cta_post_container\">\n<div class=\"cta_post_mid\">\n<div class=\"cta_post_mid_left\"><div class=\"cta_post_image\"><img src='https:\/\/www.minimumdepositcasinos.org\/at\/wp-content\/uploads\/2024\/01\/Smokace-logo.jpg' \/><\/div><div class=\"cta_post_name\">SmokAce<div class=\"cta_post_rating\"><img src='\/wp-content\/themes\/mdc2024\/images\/star-yellow.svg' alt='Star'\/><img src='\/wp-content\/themes\/mdc2024\/images\/star-yellow.svg' alt='Star'\/><img src='\/wp-content\/themes\/mdc2024\/images\/star-yellow.svg' alt='Star'\/><img src='\/wp-content\/themes\/mdc2024\/images\/star-yellow.svg' alt='Star'\/><img src='\/wp-content\/themes\/mdc2024\/images\/star-white.svg' alt='Star'\/><\/div><\/div>\n<div class=\"clear\"><\/div>\n<\/div>\n<div class=\"cta_post_mid_offer\">\nEinzahlung \u20ac20 erh\u00e4lt 225% BONUS + 225FS BIS ZU \u20ac2000 *<\/div>\n<div class=\"clear\"><\/div>\n<div class=\"cta_post_bottom\">\n\t<a href=\"\/at\/go\/smokace@at-h\/?pos=Best Neteller Bonus\" class=\"mainctabutton\" target=\"_blank\" onclick=\"DL_Push('')\">Besuch<\/a><\/div>\n<\/div>\n<div class=\"cta_post_terms\"><\/div>\n<\/div><\/div><br\/>\n\n\n\n<h2 class=\"wp-block-heading\">Mindesteinzahlungen bei Neteller Casinos<\/h2>\n\n\n\n<p>Eine Reihe von Optionen erm\u00f6glicht es Spielern, in Casinos mit mindesteinlage f\u00fcr Neteller Casinos zu variieren, die flexibel sein k\u00f6nnen, je nachdem, welches Budget jemand hat. F\u00fcr Anf\u00e4nger sind <a href=\"\/at\/e5-mindesteinlage-casinos\/\">5 \u20ac Mindesteinzahlungs Casino<\/a> sinnvoll, da sie niedriges Risiko beim Betreten der Welt des seri\u00f6sen Gl\u00fccksspiels anbieten und lockende Boni liefern.<\/p>\n\n\n\n<p>Die <a href=\"\/at\/e10-mindesteinlage-casinos\/\">10 \u20ac Mindesteinzahlungs Casino<\/a> sind eine mittlere Option f\u00fcr Spieler, die bereit sind, etwas mehr einzusetzen um einen gr\u00f6\u00dferen Spielraum und hochwertige Boni zu erm\u00f6glichen. Sie bieten einen fairen Kompromiss zwischen erschwinglichem Einsatz und gro\u00dfem Gewinnpotenzial.<\/p>\n\n\n\n<p>F\u00fcr diejenigen Spieler, die hohe Einzahlungen bevorzugen ist das <a href=\"\/at\/e20-mindesteinlage-casinos\/\">\u20ac20 Mindesteinzahlung Casino<\/a> eine L\u00f6sung mit der M\u00f6glichkeit dem erfahrene Spieler mit hohem Einsatz ausschlie\u00dfliche Bonusse und Spiele in Anspruch nehmen k\u00f6nnen. Wenn man auf diese Art von Spielplattformen g\u00fcnstiger einkaufen m\u00f6chte oder h\u00f6here Gewinne erzielen will sollten sich die Kunden eher f\u00fcr solche Casinos entscheiden.<\/p>\n\n\n\n<h2 class=\"wp-block-heading\">Das beste Neteller Casino mit Mindesteinzahlung<\/h2>\n\n\n\n<p>In diesem Abschnitt werden wir das Top-Casino vorstellen, das niedrige Mindesteinzahlungen akzeptiert und Neteller als Zahlungsmethode anbietet. Ein Paradies f\u00fcr Spieler, die klein anfangen, aber gro\u00df tr\u00e4umen m\u00f6chten.<\/p>\n\n\n\n<br\/><div class=\"cta_post_box\">\n<div class=\"cta_post_top\"><div class=\"cta_post_title\">beste Neteller Casino mit Mindesteinzahlung<\/div><\/div>\n<div class=\"cta_post_container\">\n<div class=\"cta_post_mid\">\n<div class=\"cta_post_mid_left\"><div class=\"cta_post_image\"><img src='https:\/\/www.minimumdepositcasinos.org\/at\/wp-content\/uploads\/2024\/03\/bwin-casino-logo1.jpg' \/><\/div><div class=\"cta_post_name\">Bwin<div class=\"cta_post_rating\"><img src='\/wp-content\/themes\/mdc2024\/images\/star-yellow.svg' alt='Star'\/><img src='\/wp-content\/themes\/mdc2024\/images\/star-yellow.svg' alt='Star'\/><img src='\/wp-content\/themes\/mdc2024\/images\/star-yellow.svg' alt='Star'\/><img src='\/wp-content\/themes\/mdc2024\/images\/star-yellow.svg' alt='Star'\/><img src='\/wp-content\/themes\/mdc2024\/images\/star-white.svg' alt='Star'\/><\/div><\/div>\n<div class=\"clear\"><\/div>\n<\/div>\n<div class=\"cta_post_mid_offer\">\nEinzahlung \u20ac10 erh\u00e4lt 100% BONUS BIZ ZU 200\u20ac + 50 FREISPIELE *<\/div>\n<div class=\"clear\"><\/div>\n<div class=\"cta_post_bottom\">\n\t<a href=\"\/at\/go\/bwin@at-10\/?pos=beste Neteller Casino mit Mindesteinzahlung\" class=\"mainctabutton\" target=\"_blank\" onclick=\"DL_Push('')\">Besuch<\/a><\/div>\n<\/div>\n<div class=\"cta_post_terms\"><\/div>\n<\/div><\/div><br\/>\n\n\n\n<h2 class=\"wp-block-heading\">Wie man Neteller in einem Casino verwendet<\/h2>\n\n\n\n<p>Die Verwendung von Neteller f\u00fcr Zahlungen in casino ohne mindesteinzahlung gestaltet sich \u00e4u\u00dferst einfach. Mit unserer detaillierten Anleitung begleiten wir Sie von der Einrichtung Ihres Neteller-Kontos bis hin zum Eintauchen in Ihre Lieblingsspiele.<\/p>\n\n\n\n<h3 class=\"wp-block-heading\">Ein Neteller-Konto erstellen<\/h3>\n\n\n\n<p>Ein Besuch auf der <a href=\"https:\/\/www.neteller.com\/de\/\">Neteller-Webseite<\/a> gen\u00fcgt, um den Prozess der Kontoer\u00f6ffnung anzusto\u00dfen. Ein paar pers\u00f6nliche Details und eine Kontoverifizierung sp\u00e4ter steht Ihrem Neteller-Abenteuer nichts mehr im Wege.<\/p>\n\n\n\n<h3 class=\"wp-block-heading\">Ihr Neteller Casino-Konto aufladen<\/h3>\n\n\n\n<p>Nachdem Sie ein Neteller-Konto eingerichtet haben, k\u00f6nnen Sie Geld darauf einzahlen, um Ihr Casino-Konto aufzuladen. Neteller bietet verschiedene Einzahlungsmethoden, darunter Bank\u00fcberweisungen und Kreditkarten. Die \u00dcberweisung von Geldern auf Ihr Casino-Konto ist dann nur noch einen Klick entfernt.<\/p>\n\n\n\n<h3 class=\"wp-block-heading\">Mit Ihrem Neteller-Konto im Casino einzahlen<\/h3>\n\n\n\n<p>Sichere und schnelle \u00dcberweisungen auf Ihr Casino Konto sind \u00fcber Neteller ein Kinderspiel. Stellen Sie zun\u00e4chst sicher, dass Ihr Neteller-Konto eine positive Bilanz hat. F\u00fchren Sie dann die folgenden Schritte aus:<\/p>\n\n\n\n<ul class=\"wp-block-list\">\n<li><strong>Navigieren Sie zum Einzahlungsbereich des Casinos<\/strong>: Melden Sie sich bei Ihrem Online-Casino-Konto an und gehen Sie zum Einzahlungs- oder Kassenbereich.<\/li>\n\n\n\n<li><strong>W\u00e4hlen Sie Neteller<\/strong>: Unter den verf\u00fcgbaren Zahlungsmethoden w\u00e4hlen Sie Neteller.<\/li>\n\n\n\n<li><strong>Geben Sie Ihren Einzahlungsbetrag ein<\/strong>: Spezifizieren sie den Betrag, den sie in ihr Casino-Konto einzahlen m\u00f6chten.<\/li>\n\n\n\n<li><strong>Melden Sie sich in ihrem Neteller-Konto an<\/strong>: Um die Transaktion zu best\u00e4tigen werden sie angehalten, sich in ihr Neteller-Konto anzumelden.<\/li>\n\n\n\n<li><strong>Best\u00e4tigen sie die Kaution<\/strong>: Die \u00dcberweisung abschlie\u00dfen indem sie den Betrag der Kaution best\u00e4tigen sollen. Die Mittel sollten fast unverz\u00fcglich auf das Spielerkonto \u00fcbertragen werden.<\/li>\n<\/ul>\n\n\n\n<p>Neteller bietet auch schnelle Anmeldungen bei einigen Casinos mit seiner 1-Klick-Anmeldung an. Das macht das Registrieren bei einem Casino mit Netelller schnell und einfach f\u00fcr Spieler. Es erm\u00f6glicht ihnen ihre normalerweise zeitaufw\u00e4ndige Registrierungsformulare zu umgehen, indem bereits im Netelller Konto gespeicherte Informationen verwendet werden. Dadurch wird der Prozess schneller und bequemer gemacht da gleich beim ersten mal diese langweilige Erfahrung vermieden wird.Wenn du sofort spielen willst ohne jedes mal pers\u00f6nliche Daten f\u00fcr eine neue Casino-Registrierung manuell eingeben zu m\u00fcssen, dann ist das f\u00fcr dich von Vorteil.<\/p>\n\n\n\n<h2 class=\"wp-block-heading\">Casinos ohne Umsatzbedingungen, die Neteller akzeptieren<\/h2>\n\n\n\n<p>Online-Gl\u00fccksspielplattformen, die Neteller akzeptieren und Boni ohne Umsatzbedingungen anbieten sind kasinos ohne wetten. Es gibt Casinos Bedingungen f\u00fcr den Umsatz festlegen, wie oft ein Spieler einen Bonus ausgenutzt hat bevor er Gewinne davon abheben kann. Diese Anforderungen k\u00f6nnen manchmal hoch sein und es den Spielern erschweren, einen echten Nutzen aus den Boni zu ziehen, die sie akzeptieren. Ein Bonus ohne Umsatzbedingungen ist jedoch wesentlich spielerfreundlicher. Er erm\u00f6glicht es Spielern, das gewonnene Geld direkt in die Tasche zu stecken anstatt es noch mehrmals spielen zu m\u00fcssen. Das bedeutet beispielsweise, dass wenn Sie in einem online casino \u00f6sterreich legal mit gratisdrehungen oder keinem Einzahlungsbonus gewinnen und dies keinen Einsatz mehr braucht , k\u00f6nnen Sie Ihre Gewinne sofort abheben .<\/p>\n\n\n\n<p>Casinos ohne Umsatzbedingungen,die netellers akzeptieren kombinieren die Bequemlichkeit und Sicherheit der Nutzung eines renommierten E-Wallets mit der Fairness und Transparenz von Boni ohne Umsatzbedingungen. Dies stellt eine gewinnbringende Kombination f\u00fcr Spieler dar, die ein unkompliziertes, angenehmes Online-Casino-Erlebnis ohne die oft restriktiven und frustrierenden Bedingungen suchen unter denen diese Angebote genutzt werden k\u00f6nnen.<\/p>\n\n\n\n<h2 class=\"wp-block-heading\">Auszahlungen bei Neteller Casinos<\/h2>\n\n\n\n<p>Auszahlungen bei Neteller <a href=\"\/at\/\">\u00d6sterreichische Casinos mit niedriger Einzahlung<\/a> zeichnen sich durch ihre Schnelligkeit und Einfachheit aus. Spieler k\u00f6nnen ihre Gewinne oft innerhalb von Stunden erhalten.<\/p>\n\n\n\n<p>So f\u00fchren Sie eine Auszahlung auf Ihr Neteller-Konto durch:<\/p>\n\n\n\n<ul class=\"wp-block-list\">\n<li>Besuchen Sie den Bereich f\u00fcr Auszahlungen im Online-Casino.<\/li>\n\n\n\n<li>W\u00e4hlen Sie Neteller als Ihre bevorzugte Methode f\u00fcr die Auszahlung.<\/li>\n\n\n\n<li>Tragen Sie den Betrag ein, den Sie auszahlen m\u00f6chten.<\/li>\n\n\n\n<li>Melden Sie sich bei Ihrem Neteller-Konto an.<\/li>\n\n\n\n<li>Best\u00e4tigen Sie die Transaktion sowohl im Online-Casino als auch in Ihrem Neteller-Konto.<\/li>\n<\/ul>\n\n\n\n<p>Der Neteller Einzahlungsprozess erfolgt in der Regel umgehen. Der Auszahlungsprozess hingegen kann in manchen Online-Spielbanken einige Werktage (bis zu 7) dauern. Einige Spiele Anbieter haben allerdings eine 24-Stunde Auszahlungszeit, was bei unseren Bewertungen ein fettes Plus gibt.<\/p>\n\n\n\n<h2 class=\"wp-block-heading\">Sollten Sie Neteller in einem Online Casino verwenden?<\/h2>\n\n\n\n<p>Einer der besten Zahlungsmethoden in Casinos mit geringer Einzahlung ist Neteller, vor allem f\u00fcr \u00d6sterreicher. Einige der Vorteile des Netellers umfassen schnellen Kauf, Sicherheitsgarantie, Bequemlichkeit und Flexibilit\u00e4t. Es erm\u00f6glicht Ihnen die Zahlung in einer Vielzahl von online Casinos und gew\u00e4hrleistet, dass Sie attraktive Boni bekommen. Dar\u00fcber hinaus k\u00f6nnen Sie Ihr Neteller seri\u00f6se Online-Casinos Konto einfach \u00fcber mobile Ger\u00e4te steuern, wodurch Sie Zugriff von \u00fcberall haben.<\/p>\n\n\n\n<p>Jedoch es gibt auch einige m\u00f6gliche Nachteile bei der Verwendung von Neteller, die man bedenken sollte. Einige Transaktionen aber k\u00f6nnen Geb\u00fchren anfallen oder bestimmte Bonusaktionen schlie\u00dfen Neteller aus. Es kann auch nicht in allen L\u00e4ndern verf\u00fcgbar sein oder nicht mit allen W\u00e4hrungen kompatibel sein wie zum Beispiel Neteller kann m\u00f6glicherweise nicht in allen L\u00e4ndern verf\u00fcgbar sein oder ist mit allen W\u00e4hrungen unvereinbar . Andernfalls informieren Sie sich im Voraus \u00fcber die Geb\u00fchrenstruktur von Neteller und w\u00e4hlen eine W\u00e4hrung, die vom Casino akzeptiert wird.<\/p>\n","protected":false},"excerpt":{"rendered":"<p>Von Einzahlungen bis zu Auszahlungen: Wie Neteller Ihr Online Casino-Erlebnis verbessert Neteller setzt sich mit seiner Zuverl\u00e4ssigkeit, Geschwindigkeit und einer Palette an exklusiven Features von anderen Zahlungsmethoden ab. Es sch\u00fctzt nicht nur vor neugierigen Blicken auf sensible Finanzdaten, sondern erm\u00f6glicht auch blitzschnelle Geldbewegungen. Neteller schneidert seine Dienstleistungen ma\u00dfgeschneidert f\u00fcr die Bed\u00fcrfnisse der Online-Casino-Enthusiasten: Die besten [&hellip;]<\/p>\n","protected":false},"author":4,"featured_media":17991,"parent":65,"menu_order":0,"comment_status":"closed","ping_status":"closed","template":"page_money.php","meta":{"_acf_changed":false,"footnotes":""},"class_list":["post-17990","page","type-page","status-publish","has-post-thumbnail","hentry"],"acf":[],"_links":{"self":[{"href":"https:\/\/www.minimumdepositcasinos.org\/at\/wp-json\/wp\/v2\/pages\/17990","targetHints":{"allow":["GET"]}}],"collection":[{"href":"https:\/\/www.minimumdepositcasinos.org\/at\/wp-json\/wp\/v2\/pages"}],"about":[{"href":"https:\/\/www.minimumdepositcasinos.org\/at\/wp-json\/wp\/v2\/types\/page"}],"author":[{"embeddable":true,"href":"https:\/\/www.minimumdepositcasinos.org\/at\/wp-json\/wp\/v2\/users\/4"}],"replies":[{"embeddable":true,"href":"https:\/\/www.minimumdepositcasinos.org\/at\/wp-json\/wp\/v2\/comments?post=17990"}],"version-history":[{"count":5,"href":"https:\/\/www.minimumdepositcasinos.org\/at\/wp-json\/wp\/v2\/pages\/17990\/revisions"}],"predecessor-version":[{"id":17996,"href":"https:\/\/www.minimumdepositcasinos.org\/at\/wp-json\/wp\/v2\/pages\/17990\/revisions\/17996"}],"up":[{"embeddable":true,"href":"https:\/\/www.minimumdepositcasinos.org\/at\/wp-json\/wp\/v2\/pages\/65"}],"wp:featuredmedia":[{"embeddable":true,"href":"https:\/\/www.minimumdepositcasinos.org\/at\/wp-json\/wp\/v2\/media\/17991"}],"wp:attachment":[{"href":"https:\/\/www.minimumdepositcasinos.org\/at\/wp-json\/wp\/v2\/media?parent=17990"}],"curies":[{"name":"wp","href":"https:\/\/api.w.org\/{rel}","templated":true}]}}