{"id":18044,"date":"2024-04-24T15:20:54","date_gmt":"2024-04-24T13:20:54","guid":{"rendered":"https:\/\/www.minimumdepositcasinos.org\/at\/?page_id=18044"},"modified":"2026-03-05T16:56:38","modified_gmt":"2026-03-05T15:56:38","slug":"blackjack","status":"publish","type":"page","link":"https:\/\/www.minimumdepositcasinos.org\/at\/spiele-guides\/blackjack\/","title":{"rendered":"Blackjack in \u00f6sterreichischen Online Casinos"},"content":{"rendered":"\n<p>Wer <a href=\"\/at\/\">\u00f6sterreichische Casinos mit niedriger Einzahlung<\/a> nutzt, der kann nicht nur von einer gro\u00dfen Auswahl an Spielautomaten profitieren, sondern auch mit Blackjack gro\u00dfe Gewinne einfahren. In der Tat handelt es sich bei Blackjack um eines der meistgespielten Kartenspielen in Casinos mit kleiner Einzahlung. Ob als einzelnes Tischspiel oder im Live Casino, f\u00fcr jeden Spieler gibt es die passende Variante. Das Live Blackjack sorgt f\u00fcr zus\u00e4tzlichen Nervenkitzel und so kann man <a href=\"\/at\/spiele-guides\/\">online Spiele<\/a> gratis nutzen und gleichzeitig das Gef\u00fchl genie\u00dfen, mit anderen Spielern am Tisch zu sitzen. Was es mit Blackjack auf sich hat und welche Tipps Ihnen helfen k\u00f6nnen, gro\u00dfartige Gewinne einzufahren, werden wir hier gemeinsam anschauen.<\/p>\n\n\n\n<h2 class=\"wp-block-heading\">Was ist Blackjack und wie wird das Kartenspiel gespielt? <\/h2>\n\n\n\n<p>Blackjack ist ein Kartenspiel, das auf eine lange Geschichte zur\u00fcckblicken kann. Gespielt wird es an einem sogenannten Blackjack Tisch. Dieser ist in einer Halbmondform aufgebaut. An der geraden Seite sitzt der Coupier oder auch Dealer genannt. Auf der anderen Seite k\u00f6nnen bis zu 7 Spieler Platz nehmen. Jeder Spieler spielt f\u00fcr sich, sodass eine gewisse Kompetenz entsteht. Grunds\u00e4tzlich tritt jeder Spieler gegen den Dealer an. <\/p>\n\n\n\n<p>Zum Spielen werden klassische franz\u00f6sische Spielkarten verwendet. Insgesamt kommen 6 Pakete zum Einsatz, das hei\u00dft insgesamt sind 312 Karten vorhanden. Die Bezeichnungen entsprechen dem englischen Index und so steht K f\u00fcr K\u00f6nig, Q f\u00fcr die Dame und J f\u00fcr den Buben. <\/p>\n\n\n\n<p>Der Spielablauf ist einfach. Der Dealer teilt jedem Spieler eine Karte aus, die offen auf den Tisch gelegt wird. Ebenso gibt es eine zweite Karte, die verdeckt auf den Tisch gelegt wird. Das Ziel ist es, m\u00f6glichst nahe an die 21 heranzukommen. Der Spieler hat nun die M\u00f6glichkeit, eine neue Karte anzufordern, zu teilen oder zu doppeln. Erst wenn alle Spieler gespielt haben, kann auch der Dealer eine neue Karte aufnehmen. Je nachdem, wer n\u00e4her an der 21 ist, gewinnt der Dealer oder der Spieler.<\/p>\n\n\n\n<h3 class=\"wp-block-heading\">Blackjack Regeln <\/h3>\n\n\n\n<p>Die Regeln sind relativ einfach zu verstehen, jedoch unbedingt notwendig, wenn man in Casinos mit geringer Einzahlung gewinnen m\u00f6chte: <\/p>\n\n\n\n<ul class=\"wp-block-list\">\n<li>Der Croupier gibt die Karten aus, die Spieler d\u00fcrfen die Karten nicht ber\u00fchren. Jeder Spieler erh\u00e4lt 2 Karten, eine wird offen ausgelegt, die andere verdeckt. <\/li>\n\n\n\n<li>Die Kartenwerte werden wie folgt vergeben. Bildkarten geben 10 Punkte, das Ass 1 oder 11. <\/li>\n\n\n\n<li>Der Dealer handelt als Letzter. Es k\u00f6nnen entweder Karten behalten, eine neue aufgenommen, geteilt oder verdoppelt werden. <\/li>\n\n\n\n<li>Der Spieler gewinnt, wenn er mehr auf der Hand hat als der Dealer, 21 oder weniger hat, falls der Dealer die 21 \u00fcbersteigt. Gewinnt der Dealer, verlieren die Spieler ihren Einsatz. <\/li>\n<\/ul>\n\n\n\n<p>Bei diesen Regeln handelt es sich um die Basisregeln. Je nach Spieltyp kann es Abwandlungen geben, diese grunds\u00e4tzlichen Regeln ver\u00e4ndern sich jedoch nicht. Wie Sie sehen k\u00f6nnen, ist Blackjack ein recht simples Spiel, das jeder von Grund auf lernen kann.<\/p>\n\n\n\n<h2 class=\"wp-block-heading\">Die verschiedenen Arten von Blackjack <\/h2>\n\n\n\n<p>Dass man im Casino ohne Mindesteinzahlung mit einer Vielfalt an <a href=\"\/at\/spiele-guides\/online-slots\/\">Spielautomaten-Spielen<\/a> rechnen kann, scheint normal zu sein, doch auch was Tischspiele betrifft, k\u00f6nnen verschiedene Spielarten ausgew\u00e4hlt werden. Blackjack gibt es in unterschiedlichen Varianten, die sich in Details unterscheiden und so den Spielern jede Menge Abwechslung bieten. Schauen wir uns gemeinsam die verschiedenen Varianten an, sodass Sie die perfekte Option f\u00fcr sich finden k\u00f6nnen.<\/p>\n\n\n\n<h3 class=\"wp-block-heading\">American Blackjack <\/h3>\n\n\n\n<p>American Blackjack hat sich in Casinos mit geringer Einzahlung etabliert und geh\u00f6rt zur meistgespielten Art. Die Variante ist dem Basisspiel sehr \u00e4hnlich. Der Unterschied liegt darin, dass eine weitere Karte, die sogenannte Hole Card, zum Einsatz kommt. Der Dealer legt diese Karte offen auf den Tisch. Der Spieler hat nun die M\u00f6glichkeit, sich abzusichern. Setzt er auf diese Karte, kann der Verlust halbiert oder der Gewinn verdoppelt werden. Au\u00dferdem besteht die M\u00f6glichkeit, zwei gleiche Karten zu splitten.<\/p>\n\n\n\n<h3 class=\"wp-block-heading\">European Blackjack <\/h3>\n\n\n\n<p>Anders als beim amerikanischen Blackjack, kann beim europ\u00e4ischen Blackjack weniger in das Spiel eingegriffen werden. Gespielt wird mit nur zwei Decks. Da der Spieler weniger Entscheidungen treffen muss, gilt European Blackjack als spielerfreundliche Variante. So k\u00f6nnen zum Beispiel nur Werte von einzelnen Karten aufgeteilt werden. European Blackjack wird auch als \u201eStandard\u201c bezeichnet, was bedeutet, dass die Regeln den Basisgrundlagen entsprechen.<\/p>\n\n\n\n<h3 class=\"wp-block-heading\">Vegas Strip Blackjack <\/h3>\n\n\n\n<p>Vegas Strip Blackjack macht deutlich, dass die Details eine wichtige Rolle spielen. Anders als die anderen Varianten, wird mit nur 4 Decks gespielt. Es gelten die klassischen Regeln, au\u00dfer, dass der Dealer seine verdeckte Karte einsehen kann, wenn die offene Karte eine 10 ist. Au\u00dferdem haben Spieler die M\u00f6glichkeit, eine Versicherung abzuschlie\u00dfen, um das Risiko zu minimieren. Die Versicherung wird in Bezug auf den Einsatz berechnet. Spieler haben die M\u00f6glichkeit, ihre Karten mehrfach zu splitten.<\/p>\n\n\n\n<h3 class=\"wp-block-heading\">Blackjack Switch <\/h3>\n\n\n\n<p>Blackjack Switch ist eine interessante Variante, da die Gewinnchancen deutlich erh\u00f6ht werden. Der Unterschied liegt grunds\u00e4tzlich darin, dass mit zwei H\u00e4nden gespielt wird. Der Spieler hat die M\u00f6glichkeit, zwischen beiden H\u00e4nden zu switchen, sodass noch mehr Kombinationen entstehen. Blackjack Switch eignet sich besonders f\u00fcr erfahrene Spieler, da zu den herk\u00f6mmlichen Regeln neue Strategien erforderlich sind.<\/p>\n\n\n\n<h3 class=\"wp-block-heading\">Blackjack Perfect Pairs <\/h3>\n\n\n\n<p>Wer Blackjack Perfect Pairs spielt, der kann sich an den Regeln der europ\u00e4ischen Variante orientieren. Der Unterschied liegt in sogenannten Nebenwetten, die durch entstandene Paare gestartet werden k\u00f6nnen. Ein Paar entsteht aus den ersten beiden Karten. Entweder handelt es sich um dieselbe Zahl mit gleicher oder unterschiedlicher Farbe oder Bild. So kann man sich zus\u00e4tzliche Gewinne sichern.<\/p>\n\n\n\n<h3 class=\"wp-block-heading\">Infinite Blackjack <\/h3>\n\n\n\n<p>Infinite Blackjack wird in \u00f6sterreichischen Casinos mit niedriger Einzahlung angeboten, die \u00fcber ein Live-Casino verf\u00fcgen. W\u00e4hrend die Grundregeln besagen, dass an einem Blackjack Tisch bis zu 7 Spieler Platz nehmen d\u00fcrfen, sind beim Infinite Blackjack hier keine Limitierungen gesetzt. Es k\u00f6nnen unendlich viele Spieler am Live Blackjack teilnehmen.<\/p>\n\n\n\n<h3 class=\"wp-block-heading\">7 Seat Blackjack <\/h3>\n\n\n\n<p>Wie der Name bereits verr\u00e4t, handelt es sich bei 7 Seat Blackjack um die klassische Variante, bei der sieben Pl\u00e4tze vergeben werden. Das Besondere ist, dass wenn ein Platz nicht vergeben werden kann, die Spieler die M\u00f6glichkeit haben, auf den freien Platz zu setzen, was f\u00fcr eine gewisse Abwechslung sorgt.<\/p>\n\n\n\n<h3 class=\"wp-block-heading\">Freebet Blackjack <\/h3>\n\n\n\n<p>Schaut man sich <a href=\"\/at\/bewertungen\/\">Online Casino Bewertungen<\/a> an, f\u00e4llt auf, dass Freebet Blackjack eine beliebte Option darstellt. Das liegt unter anderem daran, dass es Spielern erm\u00f6glicht, eine aggressive Spielweise zu zeigen. W\u00e4hrend beim klassischen Blackjack zu Beginn eine Wette festgelegt wird, k\u00f6nnen beim Freebet Blackjack zahlreiche kostenlose Z\u00fcge gespielt werden. Es entsteht eine Art Nervenkitzel und die Chance auf Gewinne wird erh\u00f6ht.<\/p>\n\n\n\n<h2 class=\"wp-block-heading\">Blackjack Strategien <\/h2>\n\n\n\n<p>Auch wenn es sich um Gl\u00fccksspiel handelt, kann man mit den richtigen Strategien f\u00fcr einen erfolgreichen Ausgang sorgen. Grunds\u00e4tzlich lohnt es sich, Online Casino Bonusse zu nutzen, um gratis Spiele zu erhalten, die es erm\u00f6glichen, erste Erfahrungen zu sammeln. Au\u00dferdem sollten Sie sich f\u00fcr ein Blackjack Spiel mit einem hohen RTP-Wert entscheiden, um die Wahrscheinlichkeit auf Gewinne zu erh\u00f6hen. <\/p>\n\n\n\n<p>Beobachten Sie den Spielverlauf und scheuen Sie sich nicht davor, den Dealer zu imitieren. W\u00e4hrend Anf\u00e4nger von Nebenwetten absehen sollten, k\u00f6nnen erfahrene Spieler sich diese zu Nutze machen, um h\u00f6here Gewinne einzufahren. Wichtig sind mathematische Kenntnisse, da es darum geht, Nummernkombinationen schnell zu erkennen. Mit der richtigen Herangehensweise und ein bisschen Gl\u00fcck kann Blackjack in \u00f6sterreichischen Casinos mit niedriger Einzahlung zu einem echten Lieblingsspiel werden!<\/p>\n","protected":false},"excerpt":{"rendered":"<p>Wer \u00f6sterreichische Casinos mit niedriger Einzahlung nutzt, der kann nicht nur von einer gro\u00dfen Auswahl an Spielautomaten profitieren, sondern auch mit Blackjack gro\u00dfe Gewinne einfahren. In der Tat handelt es sich bei Blackjack um eines der meistgespielten Kartenspielen in Casinos mit kleiner Einzahlung. Ob als einzelnes Tischspiel oder im Live Casino, f\u00fcr jeden Spieler gibt [&hellip;]<\/p>\n","protected":false},"author":4,"featured_media":0,"parent":301,"menu_order":0,"comment_status":"closed","ping_status":"closed","template":"","meta":{"_acf_changed":false,"footnotes":""},"class_list":["post-18044","page","type-page","status-publish","hentry"],"acf":[],"_links":{"self":[{"href":"https:\/\/www.minimumdepositcasinos.org\/at\/wp-json\/wp\/v2\/pages\/18044","targetHints":{"allow":["GET"]}}],"collection":[{"href":"https:\/\/www.minimumdepositcasinos.org\/at\/wp-json\/wp\/v2\/pages"}],"about":[{"href":"https:\/\/www.minimumdepositcasinos.org\/at\/wp-json\/wp\/v2\/types\/page"}],"author":[{"embeddable":true,"href":"https:\/\/www.minimumdepositcasinos.org\/at\/wp-json\/wp\/v2\/users\/4"}],"replies":[{"embeddable":true,"href":"https:\/\/www.minimumdepositcasinos.org\/at\/wp-json\/wp\/v2\/comments?post=18044"}],"version-history":[{"count":4,"href":"https:\/\/www.minimumdepositcasinos.org\/at\/wp-json\/wp\/v2\/pages\/18044\/revisions"}],"predecessor-version":[{"id":19242,"href":"https:\/\/www.minimumdepositcasinos.org\/at\/wp-json\/wp\/v2\/pages\/18044\/revisions\/19242"}],"up":[{"embeddable":true,"href":"https:\/\/www.minimumdepositcasinos.org\/at\/wp-json\/wp\/v2\/pages\/301"}],"wp:attachment":[{"href":"https:\/\/www.minimumdepositcasinos.org\/at\/wp-json\/wp\/v2\/media?parent=18044"}],"curies":[{"name":"wp","href":"https:\/\/api.w.org\/{rel}","templated":true}]}}