{"id":186,"date":"2023-07-20T15:49:24","date_gmt":"2023-07-20T13:49:24","guid":{"rendered":"https:\/\/www.minimumdepositcasinos.org\/at\/?page_id=186"},"modified":"2024-03-22T12:42:32","modified_gmt":"2024-03-22T11:42:32","slug":"visa","status":"publish","type":"page","link":"https:\/\/www.minimumdepositcasinos.org\/at\/casino-zahlungsoptionen\/visa\/","title":{"rendered":"Visa"},"content":{"rendered":"\n<h2 class=\"wp-block-heading\">Warum Visa eine hervorragende Zahlungsmethode ist<\/h2>\n\n\n\n<p>Visa in <a href=\"\/at\/online-casinos\/\">besten Online Casinos<\/a> bietet viele Vorteile: Bequeme, sofortige Transaktionen mit niedrigen oder keinen Geb\u00fchren. Die Sicherheitsvorkehrungen sch\u00fctzen Ihre Daten w\u00e4hrend des Spielens. Die einfache Nutzung erfordert nur wenige Schritte f\u00fcr Transaktionen. Da Visa beliebt ist, akzeptieren viele seri\u00f6se Spielbanken diese Methode, erweitern die Auswahl sicherer Gl\u00fccksspielplattformen und bieten viele Boni und Promotionen. Als erste Zahlungsmethode in Online Casinos hat Visa durch jahrelange Erfahrung ihr Serviceangebot verbessert, was ihr den Vorrang vor anderen Zahlungsmethoden gibt.<\/p>\n\n\n\n<h2 class=\"wp-block-heading\">Die besten Online Casinos, die Visa akzeptieren<\/h2>\n\n\n\n<p>Online Casinos, die Visa akzeptieren, wissen um die Sicherheitsbed\u00fcrfnisse seri\u00f6ser Spieler und bieten diese Zahlungsmethode als sichere Option an. Hohe Sicherheitsvorkehrungen sind bei diesen Spielbanken selbstverst\u00e4ndlich.<\/p>\n\n\n\n<p>Die besten Online Casinos mit Visa werden Sie mit beeindruckenden Angeboten verw\u00f6hnen. Bei Einzahlungen mit echtem Geld k\u00f6nnen Sie beruhigt sein, da Sie die beste verf\u00fcgbare Methode verwenden.<\/p>\n\n\n\n<p>Viele Vorteile sprechen f\u00fcr diese Art von Spielbanken, wobei eine sichere Zahlungsmethode oft an erster Stelle steht.<\/p>\n\n\n\n<h2 class=\"wp-block-heading\">Visa-Casinos und Mindesteinlagen<\/h2>\n\n\n\n<p>In Visa-Spielbanken l\u00f6sen Sie bereits mit einer 5 \u20ac Einzahlung einen Willkommensbonus aus. Diese <a href=\"\/at\/casinos-mit-e5-mindesteinzahlung\/\">5 \u20ac Einzahlungs-Casinos<\/a> bieten ein sicheres und erschwingliches Gl\u00fccksspielumfeld.<\/p>\n\n\n\n<p>Auch mit geringer Einzahlung erhalten Sie lukrative Boni und k\u00f6nnen andere Aktionen nutzen. Die Mindesteinzahlung ist der Betrag, um einen festgelegten Willkommensbonus auszul\u00f6sen.<\/p>\n\n\n\n<p>Es gibt einen Unterschied zwischen Mindesteinzahlung f\u00fcr Bonusaktivierung und Mindesteinzahlung ohne Bonus. Einige <a href=\"\/at\/casinos-mit-e10-mindesteinlage\/\">Casinos mit 10 \u20ac Einzahlung<\/a> bieten entweder Bonus oder reinen Zugang zu den Spielen.<\/p>\n\n\n\n<p>Je h\u00f6her die Einzahlung, desto mehr Geld haben Sie zum Spielen. Mit einem 20 \u20ac Casino Einzahlungsbonus spielen Sie mit dem Doppelten Ihrer Einzahlung und erkunden die Spielbank ausgiebig.<\/p>\n\n\n\n<h2 class=\"wp-block-heading\">Wie Sie Visa in einer Spielbank verwenden<\/h2>\n\n\n\n<p>Nachdem Sie nun die Vorteile von Visa als Zahlungsmethode kennengelernt haben, erfahren Sie, wie Sie Ihr Visa-Konto bei einer \u00f6sterreichischen Spielbank einrichten, aufladen und nutzen k\u00f6nnen. Die Schritte sind einfach und zeitsparend.<\/p>\n\n\n\n<p>Das Ziel dieser Zahlungsmethode ist Einfachheit und Bequemlichkeit, sodass Sie sofort mit dem Spielen beginnen k\u00f6nnen. Die Verwendung von Visa in einer \u00f6sterreichischen Online Casino Spielbank wird Ihnen leicht von der Hand gehen, sobald Sie angefangen haben.<\/p>\n\n\n\n<h3 class=\"wp-block-heading\">Ein Visa-Konto einrichten<\/h3>\n\n\n\n<p>Um sich in einem Casino mit einem Visa-Konto anzumelden, m\u00fcssen Sie zun\u00e4chst ein Casino ausw\u00e4hlen, das Visa-Zahlungen akzeptiert. Sobald Sie ein Casino ausgew\u00e4hlt haben, m\u00fcssen Sie ein Konto erstellen, indem Sie Ihre pers\u00f6nlichen Informationen angeben und einen Benutzernamen sowie ein Passwort erstellen. Nachdem Sie Ihr Konto erstellt haben, k\u00f6nnen Sie zum Kassenbereich des Casinos gehen, wo Sie die Visa-Zahlungsmethode ausw\u00e4hlen k\u00f6nnen. Dann m\u00fcssen Sie nur noch Ihre Visa-Daten eingeben &#8211; Ihre Kartennummer, das Ablaufdatum, den CVV (Sicherheitscode) und Ihren Namen &#8211; sowie den Betrag, den Sie einzahlen m\u00f6chten.<\/p>\n\n\n\n<h3 class=\"wp-block-heading\">Einzahlung auf Ihr Visa Spielbank-Konto<\/h3>\n\n\n\n<p>Die Geld\u00fcberweisung auf Ihr Visa-Konto ist einfach und zeitsparend. Sobald Ihr Konto eingerichtet ist, k\u00f6nnen Sie Transaktionen durchf\u00fchren. \u00d6ffnen Sie Ihre Mobile Banking App und w\u00e4hlen Sie Visa aus.<\/p>\n\n\n\n<p>W\u00e4hlen Sie Ihre Bank und geben Sie den Betrag ein, den Sie auf Ihr Visa-Konto einzahlen m\u00f6chten. Der Vorgang dauert nur wenige Minuten und m\u00f6glicherweise m\u00fcssen Sie eine PIN eingeben. W\u00e4hlen Sie einen Betrag, der Ihrem Budget entspricht, damit Sie ohne Sorgen spielen k\u00f6nnen.<\/p>\n\n\n\n<h2 class=\"wp-block-heading\">Abheben in \u00f6sterreichischen Casinos mit Visa<\/h2>\n\n\n\n<p>Visa ist eine der einfachsten Zahlungsoptionen, die es Ihnen erm\u00f6glicht, Auszahlungen problemlos vorzunehmen. Sicherheit und Regulierung sind die wichtigsten Aspekte bei der Verwendung von Visa als Auszahlungsoption, weshalb viele seri\u00f6se Casinos diese Option anbieten.<\/p>\n\n\n\n<p>Die M\u00f6glichkeit, Ihre Identit\u00e4t zu verifizieren, ist entscheidend f\u00fcr sichere Auszahlungen. Stellen Sie sicher, dass Sie die richtigen Daten eingeben, damit es keine Probleme gibt, wenn Sie Ihre Gewinne sehen m\u00f6chten. Hier ist eine einfache Anleitung, wie Sie in \u00f6sterreichischen Casinos mit Ihrer Visa-Karte einzahlen k\u00f6nnen:<\/p>\n\n\n\n<ol class=\"wp-block-list\">\n<li>Besuchen Sie die Kasse und w\u00e4hlen Sie Visa als bevorzugte Auszahlungsmethode. <\/li>\n\n\n\n<li>W\u00e4hlen Sie den Betrag, den Sie abheben m\u00f6chten, und halten Sie sich an die vom Casino festgelegten Limits.<\/li>\n\n\n\n<li>Verifizieren Sie Ihre Identit\u00e4t mit Ihrer Stromrechnung oder Ihrem Ausweis (jedes KYC-Dokument, das vom Casino bereitgestellt wird).<\/li>\n\n\n\n<li>Sobald die Verifizierung erfolgt ist, sollten Ihre Gewinne innerhalb von 3 bis 5 Werktagen auf Ihrem Konto sein.<\/li>\n\n\n\n<li><\/li>\n<\/ol>\n","protected":false},"excerpt":{"rendered":"<p>Warum Visa eine hervorragende Zahlungsmethode ist Visa in besten Online Casinos bietet viele Vorteile: Bequeme, sofortige Transaktionen mit niedrigen oder keinen Geb\u00fchren. Die Sicherheitsvorkehrungen sch\u00fctzen Ihre Daten w\u00e4hrend des Spielens. Die einfache Nutzung erfordert nur wenige Schritte f\u00fcr Transaktionen. Da Visa beliebt ist, akzeptieren viele seri\u00f6se Spielbanken diese Methode, erweitern die Auswahl sicherer Gl\u00fccksspielplattformen und [&hellip;]<\/p>\n","protected":false},"author":4,"featured_media":200,"parent":65,"menu_order":0,"comment_status":"closed","ping_status":"closed","template":"page_money.php","meta":{"_acf_changed":false,"footnotes":""},"class_list":["post-186","page","type-page","status-publish","has-post-thumbnail","hentry"],"acf":[],"_links":{"self":[{"href":"https:\/\/www.minimumdepositcasinos.org\/at\/wp-json\/wp\/v2\/pages\/186","targetHints":{"allow":["GET"]}}],"collection":[{"href":"https:\/\/www.minimumdepositcasinos.org\/at\/wp-json\/wp\/v2\/pages"}],"about":[{"href":"https:\/\/www.minimumdepositcasinos.org\/at\/wp-json\/wp\/v2\/types\/page"}],"author":[{"embeddable":true,"href":"https:\/\/www.minimumdepositcasinos.org\/at\/wp-json\/wp\/v2\/users\/4"}],"replies":[{"embeddable":true,"href":"https:\/\/www.minimumdepositcasinos.org\/at\/wp-json\/wp\/v2\/comments?post=186"}],"version-history":[{"count":13,"href":"https:\/\/www.minimumdepositcasinos.org\/at\/wp-json\/wp\/v2\/pages\/186\/revisions"}],"predecessor-version":[{"id":17882,"href":"https:\/\/www.minimumdepositcasinos.org\/at\/wp-json\/wp\/v2\/pages\/186\/revisions\/17882"}],"up":[{"embeddable":true,"href":"https:\/\/www.minimumdepositcasinos.org\/at\/wp-json\/wp\/v2\/pages\/65"}],"wp:featuredmedia":[{"embeddable":true,"href":"https:\/\/www.minimumdepositcasinos.org\/at\/wp-json\/wp\/v2\/media\/200"}],"wp:attachment":[{"href":"https:\/\/www.minimumdepositcasinos.org\/at\/wp-json\/wp\/v2\/media?parent=186"}],"curies":[{"name":"wp","href":"https:\/\/api.w.org\/{rel}","templated":true}]}}