{"id":18720,"date":"2025-05-20T11:54:54","date_gmt":"2025-05-20T09:54:54","guid":{"rendered":"https:\/\/www.minimumdepositcasinos.org\/at\/?page_id=18720"},"modified":"2025-05-20T11:54:55","modified_gmt":"2025-05-20T09:54:55","slug":"eps","status":"publish","type":"page","link":"https:\/\/www.minimumdepositcasinos.org\/at\/casino-zahlungsoptionen\/eps\/","title":{"rendered":"EPS"},"content":{"rendered":"\n<h2 class=\"wp-block-heading\" id=\"h-was-ist-eps-und-wie-funktioniert-die-zahlungsmethode\">Was ist EPS und wie funktioniert die Zahlungsmethode? <\/h2>\n\n\n\n<p>EPS ist eine Abk\u00fcrzung und steht f\u00fcr Electronic Payment Standard. Die Zahlungsmethode wurde 2001 in \u00d6sterreich von der STUZZA (Studiengesellschaft f\u00fcr Zusammenarbeit im Zahlungsverkehr) in Zusammenarbeit mit \u00f6sterreichischen Banken entwickelt. Ziel war es, einen standardisierten und sicheren Online-Zahlungsdienst ins Leben zu rufen, der es \u00d6sterreichern erleichtert, im Internet zu bezahlen. <\/p>\n\n\n\n<p>Sp\u00e4ter wurde EPS auch f\u00fcr Zahlungen an Beh\u00f6rden und f\u00fcr staatliche Zahlungen eingef\u00fchrt. EPS wird von fast allen \u00f6sterreichischen Banken unterst\u00fctzt und bietet eine besondere Sicherheit, da die Zahlung nicht \u00fcber einen Drittanbieter, sondern \u00fcber die eigene Bank erfolgt. <\/p>\n\n\n\n<p>Um mit EPS zu zahlen, w\u00e4hlt der Kunde EPS als Zahlungsmethode und seine Bank aus. Nach der Auswahl loggt man sich in das Online Banking der jeweiligen Bank ein und best\u00e4tigt die Zahlung wie gewohnt. Die Zahlung erfolgt in Echtzeit und der Zahlungsprozess ist von einer SSL-Verschl\u00fcsselung gesch\u00fctzt. Die Funktionsweise von EPS \u00e4hnelt bekannten Zahlungsmethoden wie Sofort oder GiroPay, ist aber nur f\u00fcr Kunden mit \u00f6sterreichischem Bankkonto geeignet.<\/p>\n\n\n\n<h2 class=\"wp-block-heading\" id=\"h-warum-sollten-sich-osterreichische-spieler-fur-eps-als-zahlungsmethode-entscheiden\">Warum sollten sich \u00f6sterreichische Spieler f\u00fcr EPS als Zahlungsmethode entscheiden? <\/h2>\n\n\n\n<p>EPS eignet sich besonders f\u00fcr Zahlungen in Online Casinos. Wir haben die wichtigsten Gr\u00fcnde aufgelistet, warum sich \u00f6sterreichische Spieler f\u00fcr EPS als Zahlungsmethoden in Online Casinos entscheiden sollten. <\/p>\n\n\n\n<ul class=\"wp-block-list\">\n<li>Extrem hohe Sicherheit: Die Zahlung findet \u00fcber das Online Banking Ihrer Bank statt. Deshalb werden Ihre pers\u00f6nlichen Daten nicht an das Online Casino weitergegeben und sie sind w\u00e4hrend der Transaktion vom Sicherheitssystem Ihrer Hausbank gesch\u00fctzt. <\/li>\n\n\n\n<li>Sofortige Einzahlungen: Dank EPS taucht der von Ihnen eingezahlte Betrag in Sekundenschnelle auf Ihrem Spielerkonto auf. <\/li>\n\n\n\n<li>Keine Registrierung bei Drittanbietern: Da die Transaktion \u00fcber das Bank-Portal abgewickelt wird, m\u00fcssen Sie sich nicht bei einem Drittanbieter anmelden oder eine App auf Ihr Ger\u00e4t herunterladen. <\/li>\n\n\n\n<li>Verf\u00fcgbar f\u00fcr \u00f6sterreichische Spieler: Um EPS nutzen zu k\u00f6nnen, brauchen Spieler ein Konto bei einer \u00f6sterreichischen Bank. <\/li>\n\n\n\n<li>Keine extra Geb\u00fchren: In der Regel fallen bei den Einzahlungen im Online Casino mit EPS keine zus\u00e4tzlichen Geb\u00fchren an.<\/li>\n<\/ul>\n\n\n\n<h2 class=\"wp-block-heading\" id=\"h-so-zahlen-sie-mit-eps-im-online-casino-ein\">So zahlen Sie mit EPS im Online Casino ein <\/h2>\n\n\n\n<p>Die Einzahlung im Online Casino mit EPS ist spielend leicht und ist aus diesem Grund auch f\u00fcr weniger erfahrene Spieler geeignet. Wir erkl\u00e4ren Ihnen den Einzahlungsprozess in einfachen Schritten: <\/p>\n\n\n\n<ol class=\"wp-block-list\">\n<li>W\u00e4hlen Sie ein Top EPS Casino aus unserer Liste aus und melden Sie sich beim Anbieter an. <\/li>\n\n\n\n<li>Gehen Sie zum Kassenbereich des Casinos und w\u00e4hlen Sie EPS als Zahlungsmethode aus. <\/li>\n\n\n\n<li>Nun werden Sie zur EPS-Seite weitergeleitet und k\u00f6nnen Ihre Bank ausw\u00e4hlen. <\/li>\n\n\n\n<li>Nun werden Sie zur Online Banking-Seite Ihrer Bank weitergeleitet, die Sie wie \u00fcblich nutzen k\u00f6nnen, wenn Sie online eine \u00dcberweisung vornehmen. <\/li>\n\n\n\n<li>Best\u00e4tigen Sie die Zahlung via App oder TAN und das Geld wird sofort auf Ihrem Spielerkonto gutgeschrieben.<\/li>\n<\/ol>\n\n\n\n<h2 class=\"wp-block-heading\" id=\"h-kann-man-mit-eps-auch-auszahlungen-im-online-casino-vornehmen\">Kann man mit EPS auch Auszahlungen im Online Casino vornehmen? <\/h2>\n\n\n\n<p>Bei EPS handelt es sich um ein sogenanntes Push-Zahlungssystem, was bedeutet, dass nur Sie Geld aktiv von Ihrem Konto auf das Online Casino \u00fcberweisen k\u00f6nnen und nicht umgekehrt. Das sollte Ihnen allerdings keine Probleme bereiten, da die besten EPS Casinos \u00d6sterreichs eine gro\u00dfe Palette an Zahlungsoptionen f\u00fcr die Auszahlung zur Verf\u00fcgung stellen. F\u00fcr die Gewinnauszahlung stehen Ihnen moderne Zahlungsmethoden wie Kreditkarte, E-Wallets wie Skrill oder die klassische Bank\u00fcberweisung zur Verf\u00fcgung. Auf der Webseite der Online Casinos k\u00f6nnen Sie die ganze Liste an Auszahlungsmethoden einsehen.<\/p>\n\n\n\n<h2 class=\"wp-block-heading\" id=\"h-ist-eps-eine-sichere-zahlungsmethode-fur-spieler-aus-osterreich\">Ist EPS eine sichere Zahlungsmethode f\u00fcr Spieler aus \u00d6sterreich? <\/h2>\n\n\n\n<p>Bei EPS handelt es sich um eine der sichersten Zahlungsmethoden, da Sie die Zahlung \u00fcber die Online Banking-Seite Ihrer Bank abschlie\u00dfen und somit keine sensiblen Daten an Dritte weitergeben m\u00fcssen. Das elektronische Zahlungssystem wird von der \u00f6sterreichischen Regierung und den namhaften Banken der Alpenrepublik unterst\u00fctzt, was zus\u00e4tzliche Sicherheit gew\u00e4hrleistet. <\/p>\n\n\n\n<p>Dar\u00fcber hinaus bedarf es einer Zwei-Faktor-Authentifizierung, um eine Transaktion vorzunehmen, wie beispielsweise einen TAN oder eine Best\u00e4tigung durch die Bank-App. Innerhalb des Zahlungsprozesses sind die Verbindungen zwischen Ihrem Konto und dem Online Casino mit einer SSL-Verschl\u00fcsselung gesichert und die Zahlungen erfolgen in Echtzeit. Da es sich um eine Push-Zahlung handelt, k\u00f6nnen Sie die Zahlung nur aktiv veranlassen und es gibt kein Risiko f\u00fcr unautorisierte Abbuchungen oder Betrug.<\/p>\n\n\n\n<h2 class=\"wp-block-heading\" id=\"h-fur-wen-eignet-sich-eps-als-zahlungsmethode\">F\u00fcr wen eignet sich EPS als Zahlungsmethode? <\/h2>\n\n\n\n<p>EPS ist eine sichere und schnelle Zahlungsmethode, die sich f\u00fcr Spieler aus \u00d6sterreich eignet. Sie m\u00fcssen Inhaber eines Kontos in einer \u00f6sterreichischen Bank sein, um diese elektronische Zahlungsmethode nutzen zu k\u00f6nnen. EPS ist besonders bequem f\u00fcr Spieler, die kein zus\u00e4tzliches Konto bei einem E-Wallet er\u00f6ffnen oder sich bei einem Zahlungsanbieter registrieren m\u00f6chten. <\/p>\n\n\n\n<p>Auch f\u00fcr Spieler, die keine Kreditkarte haben, eignet sich EPS hervorragend. Wenn Sie schnelle und sichere Einzahlungen im Online Casino vornehmen und keine Geb\u00fchren bezahlen m\u00f6chten, ist EPS das richtige f\u00fcr Sie. Dabei ist zu beachten, dass Sie mit EPS keine Auszahlungen vornehmen k\u00f6nnen. Aus diesem Grund sollten Spieler, die EPS als Einzahlungsmethode nutzen, bereit sein, f\u00fcr die Auszahlung eine andere Zahlungsmethode zu w\u00e4hlen.<\/p>\n\n\n\n<h2 class=\"wp-block-heading\" id=\"h-fazit-halt-eps-was-es-verspricht\">Fazit \u2013 H\u00e4lt EPS was es verspricht <\/h2>\n\n\n\n<p>EPS eignet sich als sichere und schnelle Einzahlungsmethode im Online Casino f\u00fcr alle Spieler mit \u00f6sterreichischem Bankkonto. Der gro\u00dfe Vorteil ist, dass Sie keine sensiblen Daten an Dritte weitergeben m\u00fcssen und sich bei keinem neuen Zahlungsanbieter registrieren m\u00fcssen. Dies macht EPS besonders f\u00fcr neue Spieler oder Kunden, ohne umfassendes technisches Wissen besonders attraktiv. <\/p>\n\n\n\n<p>Die Transaktion funktioniert wie eine normale \u00dcberweisung \u00fcber das Online Banking-System Ihrer Bank. Obwohl sich EPS nicht f\u00fcr die Auszahlungen nutzen l\u00e4sst, sticht es aus der Masse an Zahlungsmethoden als eine der sichersten und schnellsten Methoden heraus, und in der Regel fallen keine Geb\u00fchren an. Wenn auch Sie EPS in der Online Spielbank nutzen m\u00f6chten, sollten Sie einen Blick in unsere Top Liste der besten EPS Online Casinos \u00d6sterreichs werfen und eine der Casinos ausprobieren. Wir w\u00fcnschen Ihnen viel Vergn\u00fcgen.<\/p>\n","protected":false},"excerpt":{"rendered":"<p>Was ist EPS und wie funktioniert die Zahlungsmethode? EPS ist eine Abk\u00fcrzung und steht f\u00fcr Electronic Payment Standard. Die Zahlungsmethode wurde 2001 in \u00d6sterreich von der STUZZA (Studiengesellschaft f\u00fcr Zusammenarbeit im Zahlungsverkehr) in Zusammenarbeit mit \u00f6sterreichischen Banken entwickelt. Ziel war es, einen standardisierten und sicheren Online-Zahlungsdienst ins Leben zu rufen, der es \u00d6sterreichern erleichtert, im [&hellip;]<\/p>\n","protected":false},"author":4,"featured_media":18724,"parent":65,"menu_order":0,"comment_status":"closed","ping_status":"closed","template":"page_money.php","meta":{"_acf_changed":false,"footnotes":""},"class_list":["post-18720","page","type-page","status-publish","has-post-thumbnail","hentry"],"acf":[],"_links":{"self":[{"href":"https:\/\/www.minimumdepositcasinos.org\/at\/wp-json\/wp\/v2\/pages\/18720","targetHints":{"allow":["GET"]}}],"collection":[{"href":"https:\/\/www.minimumdepositcasinos.org\/at\/wp-json\/wp\/v2\/pages"}],"about":[{"href":"https:\/\/www.minimumdepositcasinos.org\/at\/wp-json\/wp\/v2\/types\/page"}],"author":[{"embeddable":true,"href":"https:\/\/www.minimumdepositcasinos.org\/at\/wp-json\/wp\/v2\/users\/4"}],"replies":[{"embeddable":true,"href":"https:\/\/www.minimumdepositcasinos.org\/at\/wp-json\/wp\/v2\/comments?post=18720"}],"version-history":[{"count":4,"href":"https:\/\/www.minimumdepositcasinos.org\/at\/wp-json\/wp\/v2\/pages\/18720\/revisions"}],"predecessor-version":[{"id":18725,"href":"https:\/\/www.minimumdepositcasinos.org\/at\/wp-json\/wp\/v2\/pages\/18720\/revisions\/18725"}],"up":[{"embeddable":true,"href":"https:\/\/www.minimumdepositcasinos.org\/at\/wp-json\/wp\/v2\/pages\/65"}],"wp:featuredmedia":[{"embeddable":true,"href":"https:\/\/www.minimumdepositcasinos.org\/at\/wp-json\/wp\/v2\/media\/18724"}],"wp:attachment":[{"href":"https:\/\/www.minimumdepositcasinos.org\/at\/wp-json\/wp\/v2\/media?parent=18720"}],"curies":[{"name":"wp","href":"https:\/\/api.w.org\/{rel}","templated":true}]}}