{"id":2,"date":"2023-07-10T16:01:39","date_gmt":"2023-07-10T14:01:39","guid":{"rendered":"https:\/\/www.minimumdepositcasinos.org\/at\/?page_id=2"},"modified":"2026-01-15T11:32:56","modified_gmt":"2026-01-15T10:32:56","slug":"beispiel-seite","status":"publish","type":"page","link":"https:\/\/www.minimumdepositcasinos.org\/at\/","title":{"rendered":"Home"},"content":{"rendered":"\n<h2 class=\"wp-block-heading\">Das Casino mit niedriger Mindesteinzahlung des Monats <\/h2>\n\n\n\n<p>Mit einer Einzahlung von nur 1 \u20ac k\u00f6nnen Sie bis zu 50 Freispiele bei Lucky Crown Spins erhalten! Aber das ist noch nicht alles! Entdecken Sie eine riesige Auswahl an Spielautomaten, von Klassikern wie Wolf of Katsubet bis zu neuen Hits wie Hot Samba.<\/p>\n\n\n\n<p>Registrieren Sie sich jetzt und werden Sie ein K\u00f6nig! Katsubet ist sicher, bietet schnelle Auszahlungen, einen starken Kundenservice und exklusive Casino-Boni. Genie\u00dfen Sie spannende Freispiele und gewinnen Sie jeden Montag Freispiele! Die <a href=\"\/at\/bewertungen\/katsubet\/\">Katsubet Bewertung<\/a> zeigt, warum dies eines der besten Online-Casinos ist.<\/p>\n\n\n\n<br\/><div class=\"cta_post_box\">\n<div class=\"cta_post_top\"><div class=\"cta_post_title\">Exklusives Angebot<\/div><\/div>\n<div class=\"cta_post_container\">\n<div class=\"cta_post_mid\">\n<div class=\"cta_post_mid_left\"><div class=\"cta_post_image\"><img src='https:\/\/www.minimumdepositcasinos.org\/at\/wp-content\/uploads\/2023\/07\/Katsubet-logo.jpg' \/><\/div><div class=\"cta_post_name\">Katsubet<div class=\"cta_post_rating\"><img src='\/wp-content\/themes\/mdc2024\/images\/star-yellow.svg' alt='Star'\/><img src='\/wp-content\/themes\/mdc2024\/images\/star-yellow.svg' alt='Star'\/><img src='\/wp-content\/themes\/mdc2024\/images\/star-yellow.svg' alt='Star'\/><img src='\/wp-content\/themes\/mdc2024\/images\/star-yellow.svg' alt='Star'\/><img src='\/wp-content\/themes\/mdc2024\/images\/star-yellow.svg' alt='Star'\/><\/div><\/div>\n<div class=\"clear\"><\/div>\n<\/div>\n<div class=\"cta_post_mid_offer\">\nEinzahlung \u20ac1 erh\u00e4lt 50 Bonusspins bei Lucky Crown Spins<\/div>\n<div class=\"clear\"><\/div>\n<div class=\"cta_post_bottom\">\n\t<a href=\"\/at\/go\/katsubet@at-1\/?pos=Exklusives Angebot\" class=\"mainctabutton\" target=\"_blank\" onclick=\"DL_Push('')\">Besuch<\/a><\/div>\n<\/div>\n<div class=\"cta_post_terms\"><\/div>\n<\/div><\/div><br\/>\n\n\n\n<h2 class=\"wp-block-heading\">Verschiedene Einzahlungen in Online-Casinos verstehen<\/h2>\n\n\n\n<p>\u00d6sterreichische Casinos mit niedriger Einzahlung sind bei Spielern besonders beliebt. Das h\u00e4ngt unter anderem damit zusammen, dass man ohne gro\u00dfes Risiko den Anbieter und das Spielesortiment kennenlernen kann. Wer auf der Suche nach einem Casino ohne Mindesteinzahlung ist, wird nicht unbedingt f\u00fcndig werden.<\/p>\n\n\n\n<p>Jedoch k\u00f6nnen auch <a href=\"\/at\/e1-mindesteinlage-casinos\/\">1 \u20ac Mindesteinzahlung Casinos<\/a> und <a href=\"\/at\/e5-mindesteinlage-casinos\/\">5 \u20ac Mindesteinzahlung Casinos<\/a> \u00fcberzeugen. Sie sind vor allem f\u00fcr neue Spieler interessant. Doch auch mit <a href=\"\/at\/e10-mindesteinlage-casinos\/\">10 \u20ac Mindesteinlage Casinos<\/a> oder <a href=\"\/at\/e20-mindesteinlage-casinos\/\">20 \u20ac Mindesteinlage Casinos<\/a> steht gro\u00dfen Gewinnen nichts mehr im Wege. Besonders erfahrene Spieler k\u00f6nnen so ein angemessenes Risiko eingehen und ihr Gl\u00fcck in seri\u00f6sen Online Casinos \u00d6sterreichs versuchen.<\/p>\n\n\n\n<h2 class=\"wp-block-heading\">Wie wir Minimum Deposit Casinos in \u00d6sterreich bewerten <\/h2>\n\n\n\n<p>Unsere <a href=\"\/at\/bewertungen\/\">Bewertung der Mindesteinzahlungs \u00f6sterreichische Online-Casinos<\/a> basiert auf strengen Kriterien, um sicherzustellen, dass wir Ihnen nur die besten Optionen vorstellen, insbesondere bei renommierten Online-Casinos.<\/p>\n\n\n\n<p>Bei MDC, als Experten f\u00fcr Casinos, pr\u00fcfen wir jedes \u00d6sterreichische Casinos mit niedriger Einzahlung und jede Bonusaktion, die auf unserer Seite aufgef\u00fchrt ist. Uns ist es wichtig, dass die Spieler einen echten Mehrwert aus den Bonusangeboten ziehen k\u00f6nnen. Wir ber\u00fccksichtigen Angebote, die von nur 1 \u20ac bis hin zu 20 \u20ac reichen.<\/p>\n\n\n\n<p>Auch darauf achten wir, dass alle aufgef\u00fchrten Marken lizenziert, sicher und mit angemessenem Spielerschutz ausgestattet sind. Sehen Sie sich auch unsere detaillierten Bewertungen an, um umfassende Informationen zu den Casino-Marken zu erhalten.<\/p>\n\n\n\n<h2 class=\"wp-block-heading\">\u00d6sterreichische Minimum Deposit Casino Boni <\/h2>\n\n\n\n<p>Minimum Deposit Casinos in \u00d6sterreich bieten gro\u00dfz\u00fcgige Boni, auch bei geringen Einzahlungen. Dazu geh\u00f6ren Einzahlungsboni, Freispiele und andere aufregende Angebote. Wir erkl\u00e4ren Ihnen, wie Sie diese Boni beanspruchen k\u00f6nnen und geben Ihnen Tipps, wie Sie das Beste aus ihnen herausholen k\u00f6nnen, um Ihre Gewinnchancen zu maximieren.<\/p>\n\n\n\n<h3 class=\"wp-block-heading\">Freispiel-Boni in \u00f6sterreichischen Minimum Deposit Casinos <\/h3>\n\n\n\n<p>Freispiel-Boni sind in \u00f6sterreichischen Minimum Deposit Casinos eine beliebte Art von Bonusangeboten. Diese Boni erm\u00f6glichen es Spielern, eine bestimmte Anzahl von <a href=\"\/at\/frei-spiele\/\">Freispielen<\/a> f\u00fcr ausgew\u00e4hlte Spielautomaten zu erhalten, ohne zus\u00e4tzliches Geld einzahlen zu m\u00fcssen. Die Anzahl der Freispiele variiert normalerweise zwischen 10 und 50, je nach Casino und Angebot. Mit Freispiel-Boni k\u00f6nnen Spieler die angegebenen Slots kostenlos ausprobieren und dabei echte Gewinne erzielen. Dies Ist eine gro\u00dfartige M\u00f6glichkeit, das Casino kennenzulernen und neue Spiele zu entdecken, ohne ein hohes finanzielles Risiko einzugehen.<\/p>\n\n\n\n<h3 class=\"wp-block-heading\">Bester Minimum Deposit Casino Bonus in \u00d6sterreich <\/h3>\n\n\n\n<p>Der beste Minimum Deposit Casino Bonus in \u00d6sterreich erm\u00f6glicht Spielern, mit kleinen Einzahlungen gro\u00dfe Vorteile zu genie\u00dfen. Mit einem gro\u00dfz\u00fcgigen Willkommensbonus, der oft eine prozentuale Aufstockung der ersten Einzahlung und Freispiele beinhaltet, k\u00f6nnen Spieler ihr Casinoerlebnis optimal starten. Zus\u00e4tzlich bieten einige Casinos regelm\u00e4\u00dfige Einzahlungsboni und Cashback-Angebote an, die das Spielerlebnis noch lohnender gestalten. Entdecken Sie die besten Angebote und erleben Sie spannende Gl\u00fccksspielunterhaltung mit hervorragenden Gewinnchancen!<\/p>\n\n\n\n<br\/><div class=\"cta_post_box\">\n<div class=\"cta_post_top\"><div class=\"cta_post_title\">CASINO ERSTEINZAHLUNGSBONUS<\/div><\/div>\n<div class=\"cta_post_container\">\n<div class=\"cta_post_mid\">\n<div class=\"cta_post_mid_left\"><div class=\"cta_post_image\"><img src='https:\/\/www.minimumdepositcasinos.org\/at\/wp-content\/uploads\/2023\/07\/22Bet_400x400.jpg' \/><\/div><div class=\"cta_post_name\">22bet<div class=\"cta_post_rating\"><img src='\/wp-content\/themes\/mdc2024\/images\/star-yellow.svg' alt='Star'\/><img src='\/wp-content\/themes\/mdc2024\/images\/star-yellow.svg' alt='Star'\/><img src='\/wp-content\/themes\/mdc2024\/images\/star-yellow.svg' alt='Star'\/><img src='\/wp-content\/themes\/mdc2024\/images\/star-yellow.svg' alt='Star'\/><img src='\/wp-content\/themes\/mdc2024\/images\/star-yellow.svg' alt='Star'\/><\/div><\/div>\n<div class=\"clear\"><\/div>\n<\/div>\n<div class=\"cta_post_mid_offer\">\nEinzahlung \u20ac1 erh\u00e4lt 100% BONUS BIS ZU 300 EUR<\/div>\n<div class=\"clear\"><\/div>\n<div class=\"cta_post_bottom\">\n\t<a href=\"\/at\/go\/22bet@at-1\/?pos=CASINO ERSTEINZAHLUNGSBONUS\" class=\"mainctabutton\" target=\"_blank\" onclick=\"DL_Push('')\">Besuch<\/a><\/div>\n<\/div>\n<div class=\"cta_post_terms\"><\/div>\n<\/div><\/div><br\/>\n\n\n\n<h2 class=\"wp-block-heading\">Zahlungsmethoden in \u00f6sterreichischen Minimum Deposit Casinos<\/h2>\n\n\n\n<p>Die Auswahl der <a href=\"\/at\/casino-zahlungsoptionen\/\">Zahlungsmethode<\/a> spielt f\u00fcr \u00f6sterreichische Spieler bei Online-Casinos eine wichtige Rolle \u2013 sei es f\u00fcr Bonusangebote oder Auszahlungen von Gewinnen. Einige Zahlungs m\u00f6glichkeiten zeichnen sich durch schnelle Transaktionen aus und bieten niedrige Geb\u00fchren sowie hohe Sicherheitsstandards.<\/p>\n\n\n\n<p>Andere sind haupts\u00e4chlich in bestimmten Region beliebt. In \u00d6sterreich erfreuen sich Kreditkarten wie Visa und Mastercard gro\u00dfer Beliebtheit. E-Wallets wie PayPal Skrill und <a href=\"\/at\/casino-zahlungsoptionen\/neteller\/\">Neteller<\/a> haben ebenfalls viele Unterst\u00fctzer. Nat\u00fcrlich werden auch herk\u00f6mmliche Bank\u00fcberweisungen oft genutzt. Es gibt jedoch auch neue Anbieter:<\/p>\n\n\n\n<p>Eine beliebte Option im Trend sind Kryptow\u00e4hrungen derzeit besonders bei \u00f6sterreichischen Casino-Spielern gefragter denn je.CoinPaid ist ein gutes Beispiel daf\u00fcr, wie eine reibungslose Integration von Anonymit\u00e4t und niedrigen Kosten erreicht werden kann.<\/p>\n\n\n\n<p>Egal f\u00fcr welche Methode man sich entscheidet &#8211; \u00f6sterreichische Spieler haben eine gro\u00dfe Auswahl an flexiblen Zahlungs m\u00f6glichkeiten. Wer also auf der Suche nach dem perfekten Casino f\u00fcr seine individuelle Zahlungspr\u00e4ferenz ist, muss nicht lange suchen, denn wir bieten die ideale L\u00f6sung f\u00fcr jeden Anspruch!<\/p>\n\n\n\n<h2 class=\"wp-block-heading\">Casino Spiele mit minimaler Einzahlung Casino \u00d6sterreich<\/h2>\n\n\n\n<p>Wenn es darum geht, <a href=\"\/at\/spiele-guides\/\">Casino Spiele online<\/a> in \u00d6sterreich zu genie\u00dfen, m\u00fcssen Sie nicht tief in die Tasche greifen. \u00d6sterreichische Casinos mit niedriger Einzahlung bieten eine erschwingliche und zug\u00e4ngliche M\u00f6glichkeit, die Spannung des Gl\u00fccksspiels ohne hohe finanzielle Risiken zu erleben. Diese Casinos richten sich an eine breite Palette von Spielern, sei es ein Gelegenheitsspieler, der nach\u202fOnline Spiele gratis\u202fsucht, oder ein erfahrener Spieler, der jeden Einsatz z\u00e4hlt.<\/p>\n\n\n\n<p>Einer der Hauptvorteile von Mindesteinzahlung-Casinos in \u00d6sterreich ist ihre inklusive Natur. Sie begr\u00fc\u00dfen Spieler mit unterschiedlichen Budgets, indem sie niedrige Mindesteinzahlungsanforderungen anbieten, manchmal schon ab wenigen Euro. Das bedeutet, selbst wenn Sie kein High Roller sind, k\u00f6nnen Sie dennoch die Aufregung Ihrer Lieblingscasinospiele erleben, von Spielautomaten und Tischspielen bis hin zu Live-Dealer-Optionen.<\/p>\n\n\n\n<p>Dar\u00fcber hinaus ist die Vielfalt der Spiele in diesen Casinos beeindruckend. Sie k\u00f6nnen aus einer breiten Auswahl an <a href=\"\/at\/spiele-guides\/online-slots\/\">Spielautomaten<\/a> mit verschiedenen Themen und Funktionen w\u00e4hlen, klassische Tischspiele wie Blackjack und Roulette spielen und sogar Live-Dealer-Spiele f\u00fcr eine intensivere Erfahrung genie\u00dfen. Die Zug\u00e4nglichkeit und Vielfalt der Optionen machen Mindesteinzahlung-Casinos in \u00d6sterreich zu einer ausgezeichneten Wahl sowohl f\u00fcr Anf\u00e4nger als auch f\u00fcr erfahrene Spieler.<\/p>\n\n\n\n<p>Ob Sie also Ihr Gl\u00fcck versuchen oder einfach eine gute Zeit haben m\u00f6chten, diese Casinos bieten einen Zugang zur Welt des Casino-Gl\u00fccksspiels in \u00d6sterreich, ohne dass Sie gr\u00f6\u00dfere Geldsummen investieren m\u00fcssen. Es ist eine ausgezeichnete M\u00f6glichkeit die\u202f<a href=\"\/at\/online-casinos\/\">Besten Online Casinos \u00d6sterreich<\/a>\u202fkennenzulernen und von tollen\u202fOnline Casino Bonusse\u202fund Aktionen zu profitieren. In diesem Artikel stellen wir Ihnen einige der besten Mindesteinzahlungscasinos in \u00d6sterreich vor und erkl\u00e4ren Ihnen, wie Sie sie finden und nutzen k\u00f6nnen. Wir geben Ihnen auch unsere ehrlichen und unabh\u00e4ngigen\u202fOnline Casino Bewertungen\u202fund Tipps f\u00fcr jedes Casino. Lesen Sie weiter und entdecken Sie die besten\u202fCasino Spiele mit 1 Euro Einzahlung.<\/p>\n\n\n\n<h3 class=\"wp-block-heading\">Akzeptierte W\u00e4hrungen in \u00f6sterreichischen Minimum Deposit Casinos <\/h3>\n\n\n\n<p>In \u00f6sterreichischen Minimum Deposit Casinos werden verschiedene W\u00e4hrungen akzeptiert, um Spielern aus verschiedenen L\u00e4ndern den Zugang zu erm\u00f6glichen. Die g\u00e4ngigsten akzeptierten W\u00e4hrungen sind Euro und US-Dollar. Je nach Angebot des Casinos k\u00f6nnen jedoch auch andere W\u00e4hrungen akzeptiert werden<\/p>\n\n\n\n<h3 class=\"wp-block-heading\">Die besten landbasierten Casinos in \u00d6sterreich<\/h3>\n\n\n\n<figure class=\"wp-block-table\"><table><tbody><tr><td>Casino Wien<\/td><td><br><a href=\"https:\/\/www.google.com\/maps\/place\/Casino+Wien\/@48.2044512,16.3703204,19z\/data=!3m1!4b1!4m5!3m4!1s0x476d079c161bf51b:0x223b46af788437e!8m2!3d48.2044512!4d16.3708676?shorturl=1\">Kaerntner Strasse 41, Palais Esterhazy \u00b7 1010 Vienna<\/a><\/td><td><br>+43 1 5124836<\/td><td>09:00 &#8211; 05:00 Uhr Mo &#8211; So<\/td><\/tr><tr><td>Casino Salzburg<\/td><td><br><a href=\"https:\/\/www.google.com\/maps\/place\/Casino+Salzburg\/@47.8195712,12.9920258,17z\/data=!3m1!4b1!4m6!3m5!1s0x47768f87ed129197:0xea41d020fbf62247!8m2!3d47.8195712!4d12.9920258!16s%2Fg%2F11_rfctjs?entry=ttu&amp;g_ep=EgoyMDI1MDMxNi4wIKXMDSoASAFQAw%3D%3D\">Kle\u00dfheim 1c, Schloss Klessheim \u00b7 5071 Wals<\/a><\/td><td><br>+43 662 854455<\/td><td>11:00 &#8211; 03:00 So &#8211; Do, 11:00 &#8211; 04:00 Fr &#8211; Sa<\/td><\/tr><tr><td>Casino Baden<\/td><td><br><a href=\"https:\/\/www.google.com\/maps?q=Casino+Baden,+Kaiser+Franz-Ring+1,+2500+Baden&amp;ftid=0x476db06090a6b889:0x78eca70aab20ee5b&amp;hl=de-AT&amp;gl=at&amp;shorturl=1\">Kaiser Franz-Ring 1 \u00b7 2500 Bade<\/a>n<\/td><td><br>+43 2252 44496<\/td><td>15:00 &#8211; 03:00 Uhr Mo &#8211; So<\/td><\/tr><\/tbody><\/table><\/figure>\n\n\n\n<h2 class=\"wp-block-heading\">Lizenzierung und Sicherheit bei \u00f6sterreichischen Casinos<\/h2>\n\n\n<div class=\"wp-block-image\">\n<figure class=\"alignleft size-full\"><a href=\"https:\/\/www.bmf.gv.at\/public.html\"><img loading=\"lazy\" decoding=\"async\" width=\"300\" height=\"100\" src=\"https:\/\/www.minimumdepositcasinos.org\/at\/wp-content\/uploads\/2024\/06\/BMF-Logo.jpg\" alt=\"BMF Logo\" class=\"wp-image-18165\"\/><\/a><\/figure><\/div>\n\n\n<p>\u00d6sterreichische Spieler k\u00f6nnen sich darauf verlassen, dass sie in sicheren und lizenzierten Online-Casinos spielen, die strengen gesetzlichen Vorschriften unterliegen. Das Online-Gl\u00fccksspiel in \u00d6sterreich wird vom Bundesministerium f\u00fcr Finanzen (BMF) reguliert, das sicherstellt, dass Casino-Betreiber alle gesetzlichen Anforderungen einhalten.<\/p>\n\n\n\n<p>Ein g\u00fcltige Lizenz ist eine Grundvoraussetzung f\u00fcr den legalen Betrieb eines <a href=\"\/at\/online-casinos\/\">Online-Casinos in \u00d6sterreich<\/a>. Daher sollten Spieler immer darauf achten, dass ein Casino \u00fcber eine offizielle Lizenz einer anerkannten Regulierungsbeh\u00f6rde verf\u00fcgt, wie z. B.:<\/p>\n\n\n\n<ul class=\"wp-block-list\">\n<li>\u00d6sterreichische Gl\u00fccksspiellizenz (Bundesministerium f\u00fcr Finanzen) \u2013 Regelt das nationale Gl\u00fccksspielangebot.<\/li>\n\n\n\n<li>Malta Gaming Authority (MGA) \u2013 Viele Casinos mit Mindesteinzahlung sind in Malta lizenziert und f\u00fcr \u00f6sterreichische Spieler zug\u00e4nglich.<\/li>\n\n\n\n<li>Gibraltar, UK Gambling Commission oder Cura\u00e7ao eGaming \u2013 Internationale Lizenzen, die ebenfalls hohe Sicherheitsstandards erf\u00fcllen.<\/li>\n<\/ul>\n\n\n\n<p>Mindesteinzahlung Casinos mit \u20ac1, \u20ac5 oder \u20ac10 Einzahlung bieten eine sichere und faire Spielumgebung, da sie:<\/p>\n\n\n\n<ul class=\"wp-block-list\">\n<li>Moderne SSL-Verschl\u00fcsselung nutzen, um Spielerdaten zu sch\u00fctzen.<\/li>\n\n\n\n<li>Regelm\u00e4\u00dfig von unabh\u00e4ngigen Pr\u00fcfinstituten wie eCOGRA getestet werden, um faires Spiel sicherzustellen.<\/li>\n\n\n\n<li>Datenschutzrichtlinien befolgen, um pers\u00f6nliche Informationen der Spieler zu sichern.<\/li>\n<\/ul>\n\n\n\n<p>Auch in Casinos ohne Mindesteinzahlung gelten die gleichen hohen Sicherheitsstandards, sodass Spieler mit minimalem Risiko spielen k\u00f6nnen, ohne Abstriche bei Sicherheit oder Spielerschutz zu machen.<\/p>\n\n\n\n<h2 class=\"wp-block-heading\">Verantwortungsvolles Spielen in \u00f6sterreichischen Online Casinos<\/h2>\n\n\n\n<p>Mindesteinzahlung Casinos in \u00d6sterreich erfreuen sich gro\u00dfer Beliebtheit, da sie Spielerinnen und Spielern erm\u00f6glichen, mit kleinen Betr\u00e4gen zu spielen, ohne hohe Risiken einzugehen. Doch w\u00e4hrend attraktive Boni und eine riesige Spielauswahl locken, ist auch verantwortungsbewusstes Spielen ein essenzieller Bestandteil des sicheren Gl\u00fccksspiels. In \u00d6sterreich liegt das gesetzliche Mindestalter f\u00fcr Gl\u00fccksspiele bei 18 Jahren \u2013 f\u00fcr einige landbasierte Casinos sogar bei 21 Jahren.<\/p>\n\n\n\n<p>Gl\u00fccksspiel kann unterhaltsam und gewinnbringend sein, birgt jedoch auch das Risiko einer Gl\u00fccksspielsucht. Daher unterliegen alle seri\u00f6sen \u00f6sterreichischen Online-Casinos strengen Vorschriften, um sicherzustellen, dass Spielerinnen und Spieler in einem kontrollierten und sicheren Umfeld spielen k\u00f6nnen. Dazu geh\u00f6ren:<\/p>\n\n\n\n<ul class=\"wp-block-list\">\n<li>Einzahlungslimits zur Kontrolle des Spielverhaltens<\/li>\n\n\n\n<li>Selbstsperre (Selbstexklusion) f\u00fcr Spieler, die eine Pause vom Spielen ben\u00f6tigen<\/li>\n\n\n\n<li>Begrenzte Spieloptionen f\u00fcr risikoreiche Spielerprofile<\/li>\n\n\n\n<li>Spielerschutz f\u00fcr Minderj\u00e4hrige, um unter 18-J\u00e4hrige vom Gl\u00fccksspiel auszuschlie\u00dfen<\/li>\n<\/ul>\n\n\n\n<p>Hilfe und Unterst\u00fctzung f\u00fcr verantwortungsvolles Spielen<br>F\u00fcr Spielerinnen und Spieler, die das Gef\u00fchl haben, die Kontrolle \u00fcber ihr Spielverhalten zu verlieren, gibt es in \u00d6sterreich professionelle Beratungsstellen:<\/p>\n\n\n\n<ul class=\"wp-block-list\">\n<li><a href=\"https:\/\/www.playsponsible.at\/\" target=\"_blank\" rel=\"noreferrer noopener\">Spielerschutz.at<\/a> \u2013 Eine zentrale Plattform f\u00fcr Spieler, die sich \u00fcber verantwortungsbewusstes Spielen informieren oder sich selbst f\u00fcr Online-Casinos sperren lassen m\u00f6chten.<\/li>\n\n\n\n<li><strong>Spielsuchtberatung der B\u00d6P<\/strong> \u2013 Unterst\u00fctzung und Beratung f\u00fcr Menschen, die von problematischem Spielverhalten betroffen sind.<\/li>\n\n\n\n<li><strong>\u00d6sterreichische Gesellschaft f\u00fcr Gl\u00fccksspiel und Abh\u00e4ngigkeit (\u00d6GGAA)<\/strong> \u2013 Bietet Pr\u00e4ventions- und Hilfsangebote f\u00fcr Spieler mit Suchtproblemen.<\/li>\n\n\n\n<li><strong>Institut Suchtpr\u00e4vention<\/strong> \u2013 Gl\u00fccksspielsucht \u2013 F\u00f6rdert Bewusstsein und Pr\u00e4ventionsma\u00dfnahmen f\u00fcr verantwortungsvolles Spielen.<\/li>\n\n\n\n<li><strong><a href=\"https:\/\/www.fachstelle-gluecksspielsucht.at\/betroffene\/behandlungsmoeglichkeiten\/\">Behandlungsm\u00f6glichkeiten &#8211; Fachstelle Gl\u00fccksspielsucht:<\/a><\/strong> Diese Fachstelle bietet umfassende Beratung und Behandlungsm\u00f6glichkeiten f\u00fcr Menschen, die von Gl\u00fccksspielsucht betroffen sind. Sie bieten individuelle Therapieangebote, Gruppensitzungen und pr\u00e4ventive Ma\u00dfnahmen, um betroffenen Personen zu helfen, ihr Spielverhalten zu kontrollieren und gesund zu bleiben.<\/li>\n<\/ul>\n\n\n\n<p>\u00d6sterreichische Online-Casinos mit niedrigen Einzahlungen setzen sich aktiv f\u00fcr den Spielerschutz und <a href=\"\/at\/verantwortungsvolles-spielen\/\">verantwortungsvolles Spielen<\/a> ein. Wenn Sie in einem Mindesteinzahlung Casino \u00d6sterreich spielen m\u00f6chten, achten Sie darauf, dass es seri\u00f6s lizenziert ist und Schutzmechanismen wie Einzahlungslimits und Selbstsperre bietet. Gl\u00fccksspiel sollte immer eine Form der Unterhaltung bleiben \u2013 spielen Sie mit Verantwortung!<\/p>\n\n\n\n<h2 class=\"wp-block-heading\">Kundensupport <\/h2>\n\n\n\n<p>Der Kundensupport f\u00fcr \u00f6sterreichische Casinos ist ausgezeichnet und bietet verschiedene Kommunikationskan\u00e4le, darunter Live-Chat und WhatsApp. Spieler k\u00f6nnen schnell und bequem Fragen stellen, Hilfe erhalten oder Probleme kl\u00e4ren. Der Live-Chat erm\u00f6glicht Echtzeitkommunikation mit dem Kundendienstteam, w\u00e4hrend WhatsApp eine praktische Option f\u00fcr direkte Nachrichten bietet. Der zuverl\u00e4ssige Kundensupport tr\u00e4gt dazu bei, dass Spieler ein reibungsloses und angenehmes Casinoerlebnis genie\u00dfen k\u00f6nnen.<\/p>\n","protected":false},"excerpt":{"rendered":"<p>Das Casino mit niedriger Mindesteinzahlung des Monats Mit einer Einzahlung von nur 1 \u20ac k\u00f6nnen Sie bis zu 50 Freispiele bei Lucky Crown Spins erhalten! Aber das ist noch nicht alles! Entdecken Sie eine riesige Auswahl an Spielautomaten, von Klassikern wie Wolf of Katsubet bis zu neuen Hits wie Hot Samba. Registrieren Sie sich jetzt [&hellip;]<\/p>\n","protected":false},"author":1,"featured_media":17943,"parent":0,"menu_order":0,"comment_status":"closed","ping_status":"open","template":"page_money.php","meta":{"_acf_changed":false,"footnotes":""},"class_list":["post-2","page","type-page","status-publish","has-post-thumbnail","hentry"],"acf":[],"_links":{"self":[{"href":"https:\/\/www.minimumdepositcasinos.org\/at\/wp-json\/wp\/v2\/pages\/2","targetHints":{"allow":["GET"]}}],"collection":[{"href":"https:\/\/www.minimumdepositcasinos.org\/at\/wp-json\/wp\/v2\/pages"}],"about":[{"href":"https:\/\/www.minimumdepositcasinos.org\/at\/wp-json\/wp\/v2\/types\/page"}],"author":[{"embeddable":true,"href":"https:\/\/www.minimumdepositcasinos.org\/at\/wp-json\/wp\/v2\/users\/1"}],"replies":[{"embeddable":true,"href":"https:\/\/www.minimumdepositcasinos.org\/at\/wp-json\/wp\/v2\/comments?post=2"}],"version-history":[{"count":52,"href":"https:\/\/www.minimumdepositcasinos.org\/at\/wp-json\/wp\/v2\/pages\/2\/revisions"}],"predecessor-version":[{"id":18886,"href":"https:\/\/www.minimumdepositcasinos.org\/at\/wp-json\/wp\/v2\/pages\/2\/revisions\/18886"}],"wp:featuredmedia":[{"embeddable":true,"href":"https:\/\/www.minimumdepositcasinos.org\/at\/wp-json\/wp\/v2\/media\/17943"}],"wp:attachment":[{"href":"https:\/\/www.minimumdepositcasinos.org\/at\/wp-json\/wp\/v2\/media?parent=2"}],"curies":[{"name":"wp","href":"https:\/\/api.w.org\/{rel}","templated":true}]}}