{"id":201,"date":"2023-07-20T17:16:59","date_gmt":"2023-07-20T15:16:59","guid":{"rendered":"https:\/\/www.minimumdepositcasinos.org\/at\/?page_id=201"},"modified":"2024-03-22T12:20:53","modified_gmt":"2024-03-22T11:20:53","slug":"mastercard","status":"publish","type":"page","link":"https:\/\/www.minimumdepositcasinos.org\/at\/casino-zahlungsoptionen\/mastercard\/","title":{"rendered":"Mastercard"},"content":{"rendered":"\n<h2 class=\"wp-block-heading\">Was macht Mastercard zur besten Zahlungsmethode in Online-Casinos?<\/h2>\n\n\n\n<p>Es gibt viele Vorteile, Mastercard in \u00f6sterreichischen Online Casinos zu verwenden. Neben den Vorteilen bequemer und sicherer Zahlungen k\u00f6nnen Spieler auch von den Boni profitieren, die mit Mastercard einhergehen.<\/p>\n\n\n\n<p>Sobald Sie die H\u00fcrde der Zahlung in einem \u00f6sterreichischen Online Casino genommen haben, k\u00f6nnen Sie sofort loslegen und die vielen verf\u00fcgbaren Spiele genie\u00dfen sowie von anderen Aktionen profitieren. Was Zahlungsmethoden wie Mastercard besonders macht, ist, dass Sie ein Limit f\u00fcr Ihre Ausgaben haben.<\/p>\n\n\n\n<p>Die meisten Menschen besitzen bereits eine Kreditkarte, was sie zu einer offensichtlichen Option f\u00fcr Online-Zahlungen macht. Sie wird von seri\u00f6sen Online Casinos in \u00d6sterreich weitgehend akzeptiert, da sie den Wert einer Mastercard als <a href=\"\/at\/casino-zahlungsoptionen\/\">Zahlungsmethode<\/a> erkannt haben. Es wird schwer sein, ein Casino zu finden, das sie nicht als Zahlungsoption anbietet.<\/p>\n\n\n\n<h2 class=\"wp-block-heading\">Die besten Mastercard-akzeptierten Online-Casinos<\/h2>\n\n\n\n<p>Mastercard ist eine beliebte Zahlungsmethode, die in den meisten Online Casinos verf\u00fcgbar ist. Das liegt daran, dass es eine vertrauensw\u00fcrdige Methode ist, die viele Vorteile bietet. Bei den besten Online Casinos k\u00f6nnen Sie erwarten, dass Mastercard ganz oben auf der Liste der verf\u00fcgbaren Optionen steht.<\/p>\n\n\n\n<p>Reputable Casinos legen gro\u00dfen Wert darauf, dass Spieler nur \u00fcber die besten Mittel verf\u00fcgen. Zahlungen sind ein wesentlicher Bestandteil von Casinos, und ohne die Gewissheit, dass sie sicher sind, sinkt das Vertrauen. Deshalb geh\u00f6ren Casinos, die Mastercard akzeptieren, zu den vertrauensw\u00fcrdigsten in der Branche.<\/p>\n\n\n\n<h2 class=\"wp-block-heading\">Minimale Einzahlungen bei Mastercard Casinos<\/h2>\n\n\n\n<p>\u00d6sterreichische Spielbanken, die Mastercard akzeptieren, bieten verschiedene minimale Einzahlungsoptionen an, um allen Spielertypen gerecht zu werden. Mit einer <a href=\"\/at\/casinos-mit-e5-mindesteinzahlung\/\">Einzahlung von 5 \u20ac<\/a> k\u00f6nnen Sie kosteng\u00fcnstig spielen. Sie haben die M\u00f6glichkeit, mit oder ohne Einzahlung zu spielen. Die minimale Einzahlung ohne Bonus ist oft niedriger als die mit einem Bonus, bei dem jedoch der Bonuswert h\u00f6her ausf\u00e4llt. Ein <a href=\"\/at\/20-e-mindesteinlage-casinos\/\">20 \u20ac Casino Einzahlungsbonus<\/a> erm\u00f6glicht l\u00e4ngeres und gr\u00fcndlicheres Spielen. Mit Mastercard k\u00f6nnen Sie bereits mit einem geringen Betrag beginnen und dennoch ein unterhaltsames Spielerlebnis genie\u00dfen.<\/p>\n\n\n\n<h2 class=\"wp-block-heading\">Die besten Online-Casinos, die Mastercard akzeptieren<\/h2>\n\n\n\n<p>\u00d6sterreichische Spieler k\u00f6nnen jetzt eine Vielzahl von Mastercard-Spielbanken nutzen, die legalisiert wurden. Sie haben jetzt die Chance, an unglaublichen Spielbanken teilzunehmen, die eine sichere Plattform f\u00fcr Transaktionen bieten.<\/p>\n\n\n\n<p>Die besten \u00f6sterreichischen Spielbanken mit Mastercard bieten viele Vorteile, die daf\u00fcr sorgen, dass Sie nicht nur bequeme Zahlungen vornehmen k\u00f6nnen, sondern auch lukrative Willkommensboni abgreifen k\u00f6nnen. Bei diesen Spielbanken gibt es keinen Mangel an dem, was Sie erwarten k\u00f6nnen, einschlie\u00dflich der verschiedenen Sicherheitsma\u00dfnahmen, die eingef\u00fchrt wurden.<\/p>\n\n\n\n<h2 class=\"wp-block-heading\">Wie man Mastercard in einem Online Casino in \u00d6sterreich verwendet<\/h2>\n\n\n\n<p>Mastercard ist eine der einfachsten Zahlungsmethoden f\u00fcr Online Casinos mit minimaler Einzahlung. Sie m\u00fcssen zun\u00e4chst ein Konto einrichten und es mit Ihrer Einzahlung aufladen. Dann k\u00f6nnen Sie diese Methode nutzen, um eine aufregende Gl\u00fccksspielreise zu beginnen, neue Spiele zu entdecken und einen Willkommensbonus zu erhalten.<\/p>\n\n\n\n<p>Sobald Ihr Konto eingerichtet ist, k\u00f6nnen Sie die vielen Vorteile der besten Online Casinos genie\u00dfen. Wenn Sie den Prozess von Anfang an richtig angehen, k\u00f6nnen Sie nahtlos spielen und sicher sein, dass Ihre Daten jederzeit gesch\u00fctzt sind.<\/p>\n\n\n\n<h3 class=\"wp-block-heading\">Ein Mastercard-Konto einrichten<\/h3>\n\n\n\n<p>Das Er\u00f6ffnen eines Mastercard-Kontos erm\u00f6glicht einen lebensver\u00e4ndernden Kreditantrag. Ihre Kreditw\u00fcrdigkeit wird gepr\u00fcft, und das Limit h\u00e4ngt von der Erschwinglichkeit ab. Besuchen Sie die Mastercard-Website, um die passende Karte zu finden und den Prozess mit Ihrer Bank zu starten. Beachten Sie, dass Sie die Karte nicht direkt online beantragen k\u00f6nnen, aber Informationen \u00fcber verf\u00fcgbare Kreditkartentypen finden Sie auf der Webseite. Nach Pr\u00fcfung Ihrer Anspruchsberechtigung f\u00fcllen Sie das Formular aus und reichen es bei Ihrer Bank ein.<\/p>\n\n\n\n<h3 class=\"wp-block-heading\">Einzahlung auf Ihr Mastercard Spielbank-Konto<\/h3>\n\n\n\n<p>Das Einzahlen von Geld auf Ihr Konto bei einer Online Casino Spielbank ist in \u00d6sterreich ganz einfach. Sie k\u00f6nnen entweder Ihre Mastercard Debitkarte oder Kreditkarte verwenden. Mit der Debitkarte k\u00f6nnen Sie den gew\u00fcnschten Betrag direkt auf Ihr Mastercard-Konto einzahlen. Bei der Kreditkarte hingegen gibt es ein vorher festgelegtes Limit, das auf Ihre finanziellen M\u00f6glichkeiten abgestimmt ist.<\/p>\n\n\n\n<h2 class=\"wp-block-heading\">Abhebungen mit Mastercard und \u00f6sterreichischen Online Casinos<\/h2>\n\n\n\n<p>Der Zeitpunkt einer Auszahlung ist ein aufregender Moment, und zu wissen, wie schnell Sie Ihre Gewinne erhalten, ist noch aufregender. Mit Mastercard erhalten Sie Ihre Gewinne innerhalb von 24-48 Stunden.<\/p>\n\n\n\n<p>Das Casino legt einen Mindest- und H\u00f6chstbetrag fest, den Sie abheben k\u00f6nnen. Die Auszahlung mit Mastercard ist recht einfach: Sie m\u00fcssen nur den Kassen- oder Bankbereich des Casinos besuchen.<\/p>\n\n\n\n<p>W\u00e4hlen Sie den Betrag, den Sie abheben m\u00f6chten, nachdem Sie sich vergewissert haben, dass Sie Ihren Bonus entsprechend umgesetzt haben. Best\u00e4tigen Sie die Transaktion, und Ihr Gewinn wird in k\u00fcrzester Zeit auf Ihrer Karte angezeigt. Die besten \u00f6sterreichischen Casinos werden ihr Bestes tun, um Ihre Auszahlungsanfrage sofort zu bearbeiten, aber Ihre Bank ben\u00f6tigt m\u00f6glicherweise etwas l\u00e4nger, um Ihr Geld freizugeben.<\/p>\n","protected":false},"excerpt":{"rendered":"<p>Was macht Mastercard zur besten Zahlungsmethode in Online-Casinos? Es gibt viele Vorteile, Mastercard in \u00f6sterreichischen Online Casinos zu verwenden. Neben den Vorteilen bequemer und sicherer Zahlungen k\u00f6nnen Spieler auch von den Boni profitieren, die mit Mastercard einhergehen. Sobald Sie die H\u00fcrde der Zahlung in einem \u00f6sterreichischen Online Casino genommen haben, k\u00f6nnen Sie sofort loslegen und [&hellip;]<\/p>\n","protected":false},"author":4,"featured_media":202,"parent":65,"menu_order":0,"comment_status":"closed","ping_status":"closed","template":"page_money.php","meta":{"_acf_changed":false,"footnotes":""},"class_list":["post-201","page","type-page","status-publish","has-post-thumbnail","hentry"],"acf":[],"_links":{"self":[{"href":"https:\/\/www.minimumdepositcasinos.org\/at\/wp-json\/wp\/v2\/pages\/201","targetHints":{"allow":["GET"]}}],"collection":[{"href":"https:\/\/www.minimumdepositcasinos.org\/at\/wp-json\/wp\/v2\/pages"}],"about":[{"href":"https:\/\/www.minimumdepositcasinos.org\/at\/wp-json\/wp\/v2\/types\/page"}],"author":[{"embeddable":true,"href":"https:\/\/www.minimumdepositcasinos.org\/at\/wp-json\/wp\/v2\/users\/4"}],"replies":[{"embeddable":true,"href":"https:\/\/www.minimumdepositcasinos.org\/at\/wp-json\/wp\/v2\/comments?post=201"}],"version-history":[{"count":12,"href":"https:\/\/www.minimumdepositcasinos.org\/at\/wp-json\/wp\/v2\/pages\/201\/revisions"}],"predecessor-version":[{"id":17876,"href":"https:\/\/www.minimumdepositcasinos.org\/at\/wp-json\/wp\/v2\/pages\/201\/revisions\/17876"}],"up":[{"embeddable":true,"href":"https:\/\/www.minimumdepositcasinos.org\/at\/wp-json\/wp\/v2\/pages\/65"}],"wp:featuredmedia":[{"embeddable":true,"href":"https:\/\/www.minimumdepositcasinos.org\/at\/wp-json\/wp\/v2\/media\/202"}],"wp:attachment":[{"href":"https:\/\/www.minimumdepositcasinos.org\/at\/wp-json\/wp\/v2\/media?parent=201"}],"curies":[{"name":"wp","href":"https:\/\/api.w.org\/{rel}","templated":true}]}}