{"id":260,"date":"2023-08-02T12:00:14","date_gmt":"2023-08-02T10:00:14","guid":{"rendered":"https:\/\/www.minimumdepositcasinos.org\/at\/?page_id=260"},"modified":"2024-04-17T13:41:15","modified_gmt":"2024-04-17T11:41:15","slug":"allgemeine-geschaeftsbedingungen","status":"publish","type":"page","link":"https:\/\/www.minimumdepositcasinos.org\/at\/allgemeine-geschaeftsbedingungen\/","title":{"rendered":"Allgemeine Gesch\u00e4ftsbedingungen"},"content":{"rendered":"\n<h2 class=\"wp-block-heading\">1. Einf\u00fchrung<\/h2>\n\n\n\n<p>Minimum Deposit Casinos (\u201e<strong>MDC<\/strong>\u201c) und alle von MDC kontrollierten Einheiten werden hier gemeinsam als \u201ewir\u201c, \u201euns\u201c oder \u201eunser\u201c bezeichnet.<\/p>\n\n\n\n<p>Bitte lesen Sie diese Nutzungsbedingungen, bevor Sie Inhalte einer beliebigen MDC-Website nutzen. Durch die Nutzung einer MDC-Website stimmen Sie den in diesem Dokument festgelegten Nutzungsbedingungen zu.<\/p>\n\n\n\n<p>Wenn Sie mit diesen Nutzungsbedingungen nicht einverstanden sind, d\u00fcrfen Sie MDC-Websites nicht nutzen.<\/p>\n\n\n\n<p>Wir behalten uns das Recht vor, jederzeit und nach eigenem Ermessen Abschnitte dieser Nutzungsbedingungen hinzuzuf\u00fcgen, zu \u00e4ndern, zu l\u00f6schen oder anzupassen. Die Verfahren hierzu sind im Abschnitt mit der Bezeichnung &#8220;\u00c4nderung&#8221; festgelegt.<\/p>\n\n\n\n<h2 class=\"wp-block-heading\">2. Verg\u00fctung<\/h2>\n\n\n\n<p>Durch die fortgesetzte Nutzung unserer Websites erkennen Sie an, dass diesen Nutzungsbedingungen angemessene Erw\u00e4gungen zugrunde liegen. Sie erkennen an, dass diese Erw\u00e4gungen, ohne Einschr\u00e4nkung, die Nutzung der MDC-Websites, den Erhalt von Daten von uns, Materialien, Daten oder Informationen, die \u00fcber unsere Websites verf\u00fcgbar sind, die M\u00f6glichkeit unserer Nutzung sowie die Anzeige oder \u00dcberpr\u00fcfung Ihrer Einsendungen gem\u00e4\u00df dem Abschnitt mit der Bezeichnung \u201eEinsendungen\u201c umfassen.<\/p>\n\n\n\n<h2 class=\"wp-block-heading\">3. Einschr\u00e4nkungen bei der Verwendung von Materialien<\/h2>\n\n\n\n<h3 class=\"wp-block-heading\">Urheberrecht<\/h3>\n\n\n\n<p>Alle Informationen, die auf MDC-Websites enthalten sind, sind unser urheberrechtliches Eigentum und\/oder das Eigentum unserer Lizenzgeber und Lizenznehmer.<\/p>\n\n\n\n<h3 class=\"wp-block-heading\">Marken<\/h3>\n\n\n\n<p>Alle Marken oder Handelsnamen geh\u00f6ren MDC und\/oder den oben genannten Lizenzgebern oder Lizenznehmern. Informationen von uns d\u00fcrfen in keiner Weise kopiert, erneut ver\u00f6ffentlicht, verteilt oder reproduziert werden.<\/p>\n\n\n\n<h3 class=\"wp-block-heading\">Pers\u00f6nliche Nutzung<\/h3>\n\n\n\n<p>MDC-Websites sind nur f\u00fcr den pers\u00f6nlichen Gebrauch bestimmt. Jegliche gesch\u00e4ftliche Nutzung unserer Websites ist strengstens untersagt. Sie d\u00fcrfen unsere Websites nicht auf eine Weise nutzen, die gesetzwidrig ist oder einer anderen Person oder Einheit Schaden zuf\u00fcgt.<\/p>\n\n\n\n<h3 class=\"wp-block-heading\">Einsendungen<\/h3>\n\n\n\n<p>Wenn Sie uns unerw\u00fcnschte Einsendungen, sei es absichtlich oder unbeabsichtigt, im Rahmen Ihrer Nutzung einer MDC-Website zusenden, einschlie\u00dflich, aber nicht beschr\u00e4nkt auf Inhalte oder Materialien, Texte, Daten, Bilder, Videos, Audio, audiovisuelle und\/oder andere biografische Informationen oder Materialien, die zusammenfassend als Benutzer generierte Inhalte bezeichnet werden k\u00f6nnen, gestatten wir und unsere bevollm\u00e4chtigten Vertreter die uneingeschr\u00e4nkte Nutzung dieser Inhalte.<\/p>\n\n\n\n<p>Wenn es Unklarheiten bez\u00fcglich der Definition von benutzergenerierten Inhalten gibt, gelten solche Inhalte als Einsendungen gem\u00e4\u00df den Nutzungsbedingungen. Einsendungen erfolgen ohne Vertraulichkeitszusicherung, und sie dienen nicht der Schaffung einer Treuhand- oder Treuebeziehung zwischen Ihnen und uns.<\/p>\n\n\n\n<h2 class=\"wp-block-heading\">4. Sicherheit<\/h2>\n\n\n\n<p>Sie verpflichten sich, uns umgehend \u00fcber jegliche Sicherheitsverletzung zu informieren, von der Sie Kenntnis erlangen und die eine MDC-Website betrifft. Wir lehnen jede Haftung f\u00fcr Verluste oder Sch\u00e4den ab, die aus Ihrer Nichteinhaltung dieses Abschnitts entstehen.<\/p>\n\n\n\n<h2 class=\"wp-block-heading\">5. Website-Regeln<\/h2>\n\n\n\n<p>Folgende Website-Regeln gelten f\u00fcr MDC-Websites. Durch die Nutzung unserer Websites stimmen Sie zu, dass:<\/p>\n\n\n\n<ul class=\"wp-block-list\">\n<li>Sie keinerlei Produkte und\/oder Dienstleistungen, die Ihnen auf einer MDC-Website zur Verf\u00fcgung stehen, f\u00fcr kommerzielle Zwecke jeglicher Art verwenden werden.<\/li>\n\n\n\n<li>Sie keine Computerdateien oder Software verteilen, ver\u00f6ffentlichen, hochladen, einreichen oder anderweitig verf\u00fcgbar machen, die einen Virus oder einen \u00e4hnlichen sch\u00e4dlichen Bestandteil enthalten, der eine MDC-Website beeintr\u00e4chtigen oder besch\u00e4digen kann oder anderweitig die Benutzbarkeit von MDC-Websites f\u00fcr andere Benutzer beeintr\u00e4chtigt oder besch\u00e4digt.<\/li>\n\n\n\n<li>Sie Ihre Identit\u00e4t nicht falsch darstellen oder eine Person durch Verwendung ihrer biografischen Informationen oder ihres Erscheinungsbilds imitieren werden.<\/li>\n\n\n\n<li>Sie sich nicht st\u00f6rend auf unseren Websites verhalten werden.<\/li>\n\n\n\n<li>Sie keine Haftungsausschl\u00fcsse, Urheberrechts- oder Markenvermerke oder rechtliche Hinweise \u00e4ndern werden, f\u00fcr die Sie keine ausdr\u00fcckliche Genehmigung haben.<\/li>\n\n\n\n<li>Sie keine strafbaren Handlungen begehen oder sich zu strafbaren Handlungen verschw\u00f6ren werden.<br>Wir k\u00f6nnen nicht garantieren, dass andere Benutzer unsere Website-Regeln oder andere Bestimmungen dieser Nutzungsbedingungen einhalten. Durch die Nutzung unserer Websites \u00fcbernehmen Sie hiermit alle Risiken, die sich aus der Nichteinhaltung ergeben k\u00f6nnen.<\/li>\n<\/ul>\n\n\n\n<p>Wenn wir Sie auffordern, Ihre E-Mail-Adresse oder Telefonnummer anzugeben, m\u00fcssen Sie Ihre echte E-Mail-Adresse oder Ihre echte Telefonnummer angeben, und Sie erkl\u00e4ren sich hiermit damit einverstanden.<\/p>\n\n\n\n<h2 class=\"wp-block-heading\">6. Recht auf Entfernung von Inhalten<\/h2>\n\n\n\n<p>Wir behalten uns das Recht vor (nehmen jedoch keine Verantwortung daf\u00fcr), jegliche von Benutzern dieser Website erstellten Inhalte zu entfernen. Wir behalten uns das Recht vor, einer Anordnung von Strafverfolgungsbeh\u00f6rden bez\u00fcglich der Identifizierung eines Benutzers Folge zu leisten, der angeblich unsere Websites in Verletzung des Gesetzes nutzt. Dies kann die Herausgabe von Inhalten und anderen Einsendungen an Strafverfolgungsbeh\u00f6rden einschlie\u00dfen.<\/p>\n\n\n\n<h2 class=\"wp-block-heading\">7. Von MDC-Websites verlinkte Inhalte<\/h2>\n\n\n\n<p>Wenn Sie sich auf einer MDC-Website befinden, k\u00f6nnen Sie auf andere Websites au\u00dferhalb unserer Kontrolle und au\u00dferhalb unseres Dienstes verwiesen werden. Wenn Sie beispielsweise auf eine Schaltfl\u00e4che &#8220;Jetzt spielen&#8221; klicken, werden Sie von der MDC-Website zu einem von einem unserer B2B-Marketing-Partner kontrollierten Dienst weitergeleitet. Sie erkennen an, dass Sie, wenn Sie auf einen Link klicken, unsere Website verlassen und den auf den Websites, die im Besitz und unter der Leitung dieses Partners unabh\u00e4ngig von MDC betrieben werden, anderen Nutzungsbedingungen und Datenschutzrichtlinien unterliegen. Wir k\u00f6nnen nicht f\u00fcr die Rechtm\u00e4\u00dfigkeit des Materials verantwortlich gemacht werden, das auf den Websites aufgef\u00fchrt ist<\/p>\n\n\n\n<h2 class=\"wp-block-heading\">8. Haftungsausschluss<\/h2>\n\n\n\n<p>Der Inhalt, die Informationen und alle Daten, die Materialien auf MDC-Websites bilden, werden ohne jegliche Gew\u00e4hrleistungen bereitgestellt. Im gesetzlich zul\u00e4ssigen Umfang lehnen wir alle Gew\u00e4hrleistungen ab. Wir garantieren nicht, dass unsere Informationen fehlerfrei sind oder dass sie nicht veraltet oder sch\u00e4dliche Materialien, Viren oder \u00e4hnliche Komponenten enthalten. Sie \u00fcbernehmen die Kosten f\u00fcr alle Probleme, die sich aus der Nutzung unserer Websites ergeben. Wir \u00fcbernehmen ausdr\u00fccklich keine Verantwortung f\u00fcr die Richtigkeit der Informationen auf unseren Websites. Wir k\u00f6nnen nicht f\u00fcr Ihre Zufriedenheit mit einem Produkt oder einer Dienstleistung haftbar gemacht werden, die Sie nach Verlassen unserer Websites oder von einem Dritten, der von unseren Websites verlinkt ist, in Anspruch nehmen. Sie verzichten hiermit auf jegliche Anspr\u00fcche gegen uns in Bezug auf die auf unseren Websites oder auf Websites von Dritten enthaltenen Informationen. Wir raten Ihnen, das Unternehmen, mit dem Sie auf einer dieser Websites Dritter Gesch\u00e4fte machen, angemessen zu \u00fcberpr\u00fcfen.<\/p>\n\n\n\n<h2 class=\"wp-block-heading\">9. Freistellung<\/h2>\n\n\n\n<p>Sie erkl\u00e4ren sich hiermit damit einverstanden, uns von jeglichen Verlusten freizustellen und schadlos zu halten, die sich aus dem Zugriff auf unsere Websites ergeben.<\/p>\n\n\n\n<h2 class=\"wp-block-heading\">10. Haftungsbeschr\u00e4nkung<\/h2>\n\n\n\n<p>UNTER KEINEN UMST\u00c4NDEN, EINSCHLIESSLICH FAHRL\u00c4SSIGKEIT, HAFTEN WIR IHNEN, IRGENDEINER PERSON ODER IRGENDEINEM UNTERNEHMEN F\u00dcR FOLGESCH\u00c4DEN, EINSCHLIESSLICH ABER NICHT BESCHR\u00c4NKT AUF ENTGANGENE GEWINNE, K\u00d6RPERVERLETZUNG, SACHSCH\u00c4DEN ODER SONSTIGE VERLUSTE, DIE AUS DER NUTZUNG EINER MDC-WEBSITE ODER VON MATERIALIEN ENTSTEHEN.<\/p>\n\n\n\n<p>Zudem haften wir oder damit verbundene Parteien unter keinen Umst\u00e4nden f\u00fcr einen vermeintlichen Leistungsausfall, der durch Gr\u00fcnde jenseits unserer vern\u00fcnftigen Kontrolle oder einen Fall von h\u00f6herer Gewalt verursacht wird, einschlie\u00dflich, aber nicht beschr\u00e4nkt auf Ausr\u00fcstungs-, Strom- und\/oder technische Ausf\u00e4lle, Streitigkeiten, St\u00f6rungen, Naturkatastrophen, Regierungsma\u00dfnahmen oder Anordnungen ausl\u00e4ndischer Gerichte.<\/p>\n\n\n\n<p>Sie erkl\u00e4ren sich weiterhin damit einverstanden, dass weder wir noch eine mit uns verbundene Einheit f\u00fcr eine Unvertr\u00e4glichkeit zwischen unseren Websites und einer Website Dritter, einschlie\u00dflich, aber nicht beschr\u00e4nkt auf unsere Betreiberpartner, verantwortlich oder haftbar gemacht werden k\u00f6nnen, oder f\u00fcr Verz\u00f6gerungen, die Sie bei Transaktionen im Zusammenhang mit unseren Websites erleben. Die in diesem Abschnitt und in diesen Bedingungen festgelegten Beschr\u00e4nkungen gelten im gesetzlich zul\u00e4ssigen Umfang.<\/p>\n\n\n\n<h2 class=\"wp-block-heading\">11. Gerichtsstand und Gerichtsbarkeit<\/h2>\n\n\n\n<p>Sie erkl\u00e4ren sich damit einverstanden, dass jegliche Klage aus diesen Bedingungen vor den irischen Gerichten eingereicht wird.<\/p>\n\n\n\n<p>Wir geben keine Zusicherung, dass Informationen auf einer MDC-Website f\u00fcr die Verwendung an einem bestimmten Ort geeignet oder verf\u00fcgbar sind. Diejenigen, die unsere Websites nutzen, \u00fcbernehmen die Verantwortung f\u00fcr die Einhaltung der geltenden Gesetze in ihrer \u00f6rtlichen Gerichtsbarkeit.<\/p>\n\n\n\n<h2 class=\"wp-block-heading\">12. \u00c4nderung<\/h2>\n\n\n\n<p>Wir behalten uns das Recht vor, diese Bedingungen jederzeit ohne Vorank\u00fcndigung zu \u00e4ndern. Als Benutzer sollten Sie diese Bedingungen regelm\u00e4\u00dfig auf \u00c4nderungen \u00fcberpr\u00fcfen.<\/p>\n\n\n\n<h2 class=\"wp-block-heading\">13. Beendigung<\/h2>\n\n\n\n<p>Diese Bedingungen gelten, bis sie von einer der Parteien beendet werden. Die Parteien dieser Bedingungen sind MDC und Sie.<\/p>\n\n\n\n<p>Sie k\u00f6nnen diese Bedingungen jederzeit beenden, indem Sie MDC-Websites nicht mehr nutzen und unsere \u00fcber MDC-Websites abgerufenen Materialien zerst\u00f6ren.<\/p>\n\n\n\n<p>In Bezug auf Sie k\u00f6nnen wir diese Bedingungen nach eigenem Ermessen und ohne Vorank\u00fcndigung beenden. In diesem Fall bitten wir Sie, die Nutzung von MDC-Websites einzustellen.<\/p>\n\n\n\n<h2 class=\"wp-block-heading\">14. Allgemeine Bestimmungen<\/h2>\n\n\n\n<p>Diese Nutzungsbedingungen werden gem\u00e4\u00df den Gesetzen Irlands ausgelegt. Sollte eine Bestimmung innerhalb dieser Bedingungen als rechtswidrig oder anderweitig nicht durchsetzbar angesehen werden, so gilt diese einzelne Bestimmung als von diesen Bedingungen als Ganzes trennbar und beeintr\u00e4chtigt nicht die G\u00fcltigkeit und Durchsetzbarkeit der verbleibenden Bestimmungen innerhalb dieser Bedingungen.<\/p>\n\n\n\n<p>Eine Verzichterkl\u00e4rung bez\u00fcglich einer Bestimmung in diesen Bedingungen gilt nicht als weiterer Verzicht auf diese Bestimmung oder eine andere Bestimmung.<\/p>\n\n\n\n<p>SIE ERKL\u00c4REN SICH DAMIT EINVERSTANDEN, DASS JEGLICHER KLAGEGRUND, DER MIT EINER MDC-WEBSITE ZUSAMMENH\u00c4NGT, INNERHALB VON 1 JAHR NACH DER ENTSTEHUNG DES KLAGEGRUNDES EINGEREICHT WERDEN MUSS, ANDERNFALLS WIRD DIESER KLAGEGRUND AUSGESCHLOSSEN.<\/p>\n\n\n\n<h2 class=\"wp-block-heading\">15. Sprachversionen<\/h2>\n\n\n\n<p>Bei Unstimmigkeiten zwischen der englischsprachigen Version dieser Bedingungen und einer anderen Sprachversion dieser Bedingungen hat die englischsprachige Version Vorrang.<br>Stand der Seite: 29. August 2018<\/p>\n","protected":false},"excerpt":{"rendered":"<p>1. Einf\u00fchrung Minimum Deposit Casinos (\u201eMDC\u201c) und alle von MDC kontrollierten Einheiten werden hier gemeinsam als \u201ewir\u201c, \u201euns\u201c oder \u201eunser\u201c bezeichnet. Bitte lesen Sie diese Nutzungsbedingungen, bevor Sie Inhalte einer beliebigen MDC-Website nutzen. Durch die Nutzung einer MDC-Website stimmen Sie den in diesem Dokument festgelegten Nutzungsbedingungen zu. Wenn Sie mit diesen Nutzungsbedingungen nicht einverstanden sind, [&hellip;]<\/p>\n","protected":false},"author":4,"featured_media":0,"parent":0,"menu_order":0,"comment_status":"closed","ping_status":"closed","template":"","meta":{"_acf_changed":false,"footnotes":""},"class_list":["post-260","page","type-page","status-publish","hentry"],"acf":[],"_links":{"self":[{"href":"https:\/\/www.minimumdepositcasinos.org\/at\/wp-json\/wp\/v2\/pages\/260","targetHints":{"allow":["GET"]}}],"collection":[{"href":"https:\/\/www.minimumdepositcasinos.org\/at\/wp-json\/wp\/v2\/pages"}],"about":[{"href":"https:\/\/www.minimumdepositcasinos.org\/at\/wp-json\/wp\/v2\/types\/page"}],"author":[{"embeddable":true,"href":"https:\/\/www.minimumdepositcasinos.org\/at\/wp-json\/wp\/v2\/users\/4"}],"replies":[{"embeddable":true,"href":"https:\/\/www.minimumdepositcasinos.org\/at\/wp-json\/wp\/v2\/comments?post=260"}],"version-history":[{"count":3,"href":"https:\/\/www.minimumdepositcasinos.org\/at\/wp-json\/wp\/v2\/pages\/260\/revisions"}],"predecessor-version":[{"id":18038,"href":"https:\/\/www.minimumdepositcasinos.org\/at\/wp-json\/wp\/v2\/pages\/260\/revisions\/18038"}],"wp:attachment":[{"href":"https:\/\/www.minimumdepositcasinos.org\/at\/wp-json\/wp\/v2\/media?parent=260"}],"curies":[{"name":"wp","href":"https:\/\/api.w.org\/{rel}","templated":true}]}}