{"id":278,"date":"2023-08-02T17:27:04","date_gmt":"2023-08-02T15:27:04","guid":{"rendered":"https:\/\/www.minimumdepositcasinos.org\/at\/?page_id=278"},"modified":"2026-01-15T11:30:35","modified_gmt":"2026-01-15T10:30:35","slug":"frei-spiele","status":"publish","type":"page","link":"https:\/\/www.minimumdepositcasinos.org\/at\/frei-spiele\/","title":{"rendered":"Free Spins"},"content":{"rendered":"\n<h2 class=\"wp-block-heading\">Mindesteinlagen bei Casinos mit Freispielen<\/h2>\n\n\n\n<p>Die Gl\u00fccksspieleinrichtungen mit Mindesteinzahlung bieten \u00f6sterreichischen Spielern unterschiedliche Einzahlungsbetr\u00e4ge an. Zun\u00e4chst k\u00f6nnen Sie Ihr Gl\u00fcck mit einer <a href=\"\/at\/casinos-mit-1-e-mindesteinzahlung\/\">Einzahlung von 1 \u20ac<\/a> versuchen oder es mit 5 \u20ac weiter treiben.<\/p>\n\n\n\n<p>bwSobald Sie das Vertrauen gewonnen haben, mehr zu erkunden, k\u00f6nnen Sie es <a href=\"\/at\/e10-mindesteinlage-casinos\/\">mit einer minimalen Einzahlung von 10 \u20ac<\/a> oder <a href=\"\/at\/20-e-mindesteinlage-casinos\/\">20\u20ac Einzahlung Casinos<\/a> versuchen. In diesen Online-Casinos sind die M\u00f6glichkeiten endlos und Sie k\u00f6nnen neue Spiele und die gesamte Umgebung ausprobieren<\/p>\n\n\n\n<p>Es ist m\u00f6glich, dass Sie bei diesen Casinos mit Mindesteinzahlung beeindruckende Boni erhalten k\u00f6nnen. Und was noch besser ist: Freispiele sind immer verf\u00fcgbar. \u00d6sterreichische Slot-Fans sind oft beeindruckt, dass sie so viel f\u00fcr so wenig bekommen k\u00f6nnen.<\/p>\n\n\n\n<h2 class=\"wp-block-heading\">Bester Free Spin Bonus des Monats<\/h2>\n\n\n\n<p>Tauchen Sie ein in die Welt der Freispiele und spannenden Boni mit diesem attraktiven Bonus von <a href=\"\/at\/bewertungen\/bwin\/\">Bwin Casino und Sportwetten!<\/a> Bwin ist bekannt f\u00fcr seine gro\u00dfz\u00fcgigen Boni f\u00fcr ihre Spieler und bietet Ihnen jetzt einen 100% Bonus bis zu 200 \u20ac auf Ihre n\u00e4chste Einzahlung!<\/p>\n\n\n\n<p>Mit Ihrer ersten Einzahlung erhalten Sie 50 Freispiele auf einigen ihrer exklusiven Slots und Jackpot-Slots:<\/p>\n\n\n\n<ul class=\"wp-block-list\">\n<li>Spielautomat: Book of Horus<\/li>\n\n\n\n<li>Jackpot-Spielautomat: Book of Myths<\/li>\n\n\n\n<li>Jackpot-Spielautomat: Loot&#8217;en Khamon und die Schriftrollen vom Toten Meer<\/li>\n<\/ul>\n\n\n\n<p>Fordern Sie diesen Bonus an, indem Sie eine <a href=\"\/at\/e10-mindesteinlage-casinos\/\">Mindesteinzahlung von 10 \u20ac<\/a> leisten. Die Freispiele k\u00f6nnen f\u00fcr eine Auswahl an erstklassigen Spielen verwendet werden. Erleben Sie den Nervenkitzel und maximieren Sie Ihre Gewinnchancen mit diesen Freispielen.<\/p>\n\n\n\n<p>Bwin ist bekannt f\u00fcr seine fairen und transparenten Umsatzbedingungen, sodass Sie sich eines fairen Spielerlebnisses sicher sein k\u00f6nnen.<\/p>\n\n\n\n<p>Mit dem Bwin-Bonus k\u00f6nnen Sie tolle Spiele genie\u00dfen, ohne die Bank zu sprengen. Verpassen Sie nicht die Chance, sich kostenlose Gewinnm\u00f6glichkeiten zu sichern und die aufregende Welt des Online-Casinos zu entdecken.<\/p>\n\n\n\n<p>Besuchen Sie Bwin jetzt, um von diesem gro\u00dfz\u00fcgigen Angebot zu profitieren und Ihre Casino-Reise mit einem Paukenschlag zu beginnen!<\/p>\n\n\n\n<br\/><div class=\"cta_post_box\">\n<div class=\"cta_post_top\"><div class=\"cta_post_title\">Willkommenes Angebot<\/div><\/div>\n<div class=\"cta_post_container\">\n<div class=\"cta_post_mid\">\n<div class=\"cta_post_mid_left\"><div class=\"cta_post_image\"><img src='https:\/\/www.minimumdepositcasinos.org\/at\/wp-content\/uploads\/2024\/03\/bwin-casino-logo1.jpg' \/><\/div><div class=\"cta_post_name\">Bwin<div class=\"cta_post_rating\"><img src='\/wp-content\/themes\/mdc2024\/images\/star-yellow.svg' alt='Star'\/><img src='\/wp-content\/themes\/mdc2024\/images\/star-yellow.svg' alt='Star'\/><img src='\/wp-content\/themes\/mdc2024\/images\/star-yellow.svg' alt='Star'\/><img src='\/wp-content\/themes\/mdc2024\/images\/star-yellow.svg' alt='Star'\/><img src='\/wp-content\/themes\/mdc2024\/images\/star-white.svg' alt='Star'\/><\/div><\/div>\n<div class=\"clear\"><\/div>\n<\/div>\n<div class=\"cta_post_mid_offer\">\nEinzahlung 10 erh\u00e4lt BIZ ZU 200\u20ac + 50 FREISPIELE<\/div>\n<div class=\"clear\"><\/div>\n<div class=\"cta_post_bottom\">\n\t<a href=\"\/at\/go\/bwin@cta-post\/?pos=Willkommenes Angebot\" class=\"mainctabutton\" target=\"_blank\" onclick=\"DL_Push('')\">Besuch<\/a><\/div>\n<\/div>\n<div class=\"cta_post_terms\"><\/div>\n<\/div><\/div><br\/>\n\n\n\n<h3 class=\"wp-block-heading\">Die Arten von Freispielen in \u00f6sterreichischen Online-Casinos<\/h3>\n\n\n\n<p>FFreispiele zu erhalten ist immer ein angenehmer Teil eines Online-Casino-Bonus. Wenn Sie sich n\u00e4her informieren, werden Sie feststellen, dass es in \u00f6sterreichischen Online Spielotheken eine Vielzahl von Freispielen gibt.<\/p>\n\n\n\n<p>Dazu geh\u00f6ren die begehrten Freispiele ohne Einzahlung, Freispiele mit gleicher Einzahlung und Treue\/VIP-Freispiele. Im Folgenden finden Sie einige der beliebtesten Arten von Freispielen. Schauen wir uns das genauer an.<\/p>\n\n\n\n<h3 class=\"wp-block-heading\">Willkommensbonusse bei Casinos mit Freispielen<\/h3>\n\n\n\n<p>Wenn Sie zum ersten Mal in einem Online-Casino einzahlen, haben Sie die M\u00f6glichkeit, den Willkommensbonus anzunehmen. Bei dem Bonus handelt es sich oft um ein 100 %-Angebot bis zu einem bestimmten Betrag, der durch Freispiele weiter erh\u00f6ht wird.<\/p>\n\n\n\n<p>Abh\u00e4ngig von der minimalen Einzahlung, die Sie geleistet haben, kann der Wert der Freispiele betr\u00e4chtlich sein. Der Willkommensbonus kann viele Formen annehmen. Mit dem Bonus f\u00fcr Freispiele k\u00f6nnen sie t\u00e4glich vergeben werden, bis sie vollst\u00e4ndig umgesetzt sind.<\/p>\n\n\n\n<p>Wenn Sie zum Beispiel 100 Freispiele haben, k\u00f6nnen diese auf 5 Tage aufgeteilt werden, an denen Sie t\u00e4glich 20 Freispiele erhalten. Ein Bonus kann nur einmal in Anspruch genommen werden, insbesondere wenn es sich um einen Willkommensbonus handelt.<\/p>\n\n\n\n<p>Danach k\u00f6nnen Sie weitere Aktionen aufdecken, um Ihr Spiel zu verl\u00e4ngern. Hoffentlich gewinnen Sie mehr Freispiele, wenn Sie die Walzen drehen. Einige Automatenspiele haben gro\u00dfz\u00fcgige Freispiele.<\/p>\n\n\n\n<h3 class=\"wp-block-heading\">Einsatzbedingungen f\u00fcr Freispiele Online Casinos \u00d6sterreich<\/h3>\n\n\n\n<p>Freispiele sind oft mit einer Durchspielrate oder Rollover-Anforderungen verbunden. Die Einsatzanforderungen beziehen sich auf die Anzahl der Eins\u00e4tze, die Sie f\u00fcr Ihre Gewinne t\u00e4tigen m\u00fcssen, bevor Sie eine Auszahlung beantragen k\u00f6nnen.<\/p>\n\n\n\n<p>Das Online-Casino informiert Sie dar\u00fcber, wie oft Sie Ihre Freispiele einsetzen m\u00fcssen. Dies ist immer ein unabh\u00e4ngiger Betrag und beinhaltet nicht den Willkommensbonus.<\/p>\n\n\n\n<p>Es kann zum Beispiel sein, dass Sie aufgefordert werden, die Gewinne aus den Freispielen 40x umzusetzen, w\u00e4hrend der Bonusbetrag 35x umgesetzt werden sollte. Wenn Sie also sowohl mit den Freispielen als auch mit dem Bonus spielen, m\u00fcssen Sie beides voneinander trennen.<\/p>\n\n\n\n<p>Die Umsatzbedingungen finden Sie in den Bonusbedingungen. Lesen Sie sie daher unbedingt. Sie werden auch \u00fcber die G\u00fcltigkeit des Bonus (Ablaufdatum) informiert. Stellen Sie sicher, dass Sie den Bonus vor seinem Ablauf umsetzen.<\/p>\n\n\n\n<h3 class=\"wp-block-heading\">Keine Einzahlung f\u00fcr Freispiele in \u00f6sterreichischen Online-Casinos<\/h3>\n\n\n\n<p>Spieler, die ein Online-Casino und seine Spiele ausprobieren m\u00f6chten, k\u00f6nnen dies mit verschiedenen Boni tun. Einer der besten Boni ist der Freispielbonus ohne Einzahlung. Er ist nicht an eine Einzahlung gebunden und daher technisch gesehen kostenlos.<\/p>\n\n\n\n<p>Sie k\u00f6nnen diesen Bonus als Teil eines Willkommensbonus erhalten, aber oft wird er gew\u00e4hrt, um ein neues Spiel auszuprobieren. Dieser Bonus kann auch an treue Mitglieder vergeben werden. Obwohl eine Einzahlung nicht erforderlich ist, m\u00fcssen Sie den Bonus dennoch umsetzen.<\/p>\n\n\n\n<p>Das hei\u00dft, wenn Sie echtes Geld gewinnen, m\u00fcssen Sie es eine bestimmte Anzahl von Malen einsetzen. Dieser Bonus ist begehrt, denn er erm\u00f6glicht es den Spielern zu entscheiden, ob es sich lohnt, sich bei einem seri\u00f6sen Online-Casino anzumelden. Und wer mag kein Gratisgeld? \u00d6sterreichische Fans von Casinos mit Mindesteinzahlung haben die M\u00f6glichkeit, ihre Chancen zu erh\u00f6hen, da sie mit einem Bonus spielen k\u00f6nnen, f\u00fcr den kein Bonus erforderlich ist.<\/p>\n\n\n\n<p>Einige Spieler m\u00f6gen dieser Art von Boni skeptisch gegen\u00fcberstehen. Schlie\u00dflich klingt es zu sch\u00f6n, um wahr zu sein. Was ihn zu einem echten Bonus macht, ist die Tatsache, dass er an Umsatzbedingungen gekn\u00fcpft ist, dass die online casino um Ihre Aufmerksamkeit konkurrieren und dass es die Chance gibt, echtes Geld zu gewinnen.<\/p>\n\n\n\n<p>Auch bei dieser Art von Bonus haben Sie die Chance, den Jackpot zu knacken, wie bei jedem anderen Bonus auch. Hinzu kommt, dass Casino-Spiele mit RNG-Software (Random Number Generator) verwenden.<\/p>\n\n\n\n<p>Das bedeutet, dass die Chancen auf einen Gewinn genauso gro\u00df sind wie bei den anderen Spielen. Spiele mit verschiedenen Arten von Boni k\u00f6nnen nicht manipuliert werden. Diese Art von Boni ist nicht leicht zu bekommen, aber wir halten immer die Augen nach solchen Angeboten offen.<\/p>\n\n\n\n<h2 class=\"wp-block-heading\">\u00d6sterreichische Social Play Casinos<\/h2>\n\n\n\n<p>Bei Social Play Casinos handelt es sich um eine besondere M\u00f6glichkeit f\u00fcr Spieler, sich zu unterhalten, ohne echtes Geld riskieren zu m\u00fcssen. Solche Casinos werden in \u00d6sterreich immer beliebter.<\/p>\n\n\n\n<p>In einem typischen Social Play Casino, anders als z.B. bei Casinos mit kleiner Einzahlung, findet man eine Vielzahl von Spielautomaten-Spielen, die man normalerweise in traditionellen Casinos sieht. Es gibt da klassische Slots Maschinen, Video Slots und Tischspiele, die alle ohne Einzahlung verf\u00fcgbar gemacht wurden. Diese Kasinos sind ideal f\u00fcr Anf\u00e4nger oder solche Spieler, die einfach nur zum Spa\u00df spielen und das spielerische Gef\u00fchl vollkommen erfassen m\u00f6chten.<\/p>\n\n\n\n<p>Die Attraktion dieser Kasinos liegt nicht nur darin begr\u00fcndet , dass sie freien Spielen bieten sondern auch durch die Gemeinschaftseigenschaften. \u00dcberall in \u00d6sterreich oder sogar auf der ganzen Welt k\u00f6nnen die Teilnehmer miteinander kommunizieren und somit ihre Erfahrungen teilen sowie an Wettbewerben teilnehmen. In traditionellen Kasinos fehlen oft diese Interaktivit\u00e4ts-und Spa\u00dfstufen.<\/p>\n\n\n\n<p>Auf Plattformen wie Jackpot.de k\u00f6nnen Benutzer kostenlos teilnehmen und gratis Spiele genie\u00dfen. Diese Plattform bietet den Nutzern die M\u00f6glichkeit, viele Casinospiele von klassischen Fruchtspielautomaten bis hin zu modernen Videopokerautomaten sowie Casinospielen wie Roulette und Blackjack zu probieren.<\/p>\n\n\n\n<p>Das Spielen von Jackpot.de er\u00f6ffnet den Spielern die Chance, sich untereinander kennenzulernen und zu interagieren. Dies ist durch die regelm\u00e4\u00dfige Organisation von Events und Turnieren m\u00f6glich, bei denen Spieler ihre F\u00e4higkeiten demonstrieren k\u00f6nnen und gegen andere spielen d\u00fcrfen.<\/p>\n\n\n\n<p>Letztendlich sind \u00f6sterreichische Social Play Kasinos beste Ziele f\u00fcr Menschen,die das Casinoerlebnis haben m\u00f6chten ,ohne dabei ihr Geld verlieren zu m\u00f6chten . Die Plattformen bieten eine Vielzahl von online Spiele gratis und eine lebhafte Community,gibt es daher lustige wie risikofreie Weise in das Gl\u00fccksspiel hineinzutauchen.<\/p>\n\n\n\n<h3 class=\"wp-block-heading\">Wie wir Freispiele in Casinos bewerten<\/h3>\n\n\n\n<p>Auf den ersten Blick scheinen Freispiele ganz einfach zu sein. Es gibt jedoch mehrere Faktoren, die zu beachten sind. Wenn wir einen Bonus mit Freispielen pr\u00fcfen, konzentrieren wir uns auf die Umsatzbedingungen, um sicherzustellen, dass es sich lohnt, ihn anzunehmen.<\/p>\n\n\n\n<p>Wir schauen uns die G\u00fcltigkeit des Bonus an und beurteilen, ob Sie genug Zeit haben, ihn zu setzen. Auch die Arten von Spielen, die mit Freispielen angeboten werden, m\u00fcssen ber\u00fccksichtigt werden. Denn Sie m\u00f6chten ein spannendes Spiel spielen und die Freispiele nicht nur um ihrer selbst willen annehmen.<\/p>\n\n\n\n<p>Der Wert der Freispiele unterscheidet sich von einem Online-Casino mit Mindesteinzahlung zum anderen. Wie Sie bereits wissen, gibt es verschiedene Arten von Boni. Es kann auch sein, dass ein Bonus ohne Einsatz und ohne Einzahlung eine Obergrenze f\u00fcr die Gewinne hat.<\/p>\n\n\n\n<p>Wenn es sich um einen Willkommensbonus mit Freispielen handelt, m\u00fcssen Sie den Bonus eine bestimmte Anzahl von Spielen umsetzen. Wir vergleichen auch die minimalen Einzahlungen und den Wert der Freispiele, die Sie damit erhalten k\u00f6nnen.<\/p>\n\n\n\n<p>In Casino A erhalten Sie zum Beispiel 10 Freispiele bei einer Mindesteinzahlung von 10 \u20ac. Casino B k\u00f6nnte Ihnen die gleiche Anzahl von Freispielen mit einer Einzahlung von 20 \u20ac anbieten. Logischerweise macht das Angebot von Spielothek A mehr Sinn. W\u00e4hrend wir die Boni pr\u00fcfen, achten wir darauf, das beste Angebot eines seri\u00f6sen Online-Casinos zu nehmen.<\/p>\n\n\n\n<h3 class=\"wp-block-heading\">Wie man Boni f\u00fcr Freispiele in Online Casinos in \u00d6sterreich einfordert<\/h3>\n\n\n\n<p>Wenn Sie bereit sind, Ihre Freispiele bei <a href=\"https:\/\/prd.minimumdepositcasinos.org\/at\/online-casinos\/\">\u00f6sterreichischen Online-Casinos<\/a> in Anspruch zu nehmen, k\u00f6nnen Sie der Schritt-f\u00fcr-Schritt-Anleitung folgen, die Ihnen genau zeigt, wie Sie vorgehen. Die genauen Anweisungen unterscheiden sich je nach Online-Casino \u2013 wir geben Ihnen aber ein typisches Beispiel.<\/p>\n\n\n\n<ul class=\"wp-block-list\">\n<li>Melden Sie sich f\u00fcr ein Konto an, indem Sie alle erforderlichen Informationen angeben. Dieser Vorgang dauert bei den meisten online-kasinos weniger als eine Minute.<\/li>\n\n\n\n<li>Sobald Ihr Konto verifiziert ist, erhalten Sie Ihre l\u00e4nderspezifische Zahlungsoption. Bevor Sie eine Einzahlung vornehmen, sollten Sie den Freispiele-Bonus ausw\u00e4hlen und den Bonuscode eingeben (falls Sie ihn haben). Verwenden Sie bei Casinos mit Mindesteinzahlung nur Bonuscodes, die von den Online-Casinos oder von seri\u00f6sen Quellen wie unseren ausgegeben werden.<\/li>\n\n\n\n<li>Der Freispielbonus wird auf Ihrem Casino-Konto verf\u00fcgbar sein. Wenn Sie sich anmelden, haben Sie den Bedingungen zugestimmt. Vergewissern Sie sich, dass Sie verstehen, was von Ihnen verlangt wird, um den Bonus zu setzen.<\/li>\n\n\n\n<li>W\u00e4hlen Sie Spielautomaten, bei denen Freispiele m\u00f6glich sind. Beginnen Sie, mit Ihrem Bonus ein au\u00dfergew\u00f6hnliches Spielerlebnis freizuschalten.<\/li>\n<\/ul>\n\n\n\n<h2 class=\"wp-block-heading\">Was wir an Freispielen in Online Casinos in \u00d6sterreich lieben<\/h2>\n\n\n\n<p>Freispiele klingen, als h\u00e4tten Sie den Jackpot schon gewonnen, bevor Sie \u00fcberhaupt gespielt haben. Das liegt daran, dass es verschiedene Arten von Freispielen gibt, und Sie k\u00f6nnen einen ausw\u00e4hlen, der zu Ihrem Geldbeutel passt.<\/p>\n\n\n\n<p>Diese Boni sind aus vielen Gr\u00fcnden unglaublich, zum Beispiel, um die Spiele auszuprobieren und ein Gef\u00fchl f\u00fcr das Online Casino selbst zu bekommen. Online Casinos mit Freispielen in \u00d6sterreich werden immer beliebter, weil der Wert des Angebots im Verh\u00e4ltnis zur Mindesteinzahlung steht.<\/p>\n\n\n\n<p>Solche Angebote sind f\u00fcr Spieler empfehlenswert, insbesondere solche mit g\u00fcnstigen Einsatzbedingungen. Seien Sie immer wachsam und nehmen Sie nur Angebote von seri\u00f6sen \u00f6sterreichischen Online-Casinos an. Dazu geh\u00f6rt auch, dass Sie die Gesch\u00e4ftsbedingungen kennen und einhalten.<\/p>\n\n\n\n<p>Mit den verschiedenen Arten von Boni f\u00fcr Freispiele k\u00f6nnen Sie sich eine fantastische Welt des Spiels erschlie\u00dfen. Fordern Sie also Ihre Freispiele an und schlie\u00dfen Sie sich vielen anderen \u00d6sterreichern an, die sich auf eine Reise voller Unterhaltung begeben.<\/p>\n","protected":false},"excerpt":{"rendered":"<p>Mindesteinlagen bei Casinos mit Freispielen Die Gl\u00fccksspieleinrichtungen mit Mindesteinzahlung bieten \u00f6sterreichischen Spielern unterschiedliche Einzahlungsbetr\u00e4ge an. Zun\u00e4chst k\u00f6nnen Sie Ihr Gl\u00fcck mit einer Einzahlung von 1 \u20ac versuchen oder es mit 5 \u20ac weiter treiben. bwSobald Sie das Vertrauen gewonnen haben, mehr zu erkunden, k\u00f6nnen Sie es mit einer minimalen Einzahlung von 10 \u20ac oder 20\u20ac [&hellip;]<\/p>\n","protected":false},"author":4,"featured_media":281,"parent":0,"menu_order":0,"comment_status":"closed","ping_status":"closed","template":"page_money.php","meta":{"_acf_changed":false,"footnotes":""},"class_list":["post-278","page","type-page","status-publish","has-post-thumbnail","hentry"],"acf":[],"_links":{"self":[{"href":"https:\/\/www.minimumdepositcasinos.org\/at\/wp-json\/wp\/v2\/pages\/278","targetHints":{"allow":["GET"]}}],"collection":[{"href":"https:\/\/www.minimumdepositcasinos.org\/at\/wp-json\/wp\/v2\/pages"}],"about":[{"href":"https:\/\/www.minimumdepositcasinos.org\/at\/wp-json\/wp\/v2\/types\/page"}],"author":[{"embeddable":true,"href":"https:\/\/www.minimumdepositcasinos.org\/at\/wp-json\/wp\/v2\/users\/4"}],"replies":[{"embeddable":true,"href":"https:\/\/www.minimumdepositcasinos.org\/at\/wp-json\/wp\/v2\/comments?post=278"}],"version-history":[{"count":20,"href":"https:\/\/www.minimumdepositcasinos.org\/at\/wp-json\/wp\/v2\/pages\/278\/revisions"}],"predecessor-version":[{"id":18884,"href":"https:\/\/www.minimumdepositcasinos.org\/at\/wp-json\/wp\/v2\/pages\/278\/revisions\/18884"}],"wp:featuredmedia":[{"embeddable":true,"href":"https:\/\/www.minimumdepositcasinos.org\/at\/wp-json\/wp\/v2\/media\/281"}],"wp:attachment":[{"href":"https:\/\/www.minimumdepositcasinos.org\/at\/wp-json\/wp\/v2\/media?parent=278"}],"curies":[{"name":"wp","href":"https:\/\/api.w.org\/{rel}","templated":true}]}}