{"id":340,"date":"2023-08-17T14:50:33","date_gmt":"2023-08-17T12:50:33","guid":{"rendered":"https:\/\/www.minimumdepositcasinos.org\/at\/?page_id=340"},"modified":"2024-03-22T12:24:01","modified_gmt":"2024-03-22T11:24:01","slug":"paypal","status":"publish","type":"page","link":"https:\/\/www.minimumdepositcasinos.org\/at\/casino-zahlungsoptionen\/paypal\/","title":{"rendered":"Paypal"},"content":{"rendered":"\n<h2 class=\"wp-block-heading\">Von Einzahlungen bis hin zu Auszahlungen: Wie PayPal Ihre Erfahrung im Online Casino verbessert<\/h2>\n\n\n\n<p>PayPal ist nicht nur in Online Casinos beliebt. Der Zahlungsdienstleister wird in vielen Bereichen eingesetzt, sodass es f\u00fcr Spieler attraktiv ist, diesen auch in seri\u00f6sen Online-Casinos zu nutzen. Dabei handelt es sich um ein sogenanntes e-Wallet und kann unter anderem als Zahlungsschnittstelle verstanden werden.<\/p>\n\n\n\n<p>PayPal wird mit einer Kreditkarte oder einem Bankkonto verbunden und dient dazu, Transaktionen schnell und einfach t\u00e4tigen zu k\u00f6nnen. Mit nur wenigen Klicks ist es so m\u00f6glich, in \u00f6sterreichischen Online-Casinos eine Einzahlung zu t\u00e4tigen, um mit dem Spielen beginnen zu k\u00f6nnen. Auch Gewinne k\u00f6nnen \u00fcber diese <a href=\"\/at\/casino-zahlungsoptionen\/\">sichere Casino-Zahlungsmethode<\/a> ausgezahlt werden.<\/p>\n\n\n\n<p>Durch die hohe Benutzerfreundlichkeit und die Tatsache, dass PayPal bereits von vielen Spielern verwendet wird, profitieren nun auch Online Casinos von der Zahlungsmethode, um den Zahlungsverkehr noch einfacher und sicherer zu gestalten.<\/p>\n\n\n\n<h2 class=\"wp-block-heading\">Das beste Online Casino, das PayPal akzeptiert<\/h2>\n\n\n\n<p>Die Auswahl der Anbieter mit PayPal ist gro\u00df, sodass es jetzt an der Zeit ist, dass Sie das beste Online Casino in \u00d6sterreich kennenlernen, das die Zahlungsmethode zur Verf\u00fcgung stellt.<\/p>\n\n\n\n<h2 class=\"wp-block-heading\">Mindesteinzahlungen in PayPal Casinos<\/h2>\n\n\n\n<p>Oftmals wird es schwierig, ein Casino ohne Mindesteinzahlung zu finden. Das kann vor allem f\u00fcr diejenigen zum Problem werden, die ein niedriges Budget haben. \u00d6sterreichische Casinos mit niedriger Einzahlung beziehen sich nicht nur auf Bonusangebote. In vielen Casinos mit Mindesteinlage geht es darum, dass erst, wenn eine Einzahlung get\u00e4tigt wurde, man den Bonus nutzen kann.<\/p>\n\n\n\n<p>Doch in Casinos mit geringer Einzahlung ist es erforderlich, einen bestimmten Betrag einzuzahlen, damit man um echtes Geld spielen kann. Die H\u00f6he des Betrags h\u00e4ngt in der Regel mit den sicheren Casino-Zahlungsmethoden zusammen. Im Online Casino mit PayPal Einzahlung in \u00d6sterreich k\u00f6nnen die Spieler nun aufatmen, denn bereits mit einem niedrigen Betrag kann das Angebot genutzt werden. Bereits mit einer <a href=\"\/at\/e5-mindesteinlage-casinos\/\">5 \u20ac Mindesteinzahlung in Casinos<\/a> kann begonnen werden.<\/p>\n\n\n\n<p>Ob 10 \u20ac Mindesteinzahlung in Casinos oder ein anderer Betrag, durch die niedrigen Betr\u00e4ge lohnt sich die Zahlungsmethode f\u00fcr alle. <a href=\"\/at\/e20-mindesteinlage-casinos\/\">Mit einer 20 \u20ac Mindesteinzahlung in Casinos<\/a> kann man sich bereits gro\u00dfe Gewinnchancen sichern. Es ist wichtig zu verstehen, dass die Einzahlung unabh\u00e4ngig von den Bonusangeboten anzusehen ist, sodass man diesen Bereich separat betrachten muss.<\/p>\n\n\n\n<h2 class=\"wp-block-heading\">Die besten PayPal Casinos in \u00d6sterreich mit niedriger Einzahlung<\/h2>\n\n\n\n<p>Sie m\u00f6chten die \u00f6sterreichischen Casinos mit niedriger Einzahlung kennenlernen? Dann schauen Sie sich hier die Liste der Anbieter an, die PayPal zu den Zahlungsmethoden im Casino z\u00e4hlen.&nbsp;<\/p>\n\n\n\n<p>**Uploader to insert a CTA here for the minimum deposit casino that accepts PAYPAL**<strong>&nbsp;<\/strong>&nbsp;<\/p>\n\n\n\n<h2 class=\"wp-block-heading\">Wie kann man PayPal im Online Casino anwenden?&nbsp;<\/h2>\n\n\n\n<p>Dass PayPal eine hervorragende Option ist, um im Online Casino in \u00d6sterreich legal zu spielen, steht au\u00dfer Frage. Daher schauen wir uns jetzt gemeinsam an, wie man Zugang zu der sicheren Casino-Zahlungsmethode bekommt, damit Sie sich schon bald alle Vorteile der Option sichern k\u00f6nnen.<strong>&nbsp;<\/strong>&nbsp;<\/p>\n\n\n\n<h3 class=\"wp-block-heading\">Einen PayPal Account er\u00f6ffnen<\/h3>\n\n\n\n<p>Bevor man mit dem Spielen beginnt, muss ein PayPal Konto eingerichtet werden. Das Gute ist, dass dieser Vorgang schnell und einfach geht. Alles, was Sie daf\u00fcr brauchen, ist eine E-Mail-Adresse. Folgen Sie diesen Schritten, um einen Account zu erstellen:&nbsp;<\/p>\n\n\n\n<ul class=\"wp-block-list\">\n<li>Rufen Sie die Website von PayPal auf und klicken Sie auf den Button \u201eNeu anmelden\u201d.&nbsp;<\/li>\n\n\n\n<li>Geben Sie die Informationen an, die erforderlich sind und registrieren Sie sich mit einer E-Mail-Adresse.&nbsp;<\/li>\n\n\n\n<li>W\u00e4hlen Sie ein Passwort aus, das bei jeder Zahlung mit PayPal angefordert wird.&nbsp;<\/li>\n\n\n\n<li>Nachdem Sie sich registriert haben, ist es erforderlich, ein Bankkonto zu verkn\u00fcpfen. Geben Sie die erforderlichen Bankdaten ein.&nbsp;<\/li>\n<\/ul>\n\n\n\n<p>Bei PayPal haben Sie die M\u00f6glichkeit, alle Daten jederzeit zu \u00e4ndern, sowohl was die pers\u00f6nlichen Informationen als auch die Bankdaten betrifft, sodass Sie sich diesbez\u00fcglich keine Sorgen machen m\u00fcssen. Der Zahlungsanbieter \u00fcberpr\u00fcft die Angaben zu Ihrer Sicherheit. Das Besondere ist, dass PayPal auch als mobile Version zur Verf\u00fcgung steht, was die Funktionalit\u00e4t noch weiter verbessert.<strong>&nbsp;<\/strong>&nbsp;<\/p>\n\n\n\n<h3 class=\"wp-block-heading\">Geld auf das PayPal Casino Konto einzahlen&nbsp;<\/h3>\n\n\n\n<p>Es ist keine gro\u00dfe Herausforderung, Geld auf das PayPal Casino Konto einzuzahlen. Um dies m\u00f6glich zu machen, folgen Sie einfach den folgenden Schritten&nbsp;<\/p>\n\n\n\n<ul class=\"wp-block-list\">\n<li>Rufen Sie die Website von PayPal auf und loggen Sie sich in ihren Account ein.&nbsp;<\/li>\n\n\n\n<li>Schon auf der Startseite k\u00f6nnen Sie \u201eGeld einzahlen\u201c oder \u201eGeld abheben\u201c w\u00e4hlen. Klicken Sie auf \u201eGeld einzahlen\u201c.&nbsp;<\/li>\n\n\n\n<li>W\u00e4hlen Sie den Betrag aus, der eingezahlt werden soll.&nbsp;<\/li>\n\n\n\n<li>Als n\u00e4chstes m\u00fcssen Sie Ihr verkn\u00fcpftes Bankkonto best\u00e4tigen.&nbsp;<\/li>\n\n\n\n<li>Nach der Best\u00e4tigung k\u00f6nnen Sie das Geld sofort auf Ihrem PayPal Konto sehen und nutzen.&nbsp;<\/li>\n<\/ul>\n\n\n\n<p>Es ist also auf jeden Fall erforderlich, ein Bankkonto zu verkn\u00fcpfen. Sie haben jedoch die M\u00f6glichkeit, mehrere Konten anzugeben, wovon Sie eines als Priorit\u00e4t angeben. Das Besondere ist, dass es nicht unbedingt erforderlich ist, Geld einzuzahlen, um im Online Casino eine Einzahlung zu t\u00e4tigen. Denn PayPal stellt die Option zur Verf\u00fcgung, eine Zahlung auch ohne Guthaben auf dem PayPal Konto zu t\u00e4tigen und den Betrag eigenst\u00e4ndig vom Bankkonto abzubuchen. Die Einzugserm\u00e4chtigung stellt man PayPal bei der Verkn\u00fcpfung des Bankkontos zur Verf\u00fcgung.&nbsp;<\/p>\n\n\n\n<h3 class=\"wp-block-heading\">Den PayPal Account im Online Casino nutzen&nbsp;<\/h3>\n\n\n\n<p>Wenn Sie im Online Casino ohne Mindesteinzahlung <a href=\"https:\/\/www.paypal.com\/at\/\" target=\"_blank\" rel=\"noreferrer noopener\">mit PayPal <\/a>bezahlen m\u00f6chten, dann geht das ganz einfach. Im Bereich der Zahlungen k\u00f6nnen Sie den Betrag ausw\u00e4hlen, den Sie einzahlen wollen. Anschlie\u00dfend werden Ihnen m\u00f6gliche Zahlungsmethoden im Casino angezeigt. W\u00e4hlen Sie nun PayPal aus, \u00f6ffnet sich direkt ein neues Fenster und die Website des Zahlungsdienstleisters wird aufgerufen.&nbsp;<\/p>\n\n\n\n<p>Das Besondere ist, dass Sie nicht jedes Mal aufs Neue Ihre Bankdaten angeben oder allgemein pers\u00f6nliche Informationen bereitstellen m\u00fcssen, sondern es reicht, sich im PayPal Konto mit E-Mail-Adresse und Passwort einzuloggen. Mit wenigen Klicks k\u00f6nnen Sie so die Zahlung t\u00e4tigen. Der Zahlungsvorgang wird in Echtzeit vollzogen, sodass man sofort mit dem Spielen beginnen kann.&nbsp;<\/p>\n\n\n\n<p>Bei einigen seri\u00f6sen Online-Casinos ist es m\u00f6glich, sich auch mit den PayPal Daten einzuloggen, um einen noch schnelleren Vorgang zu garantieren. Alles mit einem Klick zu regeln, scheint das Spielerlebnis noch zu optimieren.<strong>&nbsp;<\/strong>&nbsp;<\/p>\n\n\n\n<h2 class=\"wp-block-heading\">Casinos ohne Umsatzbedingungen, die PayPal akzeptieren&nbsp;<\/h2>\n\n\n\n<p>Sieht man im Online Casino einen Geldbetrag, denkt man sofort an gro\u00dfe Gewinne. Doch Vorsicht, in den meisten Online Casinos, besonders was Bonusangebote betrifft, m\u00fcssen Umsatzbedingungen erf\u00fcllt werden. Dabei handelt es sich um Vorgaben, wie oft ein Gewinn umgesetzt werden muss, bevor dieser ausgezahlt werden kann. Vor allem Gewinne aus Bonusspielen unterliegen diesen Bedingungen. Es lohnt sich also, sich f\u00fcr ein Online Casino ohne Umsatzbedingungen zu entscheiden, um Gewinne direkt genie\u00dfen zu k\u00f6nnen.&nbsp;<\/p>\n\n\n\n<h2 class=\"wp-block-heading\">Auszahlungen in PayPal Casinos&nbsp;<\/h2>\n\n\n\n<p>Auch wenn Einzahlungen in Online Casinos wichtig sind, um spielen zu k\u00f6nnen, ist es ebenso entscheidend, sich \u00fcber Auszahlungen zu informieren. Wenn Sie wissen m\u00f6chten, wie eine Auszahlung in PayPal Casinos vonstatten geht, dann d\u00fcrfen wir Ihnen zuerst gratulieren, denn das bedeutet, dass Sie gewonnen haben!&nbsp;<\/p>\n\n\n\n<p>Das Besondere an Auszahlungen mit PayPal ist, dass diese in Echtzeit auf Ihrem Konto erscheinen. Mit nur einem Klick und der Angabe der E-Mail-Adresse bekommen Sie den Betrag \u00fcberweisen. Sie selbst k\u00f6nnen dann entscheiden, ob Sie das Geld auf Ihrem PayPal-Konto belassen oder es auf Ihr verkn\u00fcpftes Bankkonto abheben. Abhebungen sind in der Regel kostenfrei, sodass Sie den kompletten Betrag genie\u00dfen k\u00f6nnen.&nbsp;&nbsp;<\/p>\n\n\n\n<h2 class=\"wp-block-heading\">Sollten Sie PayPal im Online Casino nutzen?&nbsp;<\/h2>\n\n\n\n<p>Es gibt viele sichere Casino-Zahlungsmethoden, von denen eine besser als die andere zu sein scheint. PayPal ist einfach und schnell zu nutzen und hat den Vorteil, dass Sie mit wenigen Klicks die Transaktionen t\u00e4tigen k\u00f6nnen. Das Beste ist jedoch, dass Sie keine pers\u00f6nlichen Daten an Dritte weitergeben m\u00fcssen, was einen gro\u00dfen Sicherheitsfaktor darstellt. Daher lohnt es sich, eines der hier vorgestellten besten Online Casinos von \u00d6sterreich auszuw\u00e4hlen.&nbsp;&nbsp;<\/p>\n","protected":false},"excerpt":{"rendered":"<p>Von Einzahlungen bis hin zu Auszahlungen: Wie PayPal Ihre Erfahrung im Online Casino verbessert PayPal ist nicht nur in Online Casinos beliebt. Der Zahlungsdienstleister wird in vielen Bereichen eingesetzt, sodass es f\u00fcr Spieler attraktiv ist, diesen auch in seri\u00f6sen Online-Casinos zu nutzen. Dabei handelt es sich um ein sogenanntes e-Wallet und kann unter anderem als [&hellip;]<\/p>\n","protected":false},"author":4,"featured_media":346,"parent":65,"menu_order":0,"comment_status":"closed","ping_status":"closed","template":"page_money.php","meta":{"_acf_changed":false,"footnotes":""},"class_list":["post-340","page","type-page","status-publish","has-post-thumbnail","hentry"],"acf":[],"_links":{"self":[{"href":"https:\/\/www.minimumdepositcasinos.org\/at\/wp-json\/wp\/v2\/pages\/340","targetHints":{"allow":["GET"]}}],"collection":[{"href":"https:\/\/www.minimumdepositcasinos.org\/at\/wp-json\/wp\/v2\/pages"}],"about":[{"href":"https:\/\/www.minimumdepositcasinos.org\/at\/wp-json\/wp\/v2\/types\/page"}],"author":[{"embeddable":true,"href":"https:\/\/www.minimumdepositcasinos.org\/at\/wp-json\/wp\/v2\/users\/4"}],"replies":[{"embeddable":true,"href":"https:\/\/www.minimumdepositcasinos.org\/at\/wp-json\/wp\/v2\/comments?post=340"}],"version-history":[{"count":22,"href":"https:\/\/www.minimumdepositcasinos.org\/at\/wp-json\/wp\/v2\/pages\/340\/revisions"}],"predecessor-version":[{"id":17879,"href":"https:\/\/www.minimumdepositcasinos.org\/at\/wp-json\/wp\/v2\/pages\/340\/revisions\/17879"}],"up":[{"embeddable":true,"href":"https:\/\/www.minimumdepositcasinos.org\/at\/wp-json\/wp\/v2\/pages\/65"}],"wp:featuredmedia":[{"embeddable":true,"href":"https:\/\/www.minimumdepositcasinos.org\/at\/wp-json\/wp\/v2\/media\/346"}],"wp:attachment":[{"href":"https:\/\/www.minimumdepositcasinos.org\/at\/wp-json\/wp\/v2\/media?parent=340"}],"curies":[{"name":"wp","href":"https:\/\/api.w.org\/{rel}","templated":true}]}}