{"id":65,"date":"2023-07-13T15:09:56","date_gmt":"2023-07-13T13:09:56","guid":{"rendered":"https:\/\/www.minimumdepositcasinos.org\/at\/?page_id=65"},"modified":"2024-04-03T12:55:53","modified_gmt":"2024-04-03T10:55:53","slug":"casino-zahlungsoptionen","status":"publish","type":"page","link":"https:\/\/www.minimumdepositcasinos.org\/at\/casino-zahlungsoptionen\/","title":{"rendered":"Zahlungsmethoden bei Online Casinos"},"content":{"rendered":"<div class=\"wp-block-image\">\n<figure class=\"alignright size-full is-resized\"><img loading=\"lazy\" decoding=\"async\" width=\"400\" height=\"400\" src=\"https:\/\/www.minimumdepositcasinos.org\/at\/wp-content\/uploads\/2023\/07\/casino-payment-methods-image.jpg\" alt=\"casino zahlungsmethoden\" class=\"wp-image-66\" style=\"width:200px;height:200px\" srcset=\"https:\/\/www.minimumdepositcasinos.org\/at\/wp-content\/uploads\/2023\/07\/casino-payment-methods-image.jpg 400w, https:\/\/www.minimumdepositcasinos.org\/at\/wp-content\/uploads\/2023\/07\/casino-payment-methods-image-300x300.jpg 300w, https:\/\/www.minimumdepositcasinos.org\/at\/wp-content\/uploads\/2023\/07\/casino-payment-methods-image-150x150.jpg 150w\" sizes=\"auto, (max-width: 400px) 100vw, 400px\" \/><\/figure><\/div>\n\n\n<p>Online-Transaktionen bedeuten, dass Sie sich auf mehrere Faktoren verlassen m\u00fcssen. Die Vorteile der Zahlungsmethoden h\u00e4ngen von der Sicherheit, den Bearbeitungszeiten und den Transaktionsgeb\u00fchren ab. In <a href=\"\/at\/online-casinos\/\">Online-Casinos<\/a> werden Sie feststellen, dass einige Methoden verf\u00fcgbar sind, andere wiederum nicht.<\/p>\n\n\n\n<p>Die einzige M\u00f6glichkeit, sich dessen sicher zu sein, ist, dass Sie sich registrieren und l\u00e4nderspezifische Zahlungsmethoden erhalten. In manchen Regionen sind einige Optionen nicht erlaubt. Sie k\u00f6nnen sich jederzeit beim Kundensupport erkundigen, ob die von Ihnen gew\u00fcnschte Methode verf\u00fcgbar ist.<\/p>\n\n\n\n<p>Zahlungsmethoden gibt es in verschiedenen Formen und bieten immer noch traditionelle Optionen wie Bank\u00fcberweisungen und Kreditkarten. Inzwischen sind sie jedoch fortschrittlicher, denn sie haben E-Wallets, Prepaid-Karten, Kryptow\u00e4hrungen und mobile Zahlungen in ihr Angebot aufgenommen.<\/p>\n\n\n\n<p>Nicht alle Zahlungsarten sind gleich. Jede hat ihre Vor- und Nachteile. Deshalb ist es wichtig, dass Sie mit Bedacht w\u00e4hlen. In seri\u00f6sen Casinos werden Ihnen keine Methoden empfohlen, die unsicher sind. Lassen Sie uns erkunden, warum es wichtig ist, die richtigen Methoden zu w\u00e4hlen und welche verschiedenen Arten es gibt.<\/p>\n\n\n\n<h2 class=\"wp-block-heading\">Warum die Wahl der richtigen Casino-Einzahlungsmethode wichtig ist<\/h2>\n\n\n\n<p>Die Wahl der richtigen Methode ist der erste Schritt, den Sie in einem Casino ernst nehmen sollten. Nat\u00fcrlich sollten Sie zu diesem Zeitpunkt bereits wissen, dass Sie in einem lizenzierten und regulierten Casino spielen. Die richtige Methode bedeutet, dass Sie Ihre Transaktionen sicher durchf\u00fchren und sofort mit dem Spielen beginnen k\u00f6nnen.<\/p>\n\n\n\n<p>Es ist immer empfehlenswert, f\u00fcr Ein- und Auszahlungen die gleiche Methode zu w\u00e4hlen. Denn so verk\u00fcrzen Sie die Bearbeitungszeiten nach der Bearbeitung Ihrer Auszahlungsanfrage. Die Gewinne werden schneller auf Ihrem Konto erscheinen.<\/p>\n\n\n\n<p>Die Wartezeit und die Auszahlungsgeschwindigkeit h\u00e4ngen ausschlie\u00dflich von der von Ihnen gew\u00e4hlten Methode ab. Ein Casino kann Auszahlungsantr\u00e4ge sofort oder innerhalb von 24 Stunden bearbeiten, sobald die Verifizierung abgeschlossen ist. Die Geschwindigkeit, mit der Sie Ihr Geld erhalten, h\u00e4ngt jedoch weitgehend von Ihrem Banksystem ab.<\/p>\n\n\n\n<p>Die Mindesteinzahlungen h\u00e4ngen von der Art der von Ihnen gew\u00e4hlten Methode ab. Mit einigen Zahlungsmethoden k\u00f6nnen Sie den Bonus nicht in Anspruch nehmen. Welche das sind, erfahren Sie, wenn Sie die Bedingungen und Konditionen lesen. Unten finden Sie Casinos, die die von Ihnen gew\u00e4hlte Zahlungsmethode unterst\u00fctzen.<\/p>\n\n\n\n<h2 class=\"wp-block-heading\">Zahlungsarten in Casinos<\/h2>\n\n\n<a class='wpTTChildlink' href='https:\/\/www.minimumdepositcasinos.org\/at\/casino-zahlungsoptionen\/crypto\/' rel='bookmark' title='Crypto'><span class='wpTTChildthumbnail'><img loading=\"lazy\" decoding=\"async\" width=\"400\" height=\"400\" src=\"https:\/\/www.minimumdepositcasinos.org\/at\/wp-content\/uploads\/2024\/02\/Bitcoin-image11.jpg\" class=\"attachment-small-thumb size-small-thumb wp-post-image\" alt=\"Bitcoin Image\" srcset=\"https:\/\/www.minimumdepositcasinos.org\/at\/wp-content\/uploads\/2024\/02\/Bitcoin-image11.jpg 400w, https:\/\/www.minimumdepositcasinos.org\/at\/wp-content\/uploads\/2024\/02\/Bitcoin-image11-300x300.jpg 300w, https:\/\/www.minimumdepositcasinos.org\/at\/wp-content\/uploads\/2024\/02\/Bitcoin-image11-150x150.jpg 150w\" sizes=\"auto, (max-width: 400px) 100vw, 400px\" \/><\/span><span class='wpTTChildtitle'>Crypto<\/span><\/a><a class='wpTTChildlink' href='https:\/\/www.minimumdepositcasinos.org\/at\/casino-zahlungsoptionen\/eps\/' rel='bookmark' title='EPS'><span class='wpTTChildthumbnail'><img loading=\"lazy\" decoding=\"async\" width=\"400\" height=\"400\" src=\"https:\/\/www.minimumdepositcasinos.org\/at\/wp-content\/uploads\/2025\/05\/EPS-payment-logo.jpg\" class=\"attachment-small-thumb size-small-thumb wp-post-image\" alt=\"EPS payment logo\" srcset=\"https:\/\/www.minimumdepositcasinos.org\/at\/wp-content\/uploads\/2025\/05\/EPS-payment-logo.jpg 400w, https:\/\/www.minimumdepositcasinos.org\/at\/wp-content\/uploads\/2025\/05\/EPS-payment-logo-300x300.jpg 300w, https:\/\/www.minimumdepositcasinos.org\/at\/wp-content\/uploads\/2025\/05\/EPS-payment-logo-150x150.jpg 150w\" sizes=\"auto, (max-width: 400px) 100vw, 400px\" \/><\/span><span class='wpTTChildtitle'>EPS<\/span><\/a><a class='wpTTChildlink' href='https:\/\/www.minimumdepositcasinos.org\/at\/casino-zahlungsoptionen\/jeton\/' rel='bookmark' title='Jeton'><span class='wpTTChildthumbnail'><img loading=\"lazy\" decoding=\"async\" width=\"400\" height=\"400\" src=\"https:\/\/www.minimumdepositcasinos.org\/at\/wp-content\/uploads\/2023\/10\/jeton-wallet-logo.jpg\" class=\"attachment-small-thumb size-small-thumb wp-post-image\" alt=\"llet logoJeton\" srcset=\"https:\/\/www.minimumdepositcasinos.org\/at\/wp-content\/uploads\/2023\/10\/jeton-wallet-logo.jpg 400w, https:\/\/www.minimumdepositcasinos.org\/at\/wp-content\/uploads\/2023\/10\/jeton-wallet-logo-300x300.jpg 300w, https:\/\/www.minimumdepositcasinos.org\/at\/wp-content\/uploads\/2023\/10\/jeton-wallet-logo-150x150.jpg 150w\" sizes=\"auto, (max-width: 400px) 100vw, 400px\" \/><\/span><span class='wpTTChildtitle'>Jeton<\/span><\/a><a class='wpTTChildlink' href='https:\/\/www.minimumdepositcasinos.org\/at\/casino-zahlungsoptionen\/klarna\/' rel='bookmark' title='Klarna'><span class='wpTTChildthumbnail'><img loading=\"lazy\" decoding=\"async\" width=\"400\" height=\"400\" src=\"https:\/\/www.minimumdepositcasinos.org\/at\/wp-content\/uploads\/2023\/11\/Klarna.jpg\" class=\"attachment-small-thumb size-small-thumb wp-post-image\" alt=\"Klarna payment image\" srcset=\"https:\/\/www.minimumdepositcasinos.org\/at\/wp-content\/uploads\/2023\/11\/Klarna.jpg 400w, https:\/\/www.minimumdepositcasinos.org\/at\/wp-content\/uploads\/2023\/11\/Klarna-300x300.jpg 300w, https:\/\/www.minimumdepositcasinos.org\/at\/wp-content\/uploads\/2023\/11\/Klarna-150x150.jpg 150w\" sizes=\"auto, (max-width: 400px) 100vw, 400px\" \/><\/span><span class='wpTTChildtitle'>Klarna<\/span><\/a><a class='wpTTChildlink' href='https:\/\/www.minimumdepositcasinos.org\/at\/casino-zahlungsoptionen\/mastercard\/' rel='bookmark' title='Mastercard'><span class='wpTTChildthumbnail'><img loading=\"lazy\" decoding=\"async\" width=\"400\" height=\"400\" src=\"https:\/\/www.minimumdepositcasinos.org\/at\/wp-content\/uploads\/2023\/07\/Mastercard-other-logo.jpg\" class=\"attachment-small-thumb size-small-thumb wp-post-image\" alt=\"Mastercard Other Logo\" srcset=\"https:\/\/www.minimumdepositcasinos.org\/at\/wp-content\/uploads\/2023\/07\/Mastercard-other-logo.jpg 400w, https:\/\/www.minimumdepositcasinos.org\/at\/wp-content\/uploads\/2023\/07\/Mastercard-other-logo-300x300.jpg 300w, https:\/\/www.minimumdepositcasinos.org\/at\/wp-content\/uploads\/2023\/07\/Mastercard-other-logo-150x150.jpg 150w\" sizes=\"auto, (max-width: 400px) 100vw, 400px\" \/><\/span><span class='wpTTChildtitle'>Mastercard<\/span><\/a><a class='wpTTChildlink' href='https:\/\/www.minimumdepositcasinos.org\/at\/casino-zahlungsoptionen\/mifinity\/' rel='bookmark' title='MiFinity'><span class='wpTTChildthumbnail'><img loading=\"lazy\" decoding=\"async\" width=\"400\" height=\"400\" src=\"https:\/\/www.minimumdepositcasinos.org\/at\/wp-content\/uploads\/2023\/10\/MiFinity-payment-logo1.jpg\" class=\"attachment-small-thumb size-small-thumb wp-post-image\" alt=\"MiFinity Payment Logo 1\" srcset=\"https:\/\/www.minimumdepositcasinos.org\/at\/wp-content\/uploads\/2023\/10\/MiFinity-payment-logo1.jpg 400w, https:\/\/www.minimumdepositcasinos.org\/at\/wp-content\/uploads\/2023\/10\/MiFinity-payment-logo1-300x300.jpg 300w, https:\/\/www.minimumdepositcasinos.org\/at\/wp-content\/uploads\/2023\/10\/MiFinity-payment-logo1-150x150.jpg 150w\" sizes=\"auto, (max-width: 400px) 100vw, 400px\" \/><\/span><span class='wpTTChildtitle'>MiFinity<\/span><\/a><a class='wpTTChildlink' href='https:\/\/www.minimumdepositcasinos.org\/at\/casino-zahlungsoptionen\/muchbetter\/' rel='bookmark' title='MuchBetter'><span class='wpTTChildthumbnail'><img loading=\"lazy\" decoding=\"async\" width=\"400\" height=\"400\" src=\"https:\/\/www.minimumdepositcasinos.org\/at\/wp-content\/uploads\/2023\/12\/muchbetter-logo.jpg\" class=\"attachment-small-thumb size-small-thumb wp-post-image\" alt=\"muchbetter logo\" srcset=\"https:\/\/www.minimumdepositcasinos.org\/at\/wp-content\/uploads\/2023\/12\/muchbetter-logo.jpg 400w, https:\/\/www.minimumdepositcasinos.org\/at\/wp-content\/uploads\/2023\/12\/muchbetter-logo-300x300.jpg 300w, https:\/\/www.minimumdepositcasinos.org\/at\/wp-content\/uploads\/2023\/12\/muchbetter-logo-150x150.jpg 150w\" sizes=\"auto, (max-width: 400px) 100vw, 400px\" \/><\/span><span class='wpTTChildtitle'>MuchBetter<\/span><\/a><a class='wpTTChildlink' href='https:\/\/www.minimumdepositcasinos.org\/at\/casino-zahlungsoptionen\/neteller\/' rel='bookmark' title='Neteller'><span class='wpTTChildthumbnail'><img loading=\"lazy\" decoding=\"async\" width=\"400\" height=\"400\" src=\"https:\/\/www.minimumdepositcasinos.org\/at\/wp-content\/uploads\/2024\/04\/Neteller-Logo.jpg\" class=\"attachment-small-thumb size-small-thumb wp-post-image\" alt=\"Neteller logo\" srcset=\"https:\/\/www.minimumdepositcasinos.org\/at\/wp-content\/uploads\/2024\/04\/Neteller-Logo.jpg 400w, https:\/\/www.minimumdepositcasinos.org\/at\/wp-content\/uploads\/2024\/04\/Neteller-Logo-300x300.jpg 300w, https:\/\/www.minimumdepositcasinos.org\/at\/wp-content\/uploads\/2024\/04\/Neteller-Logo-150x150.jpg 150w\" sizes=\"auto, (max-width: 400px) 100vw, 400px\" \/><\/span><span class='wpTTChildtitle'>Neteller<\/span><\/a><a class='wpTTChildlink' href='https:\/\/www.minimumdepositcasinos.org\/at\/casino-zahlungsoptionen\/paypal\/' rel='bookmark' title='Paypal'><span class='wpTTChildthumbnail'><img loading=\"lazy\" decoding=\"async\" width=\"400\" height=\"400\" src=\"https:\/\/www.minimumdepositcasinos.org\/at\/wp-content\/uploads\/2023\/08\/paypal-payment-logo.jpg\" class=\"attachment-small-thumb size-small-thumb wp-post-image\" alt=\"paypal payment logo\" srcset=\"https:\/\/www.minimumdepositcasinos.org\/at\/wp-content\/uploads\/2023\/08\/paypal-payment-logo.jpg 400w, https:\/\/www.minimumdepositcasinos.org\/at\/wp-content\/uploads\/2023\/08\/paypal-payment-logo-300x300.jpg 300w, https:\/\/www.minimumdepositcasinos.org\/at\/wp-content\/uploads\/2023\/08\/paypal-payment-logo-150x150.jpg 150w\" sizes=\"auto, (max-width: 400px) 100vw, 400px\" \/><\/span><span class='wpTTChildtitle'>Paypal<\/span><\/a><a class='wpTTChildlink' href='https:\/\/www.minimumdepositcasinos.org\/at\/casino-zahlungsoptionen\/paysafecard\/' rel='bookmark' title='Paysafecard'><span class='wpTTChildthumbnail'><img loading=\"lazy\" decoding=\"async\" width=\"400\" height=\"400\" src=\"https:\/\/www.minimumdepositcasinos.org\/at\/wp-content\/uploads\/2023\/11\/Paysafecard-New-Logo.jpg\" class=\"attachment-small-thumb size-small-thumb wp-post-image\" alt=\"Paysafeard new logo\" srcset=\"https:\/\/www.minimumdepositcasinos.org\/at\/wp-content\/uploads\/2023\/11\/Paysafecard-New-Logo.jpg 400w, https:\/\/www.minimumdepositcasinos.org\/at\/wp-content\/uploads\/2023\/11\/Paysafecard-New-Logo-300x300.jpg 300w, https:\/\/www.minimumdepositcasinos.org\/at\/wp-content\/uploads\/2023\/11\/Paysafecard-New-Logo-150x150.jpg 150w\" sizes=\"auto, (max-width: 400px) 100vw, 400px\" \/><\/span><span class='wpTTChildtitle'>Paysafecard<\/span><\/a><a class='wpTTChildlink' href='https:\/\/www.minimumdepositcasinos.org\/at\/casino-zahlungsoptionen\/skrill\/' rel='bookmark' title='Skrill'><span class='wpTTChildthumbnail'><img loading=\"lazy\" decoding=\"async\" width=\"400\" height=\"400\" src=\"https:\/\/www.minimumdepositcasinos.org\/at\/wp-content\/uploads\/2023\/09\/Skrill-logo.jpg\" class=\"attachment-small-thumb size-small-thumb wp-post-image\" alt=\"Skrill logo\" srcset=\"https:\/\/www.minimumdepositcasinos.org\/at\/wp-content\/uploads\/2023\/09\/Skrill-logo.jpg 400w, https:\/\/www.minimumdepositcasinos.org\/at\/wp-content\/uploads\/2023\/09\/Skrill-logo-300x300.jpg 300w, https:\/\/www.minimumdepositcasinos.org\/at\/wp-content\/uploads\/2023\/09\/Skrill-logo-150x150.jpg 150w\" sizes=\"auto, (max-width: 400px) 100vw, 400px\" \/><\/span><span class='wpTTChildtitle'>Skrill<\/span><\/a><a class='wpTTChildlink' href='https:\/\/www.minimumdepositcasinos.org\/at\/casino-zahlungsoptionen\/visa\/' rel='bookmark' title='Visa'><span class='wpTTChildthumbnail'><img loading=\"lazy\" decoding=\"async\" width=\"400\" height=\"400\" src=\"https:\/\/www.minimumdepositcasinos.org\/at\/wp-content\/uploads\/2023\/07\/Visa-Other-Logo.jpg\" class=\"attachment-small-thumb size-small-thumb wp-post-image\" alt=\"Visa other logo\" srcset=\"https:\/\/www.minimumdepositcasinos.org\/at\/wp-content\/uploads\/2023\/07\/Visa-Other-Logo.jpg 400w, https:\/\/www.minimumdepositcasinos.org\/at\/wp-content\/uploads\/2023\/07\/Visa-Other-Logo-300x300.jpg 300w, https:\/\/www.minimumdepositcasinos.org\/at\/wp-content\/uploads\/2023\/07\/Visa-Other-Logo-150x150.jpg 150w\" sizes=\"auto, (max-width: 400px) 100vw, 400px\" \/><\/span><span class='wpTTChildtitle'>Visa<\/span><\/a><div><ul><\/ul><\/div>\n\n\n\n<p>Abwechslung ist die W\u00fcrze des Lebens und das gilt auch f\u00fcr die Zahlungsmethoden in Online-Casinos. Verschiedene Arten dienen demselben Zweck, aber auf unterschiedliche Weise. Bei den Casinos finden Sie sehr unterschiedliche Optionen.<\/p>\n\n\n\n<p>Dazu geh\u00f6ren E-Wallets, Kryptow\u00e4hrungen, Kartenzahlungen, Gutscheine, Bank\u00fcberweisungen und mobile Zahlungen. Interessant ist, dass jede Methode viele Vorteile hat und es sie in vielen anderen Formen von konkurrierenden Zahlungssystemen gibt.<\/p>\n\n\n\n<p>Bei den elektronischen Geldb\u00f6rsen zum Beispiel sind Sie nicht auf eine beliebte Methode beschr\u00e4nkt, denn es gibt viele davon. \u00d6sterreichische Spieler werden in ihrer Region bekannte Methoden finden. Casinos sind akribisch, wenn es um ihre Kunden geht.<\/p>\n\n\n\n<p>Wenn sie den \u00f6sterreichischen Markt bedienen, sorgen sie daf\u00fcr, dass sie die richtigen Optionen haben. Eines haben sie auf jeden Fall gemeinsam: Sie sind sicher und man kann ihnen bei Online-Transaktionen vertrauen. Schauen wir sie uns einmal genauer an.<\/p>\n\n\n\n<h3 class=\"wp-block-heading\">E-Wallet-Zahlungen in Casinos<\/h3>\n\n\n\n<p>E-Wallets stehen f\u00fcr elektronische Geldb\u00f6rsen, die f\u00fcr Spieler gedacht sind, denen Sicherheit \u00fcber alles geht. Es handelt sich um digitale Geldb\u00f6rsen, die zum Speichern von Geld verwendet werden. Beliebte Systeme sind PayPal, Neteller, Skrill, MuchBetter und EcoPayz. Bevor Sie in einem Online-Casino Transaktionen durchf\u00fchren k\u00f6nnen, m\u00fcssen Sie sich zun\u00e4chst registrieren, um ein Konto zu erhalten.<\/p>\n\n\n\n<p>Sobald Sie Ihr Konto verifiziert haben, k\u00f6nnen Sie es mit Ihrem bevorzugten Online-Casino-Konto verkn\u00fcpfen. Der gr\u00f6\u00dfte Vorteil von E-Wallets ist, dass Sie Ihre Daten nicht an das Casino weitergeben m\u00fcssen. Die Transaktion findet extern statt und das bedeutet, dass Sie zus\u00e4tzliche Sicherheit von einem bereits vertrauensw\u00fcrdigen Anbieter erhalten.<\/p>\n\n\n\n<p>E-Wallets sind wegen der schnellen Transaktionen beliebt. Sie k\u00f6nnen einzahlen und sofort mit dem Spielen beginnen. Sie werden von den meisten Casinos unterst\u00fctzt, weil sie mehr Datenschutz und Sicherheit bieten. \u00d6sterreichische Spieler bevorzugen E-Wallets wegen ihrer Bequemlichkeit und der M\u00f6glichkeit, ihr Geld zu verwalten.<\/p>\n\n\n\n<p>Die Spieler k\u00f6nnen ihre Geldb\u00f6rsen einfach mit dem Geld aufladen, das sie f\u00fcr Spiele ausgeben m\u00f6chten, und haben so die Kontrolle dar\u00fcber. Au\u00dferdem fallen in der Regel keine zus\u00e4tzlichen Geb\u00fchren seitens des Casinos an. Das h\u00e4ngt aber auch vom Casino Ihrer Wahl ab.<\/p>\n\n\n\n<h3 class=\"wp-block-heading\">Kartenzahlungen in Casinos<\/h3>\n\n\n\n<p>Spieler, die es bequem m\u00f6gen, entscheiden sich oft f\u00fcr Kartenzahlungen. Sie sind eine traditionelle Methode f\u00fcr Online-Transaktionen und werden von den meisten Online-Casinos weitgehend akzeptiert. Beliebte Optionen sind <a href=\"\/at\/casino-payment-options\/mastercard\/\">Mastercard<\/a> und <a href=\"\/at\/casino-payment-options\/visa\/\">Visa<\/a>.<\/p>\n\n\n\n<p>Sie werden diese Methoden in den Casinos jederzeit finden. Das liegt daran, dass sie es den Spielern erm\u00f6glichen, schnell und sicher Transaktionen durchzuf\u00fchren. Sie m\u00fcssen Ihre Kartendaten eingeben, deshalb sollten Sie ein vertrauensw\u00fcrdiges Casino w\u00e4hlen.<\/p>\n\n\n\n<p>Kartenzahlungen erm\u00f6glichen es Ihnen auch, die lukrativen Boni in Anspruch zu nehmen, die es gibt. Gl\u00fccklicherweise verwenden die Casinos die SSL-Verschl\u00fcsselungstechnologie, um Ihre Daten zu sch\u00fctzen. Sollte der unwahrscheinliche Fall eintreten, dass Ihre Daten in die falschen H\u00e4nde geraten, k\u00f6nnen diese nicht auf sie zugreifen.<\/p>\n\n\n\n<p>Sie k\u00f6nnen auch Punkte f\u00fcr Cashback sammeln, wenn Sie mit Kreditkarten einkaufen. Das Praktische an Kartenzahlungen ist, dass Sie wahrscheinlich bereits eine besitzen. Sie k\u00f6nnen Limits festlegen, wie viel Sie t\u00e4glich ausgeben m\u00f6chten, was Ihnen den Vorteil des verantwortungsvollen Spielens verschafft.<\/p>\n\n\n\n<h3 class=\"wp-block-heading\">Zahlungen mit Kryptow\u00e4hrungen in Casinos<\/h3>\n\n\n\n<p>Kryptow\u00e4hrungen sind im Laufe der Jahre immer beliebter geworden. Bitcoin ist der Spitzenreiter unter den Kryptow\u00e4hrungen, aber es werden immer mehr. Die Spieler erkennen die Vorteile dieser Methode und immer mehr Casinos passen sich an.<\/p>\n\n\n\n<p>Es gibt jetzt auch Kryptow\u00e4hrungs-Casinos, die keine Fiat-W\u00e4hrung anbieten. Dieses Zahlungssystem hat den Vorteil, dass es dezentralisiert ist. Das bedeutet, dass Ihr Geld nicht weggenommen oder eingefroren werden kann, da es keine zentrale Aufsichtsbeh\u00f6rde gibt.<\/p>\n\n\n\n<p>Es bietet eine fantastische Sicherheit, d.h. Ihre Zahlungsinformationen werden sicher aufbewahrt. Sie m\u00fcssen Ihre Daten nicht \u00fcbermitteln und sind so besser gesch\u00fctzt. Die Spieler k\u00f6nnen ihre Privatsph\u00e4re genie\u00dfen, da sie ihre Daten nicht weitergeben m\u00fcssen.<\/p>\n\n\n\n<p>Die Transaktionen sind schnell und Sie k\u00f6nnen sofort mit dem Spielen beginnen. Wenn Sie Ihre Gewinne einfordern, m\u00fcssen Sie nicht lange auf die Bearbeitung der Transaktionen warten. Das liegt daran, dass es keinen Mittelsmann zwischen Ihnen und dem Casino gibt. Und aus demselben Grund sind auch die Transaktionsgeb\u00fchren relativ niedrig. Kryptow\u00e4hrungen bieten viele Vorteile und die Sicherheit steht an erster Stelle.<\/p>\n\n\n\n<h3 class=\"wp-block-heading\">Mobile Zahlungen in Casinos<\/h3>\n\n\n\n<p>Mobile Casinos sind auf dem Vormarsch und daher ist es sinnvoll, dass die Spieler Zugang zu mobilen Zahlungen haben. Beliebte Methoden sind Google Pay, Zimpler und Apple Pay. Sie k\u00f6nnen einfach Ihre Handynummer mit Ihrem Bankkonto oder Ihrer Kreditkarte verkn\u00fcpfen und auf sichere Weise Online-Transaktionen durchf\u00fchren.<\/p>\n\n\n\n<p>Zu den Sicherheitsma\u00dfnahmen geh\u00f6ren ein Verifizierungscode, Touch ID oder Face ID. Wenn Sie \u00fcber dieses System bezahlen, sind Ihre Daten sicher, da Sie sie nicht an das Casino weitergeben m\u00fcssen. Sie k\u00f6nnen Limits f\u00fcr den Betrag festlegen, den Sie t\u00e4glich setzen m\u00f6chten.<\/p>\n\n\n\n<p>So haben Sie eine gute Kontrolle \u00fcber Ihre Ausgaben und k\u00f6nnen sie im Auge behalten. Bei Online-Transaktionen werden Ihnen mit Methoden wie Apple Pay keine Geb\u00fchren berechnet. Mobile Zahlungen werden in Online-Casinos weitgehend akzeptiert, da sie kontaktlose Transaktionen erm\u00f6glichen. Sie bieten unglaublichen Datenschutz und Komfort, wenn Sie eine sichere Umgebung suchen.<\/p>\n\n\n\n<h3 class=\"wp-block-heading\">Zahlungen mit Prepaid-Gutscheinen in Casinos<\/h3>\n\n\n\n<p>F\u00fcr alle Spieler ist es wichtig, die Kontrolle \u00fcber ihre Ausgaben zu haben. Denn sie wissen, wie wichtig es ist, verantwortungsvoll zu spielen und trotzdem Spa\u00df zu haben.<\/p>\n\n\n\n<p>Prepaid-Gutscheine sind eine unglaubliche M\u00f6glichkeit, Online-Transaktionen durchzuf\u00fchren, mit allen zus\u00e4tzlichen Vorteilen der Sicherheit. Sie sind sicher, denn Sie m\u00fcssen Ihre finanziellen Daten nicht an ein Casino weitergeben. Sie haben den Vorteil, dass Sie selbst bestimmen k\u00f6nnen, wie viel Sie ausgeben m\u00f6chten.<\/p>\n\n\n\n<p>Sie sind weit verbreitet und umfassen beliebte Systeme wie Paysafecard und EcoPayz. Gutscheine sind ideal f\u00fcr Spieler, die gerne in Casinos mit Mindesteinzahlung spielen, da sie niedrige Limits haben. Sie sind auch am besten mit einer anderen Auszahlungsmethode zu verwenden, da sie keine Gelder empfangen k\u00f6nnen.<\/p>\n\n\n\n<h3 class=\"wp-block-heading\">Bank\u00fcberweisung\/EFT-Zahlungen in Casinos<\/h3>\n\n\n\n<p>Alle Wege f\u00fchren zur\u00fcck zu Bankkonten. Im Falle von Prepaid-Karten und Kryptow\u00e4hrungen ist die Bank nicht involviert, wenn es darum geht, Ihre Daten weiterzugeben oder Ihre Karte zu verkn\u00fcpfen.<\/p>\n\n\n\n<p>Einzahlungen und Abhebungen werden durch Bank\u00fcberweisungen besonders einfach gemacht. Beliebte Methoden sind Interac und AstroPay Direct. Sie bieten hervorragende Sicherheit, da die Zahlungen zwischen den Betreibern und der Bank abgesichert werden.<\/p>\n\n\n\n<p>Auf diese Weise genie\u00dfen Sie die Sicherheit von zwei Plattformen. Sie verf\u00fcgen nun \u00fcber h\u00f6here Betr\u00e4ge, mit denen Sie spielen oder sich auf Ihr Tagesbudget beschr\u00e4nken k\u00f6nnen.<\/p>\n\n\n\n<p>Wenn Sie mit Bank\u00fcberweisungen arbeiten, erhalten Sie wahrscheinlich einen lukrativen Willkommensbonus. Mit dieser Methode k\u00f6nnen Sie bequem ein- und auszahlen und Ihre Transaktionen verfolgen.<\/p>\n\n\n\n<h2 class=\"wp-block-heading\">Die schnellsten Auszahlungen bei Casinos<\/h2>\n\n\n\n<p>Bei der Wahl einer Zahlungsmethode m\u00fcssen Sie unbedingt ber\u00fccksichtigen, wie sich diese auf Ihre Auszahlungen auswirken wird. Einer der Gr\u00fcnde, warum Sie sich f\u00fcr Casinos mit schneller Auszahlung entscheiden, ist, dass Sie Ihre Gewinne schnell erhalten.<\/p>\n\n\n\n<p>Das liegt daran, dass Sie vielleicht eine weitere Einzahlung vornehmen m\u00f6chten, um Ihre Lieblingsspiele weiter genie\u00dfen zu k\u00f6nnen. Oder Sie m\u00f6chten Ihr Geld f\u00fcr andere Zwecke behalten. Ein Casino, das schnell auszahlt, ist ein Beweis f\u00fcr seine Vertrauensw\u00fcrdigkeit. Die Wahl der richtigen Methode ist also sehr wichtig.<\/p>\n\n\n\n<p>Oft entscheidet die von Ihnen gew\u00e4hlte Methode dar\u00fcber, wie lange Sie auf Ihre Gewinne warten m\u00fcssen. Selbst wenn ein Casino Zahlungen sofort bearbeitet, bestimmen die Auszahlungsmethoden, wann Sie mit der Auszahlung rechnen k\u00f6nnen.<\/p>\n","protected":false},"excerpt":{"rendered":"<p>Online-Transaktionen bedeuten, dass Sie sich auf mehrere Faktoren verlassen m\u00fcssen. Die Vorteile der Zahlungsmethoden h\u00e4ngen von der Sicherheit, den Bearbeitungszeiten und den Transaktionsgeb\u00fchren ab. In Online-Casinos werden Sie feststellen, dass einige Methoden verf\u00fcgbar sind, andere wiederum nicht. Die einzige M\u00f6glichkeit, sich dessen sicher zu sein, ist, dass Sie sich registrieren und l\u00e4nderspezifische Zahlungsmethoden erhalten. In [&hellip;]<\/p>\n","protected":false},"author":4,"featured_media":67,"parent":0,"menu_order":0,"comment_status":"closed","ping_status":"closed","template":"","meta":{"_acf_changed":false,"footnotes":""},"class_list":["post-65","page","type-page","status-publish","has-post-thumbnail","hentry"],"acf":[],"_links":{"self":[{"href":"https:\/\/www.minimumdepositcasinos.org\/at\/wp-json\/wp\/v2\/pages\/65","targetHints":{"allow":["GET"]}}],"collection":[{"href":"https:\/\/www.minimumdepositcasinos.org\/at\/wp-json\/wp\/v2\/pages"}],"about":[{"href":"https:\/\/www.minimumdepositcasinos.org\/at\/wp-json\/wp\/v2\/types\/page"}],"author":[{"embeddable":true,"href":"https:\/\/www.minimumdepositcasinos.org\/at\/wp-json\/wp\/v2\/users\/4"}],"replies":[{"embeddable":true,"href":"https:\/\/www.minimumdepositcasinos.org\/at\/wp-json\/wp\/v2\/comments?post=65"}],"version-history":[{"count":7,"href":"https:\/\/www.minimumdepositcasinos.org\/at\/wp-json\/wp\/v2\/pages\/65\/revisions"}],"predecessor-version":[{"id":17965,"href":"https:\/\/www.minimumdepositcasinos.org\/at\/wp-json\/wp\/v2\/pages\/65\/revisions\/17965"}],"wp:featuredmedia":[{"embeddable":true,"href":"https:\/\/www.minimumdepositcasinos.org\/at\/wp-json\/wp\/v2\/media\/67"}],"wp:attachment":[{"href":"https:\/\/www.minimumdepositcasinos.org\/at\/wp-json\/wp\/v2\/media?parent=65"}],"curies":[{"name":"wp","href":"https:\/\/api.w.org\/{rel}","templated":true}]}}