{"id":92,"date":"2023-07-14T10:07:37","date_gmt":"2023-07-14T08:07:37","guid":{"rendered":"https:\/\/www.minimumdepositcasinos.org\/at\/?page_id=92"},"modified":"2025-12-10T16:11:43","modified_gmt":"2025-12-10T15:11:43","slug":"e20-mindesteinlage-casinos","status":"publish","type":"page","link":"https:\/\/www.minimumdepositcasinos.org\/at\/e20-mindesteinlage-casinos\/","title":{"rendered":"20\u20ac Mindesteinlage Casinos"},"content":{"rendered":"\n<h3 class=\"wp-block-heading\">Wie wir \u20ac20 Online Casino bewerten<\/h3>\n\n\n\n<p>Bevor Sie auf die Schaltfl\u00e4che &#8220;Anmelden&#8221; klicken, wollen wir sicherstellen, dass Sie alle Details kennen. Sie sollten in der Lage sein, eine fundierte Entscheidung zu treffen, sobald Sie unsere Bewertungen der \u00f6sterreichischen Spielotheken gelesen haben.<\/p>\n\n\n\n<p>Wir testen viele Spielotheken, um sicherzustellen, dass sie seri\u00f6s sind. Wir pr\u00fcfen die Lizenzierung und Regulierung, die Art der verf\u00fcgbaren Boni, die Zahlungsoptionen, die Spiele, den Kundensupport und vieles mehr.<\/p>\n\n\n\n<p>Wenn wir eine Spielothek empfehlen, tun wir dies mit dem Vertrauen, das zeigt, dass wir jeden Stein umgedreht haben. Unsere Bewertungen sind unabh\u00e4ngig, d.h. Sie erhalten ein unvoreingenommenes Feedback. Dies sind die casino, die wir sogar unseren Freunden empfehlen w\u00fcrden.<\/p>\n\n\n\n<h2 class=\"wp-block-heading\">Was ist eine 20 \u20ac Online Casino?<\/h2>\n\n\n\n<p>Wie der Name schon sagt, sind Online-Casinos mit 20 \u20ac Einzahlung solche, bei denen Sie 20 \u20ac einzahlen k\u00f6nnen. Dies geschieht in der Regel, um einen Mindesteinzahlungs-Gl\u00fccksspielhaus-Bonus zu erhalten. Es gibt auch einen Unterschied zwischen diesem und einer Mindesteinzahlung, die Sie verwenden k\u00f6nnen, um im Casino zu spielen.<\/p>\n\n\n\n<p>Diese kann einen anderen Wert haben und sogar nur 1 \u20ac betragen. In diesem Fall haben Sie keinen Anspruch auf einen Willkommensbonus. Diejenigen, die ihn ausl\u00f6sen m\u00f6chten, k\u00f6nnen eine Einzahlung von 20 \u20ac vornehmen.<\/p>\n\n\n\n<p>Das bringt nat\u00fcrlich viele zus\u00e4tzliche Vorteile mit sich. Es bedeutet, dass Sie mit mehr Geld spielen k\u00f6nnen, als Sie eingezahlt haben. Die Gewinnchancen sind deutlich h\u00f6her, da Sie mit h\u00f6heren Eins\u00e4tzen spielen werden.<\/p>\n\n\n\n<h2 class=\"wp-block-heading\">\u00d6sterreichs neuestes \u20ac20 Deposit Casino Angebot<\/h2>\n\n\n\n<p>Das neueste 20 Euro Einzahlungsangebot der \u00f6sterreichischen Online-Casinos ist eine aufregende Zeit. Es ist neu und verf\u00fcgbar f\u00fcr \u00f6sterreichische Spieler, die schon lange Teil dieser aufregenden Erfahrung sein wollten. Sie k\u00f6nnen auch neue Spiele ausprobieren und mehr \u00fcber das Casino, in dem Sie spielen, erfahren.<\/p>\n\n\n\n<p>Sie werden bald feststellen, dass alles, was wir Ihnen \u00fcber dieses Online Casino erz\u00e4hlt haben, wahr ist. Die Angebote sind f\u00fcr Spieler verf\u00fcgbar, die neu registriert sind. Auf diese Weise k\u00f6nnen auch sie sehen, worum es geht.<\/p>\n\n\n\n<h2 class=\"wp-block-heading\">Arten von Boni in \u00f6sterreichischen Casinos mit 20 \u20ac Einzahlung<\/h2>\n\n\n\n<p>Boni sind die gr\u00f6\u00dfte Verlockung von Online-Casinos. Wenn Sie einen von einem seri\u00f6sen Online-Casino erhalten, ist das sogar noch besser. Es gibt verschiedene Arten von Boni, aus denen Sie w\u00e4hlen k\u00f6nnen, darunter den Match-Bonus und Freispiele.<\/p>\n\n\n\n<p>Die Plattformen werden immer kreativer, wenn es um Bonusangebote geht. Aus diesem Grund gibt es auch den Casino-Bonus ohne Eins\u00e4tze. Was ist das, werden Sie sich fragen? Nun, das Geheimnis liegt im Namen.<\/p>\n\n\n\n<p>Es bedeutet, dass Sie einen Bonus erhalten k\u00f6nnen, den Sie nicht einsetzen m\u00fcssen, um Anspruch auf Ihre Gewinne zu haben. Es ist wie eine Freikarte f\u00fcr das Casino. Und wer w\u00fcrde das nicht wollen? Alle Ihre Gewinne geh\u00f6ren Ihnen, ohne dass Sie sie eine bestimmte Anzahl von Malen einsetzen m\u00fcssen.<\/p>\n\n\n\n<h3 class=\"wp-block-heading\">\u00d6sterreich Freispiele Boni<\/h3>\n\n\n\n<p>Auch wenn die Casinos unterschiedliche Begriffe verwenden, ist eines sicher: <a href=\"\/at\/frei-spiele\/\">Freispiele<\/a> werden oft mit einem Einzahlungsbonus kombiniert. Der Wert h\u00e4ngt oft von der Einzahlung ab, die Sie get\u00e4tigt haben, oder von der Art des Bonus, den Sie angenommen haben.<\/p>\n\n\n\n<p>Was die Boni betrifft, so finden Sie sie in der Bonusrunde, wenn Sie Spielautomaten spielen. Sie sind also im Wesentlichen Teil der Bonusfunktion von Spielautomaten oder Video-Slots.<\/p>\n\n\n\n<p>In Online-Casinos k\u00f6nnen Freispiele durch eine Einzahlung ausgel\u00f6st werden, aber zus\u00e4tzliche Drehs sind eher wie Bonusdrehs. Unabh\u00e4ngig davon, auf welche Art von Freispielen Sie sich beziehen, sind sie immer noch die begehrtesten unter den Spielautomaten.<\/p>\n\n\n\n<h4 class=\"wp-block-heading\">Bestes \u20ac20 Bonus Spins Casino Angebot<\/h4>\n\n\n\n<p>Sie k\u00f6nnen sich jetzt auf unglaubliche Angebote freuen. Der beste 20 \u20ac Einzahlungsbonus wartet auf Sie. Ihr Traum von Freispielen ist endlich in Erf\u00fcllung gegangen. Sie k\u00f6nnen jetzt verschiedene Spiele erkunden und Ihre Lieblingsspiele wieder besuchen.<\/p>\n\n\n\n<p>Denken Sie daran, diese zus\u00e4tzlichen Spins in der Bonusrunde auszul\u00f6sen. Der Nervenkitzel der Bonus Spins ist un\u00fcbertroffen, wenn Sie die Symbole auf den Walzen kaskadieren h\u00f6ren. Freispiele sind da und es gibt keinen Grund mehr f\u00fcr Sie, auf der Strecke zu bleiben.<\/p>\n\n\n\n<h3 class=\"wp-block-heading\">\u00d6sterreich Spielotheken Match Boni <\/h3>\n\n\n\n<p>\u00dcbereinstimmende Boni sind das erste, was Ihnen in Online casinos auffallen d\u00fcrfte. Die blinkenden Angebote, die Sie zu einer minimalen Einzahlung verleiten, werden erscheinen. Dann werden Sie feststellen, dass es eine Vielzahl von Boni gibt, aus denen Sie w\u00e4hlen k\u00f6nnen. Das kann eine entmutigende Aufgabe sein, wenn Sie nicht wissen, worauf Sie achten m\u00fcssen. Aber keine Sorge, daf\u00fcr sind wir ja da. Ein beliebter Bonus ist der 100%ige Match-Bonus. Andere sind 200%-, 400%- und 500%-Boni. Das ist aber nicht alles, denn die Spielotheken werden immer kreativer. Der Casino Match-Bonus wird oft f\u00fcr Spielautomaten, Sportarten und Spielotheken wie Bingo verwendet. Diese Boni sind unglaublich, denn sie erm\u00f6glichen es Ihnen, die Spielothek in ihrer ganzen Pracht kennenzulernen.<\/p>\n\n\n\n<h3 class=\"wp-block-heading\">Best \u20ac20 Online Casino Match Bonus<\/h3>\n\n\n\n<p>The best \u20ac20 casino match bonus has landed on our shores. You can be part of this exciting experience when you claim this bonus. It is a new bonus that you can use to start a new gambling journey.<\/p>\n\n\n\n<p>You can be impressed by this offer because it is worth getting excited about. If you opt for a lucrative bonus from a reputable casino, then you are on the right track. There is more that awaits you, but before you do anything else, claim your \u20ac20 deposit bonus.<\/p>\n\n\n\n<h2 class=\"wp-block-heading\">Zahlungsm\u00f6glichkeiten in sicheren Online-Casinos mit 20 \u20ac Einzahlung.<\/h2>\n\n\n\n<p>Es ist wichtig, dass Sie die richtige Zahlungsmethode f\u00fcr das Gl\u00fccksspielinstitut finden. Dies wirkt sich auf viele Aspekte Ihrer Transaktionen aus, z. B. auf die Abhebungszeiten, die Transaktionsgeb\u00fchren und die Geschwindigkeit, mit der Ihre Einzahlungen in der Gl\u00fccksspieleinrichtung akzeptiert werden.<\/p>\n\n\n\n<p>Sie k\u00f6nnen Zahlungen sicher durchf\u00fchren. Wenn Sie die falsche Wahl treffen, sind Sie m\u00f6glicherweise anf\u00e4llig f\u00fcr Hackerangriffe und Informationsdiebstahl.<\/p>\n\n\n\n<p>\u00d6sterreichische Casino-Zahlungsmethoden sind sicher, weil die Spielbank die neueste SSL-Verschl\u00fcsselungstechnologie und Firewalls verwendet. Einige Spielbanken bieten m\u00f6glicherweise nicht die von Ihnen bevorzugte Zahlungsmethode an; daher ist es wichtig, dass Sie eine finden, die zu Ihnen passt.<\/p>\n\n\n\n<h3 class=\"wp-block-heading\">20 \u20ac Casinos mit schnellen Auszahlungen<\/h3>\n\n\n\n<p>Einige Zahlungsoptionen sind zwar sicher, aber es kann sein, dass ihnen die Eile fehlt, Ihnen Ihre Gewinne auszuzahlen. Das liegt daran, dass sie sicherstellen wollen, dass alle Sicherheitsprotokolle beachtet wurden. Es ist also nicht unbedingt schlecht, wenn Sie warten m\u00fcssen.<\/p>\n\n\n\n<p>Diejenigen, die ihre Gewinne sofort einzahlen m\u00f6chten, k\u00f6nnen sich an E-Wallets und Kryptow\u00e4hrungen halten. Diese Arten von Systemen erm\u00f6glichen schnelle Auszahlungen. Schnelle Auszahlungen bei Spielotheken sind das, was diese Methoden so begehrenswert macht. Sie k\u00f6nnen sich schnell auszahlen lassen und das Ganze noch einmal von vorne beginnen.<\/p>\n\n\n\n<h3 class=\"wp-block-heading\">Online-Slot-Spiele<\/h3>\n\n\n\n<p>Spielautomaten geh\u00f6ren nach wie vor zu den beliebtesten Online-Spielen. Deshalb gibt es auch verschiedene Arten von Boni, die Sie in Anspruch nehmen k\u00f6nnen, darunter auch Freispiele. Da ist es nur logisch, dass es auch eine gro\u00dfe Auswahl an Spielen gibt.<\/p>\n\n\n\n<p>Sie finden verschiedene Slots wie 3D, Video, Megaways und sogar online Progressive Jackpots. Diese Spiele haben unterschiedliche Funktionen, bei denen Sie sich auf beeindruckende Gewinnchancen und Auszahlungen freuen k\u00f6nnen. Die AT online Spielautomaten haben aufregende Themen, aus denen Sie w\u00e4hlen k\u00f6nnen. Jedes dieser Spiele hat Besonderheiten, die ein Spiel besser machen als das andere.<\/p>\n\n\n\n<h3 class=\"wp-block-heading\">Online-Bingo<\/h3>\n\n\n\n<p>Der Drang, &#8220;Bingo&#8221; zu rufen, ist in den meisten von uns vorhanden. Das liegt daran, dass es wahrscheinlich das erste Spiel ist, von dem Sie jemals im Fernsehen oder von Ihren Eltern geh\u00f6rt haben. Es ist ein Spiel, das schon sehr alt ist, aber seine Popularit\u00e4t bewahrt hat.<\/p>\n\n\n\n<p>Das liegt daran, dass es sich immer wieder neu erfindet. Dennoch bleibt es seiner Anziehungskraft treu, denn es ist ein Spiel, bei dem es um Aufregung geht. Wenn es nicht Bingo hie\u00dfe, w\u00fcrde man es Heureka nennen, denn es hat sicherlich sein Publikum gefunden.<\/p>\n\n\n\n<p>Die Spieler k\u00f6nnen jetzt verschiedene Online Bingo Varianten ausprobieren, wie 90-Ball, 80-Ball, 75-Ball und 35-Ball. Wenn das Ihren Durst nicht stillt, dann ist Slingo, eine Mischung aus Spielautomaten und Bingo, sicher das Richtige f\u00fcr Sie.<\/p>\n\n\n\n<h3 class=\"wp-block-heading\">Tischspiele<\/h3>\n\n\n\n<p>Tischspiele sind faszinierend auszuprobieren. Das liegt daran, dass sie ein wenig Geschick und Strategie erfordern. Nat\u00fcrlich k\u00f6nnen Anf\u00e4nger leicht lernen, wie man eine Partie Baccarat, Blackjack, Poker oder Roulette spielt.<\/p>\n\n\n\n<p>Alle <a href=\"\/at\/spiele-guides\/\">diese Spiele<\/a> haben ihre Variationen. Beim Roulette finden Sie faszinierende Spiele wie europ\u00e4isches, amerikanisches und franz\u00f6sisches Roulette.<\/p>\n\n\n\n<p>Selbst bei diesen Varianten gibt es noch Mini-Roulette. Die M\u00f6glichkeiten sind so zahlreich, dass es wie ein Rad ist, das nie aufh\u00f6rt, sich zu drehen. \u00d6sterreichische Live-Dealer-Casinos geh\u00f6ren zu den begehrtesten Spielen, da sie den Spielern die M\u00f6glichkeit geben, eine Spielhalle vor Ort zu erleben.<\/p>\n\n\n\n<h3 class=\"wp-block-heading\">20 \u20ac mobile \u00f6sterreichische Casinos<\/h3>\n\n\n\n<p>Die meisten Spieler bevorzugen es, unterwegs zu spielen. Das Leben ist hektisch und die Menschen sind immer auf dem Sprung. Sie k\u00f6nnen ihre Lieblingsspiele sehen, w\u00e4hrend sie auf ihren Zug warten. Die Unterhaltung liegt jetzt in Ihren H\u00e4nden.<\/p>\n\n\n\n<p>Dies ist den Softwareanbietern zu verdanken, die ihre Spiele jetzt so konfigurieren, dass sie auf unsere kleinen Bildschirme passen. Die 20-\u20ac-Einzahlungs-Casinos sind jetzt mit unseren Smartphones kompatibel und erm\u00f6glichen ein nahtloses Spiel.<\/p>\n\n\n\n<h2 class=\"wp-block-heading\">20 \u20ac minimale Einzahlung bei Sportwetten<\/h2>\n\n\n\n<p>Sportwetten haben viele Spieler in die Kasinos gelockt. Das liegt daran, dass sie auf aktuelle Sportarten wetten und mitfiebern k\u00f6nnen.<\/p>\n\n\n\n<p>Spieler k\u00f6nnen jetzt Mindestwetten ab 0,20 \u20ac platzieren. Dies variiert von Casino zu Casino. Wenn Sie eine Einzahlung von 20 \u20ac t\u00e4tigen, k\u00f6nnen Sie bei Sportwetten viel mehr gewinnen. Es bedeutet auch, dass Sie auf mehr M\u00e4rkte wetten k\u00f6nnen.<\/p>\n\n\n\n<h2 class=\"wp-block-heading\">Lizenzierung und Regulierung bei \u20ac20 Spielotheken<\/h2>\n\n\n\n<p>Die \u00d6sterreicher wetten schon seit Jahrzehnten legal. Das ist l\u00e4nger als in einigen der Nachbarl\u00e4nder. Allerdings ist es streng reguliert, was den Spielern zugute kommt.<\/p>\n\n\n\n<p>Die Geschichte des Gl\u00fccksspiels ist lang, aber alles, was Sie wissen m\u00fcssen, ist, dass die Regeln zum Schutz der Spieler da sind. Das Finanzministerium beaufsichtigt die Gl\u00fccksspielregelungen im Rahmen des GSpG.<\/p>\n\n\n\n<p>Viele Organisationen sind darauf angewiesen, gef\u00e4hrdeten Spielern zu helfen. Verantwortungsvolles Spielen ist ein wichtiger Aspekt der Regulierung. Zu diesen Vorschriften geh\u00f6rt auch die Spielsucht-Hilfe. Spieler, die sich vergewissern wollen, dass ihr Online-Casino reguliert ist und von welcher Stelle, k\u00f6nnen einfach auf das Banner auf der Unterseite des Gl\u00fccksspielhauses schauen.<\/p>\n","protected":false},"excerpt":{"rendered":"<p>Wie wir \u20ac20 Online Casino bewerten Bevor Sie auf die Schaltfl\u00e4che &#8220;Anmelden&#8221; klicken, wollen wir sicherstellen, dass Sie alle Details kennen. Sie sollten in der Lage sein, eine fundierte Entscheidung zu treffen, sobald Sie unsere Bewertungen der \u00f6sterreichischen Spielotheken gelesen haben. Wir testen viele Spielotheken, um sicherzustellen, dass sie seri\u00f6s sind. Wir pr\u00fcfen die Lizenzierung [&hellip;]<\/p>\n","protected":false},"author":4,"featured_media":18494,"parent":0,"menu_order":0,"comment_status":"closed","ping_status":"closed","template":"page_money.php","meta":{"_acf_changed":false,"footnotes":""},"class_list":["post-92","page","type-page","status-publish","has-post-thumbnail","hentry"],"acf":[],"_links":{"self":[{"href":"https:\/\/www.minimumdepositcasinos.org\/at\/wp-json\/wp\/v2\/pages\/92","targetHints":{"allow":["GET"]}}],"collection":[{"href":"https:\/\/www.minimumdepositcasinos.org\/at\/wp-json\/wp\/v2\/pages"}],"about":[{"href":"https:\/\/www.minimumdepositcasinos.org\/at\/wp-json\/wp\/v2\/types\/page"}],"author":[{"embeddable":true,"href":"https:\/\/www.minimumdepositcasinos.org\/at\/wp-json\/wp\/v2\/users\/4"}],"replies":[{"embeddable":true,"href":"https:\/\/www.minimumdepositcasinos.org\/at\/wp-json\/wp\/v2\/comments?post=92"}],"version-history":[{"count":17,"href":"https:\/\/www.minimumdepositcasinos.org\/at\/wp-json\/wp\/v2\/pages\/92\/revisions"}],"predecessor-version":[{"id":18865,"href":"https:\/\/www.minimumdepositcasinos.org\/at\/wp-json\/wp\/v2\/pages\/92\/revisions\/18865"}],"wp:featuredmedia":[{"embeddable":true,"href":"https:\/\/www.minimumdepositcasinos.org\/at\/wp-json\/wp\/v2\/media\/18494"}],"wp:attachment":[{"href":"https:\/\/www.minimumdepositcasinos.org\/at\/wp-json\/wp\/v2\/media?parent=92"}],"curies":[{"name":"wp","href":"https:\/\/api.w.org\/{rel}","templated":true}]}}