{"id":10176,"date":"2021-08-25T12:39:22","date_gmt":"2021-08-25T12:39:22","guid":{"rendered":"https:\/\/www.minimumdepositcasinos.org\/de\/?page_id=10176"},"modified":"2026-04-20T12:49:14","modified_gmt":"2026-04-20T12:49:14","slug":"muchbetter","status":"publish","type":"page","link":"https:\/\/www.minimumdepositcasinos.org\/de\/casino-zahlungsoptionen\/muchbetter\/","title":{"rendered":"MuchBetter"},"content":{"rendered":"\n<h2 class=\"wp-block-heading\">Was macht MuchBetter zu einer hervorragenden Zahlungsmethode f\u00fcr Spielbanken<\/h2>\n\n\n\n<p>MuchBetter ist aufgrund seiner erh\u00f6hten Sicherheitsma\u00dfnahmen eine ideale Zahlungsmethode. Wenn Sie bei seri\u00f6sen Online Casinos spielen, hat Sicherheit oberste Priorit\u00e4t, und die Spielbanken, die MuchBetter akzeptieren, sind sich dessen bewusst.<\/p>\n\n\n\n<p>Es werden strenge Sicherheitsma\u00dfnahmen ergriffen, um die Sicherheit der Transaktionen zu gew\u00e4hrleisten und den Spielern eine 100%ige Sicherheit bei ihren Zahlungen zu bieten. Es ist auf Online-Gl\u00fccksspiele zugeschnitten und deshalb vertrauen die Spieler ihm.<\/p>\n\n\n\n<p>Es wird fortschrittliche Technologie verwendet, um sicherzustellen, dass die Sicherheit auf dem h\u00f6chsten Stand ist, mit Ma\u00dfnahmen wie Sicherheitscodes, Ger\u00e4tekopplung und Touch ID. Neben der Bequemlichkeit, der einfachen Nutzung und der hohen Sicherheit bietet MuchBetter unglaublich niedrige Geb\u00fchren f\u00fcr Transaktionen. Nicht alle Online Casinos erheben bei Einzahlungen oder Abhebungen eine Geb\u00fchr, was ein fantastisches Plus ist.<\/p>\n\n\n\n<h2 class=\"wp-block-heading\">Die besten Online Casinos, die MuchBetter akzeptieren<\/h2>\n\n\n\n<p>MuchBetter wird von vielen vertrauensw\u00fcrdigen und seri\u00f6sen Spielbanken akzeptiert, was den Zugang und den Start Ihrer Gl\u00fccksspielreise unglaublich einfach macht. Bei diesen Spielbanken erwarten Sie die besten Angebote, die Sie mit dieser Zahlungsoption ausl\u00f6sen k\u00f6nnen.<\/p>\n\n\n\n<p>Sie ist perfekt f\u00fcr das Online-Gl\u00fccksspiel optimiert und das macht sie einzigartig. Die <a href=\"\/de\/\">besten Online Casinos<\/a> arbeiten nur mit den besten Zahlungsanbietern zusammen, und MuchBetter wird dabei kaum au\u00dfen vor gelassen. Wenn Sie auf der Suche nach einer Plattform sind, die Ihnen Sicherheit und Bequemlichkeit bietet, dann sollten Sie sich diese Top-Spielbanken ansehen, die wir f\u00fcr Sie haben.<\/p>\n\n\n\n<h2 class=\"wp-block-heading\">Minimale Einzahlungen bei MuchBetter Casinos<\/h2>\n\n\n\n<p>Die Spieler k\u00f6nnen eine minimale Einzahlung vornehmen. Das ist der Betrag, der erforderlich ist, um mit dem Spielen zu beginnen und Zugang zu den Spielen zu erhalten. Sie haben auch die M\u00f6glichkeit, mit einer minimalen Einzahlung zu spielen, mit der Sie einen Willkommensbonus freischalten k\u00f6nnen.<\/p>\n\n\n\n<p>Die beiden Optionen klingen zwar gleich, sind aber unterschiedlich, denn eine Spielbank kann eine niedrigere Einzahlung verlangen, wenn Sie keinen Bonus annehmen. Spielbanken mit minimaler Einzahlung, die MuchBetter akzeptieren, bieten verschiedene Einzahlungen an, wobei <a href=\"\/de\/casinos-mit-e5-mindesteinzahlung\/\">Spielbanken mit einer Einzahlung von 5 \u20ac<\/a> oft der Standard sind.<\/p>\n\n\n\n<p>Bei Spielbanken mit einer <a href=\"\/de\/casinos-mit-e10-mindesteinzahlung\/\">Einzahlung von 10 \u20ac<\/a> k\u00f6nnen Sie jedoch mit einem h\u00f6heren Bonusbetrag spielen. Bei Spielbanken mit einer <a href=\"\/de\/casinos-mit-e20-mindesteinzahlung\/\">Einzahlung von 20 \u20ac<\/a> k\u00f6nnen Sie mit mehr spielen, als Sie erwartet haben.<\/p>\n\n\n\n<h2 class=\"wp-block-heading\">Die besten deutschen MuchBetter Spielbanken mit minimaler Einzahlung<\/h2>\n\n\n\n<p><strong>Uploader to insert a CTA here for the minimum deposit casino that accepts MuchBetter<\/strong>\u202f<\/p>\n\n\n\n<p>Nach der Legalisierung des Gl\u00fccksspiels hat Deutschland einen neuen Zustrom von Online Casinos erlebt. Das bedeutet, dass Spieler sich darauf freuen k\u00f6nnen, sichere Wetten zu platzieren und ein faires Gl\u00fccksspielerlebnis zu genie\u00dfen. In den besten deutschen Spielbanken finden Sie MuchBetter als eine der sicheren Optionen, aus denen Sie w\u00e4hlen k\u00f6nnen.<\/p>\n\n\n\n<p>Das liegt daran, dass die Gemeinsame Gl\u00fccksspielbeh\u00f6rde der L\u00e4nder (GGL) die Online Casinos und die Zahlungen, die sie den Spielern anbieten, \u00fcberwacht. Diese Casinos stellen sicher, dass den Spielern nur rechtlich zul\u00e4ssige Zahlungsoptionen zur Verf\u00fcgung gestellt werden. Deshalb ist MuchBetter eine der sicheren Zahlungsoptionen f\u00fcr Online Casinos.<\/p>\n\n\n\n<h2 class=\"wp-block-heading\">Wie Sie MuchBetter in einer Spielbank verwenden<\/h2>\n\n\n\n<p>Einzahlungen und <a href=\"https:\/\/muchbetter.com\/\" target=\"_blank\" rel=\"noreferrer noopener\">Auszahlungen mit MuchBetter<\/a> sind eine der einfachsten M\u00f6glichkeiten, Transaktionen durchzuf\u00fchren. Wie bereits bekannt, ist diese Zahlungsmethode beliebt, weil sie f\u00fcr Online-Gl\u00fccksspiele optimiert ist. Die Spielbanken m\u00f6chten Ihre Erfahrung verbessern, indem sie die Zeit, in der Sie einzahlen und abheben k\u00f6nnen, verk\u00fcrzen.<\/p>\n\n\n\n<p>Dieses Merkmal wird von vielen Spielern gew\u00fcnscht, da es den Prozess beschleunigt und gro\u00dfen Komfort bietet. Um mit dem Spielen zu beginnen, m\u00fcssen Sie ein MuchBetter-Konto einrichten, Geld darauf einzahlen und lernen, wie man es benutzt. All das ist m\u00f6glich und erfordert kein umfangreiches Tutorial.<\/p>\n\n\n\n<h3 class=\"wp-block-heading\">Ein MuchBetter Konto erstellen<\/h3>\n\n\n\n<p>Wenn Sie bereit sind, mit echtem Geld zu spielen, k\u00f6nnen Sie jetzt ein Konto bei MuchBetter einrichten. Der Vorgang ist schnell und einfach, so dass Sie sofort mit dem Spielen beginnen k\u00f6nnen. Alles, was Sie tun m\u00fcssen, ist die Webseite von MuchBetter zu besuchen und auf die Schaltfl\u00e4che zur Registrierung zu klicken.<\/p>\n\n\n\n<p>Sie geben dann Ihre Daten wie Name, E-Mail-Adresse, Telefonnummer und ID ein und wenn Sie einen Empfehlungscode haben, k\u00f6nnen Sie diesen eingeben. Ein Konto kann \u00fcber Ihre Homepage oder von Ihrem mobilen Ger\u00e4t aus erstellt werden.<\/p>\n\n\n\n<p>Bei der Erstellung des Kontos werden Sie aufgefordert, Ihre bevorzugte W\u00e4hrung auszuw\u00e4hlen, wobei der Euro besonders unterst\u00fctzt wird. Sobald Ihr Konto genehmigt ist, k\u00f6nnen Sie eine Einzahlung vornehmen.<\/p>\n\n\n\n<h3 class=\"wp-block-heading\">Einzahlung auf Ihr MuchBetter Casino Konto<\/h3>\n\n\n\n<p>Bei MuchBetter k\u00f6nnen Sie jetzt sichere Zahlungen vornehmen, die schnell und bequem sind. Dazu m\u00fcssen Sie zun\u00e4chst ein Konto einrichten, und so geht&#8217;s:<\/p>\n\n\n\n<ol class=\"wp-block-list\">\n<li>Melden Sie sich \u00fcber Ihr mobiles Ger\u00e4t oder Ihren Desktop bei der MuchBetter App an.<\/li>\n\n\n\n<li>Tippen Sie in der unteren rechten Ecke des Bildschirms auf die schwebende Schaltfl\u00e4che.<\/li>\n\n\n\n<li>W\u00e4hlen Sie die Option &#8220;Aufladen&#8221;, die auf Ihrem Bildschirm erscheint.<\/li>\n\n\n\n<li>W\u00e4hlen Sie den Betrag, den Sie einzahlen m\u00f6chten, geben Sie ihn ein und klicken Sie auf die Option &#8220;Aufladen&#8221;, um die Transaktion zu best\u00e4tigen.<\/li>\n\n\n\n<li>In Ihrem Land gibt es m\u00f6glicherweise unterschiedliche Aufladungsmethoden.<\/li>\n\n\n\n<li>Vergewissern Sie sich, dass Sie die Option &#8220;Spielen&#8221; w\u00e4hlen, wenn Sie mit einer Debit-\/Kreditkarte einzahlen.<\/li>\n<\/ol>\n\n\n\n<h3 class=\"wp-block-heading\">Nutzung Ihres MuchBetter Kontos in einer Spielbank<\/h3>\n\n\n\n<p>Es ist an der Zeit, Ihr MuchBetter-Konto in einer Spielbank zu nutzen, und der Vorgang ist denkbar einfach. Einige Portale erm\u00f6glichen eine schnelle Casino-Anmeldung bei MuchBetter. Einige erlauben Ihnen eine 1-Klick-Anmeldung, was die Anmeldung bei einer Spielbank mit MuchBetter\u2026 viel schneller macht. Hier ist der einfache Prozess, den Sie bei der Einzahlung befolgen m\u00fcssen:<\/p>\n\n\n\n<ul class=\"wp-block-list\">\n<li>Rufen Sie Ihre bevorzugte Website auf und gehen Sie zum Kassen- oder Bankbereich und w\u00e4hlen Sie MuchBetter.<\/li>\n\n\n\n<li>Geben Sie Ihre Telefonnummer im richtigen Format ein.<\/li>\n\n\n\n<li>Sobald der Vorgang eingeleitet wurde, wird eine Anfrage, die genehmigt werden muss, an Ihre MuchBetter App gesendet.<\/li>\n\n\n\n<li>Sie k\u00f6nnen die Transaktion dann genehmigen, sobald Sie den Betrag, mit dem Sie spielen m\u00f6chten, eingegeben haben.<\/li>\n<\/ul>\n\n\n\n<h2 class=\"wp-block-heading\">Spielbanken ohne Wetteinsatz, die MuchBetter akzeptieren<\/h2>\n\n\n\n<p><strong>Uploader to insert a CTA here for the No wagering casino that accepts MuchBetter<\/strong>\u202f<\/p>\n\n\n\n<p>Deutsche Spieler k\u00f6nnen Spielbanken ohne Eins\u00e4tze finden, die MuchBetter akzeptieren, da dies die bekannteste verf\u00fcgbare Zahlungsmethode ist. Bei diesen Spielbanken genie\u00dfen Sie den Vorteil, dass Sie Ihren Bonus nicht umsetzen m\u00fcssen, was f\u00fcr die Erh\u00f6hung Ihrer Bankroll unglaublich wichtig ist.<\/p>\n\n\n\n<p>Die Wettanforderungen sind Teil der Gesch\u00e4ftsbedingungen, die Sie \u00fcber die G\u00fcltigkeit des Bonus und die Anzahl der Umsetzungen informieren, die Sie vornehmen m\u00fcssen. Bei Spielbanken ohne Umsatzbedingungen m\u00fcssen Sie sich \u00fcber diese Bedingungen keine Gedanken machen, was einen Bonus ohne Einsatzbedingungen viel besser macht.<\/p>\n\n\n\n<h2 class=\"wp-block-heading\">Abhebungen bei deutschen MuchBetter Casinos<\/h2>\n\n\n\n<p>Um sich Ihre Gewinne auszahlen zu lassen, m\u00fcssen Sie bei der Spielbank Ihrer Wahl einen Auszahlungsantrag stellen. Der Vorgang ist schnell und einfach und \u00e4hnelt dem einer Einzahlung. Hier ist ein kurzer Guide, wie Sie vorgehen m\u00fcssen:<\/p>\n\n\n\n<ul class=\"wp-block-list\">\n<li>Loggen Sie sich auf Ihrer bevorzugten Website ein, besuchen Sie den Banking- oder Cashier-Bereich und w\u00e4hlen Sie MuchBetter als ideale Zahlungsmethode.<\/li>\n\n\n\n<li>Die Auszahlungsanforderung sollte an die Telefonnummer gerichtet werden, mit der Sie sich urspr\u00fcnglich bei MuchBetter registriert haben.<\/li>\n\n\n\n<li>Sobald der Vorgang eingeleitet wurde, wird er an die Online Casino weitergeleitet und f\u00fcr eine schnelle Auszahlung genehmigt.<\/li>\n\n\n\n<li>Die Gewinne werden an MuchBetter gesendet, wo das Geld innerhalb von 10 Minuten bis zu 3 Tagen erscheinen kann.<\/li>\n\n\n\n<li>Die Online Casino kann Ihre KYC-Dokumente (Know Your Customer) anfordern, wenn der Auszahlungsbetrag Ihr Tageslimit \u00fcberschreitet.<\/li>\n<\/ul>\n\n\n\n<h2 class=\"wp-block-heading\">Sollten Sie MuchBetter in einer Online Casino benutzen?<\/h2>\n\n\n\n<p>MuchBetter ist ein ideales Zahlungssystem, mit dem Sie direkt von Ihrer mobilen App aus Transaktionen durchf\u00fchren k\u00f6nnen. Es ist eine einfache Option, die auf das Spielen zugeschnitten ist und schnelle und sichere Transaktionen erm\u00f6glicht. Diese Zahlungsmethode hat viele Vorteile, darunter niedrige Geb\u00fchren, die neuesten Sicherheitsma\u00dfnahmen und einfache Transaktionen.<\/p>\n\n\n\n<p>Die Spieler werden es als sehr vorteilhaft empfinden, da es sich in erster Linie an Gl\u00fccksspielseiten wendet und daher das Bed\u00fcrfnis nach Sicherheit und Privatsph\u00e4re versteht. Die Anmeldung bei MuchBetter ist einfach und die Einzahlung auf Ihr Konto erfolgt schnell. W\u00e4hlen Sie die beste Zahlungsoption und machen Sie Ihr Spielerlebnis so viel besser.<\/p>\n","protected":false},"excerpt":{"rendered":"<p>Was macht MuchBetter zu einer hervorragenden Zahlungsmethode f\u00fcr Spielbanken MuchBetter ist aufgrund seiner erh\u00f6hten Sicherheitsma\u00dfnahmen eine ideale Zahlungsmethode. Wenn Sie bei seri\u00f6sen Online Casinos spielen, hat Sicherheit oberste Priorit\u00e4t, und die Spielbanken, die MuchBetter akzeptieren, sind sich dessen bewusst. Es werden strenge Sicherheitsma\u00dfnahmen ergriffen, um die Sicherheit der Transaktionen zu gew\u00e4hrleisten und den Spielern eine [&hellip;]<\/p>\n","protected":false},"author":17,"featured_media":10188,"parent":174,"menu_order":0,"comment_status":"closed","ping_status":"closed","template":"page_money.php","meta":{"_acf_changed":false,"footnotes":""},"class_list":["post-10176","page","type-page","status-publish","has-post-thumbnail","hentry"],"acf":[],"_links":{"self":[{"href":"https:\/\/www.minimumdepositcasinos.org\/de\/wp-json\/wp\/v2\/pages\/10176","targetHints":{"allow":["GET"]}}],"collection":[{"href":"https:\/\/www.minimumdepositcasinos.org\/de\/wp-json\/wp\/v2\/pages"}],"about":[{"href":"https:\/\/www.minimumdepositcasinos.org\/de\/wp-json\/wp\/v2\/types\/page"}],"author":[{"embeddable":true,"href":"https:\/\/www.minimumdepositcasinos.org\/de\/wp-json\/wp\/v2\/users\/17"}],"replies":[{"embeddable":true,"href":"https:\/\/www.minimumdepositcasinos.org\/de\/wp-json\/wp\/v2\/comments?post=10176"}],"version-history":[{"count":15,"href":"https:\/\/www.minimumdepositcasinos.org\/de\/wp-json\/wp\/v2\/pages\/10176\/revisions"}],"predecessor-version":[{"id":18475,"href":"https:\/\/www.minimumdepositcasinos.org\/de\/wp-json\/wp\/v2\/pages\/10176\/revisions\/18475"}],"up":[{"embeddable":true,"href":"https:\/\/www.minimumdepositcasinos.org\/de\/wp-json\/wp\/v2\/pages\/174"}],"wp:featuredmedia":[{"embeddable":true,"href":"https:\/\/www.minimumdepositcasinos.org\/de\/wp-json\/wp\/v2\/media\/10188"}],"wp:attachment":[{"href":"https:\/\/www.minimumdepositcasinos.org\/de\/wp-json\/wp\/v2\/media?parent=10176"}],"curies":[{"name":"wp","href":"https:\/\/api.w.org\/{rel}","templated":true}]}}