{"id":102,"date":"2018-09-17T16:27:29","date_gmt":"2018-09-17T16:27:29","guid":{"rendered":"https:\/\/www.minimumdepositcasinos.org\/de\/?page_id=102"},"modified":"2022-07-07T17:48:54","modified_gmt":"2022-07-07T17:48:54","slug":"windows","status":"publish","type":"page","link":"https:\/\/www.minimumdepositcasinos.org\/de\/mobile-spielbanken\/windows\/","title":{"rendered":"Windows"},"content":{"rendered":"<h1>Windows<\/h1>\n<p><img decoding=\"async\" class=\" wp-image-104 alignright\" src=\"\/de\/wp-content\/uploads\/2018\/09\/Windows_Logo-e1539634704965.png\" alt=\"Windows\" width=\"222\" height=\"222\" srcset=\"https:\/\/www.minimumdepositcasinos.org\/de\/wp-content\/uploads\/2018\/09\/Windows_Logo-e1539634704965.png 400w, https:\/\/www.minimumdepositcasinos.org\/de\/wp-content\/uploads\/2018\/09\/Windows_Logo-e1539634704965-150x150.png 150w, https:\/\/www.minimumdepositcasinos.org\/de\/wp-content\/uploads\/2018\/09\/Windows_Logo-e1539634704965-300x300.png 300w\" sizes=\"(max-width: 222px) 100vw, 222px\" \/>Wenn Sie ein Windows-Telefon haben, k\u00f6nnen Sie Slots, Blackjack um echtes Geld bei <a href=\"\/de\/spiele\/\" target=\"_self\" rel=\"noopener noreferrer\">Mindesteinzahlungs-Casinos spielen<\/a>, jederzeit und \u00fcberall. Das Spielen unterwegs ist so popul\u00e4r geworden, dass immer mehr Casinobetreiber ihre Software sowohl auf dem Handy als auch auf dem Tablett um Apps erweitern.<\/p>\n<p>Microsoft brachte 2003 Windows Mobile auf den Markt und pr\u00e4sentierte ein ziemlich standardisiertes Smartphone. Sie wurden ohne Touchscreen konzipiert und bieten eine sehr geringe Bildschirmaufl\u00f6sung. Im Laufe der Jahre haben sie ihr Angebot verbessert und den Casino-Spielern ein einzigartiges Erlebnis mit extrem hoher Aufl\u00f6sung, hochwertigem Touchscreen und superschnellen Prozessoren geboten. Dennoch sind sie bei Online-Spielern immer noch nicht so beliebt wie bei <a href=\"\/de\/gerate\/iphone-casinos\/\">iPhone<\/a>&#8211; und Android-Nutzern.<\/p>\n<p>Es ist eine allgemeine Auffassung, dass Spieler, die iPhone oder <a href=\"\/de\/gerate\/android\/\">Android mobile Ger\u00e4te<\/a> verwenden, mehr Casinos zur Verf\u00fcgung haben werden als die Windows Mobiltelefone oder weniger popul\u00e4re Ger\u00e4te. Die Qualit\u00e4t und Benutzerfreundlichkeit von Apps hat sich jedoch in den letzten Jahren verbessert. Folglich sind Android- und iOS-Handys nicht die einzigen Handys, die gro\u00dfartige Online Casino-Anwendungen anbieten k\u00f6nnen.<\/p>\n<p>Renommierte Casinos haben eine mobile Version ihrer Casinos oder Sie k\u00f6nnen ihre Apps von Ihren<a href=\"\/de\/gerate\/\" target=\"_self\" rel=\"noopener noreferrer\"> Ger\u00e4ten App Store wie Google Play<\/a>, Windows Store, Blackberry World oder dem <a href=\"\/de\/ipad\/\" target=\"_self\" rel=\"noopener noreferrer\">iOS App Store herunterladen<\/a>.<\/p>\n<p>So testen wir Kasinos, die Windows-Gl\u00fccksspielanwendungen anbieten, entsprechend ihrem Ruf in der Online-Casino-Community, ob die Kasinos zertifiziert und lizenziert sind, ihre Integrit\u00e4t und Ehrlichkeit, Sicherheit sowie das verwendete Softwaresystem und seine Kompatibilit\u00e4t mit dem mobilen Windows-Ger\u00e4t. Unten ist unsere Liste der mobilen Casinos, die die niedrigsten <a href=\"\/de\/\" target=\"_self\" rel=\"noopener noreferrer\">Mindesteinzahlungslimits bieten.<\/a><\/p>\n<h3>Einzahlung In Ein Windows Phone Mobile Casino<\/h3>\n<p><a href=\"\/de\/#empfohlenen-mindesteinzahlungs-casino\">Alle der besten Mindesteinzahlungs-Casinos<\/a>, die wir aufgelistet haben, haben eine mobile Version ihres Casinos zur Verf\u00fcgung. Dies gilt auch f\u00fcr Tabletten. Sie k\u00f6nnen Einzahlungen in diese Casinos bereits ab $1.00, \u00a31.00 oder \u20ac1.00 t\u00e4tigen. Die anderen erfordern ein Minimum von $5.00 oder $10.00. Sie k\u00f6nnen die Mindesteinzahlung \u00fcber <a href=\"\/de\/casino-zahlungsoptionen\/paysafe-card\/\">Bankmethoden wie die Paysafecard<\/a> vornehmen, die ein Prepaid-Gutschein ist, oder viele E-Wallets wie <a href=\"\/de\/casino-zahlungsoptionen\/neteller\/\">Neteller erlauben auch sehr niedrige Mindestbetr\u00e4ge<\/a>.<\/p>\n<h3>FAQ\u2019S<\/h3>\n\n\n<div itemscope=\"\" itemtype=\"https:\/\/schema.org\/FAQPage\">\n  <div itemscope=\"\" itemprop=\"mainEntity\" itemtype=\"https:\/\/schema.org\/Question\">\n    <h4 itemprop=\"name\">? Wie Spiele ich Casinospiele Und Apps Von Meinem Windows Phone?<\/h4>\n    <div itemscope=\"\" itemprop=\"acceptedAnswer\" itemtype=\"https:\/\/schema.org\/Answer\">\n      <div itemprop=\"text\">Online-Casino-Spieler k\u00f6nnen Echtgeld-Casino-Spiele von ihren Windows-Mobiltelefonen aus spielen, egal wo sie sich befinden. Wir empfehlen Ihnen, entweder eine Microsoft Smartphone Casino App herunterzuladen oder direkt \u00fcber Ihren Browser zu spielen. Alles, was Sie tun m\u00fcssen, ist ein Konto bei Ihrem Lieblings-Online-Casino zu er\u00f6ffnen, ein Spiel auszuw\u00e4hlen, eine Einzahlung zu t\u00e4tigen und zu spielen.<\/div>\n      Alle Windows Phone Mobile Casinos verf\u00fcgen \u00fcber volle Bankunterst\u00fctzung. Das bedeutet, dass Sie einfach und sicher echtes Geld von Ihrem Smartphone einzahlen und abheben k\u00f6nnen. Diese seri\u00f6sen Gl\u00fccksspiel-Websites verwenden eine Software-Verschl\u00fcsselung, die Ihre pers\u00f6nlichen Daten sicher und gesch\u00fctzt h\u00e4lt.\n  <\/div>\n<\/div>\n<div itemscope=\"\" itemprop=\"mainEntity\" itemtype=\"https:\/\/schema.org\/Question\">\n    <h4 itemprop=\"name\">?\u200d\u2640\ufe0f Welche Arten Von Casinospielen Sind auf Meinem Windows Phone Verf\u00fcgbar?<\/h4>\n    <div itemscope=\"\" itemprop=\"acceptedAnswer\" itemtype=\"https:\/\/schema.org\/Answer\">\n      <div itemprop=\"text\">Sie haben die besten Spiele, die Ihnen auf Ihrem Microsoft Smartphone Mobile Casino zur Verf\u00fcgung stehen, das eine gro\u00dfe Auswahl an Echtgeld-Casino-Spielen bietet. Beliebte Spiele sind Roulette, Video Poker, Rubbelkarten, Slots und Blackjack.<\/div>\n      Ob Sie nun Slots oder Video Poker Echtgeldspiele oder Apps zum Spielen w\u00e4hlen, Sie k\u00f6nnen sicher sein, dass die von uns ausgew\u00e4hlten Microsoft Phone Online-Casinoseiten einwandfrei funktionieren. Diese sind wirklich die besten beweglichen Kasinos f\u00fcr Windows Telefone heraus dort.\n\t<\/div>\n<\/div>\n<div itemscope=\"\" itemprop=\"mainEntity\" itemtype=\"https:\/\/schema.org\/Question\">\n    <h4 itemprop=\"name\">? Sind Fenstertelefone Gut F\u00fcr das Spielen der Minimalen Ablagerung Kasinospiele<\/h4>\n    <div itemscope=\"\" itemprop=\"acceptedAnswer\" itemtype=\"https:\/\/schema.org\/Answer\">\n      <div itemprop=\"text\">Windows Mobile Ger\u00e4te geh\u00f6ren heute zu den neueren Modellen auf dem Smartphone-Markt. So bieten sie viele der neuesten und aktuellsten Funktionen angeboten mobile Casinos. Sie sind in der Lage, einige der niedrigsten Mindesteinzahlungen mit vielen der von verschiedenen Online-Casinos unterst\u00fctzten Bankmethoden zu t\u00e4tigen. Sie erhalten auch, erstaunliche Grafiken auf einem glatten, gro\u00dfen Schirm zu erfahren, der vollkommen ist, Kasinospiele von zu spielen. Das Windows-Tablett bietet Ihnen die gleichen Vorteile, aber auf einem gr\u00f6\u00dferen Bildschirm, der Ihnen ein noch gr\u00f6\u00dferes Erlebnis bietet. M\u00f6glicherweise erhalten Sie nicht immer die gleiche Spielauswahl wie in anderen mobilen Casinos, die mit Android oder iOS kompatibel sind.<\/div>\n\t<\/div> \n<\/div>\n<div itemscope=\"\" itemprop=\"mainEntity\" itemtype=\"https:\/\/schema.org\/Question\">\n    <h4 itemprop=\"name\">\u2753 Was ist besser? Die browserversion oder app?<\/h4>\n    <div itemscope=\"\" itemprop=\"acceptedAnswer\" itemtype=\"https:\/\/schema.org\/Answer\">\n      <div itemprop=\"text\">Dies richtet sich nach den pers\u00f6nlichen vorlieben und der methode, mit der sie spielen. Es ist jedoch ein guter hinweis, dass sie einer casino-app vertrauen k\u00f6nnen, die direkt im windows store erh\u00e4ltlich ist. Auch das spielen von ihrer mobilen casino-app wird f\u00fcr sie auf lange sicht schneller und einfacher sein. Und sie haben ihr lieblingsspiel innerhalb von sekunden zur hand.<\/div>\n\t<\/div>\n<\/div>\n<div itemscope=\"\" itemprop=\"mainEntity\" itemtype=\"https:\/\/schema.org\/Question\">\n    <h4 itemprop=\"name\">? Bekomme ich noch einen willkommensbonus?<\/h4>\n    <div itemscope=\"\" itemprop=\"acceptedAnswer\" itemtype=\"https:\/\/schema.org\/Answer\">\n      <div itemprop=\"text\">Wenn sie sich zum ersten mal von ihrem windows-smartphone aus anmelden, erhalten sie einen fantastischen willkommensbonus. Diese boni sind in der regel sehr grossz\u00fcgig und werden bei ihrer ersten einzahlung gutgeschrieben. Einige online-casinos bieten ihnen m\u00f6glicherweise freispiele oder kostenloses geld an. Wir haben casinos ausgew\u00e4hlt, die die besten willkommensbonusse anbieten, also machen sie weiter und w\u00e4hlen sie aus!<\/div>\n\t<\/div>\n<\/div>\n<div itemscope=\"\" itemprop=\"mainEntity\" itemtype=\"https:\/\/schema.org\/Question\">\n  <h4 itemprop=\"name\">? Muss ich eine einzahlung t\u00e4tigen, um spielen zu k\u00f6nnen?<\/h4>\n  <div itemscope=\"\" itemprop=\"acceptedAnswer\" itemtype=\"https:\/\/schema.org\/Answer\">\n    <div itemprop=\"text\">Wenn sie ein casino ausprobieren m\u00f6chten, ohne geld einzuzahlen, bieten ihnen viele windows-casinos die m\u00f6glichkeit, kostenlos zu spielen. Dies gibt ihnen die m\u00f6glichkeit, ein gef\u00fchl f\u00fcr die spiele und die online-casino-umgebung zu bekommen.<\/div>\n\t<\/div>\n<\/div>\n<\/div>\n","protected":false},"excerpt":{"rendered":"<p>Windows Wenn Sie ein Windows-Telefon haben, k\u00f6nnen Sie Slots, Blackjack um echtes Geld bei Mindesteinzahlungs-Casinos spielen, jederzeit und \u00fcberall. Das Spielen unterwegs ist so popul\u00e4r geworden, dass immer mehr Casinobetreiber ihre Software sowohl auf dem Handy als auch auf dem Tablett um Apps erweitern. Microsoft brachte 2003 Windows Mobile auf den Markt und pr\u00e4sentierte ein [&hellip;]<\/p>\n","protected":false},"author":1,"featured_media":104,"parent":13095,"menu_order":0,"comment_status":"closed","ping_status":"closed","template":"","meta":{"_acf_changed":false,"footnotes":""},"class_list":["post-102","page","type-page","status-publish","has-post-thumbnail","hentry"],"acf":[],"_links":{"self":[{"href":"https:\/\/www.minimumdepositcasinos.org\/de\/wp-json\/wp\/v2\/pages\/102","targetHints":{"allow":["GET"]}}],"collection":[{"href":"https:\/\/www.minimumdepositcasinos.org\/de\/wp-json\/wp\/v2\/pages"}],"about":[{"href":"https:\/\/www.minimumdepositcasinos.org\/de\/wp-json\/wp\/v2\/types\/page"}],"author":[{"embeddable":true,"href":"https:\/\/www.minimumdepositcasinos.org\/de\/wp-json\/wp\/v2\/users\/1"}],"replies":[{"embeddable":true,"href":"https:\/\/www.minimumdepositcasinos.org\/de\/wp-json\/wp\/v2\/comments?post=102"}],"version-history":[{"count":5,"href":"https:\/\/www.minimumdepositcasinos.org\/de\/wp-json\/wp\/v2\/pages\/102\/revisions"}],"predecessor-version":[{"id":13579,"href":"https:\/\/www.minimumdepositcasinos.org\/de\/wp-json\/wp\/v2\/pages\/102\/revisions\/13579"}],"up":[{"embeddable":true,"href":"https:\/\/www.minimumdepositcasinos.org\/de\/wp-json\/wp\/v2\/pages\/13095"}],"wp:featuredmedia":[{"embeddable":true,"href":"https:\/\/www.minimumdepositcasinos.org\/de\/wp-json\/wp\/v2\/media\/104"}],"wp:attachment":[{"href":"https:\/\/www.minimumdepositcasinos.org\/de\/wp-json\/wp\/v2\/media?parent=102"}],"curies":[{"name":"wp","href":"https:\/\/api.w.org\/{rel}","templated":true}]}}