{"id":10428,"date":"2021-10-14T11:27:38","date_gmt":"2021-10-14T11:27:38","guid":{"rendered":"https:\/\/www.minimumdepositcasinos.org\/de\/?page_id=10428"},"modified":"2021-10-14T11:27:39","modified_gmt":"2021-10-14T11:27:39","slug":"spielbanken-mit-sofortauszahlung","status":"publish","type":"page","link":"https:\/\/www.minimumdepositcasinos.org\/de\/spielbanken-mit-sofortauszahlung\/","title":{"rendered":"Spielbanken mit Sofortauszahlung"},"content":{"rendered":"<h1>Spielbanken mit Sofortauszahlung<\/h1>\n<p>Wenn es um Spielbanken geht, will jeder eine nahtlose Begegnung haben. Das reicht von der Sicherheit \u00fcber die Kundenbetreuung bis hin zu sofortigen Auszahlungen. Dazwischen gibt es viele andere Faktoren, die den Spielern ein gro\u00dfartiges Erlebnis in der Spielbank bieten sollen. Die Spieler wollen in der Lage sein, alles zu genie\u00dfen, was die Spielbank zu bieten hat. Einer dieser Vorz\u00fcge sollte die M\u00f6glichkeit sein, schnelle Auszahlungen zu t\u00e4tigen, ohne lange auf die Auszahlung warten zu m\u00fcssen. Ein langsamer Prozess kann erm\u00fcdend sein und Sie daher komplett abschalten. Der Grund, warum die meisten Leute ihre Gewinne schnell sehen wollen, ist, dass sie sie f\u00fcr andere Dinge nutzen wollen oder einfach ihr Spiel durch das Ausprobieren neuer Spiele verl\u00e4ngern wollen.<\/p>\n<h2>Schnelle Auszahlungen erkl\u00e4rt<\/h2>\n<p>Schnelle Auszahlungen werden einfach damit erkl\u00e4rt, dass Ihr Geld innerhalb einer kurzen Zeitspanne reflektiert wird, nachdem Sie Ihren Antrag auf eine Auszahlung gestellt haben. Das bedeutet, dass die Spielbank Ihren Antrag sofort auf Ihren Wunsch hin bearbeitet. Es gibt Faktoren, die diesen Antrag behindern k\u00f6nnen, auf die die Spielbank keinen Einfluss hat. Dazu kann die Art der <a href=\"\/de\/casino-zahlungsoptionen\/\">Zahlungsmethode<\/a> geh\u00f6ren, die Sie ausgew\u00e4hlt haben. Nicht alle Zahlungsoptionen sind gleich, daher kann es sein, dass Sie je nach Bearbeitungszeit eine kleine Weile warten m\u00fcssen. Wenn Sie jedoch die beste Zahlungsmethode f\u00fcr eine schnelle Auszahlung gew\u00e4hlt haben, brauchen Sie sich keine Sorgen dar\u00fcber zu machen, wann Ihre Gewinne f\u00fcr Sie verf\u00fcgbar sind. Schnelle Auszahlungen sind das Beste an der Spielbank, wenn Sie um echtes Geld spielen, und sie sollten f\u00fcr Sie leicht zug\u00e4nglich sein.<\/p>\n<h2>Beste Zahlungsmethoden f\u00fcr schnelle Auszahlungen<\/h2>\n<p>Es gibt eine Reihe von Zahlungsmethoden f\u00fcr schnelle Auszahlungen, die Sie f\u00fcr die besten halten k\u00f6nnen. Dazu geh\u00f6ren Methoden wie Cryptocurrency, E-Wallets, Prepaid-Karten und Internet-Banking. Diese Methoden sind sicher und k\u00f6nnen von den Benutzern als vertrauensw\u00fcrdig eingestuft werden, da sie sicherstellen, dass Ihre pers\u00f6nlichen und finanziellen Informationen sicher aufbewahrt werden. Zahlungen mit <a href=\"\/de\/casino-zahlungsoptionen\/paypal\/\">PayPal<\/a> zum Beispiel sind sehr sicher, effektiv und effizient. Die Gewissheit, dass Ihre Transaktionen sicher sind, ist die Erfahrung in der Spielbank wert. Skrill ist bei Spielern sehr beliebt, da es keine Verz\u00f6gerungen bei der Bearbeitung Ihrer Auszahlungen gibt. <a href=\"\/de\/casino-zahlungsoptionen\/neteller\/\">Neteller<\/a> steht in einer Reihe mit anderen vertrauensw\u00fcrdigen und effizienten Methoden. Sie k\u00f6nnen Ihre Auszahlung einfach vornehmen und k\u00f6nnen erwarten, dass Ihr Geld schnell zur\u00fcckkommt.<\/p>\n<h2>Wie man Spielbanken mit schneller Auszahlung ausw\u00e4hlt<\/h2>\n<p>Bei der Auswahl einer Spielbank k\u00f6nnen Sie eine Reihe von Faktoren einsetzen, die Sie je nach Zielsetzung ber\u00fccksichtigen. Die meisten Spieler, die um Geld spielen, legen Wert auf schnelle Auszahlungen. Dies ist wichtig, weil Sie nicht in der Schwebe bleiben wollen, w\u00e4hrend Sie sich fragen, ob die Spielbank auszahlt oder nicht. Um also eine Spielbank mit schneller Auszahlung zu w\u00e4hlen, m\u00fcssen Sie zuerst die Sicherheit ber\u00fccksichtigen. Finden Sie heraus, ob die Spielbank lizenziert ist und ob sie einen guten Ruf hat. Das ist entscheidend, denn Sie wollen nicht bei einer Spielbank landen, die Sie ausnutzt. Stellen Sie sicher, dass Sie die richtige Spielbank anhand der verf\u00fcgbaren Zahlungsmethoden ausw\u00e4hlen. In der Regel gilt: je mehr Methoden es gibt, desto besser. Es sollte eine Mischung aus allen Arten von Zahlungen vorhanden sein, einschlie\u00dflich E-Wallets, Kredit- und Debitkarten sowie Prepaid-Karten.<\/p>\n<h3>Ber\u00fccksichtigen Sie Genehmigungszeiten<\/h3>\n<p>Wenn es um die Genehmigungszeiten Ihrer Anfrage geht, m\u00fcssen Sie sich eventuell ein wenig in Geduld \u00fcben. Dies kann bedeuten, dass die Spielbank Ihren Antrag noch durchgeht, um festzustellen, ob Sie die Kriterien f\u00fcr eine Auszahlung erf\u00fcllen. Es gibt viele Faktoren, die die Wartezeit beeinflussen k\u00f6nnen und dazu geh\u00f6ren die G\u00fcltigkeit der erforderlichen Dokumente sowie die Anzahl der Mitarbeiter, die f\u00fcr die Bearbeitung Ihres Antrags zur Verf\u00fcgung stehen. Wenn Sie es mit einer seri\u00f6sen Spielbank zu tun haben, wird diese sicherstellen, dass sie \u00fcber gen\u00fcgend Personal verf\u00fcgt, um alle Transaktionen zu erm\u00f6glichen.<\/p>\n<h3>\u00dcberpr\u00fcfen Sie die Legitimit\u00e4t der Spielbank<\/h3>\n<p>Nichts ist so wichtig wie die Legitimit\u00e4t einer Spielbank, wenn es um Sicherheit und Spielvergn\u00fcgen geht. Alle Faktoren laufen auf diesen einen wichtigen Aspekt hinaus. Wenn zum Beispiel eine Spielbank nicht legitim ist, k\u00f6nnen Sie sich der Sicherheit Ihres Geldes nicht sicher sein. Dies gilt sowohl f\u00fcr Ihre Einzahlung als auch f\u00fcr Ihre Auszahlung. Es hat vor allem Auswirkungen auf Ihre Einzahlung, denn wenn die Spielbank nicht seri\u00f6s ist, werden Sie wahrscheinlich nie eine Auszahlung in einer solchen Spielbank erleben. Daher ist es wichtig, dass Sie die Art der Spielbank herausfinden, mit der Sie es zu tun haben. Stellen Sie Ihre Nachforschungen an, indem Sie <a href=\"\/de\/bewertungen\/\">Bewertungen<\/a> lesen und auch auf das Niveau der Kompetenz achten, wenn es um den Kundenservice geht. Eine Spielbank mit einem guten Ruf wird zun\u00e4chst einmal lizenziert sein. Dies ist wichtig, weil es bedeutet, dass sie reguliert werden und verpflichtet sind, die Sicherheit der Kunden \u00fcber alles andere zu gew\u00e4hrleisten.<\/p>\n<h3>Best\u00e4tigen Sie Abhebungsgeb\u00fchren<\/h3>\n<p>Die Abhebungsgeb\u00fchren sind von Spielbank zu Spielbank unterschiedlich. Sie werden feststellen, dass einige Spielbanken eine Geb\u00fchr auf Auszahlungen erheben, die vom Betrag abh\u00e4ngt. Au\u00dferdem sollten Sie die Geb\u00fchren beachten, die mit der von Ihnen gew\u00e4hlten Methode verbunden sind. Bei einigen Methoden fallen keine Geb\u00fchren an, w\u00e4hrend bei anderen einige Geb\u00fchren anfallen k\u00f6nnen. Vergewissern Sie sich immer, dass Sie die Auszahlungslimits kennen, da dies die Geb\u00fchren beeinflussen kann, die Sie erwerben. Sie wollen vielleicht eine Spielbank finden, die Ihnen eine <a href=\"\/de\/minimum-auszahlungs-casinos\/\">Mindestauszahlung<\/a> zwischen \u20ac10 und \u20ac30 erlaubt und Ihnen eine schnelle oder besser gesagt, angemessene Auszahlungszeit bietet. Wenn Sie sich \u00fcber die Geb\u00fchren nicht sicher sind, besuchen Sie am besten den Kassierer oder kontaktieren Sie den Kundensupport.<\/p>\n<h2>Andere Features bei Spielbanken mit schneller Auszahlung<\/h2>\n<p>Es gibt viele weitere Merkmale, die wir in Bezug auf Spielbanken mit schneller Auszahlung \u00fcberpr\u00fcfen. Diese beinhalten, sind aber nicht beschr\u00e4nkt auf:<\/p>\n<ul>\n<li>Hoch kompetente Kundenbetreuung, die 24\/7 verf\u00fcgbar ist<\/li>\n<li>Die Art der Boni, f\u00fcr die Sie sich qualifizieren k\u00f6nnen, wenn Sie eine Einzahlung machen<\/li>\n<li>Die Vielfalt der angebotenen Spiele sowie die Softwarehersteller, die f\u00fcr die Spielbank verwendet werden<\/li>\n<li>Die Vorteile, die sowohl Stammkunden als auch aktiven VIPs gew\u00e4hrt werden, wenn es um Ein- und Auszahlungsmethoden geht<\/li>\n<li>Die Arten von W\u00e4hrungen, die f\u00fcr alle Spieler verf\u00fcgbar sind<\/li>\n<\/ul>\n<h2>Faktoren, die Spielbanken mit Sofortabhebungen beeinflussen<\/h2>\n<p>In einer idealen Welt w\u00fcrde eine Spielbank die ganze Woche \u00fcber sofortige Auszahlungen vornehmen. Da es jedoch immer Faktoren gibt, die ber\u00fccksichtigt werden m\u00fcssen, ist die Arbeitskraft einer davon. Stellen Sie sich eine gesch\u00e4ftige Spielbank vor, die Millionen von Spielern hat, die t\u00e4glich versuchen, Zahlungen zu t\u00e4tigen. Das klingt nach einer m\u00fchsamen Aufgabe, die zu bew\u00e4ltigen ist. Nicht, dass es nicht m\u00f6glich w\u00e4re, aber Sie k\u00f6nnten feststellen, dass es zu Verz\u00f6gerungen kommt, wenn es um Sofortauszahlungen geht. Wochenenden k\u00f6nnen f\u00fcr die Bearbeitung von Zahlungen vom Tisch sein. Deshalb ist es entscheidend, eine Spielbank zu finden, die vertrauensw\u00fcrdig ist und Zahlungen zu jeder Tages- und Wochenzeit bearbeitet.<\/p>\n<p>Es ist wichtig, dass Sie gr\u00fcndliche Nachforschungen anstellen, um Spielbanken zu vermeiden, die skrupellos sind. Dies wird Ihnen auf lange Sicht eine Menge Zeit und Geld sparen. Eine seri\u00f6se Spielbank stellt sicher, dass Sie nicht erst durch Reifen gehen m\u00fcssen, um in den Genuss einer schnellen Auszahlung zu kommen. Sicher, es kann zu Verz\u00f6gerungen kommen, die auf anderen unvorhersehbaren Umst\u00e4nden beruhen, aber wenn eine Spielbank Sie und sich selbst ernst nimmt, werden Sie nicht viel zu bef\u00fcrchten haben, wenn es Zeit f\u00fcr eine Auszahlung ist.<\/p>\n<h2>Verz\u00f6gerungen bei der Verifizierung<\/h2>\n<p>Ihre Auszahlung kann sich aufgrund von nicht verifizierten Dokumenten verz\u00f6gern. Nicht nur das, sondern es kann auch daran liegen, dass Sie nicht alle erforderlichen Dokumente eingereicht haben, wie z.B. Ihren Personalausweis, einen Kontoauszug, eine Stromrechnung oder unzureichende Informationen zu Ihrer Kreditkarte. Manche Spielbanken nutzen diesen Grund als Verz\u00f6gerungstaktik, aber wenn Sie es mit einer seri\u00f6sen Spielbank zu tun haben, werden Sie wissen, dass, wenn Sie alle Anforderungen erf\u00fcllt haben, einschlie\u00dflich des Einsatzes, einer Auszahlung nichts mehr im Wege stehen sollte. Vergewissern Sie sich gleich zu Beginn, wenn Sie Ihre Einzahlung t\u00e4tigen, dass Sie alle Ihre Daten korrekt ausgef\u00fcllt haben. Die Wahl einer einzigen Methode f\u00fcr Einzahlung und Auszahlung kann Ihnen auf lange Sicht gute Dienste leisten. Das bedeutet, dass Sie keine Verz\u00f6gerungen bei der Verifizierung erleiden m\u00fcssen.<\/p>\n<h2>Fazit<\/h2>\n<p>Die Auswahl einer Spielbank mit schneller Auszahlung ist eine Sache, aber damit ist es nicht getan. Es gibt noch andere Merkmale, auf die Sie achten m\u00fcssen, bevor Sie sich festlegen. Neben der Methode oder deren Geschwindigkeit, den Geb\u00fchren oder der Legitimit\u00e4t der Spielbank, m\u00fcssen Sie auch die steuerlichen Auswirkungen Ihrer Transaktionen ber\u00fccksichtigen. Dies ist etwas, wor\u00fcber nicht oft gesprochen wird, aber es ist sehr wichtig. Sie wollen sich vielleicht damit vertraut machen, ob Sie f\u00fcr Ihre Auszahlungen steuerpflichtig sind oder nicht. Weitere Merkmale sind das Limit der Abhebungen, die Sie t\u00e4glich, w\u00f6chentlich und monatlich vornehmen k\u00f6nnen. Stellen Sie gen\u00fcgend Nachforschungen an, um Ihr Wissen zu vervollst\u00e4ndigen, so dass Sie eventuelle Fallstricke vermeiden k\u00f6nnen, wenn es Zeit f\u00fcr eine Abhebung ist.<\/p>\n","protected":false},"excerpt":{"rendered":"<p>Spielbanken mit Sofortauszahlung Wenn es um Spielbanken geht, will jeder eine nahtlose Begegnung haben. Das reicht von der Sicherheit \u00fcber die Kundenbetreuung bis hin zu sofortigen Auszahlungen. Dazwischen gibt es viele andere Faktoren, die den Spielern ein gro\u00dfartiges Erlebnis in der Spielbank bieten sollen. Die Spieler wollen in der Lage sein, alles zu genie\u00dfen, was [&hellip;]<\/p>\n","protected":false},"author":10,"featured_media":10432,"parent":0,"menu_order":0,"comment_status":"closed","ping_status":"closed","template":"","meta":{"_acf_changed":false,"footnotes":""},"class_list":["post-10428","page","type-page","status-publish","has-post-thumbnail","hentry"],"acf":[],"_links":{"self":[{"href":"https:\/\/www.minimumdepositcasinos.org\/de\/wp-json\/wp\/v2\/pages\/10428","targetHints":{"allow":["GET"]}}],"collection":[{"href":"https:\/\/www.minimumdepositcasinos.org\/de\/wp-json\/wp\/v2\/pages"}],"about":[{"href":"https:\/\/www.minimumdepositcasinos.org\/de\/wp-json\/wp\/v2\/types\/page"}],"author":[{"embeddable":true,"href":"https:\/\/www.minimumdepositcasinos.org\/de\/wp-json\/wp\/v2\/users\/10"}],"replies":[{"embeddable":true,"href":"https:\/\/www.minimumdepositcasinos.org\/de\/wp-json\/wp\/v2\/comments?post=10428"}],"version-history":[{"count":4,"href":"https:\/\/www.minimumdepositcasinos.org\/de\/wp-json\/wp\/v2\/pages\/10428\/revisions"}],"predecessor-version":[{"id":10433,"href":"https:\/\/www.minimumdepositcasinos.org\/de\/wp-json\/wp\/v2\/pages\/10428\/revisions\/10433"}],"wp:featuredmedia":[{"embeddable":true,"href":"https:\/\/www.minimumdepositcasinos.org\/de\/wp-json\/wp\/v2\/media\/10432"}],"wp:attachment":[{"href":"https:\/\/www.minimumdepositcasinos.org\/de\/wp-json\/wp\/v2\/media?parent=10428"}],"curies":[{"name":"wp","href":"https:\/\/api.w.org\/{rel}","templated":true}]}}