{"id":11692,"date":"2022-01-24T17:27:20","date_gmt":"2022-01-24T17:27:20","guid":{"rendered":"https:\/\/www.minimumdepositcasinos.org\/de\/?page_id=11692"},"modified":"2023-05-09T09:30:05","modified_gmt":"2023-05-09T09:30:05","slug":"seriose-online-casinos","status":"publish","type":"page","link":"https:\/\/www.minimumdepositcasinos.org\/de\/seriose-online-casinos\/","title":{"rendered":"Seriose Online Casinos"},"content":{"rendered":"\n<h2 class=\"wp-block-heading\">Empfohlene Seriose Online Casinos<\/h2>\n\n\n\n<p>Seriose Online Casinos werden auf der Grundlage mehrerer Faktoren empfohlen, die eine Online Casino erf\u00fcllen muss, bevor sie empfehlenswert ist. In der heutigen Zeit sind die meisten Online Casinos bestrebt, zu den empfohlenen seri\u00f6sen Online Casinos zu geh\u00f6ren.<\/p>\n\n\n\n<p>Das liegt daran, dass sie dadurch in einer besseren Position sind als eine Online Casino, das keine Empfehlung hat. Damit eine Spielbank den Status eines empfohlenen seri\u00f6sen Online Casinos erh\u00e4lt, muss sie unter anderem die folgenden Kriterien erf\u00fcllen:<\/p>\n\n\n\n<ul class=\"wp-block-list\"><li>Lizenzierung &#8211; Wenn eine Spielbank von einer Beh\u00f6rde wie der <a href=\"https:\/\/www.mga.org.mt\/\">Malta Gaming Authority (MGA)<\/a> lizenziert wurde, k\u00f6nnen sich die Spieler darauf verlassen, dass die Spielbank unter akzeptablen rechtlichen Bedingungen arbeitet.<\/li><li>Softwareanbieter &#8211; Eine Spielbank, die eine gut strukturierte und seri\u00f6se Software anbietet, wird wahrscheinlich mehr Spieler anziehen als eine, die unbekannte Softwareanbieter verwendet. Die meisten seri\u00f6sen Online Casinos verwenden Software-Anbieter wie <a href=\"\/de\/software\/microgaming\/\" data-type=\"page\">Microgaming<\/a>, Net Entertainment (<a href=\"\/de\/software\/netent\/\" data-type=\"page\">NetEnt<\/a>), NextGen und viele mehr.<\/li><li>Auswahl der Casino Zahlungsmethoden &#8211; fast alle seri\u00f6sen und empfohlenen Online Casinos bieten ihren Spielern eine gro\u00dfe Auswahl an Zahlungsmethoden. Es gilt weithin als ein gutes Zeichen, wenn eine Online Casino eine gute Anzahl von <a href=\"\/de\/casino-zahlungsoptionen\/\">Top Casino Zahlungsmethoden<\/a> zur Auswahl hat.<\/li><\/ul>\n\n\n\n<h2 class=\"wp-block-heading\">Was ist ein seri\u00f6ses Online Casino?<\/h2>\n\n\n\n<p>Ein seri\u00f6ses Online Casino ist eine Spielbank, die sich Zeit und M\u00fche gegeben hat, um sicherzustellen, dass ihre Kunden an erster Stelle stehen, indem sie ihnen nur das Beste bietet, was die Branche zu bieten hat. Das Online Casino, das mehr Auswahl f\u00fcr die Spieler, ein gutes Preis-Leistungs-Verh\u00e4ltnis, Sicherheit und Schutz der Spielergelder sowie den Schutz der Privatsph\u00e4re und der Identit\u00e4t des Spielers bietet, k\u00f6nnte als eines der seri\u00f6sen Online Casinos angesehen werden.<\/p>\n\n\n\n<p>Die anderen zu ber\u00fccksichtigenden Faktoren w\u00e4ren, dass eine Spielbank den Spielern Spiele anbieten muss, bei denen mit echtem Geld gespielt wird und bei denen sie die Chance haben, auch echtes Geld zu gewinnen. Das Gleiche gilt f\u00fcr die Boni, Werbegeschenke und Turniere, die eine Online Casino von Zeit zu Zeit anbieten w\u00fcrde. Die Regulierungen und die \u00dcberwachung durch unabh\u00e4ngige und staatliche Stellen verleihen einer Online Casino einen guten Ruf, da sie zeigen, dass sie das faire Spiel ernst nehmen.<\/p>\n\n\n\n<h2 class=\"wp-block-heading\">Wie wir die besten seri\u00f6sen Online Casinos \u00fcberpr\u00fcfen<\/h2>\n\n\n\n<p>Bei der \u00dcberpr\u00fcfung der besten Seriose Online Casinos gibt es verschiedene Wege, mit denen wir uns befassen; bei all diesen verschiedenen Wegen bleiben die Grundlagen jedoch die gleichen wie folgt:<\/p>\n\n\n\n<ul class=\"wp-block-list\"><li>Sicherheit und Datenschutz &#8211; alle Spieler m\u00fcssen wissen, dass sie auf einer sicheren und gesch\u00fctzten Plattform spielen. Die privaten Daten der Spieler m\u00fcssen zu jeder Zeit strengstens bewacht werden. Diese Online Casinos werden an den Regeln und Vorschriften gemessen, die sie sowohl von unabh\u00e4ngigen als auch von staatlichen Beh\u00f6rden einhalten.<\/li><li>Zahlungsoptionen &#8211; eine gute Online Casino ist diejenige, die den Spielern Optionen zur Auswahl bietet, wenn es um ihre bevorzugten Transaktionsmethoden geht. Normalerweise ist eine Spielbank, die eine breite Palette von Zahlungsmethoden anbietet, beliebter als eine mit begrenzten M\u00f6glichkeiten.<\/li><li>Preis-Leistungs-Verh\u00e4ltnis &#8211; Eine Deutsche online casino, die ihren Kunden einen guten Gegenwert f\u00fcr ihr Geld bietet, sticht immer hervor. Wenn eine Online Casino Boni, Wetten, Spielautomaten, virtuelle Tische und vieles mehr anbietet, werden wir diese Spielbank mit gr\u00f6\u00dferer Wahrscheinlichkeit h\u00f6her bewerten als eine Online Casino, die den Spielern geringere Renditen bietet.<\/li><\/ul>\n\n\n\n<h2 class=\"wp-block-heading\">Casino Boni bei Seriose Online Casinos<\/h2>\n\n\n\n<p>Die meisten Seriose Online Casinos bieten ihren Kunden w\u00e4hrend ihrer gesamten Spielreise laufende Boni und Turniere an. Von Anfang an bieten sie den neuen Spielern die ber\u00fchmten Willkommensboni an.<\/p>\n\n\n\n<p>Diese Boni sind darauf ausgerichtet, die Spieler mit einem minimalen Beitrag mit den Plattformen vertraut zu machen. Die Spieler m\u00fcssen eine Mindesteinzahlung leisten, um diesen <a href=\"\/de\/danke\/\">Willkommensbonus<\/a> und viele andere Bonuspakete zu erhalten. Einige Spielbanken bieten ihren Spielern w\u00f6chentliche Boni und Turniere an, die eine Mindesteinzahlung und hohe Gewinne f\u00fcr die Teilnehmer vorsehen.<\/p>\n\n\n\n<p>Spielbanken m\u00fcssen Spielern Boni anbieten, bei denen echtes Geld ausgezahlt wird, denn das ist eine der Ma\u00dfnahmen, die zeigen, wie seri\u00f6s eine Online Casino wirklich ist. Boni sind eine gro\u00dfartige M\u00f6glichkeit, das Angebot der Spielbank zu pr\u00e4sentieren, neue Spieler zu gewinnen und die bereits registrierten Spieler zu halten.<\/p>\n\n\n\n<h2 class=\"wp-block-heading\">Mobile Casinos, die seri\u00f6se Online Casino Spieler einladen<\/h2>\n\n\n\n<p>In Zeiten eines hektischen Lebensstils wollen die Menschen etwas, auf das sie ganz einfach zugreifen k\u00f6nnen, wenn es ihnen passt. Mobilit\u00e4t ist zu einem der wichtigsten Faktoren geworden, den Online Casinos in ihre Plattformen integriert haben.<\/p>\n\n\n\n<p>Ein Online Casino muss sicherstellen, dass seine Online casino Plattform mobilfreundlich ist, denn die meisten Menschen ziehen es vor, \u00fcber ihre mobilen Ger\u00e4te darauf zuzugreifen. Damit seri\u00f6se Online Casinos zu den besten Spielbanken geh\u00f6ren, m\u00fcssen sie \u00fcber mobile Ger\u00e4te leicht zug\u00e4nglich sein.<\/p>\n\n\n\n<h2 class=\"wp-block-heading\">Zusammenfassung der seri\u00f6sen Online Casinos<\/h2>\n\n\n\n<p>Ein seri\u00f6ses Online Casino ist eine Spielbank, die ihren Kunden jederzeit das Beste bietet. Eine Online Casino, das das Konzept des fairen Spiels auf allen seinen Plattformen umsetzt, ist auf dem besten Weg, den Status eines Seriose Online Casino zu erhalten. Die Spielbank muss gut reguliert und lizenziert sein und die Regeln und Vorschriften des Landes einhalten.<\/p>\n\n\n\n<p>Die Spieler m\u00fcssen die Freiheit haben, ihre bevorzugte Zahlungsmethode aus einem Pool von verf\u00fcgbaren Optionen zu w\u00e4hlen. Die Spieler m\u00fcssen sich sicher und wohl f\u00fchlen, weil sie wissen, dass ihre Gelder sicher sind und auch ihre privaten Daten sicher und gesch\u00fctzt aufbewahrt werden.<\/p>\n","protected":false},"excerpt":{"rendered":"<p>Empfohlene Seriose Online Casinos Seriose Online Casinos werden auf der Grundlage mehrerer Faktoren empfohlen, die eine Online Casino erf\u00fcllen muss, bevor sie empfehlenswert ist. In der heutigen Zeit sind die meisten Online Casinos bestrebt, zu den empfohlenen seri\u00f6sen Online Casinos zu geh\u00f6ren. Das liegt daran, dass sie dadurch in einer besseren Position sind als eine [&hellip;]<\/p>\n","protected":false},"author":16,"featured_media":11695,"parent":0,"menu_order":0,"comment_status":"closed","ping_status":"closed","template":"page_money.php","meta":{"_acf_changed":false,"footnotes":""},"class_list":["post-11692","page","type-page","status-publish","has-post-thumbnail","hentry"],"acf":[],"_links":{"self":[{"href":"https:\/\/www.minimumdepositcasinos.org\/de\/wp-json\/wp\/v2\/pages\/11692","targetHints":{"allow":["GET"]}}],"collection":[{"href":"https:\/\/www.minimumdepositcasinos.org\/de\/wp-json\/wp\/v2\/pages"}],"about":[{"href":"https:\/\/www.minimumdepositcasinos.org\/de\/wp-json\/wp\/v2\/types\/page"}],"author":[{"embeddable":true,"href":"https:\/\/www.minimumdepositcasinos.org\/de\/wp-json\/wp\/v2\/users\/16"}],"replies":[{"embeddable":true,"href":"https:\/\/www.minimumdepositcasinos.org\/de\/wp-json\/wp\/v2\/comments?post=11692"}],"version-history":[{"count":12,"href":"https:\/\/www.minimumdepositcasinos.org\/de\/wp-json\/wp\/v2\/pages\/11692\/revisions"}],"predecessor-version":[{"id":15820,"href":"https:\/\/www.minimumdepositcasinos.org\/de\/wp-json\/wp\/v2\/pages\/11692\/revisions\/15820"}],"wp:featuredmedia":[{"embeddable":true,"href":"https:\/\/www.minimumdepositcasinos.org\/de\/wp-json\/wp\/v2\/media\/11695"}],"wp:attachment":[{"href":"https:\/\/www.minimumdepositcasinos.org\/de\/wp-json\/wp\/v2\/media?parent=11692"}],"curies":[{"name":"wp","href":"https:\/\/api.w.org\/{rel}","templated":true}]}}