{"id":1272,"date":"2019-02-08T16:25:01","date_gmt":"2019-02-08T16:25:01","guid":{"rendered":"https:\/\/www.minimumdepositcasinos.org\/de\/?page_id=1272"},"modified":"2025-08-12T07:31:08","modified_gmt":"2025-08-12T07:31:08","slug":"iphone-casinos","status":"publish","type":"page","link":"https:\/\/www.minimumdepositcasinos.org\/de\/mobile-spielbanken\/iphone-casinos\/","title":{"rendered":"iPhone Casinos mit minimaler Mindesteinzahlung"},"content":{"rendered":"<div class=\"wp-block-image\">\n<figure class=\"alignright\"><img decoding=\"async\" width=\"300\" height=\"243\" src=\"https:\/\/www.minimumdepositcasinos.org\/de\/wp-content\/uploads\/2019\/02\/Iphone-300x243.jpg\" alt=\"Iphone\" class=\"wp-image-1270\" srcset=\"https:\/\/www.minimumdepositcasinos.org\/de\/wp-content\/uploads\/2019\/02\/Iphone-300x243.jpg 300w, https:\/\/www.minimumdepositcasinos.org\/de\/wp-content\/uploads\/2019\/02\/Iphone.jpg 696w\" sizes=\"(max-width: 300px) 100vw, 300px\" \/><\/figure><\/div>\n\n\n<p>Online Gl\u00fccksspiel ist ein sehr beliebter Zeitvertreib unter Millionen von Leuten auf der ganzen Welt und Spieler haben den Luxus des Spielens in Casinos vom Komfort ihres Zuhause aus am Desktop Computer genossen. Im Verlauf der letzten 20 Jahre hat sich die Technik der Smartphones extrem entwickelt und das Spielen unterwegs mit einem mobilen Ger\u00e4t oder einem Tablet ist l\u00e4ngst zur Realit\u00e4t geworden. Es scheint fast unm\u00f6glich, dass man seit der Entstehung des Internets mittlerweile sogar auf eine ganze Kollektion mit Spielen \u00fcber ein kleines Ger\u00e4t in der Hand zugreifen kann. Heutzutage ist es m\u00f6glich mobile Anwendungen herunterzuladen, die mit dem Apple iOS Betriebssystem kompatibel sind und iPhone Nutzer k\u00f6nnen zahlreiche der besten <a href=\"\/de\/spiele\/\">Online Casino Spiele<\/a> genie\u00dfen. Anstelle des Einloggens auf einer Casino Seite mit einem Internet Browser k\u00f6nnen Sie hier die iPhone Casino Spiele im Apple Store herunterladen und sofort mit dem Spielen beginnen ohne sich anzumelden. Das hat die Online Casino Industrie noch attraktiver gemacht. Mobile Versionen von Casino Software haben nicht immer die gleichen Spiele f\u00fcr den Nutzen am Desktop verf\u00fcgbar. Nutzer von iPhone haben auf der andern Seite sehr viel mehr Spiele verf\u00fcgbar als beispielsweise das alte Model des Windows Lumia. Da es so viele Optionen f\u00fcr das Gaming \u201eon the go\u201c gibt und im Internet unfassbar viele Anbieter von neuen Apps existieren, kann es wirklich eine schwierige Aufgabe sein eine App mit minimaler Mindesteinzahlung zu finden. Wir haben die besten und sichersten Mobile Casinos ausgew\u00e4hlt, die bereits bewertet wurden. Spielen Sie in einem unserer iPhone Online Casinos und genie\u00dfen Sie sichere und spannende Casino Spiele unterwegs.<\/p>\n\n\n\n<h2 class=\"wp-block-heading\" id=\"h-iphone-software-fur-minimale-mindesteinzahlung\">iPhone Software f\u00fcr minimale Mindesteinzahlung<\/h2>\n\n\n\n<p>Um die Bed\u00fcrfnisse der kleineren mobilen Bildschirme bei Mobile Casinos stillen zu k\u00f6nnen, haben Software Hersteller ein Web Design entwickelt, das die Seiten so anpasst, dass sie auf eine Vielzahl von Bildschirmgr\u00f6\u00dfen passen ohne das Qualit\u00e4t dabei verloren geht. Die anpassungsf\u00e4hige Technik \u00fcbertr\u00e4gt die Schaltfl\u00e4che des Casinos und skaliert die Software zu der Form und der Marke Ihres iPhone Bildschirms. Ohne diese Technik m\u00fcssten die Inhalte verkleinert werden, um auf den kleineren Bildschirm zu passen und dieser Vorgang w\u00fcrde dann in Verlust von Qualit\u00e4t resultieren. Damit Sie ein tolles Spiel auf Ihrem Smartphone oder Tablet genie\u00dfen k\u00f6nnen ohne dass Sie dabei die Hochwertigkeit der Bilder oder T\u00f6ne einb\u00fc\u00dfen, empfehlen wir es Ihnen die vertrauensw\u00fcrdigen Marken wie beispielsweise Playtech und Microgaming <a href=\"https:\/\/www.minimumdepositcasinos.org\/de\/software\/\">Software Entwickler<\/a>, die anpassungsf\u00e4hige Designs garantieren.<\/p>\n\n\n\n<h2 class=\"wp-block-heading\" id=\"h-einzahlungen-bei-einem-mobile-casino-tatigen\">Einzahlungen bei einem Mobile Casino t\u00e4tigen<\/h2>\n\n\n\n<p>Viele Online Casinos bieten nicht die \u20ac1 Einzahlungsoption an und unter denen, die es anbieten, kann es verwirrend sein, zwischen denen auszuw\u00e4hlen, die eine Lizenz haben und die keine Lizenz haben. Mit der Zeit werden wir immer mehr g\u00fcnstige Echtgeld Casinos f\u00fcr Mobile finden k\u00f6nnen, denn die Techniken und die Casino Software wird mit der Zeit immer besser.<\/p>\n\n\n\n<p><a href=\"https:\/\/www.minimumdepositcasinos.org\/de\/2019\/02\/08\/neue-technologien-in-der-online-casino-branche\/\">Online Casinos haben die Technologien<\/a> eingef\u00fchrt, um die Casino Seiten auf kleineren Bildschirmen zeigen zu k\u00f6nnen und viele Mobile Casinos sind noch einen Schritt weiter gegangen und bieten iPhone Apps an um das mobile Spielen noch einfacher zu gestalten. Wir zeigen Online Casinos f\u00fcr den Nutzen auf Mobile und Tablets, die auch sicher sind zum Spielen f\u00fcr nur \u20ac1!<\/p>\n\n\n\n<p>Im Bezug auf Banking Optionen sind die niedrigsten Banking Methoden mit minimaler Mindesteinzahlung Paysafecard und Ukash, denn sie nehmen in der Regel sehr niedrige Mindestbetr\u00e4ge an.<\/p>\n\n\n\n<h2 class=\"wp-block-heading\" id=\"h-faq-zu-iphone-online-casinos-mit-minimaler-mindesteinzahlung\">FAQ zu iPhone Online Casinos mit minimaler Mindesteinzahlung<\/h2>\n\n\n\n<p>iPhones sind zu den h\u00e4ufigsten Smartphones in der Welt geworden und die Software Entwickler lassen sich immer wieder neue Anwendungen einfallen, um viele Kunden anzulocken. F\u00fcr die Nutzer von iOS Ger\u00e4ten gibt es eine tolle Auswahl an Apps, die bereits im App Store verf\u00fcgbar sind.<\/p>\n\n\n\n<h2 class=\"wp-block-heading\" id=\"h-sind-alle-casino-spiele-fur-iphones-verfugbar\">Sind alle Casino Spiele f\u00fcr iPhones verf\u00fcgbar?<\/h2>\n\n\n\n<p>Die Apple iOS Plattform unterst\u00fctzt jedes Spiel, das in einem seri\u00f6sen Online Casino gefunden werden kann und davon gibt es viele! Wir haben die besten iPhone Online Slots und Casino Spiele f\u00fcr Sie ausgew\u00e4hlt. Thunderstruck II ist ein Slots Spiel mit 243 Gewinnwegen, das unbegrenzte Gewinnkombinationen mit zahlreichen gratis Spins, Scatters und Stacked Wilds bietet. Ein weiteres beliebtes Slots Spiel ist Lion\u2019s Pride und es verf\u00fcgt \u00fcber riesige m\u00f6gliche Gewinnkombinationen und viele gratis Spins, Scatter Pays und einen tollen Jackpot mit 1250 M\u00fcnzen. Mega Moolah bedarf keiner Vorstellung, denn es ist zu einem der bekanntesten Progressiven Jackpots \u00fcberhaupt geworden. Es gibt gen\u00fcgen Wilds, Scatters und gratis Spins, um Sie zu unterhalten w\u00e4hrend Sie darauf warten den Jackpot zu knacken. Es bietet au\u00dferdem einen hohen Multiplier und einen beeindruckenden 15,000 M\u00fcnzen Jackpot. Wenn Sie nach Tischspielen suchen, dann k\u00f6nnen Sie Roulette und Blackjack spielen und auch Royal Derby, ein Spiel bei dem Sie auf ein Pferd wetten k\u00f6nnen.<\/p>\n\n\n\n<h2 class=\"wp-block-heading\" id=\"h-welche-mindesteinzahlungen-kann-ich-mit-meinem-iphone-tatigen\">Welche Mindesteinzahlungen kann ich mit meinem iPhone t\u00e4tigen?<\/h2>\n\n\n\n<p>Es gibt Online Casinos, die geringe <a href=\"\/de\/casinos-mit-e1-mindesteinzahlung\/\">Einzahlungen von nur \u20ac1<\/a> annehmen und andere Betreiber nehmen erst Einzahlungen ab Betr\u00e4gen von \u20ac5 oder \u20ac10. Diese geringen Wetten gelten auch f\u00fcr die Zahlungsabwickler, welche den Casinos zur Verf\u00fcgung stehen, beispielsweise Paysafecard nimmt recht niedrige Mindesteinzahlungen an.<\/p>\n\n\n\n<h2 class=\"wp-block-heading\" id=\"h-kann-ich-kostenlose-online-casino-spiele-mit-meinem-iphone-spielen\">Kann ich kostenlose Online Casino Spiele mit meinem iPhone spielen?<\/h2>\n\n\n\n<p>Wenn Sie eine App vom App Store runterladen, dann sind Sie in der Lage das Spiel ohne eine Einzahlung zu spielen. Die gratis Spiel Option erm\u00f6glicht es Ihnen kostenlos zu spielen, damit Sie die Spiele testen und einen Vorgeschmack bekommen k\u00f6nnen, bevor Sie echtes Geld einsetzen. Es gibt in der Tat hunderte von iOS Apps, die Spielern Zugriff auf unbegrenzte kostenfreie Casino Spiele bieten.<\/p>\n\n\n\n<h2 class=\"wp-block-heading\" id=\"h-werde-ich-einen-willkommensbonus-erhalten\">Werde ich einen Willkommensbonus erhalten?<\/h2>\n\n\n\n<p>Ja, alle Online Apps bietet neuen Spielern Willkommensboni. F\u00fchrende Betreiber wollen, dass Sie ihre Produkte testen und deswegen stellen Sie eine Auswahl an Angeboten und Aktionen f\u00fcr Mobile Casino Spieler zusammen. Die meisten der Deals sind g\u00e4ngige Casino Boni und ein vorgegebener Betrag und sehr oft gibt es dazu noch ein paar Freispiele.<\/p>\n\n\n\n<p>Bei einem Spiel wie Immortal Romance k\u00f6nnen Sie gratis Spins, zus\u00e4tzliche Treuepunkte oder Cash Back Boni bei Spielen wie Tomb Raider erhalten. Es gibt also quasi keinen Unterschied zwischen Online- und Mobile Spiel au\u00dfer, dass es beim Mobile Gambling oft noch extra Boni im Angebot gibt.<\/p>\n\n\n\n<h2 class=\"wp-block-heading\" id=\"h-kann-ich-alle-meine-konten-bei-mobilen-geraten-in-ein-account-zusammenfuhren\">Kann ich alle meine Konten bei mobilen Ger\u00e4ten in ein Account zusammenf\u00fchren?<\/h2>\n\n\n\n<p>Ja, Sie k\u00f6nnen Ihre Konten bei allen Plattformen oder mobilen Ger\u00e4ten zusammenf\u00fchren, wenn diese in Ihrem Namen registriert sind.<\/p>\n\n\n\n<h2 class=\"wp-block-heading\" id=\"h-sind-meine-personlichen-und-banking-details-sicher\">Sind meine pers\u00f6nlichen und Banking Details sicher?<\/h2>\n\n\n\n<p>Wir empfehlen Casino Apps , die Ihnen eine gute Gewinnchance auf echtes Geld bieten. Weil wir wissen, wie wichtig es ist, in einem Casino zu spielen, <a href=\"https:\/\/www.minimumdepositcasinos.org\/de\/2018\/09\/07\/ist-es-sicher-auf-online-kasino-seiten-zu-spielen\/\">das Ihre pers\u00f6nlichen und Banking Details sch\u00fctzt, wollen wir Ihnen versichern, dass Ihre Informationen sicher sind.<\/a><\/p>\n\n\n\n<p>Es gibt eine Vielzahl von Faktoren, die mit der Casinosicherheit zusammenh\u00e4ngen und auf jeden Fall relevant sind und Sie m\u00fcssen diese Aspekte bedenken, wenn Sie eine Seite von Ihrem mobilen Ger\u00e4t ausw\u00e4hlen. Alle Homepages von Casino Seiten f\u00fchren die folgenden Informationen auf:<\/p>\n\n\n\n<ul class=\"wp-block-list\">\n<li><strong>Lizenzen \u2013<\/strong> Jede Online Casino Seite zeigt Informationen im Bezug auf seine Registrierung und auch eine Lizenznummer und auch ein Wappen, um die Legalit\u00e4t der Seite zu verifizieren. Gehen Sie immer sicher, dass ein Online Casino registriert ist mit einer seri\u00f6sen Firma, um sicherzustellen, dass das Casino ehrlich und vertrauensw\u00fcrdig ist.<\/li>\n\n\n\n<li><strong>Verschl\u00fcsselung \u2013<\/strong> Eine Online Casino Webseite muss mit einer SSL Verbindung verschl\u00fcsselt sein. Auf diese Weise sollen n\u00e4mlich Ihre pers\u00f6nlichen und finanziellen Details gesch\u00fctzt werden, damit Ihre privaten Informationen nicht riskiert werden.<\/li>\n\n\n\n<li><strong>Banking \u2013<\/strong> F\u00fcr Casinos mit minimaler Mindesteinzahlung sollten Sie bedenken, dass nicht alle Zahlungsmethoden eine Mindesteinzahlung von \u20ac1, \u20ac5 oder \u20ac10 annehmen. Alle gro\u00dfen Kredit- und Debitkarten nehmen keine Minimaleinzahlungen an. Es gibt jedoch Formen, die kleine Betr\u00e4ge annehmen, wie beispielsweise Paysafecard.<\/li>\n\n\n\n<li><strong>Zufallsgeneratoren \u2013<\/strong> Das ist ein Computerprogramm, das sicherstellt, dass alle Slot Spiele und andere Casino Spiele f\u00fcr alle Nutzer gleicherma\u00dfen fair sind. Ein Zufallsgenerator generiert Nummern, die willk\u00fcrlich sind. Sie produzieren in jeder Sekunde gro\u00dfe Zahlensequenzen w\u00e4hrend sie aktiv sind und auf diese Weise wird versichert, dass alle Spieler die gleichen Gewinnchancen haben.<\/li>\n<\/ul>\n\n\n\n<h2 class=\"wp-block-heading\" id=\"h-fazit\">Fazit<\/h2>\n\n\n\n<p>Apple Produkte sind sehr popul\u00e4r und sind immer mehr verf\u00fcgbar auf dem Online Casino Markt. Einer der Hauptgr\u00fcnde hierf\u00fcr ist es, dass die Marke wie ein Synonym ist f\u00fcr Innovation, Bequemlichkeit und guter Qualit\u00e4t. Die Firma wurde 1976 als ein PC Anbieter gegr\u00fcndet und als eine Organisation, die den anderen immer einen Schritt voraus war. Heute hat sich der Fokus darauf gerichtet, ein eigenes Betriebssystem, das iOS, zu haben, welches das iPhone und iPad einschlie\u00dft.<\/p>\n\n\n\n<p>In 2008 wurde der Apple App Store eingef\u00fchrt, um die wachsenden Bed\u00fcrfnisse der Kunden im Bezug auf mobile Anwendungen bedienen zu k\u00f6nnen. Wenn man sagt, dass der App Store gro\u00df ist, dann w\u00e4re das eine Untertreibung, denn er verf\u00fcgt in der Tat \u00fcber 1,4 Millionen Optionen, aus denen Nutzer w\u00e4hlen k\u00f6nnen und tausende davon sind f\u00fcr Mobile Casinos gemacht worden. Es gibt eine enorme Variet\u00e4t an Slot Spielen und progressiven Jackpots wie das sehr popul\u00e4re Mega Moolah, Major Millions, Mega Fortune, Hall of Gods und viele weitere. Man kann ganz sicher sagen, dass eine wachsende Zahl an Spielern existiert, die riesige Jackpots beim Spielen auf ihrem mobilen Ger\u00e4t gewonnen haben. Die meisten Mobile Casinos bieten eine Vielzahl an Casino Spielen und Sie k\u00f6nnen ganz einfach Blackjack, Roulette und andere Karten- und Tischspiele w\u00e4hlen. Eines der gr\u00f6\u00dften Mankos von mobilen Casinos war es bis vor kurzer Zeit, dass sie keine Live Dealer Spiele anbieten konnten. Aber einer der gr\u00f6\u00dften Software Entwickler, Evolution Gaming, hat eine L\u00f6sung gefunden! Obwohl nicht alle Mobile Casinos ein Live Dealer Casino bieten, verf\u00fcgen die meisten gro\u00dfen Betreiber \u00fcber eine Live Spiele Option auf ihrer Mobile Plattform.<\/p>\n\n\n\n<p>iPhone gibt den Ton an f\u00fcr das Spielen von Mobile Casino Games und minimalen Einzahlungscasinospielen aufgrund ihrer geschmeidigen Touch Screen Schaltfl\u00e4che und der umwerfenden Grafiken. Das mobile Spielen soll in den n\u00e4chsten drei Jahren um 19% ansteigen und deswegen ist in dieser Hinsicht das Limit der Himmel! Sehen Sie sich regelm\u00e4\u00dfig unsere Seiten an um die besten Mobile Casinos mit minimalen Mindesteinzahlungen und den besten Spielen zu finden.<\/p>\n","protected":false},"excerpt":{"rendered":"<p>Online Gl\u00fccksspiel ist ein sehr beliebter Zeitvertreib unter Millionen von Leuten auf der ganzen Welt und Spieler haben den Luxus des Spielens in Casinos vom Komfort ihres Zuhause aus am Desktop Computer genossen. Im Verlauf der letzten 20 Jahre hat sich die Technik der Smartphones extrem entwickelt und das Spielen unterwegs mit einem mobilen Ger\u00e4t [&hellip;]<\/p>\n","protected":false},"author":7,"featured_media":1270,"parent":13095,"menu_order":0,"comment_status":"closed","ping_status":"closed","template":"","meta":{"_acf_changed":false,"footnotes":""},"class_list":["post-1272","page","type-page","status-publish","has-post-thumbnail","hentry"],"acf":[],"_links":{"self":[{"href":"https:\/\/www.minimumdepositcasinos.org\/de\/wp-json\/wp\/v2\/pages\/1272","targetHints":{"allow":["GET"]}}],"collection":[{"href":"https:\/\/www.minimumdepositcasinos.org\/de\/wp-json\/wp\/v2\/pages"}],"about":[{"href":"https:\/\/www.minimumdepositcasinos.org\/de\/wp-json\/wp\/v2\/types\/page"}],"author":[{"embeddable":true,"href":"https:\/\/www.minimumdepositcasinos.org\/de\/wp-json\/wp\/v2\/users\/7"}],"replies":[{"embeddable":true,"href":"https:\/\/www.minimumdepositcasinos.org\/de\/wp-json\/wp\/v2\/comments?post=1272"}],"version-history":[{"count":7,"href":"https:\/\/www.minimumdepositcasinos.org\/de\/wp-json\/wp\/v2\/pages\/1272\/revisions"}],"predecessor-version":[{"id":18105,"href":"https:\/\/www.minimumdepositcasinos.org\/de\/wp-json\/wp\/v2\/pages\/1272\/revisions\/18105"}],"up":[{"embeddable":true,"href":"https:\/\/www.minimumdepositcasinos.org\/de\/wp-json\/wp\/v2\/pages\/13095"}],"wp:featuredmedia":[{"embeddable":true,"href":"https:\/\/www.minimumdepositcasinos.org\/de\/wp-json\/wp\/v2\/media\/1270"}],"wp:attachment":[{"href":"https:\/\/www.minimumdepositcasinos.org\/de\/wp-json\/wp\/v2\/media?parent=1272"}],"curies":[{"name":"wp","href":"https:\/\/api.w.org\/{rel}","templated":true}]}}