{"id":1723,"date":"2019-06-13T09:50:06","date_gmt":"2019-06-13T09:50:06","guid":{"rendered":"https:\/\/www.minimumdepositcasinos.org\/de\/?page_id=1723"},"modified":"2023-08-31T12:28:43","modified_gmt":"2023-08-31T12:28:43","slug":"gate-777","status":"publish","type":"page","link":"https:\/\/www.minimumdepositcasinos.org\/de\/unregulierte-casinos\/gate-777\/","title":{"rendered":"Gate 777"},"content":{"rendered":"<h2>Testbericht Aufschl\u00fcsselung<\/h2>\n<p>Wenn Sie durch das Gate 777 gehen, werden Sie erste Klasse fliegen. Mit seinem Flughafen-Thema behandelt das Gate 777 Spielbank jeden Gast als VIP. Es gibt Zeichentrickfiguren auf dem Weg, um Sie zu unterhalten und zu f\u00fchren. Die Webseite ist mit \u00fcbersichtlichen Men\u00fcs und Anweisungen leicht zu navigieren, sodass es keine Verwirrung dar\u00fcber gibt, was verf\u00fcgbar ist und wie gespielt wird.<\/p>\n<p>Nat\u00fcrlich ist Gate 777 am Ende des Tages ein Spielbank und ist in erster Linie daf\u00fcr da, damit Sie Ihr Gl\u00fcck an den Spielautomaten probieren k\u00f6nnen.<\/p>\n<p>Die schlanke und am\u00fcsante Themenoberfl\u00e4che des Spielbank, f\u00f6rdert die Vorstellung, dass jeder Besucher ein VIP ist. Daher erwarten Sie eine erstklassiges Erlebnis, richtig? Nun, genau das bekommen Sie. Hinter dem farbenfrohen Empfang stehen \u00fcber 800 Spiele, von traditionell bis modern. Es ist wirklich f\u00fcr jeden etwas dabei.<\/p>\n<p><a href=\"https:\/\/www.minimumdepositcasinos.org\/de\/software\/\">Spiele sind von allen Top-Spieleanbietern<\/a> verf\u00fcgbar, darunter 1&#215;2 Gaming, Adoptit Publishing, Bla Bla Studios, Colossus Bets, Dtech Gaming, Evolution Gaming, Fortune Factory Studios, Inspired Gaming, Kalamba, Magic Dreams, Microgaming, NetEnt, PlaynGo, Quickspin, Rot Tiger, Sigma Gaming, Thunderkick, Wild Streak Gaming, Yoloplay und vielen mehr. Sie werden also Spiele spielen, die Ihnen m\u00f6glicherweise vertraut sind, zusammen mit einer ganzen Reihe neuer Spiele, die Sie vielleicht noch nicht gesehen haben.<\/p>\n<p>Die Pr\u00e4sentation des Spielbank ist klar und offen, noch bevor Sie sich anmelden. Sie k\u00f6nnen die Spiele durchsuchen und die verf\u00fcgbaren Aktionen sehen, die klar und umfassend erkl\u00e4rt werden, ohne dass Sie sich auf irgendetwas festlegen m\u00fcssen. Die Leute im Gate 777 Spielbank sind so zuversichtlich, dass Sie ein Teil der Reise sein wollen, sie sind froh, Ihnen die T\u00fcren zu \u00f6ffnen, damit Sie reinkommen k\u00f6nnen.<\/p>\n<p>Wie viele der f\u00fchrenden Spielbank ist Gate 777 auf allen g\u00e4ngigen Plattformen verf\u00fcgbar, einschlie\u00dflich iOS und Android-Smartphones und -Tablets sowie Laptops und altmodischen Desktops. Nehmen Sie sich also Erfrischungen w\u00e4hrend des Fluges, machen Sie es sich bequem und genie\u00dfen Sie den Flug.<\/p>\n<h2>Boni und Angebote<\/h2>\n<h3>Willkommensbonus<\/h3>\n<p>Nehmen Sie Ihre erste Einzahlung vor und Sie erhalten nicht nur einen 100% Bonus f\u00fcr Ihre Einzahlung (bis zu maximal \u20ac100), sondern Sie erhalten auch <a href=\"https:\/\/www.minimumdepositcasinos.org\/de\/freespins\/\">25 zus\u00e4tzliche Freispiele<\/a>, die Ihnen einen flotten Start erm\u00f6glichen. \u00dcbrigens betr\u00e4gt die Mindesteinzahlung \u20ac 20.<\/p>\n<h3>Andere Angebote<\/h3>\n<p>T\u00e4gliche Upgrades: T\u00e4tigen Sie t\u00e4gliche eine Einzahlung (mindestens \u20ac20) und Sie erhalten t\u00e4glich ein Upgrade.<\/p>\n<p>Das t\u00e4gliche Upgrade ist eine \u00dcberraschung, bei der es sich um zus\u00e4tzliche Freispiele, Angebote und Aktionen im Zusammenhang mit Bonusgeldern oder um eine Kombination aus beiden handeln kann.<\/p>\n<h3>VIP &amp; Loyalty Programm<\/h3>\n<p>Laut Gate 777 Spielbank sind Sie in der Minute, in der Sie sich angemeldet haben, ein VIP. Wie sieht es mit Treuepr\u00e4mien aus?<\/p>\n<p>Treuepunkte werden jedes Mal vergeben wenn Sie spielen. Sie erhalten mehr Punkte, je mehr Sie spielen, wodurch Sie automatisch die f\u00fcnf Loyalit\u00e4tsstufen durchlaufen k\u00f6nnen. Wenn Sie durch die Stufen Bronze, Silber, Gold, Diamant und Platin gehen, erhalten Sie erh\u00f6hte Boni, bessere Belohnungen und zus\u00e4tzliche Vorteile.<\/p>\n<p>Sie m\u00fcssen auch Ihr Loyalit\u00e4tsstufe halten, indem Sie monatlich kontinuierlich Punkte sammeln.<\/p>\n<p>Nachfolgend finden Sie eine Auflistung der Punkte, die Sie ben\u00f6tigen, um die verschiedenen Stufen zu erreichen und die Punkte, die Sie ben\u00f6tigen, um dort zu bleiben:<\/p>\n<p>Level<\/p>\n<ul>\n<li>0-5000 PunkteBronze<\/li>\n<li>5000-15000 PunkteSilber<\/li>\n<li>15000-35000 PunkteGold<\/li>\n<li>35000-50000 PunkteDiamant<\/li>\n<li>50000+ PunktePlatin<\/li>\n<\/ul>\n<p>Ben\u00f6tigte Punkte um Ihre Loyalit\u00e4tsstufe zu halten<\/p>\n<ul>\n<li>Bronze Keine Punkte ben\u00f6tigt<\/li>\n<li>Silber 2500 Punkte pro Monat<\/li>\n<li>Gold 8000<\/li>\n<li>Diamant 12000<\/li>\n<li>Platin 15000<\/li>\n<\/ul>\n<p>Ihre Treuepunkte k\u00f6nnen gegen Bonusguthaben eingel\u00f6st werden, das im Spielbank verwendet werden kann. Wenn Sie sich fragen, wie Sie Treuepunkte sammeln, variiert dies. F\u00fcr jeden Einsatz von \u20ac10 k\u00f6nnen Sie bis zu 2 volle Treuepunkte sammeln. Verwirrt? Du solltest es nicht sein. Hier ist ein kurzer \u00dcberblick \u00fcber die Punkte, die Sie an verschiedenen Spiele sammeln k\u00f6nnen. Ich denke, die Leute vom Gate 777 Spielbank wollen uns an bestimmte Orte leiten.<\/p>\n<p>Spieltypen und Treuepunkte<\/p>\n<ul>\n<li>Slots 2.00<\/li>\n<\/ul>\n<p>Wenn Sie sich fragen, wie viel die Treuepunkte wert sind, ist das ganz einfach. Sie k\u00f6nnen mit dem Einl\u00f6sen Ihrer Punkte beginnen, wenn Sie Ihre ersten 1000 Punkte gesammelt haben. Alle 200 Treuepunkte sind \u20ac1 wert. Wenn Sie also Ihre 1000 Punkte einl\u00f6sen, erhalten Sie im Gate 777 Spielbank \u20ac5 Bonusguthaben.<\/p>\n<h3>Umsatzbedingungen oder Wettanforderungen<\/h3>\n<p>Zu jedem Zeitpunkt besteht Ihr Kontostand aus zwei Betr\u00e4gen &#8211; Ihrem Echtgeldguthaben und Ihrem Bonusguthaben. Das Echtgeldguthaben geh\u00f6rt nat\u00fcrlich Ihnen und Sie k\u00f6nnen es verwenden, wann und wie Sie m\u00f6chten. Ihr Bonusguthaben unterliegt jedoch bestimmten Einschr\u00e4nkungen. Jeder Bonus, den Sie erhalten, kann nur f\u00fcr ausgew\u00e4hlte Spiele verf\u00fcgbar seine, beispielsweise f\u00fcr Slots. Ja, das scheint kompliziert zu sein, ist es aber nicht. Die Umsatzbedingungen sind auf der Gate 777 Webseite verf\u00fcgbar und jederzeit abrufbar.<\/p>\n<p>Bonusbetr\u00e4ge die Ihrem Bonuskonto gutgeschrieben werden, unterliegen Wettanforderungen von 35-mal, bevor sie in Ihr Echtgeldguthaben umgewandelt werden und abgehoben werden k\u00f6nnen (sofern nicht ausdr\u00fccklich anders angegeben). Es wird etwas komplizierter als das, aber das ist der Knackpunkt. Weitere Einzelheiten, einschlie\u00dflich einiger Beispiele typischer Berechnungen, finden Sie auf der Gate 777 Spielbank Webseite.<\/p>\n<h2>Einzahlungen, Eins\u00e4tze und Auszahlungen<\/h2>\n<h3>Wie Sie einzahlen<\/h3>\n<p>Im linken Men\u00fc sehen Sie eine Schaltfl\u00e4che &#8220;Einzahlung&#8221; neben Ihrem Kontostand. Auf diese Weise k\u00f6nnen Sie Ihre bevorzugte Einzahlungsmethode ausw\u00e4hlen, zu der Visa, Mastercard, Skrill, Neteller, Paysafe, SOFORT und SEPA Bank\u00fcberweisung geh\u00f6ren.<\/p>\n<h3>Auszahlungen<\/h3>\n<p>Das Abheben Ihres Geldes erfolgt erneut \u00fcber &#8220;Mein Konto&#8221; im Men\u00fc auf der linken Seite. Wie bei der Einzahlung werden Sie durch einen einfachen Vorgang gef\u00fchrt.<\/p>\n<h3>Maximale und minimale Ein- und Auszahlungen<\/h3>\n<p><a href=\"https:\/\/www.minimumdepositcasinos.org\/de\/casinos-mit-e20-mindesteinzahlung\/\">Mindesteinzahlungs- und Auszahlungslimits sind \u20ac20<\/a>. Es scheint kein Maximum zu geben.<\/p>\n<h3>Auszahlungsdauer und Verifikationsprozess<\/h3>\n<p>Die Auszahlung Ihrer Gewinne unterliegt erwartungsgem\u00e4\u00df einer Reihe von Identit\u00e4tspr\u00fcfungen und dauert durchschnittlich 24 Stunden. Beachten Sie jedoch, dass Sie m\u00f6glicherweise einen Personalausweis vorlegen m\u00fcssen (siehe unten).<\/p>\n<h3>Identit\u00e4tsnachweis<\/h3>\n<p>Identit\u00e4tsnachweis (fotografisch)<\/p>\n<ul>\n<li>Reisepass<\/li>\n<li>Personalausweis (beide Seiten)<\/li>\n<li>F\u00fchrerschein (beide Seiten)<\/li>\n<\/ul>\n<p>Nachweis der aktuellen Wohnadresse<\/p>\n<ul>\n<li>Stromrechnung (nicht \u00e4lter als 3 Monate)<\/li>\n<li>Kreditkartenauszug \/ Kontoauszug (nicht \u00e4lter als 3 Monate)<\/li>\n<li>Bezugsbescheinigung (nicht \u00e4lter als 3 Monate)<\/li>\n<\/ul>\n<h3>Gate 777 Spielbank spiele<\/h3>\n<p>Das Spielbank bietet eine umfassende Auswahl an Online-Gl\u00fccksspielen, darunter Spielautomaten.<\/p>\n<h3>Spielautomaten<\/h3>\n<p><a href=\"https:\/\/www.minimumdepositcasinos.org\/de\/2018\/09\/20\/die-besten-grunde-warum-sie-an-online-spielmaschinen-spielen-sollten\/\">Es gibt buchst\u00e4blich Hunderte von Spielautomaten<\/a> der f\u00fchrenden Spieleentwickler der Branche, die alle auf Desktop, Laptop, Tablet und Smartphone verf\u00fcgbar sind.<\/p>\n<h3>Mobile Seite &amp; Apps<\/h3>\n<p>Gate 777 unterscheidet sich in Bezug auf mobile Ger\u00e4te nicht von den anderen gro\u00dfen Online-Spielbank. Sie k\u00f6nnen \u00fcberall dort spielen, wo es eine zuverl\u00e4ssige Internetverbindung gibt, sei es zu Hause, im B\u00fcro, unterwegs oder in der Badewanne!<\/p>\n<h2>Gate 777 Spielbank Lizenzierung &amp; Sicherheit<\/h2>\n<h3>Sicherheit<\/h3>\n<p>Gate 777 versichert uns, dass sie die neueste Internettechnologie nutzen, um sicherzustellen, dass Ihre pers\u00f6nlichen Daten und Zahlungsinformationen vollst\u00e4ndig gesch\u00fctzt werden.<\/p>\n<p><a href=\"https:\/\/www.minimumdepositcasinos.org\/de\/2018\/09\/07\/ist-es-sicher-auf-online-kasino-seiten-zu-spielen\/\">Die Webseite ist durch die st\u00e4rkste SSL-Verschl\u00fcsselung gesch\u00fctzt<\/a>. Gate 777 garantiert, dass niemand Ihre Aktivit\u00e4ten belauschen oder Ihr Konto manipulieren kann.<\/p>\n<h3>Lizenzen und Regulierungen<\/h3>\n<p>Das Gate777 Spielbank wird in Gro\u00dfbritannien von der britischen Lizenzkommission und auch von der Malta Gaming Authority (EU-Lizenz) lizenziert und reguliert.<\/p>\n<p>Gate777 ist eine Marke, die von White Hat Gaming Limited im Auftrag von Caddell Limited N.V. betrieben wird und ist von der UK Gambling Commission unter der Lizenznummer 000-038720&#8211;319481-008 f\u00fcr Kunden in Gro\u00dfbritannien reguliert.<\/p>\n<p>White Hat Gaming Limited ist eine Gesellschaft, die gem\u00e4\u00df dem maltesischen Gesetz unter der Registrierungsnr. C73232 mit Sitz in 85 St John Street, Valletta, VLT1165, Malta und ist von der Malta Gaming Authority f\u00fcr alle anderen Kunden unter der Lizenznummer lizenziert und reguliert: MGA\/CL1\/1303\/2017; MGA\/CL1\/1304\/2017; MGA\/CL1\/1305\/2017; MGA\/CL1\/1372\/2017, ausgestellt am 28. August 2017.<\/p>\n<h3>Gate 777 Spielbank Kundendienst<\/h3>\n<p>Gate 777 bietet einen Kundendienst rund um die Uhr per E-Mail: support@gate777.com und per Live-Chat an.<\/p>\n<h3>Das Urteil \u00fcber das Gate 777 Spielbank<\/h3>\n<p>Das Gate 777 Spielbank hat ein fantastisches Erscheinungsbild. Themen rund um Flugreisen und insbesondere Ihre Reise durch einen Flughafen, mit schrulligen, attraktiven und manchmal lustigen Comicfiguren, die Ihre Reise versch\u00f6nern. Die Auswahl an Spielen ist umwerfend, wobei Spielautomaten.<\/p>\n<h3>Fazit<\/h3>\n<p>Wenn Sie Spa\u00df und Aufregung mit einer einfach zu bedienenden Benutzeroberfl\u00e4che, Belohnungen f\u00fcr Treue und einer gro\u00dfen Auswahl an Spielen w\u00fcnschen, lassen Sie sich vom Gate 777 Spielbank auf die Reise mitnehmen.<\/p>\n","protected":false},"excerpt":{"rendered":"<p>Testbericht Aufschl\u00fcsselung Wenn Sie durch das Gate 777 gehen, werden Sie erste Klasse fliegen. Mit seinem Flughafen-Thema behandelt das Gate 777 Spielbank jeden Gast als VIP. Es gibt Zeichentrickfiguren auf dem Weg, um Sie zu unterhalten und zu f\u00fchren. Die Webseite ist mit \u00fcbersichtlichen Men\u00fcs und Anweisungen leicht zu navigieren, sodass es keine Verwirrung dar\u00fcber [&hellip;]<\/p>\n","protected":false},"author":7,"featured_media":1724,"parent":16045,"menu_order":0,"comment_status":"closed","ping_status":"closed","template":"","meta":{"_acf_changed":false,"footnotes":""},"class_list":["post-1723","page","type-page","status-publish","has-post-thumbnail","hentry"],"acf":[],"_links":{"self":[{"href":"https:\/\/www.minimumdepositcasinos.org\/de\/wp-json\/wp\/v2\/pages\/1723","targetHints":{"allow":["GET"]}}],"collection":[{"href":"https:\/\/www.minimumdepositcasinos.org\/de\/wp-json\/wp\/v2\/pages"}],"about":[{"href":"https:\/\/www.minimumdepositcasinos.org\/de\/wp-json\/wp\/v2\/types\/page"}],"author":[{"embeddable":true,"href":"https:\/\/www.minimumdepositcasinos.org\/de\/wp-json\/wp\/v2\/users\/7"}],"replies":[{"embeddable":true,"href":"https:\/\/www.minimumdepositcasinos.org\/de\/wp-json\/wp\/v2\/comments?post=1723"}],"version-history":[{"count":10,"href":"https:\/\/www.minimumdepositcasinos.org\/de\/wp-json\/wp\/v2\/pages\/1723\/revisions"}],"predecessor-version":[{"id":7664,"href":"https:\/\/www.minimumdepositcasinos.org\/de\/wp-json\/wp\/v2\/pages\/1723\/revisions\/7664"}],"up":[{"embeddable":true,"href":"https:\/\/www.minimumdepositcasinos.org\/de\/wp-json\/wp\/v2\/pages\/16045"}],"wp:featuredmedia":[{"embeddable":true,"href":"https:\/\/www.minimumdepositcasinos.org\/de\/wp-json\/wp\/v2\/media\/1724"}],"wp:attachment":[{"href":"https:\/\/www.minimumdepositcasinos.org\/de\/wp-json\/wp\/v2\/media?parent=1723"}],"curies":[{"name":"wp","href":"https:\/\/api.w.org\/{rel}","templated":true}]}}