{"id":2865,"date":"2023-08-29T11:43:57","date_gmt":"2023-08-29T11:43:57","guid":{"rendered":"https:\/\/www.minimumdepositcasinos.org\/de\/?page_id=2865"},"modified":"2026-03-26T12:38:41","modified_gmt":"2026-03-26T12:38:41","slug":"live-casino-ein-guide-fuer-live-dealer-casinos","status":"publish","type":"page","link":"https:\/\/www.minimumdepositcasinos.org\/de\/spiele\/live-casino-ein-guide-fuer-live-dealer-casinos\/","title":{"rendered":"Live Casino \u2013 Ein Guide f\u00fcr Live Dealer Casinos"},"content":{"rendered":"\n<p>Live Casinos sind schnell zu einem spannenden und lukrativen Teil der Online Gl\u00fccksspielwelt geworden. Es ist leicht nachzuvollziehen warum das so ist. Sie k\u00f6nnen Ihre Lieblingsspiele spielen w\u00e4hrend Sie sich mit professionellen und netten Live Dealern unterhalten k\u00f6nnen, die sich an den Live Tischen befinden und diese betreiben. <\/p>\n\n\n\n<p>Die Live Gl\u00fccksspielerfahrung, die Sie in einem Live Casino haben werden, h\u00e4ngt von einigen Faktoren ab, wie der Spieleauswahl, den Software Anbietern, dem Kundenservice und sogar den F\u00e4higkeiten der Dealer. <\/p>\n\n\n\n<p>Manchmal m\u00fcssen Sie darauf warten, bevor eine neue Spielesitzung beginnt oder Ihre Internetverbindung ist eventuell unzureichend. Der Fakt bleibt der, dass Live Casinos unfassbar unterhaltsam sind und ein sehr guter Weg um Zeit zu \u00fcberbr\u00fccken w\u00e4hrend man dabei noch gro\u00dfe Gewinne im Online Casino kassieren k\u00f6nnen. <\/p>\n\n\n\n<p>Sehen Sie sich in jedem Falle unsere top 10 Live Casinos an, um die besten Spiele und Boni zu finden, die zu Ihrem Spielestil passen. <\/p>\n\n\n\n<h2 class=\"wp-block-heading\">Live Casinos \u2013 Wie alles begann<\/h2>\n\n\n\n<p><a href=\"\/de\/\">Online Casinos<\/a> wurden den Spielern zum ersten Mal in den fr\u00fchen 90er Jahren vorgestellt. Die Spiele laufen mit einem Zufallsgenerator (RNG), um Karten zu mischen, um die Walzen der Slots zu drehen und sogar um zu entscheiden, wo der Ball im Rouletterad landen wird. Die Casino Software wird regelm\u00e4\u00dfig von dritten Parteien und Regulierungsbeh\u00f6rden getestet, um sicherzustellen, dass die Ergebnisse wirklich jedes Mal zuf\u00e4llig sind.<\/p>\n\n\n\n<p>Spieler sind manchmal trotz solcher Ma\u00dfnahmen skeptisch gegen\u00fcber Computerprogrammen und das liegt oft daran, dass man nicht sehen kann wie Dinge im Hintergrund ablaufen. Deswegen war die Entwicklung zum Live Dealer ein ganz nat\u00fcrlicher Prozess. Dies sind im Prinzip Online Casinos mit Spielen, bei denen echte Menschen vor Ort sind und Karten mischen oder R\u00e4der drehen. <\/p>\n\n\n\n<p>In 2003 hatte der bekannte Software Hersteller Playtech bereits eine lange Liste mit Live Casino Diensten. Der Entwickler nutzt ein Live Video um Sie mit den Dealern zu verbinden. Das bringt dann ein interaktives Online Spieleerlebnis zustande und die Casino Industrie hat einen rasanten Aufschwung im Bezug auf Live Casinos erlebt und diese Spiele sind f\u00fcr Besucher aus aller Welt verf\u00fcgbar. <\/p>\n\n\n\n<p>Das Nutzen von Live Dealern macht es Ihnen m\u00f6glich aus dem Komfort Ihres Zuhauses zu spielen (oder wo auch immer Sie sind im Falle von Mobile Live Casinos) und Sie k\u00f6nnen sicher sein, dass Ihr Geld, Karten und Rouletteb\u00e4lle in sicheren H\u00e4nden sind. Des Weiteren geschehen die Live Casinos in echter Zeit mit echten Dealern und Sie k\u00f6nnen dabei Fragen stellen und sich mit den anderen Spielern und Dealern in einem Chatroom per schriftliche Nachrichten unterhalten. <\/p>\n\n\n\n<h2 class=\"wp-block-heading\">Live Dealer Casinos \u2013 Ein \u00dcberblick <\/h2>\n\n\n\n<p>Live Casinos sind genau das, was der Name schon sagt \u2013 ein Casino das echt und live ist und nicht nur virtuell auf einem Bildschirm. Vor einiger Zeit blieben die Spieler den Online Casinos aus guten Gr\u00fcnden fern. Sie mochten es einfach nicht, dass es keine Interaktion mit einem menschlichen Gesicht gibt, das man mit einem Spiel in Verbindung bringt und dann gab es die Spieler, die einem virtuellen Roulettetisch einfach nicht getraut haben wie es Ihnen bei einem echten Tisch gegangen w\u00e4re. Software Entwickler haben schnell zugegeben, dass die Bedenken angebracht sind und es hat nicht lange gedauert bis Casinos damit angefangen haben <a href=\"\/de\/spiele\/\">popul\u00e4re Online Casino Spiele mit echten Dealern<\/a> zu kombinieren. <\/p>\n\n\n\n<p>Zu Beginn waren diese Dinge eine Herausforderung aufgrund der Streaming Technik und langsameren Internetverbindungen, die sich aber im Laufe der Zeit sehr verbessert haben und heutzutage k\u00f6nnen Spieler ununterbrochene, High-Definition Live \u00dcbertragungen genie\u00dfen. <\/p>\n\n\n\n<p>Sehen Sie sich unsere Liste mit Live Dealer Casinos und Spielen an, um das passende Spiel f\u00fcr Sie zu finden! <\/p>\n\n\n\n<h2 class=\"wp-block-heading\">Live Casino Spiele<\/h2>\n\n\n\n<p>Die Idee bei den Live Casinos mag vor vielen Jahren eine seltsame gewesen sein aber dank super schneller kabelloser Technik, high-tech mobilen Tablets und Smartphones und PCs Zuhause ist das Spielen in Live Casinos extrem beliebt geworden und viele Spieler weltweit finden an der Aktivit\u00e4t Interesse. <\/p>\n\n\n\n<p>Das Beste an Allem ist es, dass Sie alle Ihre Lieblings-Tischspiele wie <a href=\"\/de\/spiele\/roulette\/\">Roulette<\/a>, Baccarat, <a href=\"\/de\/spiele\/blackjack\/\">Blackjack<\/a>, Craps und Pai Gow zusammen mit zahlreichen einzigartigen Spielen und vielen, vielen Varianten von jedem dieser Spiele finden k\u00f6nnen. Daf\u00fcr m\u00fcssen Sie noch nicht einmal Ihr Zuhause verlassen um die visuellen Eindr\u00fccke, die Sounds und die Spannung eines echten landbasierten Casinos erleben zu k\u00f6nnen. <\/p>\n\n\n\n<p>Ein Live Casino ist live in jedem Sinne der Welt, nur dass Sie halt keinen Schritt aus Ihrer Wohnung machen m\u00fcssen, wenn Ihnen nicht danach ist. Aus dem Komfort Ihres Heimes k\u00f6nnen Sie also einen Tisch aussuchen, einen virtuellen Stuhl nehmen und sogar Ihren bevorzugten Dealer ausw\u00e4hlen bevor Sie Platz nehmen und Ihre F\u00e4higkeiten testen. <\/p>\n\n\n\n<p>Alles, was auf dem Bildschirm vor Ihnen passiert, geschieht mit einem Live Dealer, Sie k\u00f6nnen jedoch Ihre Eins\u00e4tze auf Ihrem Bildschirm t\u00e4tigen und genie\u00dfen Ihre Gewinne nat\u00fcrlich auch dort! <\/p>\n\n\n\n<p>Der Spieleablauf ist der gleiche wie in einem landbasierten Spielhallen-Casino, nur dass Sie mit Ihrem Dealer \u00fcber einen Chat kommunizieren. Sie k\u00f6nnen also wirklich das beste aus beiden Welten auskosten. Sie erleben die soziale Interaktion mit einem echten Dealer in einem echten Casino Setup und k\u00f6nnen dabei die Effektivit\u00e4t und Geschwindigkeit eines Online Casinos nutzen. <\/p>\n\n\n\n<p>Das Beste an Allem ist es, dass Sie online an Tischen ohne Kommission spielen k\u00f6nnen und die Tischeins\u00e4tze normalerweise niedriger sind als in Spielhallen-Casinos. <\/p>\n\n\n\n<p>Wenn Sie au\u00dferdem schon immer etwas skeptisch gegen\u00fcber der Sicherheit bei Online Casinos waren, dann zeigen Ihnen Live Dealer Spiele die wahre Vollst\u00e4ndigkeit eines jeden Spiels. <\/p>\n\n\n\n<p>Live Casino Spiele werden \u00fcblicherweise mit mehreren HD Web Kameras aufgenommen, die den Croupier oder Dealer in Aktion direkt \u00fcber Ihren Bildschirm filmen. Sogar die Spiele werden mit einer Vielzahl an verschiedenen Kamerawinkeln gefilmt und zeigen Ihnen jedes wichtige Element zusammen mit den Handlungen des Dealers. <\/p>\n\n\n\n<p>Dealer haben in der Regel einen interaktiven Bildschirm auf der Seite des Tisches damit Sie sich mit Ihnen im Chat unterhalten k\u00f6nnen und geben dort auch die Ergebnisse des Spiels ein. <\/p>\n\n\n\n<p>Wenn Sie gerne mal ein Live Dealer Spiel ausprobieren wollen, dann sehen Sie sich mal unsere Casino Bewertungen an und finden Sie das richtige Casino f\u00fcr Ihre Gl\u00fccksspielbed\u00fcrfnisse. <\/p>\n\n\n\n<h2 class=\"wp-block-heading\">So beginnen Sie damit Online Live Casino Spiele zu spielen <\/h2>\n\n\n\n<p>Wenn Sie sich also daf\u00fcr entscheiden, in einem Live Casino Ihres bevorzugten Online Casinos zu spielen, dann k\u00f6nnen Sie die Action in High-Definition per Echtzeit-Video genie\u00dfen. Sie k\u00f6nnen dem echten Dealer zusehen, wie er w\u00e4hrend des Spiels an einem echten Casinotisch steht. Ihre Handlungen sind echt und alles wird reibungslos mit der Software oder der App des Online Casinos abgewickelt. <\/p>\n\n\n\n<p>Online Live Dealer Spiele k\u00f6nnen sogar Ihre Internetverbindung feststellen und dann die Qualit\u00e4t des Streams automatisch anpassen, damit Sie sich zur\u00fccklehnen und ein angenehmes Spiel erleben k\u00f6nnen. Sie k\u00f6nnen Ihre Eins\u00e4tze elektronisch \u00fcber Ihren Computer oder mobiles Ger\u00e4t t\u00e4tigen und dann der Action live auf dem Casinotisch zusehen. So wie mit g\u00e4ngigen Online Casino Spielen werden Ihre Verluste und Gewinne auf Ihrem Spielerkonto abgewickelt, wenn Sie den Live Casino Tisch verlassen. &nbsp;<\/p>\n\n\n\n<p>Live Spiele erm\u00f6glichen es mehreren Spielern an einem Tisch zu sitzen und Sie k\u00f6nnen au\u00dferdem mit Spielern und dem Dealer \u00fcber das praktische Chat Tool interagieren. <\/p>\n\n\n\n<p>Aufgrund der unglaublichen Technik von Live Casinos und deren Software heutzutage haben Sie sicherlich das Gef\u00fchl, inmitten des Herzens eines landbasierten Casinos gelandet zu sein, wenn nicht sogar besser! Wenn Sie nicht wirklich an virtuelle Casinospiele und Zufallsgeneratoren glauben, dann werden Sie bestimmt mehr Vertrauen in einen Live Dealer haben, der das Spiel direkt vor Ihnen durchf\u00fchrt. <\/p>\n\n\n\n<h2 class=\"wp-block-heading\">Sichere und faire Live Casino Spiele <\/h2>\n\n\n\n<p>Nat\u00fcrlich macht es keinen Sinn, Live Dealer Spiele zu spielen, wenn diese manipuliert sind. Leider gibt es da drau\u00dfen auch Betr\u00fcgerwebseiten, die ihre Dienste aus sehr professionellen Studios betreiben. Sie sehen legitim aus und deswegen f\u00e4llt man solchen Leuten auch leicht zum Opfer. <\/p>\n\n\n\n<p>Die guten Neuigkeiten sind, dass Ihnen nichts passieren wird. Unser Team mit Casinoexperten durchforsten das Internet, um Ihnen die vertrauensw\u00fcrdigsten und lizenzierten Online Live Casinos zu pr\u00e4sentieren. Alle Live Dealer Casino Seiten auf unserer Bestenliste wurden ausgiebig \u00fcberpr\u00fcft und das bedeutet, dass Sie ihnen Ihr Vertrauen schenken k\u00f6nnen. Au\u00dferdem haben wir verst\u00e4ndliche Tipps, Anleitungen und Artikel zusammengestellt, damit Sie ein gutes Verst\u00e4ndnis f\u00fcr Live Casinos bekommen k\u00f6nnen. <\/p>\n\n\n\n<p>Wenn Sie Spiele von Live Casino Software Anbietern wie NetEnt, Microgaming und Evolution Gaming spielen, dann haben Sie sogar noch mehr Gewissheit, dass die Spiele immer fair sind, denn sie tragen das Siegel von unabh\u00e4ngigen Spielebeh\u00f6rden wie eCOGRA. <\/p>\n\n\n\n<h2 class=\"wp-block-heading\">Live Dealer Spiele bester Qualit\u00e4t <\/h2>\n\n\n\n<p>Nicht nur sind die Live Casinos auf unserer Liste mit Empfehlungen sicher und fair, sondern sie bieten ebenso erstklassige Spiele bester Qualit\u00e4t. Man kann nicht verleugnen, dass es eine Menge langweilige Live Spiele Firmen gibt aber es gibt auch viele sehr gute Entwickler, die ein sensationelles Spielererlebnis zu bieten haben. Es l\u00e4uft alles darauf hinaus, wie professionell die Live Dealer Spiele betrieben werden, wie fair diese sind und welche Qualit\u00e4t der Video Stream ist und dann spielen noch einige andere kleine Faktoren eine Rolle, welche das allgemeine Live Dealer Casino Erlebnis bilden. <\/p>\n\n\n\n<p>Das Beste an Allem ist, dass wir jedes Spiel ausprobieren bevor wir es bewerten. Wenn Sie mehr dazu wissen wollen, wie die Firmen Live Casino Spiele zur Verf\u00fcgung stellen, und einige von ihnen haben schon Auszeichnungen gewonnen, dann sehen Sie sich in jedem Falle unsere Bewertungen und Artikel an. Dies sollte Ihnen die Gewissheit geben, die Sie ben\u00f6tigen, wenn Sie die besten Live Spiele in den allerbesten Online Casinos spielen. <\/p>\n\n\n\n<h2 class=\"wp-block-heading\">Schnelle Live Casino Spieleauszahlungen <\/h2>\n\n\n\n<p>Nat\u00fcrlich ist nichts besser als eine Gewinnstr\u00e4hne, wenn Sie Ihre Lieblings-Live Dealer Spiele spielen. Wenn Sie bestimmte Casino Spiele Strategien beim Spielen, von beispielsweise Roulette, verwenden, dann kann es sein, dass Sie einfach und recht schnell einen guten Bargeldbetrag gewinnen. <\/p>\n\n\n\n<p>Wie Sie jedoch wissen, kann dieses Gef\u00fchl schnell \u00fcberkommen werden, wenn man in einem Casino spielt, das Ihre Gewinne entweder sehr langsam auszahlt oder diese einfach gar nicht rausr\u00fcckt. Deswegen priorisiert unser Team Live Casinos, die Spielern schnelle Auszahlungen bieten. Sie wollen n\u00e4mlich Ihre Gewinne in weniger als 48 Stunden haben und es gibt sogar Online Casinos, bei denen Auszahlungen noch schneller abgewickelt werden!  Sehen Sie sich unsere Bewertungen von Live Casinos an und finden Sie heraus wie lange Auszahlungen brauchen, ob es Geb\u00fchren gibt und lassen Sie sich von der Auswahl an <a href=\"\/de\/spiele\/\">verf\u00fcgbaren Online Live Casino Spielen<\/a> inspirieren!  <\/p>\n","protected":false},"excerpt":{"rendered":"<p>Live Casinos sind schnell zu einem spannenden und lukrativen Teil der Online Gl\u00fccksspielwelt geworden. Es ist leicht nachzuvollziehen warum das so ist. Sie k\u00f6nnen Ihre Lieblingsspiele spielen w\u00e4hrend Sie sich mit professionellen und netten Live Dealern unterhalten k\u00f6nnen, die sich an den Live Tischen befinden und diese betreiben. Die Live Gl\u00fccksspielerfahrung, die Sie in einem [&hellip;]<\/p>\n","protected":false},"author":9,"featured_media":0,"parent":93,"menu_order":0,"comment_status":"closed","ping_status":"closed","template":"","meta":{"_acf_changed":false,"footnotes":""},"class_list":["post-2865","page","type-page","status-publish","hentry"],"acf":[],"_links":{"self":[{"href":"https:\/\/www.minimumdepositcasinos.org\/de\/wp-json\/wp\/v2\/pages\/2865","targetHints":{"allow":["GET"]}}],"collection":[{"href":"https:\/\/www.minimumdepositcasinos.org\/de\/wp-json\/wp\/v2\/pages"}],"about":[{"href":"https:\/\/www.minimumdepositcasinos.org\/de\/wp-json\/wp\/v2\/types\/page"}],"author":[{"embeddable":true,"href":"https:\/\/www.minimumdepositcasinos.org\/de\/wp-json\/wp\/v2\/users\/9"}],"replies":[{"embeddable":true,"href":"https:\/\/www.minimumdepositcasinos.org\/de\/wp-json\/wp\/v2\/comments?post=2865"}],"version-history":[{"count":3,"href":"https:\/\/www.minimumdepositcasinos.org\/de\/wp-json\/wp\/v2\/pages\/2865\/revisions"}],"predecessor-version":[{"id":18577,"href":"https:\/\/www.minimumdepositcasinos.org\/de\/wp-json\/wp\/v2\/pages\/2865\/revisions\/18577"}],"up":[{"embeddable":true,"href":"https:\/\/www.minimumdepositcasinos.org\/de\/wp-json\/wp\/v2\/pages\/93"}],"wp:attachment":[{"href":"https:\/\/www.minimumdepositcasinos.org\/de\/wp-json\/wp\/v2\/media?parent=2865"}],"curies":[{"name":"wp","href":"https:\/\/api.w.org\/{rel}","templated":true}]}}