{"id":383,"date":"2018-11-12T11:11:25","date_gmt":"2018-11-12T11:11:25","guid":{"rendered":"https:\/\/www.minimumdepositcasinos.org\/de\/?page_id=383"},"modified":"2023-08-31T12:30:59","modified_gmt":"2023-08-31T12:30:59","slug":"zodiacu","status":"publish","type":"page","link":"https:\/\/www.minimumdepositcasinos.org\/de\/unregulierte-casinos\/zodiacu\/","title":{"rendered":"Zodiacu Spielbank"},"content":{"rendered":"<h2>Zodiacu Spielbank Testberichte<\/h2>\n<p>Erstelle deine eigenen Sterne im Zodiacu <a href=\"https:\/\/www.minimumdepositcasinos.org\/de\/\">Online Spielbank<\/a>, <img decoding=\"async\" class=\" wp-image-388 alignright\" src=\"https:\/\/www.minimumdepositcasinos.org\/de\/wp-content\/uploads\/2018\/11\/Zodiacu-400x400-300x300.png\" alt=\"Zodiacu Spielbank\" width=\"114\" height=\"114\" srcset=\"https:\/\/www.minimumdepositcasinos.org\/de\/wp-content\/uploads\/2018\/11\/Zodiacu-400x400-300x300.png 300w, https:\/\/www.minimumdepositcasinos.org\/de\/wp-content\/uploads\/2018\/11\/Zodiacu-400x400-150x150.png 150w, https:\/\/www.minimumdepositcasinos.org\/de\/wp-content\/uploads\/2018\/11\/Zodiacu-400x400.png 400w\" sizes=\"(max-width: 114px) 100vw, 114px\" \/>wo Sterne und Sternzeichen dir zum Erfolg verhelfen werden! Dieses frische Spielbank ist in einen der neuesten Trends der Spielewelt eingegangen, das Gl\u00fccksspiel. Beginnen Sie jetzt und entdecken Sie die gro\u00dfe Auswahl an Spielen, die von den renommiertesten Spieleentwicklern der Branche angeboten werden, und lassen Sie sich von den gro\u00dfz\u00fcgigen Boni verw\u00f6hnen!<\/p>\n<h2>Spiele<\/h2>\n<p>Zodiacu Spielbank hat eine gro\u00dfe Auswahl an Spielen, besonders, wenn es um Slotmaschinen geht: hier k\u00f6nnen Sie zu jeder Zeit mehr als <a href=\"https:\/\/www.minimumdepositcasinos.org\/de\/2018\/09\/20\/die-besten-grunde-warum-sie-an-online-spielmaschinen-spielen-sollten\/\">800 Spiele spielen.<\/a> Dieses Spielbank hat auch die renommiertesten Softwareanbieter der Branche ausgew\u00e4hlt, um den Spielern eine breite Palette vielseitiger Spiele anzubieten.<\/p>\n<p>Es gibt Spiele der bekanntesten Namen der Branche, <a href=\"https:\/\/www.minimumdepositcasinos.org\/de\/software\/\">darunter NetEnt, Microgaming und BetSoft .<\/a> Gl\u00fccklicherweise werden kleinere Spielehersteller nicht vergessen, da Spiele auch bei Endorphin, Habanero und Playson erh\u00e4ltlich sind. Nat\u00fcrlich hat Zodiacu Spielbank auch klassische Lieblingsspiele wie Starburst, Gonzo&#8217;s Quest und Mega Moolah.<\/p>\n<h2>Software<\/h2>\n<p>Das Spielbank kooperiert mit mehr als zehn renommierten Spieleanbietern, sodass den Spielern mehr als 800 verschiedene Spiele zur Verf\u00fcgung stehen! Die Weltraumvision des Spielbanks ist spektakul\u00e4r, unterscheidet sich jedoch von vielen anderen Designs auf diesem Gebiet. Alles, was Sie brauchen, finden Sie auf der Homepage des Spielbanks. Es gibt keine separaten Men\u00fcs. Nach einiger Zeit stellt sich heraus, dass es praktisch und einfach zu bedienen ist.<\/p>\n<h3>Boni<\/h3>\n<p>Zodiacu Spielbank bietet Spielern ein sehr attraktives Willkommenspaket. Akzeptieren Sie den Segen von Oracle und l\u00f6sen Sie ein f\u00fcnfteiliges Willkommenspaket f\u00fcr die ersten f\u00fcnf Einzahlungen ein. Dieses Paket bietet Spielern in den ersten 10 Tagen bis zu \u00a3 1.500 und 350 Freispiele im Northern Sky-Spiel.<\/p>\n<p>Zus\u00e4tzlich zum Willkommensbonus werden die Spieler f\u00fcr jede Erh\u00f6hung des Levels belohnt. Entdecken Sie Cosmic Wisdom Guard, Oracle, das Ihnen hilft, Ihr Level w\u00e4hrend des Spiels zu steigern und Gewinne wie Boni und Freispiele zu erzielen. Au\u00dferdem belohnt das Oratory die Spieler mit Sternenstaub, wenn sie auftauchen. Sternenstaub ist Zodiacu &#8211; die Weltw\u00e4hrung, um zum Beispiel Freispiele zu kaufen.<\/p>\n<h4>Zahlmethoden<\/h4>\n<p>Das Zodiacu Spielbank bietet eine Vielzahl <a href=\"https:\/\/www.minimumdepositcasinos.org\/de\/casino-zahlungsoptionen\/\">sicherer Zahlungsmethoden<\/a>. Ein- und Auszahlungen sind mit den am h\u00e4ufigsten akzeptierten Zahlungsmethoden wie Visa, MasterCard, Maestro, Neteller, Skrill und Trustly m\u00f6glich. Die Mindesteinzahlung f\u00fcr das Spielbank betr\u00e4gt 25 Euro und Einzahlungen sind immer sofort auf dem Konto sichtbar. Das Auszahlungslimit f\u00fcr Zodiacu Spielbank ist jedoch mit 30 Euro etwas h\u00f6her als gewohnt. Die R\u00fcckzahlungszeiten variieren je nach der gew\u00e4hlten Auszahlungsmethode, fr\u00fchestens jedoch kann das Geld innerhalb von 24 Stunden nach Annahme der Auszahlungsanforderung eingehen.<\/p>\n<h4>Kundensupport<\/h4>\n<p>Das Zodiacu Spielbank bietet Kundensupport per E-Mail und Live-Chat an. Vertreter des Kundendienstes beantworten die Fragen der Spieler t\u00e4glich von 9:00 bis 21:00 Uhr. Dar\u00fcber hinaus verf\u00fcgt das Spielbank \u00fcber einen FAQ-Bereich, bei dem die Spieler pr\u00fcfen k\u00f6nnen, ob ihre Frage bereits beantwortet wurde, bevor sie sich an den Kundendienst wenden.<\/p>\n<h4>Lizenzen<\/h4>\n<p>Zodiacu Spielbank hat eine Lizenz von der Malta Gaming Authority erhalten, was bedeutet, dass Sie bei diesem Spielbank absolut sicher sein k\u00f6nnen, dass diese maltesische Beh\u00f6rde Online-Spielbanks aktiv \u00fcberwacht. Dies stellt sicher, dass Zodiacu auch in der Welt der Spielbank-Spiele ein <a href=\"https:\/\/www.minimumdepositcasinos.org\/de\/2018\/09\/07\/ist-es-sicher-auf-online-kasino-seiten-zu-spielen\/\">absolut zuverl\u00e4ssiger Anbieter<\/a> ist. Dar\u00fcber hinaus bedeutet eine von der maltesischen Regierung erteilte Lizenz, dass alle Gewinne steuerfrei sind.<\/p>\n<h3>Zusammenfassung<\/h3>\n<p>Dieses Spielbank hat begonnen, etwas Neues und Aufregendes zu entwickeln, und es ist ihm gelungen, einen tollen Look zu kreieren, ohne mit vielen seiner Konkurrenten \u00c4hnlichkeiten aufzuweisen. Wir k\u00f6nnen dieses Spielbank f\u00fcr seinen frischen Look, gro\u00dfz\u00fcgige Boni und vielseitige Spielm\u00f6glichkeiten nur empfehlen. Es gibt jedoch auch einige M\u00e4ngel, wie zum Beispiel das Fehlen eines 24\/7 Kundendiensts, trotzdem lohnt es sich definitiv, diesem Spielbank eine Chance zu geben!<\/p>\n","protected":false},"excerpt":{"rendered":"<p>Zodiacu Spielbank Testberichte Erstelle deine eigenen Sterne im Zodiacu Online Spielbank, wo Sterne und Sternzeichen dir zum Erfolg verhelfen werden! Dieses frische Spielbank ist in einen der neuesten Trends der Spielewelt eingegangen, das Gl\u00fccksspiel. Beginnen Sie jetzt und entdecken Sie die gro\u00dfe Auswahl an Spielen, die von den renommiertesten Spieleentwicklern der Branche angeboten werden, und [&hellip;]<\/p>\n","protected":false},"author":4,"featured_media":388,"parent":16045,"menu_order":0,"comment_status":"closed","ping_status":"closed","template":"","meta":{"_acf_changed":false,"footnotes":""},"class_list":["post-383","page","type-page","status-publish","has-post-thumbnail","hentry"],"acf":[],"_links":{"self":[{"href":"https:\/\/www.minimumdepositcasinos.org\/de\/wp-json\/wp\/v2\/pages\/383","targetHints":{"allow":["GET"]}}],"collection":[{"href":"https:\/\/www.minimumdepositcasinos.org\/de\/wp-json\/wp\/v2\/pages"}],"about":[{"href":"https:\/\/www.minimumdepositcasinos.org\/de\/wp-json\/wp\/v2\/types\/page"}],"author":[{"embeddable":true,"href":"https:\/\/www.minimumdepositcasinos.org\/de\/wp-json\/wp\/v2\/users\/4"}],"replies":[{"embeddable":true,"href":"https:\/\/www.minimumdepositcasinos.org\/de\/wp-json\/wp\/v2\/comments?post=383"}],"version-history":[{"count":16,"href":"https:\/\/www.minimumdepositcasinos.org\/de\/wp-json\/wp\/v2\/pages\/383\/revisions"}],"predecessor-version":[{"id":7167,"href":"https:\/\/www.minimumdepositcasinos.org\/de\/wp-json\/wp\/v2\/pages\/383\/revisions\/7167"}],"up":[{"embeddable":true,"href":"https:\/\/www.minimumdepositcasinos.org\/de\/wp-json\/wp\/v2\/pages\/16045"}],"wp:featuredmedia":[{"embeddable":true,"href":"https:\/\/www.minimumdepositcasinos.org\/de\/wp-json\/wp\/v2\/media\/388"}],"wp:attachment":[{"href":"https:\/\/www.minimumdepositcasinos.org\/de\/wp-json\/wp\/v2\/media?parent=383"}],"curies":[{"name":"wp","href":"https:\/\/api.w.org\/{rel}","templated":true}]}}