{"id":5609,"date":"2020-02-12T05:27:30","date_gmt":"2020-02-12T05:27:30","guid":{"rendered":"https:\/\/www.minimumdepositcasinos.org\/de\/?page_id=5609"},"modified":"2020-02-12T05:27:31","modified_gmt":"2020-02-12T05:27:31","slug":"deutsche-casinos","status":"publish","type":"page","link":"https:\/\/www.minimumdepositcasinos.org\/de\/deutsche-casinos\/","title":{"rendered":"Deutsche Casinos"},"content":{"rendered":"<h1>Deutsche Casinos \u2013 Ein Einblick in die besten Optionen f\u00fcr Sie!<\/h1>\n<p><a href=\"\/de\/\">Schauen Sie auf unserer Webseite<\/a> vorbei, um so ziemlich alles zu finden, was Ihr deutsches Casino Herz begl\u00fccken wird. Lesen Sie sich in unsere Seite ein und finden Sie heraus, welche verschiedenen Casino Ihnen geboten werden, die eine 1-20\u20ac Einzahlung anbieten. Finden Sie auch mobile Casinos, <a href=\"\/de\/top-casinos\/\">top casinos<\/a> uvm.<\/p>\n<h2>Der beste deutsche Casino Guide f\u00fcr deutsche Nutzer<\/h2>\n<p>Wer kennt es nicht: Die Suche nach dem richtigen Online Casino ist sicher nicht die leichteste Angelegenheit. Genau daf\u00fcr sind wir zust\u00e4ndig. Mit unserer Seite helfen wir Euch allen gerne weiter, ein passendes Casino genau f\u00fcr Eure Bed\u00fcrfnisse zu finden.<\/p>\n\n<h3>Willkommensangebote<\/h3>\n<p>Die Willkommensangebote sind in den Casinos immer ein ganz besonderes Bon Bon. Denn sie sind es am Ende, die den Einstieg in die eigene Spielerkarriere erleichtern sollen. Dabei startet ihr quasi nicht mit einem Guthaben bei 0 Euro, sondern bekommt von den jeweiligen Casinos bereits ein kleines Geschenk als Einstiegsgeschenk.<\/p>\n<h2>Beste W\u00e4hrung zum Nutzen in deutschen Casinos<\/h2>\n<p>Online Casinos gibt es eben nicht nur in Deutschland, sondern auch in vielen anderen Ecken der Welt. Ob in den USA oder in Russland, ja schier \u00fcberall sitzen die Spielhallen und wollen euch verlocken, euch bei ihnen anzumelden. In deutschen Casinos zahlt ihr nat\u00fcrlich in Euro auf euer Spielerkonto ein.<\/p>\n<h2>Beliebte deutsche Einzahlungsmethoden<\/h2>\n<p>Bei den Einzahlungsmethoden findet ihr verschiedene Varianten. Dabei stehen euch die herk\u00f6mmlichen Vouchers genauso zur Verf\u00fcgung wie Einzahlungen von eure Girokonto. Klarna ist beispielsweise als recht moderne Zahlungsmethode neuerdings sehr beliebt bei den Casino Freunden und l\u00e4sst euch das Guthaben direkt von eurem Bankkonto abbuchen. Auch k\u00f6nnt ihr euer Mobiltelefon benutzen, um mit der monatlichen Abrechnung Geld auf das Casino Konto zu schicken.<\/p>\n<h2>Deutsche Boni<\/h2>\n<p>Bei den Boni gibt es verschiedene Varianten, wie diese auftreten k\u00f6nnen. Dabei gibt es den schon vorweg beschriebenen Willkommensbonus, der Spielerinnen und Spielern angeboten wird, die sich gerade neu registrieren. Doch auch f\u00fcr bestehende Mitglieder gibt es die M\u00f6glichkeit, sich immer fortlaufende Boni einzustecken. Die speziellen deutschen Boni sind da nat\u00fcrlich der VIP Bonus oder auch der wechselnde Aktionen und Promotions. Schauen Sie bei den vielen Anbietern einfach selbst nach.<\/p>\n<h2>Casino Software<\/h2>\n<p>Bei der Software lohnt sich gewiss bereits vor der Registrierung ein Blick in das Angebot der <a href=\"\/de\/bewertungen\/\">Casinos auf unserer Webseite<\/a>, denn diese variieren sehr stetig. Dabei sollte man sich genug Zeit nehmen und sich vor allem die Slots anschauen, die in den Online Casinos angeboten werden. Die meisten Spielfreunde schauen eben am meisten auf die Slots und alle anderen, nun die sollte sich auch ein Blick davon machen, ob es auch ein Live Casino Bereich gibt, Sportwetten oder auch Rubbellose.<\/p>\n<h2>Umsatzbedingungen<\/h2>\n<p>Die verschiedenen Umsatzbedingungen sind das Zweite Kriterium, welches man genauer unter die Lupe nehmen sollte, wenn man im Entscheidungsprozess \u00fcber ein Online Casino ist. Denn diese k\u00f6nnen von 30x bis 50x variieren. Der beste Bonus verliert eben an Wert, wenn die Bonusbedingungen sehr hoch sind. Nehmen Sie sich also auch daf\u00fcr ausreichend Zeit.<\/p>\n<h2>Live Kundenservice in Deutsch<\/h2>\n<p>Der Kundenservice ist Ihre ganz pers\u00f6nliche Schnittstelle zum Portal und sollte daher ausreichend vertraulich und m\u00f6glichst umfangreich zu erreichen sein. Viele unserer Casinos sind nat\u00fcrlich auf Deutsch zu erreichen und manche bieten Ihnen neben einen Live Chat und dem E-Mail Kontaktformular auch einen telefonischen Kundendienst an.<\/p>\n<h2>Deutsche Lizenzen und Gl\u00fccksspielregulierungen<\/h2>\n<p>Im Grunde gibt es keine wirklichen deutschen Lizenzen. Auch wenn ein Online Casino eine deutsche Domain besitzt, nutzen die allermeisten Online Casinos Lizenzen, die entweder in Gibraltar oder Malta vergeben werden. An diesen Orten sind die Bedingungen am striktesten, weshalb Casino Webseiten sich oft und gern mit diesen Labels schm\u00fccken.<\/p>\n<h3>eCogra<\/h3>\n<p>Die eCogra ist eine in London ans\u00e4ssige, international wirkende Pr\u00fcfstelle f\u00fcr den Spielerschutz. Einige der auf unser Webseite angebotenen Casinos weisen eine eCogra Zugeh\u00f6rigkeit auf. Damit k\u00f6nnen wir Ihnen garantieren, dass solche Online Casinos ein Anliegen daran haben, Ihren eigenen Schutz beim Gl\u00fccksspiel zu garantieren.<\/p>\n<h3>Regulierungen<\/h3>\n<p>In Deutschland werden Online Casinos strengstens reguliert. Schlie\u00dflich machen diese hier zu Lande jedes Jahr Ums\u00e4tze in Milliardenh\u00f6he. Daher ist es umso wichtiger, diese genauestens zu beobachten und nicht einfach autark vor sich hin werkeln zu lassen. Auch all unsere Casinos, die Sie in der Liste finden, werde reguliert. Eigentlich ist das Online Gl\u00fccksspiel in Deutschland sogar illegal. Nach laufendem Gesetz w\u00e4re dies eben so, allerdings gibt es Gerichte im Inland, die dieser Gesetzesgebung bereits die Verfassungsm\u00e4\u00dfigkeit absprechen wollten.<\/p>\n<h2>Fazit<\/h2>\n<p>Eigentlich unterscheiden sich die Online Casinos und zwar egal von wo diese wirtschaften, nicht so sehr von einander. Oftmals sind die Slots sogar die gleichen, also jene, die am meisten auf den verschiedenen Seiten angeboten werden. Wenn Sie ein deutsches Online Casino besuchen, k\u00f6nnen Sie allerdings sicher sein, dass Ihnen auch ein deutscher Kundendienst zur Verf\u00fcgung steht und allein das ist doch schon eine tolle Sache. Nat\u00fcrlich werden Ihnen auch alle Preise in Euro ausgeschrieben.<\/p>\n<h2>H\u00e4ufig Gestellte Fragen<\/h2>\n<p>Wir wollen Ihnen hier mal einige Fragen als Vorlage vorstellen, welche Ihnen vielleicht auch auf der Seele brennen und Ihnen dabei vermitteln, dass Sie mit diesen nicht alleine sind. Viele Nutzerinnen und Nutzer von deutschen Online Casinos stellen sich nat\u00fcrlich die selben Fragen. Folgende treten dabei am h\u00e4ufigste auf:<\/p>\n<p>Warum sollte ich in einem deutschen Online Casino statt in einem echten Casino spielen? Welches deutsche Online Casino ist das beste f\u00fcr mich? Wie l\u00e4uft der Anmeldeprozess in deutschen Online Casinos ab? Welche Informationen sind es, die ich den deutschen Online Casinos geben muss?\u2028Gibt es ein Mindestalter, um mich in einem deutschen Online Casino anmelden zu d\u00fcrfen.? Welche verschiedenen Varianten der Ein- oder Auszahlung gibt es, in einem deutschen Online Casino? Wie genau t\u00e4tige ich dann eine Einzahlung bei einem deutschen Online Casino? Welche verschiedenen Optionen der Zahlung stehen mir dabei zur Verf\u00fcgung? Welche verschiedenen Optionen der Auszahlung stehen mir dabei zur Verf\u00fcgung? In welcher Geschwindigkeit kann ich meine Gewinne dabei auszahlen lassen? Gibt es ein Auszahlungslimit? Gibt es eine M\u00f6glichkeit, wie ich meine bisherigen Ein- und Auszahlungen nachverfolgen kann? Wie viel Geld kann man maximal in einem Online Casino gewinnen? Was genau ist ein progressiver Jackpot und wie genau qualifiziere ich mich f\u00fcr einen solchen? Wie schaffe ich es einen progressiven Jackpot zu gewinnen? Gibt es auch reine Geschicklichkeitsspiele im Online Casino? Vielleicht finden Sie sich ja bei einigen dieser Fragen wieder. Nutzen Sie diese als Vorlage und schlage Sie dabei explizit im Internet nach der passenden Antwort nach. Wir k\u00f6nnen an dieser Stelle keine Antworten liefern, verweisen aber auch gerne auf die FAQ Bereiche der deutschen Casinos auf unserer Webseite. Viele dieser Fragen werden Sie auch gewiss dort wieder finden und eben auch eine oder mehrere Antworten passend dazu, die dann die n\u00f6tigen Informationen bereit stellen.<\/p>\n\n\n<div itemscope=\"\" itemtype=\"https:\/\/schema.org\/FAQPage\">\n<div itemscope=\"\" itemprop=\"mainEntity\" itemtype=\"https:\/\/schema.org\/Question\">\n    <h4 itemprop=\"name\">?\ufe0f Ist es legal in deutschen Casinos zu spielen?<\/h4>\n    <div itemscope=\"\" itemprop=\"acceptedAnswer\" itemtype=\"https:\/\/schema.org\/Answer\">\n      <div itemprop=\"text\">Die kurze Antwort darauf lautet: Ja ist es.<\/div>\n  <\/div>\n<\/div>\n<div itemscope=\"\" itemprop=\"mainEntity\" itemtype=\"https:\/\/schema.org\/Question\">\n  <h4 itemprop=\"name\">? Welche W\u00e4hrung wird am h\u00e4ufigsten in Deutschland verwendet?<\/h4>\n  <div itemscope=\"\" itemprop=\"acceptedAnswer\" itemtype=\"https:\/\/schema.org\/Answer\">\n    <div itemprop=\"text\">Nun, da Deutschland zur europ\u00e4ischen Union geh\u00f6rt, k\u00f6nnen Sie nat\u00fcrlich mit Euro in den deutschen Casinos bezahlen. Gewiss gibt es aber auch Casinos, die Ihnen die M\u00f6glichkeit bieten in <a href=\"\/de\/casino-zahlungsoptionen\/bitcoin\/\">Bitcoins<\/a> auf ihr Spielerkonto einzuzahlen. Da soll doch nochmal jemand sagen, wir in Deutschland w\u00e4ren stehen geblieben.<\/div>\n\t<\/div>\n<\/div>\n<div itemscope=\"\" itemprop=\"mainEntity\" itemtype=\"https:\/\/schema.org\/Question\">\n    <h4 itemprop=\"name\">?\u200d\u2640\ufe0f Muss ich immer noch Transaktionsgeb\u00fchren zahlen?<\/h4>\n    <div itemscope=\"\" itemprop=\"acceptedAnswer\" itemtype=\"https:\/\/schema.org\/Answer\">\n      <div itemprop=\"text\">Diese Transaktionsgeb\u00fchren waren schon eine l\u00e4stige Sache. Denn Sie vielen teilweise bei Ein- und Auszahlungen gleicherma\u00dfen an. Mittlerweile hat sich dies allerdings gl\u00fccklicherweise ge\u00e4ndert. Nur im seltensten Fall erlauben es sich die Casino-Betreiber Geb\u00fchren f\u00fcr den Geldverkehr zu verlangen.<\/div>\n\t<\/div>\n<\/div>\n<div itemscope=\"\" itemprop=\"mainEntity\" itemtype=\"https:\/\/schema.org\/Question\">\n    <h4 itemprop=\"name\">? Was sind die Vorteile beim Spielen in deutschen Casinos?<\/h4>\n    <div itemscope=\"\" itemprop=\"acceptedAnswer\" itemtype=\"https:\/\/schema.org\/Answer\">\n      <div itemprop=\"text\">F\u00fcr Sie sind die Vorteile ganz einfach: Jegliche Anwendungen finden in deutscher Information statt. Auch der Kundendienst ist in deutscher Sprache zu erreichen. Die AGBs und Umsatzbedingungen sind f\u00fcr Sie in Deutsch einlesbar.<\/div>\n\t<\/div> \n<\/div>\n<div itemscope=\"\" itemprop=\"mainEntity\" itemtype=\"https:\/\/schema.org\/Question\">\n    <h4 itemprop=\"name\">? Zahlen Casinos ihre Boni in CAD?<\/h4>\n    <div itemscope=\"\" itemprop=\"acceptedAnswer\" itemtype=\"https:\/\/schema.org\/Answer\">\n      <div itemprop=\"text\">Um mehrere Informationen zu diesem Thema zu erhalten m\u00f6chten wir sie gerne direkt auf die Webseiten der deutschen Online Casinos verweisen.<\/div>\n\t<\/div>\n<\/div>\n<div itemscope=\"\" itemprop=\"mainEntity\" itemtype=\"https:\/\/schema.org\/Question\">\n    <h4 itemprop=\"name\">\u2753 Werde ich meine Gl\u00fccksspieloptionen einschr\u00e4nken?<\/h4>\n    <div itemscope=\"\" itemprop=\"acceptedAnswer\" itemtype=\"https:\/\/schema.org\/Answer\">\n      <div itemprop=\"text\">Sollten Sie dies w\u00fcnschen, finden Sie dazu alle n\u00f6tigen Infos auf den Webseiten der deutschen Online Casinos.<\/div>\n\t<\/div>\n<\/div>\n<\/div>\n","protected":false},"excerpt":{"rendered":"<p>Deutsche Casinos \u2013 Ein Einblick in die besten Optionen f\u00fcr Sie! Schauen Sie auf unserer Webseite vorbei, um so ziemlich alles zu finden, was Ihr deutsches Casino Herz begl\u00fccken wird. Lesen Sie sich in unsere Seite ein und finden Sie heraus, welche verschiedenen Casino Ihnen geboten werden, die eine 1-20\u20ac Einzahlung anbieten. Finden Sie auch [&hellip;]<\/p>\n","protected":false},"author":10,"featured_media":0,"parent":0,"menu_order":0,"comment_status":"closed","ping_status":"closed","template":"","meta":{"_acf_changed":false,"footnotes":""},"class_list":["post-5609","page","type-page","status-publish","hentry"],"acf":[],"_links":{"self":[{"href":"https:\/\/www.minimumdepositcasinos.org\/de\/wp-json\/wp\/v2\/pages\/5609","targetHints":{"allow":["GET"]}}],"collection":[{"href":"https:\/\/www.minimumdepositcasinos.org\/de\/wp-json\/wp\/v2\/pages"}],"about":[{"href":"https:\/\/www.minimumdepositcasinos.org\/de\/wp-json\/wp\/v2\/types\/page"}],"author":[{"embeddable":true,"href":"https:\/\/www.minimumdepositcasinos.org\/de\/wp-json\/wp\/v2\/users\/10"}],"replies":[{"embeddable":true,"href":"https:\/\/www.minimumdepositcasinos.org\/de\/wp-json\/wp\/v2\/comments?post=5609"}],"version-history":[{"count":7,"href":"https:\/\/www.minimumdepositcasinos.org\/de\/wp-json\/wp\/v2\/pages\/5609\/revisions"}],"predecessor-version":[{"id":5616,"href":"https:\/\/www.minimumdepositcasinos.org\/de\/wp-json\/wp\/v2\/pages\/5609\/revisions\/5616"}],"wp:attachment":[{"href":"https:\/\/www.minimumdepositcasinos.org\/de\/wp-json\/wp\/v2\/media?parent=5609"}],"curies":[{"name":"wp","href":"https:\/\/api.w.org\/{rel}","templated":true}]}}