{"id":603,"date":"2018-11-26T14:49:43","date_gmt":"2018-11-26T14:49:43","guid":{"rendered":"https:\/\/www.minimumdepositcasinos.org\/de\/?page_id=603"},"modified":"2026-03-24T15:42:55","modified_gmt":"2026-03-24T15:42:55","slug":"idebit","status":"publish","type":"page","link":"https:\/\/www.minimumdepositcasinos.org\/de\/casino-zahlungsoptionen\/idebit\/","title":{"rendered":"IDebit"},"content":{"rendered":"\n<h2 class=\"wp-block-heading\">Was macht IDebit zu einer gro\u00dfartigen Zahlungsmethode f\u00fcr Spielbanken<\/h2>\n\n\n\n<p>iDebit ist ein Mittelsmann zwischen Ihrer bevorzugten Online Casino Spielbank und Ihrer Bank. Es handelt sich um ein zuverl\u00e4ssiges Zahlungssystem, das Ihnen die M\u00f6glichkeit bietet, sichere Ein- und Auszahlungen in Online Casinos vorzunehmen.<\/p>\n\n\n\n<p>Sie k\u00f6nnen Ihr Konto im Handumdrehen aufladen und sofort mit dem Spielen beginnen. Dieses System verwendet Verschl\u00fcsselungsprotokolle, die Ihre Online-Transaktionen absichern. Bequemlichkeit ist das A und O bei Einzahlungen und wird durch die Geschwindigkeit, mit der Sie Transaktionen durchf\u00fchren k\u00f6nnen, noch verbessert.<\/p>\n\n\n\n<p>Ihr Geld wird fast sofort gutgeschrieben, sobald Sie den Einzahlungsprozess durchlaufen haben. iDebit zeichnet sich dadurch aus, dass es mit vielen renommierten Banken zusammenarbeitet, um einen nahtlosen Einzahlungsprozess zu erm\u00f6glichen.<\/p>\n\n\n\n<h2 class=\"wp-block-heading\">Die besten Online Casinos, die IDebit akzeptieren<\/h2>\n\n\n\n<p>iDebit ist eine vertrauensw\u00fcrdige Zahlungsmethode, die Sie bei den besten Online Casinos finden k\u00f6nnen. Spielbanken, die diese Methode akzeptieren, haben das beste Interesse der Spieler im Sinn. Denn sie wissen, wie wichtig sichere Transaktionen sind.<\/p>\n\n\n\n<p>Es ist eine weit verbreitete Option, die viele Vorteile bietet, darunter unglaubliche Sicherheitsma\u00dfnahmen. Auf dieser Seite finden Sie <a href=\"\/de\/\">die besten Online Casinos<\/a>, die massive Vorteile und lohnende Leistungen bieten.<\/p>\n\n\n\n<p>Diese Spielbanken erf\u00fcllen alle Anforderungen und sorgen daf\u00fcr, dass die Spieler insgesamt ein hervorragendes Spielerlebnis haben. Werfen Sie einen Blick auf die vorgestellten besten Online Casinos, die iDebit als bevorzugte Zahlungsmethode aufgenommen haben.<\/p>\n\n\n\n<h2 class=\"wp-block-heading\">Minimale Einzahlungen bei IDebit Casinos<\/h2>\n\n\n\n<p>Spielbanken mit minimaler Einzahlung verlangen, dass Sie eine bestimmte Einzahlung und mehr leisten, um mit dem Spielen zu beginnen. Es handelt sich um einen Betrag, mit dem Sie Ihre Spielreise beginnen k\u00f6nnen, und der Wert kann niedriger sein als bei einem Willkommensbonus.<\/p>\n\n\n\n<p>Wenn Sie sich daf\u00fcr entscheiden, mit einem Willkommensbonus zu spielen, kann die Einzahlung h\u00f6her sein, als wenn Sie auf den Bonus verzichten. Nat\u00fcrlich sind die Vorteile, mit einem Bonus zu spielen, betr\u00e4chtlich und werden bei <a href=\"\/de\/casinos-mit-e5-mindesteinzahlung\/\">Spielbanken mit 5 \u20ac Einzahlung<\/a> noch besser.<\/p>\n\n\n\n<p>Sie k\u00f6nnen Ihr Spiel verbessern, indem Sie in einer <a href=\"\/de\/casinos-mit-e10-mindesteinzahlung\/\">Spielbank mit 10 \u20ac Einzahlung<\/a> einen gr\u00f6\u00dferen Bonus erhalten oder sich f\u00fcr einen <a href=\"\/de\/casinos-mit-e20-mindesteinzahlung\/\">20 \u20ac Spielbank-Einzahlungsbonus<\/a> entscheiden. Die Belohnung wird immer besser und macht Ihr Spiel noch besser.<\/p>\n\n\n\n<h2 class=\"wp-block-heading\">Die besten deutschen Spielbanken mit minimaler Einzahlung<\/h2>\n\n\n\n<p>Deutsche Spielbanken mit minimaler Einzahlung bieten Spielern die beste Wahl, wenn es um eine zuverl\u00e4ssige Zahlungsmethode geht. Sie profitieren von einer Vielzahl von Vorteilen, darunter qualitativ hochwertige Spiele, lukrative Willkommensboni, Aktionen und ein tadelloser Kundendienst.<\/p>\n\n\n\n<p>Bei diesen Spielbanken steht Sicherheit an erster Stelle und Bequemlichkeit an erster Stelle. Deshalb bieten sie schnelle Auszahlungen und die M\u00f6glichkeit, sich schnell anzumelden. Das Spielen in einer vertrauensw\u00fcrdigen Spielbank ist wie ein frischer Wind, da Sie sich mehr auf das Spielen konzentrieren k\u00f6nnen, anstatt sich um die Sicherheit Ihrer Transaktionen zu sorgen. Die besten deutschen iDebit Spielbanken mit minimaler Einzahlung bieten genau das.<\/p>\n\n\n\n<h2 class=\"wp-block-heading\">Wie Sie IDebit in einer Spielbank verwenden<\/h2>\n\n\n\n<p><a href=\"https:\/\/www.idebitpayments.com\/\" target=\"_blank\" rel=\"noreferrer noopener\">iDebit <\/a>hat eine einfache, geb\u00fchrenfreie M\u00f6glichkeit geschaffen, ein Konto f\u00fcr Online Casino Spieler einzurichten. Der Prozess muss einfach und bequem sein, denn die Spieler wollen unbedingt loslegen.<\/p>\n\n\n\n<p>Sie k\u00f6nnen Ihr Konto in ein paar einfachen Schritten einrichten und sofort einzahlen. Die Nutzung Ihres iDebit-Kontos bei einer Online Casino Spielbank ist einfach und sicher, so dass Sie beruhigt Ihre Transaktionen durchf\u00fchren k\u00f6nnen. Werfen wir einen Blick darauf, wie iDebit in einer Online Casino funktioniert.<\/p>\n\n\n\n<h3 class=\"wp-block-heading\">Ein iDebit-Konto einrichten<\/h3>\n\n\n\n<p>Wenn Sie 18 Jahre oder \u00e4lter sind, k\u00f6nnen Sie ein iDebit-Konto einrichten, f\u00fcr dessen Nutzung Sie ein Bankkonto ben\u00f6tigen. iDebit kann als elektronische Geldb\u00f6rse oder als Vermittler zwischen Ihnen und Ihrer Bank dienen. Das bedeutet, dass es zwei M\u00f6glichkeiten gibt, es zu nutzen, und hier ist, wie:<\/p>\n\n\n\n<ul class=\"wp-block-list\">\n<li>Gehen Sie zu einer Online Casino, die iDebit als Zahlungsmethode akzeptiert, und verwenden Sie es als Gastspieler. Das bedeutet, dass Sie kein Konto er\u00f6ffnen m\u00fcssen, um es zu nutzen. Auf diese Weise k\u00f6nnen Sie einzahlen und sofort mit dem Spielen beginnen.<\/li>\n\n\n\n<li>Sie k\u00f6nnen iDebit als E-Wallet verwenden, wobei Sie Ihre Daten wie Name, Adresse, Sozialversicherungsnummer und Geburtsdatum eingeben m\u00fcssen. Dies ist ein kostenloses Verfahren, das Ihnen eine schnelle und sichere Zahlung erm\u00f6glicht.<\/li>\n<\/ul>\n\n\n\n<h3 class=\"wp-block-heading\">Einzahlung auf Ihr IDebit Casino-Konto<\/h3>\n\n\n\n<p>iDebit ist direkt mit Ihrem bestehenden Bankkonto verbunden, so dass Sie sofort sichere Zahlungen vornehmen k\u00f6nnen. Diese Option ist kosteng\u00fcnstig, da sie schnell und bequem ist. Sie k\u00f6nnen Ihr iDebit-Konto nicht direkt von Ihrem Bankkonto aus aufladen, aber Sie k\u00f6nnen dies mit der E-Wallet-Option tun.<\/p>\n\n\n\n<p>Allerdings muss das Geld aus einer anderen Quelle stammen, um Ihr Konto aufzuf\u00fcllen. Sie haben jederzeit Transparenz bei Ihren Transaktionen, da Sie Ihren Kontostand \u00fcberpr\u00fcfen k\u00f6nnen.<\/p>\n\n\n\n<h3 class=\"wp-block-heading\">Verwendung Ihres IDebit-Kontos in einer Spielbank<\/h3>\n\n\n\n<p>iDebit ist ein bevorzugtes Zahlungssystem wegen seiner Sicherheit und Bequemlichkeit, aber vor allem wegen seiner Benutzerfreundlichkeit. Es bietet einen schnellen Prozess, bei dem Sie die 1-Klick-Anmeldemethode verwenden k\u00f6nnen, was den Einstieg erleichtert. Bei seri\u00f6sen Spielbanken k\u00f6nnen Sie sich mit iDebit schnell bei einer Spielbank anmelden und die Online-Banking-Option nutzen, ohne ein Konto einrichten zu m\u00fcssen.<\/p>\n\n\n\n<ol class=\"wp-block-list\">\n<li>Besuchen Sie die Kasse oder den Banking-Bereich der Spielbank und w\u00e4hlen Sie iDebit als Ihre bevorzugte Zahlungsmethode.<\/li>\n\n\n\n<li>Geben Sie die erforderlichen Daten ein, sobald Sie den iDebit-Anmeldebildschirm finden, w\u00e4hlen Sie Ihre verkn\u00fcpfte Bank aus und geben Sie Ihre Bankanmeldedaten ein.<\/li>\n\n\n\n<li>W\u00e4hlen Sie den Betrag, den Sie einzahlen m\u00f6chten, und best\u00e4tigen Sie den Vorgang. Sie sind nun startklar und k\u00f6nnen mit Ihrer aufregenden Spielreise beginnen.<\/li>\n<\/ol>\n\n\n\n<h2 class=\"wp-block-heading\">Spielbanken ohne Wetteinsatz, die IDebit akzeptieren<\/h2>\n\n\n\n<p>Wenn Sie das Gl\u00fcck haben, eine seri\u00f6se Spielbank ohne Wetteinsatz zu finden, die iDebit akzeptiert, sollten Sie sie ausprobieren. Diese Spielbanken sind selten zu finden, und wenn Sie sie finden, ist es wie ein Geschenk am Weihnachtsabend.<\/p>\n\n\n\n<p>Die Umsatzbedingungen finden Sie in den Allgemeinen Gesch\u00e4ftsbedingungen und sie geben an, wie oft Sie den Bonus umsetzen m\u00fcssen.<\/p>\n\n\n\n<h2 class=\"wp-block-heading\">Abhebungen bei deutschen IDebit Casinos<\/h2>\n\n\n\n<p>Abhebungen sind bei iDebit Spielbanken m\u00f6glich, und der Vorgang ist einfach gestaltet. Die Schritte, die Sie befolgen m\u00fcssen, sind die gleichen wie bei einer Einzahlung, bei der Sie einfach den Abhebungsbereich besuchen und Ihren Antrag stellen.<\/p>\n\n\n\n<p>Der Prozess ist schnell, vorausgesetzt, Sie haben Ihren Bonus korrekt umgesetzt und die von Ihnen angegebenen Daten sind korrekt. Nach der Bearbeitung sollten Sie Ihre Gewinne innerhalb von 24 bis 5 Tagen erhalten, wenn Sie iDebit f\u00fcr die Transaktion verwenden.<\/p>\n\n\n\n<h2 class=\"wp-block-heading\">Sollten Sie IDebit in einer Online Casino verwenden?<\/h2>\n\n\n\n<p>Transaktionen, die Sie mit iDebit in einer Online Spielbank durchf\u00fchren, sind sicher, schnell und bequem. Mit diesem Zahlungssystem k\u00f6nnen Sie Ihr Konto einfach und schnell aufladen. Sie k\u00f6nnen es auf zwei Arten nutzen, indem Sie Ihr Online-Banking-Konto verkn\u00fcpfen oder es als E-Wallet verwenden.<\/p>\n\n\n\n<p>Bei der Verwendung von iDebit m\u00fcssen Sie Ihre Daten nicht an eine Online Casino weitergeben, was eine weitere Sicherheitsstufe f\u00fcr die Transaktionen darstellt. Dar\u00fcber hinaus verf\u00fcgen die deutschen Spielbanken \u00fcber beeindruckende Sicherheitsma\u00dfnahmen, die ein sicheres Spielumfeld gew\u00e4hrleisten.<\/p>\n","protected":false},"excerpt":{"rendered":"<p>Was macht IDebit zu einer gro\u00dfartigen Zahlungsmethode f\u00fcr Spielbanken iDebit ist ein Mittelsmann zwischen Ihrer bevorzugten Online Casino Spielbank und Ihrer Bank. Es handelt sich um ein zuverl\u00e4ssiges Zahlungssystem, das Ihnen die M\u00f6glichkeit bietet, sichere Ein- und Auszahlungen in Online Casinos vorzunehmen. Sie k\u00f6nnen Ihr Konto im Handumdrehen aufladen und sofort mit dem Spielen beginnen. [&hellip;]<\/p>\n","protected":false},"author":7,"featured_media":4643,"parent":174,"menu_order":0,"comment_status":"closed","ping_status":"closed","template":"page_money.php","meta":{"_acf_changed":false,"footnotes":""},"class_list":["post-603","page","type-page","status-publish","has-post-thumbnail","hentry"],"acf":[],"_links":{"self":[{"href":"https:\/\/www.minimumdepositcasinos.org\/de\/wp-json\/wp\/v2\/pages\/603","targetHints":{"allow":["GET"]}}],"collection":[{"href":"https:\/\/www.minimumdepositcasinos.org\/de\/wp-json\/wp\/v2\/pages"}],"about":[{"href":"https:\/\/www.minimumdepositcasinos.org\/de\/wp-json\/wp\/v2\/types\/page"}],"author":[{"embeddable":true,"href":"https:\/\/www.minimumdepositcasinos.org\/de\/wp-json\/wp\/v2\/users\/7"}],"replies":[{"embeddable":true,"href":"https:\/\/www.minimumdepositcasinos.org\/de\/wp-json\/wp\/v2\/comments?post=603"}],"version-history":[{"count":22,"href":"https:\/\/www.minimumdepositcasinos.org\/de\/wp-json\/wp\/v2\/pages\/603\/revisions"}],"predecessor-version":[{"id":18502,"href":"https:\/\/www.minimumdepositcasinos.org\/de\/wp-json\/wp\/v2\/pages\/603\/revisions\/18502"}],"up":[{"embeddable":true,"href":"https:\/\/www.minimumdepositcasinos.org\/de\/wp-json\/wp\/v2\/pages\/174"}],"wp:featuredmedia":[{"embeddable":true,"href":"https:\/\/www.minimumdepositcasinos.org\/de\/wp-json\/wp\/v2\/media\/4643"}],"wp:attachment":[{"href":"https:\/\/www.minimumdepositcasinos.org\/de\/wp-json\/wp\/v2\/media?parent=603"}],"curies":[{"name":"wp","href":"https:\/\/api.w.org\/{rel}","templated":true}]}}