{"id":636,"date":"2018-11-27T09:43:53","date_gmt":"2018-11-27T09:43:53","guid":{"rendered":"https:\/\/www.minimumdepositcasinos.org\/de\/?page_id=636"},"modified":"2026-03-24T15:29:27","modified_gmt":"2026-03-24T15:29:27","slug":"instadebit","status":"publish","type":"page","link":"https:\/\/www.minimumdepositcasinos.org\/de\/casino-zahlungsoptionen\/instadebit\/","title":{"rendered":"Instadebit Seite"},"content":{"rendered":"<div class=\"wp-block-image\">\n<figure class=\"alignright\"><img decoding=\"async\" width=\"300\" height=\"300\" src=\"https:\/\/www.minimumdepositcasinos.org\/de\/wp-content\/uploads\/2018\/11\/InstaDebit_400x400-300x300.jpg\" alt=\"Instadebit\" class=\"wp-image-637\" srcset=\"https:\/\/www.minimumdepositcasinos.org\/de\/wp-content\/uploads\/2018\/11\/InstaDebit_400x400-300x300.jpg 300w, https:\/\/www.minimumdepositcasinos.org\/de\/wp-content\/uploads\/2018\/11\/InstaDebit_400x400-150x150.jpg 150w, https:\/\/www.minimumdepositcasinos.org\/de\/wp-content\/uploads\/2018\/11\/InstaDebit_400x400.jpg 400w\" sizes=\"(max-width: 300px) 100vw, 300px\" \/><\/figure><\/div>\n\n\n<p>Fr\u00fcher konnte man mit Instadebit nur in Kanada Online-Zahlungen vornehmen. Mittlerweile hat sich der Zahlungsdienstleister jedoch in \u00fcber 32 L\u00e4nder ausgebreitet und z\u00e4hlt zu den bevorzugtesten Zahlungsl\u00f6sungen f\u00fcr <a href=\"\/de\/\">Online-Casinos<\/a>, was unter anderem seiner Flexibilit\u00e4t, dem hohen Komfort und den geringen Kosten geschuldet ist. Die Registrierung erfolgt in nur zwei Schritten und Geb\u00fchren fallen auch keine an.<\/p>\n\n\n\n<p>In Kanada verbindet sich Instadebit automatisch mit dem Bankensystem des Landes, bietet allerdings auch in anderen L\u00e4ndern relativ \u00e4hnliche Optionen f\u00fcr Bank\u00fcberweisungen an. Das bedeutet, dass du dein Geld direkt \u00fcber dein Bankkonto ohne Verz\u00f6gerung auf dein Casino-Echtgeldkonto \u00fcbertragen kannst, ohne lange auf den Zahlungseingang warten zu m\u00fcssen.<\/p>\n\n\n\n<p>Diese unglaublich effiziente <a href=\"https:\/\/www.minimumdepositcasinos.org\/de\/casino-zahlungsoptionen\/\">Banking-Methode<\/a> hat sich bei Spielern schnell zu einer der beliebtesten M\u00f6glichkeiten f\u00fcr Online-Einzahlungen gemacht &#8211; und das nicht nur in Kanada, sondern auf der ganzen Welt. Instadebit ist in der ganzen Casino-Community und bei tausenden H\u00e4ndlern weitl\u00e4ufig anerkannt; du kannst dein Konto also f\u00fcr eine Vielzahl verschiedener Dinge nutzen. Obwohl Instadebit in vielen L\u00e4ndern verf\u00fcgbar ist, gibt es einige Casino-Betreiber, die diese Zahlungsm\u00f6glichkeit nur Spielern aus Kanada anbieten. Schau deshalb immer auf deiner Casino-Plattform nach, bevor du Instadebit als deine bevorzugte Banking-Methode auserkorst.<\/p>\n\n\n\n<p>Die Einrichtung deines Instadebit-Kontos geht schnell und einfach. Der komplett optimierte Prozess umfasst nur ein paar Schritte, bei denen du ein paar Daten angeben musst. Geh einfach auf die Website und klicke auf \u201eSign up now\u201c auf der Homepage. Anschlie\u00dfend musst du einige pers\u00f6nliche Daten und deine Bankkontoverbindung eintragen, um dein Konto mit Geldmitteln zu versehen. Da der gesamte Vorgang innerhalb von Sekunden erledigt ist, kannst du sofort damit anfangen, Geld auf deine Online-Casino-Konten einzuzahlen.<\/p>\n\n\n\n<p>Stand heute ist Instadebit in Kanada, Australien, Argentinien, Griechenland, Belgien, \u00d6sterreich, Deutschland, Estland, Frankreich, D\u00e4nemark, Chile, Bulgarien, der Tschechischen Republik, Finnland, Polen, Peru, Ungarn, Litauen, Norwegen, Irland, Neuseeland, Italien, den Niederlanden, Mexiko, Lettland, Uruguay, Portugal, Gro\u00dfbritannien, Rum\u00e4nien, der Schweiz, Schweden, Spanien und der Slowakei verf\u00fcgbar. Spieler aus den USA m\u00fcssen aktuell leider noch ohne Instadebit auskommen.<\/p>\n\n\n\n<h3 class=\"wp-block-heading\">Die Vorteile von Instadebit<\/h3>\n\n\n\n<p>Zweifellos der gr\u00f6\u00dfte Vorteil von Instadebit als Online-Zahlungsmethode lautet, dass du dein Geld unglaublich schnell transferieren kannst &#8211; sofort und in Echtzeit. Du kannst per Echtzeit-Banking auf dein Konto einzahlen und der gew\u00fcnschte Betrag wird deinem Instadebit-Konto sofort gutgeschrieben.<\/p>\n\n\n\n<p>Die Einzahlung von Geldmitteln von deinem Instadebit-Konto auf dein Casino-Echtgeldkonto geht ebenfalls unmittelbar vonstatten. Interessanterweise musst du nicht einmal Geld auf deinem Konto haben, um Transaktionen durchzuf\u00fchren. Du kannst dein Geld direkt aus deinem Bankkonto nehmen, sollte es in deinem Instadebit-Konto finanziell mal nicht so rosig aussehen.<\/p>\n\n\n\n<p>Auch kannst du Instadebit nutzen, um Abhebungen aus deinen Online-Casinos direkt in dein E-Wallet vorzunehmen. Das Geld wird superschnell gutgeschrieben, meistens innerhalb von ein paar Stunden. Instadebit steht dir immer zur Verf\u00fcgung, wenn du das Firmenlogo irgendwo angezeigt siehst.<\/p>\n\n\n\n<p>Ein weiterer gro\u00dfer Vorteil von Instadebit als Banking-Methode f\u00fcr Online-Casinos ist die erstklassige Sicherheit. S\u00e4mtliche Kommunikation zwischen dem Casino und deiner Bank wird vollst\u00e4ndig verschl\u00fcsselt, um zu verhindern, dass deine finanziellen und pers\u00f6nlichen Daten in falsche H\u00e4nde geraten. Diese Verschl\u00fcsselungstechnologie bietet dir zudem komplette Anonymit\u00e4t, da du deine Kreditkarteninformationen oder pers\u00f6nlichen Daten nicht an Dritte weitergeben musst.<\/p>\n\n\n\n<p>Manche Spieler m\u00f6gen das zwar als Nachteil sehen, doch den meisten macht das nichts aus. Du musst dich lediglich registrieren, ein Instadebit-Konto er\u00f6ffnen und das Konto nutzen. Wie wir bereits erw\u00e4hnt haben werden s\u00e4mtliche \u00fcber Instadebit durchgef\u00fchrten Transaktionen sofort und geb\u00fchrenfrei durchgef\u00fchrt.<\/p>\n\n\n\n<p>Doch wenn wir an einer Stelle wirklich pingelig sein sollen (und das ist bei Instadebit ziemlich schwierig), ist uns negativ aufgefallen, dass es nicht in jedem Land der Welt verf\u00fcgbar ist. Einigen Spielern steht der Service also nicht als Option offen. Gleiches gilt f\u00fcr manche Banken, die Instadebit nicht als Einzahlungsquelle akzeptieren. F\u00fcr Spieler aus der EU und Gro\u00dfbritannien ist das jedoch nicht wirklich ein Problem.<\/p>\n\n\n\n<h3 class=\"wp-block-heading\">Zeitrahmen und Geb\u00fchren<\/h3>\n\n\n\n<p>Wie bereits an mehreren Stellen erw\u00e4hnt ist einer der gr\u00f6\u00dften Pluspunkte von Instadebit, dass der Zahlungsdienstleister keine Geb\u00fchren verlangt. Null. Du musst also kein zus\u00e4tzliches Geld auf den Tisch legen, wenn du Geld von deinem Bankkonto auf dein Instadebit-Konto \u00fcberweist. Gleiches gilt f\u00fcr Einzahlungen von deinem Instadebit-Konto auf dein Online-Casino-Echtgeldkonto.<\/p>\n\n\n\n<p>Dar\u00fcber hinaus hat Instadebit sehr vern\u00fcnftige Limits bei den Betr\u00e4gen, die du auf deinem Konto haben und die du auf deine bevorzugten Online-Casinos \u00fcberweisen oder \u00fcbertragen darfst.<\/p>\n\n\n\n<p>Au\u00dferdem sind die Umrechnungskurse f\u00fcr W\u00e4hrungen unglaublich nutzerfreundlich und normalerweise an die aktuellen globalen W\u00e4hrungskurse angepasst. Ein bemerkenswertes Feature, mit dem sich Instadebit von anderen Zahlungsanbietern abheben kann, ist das von ihm genutzte Kreditkartensystem, das wohl der Abwesenheit von Geb\u00fchren geschuldet ist.<\/p>\n\n\n\n<p>Doch lass uns das Ganze nochmal wiederholen: Jede Transaktion auf Instadebit ist kostenlos. Die einzige erw\u00e4hnenswerte Ausnahme ist, wenn du Geld von deinem Instadebit-Konto zur\u00fcck auf dein Bankkonto \u00fcberweisen m\u00f6chtest. Daf\u00fcr fallen allerdings auch nur 2\u20ac an. Zahlst du hingegen auf dein Casino-Konto ein, ist die Sache wie gesagt umsonst!<\/p>\n\n\n\n<p>Die Einzahlungsbegrenzungen h\u00e4ngen ganz und gar von deinem bevorzugten Casino ab. Schau doch mal bei deinem virtuellen Cashier vorbei und erkunde dich diesbez\u00fcglich, da die Betr\u00e4ge von Casino zu Casino stark schwanken k\u00f6nnen. Wenngleich die Limits zwar in der Tat von Instadebit festgelegt werden, liegen sie weitaus \u00fcber den normalen Online-Casino-Einzahlungsbeschr\u00e4nkungen. Wenn du deine Limits gerne erh\u00f6hen lassen m\u00f6chtest, kannst du dich entweder mit dem Supportteam deines Online-Casinos oder mit Instadebits Supportteam kurzschlie\u00dfen. Wie bei den meisten Zahlungsoptionen sind die Begrenzungen f\u00fcr erstmalige Nutzer in der Regel niedriger.<\/p>\n\n\n\n<p>Gl\u00fccklicherweise gehen s\u00e4mtliche \u00dcberweisungen auf Instadebit unmittelbar vonstatten. Du kannst in den Online-Casinos deiner Wahl dementsprechend ohne Verz\u00f6gerung mit dem Spielen beginnen. Au\u00dferdem kannst du Geld innerhalb von 2-6 Stunden auf dein Konto abheben.<\/p>\n\n\n\n<p>Normalerweise veranschlagen Online-Casinos keine Service-Geb\u00fchr, wenn du Instadebit nutzt, doch vergiss die kleine Transaktionsgeb\u00fchr nicht, die anf\u00e4llt, wenn du Geld zur\u00fcck auf dein Bankkonto buchst. Die Er\u00f6ffnung eines Instadebit-Kontos ist \u00fcbrigens auch komplett kostenlos.<\/p>\n\n\n\n<p>Falls du an irgendeinem Punkt mal nicht weiterwei\u00dft oder Hilfe mit deinem Instadebit-Konto oder Online-Casino-Transaktionen mit Instadebit brauchst, stehen dir viele Wege offen, mit dem hocheffizienten und freundlichen Kundensupportteam von Instadebit in Kontakt zu treten. Du kannst dem Team eine E-Mail schreiben, mit einem Vertreter \u00fcber den Live-Chat sprechen oder die tolle, rund um die Uhr verf\u00fcgbar Hotline anrufen, wenn du mit jemandem pers\u00f6nlich reden m\u00f6chtest. Die Details findest du alle auf der Website von Instadebit.<\/p>\n\n\n\n<h3 class=\"wp-block-heading\">Einzahlungen mit Instadebit<\/h3>\n\n\n\n<p>Um Einzahlungen mit Instadebit vorzunehmen, musst du dein Instadebit-Konto vorher nicht notwendigerweise mit Geldmitteln versehen. Instadebit macht dir Sofort- und Direkt\u00fcberweisungen leicht, damit du auf dein Online-Casino-Konto schnell und einfach \u00fcber den virtuellen Cashier deines Casinos einzahlen kannst. Du musst lediglich Instadebit als deine bevorzugte Einzahlungsmethode ausw\u00e4hlen, deine ID und dein Passwort eintragen und Sofort\u00fcberweisungen von deinem Bankkonto per Instadebit autorisieren &#8211; schon bist du fertig. Das sorgt f\u00fcr vollst\u00e4ndige Anonymit\u00e4t, da dein Online-Casino-Betreiber in diesem Fall nicht auf deine Bankinformationen und pers\u00f6nlichen Daten zugreifen kann.<\/p>\n\n\n\n<h3 class=\"wp-block-heading\">Abhebungen mit Instadebit<\/h3>\n\n\n\n<p>S\u00e4mtliche Abhebungsanforderungen werden \u00fcber das Bankkonto abgewickelt, das du bei deiner Registrierung f\u00fcr dein Instadebit-Konto angegeben und best\u00e4tigt hast. Deine Abhebungen werden \u00fcber eine direkte Bank\u00fcberweisung auf dein Bankkonto \u00fcberwiesen. Du kannst Abhebungen nur auf das Bankkonto vornehmen, das du bei der Registrierung angegeben und best\u00e4tigt hast.<\/p>\n\n\n\n<h3 class=\"wp-block-heading\">Sicherheit<\/h3>\n\n\n\n<p><a href=\"https:\/\/www.minimumdepositcasinos.org\/de\/2018\/09\/07\/ist-es-sicher-auf-online-kasino-seiten-zu-spielen\/\">Die Sicherheit ist der wichtigste Faktor bei jeder Art des Online-Bankings und -Gl\u00fccksspiels<\/a>. Hier haben wir aber gute Nachrichten: Instadebit z\u00e4hlt zu den sichersten Zahlungsdienstleistern f\u00fcr Online-Casino-Einzahlungen und -Abhebungen. Alle Zahlungen werden komplett verschl\u00fcsselt und deine pers\u00f6nlichen Daten stets separat von deinen Zahlungen gehalten. Damit bleibt alles jederzeit anonym und 100% sicher. Eine der besten Sicherheitsma\u00dfnahmen von Instadebit ist die Nutzung einer durchg\u00e4ngigen 128-bit Verschl\u00fcsselungssoftware, mit der deine Daten und dein Geld jederzeit auf der sicheren Seite bleiben.<\/p>\n\n\n\n<h3 class=\"wp-block-heading\">Fazit<\/h3>\n\n\n\n<p>Alles in allem ist Instadebit eine komplett problemlose Zahlungsmethode, die es Spielern aus Kanada und vielen weiteren Teilen der Welt m\u00f6glich macht, Einzahlungen in einige der besten Online-Casinos vorzunehmen. Es fallen keine Geb\u00fchren an, die \u00dcberweisungen gehen schnell \u00fcber die B\u00fchne und s\u00e4mtliche finanziellen und pers\u00f6nlichen Daten sind gesch\u00fctzt. Instadebit bietet dir eine fantastische M\u00f6glichkeit, Online-Transaktionen vorzunehmen und ist so leicht zu nutzen, dass du sofort loslegen kannst.<\/p>\n\n\n\n<p>Nochmals zusammengefasst:<\/p>\n\n\n\n<ul class=\"wp-block-list\">\n<li>Die Nutzung von Instadebit ist komplett kostenlos und es ist die einzige Zahlungsmethode f\u00fcr Online-Casinos, bei der keine Geb\u00fchren anfallen<\/li>\n\n\n\n<li>Du kannst dein Instadebit-Konto sofort nach der Registrierung verwenden<\/li>\n\n\n\n<li>Die Registrierung ist ebenfalls kostenlos<\/li>\n\n\n\n<li>Du brauchst keine Kredit- oder Debitkarte, da Instadebit Zahlungen direkt aus deinem Bankkonto \u00fcberweist<\/li>\n\n\n\n<li>Du kannst deine vergangenen Transaktionen allesamt online einsehen<\/li>\n\n\n\n<li>Der freundliche und hilfsbereite Kundensupport ist die ganze Woche lang rund um die Uhr erreichbar<\/li>\n\n\n\n<li>H\u00e4ndler wie Online-Casinobetreiber, die Einzahlungen \u00fcber Instadebit akzeptieren, haben keinerlei Zugriff auf deine pers\u00f6nlichen Daten<\/li>\n\n\n\n<li>Das System ist komplett vertraulich<\/li>\n\n\n\n<li>Die Einrichtung eines Kontos und die \u00dcberweisung deiner Geldmittel dauert nur wenige Sekunden<\/li>\n\n\n\n<li>Du kannst nur das Geld verwenden, das du auch \u00fcberwiesen hast. Es gibt keine Dispositionskredite, wodurch du dein Budget so leicht wie noch nie managen kannst und deine Ausgaben stets im Blick beh\u00e4ltst.<\/li>\n\n\n\n<li>Es ist unm\u00f6glich, versehentlich zu viel Geld auszugeben.<\/li>\n<\/ul>\n\n\n\n<p>Instadebit ist damit ideal f\u00fcr Online-Spieler, die ihr Spiel-Budget fest im Griff haben m\u00f6chten. Dieses E-Wallet hat sich einen hervorragenden Ruf erarbeiten k\u00f6nnen, weil du nur wenige Daten angeben musst und es damit sicherstellt, dass deine Sicherheit niemals gef\u00e4hrdet ist.<\/p>\n\n\n\n<p>Wenn Instadebit als Casino-Zahlungsmethode f\u00fcr dich infrage kommt, w\u00e4re jetzt also der perfekte Zeitpunkt, es mal auszuprobieren!<\/p>\n","protected":false},"excerpt":{"rendered":"<p>Fr\u00fcher konnte man mit Instadebit nur in Kanada Online-Zahlungen vornehmen. Mittlerweile hat sich der Zahlungsdienstleister jedoch in \u00fcber 32 L\u00e4nder ausgebreitet und z\u00e4hlt zu den bevorzugtesten Zahlungsl\u00f6sungen f\u00fcr Online-Casinos, was unter anderem seiner Flexibilit\u00e4t, dem hohen Komfort und den geringen Kosten geschuldet ist. Die Registrierung erfolgt in nur zwei Schritten und Geb\u00fchren fallen auch keine [&hellip;]<\/p>\n","protected":false},"author":7,"featured_media":637,"parent":174,"menu_order":0,"comment_status":"closed","ping_status":"closed","template":"","meta":{"_acf_changed":false,"footnotes":""},"class_list":["post-636","page","type-page","status-publish","has-post-thumbnail","hentry"],"acf":[],"_links":{"self":[{"href":"https:\/\/www.minimumdepositcasinos.org\/de\/wp-json\/wp\/v2\/pages\/636","targetHints":{"allow":["GET"]}}],"collection":[{"href":"https:\/\/www.minimumdepositcasinos.org\/de\/wp-json\/wp\/v2\/pages"}],"about":[{"href":"https:\/\/www.minimumdepositcasinos.org\/de\/wp-json\/wp\/v2\/types\/page"}],"author":[{"embeddable":true,"href":"https:\/\/www.minimumdepositcasinos.org\/de\/wp-json\/wp\/v2\/users\/7"}],"replies":[{"embeddable":true,"href":"https:\/\/www.minimumdepositcasinos.org\/de\/wp-json\/wp\/v2\/comments?post=636"}],"version-history":[{"count":6,"href":"https:\/\/www.minimumdepositcasinos.org\/de\/wp-json\/wp\/v2\/pages\/636\/revisions"}],"predecessor-version":[{"id":18496,"href":"https:\/\/www.minimumdepositcasinos.org\/de\/wp-json\/wp\/v2\/pages\/636\/revisions\/18496"}],"up":[{"embeddable":true,"href":"https:\/\/www.minimumdepositcasinos.org\/de\/wp-json\/wp\/v2\/pages\/174"}],"wp:featuredmedia":[{"embeddable":true,"href":"https:\/\/www.minimumdepositcasinos.org\/de\/wp-json\/wp\/v2\/media\/637"}],"wp:attachment":[{"href":"https:\/\/www.minimumdepositcasinos.org\/de\/wp-json\/wp\/v2\/media?parent=636"}],"curies":[{"name":"wp","href":"https:\/\/api.w.org\/{rel}","templated":true}]}}