{"id":65,"date":"2018-09-17T11:07:35","date_gmt":"2018-09-17T11:07:35","guid":{"rendered":"https:\/\/www.minimumdepositcasinos.org\/de\/?page_id=65"},"modified":"2025-08-12T07:42:16","modified_gmt":"2025-08-12T07:42:16","slug":"android","status":"publish","type":"page","link":"https:\/\/www.minimumdepositcasinos.org\/de\/mobile-spielbanken\/android\/","title":{"rendered":"Android"},"content":{"rendered":"<div class=\"wp-block-image\">\n<figure class=\"alignright is-resized\"><a class=\"dt-pswp-item\" href=\"\/de\/wp-content\/uploads\/2018\/09\/Android.jpg\"><img decoding=\"async\" width=\"640\" height=\"400\" src=\"\/de\/wp-content\/uploads\/2018\/09\/Android.jpg\" alt=\"Android\" class=\"wp-image-66\" style=\"width:250px\" srcset=\"https:\/\/www.minimumdepositcasinos.org\/de\/wp-content\/uploads\/2018\/09\/Android.jpg 640w, https:\/\/www.minimumdepositcasinos.org\/de\/wp-content\/uploads\/2018\/09\/Android-300x188.jpg 300w\" sizes=\"(max-width: 640px) 100vw, 640px\" \/><\/a><\/figure><\/div>\n\n\n<p>Android-Handys Benutzer neigen dazu, treue Kunden zu sein, weil sie st\u00e4ndig Software-Upgrades erhalten und die schlanke und ausgefeilte Benutzeroberfl\u00e4che des Ger\u00e4ts. Jetzt gibt es noch mehr zu lieben \u00fcber das Android-Handy, da es innovative Upgrades und die Option, um echtes Geld zu spielen Android <a href=\"\/de\/\" target=\"_self\" rel=\"noopener noreferrer\">Minimum Deposit Casinos online<\/a>. Zu diesem k\u00f6stlichen Angebot w\u00fcrden wir nicht nein sagen.<br>Android-Benutzer lieben die Vielseitigkeit, die sie von Android OS erhalten, weil Sie nicht nur auf einen Typ von iDevice beschr\u00e4nkt sind. Sie k\u00f6nnen aus einer Vielzahl von Smartphone-Modellen, -Formen und -Gr\u00f6\u00dfen w\u00e4hlen, auf denen Android-Software l\u00e4uft. Ob Ihr Handy der Wahl ist ein Samsung, HTC, LG oder ein anderes Modell, Sie sind nicht auf ein Design beschr\u00e4nkt. Deshalb glauben wir, dass Sie die Android-Optionen f\u00fcr Online-Gl\u00fccksspiele lieben werden.<\/p>\n\n\n\n<p>Zum ersten Mal Spieler, <a href=\"\/de\/gerate\/\" target=\"_self\" rel=\"noopener noreferrer\">die beliebte Ger\u00e4te wie das Sony Xperia, Samsung Galaxy, oder LG G5 haben, k\u00f6nnen die Wahl eines Android-Casino-App eine verwirrende Aufgabe finden<\/a>. Wenn Sie ein Android Mobile <a href=\"\/de\/spiele\/\" target=\"_self\" rel=\"noopener noreferrer\">Casino spielen<\/a> oder eine Casino-App herunterladen m\u00f6chten, um echtes Geld zu gewinnen, haben wir alle Details, die Sie brauchen, um eine fundierte Entscheidung zu treffen.<\/p>\n\n\n\n<p>Es gibt immer so viele neue Angebote, dass es keinen Mangel an Android Mobile Casinos zur Auswahl gibt. Werfen Sie einen Blick auf unsere Liste der mobilen Casinos mit den niedrigsten Mindesteinzahlungslimits f\u00fcr Android-Nutzer.<\/p>\n\n\n\n<h2 class=\"wp-block-heading\" id=\"h-android-mindesteinzahlungs-casinos\">Android Mindesteinzahlungs-Casinos?<\/h2>\n\n\n\n<p>Alle von uns empfohlenen Casinos verf\u00fcgen \u00fcber mobile Versionen, die sich an die Gr\u00f6\u00dfe Ihres Bildschirms anpassen. Einige dieser Casinos akzeptieren Einzahlungen schon ab \u20ac1.00. Andere haben eine Mindesteinlage von \u20ac5.00 oder \u20ac10.00. Die unteren Einzahlungslimits k\u00f6nnen nur f\u00fcr bestimmte Zahlungsabwickler gelten. Die Mehrheit der Online-Casinos akzeptiert jedoch sehr niedrige Einzahlungsbetr\u00e4ge von Spielern, die Methoden wie Paysafecard verwenden.<\/p>\n\n\n\n<p>Die ziemlich neue Bewegung durch Google, zum des realen Geldes Kasinos und der spielenden Anwendungen vom Google Spielspeicher zu l\u00f6schen kann viele Android Kasinospieler aufgefordert haben, um zu Apple zu str\u00f6men. Ihre Politik gegen\u00fcber dem Online-Gl\u00fccksspiel ist viel nachsichtiger und sie erlauben Gl\u00fccksspiel-Apps in ihrem App-Store. Es gibt jedoch immer noch M\u00f6glichkeiten, Echtgeld-Casino-Apps auf Android herunterzuladen.<\/p>\n\n\n\n<h3 class=\"wp-block-heading\" id=\"h-wie-lade-ich-android-casino-apps-herunter\">Wie Lade Ich Android Casino Apps Herunter?<\/h3>\n\n\n\n<p>Eine Casino-App ist ein kleines Programm, das Sie auf Ihrem mobilen Ger\u00e4t installieren, um direkt von Ihrem Tablett oder Handy aus auf Casino-Spiele zugreifen zu k\u00f6nnen. Bevor wir Ihnen den Vorgang erkl\u00e4ren, m\u00fcssen Sie Ihre Sicherheitseinstellungen \u00f6ffnen, um den Downloadvorgang zu starten. Rufen Sie diese unter Einstellungen auf, klicken Sie auf Sicherheit und dann auf unbekannte Quellen. W\u00e4hlen Sie &#8220;erlauben&#8221; und &#8220;OK&#8221;. Ihr Ger\u00e4t ist nun f\u00fcr den Download von Apps von Drittanbietern au\u00dferhalb des Google Play Stores ge\u00f6ffnet.<\/p>\n\n\n\n<p>Obgleich es Tonnen von verschiedenen Anwendungen gibt, die in Google Play hochgeladen werden, die der Online-Gaming-Industrie gerecht werden, beinhalten diese leider keine Echtgeldspiele, da dies gegen Goggle&#8217;s Richtlinien verst\u00f6\u00dft. Aber Online-Gl\u00fccksspieler k\u00f6nnen immer noch direkt \u00fcber ihren Browser spielen oder Apps von Drittanbietern au\u00dferhalb von Google Play herunterladen, wie bereits erw\u00e4hnt.<\/p>\n\n\n\n<h3 class=\"wp-block-heading\" id=\"h-ist-die-mobile-casino-app-die-gleiche-wie-das-online-casino\">Ist die mobile casino-app die gleiche wie das online-casino?<\/h3>\n\n\n\n<p>Online Casinos werden versuchen, die gleiche Benutzererfahrung aufrechtzuerhalten, wenn sie von der Casino-App oder von Ihrem Browser aus spielen. Dies bedeutet, dass viele der Online-Casinos ein kleineres Spielangebot haben werden, wenn sie ihre Casino-App nutzen. Es gibt immer noch eine gro\u00dfe Auswahl an Spielautomaten und Jackpot-Spielen. Und nat\u00fcrlich der zus\u00e4tzliche Komfort f\u00fcr unterwegs!<\/p>\n\n\n\n<h3 class=\"wp-block-heading\" id=\"h-gibt-es-einen-unterschied-zwischen-einem-mobilen-casino-und-der-casino-app\">Gibt es einen unterschied zwischen einem mobilen casino und der casino-app?<\/h3>\n\n\n\n<p>Sowohl Kasinoanwendungen als auch mobile Kasinoseiten sind speziell f\u00fcr das Spielen von Ihrem Smartphone oder einem Tablett konzipiert. Das bedeutet, dass alle Grafiken, Texte und Spiele auf das Format eines kleinen Bildschirms angepasst wurden. Der offensichtlichste Unterschied ist, dass die Casino-Anwendung auf Ihr mobiles Ger\u00e4t heruntergeladen werden muss, w\u00e4hrend die mobile Website direkt \u00fcber Ihren Browser aufgerufen werden kann, so dass kein Download erforderlich ist.<\/p>\n\n\n\n<p>Viele seri\u00f6se Online-Casinos bieten sowohl eine mobile Seite als auch eine Android-Applikation an; andere Casinos k\u00f6nnen nur das eine oder andere haben. Ein mobiles Casino kann auf jedem Betriebssystem wie dem Android- oder iOS-Ger\u00e4t gleicherma\u00dfen gut spielen, w\u00e4hrend eine App f\u00fcr ein Betriebssystem spezifisch ist. Beides sollte gut funktionieren, wenn die allgemeine Navigation und das Gameplay richtig gestaltet sind. Sie k\u00f6nnen auch in den Zahlungsm\u00f6glichkeiten eingeschr\u00e4nkt sein.<\/p>\n\n\n\n<h3 class=\"wp-block-heading\" id=\"h-welche-spiele-kann-ich-auf-meinem-android-spielen\">Welche spiele kann ich auf meinem android spielen?<\/h3>\n\n\n\n<p>Wenn sie ihre lieblingsspiele auf ihrem android spielen, werden sie sehen, dass der android ihnen so ziemlich das gleiche erlebnis bietet wie auf ihrem desktop. <a href=\"\/de\/roulette\/\" target=\"_self\" rel=\"noopener noreferrer\">roulette<\/a>, baccarat, <a href=\"\/de\/spiele\/blackjack\/\">blackjack<\/a>, slots, <a href=\"\/de\/poker\/\" target=\"_self\" rel=\"noopener noreferrer\">poker und video poker<\/a>, sind alle auf ihrem samsung galaxy, note, oder anderen android mobile casino anwendungen verf\u00fcgbar.<\/p>\n\n\n\n<h4 class=\"wp-block-heading\" id=\"h-wie-hoch-ist-die-mindesteinlage-fur-android-casinos\">Wie hoch ist die mindesteinlage f\u00fcr android-casinos?<\/h4>\n\n\n\n<p>Viele online casinos bieten mindesteinzahlungen von nur \u20ac1.00 von ihrem android handy an. die mehrheit der mobilen casinoversionen verf\u00fcgt \u00fcber alle verf\u00fcgbaren zahlungsmethoden, um mindesteinzahlungen zu t\u00e4tigen. online casinos haben sowohl eine kostenlose spielversion auf ihrer app als auch eine mobile version. dies nimmt den druck, die notwendigkeit einer einzahlung zu sp\u00fcren. so k\u00f6nnen sie spiele ausprobieren und sehen, bei welchen sie echtes geld spielen m\u00f6chten.<\/p>\n\n\n\n<h4 class=\"wp-block-heading\" id=\"h-erhalte-ich-noch-meinen-willkommensbonus-wenn-ich-auf-meinem-android-spiele\">Erhalte ich noch meinen willkommensbonus, wenn ich auf meinem android spiele?<\/h4>\n\n\n\n<p>Ein casino, das keinen willkommensbonus bietet, muss neu bewerten, wie es neue kunden gewinnen kann. dies liegt daran, dass fast jedes online-casino einen willkommensbonus f\u00fcr neue spieler mit vielen speziellen boni f\u00fcr mobile android-spieler bietet.<\/p>\n\n\n\n<h4 class=\"wp-block-heading\" id=\"h-kann-ich-auf-dasselbe-casino-konto-zugreifen-das-sich-auf-meinem-computer-befindet\">Kann ich auf dasselbe casino-konto zugreifen, das sich auf meinem computer befindet?<\/h4>\n\n\n\n<p>Ja, sie k\u00f6nnen auf ihr konto sowohl \u00fcber ihr android-handy oder -tablett als auch \u00fcber ihren computer zugreifen. ihr guthaben wird auch in abh\u00e4ngigkeit von ihren gewinnen oder verlusten aktualisiert.<\/p>\n\n\n\n<h4 class=\"wp-block-heading\" id=\"h-sind-meine-personlichen-bankdaten-sicher\">Sind meine pers\u00f6nlichen bankdaten sicher?<\/h4>\n\n\n\n<p>Ihre sicherheit ist f\u00fcr die von uns ausgew\u00e4hlten online-casinos von gr\u00f6sste bedeutung und wir empfehlen kein online-casino mit fragw\u00fcrdiger oder unzuverl\u00e4ssiger sicherheit. ein wichtiger teil unserer reviews sind untersuchungen zur sicherheit von android-casino-applikationen mit echtem geld. viele online android casinos werden sie nach pers\u00f6nlichen informationen fragen, wenn sie spielen, um echtes geld zu gewinnen. wir stellen sicher, dass sie modernste sicherheitsfunktionen verwenden, um ihre pers\u00f6nlichen und privaten daten zu sch\u00fctzen.<\/p>\n","protected":false},"excerpt":{"rendered":"<p>Android-Handys Benutzer neigen dazu, treue Kunden zu sein, weil sie st\u00e4ndig Software-Upgrades erhalten und die schlanke und ausgefeilte Benutzeroberfl\u00e4che des Ger\u00e4ts. Jetzt gibt es noch mehr zu lieben \u00fcber das Android-Handy, da es innovative Upgrades und die Option, um echtes Geld zu spielen Android Minimum Deposit Casinos online. Zu diesem k\u00f6stlichen Angebot w\u00fcrden wir nicht [&hellip;]<\/p>\n","protected":false},"author":1,"featured_media":66,"parent":13095,"menu_order":0,"comment_status":"closed","ping_status":"closed","template":"","meta":{"_acf_changed":false,"footnotes":""},"class_list":["post-65","page","type-page","status-publish","has-post-thumbnail","hentry"],"acf":[],"_links":{"self":[{"href":"https:\/\/www.minimumdepositcasinos.org\/de\/wp-json\/wp\/v2\/pages\/65","targetHints":{"allow":["GET"]}}],"collection":[{"href":"https:\/\/www.minimumdepositcasinos.org\/de\/wp-json\/wp\/v2\/pages"}],"about":[{"href":"https:\/\/www.minimumdepositcasinos.org\/de\/wp-json\/wp\/v2\/types\/page"}],"author":[{"embeddable":true,"href":"https:\/\/www.minimumdepositcasinos.org\/de\/wp-json\/wp\/v2\/users\/1"}],"replies":[{"embeddable":true,"href":"https:\/\/www.minimumdepositcasinos.org\/de\/wp-json\/wp\/v2\/comments?post=65"}],"version-history":[{"count":7,"href":"https:\/\/www.minimumdepositcasinos.org\/de\/wp-json\/wp\/v2\/pages\/65\/revisions"}],"predecessor-version":[{"id":18111,"href":"https:\/\/www.minimumdepositcasinos.org\/de\/wp-json\/wp\/v2\/pages\/65\/revisions\/18111"}],"up":[{"embeddable":true,"href":"https:\/\/www.minimumdepositcasinos.org\/de\/wp-json\/wp\/v2\/pages\/13095"}],"wp:featuredmedia":[{"embeddable":true,"href":"https:\/\/www.minimumdepositcasinos.org\/de\/wp-json\/wp\/v2\/media\/66"}],"wp:attachment":[{"href":"https:\/\/www.minimumdepositcasinos.org\/de\/wp-json\/wp\/v2\/media?parent=65"}],"curies":[{"name":"wp","href":"https:\/\/api.w.org\/{rel}","templated":true}]}}