{"id":668,"date":"2018-11-28T17:00:11","date_gmt":"2018-11-28T17:00:11","guid":{"rendered":"https:\/\/www.minimumdepositcasinos.org\/de\/?page_id=668"},"modified":"2020-05-05T10:38:48","modified_gmt":"2020-05-05T10:38:48","slug":"10-gratis","status":"publish","type":"page","link":"https:\/\/www.minimumdepositcasinos.org\/de\/kein-einzahlungsbonus\/10-gratis\/","title":{"rendered":"10 Free No Deposit Bonus"},"content":{"rendered":"<h1>10 ilmaista talletuksetonta bonusta<\/h1>\n<p>Mahdollisuus voittaa ilmaista pelirahaa on mahdollista t\u00e4llaisten <a href=\"https:\/\/www.minimumdepositcasinos.org\/de\/\">nettikasinoiden<\/a> 10 ilmaisen talletuksettoman bonuksen ansiosta. Monilla arvostelemillamme ja suosittelemillamme kasinoilla on arvostetut lisenssit. T\u00e4m\u00e4 tarkoittaa, ett\u00e4 voit helposti hy\u00f6dynt\u00e4\u00e4 ilmaisen 10 euroa tilillesi ilman omien rahojen vaarantamista, mutta silti voit nauttia mahdollisuudesta voittaa oikeaa rahaa.<\/p>\n<p>10 ilmaista talletuksetonta bonusta, jonka kasino my\u00f6nt\u00e4\u00e4 sinulle ilman talletuksen tekemist\u00e4, saattaa kuulostaa liian hyv\u00e4lt\u00e4 ollakseen totta, mutta n\u00e4it\u00e4 tarjouksia on todella olemassa, ja voit l\u00f6yt\u00e4\u00e4 ne suoraan sivustoltamme.<\/p>\n<h3>Mit\u00e4 10 ilmaista talletuksetonta bonusta ovat?<\/h3>\n<p>Monet nettikasinot tarjoavat uusille pelaajille upean bonuksen rekister\u00f6itymisen yhteydess\u00e4. Heti kun avaat uuden pelitilisi, saat 10 euroa, jonka voit k\u00e4ytt\u00e4\u00e4 tiettyjen <a href=\"https:\/\/www.minimumdepositcasinos.org\/de\/2018\/10\/15\/warum-online-spieler-retro-spiele-lieben\/\">kasinopelien pelaamiseen<\/a>. Vaikka et voi kotiuttaa bonusrahaa v\u00e4litt\u00f6m\u00e4sti (t\u00e4m\u00e4 on enemm\u00e4nkin tapa tutustua kasinoon ilman omien rahojen k\u00e4ytt\u00e4mist\u00e4), voit voittaa oikeaa rahaa, usein kolikkopeleist\u00e4.<\/p>\n<p>10 ilmaisen talletuksettoman bonuksen avulla voit pelata uhkapelej\u00e4 ilmaiseksi ja silti saada mahdollisuuden voittaa rahaa. L\u00f6yd\u00e4t t\u00e4lt\u00e4 sivulta nettikasinoita, jotka tarjoavat t\u00e4llaisia bonuksia. Huomioi kuitenkin, ett\u00e4 kaikki tarjoukset ovat voimassa rajallisen ajan, joten \u00e4l\u00e4 odota liian pitk\u00e4\u00e4n ilmaisten 10 euron lunastamista! Muista my\u00f6s pit\u00e4\u00e4 silm\u00e4ll\u00e4 viimeisimpi\u00e4 bonusuutisiamme, jotta et j\u00e4\u00e4 paitsi loistavista tarjouksista ja mahdollisuudesta voittaa oikeaa rahaa ilmaisella pelirahalla.<\/p>\n<p>Monet pelaajat pit\u00e4v\u00e4t 10 euron talletuksetonta bonusta suurena rahasummana, ja sellaiset nettikasinot ovat harvassa, jotka tarjoavat t\u00e4llaisia bonuksia uusille pelaajille. Niit\u00e4 on kuitenkin olemassa, ja voit hy\u00f6dynt\u00e4\u00e4 ne t\u00e4ysin, mik\u00e4li luet ja hyv\u00e4ksyt kasinon t\u00e4rke\u00e4t k\u00e4ytt\u00f6ehdot ja kierr\u00e4tysvaatimukset.<\/p>\n<p>Ilmaiset 10 euroa on todellakin jotain, josta kannattaa innostua rekister\u00f6ityess\u00e4si nettikasinolle. Mik\u00e4 parasta, t\u00e4llaista bonusta voi k\u00e4ytt\u00e4\u00e4 moniin peleihin, joten voit k\u00e4ytt\u00e4\u00e4 sit\u00e4 tutustuaksesi kolikkopeliin, jota olet aina halunnut kokeilla, tai kokeillaksesi onneasi kortti- <a href=\"https:\/\/www.minimumdepositcasinos.org\/de\/spiele\/poker\/\">tai p\u00f6yt\u00e4peliss\u00e4!<\/a><\/p>\n<h3>Voiko 10 ilmaista talletuksetonta bonusta kotiuttaa nopeasti?<\/h3>\n<p>Tietenkin! Jos voitat bonuskierroksillasi jotain, saat pit\u00e4\u00e4 voittosi, mik\u00e4li t\u00e4yt\u00e4t kasinon tietyt kierr\u00e4tysvaatimukset. 10 ilmaista talletuksetonta bonusta on ehdottomasti t\u00e4ydellinen tarjous, mik\u00e4li haluat kokeilla uutta <a href=\"https:\/\/www.minimumdepositcasinos.org\/de\/2018\/09\/20\/die-besten-grunde-warum-sie-an-online-spielmaschinen-spielen-sollten\/\">nettikasinoa ja uusia pelej\u00e4<\/a>, joihin et v\u00e4ltt\u00e4m\u00e4tt\u00e4 halua k\u00e4ytt\u00e4\u00e4 omia rahojasi. T\u00e4ll\u00f6in sinulla on mahdollisuus kokeilla kasinopelej\u00e4 oikealla rahalla ja voittaa oikeita voittoja, ilman omien rahojen vaarantamista.<\/p>\n<p>Yleisesti t\u00e4llaisten talletuksettomien bonusten kierr\u00e4tysvaatimukset vaihtelevat kasinoittain, joten sinun tulee ehdottomasti tutustua kunkin kasinon k\u00e4ytt\u00f6ehtoihin.<\/p>\n<p>Lis\u00e4ksi useimmat nettikasinot m\u00e4\u00e4ritt\u00e4v\u00e4t voittojen enimm\u00e4ism\u00e4\u00e4r\u00e4n, mik\u00e4 voi olla mit\u00e4 tahansa 10 eurosta 100 euroon, joten sinun pelata loput nettikasinolla. Jos olet kuitenkin tarpeeksi onnekas ja voitat esimerkiksi 100 euroa, voit pit\u00e4\u00e4 koko potin!<\/p>\n<h3>Miten ilmaisia talletuksettomia bonuksia voi k\u00e4ytt\u00e4\u00e4 nettikasinoilla<\/h3>\n<p>Kuten varmaan tied\u00e4tkin, monet nettikasinot tarjoavat uusille pelaajille 10 ilmaista talletuksetonta bonusta. Lunastaaksesi bonuksen, sinun tulee vain rekister\u00f6id\u00e4 uusi oikean rahan pelitili tietylle nettikasinolle. Olet oikeutettu bonukseen ainoastaan, jos et ole viel\u00e4 tehnyt talletusta uudelle pelitilillesi. Bonus, t\u00e4ss\u00e4 tapauksessa 10\u20ac, on k\u00e4ytett\u00e4viss\u00e4si kaikkiin kasinon peleihin tai sitten vain muutamiin kasinon valitsemiin peleihin. Kotiuttaaksesi bonuksen avulla voittamasi voitot, sinun tulee t\u00e4ytt\u00e4\u00e4 nettikasinon asettamat kierr\u00e4tysvaatimukset. Usein ilmaisia talletuksettomia bonuksia tarjotaan my\u00f6s ilmaispy\u00f6r\u00e4ytysten muodossa, esimerkiksi 10 ilmaispy\u00f6r\u00e4ytyst\u00e4 tiettyihin kolikkopeleihin. Kasino voi my\u00f6s tarjota tietyn rahasumman, joka sinun tulee k\u00e4ytt\u00e4\u00e4 tietyss\u00e4 ajassa. Kuten tavallisesti, voit pit\u00e4\u00e4 voittosi tiettyyn enimm\u00e4issummaan asti.<\/p>\n<h3>Kolikkopelien pelaaminen ilmaiseksi nettikasinoilla<\/h3>\n<p>Valitsemasi nettikasino tarjoaa 10 ilmaista talletuksetonta bonusta ilmaisena lahjana, ja se antaa sinulle mahdollisuuden pelata pelej\u00e4 ilmaiseksi, mutta voittaa oikeaa rahaa ilman omien rahojen vaarantamista. Tarvitset loppujen lopuksi vain muutaman euron p\u00e4\u00e4tt\u00e4\u00e4ksesi, pid\u00e4tk\u00f6 kyseisest\u00e4 nettikasinosta. Jos kyseinen sivusto ei ole sinua varten, voit helposti siirty\u00e4 seuraavalle, etk\u00e4 menet\u00e4 sentti\u00e4k\u00e4\u00e4n \u2013 olet saattanut jopa voittaakin jotain. Mutta jos pid\u00e4t kasinosta, voit aloittaa talletuksien tekemisen, ja lis\u00e4ksi hy\u00f6ty\u00e4 kasinon tarjoamista anteliaista tervetuliaisbonuksista ja ilmaispy\u00f6r\u00e4ytyksist\u00e4. Jos haluat kokeilla viihteen uusimpia muotoja, muista palata takaisin s\u00e4\u00e4nn\u00f6llisesti tarkistamaan talletuksettomien bonusten p\u00e4ivitetty lista.<\/p>\n<h3>Ilmaisten talletuksettomien bonusten tarjoamat hy\u00f6dyt<\/h3>\n<p>10 ilmaista talletuksetonta bonusta tarjoaa mukanaan lukemattomia etuja. Suurin on tietenkin t\u00e4ydellinen mahdollisuus pelata kasinolla oikealla rahalla ilman oman pelikassan k\u00e4ytt\u00e4mist\u00e4. Omien kovalla ty\u00f6ll\u00e4 ansaittujen rahojen sijasta voit kokeilla nettikasinoa ja sen pelivalikoimaa t\u00e4ysin ilmaiseksi. Joten kun olet valinnut nettikasinon, jolla haluat jatkaa pelaamista, sinulla on koko pelikassasi k\u00e4ytett\u00e4viss\u00e4si.<\/p>\n<p>Nettikasino antaa sinulle usein mahdollisuuden siirty\u00e4 yhdest\u00e4 pelist\u00e4 toiseen, tai sitten he voivat rajoittaa ilmaisen bonuksen k\u00e4ytt\u00e4mist\u00e4 tiettyihin peleihin. T\u00e4ll\u00e4 he toivovat sinun p\u00e4\u00e4sev\u00e4n voittoputkeen ja haluavan jatkaa pelaamista \u2013 ja tallettamista \u2013 kasinolla. Kun teet talletuksen ja t\u00e4yt\u00e4t bonuksen kierr\u00e4tysvaatimukset, voit kotiuttaa ilmaiskierrosten avulla voittamasi voitot. Jos kasino tarjoaa uusille pelaajille ilmaispy\u00f6r\u00e4ytyksi\u00e4, ne voidaan rajata k\u00e4ytett\u00e4v\u00e4ksi vain tiettyihin kolikkopeleihin, mutta se on kuitenkin hyv\u00e4 tapa tutustua nettikasinoon ja kokeilla oikean rahan voittamista ilman omien rahojen vaarantamista.<\/p>\n<h3>Talletuksettoman kasinon valitseminen<\/h3>\n<p>Lukuisat huippukasinot tarjoavat uusille pelaajille 10 ilmaista talletuksetonta bonusta. On t\u00e4rke\u00e4\u00e4 varmistaa, ett\u00e4 nettikasino, jolle haluat rekister\u00f6ity\u00e4, on lisensioitu ja s\u00e4\u00e4nnelty ennen rekister\u00f6itymist\u00e4. Sen tulisi my\u00f6s tarjota avuliaan ja nopean tuen, turvalliset ja varmat pankkitoiminnot sek\u00e4 riitt\u00e4v\u00e4sti mieltymystesi mukaisia pelej\u00e4. Kotiuttaaksesi kasinoiden talletuksettomien bonusten avulla voittamasi voitot, muista tehd\u00e4 talletus ja t\u00e4ytt\u00e4\u00e4 kierr\u00e4tysvaatimukset. Joten sinun t\u00e4ytyy k\u00e4ytt\u00e4\u00e4 kaikkia kasinon palveluja ja toimintoja hy\u00f6dynt\u00e4\u00e4ksesi bonuksen. On my\u00f6s t\u00e4rke\u00e4\u00e4 varmistaa, ett\u00e4 kasino tarjoaa monipuolisen valikoiman pelej\u00e4, sill\u00e4 t\u00e4m\u00e4 tekee kierr\u00e4tysvaatimusten t\u00e4ytt\u00e4misest\u00e4 paljon helpompaa. Kun olet k\u00e4ytt\u00e4nyt talletuksettoman tarjouksesi, voit tehd\u00e4 talletuksen sek\u00e4 hy\u00f6dynt\u00e4\u00e4 nettikasinon tarjoamat tervetuliaisbonuksen ja ilmaispy\u00f6r\u00e4ytykset.<\/p>\n<h3>Talletuksettomia bonuksia koskevat usein kysytyt kysymykset<\/h3>\n<h4>Kuka voi lunastaa 10 ilmaista talletuksetonta bonusta?<\/h4>\n<p>Yleens\u00e4 kaikki nettikasinolle rekister\u00f6ityv\u00e4t uudet pelaajat voivat p\u00e4\u00e4st\u00e4 k\u00e4siksi ilmaiseen talletuksettomaan bonukseen, mik\u00e4 tulee lunastaa ennen kuin teet kasinolle ensimm\u00e4isen talletuksen oikealla rahalla.<\/p>\n<h4>Onko talletuksettomilla kasinoilla turvallista pelata?<\/h4>\n<p>Mik\u00e4li kasino, jolla haluat pelata, on lisensioitu ja s\u00e4\u00e4nnelty, kasinon talletuksettoman bonuksen hy\u00f6dynt\u00e4minen on t\u00e4ysin turvallista. Suosittelemme valitsemaan meid\u00e4n arvostelemamme ja suosittelemamme nettikasinon, sill\u00e4 olemme testanneet ne huolellisesti sek\u00e4 varmistaneet niiden turvallisen ja rehdin pelattavuuden.<\/p>\n<h4>Mit\u00e4 pelej\u00e4 10 ilmaisella talletuksettomalla bonuksella voi pelata?<\/h4>\n<p>T\u00e4m\u00e4 kaikki riippuu kasinon tarjoaman talletuksettoman bonuksen tyypist\u00e4. Jos bonus on tarjottu sinulle ilmaisen pelirahan muodossa, voit yleens\u00e4 pelata kaikkia kasinon pelej\u00e4. Jos bonus kuitenkin tarjotaan talletuksettomien ilmaispy\u00f6r\u00e4ytysten muodossa, sinun tulee todenn\u00e4k\u00f6isesti pit\u00e4yty\u00e4 tietyiss\u00e4 kolikkopeleiss\u00e4.<\/p>\n<h4>Miten ilmaisen pelirahan voi muuttaa oikeaksi rahaksi?<\/h4>\n<p>Jos haluat muuttaa talletuksettoman bonuksesi oikeaksi rahasi, sinun tulee t\u00e4ytt\u00e4\u00e4 kasinon kierr\u00e4tysvaatimukset. T\u00e4m\u00e4 bonus ei edellyt\u00e4 talletuksen tekemist\u00e4, mik\u00e4 tarkoittaa, ett\u00e4 voit odottaa suhteellisen korkeita kierr\u00e4tysvaatimuksia, jotka on yleens\u00e4 asetettu 60-, tai 100-kertaiseksi. T\u00e4m\u00e4 tarkoittaa, ett\u00e4 sinun tulee asettaa voittosummasi suuruisia panoksia oikealla rahalla 60 tai 100 kertaa. Useimmilla nettikasinoilla ainoastaan kolikkopeleihin asetetut panokset edist\u00e4v\u00e4t kierr\u00e4tysvaatimuksen t\u00e4yttymist\u00e4 100 %, joten jokainen panostamasi euro otetaan t\u00e4ss\u00e4 huomioon.<\/p>\n<h3>Lunasta talletukseton bonus t\u00e4n\u00e4\u00e4n<\/h3>\n<p>Kasinon talletuksettoman bonuksen k\u00e4ytt\u00e4minen on tietenkin loistava tapa kokeilla pelej\u00e4 ilman oman rahan k\u00e4ytt\u00e4mist\u00e4. Se eroaa harjoitustilassa tai ilmaisessa pelitilassa pelaamisesta, sill\u00e4 voit muuttaa ilmaiset voittosi oikeaksi rahaksi. Se ei v\u00e4ltt\u00e4m\u00e4tt\u00e4 ole helppoa, mutta se on ehdottomasti mahdollista.<\/p>\n<p>Top of Form<\/p>\n","protected":false},"excerpt":{"rendered":"<p>10 ilmaista talletuksetonta bonusta Mahdollisuus voittaa ilmaista pelirahaa on mahdollista t\u00e4llaisten nettikasinoiden 10 ilmaisen talletuksettoman bonuksen ansiosta. Monilla arvostelemillamme ja suosittelemillamme kasinoilla on arvostetut lisenssit. T\u00e4m\u00e4 tarkoittaa, ett\u00e4 voit helposti hy\u00f6dynt\u00e4\u00e4 ilmaisen 10 euroa tilillesi ilman omien rahojen vaarantamista, mutta silti voit nauttia mahdollisuudesta voittaa oikeaa rahaa. 10 ilmaista talletuksetonta bonusta, jonka kasino my\u00f6nt\u00e4\u00e4 sinulle [&hellip;]<\/p>\n","protected":false},"author":7,"featured_media":0,"parent":779,"menu_order":0,"comment_status":"closed","ping_status":"closed","template":"","meta":{"_acf_changed":false,"footnotes":""},"class_list":["post-668","page","type-page","status-publish","hentry"],"acf":[],"_links":{"self":[{"href":"https:\/\/www.minimumdepositcasinos.org\/de\/wp-json\/wp\/v2\/pages\/668","targetHints":{"allow":["GET"]}}],"collection":[{"href":"https:\/\/www.minimumdepositcasinos.org\/de\/wp-json\/wp\/v2\/pages"}],"about":[{"href":"https:\/\/www.minimumdepositcasinos.org\/de\/wp-json\/wp\/v2\/types\/page"}],"author":[{"embeddable":true,"href":"https:\/\/www.minimumdepositcasinos.org\/de\/wp-json\/wp\/v2\/users\/7"}],"replies":[{"embeddable":true,"href":"https:\/\/www.minimumdepositcasinos.org\/de\/wp-json\/wp\/v2\/comments?post=668"}],"version-history":[{"count":2,"href":"https:\/\/www.minimumdepositcasinos.org\/de\/wp-json\/wp\/v2\/pages\/668\/revisions"}],"predecessor-version":[{"id":670,"href":"https:\/\/www.minimumdepositcasinos.org\/de\/wp-json\/wp\/v2\/pages\/668\/revisions\/670"}],"up":[{"embeddable":true,"href":"https:\/\/www.minimumdepositcasinos.org\/de\/wp-json\/wp\/v2\/pages\/779"}],"wp:attachment":[{"href":"https:\/\/www.minimumdepositcasinos.org\/de\/wp-json\/wp\/v2\/media?parent=668"}],"curies":[{"name":"wp","href":"https:\/\/api.w.org\/{rel}","templated":true}]}}