{"id":68,"date":"2018-09-17T11:50:12","date_gmt":"2018-09-17T11:50:12","guid":{"rendered":"https:\/\/www.minimumdepositcasinos.org\/de\/?page_id=68"},"modified":"2026-03-26T12:49:41","modified_gmt":"2026-03-26T12:49:41","slug":"ipad","status":"publish","type":"page","link":"https:\/\/www.minimumdepositcasinos.org\/de\/mobile-spielbanken\/ipad\/","title":{"rendered":"iPad"},"content":{"rendered":"\n<p><\/p>\n\n\n<div class=\"wp-block-image\">\n<figure class=\"alignright is-resized\"><img decoding=\"async\" width=\"640\" height=\"425\" src=\"\/de\/wp-content\/uploads\/2018\/09\/iPad.jpg\" alt=\"iPad minimum deposit casinos\" class=\"wp-image-69\" style=\"width:400px\" srcset=\"https:\/\/www.minimumdepositcasinos.org\/de\/wp-content\/uploads\/2018\/09\/iPad.jpg 640w, https:\/\/www.minimumdepositcasinos.org\/de\/wp-content\/uploads\/2018\/09\/iPad-300x199.jpg 300w\" sizes=\"(max-width: 640px) 100vw, 640px\" \/><\/figure><\/div>\n\n\n<p>Als die Online-Casino-Branche zum ersten Mal boomte, bedeutete Online-Gl\u00fccksspiel, an Ihrem Desktop-PC zu sitzen. Kasinoindustrien waren gl\u00fccklich, Spielern mehr Wahrscheinlichkeiten zur Verf\u00fcgung zu stellen, reales Geld zu gewinnen, ohne den Komfort ihrer H\u00e4user zu lassen. Dies hat sich mit der Einf\u00fchrung und Entwicklung von mobilen Ger\u00e4ten und speziell iPad Online-Casinos ge\u00e4ndert. In der heutigen Welt dreht sich alles um Mobilit\u00e4t und sofortige Befriedigung. Die Menschen sind immer unterwegs<\/p>\n\n\n\n<p>Entwickler mussten ihr Spiel intensivieren und Kasinoanwendungen entwickeln und welches bessere Ger\u00e4t, um die besten Kasinospiele zu spielen, als Ihr iPad.<\/p>\n\n\n\n<p>Apple-Nutzer, die online auf Filme, Nachrichten oder Musikseiten zugreifen, wissen, dass iOS-basierte Ger\u00e4te erstklassige Benutzerfreundlichkeit und erstaunliche Rechenleistung bieten &#8211; und das alles mit einer cleveren Benutzeroberfl\u00e4che. Viele Onlinecasinos haben die iPhone Revolution eingeholt und Ihnen im Apple App Store hochmoderne Echtgeld-Apps zur Verf\u00fcgung gestellt. Jetzt k\u00f6nnen Sie Ihre Lieblings-Casino-Spiele spielen und echtes Geld gewinnen, w\u00e4hrend Sie einen Spaziergang machen oder in einer Warteschlange im Einkaufszentrum stehen. Wir haben eine Reihe von iPad Online-Casinos unter die Lupe genommen und bieten Ihnen nur das Beste an Online-Casino-Angeboten.<\/p>\n\n\n\n<p>Wir stellen immer wieder fest, dass der Google Play Store von Android keine Echtgeld-Gl\u00fccksspielanwendungen zul\u00e4sst. Jedoch ist Apple mit ihren Regelungen nachsichtiger und bietet iPad-Gl\u00fccksspielanwendungen an, mit denen Sie echtes Geld spielen k\u00f6nnen. Diese im iOS App Store gefundenen Gaming Apps sind in der Regel das Beste in der gesamten Online-Gl\u00fccksspiel-Community. Apple-Anwender erwarten von Apple-Anwendungen, dass sie qualitativ hochwertige Produkte pr\u00e4sentieren.<\/p>\n\n\n\n<p>Das Finden von iPad Online Casinos ist ganz einfach. Das Finden von iPad Online-Casinos macht jedoch nicht immer Spa\u00df oder ist die einfachste Aufgabe. Deshalb haben wir Ihnen diese m\u00fchsame Aufgabe abgenommen und pr\u00e4sentieren Ihnen unsere Liste der mobilen Casinos mit den niedrigsten Mindesteinzahlungslimits.<\/p>\n\n\n\n<h2 class=\"wp-block-heading\">Einzahlung des minimums bei ipad online casinos<\/h2>\n\n\n\n<p>Sie k\u00f6nnen aus unserer Liste der Mindesteinzahlungs-Casinos ersehen, dass Sie Zahlungen direkt von Ihrem iPad-Ger\u00e4t aus abwickeln k\u00f6nnen. Viele von ihnen akzeptieren Einzahlungen ab \u20ac1.00 in der W\u00e4hrung Ihrer Wahl. Andere k\u00f6nnen Mindesteinzahlungen von \u20ac5.00, \u20ac10.00 oder sogar \u20ac20.00 erfordern. Wenn Sie nach Zahlungsmethoden suchen, die sehr niedrige Mindesteinzahlungen erlauben, dann sind Sie hier richtig. Unsere empfohlenen Mindesteinzahlungs-Casinos bieten Zahlungsoptionen, die sehr niedrige Einzahlungsbetr\u00e4ge wie Paysafe Card oder sogar Neteller akzeptieren.<\/p>\n\n\n\n<p>Viele Online-Casinos bieten iPad-Casinos Anwendungen, die eine gro\u00dfe Auswahl an E-Wallet Banking-Methoden als gut. Auf diese Weise m\u00fcssen Sie niemals pers\u00f6nliche Finanzinformationen direkt an das Casino weitergeben. Sie k\u00f6nnen echtes Geld \u00fcber das E-Wallet auf Ihr Casinokonto laden. Sie k\u00f6nnen Ihre Gewinne in der Regel auf die gleiche Weise abheben. eWallets erm\u00f6glicht den sofortigen Zugriff auf Ihre bevorzugten Online Casinospiele sowie sofortige Abhebungen.<\/p>\n\n\n\n<p>Die glatte Oberfl\u00e4che des Ipad und die wundersch\u00f6ne HD-Grafik bieten Ihnen ein aufregendes und unterhaltsames Spielerlebnis. Vielleicht haben Sie noch ein paar Fragen und wir hoffen, dass wir sie hier f\u00fcr Sie beantwortet haben.<\/p>\n\n\n\n<h3 class=\"wp-block-heading\">FAQ\u2019S<\/h3>\n\n\n\n<h4 class=\"wp-block-heading\">Welche mindesteinzahlungsspiele kann ich auf meinem ipad spielen?<\/h4>\n\n\n\n<p>Abh\u00e4ngig vom Casino und dem verf\u00fcgbaren Mindesteinzahlungsbetrag stehen Ihnen fast alle Spiele zur Verf\u00fcgung. Die beliebtesten Spiele wie Roulette, Blackjack, Slots und Poker sollten auf Ihrem iPad verf\u00fcgbar sein.<\/p>\n\n\n\n<h4 class=\"wp-block-heading\">Kann ich spielen, ohne eine einzahlung auf mein ipad zu t\u00e4tigen?<\/h4>\n\n\n\n<p>Ja, das k\u00f6nnen Sie ganz sicher. Alle Online-Casinos bieten eine &#8220;free play&#8221;-Version ihrer Casinospiele an. Sie sind nicht verpflichtet, eine Echtgeld-Einzahlung auf ein Casino-Konto zu t\u00e4tigen. Haben Sie ein bisschen Spa\u00df und wenn Sie bereit sind, echtes Geld zu spielen, wechseln Sie einfach zu &#8220;real play&#8221;.<\/p>\n\n\n\n<h4 class=\"wp-block-heading\">Bekomme ich den gleichen willkommensbonus wie auf dem desktop?<\/h4>\n\n\n\n<p>Daran besteht kein Zweifel! Alle neuen Spieler, die sich zum ersten Mal bei einem Casino anmelden, erhalten einen Willkommensbonus.<\/p>\n\n\n\n<h4 class=\"wp-block-heading\">Kann ich das casinokonto benutzen, das ich auf meinem computer verwende?<\/h4>\n\n\n\n<p>Ja, nat\u00fcrlich. Loggen Sie sich einfach von der gleichen iPad-App, die Sie auch auf Ihrem Computer verwenden w\u00fcrden, in Ihr Casino-Konto ein.<\/p>\n\n\n\n<h4 class=\"wp-block-heading\">Kann ich auch auf meine kontodaten auf meinem iphone zugreifen?<\/h4>\n\n\n\n<p>Doch, das k\u00f6nnen Sie. Wenn Sie von Ihrem iPad aus auf die Casino-App zugreifen k\u00f6nnen, k\u00f6nnen Sie auch von Ihrem iPhone aus auf die App zugreifen. Nicht zu vergessen, dass Sie auch von Ihrem iPhone aus auf Ihr Casinokonto zugreifen k\u00f6nnen.<\/p>\n\n\n\n<p>WIE SICHER SIND MEINE PERS\u00d6NLICHEN UND PRIVATEN DATEN?<\/p>\n\n\n\n<p>Top, seri\u00f6se Casinos verf\u00fcgen \u00fcber Sicherheit auf dem neuesten Stand der Technik. Wir w\u00fcrden niemals eine Seite empfehlen, bei der die Sicherheit eines Spielers nicht an erster Stelle steht.<\/p>\n","protected":false},"excerpt":{"rendered":"<p>Als die Online-Casino-Branche zum ersten Mal boomte, bedeutete Online-Gl\u00fccksspiel, an Ihrem Desktop-PC zu sitzen. Kasinoindustrien waren gl\u00fccklich, Spielern mehr Wahrscheinlichkeiten zur Verf\u00fcgung zu stellen, reales Geld zu gewinnen, ohne den Komfort ihrer H\u00e4user zu lassen. Dies hat sich mit der Einf\u00fchrung und Entwicklung von mobilen Ger\u00e4ten und speziell iPad Online-Casinos ge\u00e4ndert. In der heutigen Welt [&hellip;]<\/p>\n","protected":false},"author":1,"featured_media":69,"parent":13095,"menu_order":0,"comment_status":"closed","ping_status":"closed","template":"","meta":{"_acf_changed":false,"footnotes":""},"class_list":["post-68","page","type-page","status-publish","has-post-thumbnail","hentry"],"acf":[],"_links":{"self":[{"href":"https:\/\/www.minimumdepositcasinos.org\/de\/wp-json\/wp\/v2\/pages\/68","targetHints":{"allow":["GET"]}}],"collection":[{"href":"https:\/\/www.minimumdepositcasinos.org\/de\/wp-json\/wp\/v2\/pages"}],"about":[{"href":"https:\/\/www.minimumdepositcasinos.org\/de\/wp-json\/wp\/v2\/types\/page"}],"author":[{"embeddable":true,"href":"https:\/\/www.minimumdepositcasinos.org\/de\/wp-json\/wp\/v2\/users\/1"}],"replies":[{"embeddable":true,"href":"https:\/\/www.minimumdepositcasinos.org\/de\/wp-json\/wp\/v2\/comments?post=68"}],"version-history":[{"count":5,"href":"https:\/\/www.minimumdepositcasinos.org\/de\/wp-json\/wp\/v2\/pages\/68\/revisions"}],"predecessor-version":[{"id":18583,"href":"https:\/\/www.minimumdepositcasinos.org\/de\/wp-json\/wp\/v2\/pages\/68\/revisions\/18583"}],"up":[{"embeddable":true,"href":"https:\/\/www.minimumdepositcasinos.org\/de\/wp-json\/wp\/v2\/pages\/13095"}],"wp:featuredmedia":[{"embeddable":true,"href":"https:\/\/www.minimumdepositcasinos.org\/de\/wp-json\/wp\/v2\/media\/69"}],"wp:attachment":[{"href":"https:\/\/www.minimumdepositcasinos.org\/de\/wp-json\/wp\/v2\/media?parent=68"}],"curies":[{"name":"wp","href":"https:\/\/api.w.org\/{rel}","templated":true}]}}