{"id":702,"date":"2018-11-29T17:20:31","date_gmt":"2018-11-29T17:20:31","guid":{"rendered":"https:\/\/www.minimumdepositcasinos.org\/de\/?page_id=702"},"modified":"2026-03-26T13:20:46","modified_gmt":"2026-03-26T13:20:46","slug":"microgaming-free-spins","status":"publish","type":"page","link":"https:\/\/www.minimumdepositcasinos.org\/de\/freespins\/microgaming-free-spins\/","title":{"rendered":"Microgaming gratis Spins"},"content":{"rendered":"<div class=\"wp-block-image\">\n<figure class=\"alignright\"><img decoding=\"async\" width=\"300\" height=\"300\" src=\"https:\/\/www.minimumdepositcasinos.org\/de\/wp-content\/uploads\/2018\/10\/microgaming-300x300.jpg\" alt=\"microgaming\" class=\"wp-image-210\" srcset=\"https:\/\/www.minimumdepositcasinos.org\/de\/wp-content\/uploads\/2018\/10\/microgaming-300x300.jpg 300w, https:\/\/www.minimumdepositcasinos.org\/de\/wp-content\/uploads\/2018\/10\/microgaming-300x300-150x150.jpg 150w\" sizes=\"(max-width: 300px) 100vw, 300px\" \/><\/figure><\/div>\n\n\n<p>Viele Online Slot Spieler m\u00f6gen Slots von <a href=\"https:\/\/www.minimumdepositcasinos.org\/de\/software\/microgaming\/\">Microgaming<\/a> besonders gerne. Man kann sicher sagen, dass der Hersteller im Bereich der Slots schon legend\u00e4r ist, denn es gibt erstklassige Titel und einen einzigartigen Touch bei attraktiven und besonders gut klingenden Spiele, die es gibt.<\/p>\n\n\n\n<p>Wenn die <a href=\"https:\/\/www.minimumdepositcasinos.org\/de\/software\/\">Entwicklung von Software<\/a> eine Kunst ist, dann ist Microgaming ein Meister. Es ist kein Geheimnis, dass Microgaming als Schwergewichte in der iGaming Welt bekannt sind. Der Grund warum der Hersteller so beliebt ist sind ihre Casino Boni bei der Anmeldung, Boni ohne Einzahlung und Microgaming gratis Spin.<\/p>\n\n\n\n<p>Wir k\u00f6nnen nachvollziehen warum und wie Microgaming einen solch guten Ruf bekommen hat. Die Firma entwickelte die allererste Online Casino Software im Jahr 1994. Seitdem haben Sie sich zu erfolgreichen Marktf\u00fchrern entwickelt. Heute gibt es hunderte von <a href=\"https:\/\/www.minimumdepositcasinos.org\/de\/\">Online Casinos<\/a> und viele Poker Rooms, die sich auf den Betrieb durch die Microgaming Software verlassen.<\/p>\n\n\n\n<p>Eine Gratis Spins ohne Einzahlung Software von diesem Anbieter wird in vielen Casinos aus aller Welt geboten. Spiele wie Bridesmaids und Thunderstruck k\u00f6nnen sowohl auf Desktop als auch auf mobilen Ger\u00e4ten gespielt werden. In diesen Spielen gibt es viele Zahllinien, die Ihre Chancen durchaus verbessern k\u00f6nnen. Einige Casinos bieten Microgaming gratis Spins bei Spielen wie Avalon II als Teil eines Treuebonus f\u00fcr Spieler.<\/p>\n\n\n\n<p>Lasst uns sehen was Microgaming gratis Spins f\u00fcr Sie tun k\u00f6nnen.<\/p>\n\n\n\n<h3 class=\"wp-block-heading\">\u00dcber die Microgaming Software<\/h3>\n\n\n\n<p>Microgaming ist ohne Frage ein Vorreiter in der Welt der Online Casino Software. Sie treiben hunderte Online Casinos mit h\u00f6chst innovativen Spielen an, die einfach zu handhaben sind. Dieser Entwickler ist daf\u00fcr bekannt, jeden Monat neue Casino Spiele zu entwickeln und somit regelm\u00e4\u00dfig viel Auswahl in sein Gaming Portfolio zu bringen, was sie zu einem beliebten iGaming Anbieter macht.<\/p>\n\n\n\n<p>Die Spiele, die von Microgaming betrieben werden reichen von unglaublichen Online Slots zu Tischspielen, Video Poker und Parlour Games. Die Produkte und Dienstleistungen, die von den Spielebetreibern aus aller Welt zusammen mit den Casino Spielen verwendet werden, haben viele Fans und bis zum heutigen Tag ist Microgaming einer der gr\u00f6\u00dften Online Casino Gaming Hersteller, den wir haben.<\/p>\n\n\n\n<h3 class=\"wp-block-heading\">\u00dcber Microgaming gratis Spins Slots<\/h3>\n\n\n\n<p>Es w\u00fcrde Jahre dauern bis wir alle <a href=\"https:\/\/www.minimumdepositcasinos.org\/de\/2018\/10\/04\/online-slots-mit-denen-sie-wresteln-wollen\/\">Slots nennen, die jemals von Microgaming<\/a> kreiert worden sind. Es gibt fast 600 in ihrem Portfolio und jeden Monat kommen neue Exemplare dazu.<br>Einige der allerbekanntesten Titel, die Microgaming jemals entworfen hat schlie\u00dfen ein Hot as Hades, Immortal Romance, Jurassic Park, Brides Maids, Avalon und Avalon II, Terminator 2, Thunderstruck II und Battlestar Galactica.<\/p>\n\n\n\n<p>Au\u00dferdem arbeitet Microgaming zusammen mit mehreren gro\u00dfen Hollywood Studios und verf\u00fcgt \u00fcber eine Lizenz um Marken-Slots zu machen, die von den Spielern besonders geliebt werden. Zu diesen geh\u00f6rt das ganz besonders popul\u00e4re Slots Spiel der Serie Game of Thrones. Sie finden au\u00dferdem Namen in der Kollektion wie Halloween, Gnome Wood, Jungle Jim El Dorado, Phantom of the Opera, Emoticoins und Jurassic World.<\/p>\n\n\n\n<p>Andere Spiele von Microgaming k\u00f6nnen sehr generisch du allgemein sein, denn sie werden hauts\u00e4chlich als F\u00fcller eines Portfolios des Betreibers genutzt. Die meisten Titel dieses Entwicklers zeigen jedoch nur, wozu der Hersteller in der Lage ist und um einzigartige Innovation zu Tische zu bringen zusammen mit tollen Bonus- und gratis Spins Features.<\/p>\n\n\n\n<p>Dann gibt es auch noch die progressiven Jackpots. Im Verlauf der letzten zwei Jahrzehnte hat Microgaming mehr als 40 progressive Jackpotslots entworfen. Nicht alle von ihnen sind heute noch verf\u00fcgbar, doch die, die es noch gibt, bleiben beliebt und besonders bekannt ist das Mega Moolah Spiel, das Rekorde gebrochen und Million\u00e4re hervorgebracht hat. Andere popul\u00e4re Titel schlie\u00dfen ein Fruit Fiesta, Mega Moolah Isis, Lotsaloot, Treasure Nile, Cash Splash, Tunzamunni und Major Millions.<\/p>\n\n\n\n<p>Bis heute h\u00e4lt Mega Moolah den Rekord im Guinness Welt Rekorde Buch f\u00fcr den gr\u00f6\u00dften jemals ausgezahlten progressiven Jackpot in der Geschichte von Online Casinos. Ein Spieler kassierte n\u00e4mlich tats\u00e4chlich fast 18 Millionen Euro. Das Spiel h\u00e4lt au\u00dferdem den Rekord f\u00fcr den gr\u00f6\u00dften Mobile Gewinn, den es je gab.<\/p>\n\n\n\n<h3 class=\"wp-block-heading\">Verschiedene Arten von Microgaming gratis Spins Casino Boni<\/h3>\n\n\n\n<p>Microgaming gratis Spins k\u00f6nnen von 10 gratis Spins bis zu wahnsinnigen 100 gratis Spins, je nachdem in welchem Online Casino Sie spielen. Einige gratis Spins kommen mit einzigartigen Codes, die Sie kopieren und in ein bestimmtes Bonusfeld eintragen m\u00fcssen um sich Ihren Bonus zu sichern.<\/p>\n\n\n\n<p>Lasst uns die bekanntesten Arten von gratis Spins Casino Boni ansehen, die Sie h\u00f6chstwahrscheinlich in den von Microgaming betriebenen Online Casinos finden k\u00f6nnen.<\/p>\n\n\n\n<h3 class=\"wp-block-heading\">Gratis Spins ohne Einzahlung von Microgaming<\/h3>\n\n\n\n<p>So wie es im Titel steht, sind diese Art von gratis Spins 100% kostenlos. Sie m\u00fcssen nichts einzahlen, um sie freizuschalten. Sie m\u00fcssen sich nur einloggen oder ein neues Konto anmelden, sich ins Casino einloggen und den Anweisungen auf dem Bildschirm folgen, um Ihre kostenlosen Microgaming Spins zu beanspruchen. Sie k\u00f6nnen Ihre gratis Spins dann verwenden, um bei einem oder mehreren der beliebten Microgaming Slots zu spielen.<\/p>\n\n\n\n<p>Lasst uns ein Beispiel ansehen. Das Hello Casino ist ein gutes Beispiel von kostenlosen Microgaming Spins. Das Casino bietet neuen Spielern einen Bonus ohne Einzahlung mit gratis Spins bis zu 50 gratis Spins, die Sie bei bestimmten Slot Titeln genutzt werden k\u00f6nnen. Sie melden sich einfach f\u00fcr ein neues Echtgeld Konto an, was nur einige Minuten dauert. Sie k\u00f6nnen sich dann ins Casino einloggen mit Ihrem Usernamen und Ihrem Passwort und folgen Sie dann einfach den Anweisungen um Ihre 50 gratis Spins zu erhalten.<\/p>\n\n\n\n<p>Wenn Sie echtes Geld von Ihren gratis Spins gewinnen, dann m\u00fcssen Sie die Umsatzbedingungen erf\u00fcllen Sie irgendwelche Gewinne auszahlen lassen k\u00f6nnen. Alle Gewinne resultierend aus den gratis Spins in diesem Casino, die mehr als \u20ac50 betragen, werden ung\u00fcltig. Um den Bonus freizuschalten und mit den Bonusgewinnen zu spielen, m\u00fcssen Sie Ihre gratis Spins Bonus Gewinne mindestens 25x durchspielen bevor sie zu Ihrem Cash Kontostand hinzugef\u00fcgt und dann ausgezahlt werden k\u00f6nnen.<\/p>\n\n\n\n<p>Das was Sie wissen m\u00fcssen ist, dass man immer die Umsatzbedingungen lesen muss, damit man wei\u00df, was von einem erwartet wird im Bezug auf die gratis Spins und gratis Gewinne.<\/p>\n\n\n\n<h3 class=\"wp-block-heading\">Microgaming gratis Spins mit einer Einzahlung<\/h3>\n\n\n\n<p>Mit einem Einzahlungsbonus werden Ihnen die gratis Spins erst auf Ihr Konto \u00fcbertragen sobald Sie eine Echtgeld Einzahlung get\u00e4tigt haben. Um die gratis Microgaming Spins mit einer Einzahlung zu erhalten, m\u00fcssen Sie nur ein Konto f\u00fcr neue Spieler im Online Casino erstellen und dann zur Banking Seite gehen. W\u00e4hlen Sie Ihre sichere Banking Methode und wie viel Sie gerne einzahlen m\u00f6chten.<\/p>\n\n\n\n<p>Ein gutes Beispiel, um zu zeigen, wie das funktioniert ist das Thrills Casino. Das Online Casino bietet neuen Spielern eine lukrative gratis Spins Einzahlung, die folgenderma\u00dfen funktioniert:<\/p>\n\n\n\n<ul class=\"wp-block-list\">\n<li>Sie bekommen einen 100% Willkommensbonus bis zu einem Betrag von \u20ac100 zusammen mit 20 gratis Spins zum Ausgeben bei einem bestimmten Slot. Die Spins werden dann in 5 gratis Spins pro Tag aufgeteilt f\u00fcr 4 Tage hintereinander.<\/li>\n\n\n\n<li>Um Ihren Bonus und Ihre gratis Spins zu beanspruchen m\u00fcssen Sie ein neues Konto anmelden, sich ins Casino einloggen mit Ihrem Usernamen und Ihrem Passwort und dann k\u00f6nnen Sie zur Kassenseite \u00fcbergehen. Hier k\u00f6nnen Sie eine Einzahlung t\u00e4tigen und Sie erhalten dann sofort Ihre gratis Spins.<\/li>\n\n\n\n<li>Jegliche Gewinne, die Sie w\u00e4hrend Ihrer gratis Spins erhalten werden als echtes Geld angesehen, deshalb gibt es keine Umsatzbedingungen, was immer tolle Nachrichten sind.<\/li>\n\n\n\n<li>Wenn nicht anders auf der Seite angegeben, sind alle gratis Spins f\u00fcr nur 3 Tage verf\u00fcgbar nachdem Sie diese beanspruchen und aktivieren.<\/li>\n\n\n\n<li>F\u00fcr dieses bestimmte Angebot m\u00fcssen alle gratis Spins nur 1x mit Ihrem Einzahlungsbetrag umgesetzt werden. Das ist wirklich angemessen!<\/li>\n<\/ul>\n\n\n\n<h3 class=\"wp-block-heading\">Gratis Microgaming Spins auf Mobile versus Desktop<\/h3>\n\n\n\n<p>Die meisten Online Casinos verf\u00fcgen \u00fcber mobile Gegenst\u00fccke und diese sind in der Regel identisch. Der einzige Unterschied ist es, dass mobile Spiele eine etwas kleinere Spieleauswahl haben. Trotzdem werden die gleichen Einrichtungen zur Verf\u00fcgung gestellt, damit Sie ein neues Spielerkonto er\u00f6ffnen k\u00f6nnen, damit Sie Einzahlungen t\u00e4tigen, spielen und Auszahlungen abwickeln k\u00f6nnen. Das beste von allem ist, dass Sie ebenso mit Ihren Microgaming gratis Spins auf Ihrem Handy spielen k\u00f6nnen, f\u00fcr Einzahlungsangebote und f\u00fcr die ohne n\u00f6tige Einzahlung.<\/p>\n\n\n\n<p>Das bedeutet, dass Sie auf Ihrem Tablet oder Smartphone spielen k\u00f6nnen, was genau so einfach ist wie auf Ihrem Desktop Computer. Dank des Browser-Sofortspiels und den HTML5 Spielen k\u00f6nnen Sie hunderte der neusten Microgaming <a href=\"https:\/\/www.minimumdepositcasinos.org\/de\/2018\/10\/15\/warum-online-spieler-retro-spiele-lieben\/\">Online Slots<\/a> auf fast jedem Laptop, Mac, PC, Smartphone oder Notebook nutzen, egal ob iOS, Windows oder Android.<\/p>\n\n\n\n<h3 class=\"wp-block-heading\">Was ist besser &#8211; 10, 20, 50 oder 100 Microgaming gratis Spins?<\/h3>\n\n\n\n<p>Als freudige Microgaming Online Casino Fans wollen die meisten von uns die Chance auf 100 gratis Spins nicht verpassen. Aber wie immer gibt es einige Faktoren, die man ber\u00fccksichtigen muss, wenn es um das gew\u00fcnschte Microgaming gratis Spins Angebot geht. Die wichtigste Sache ist es, an die Umsatzbedingungen im Hinterkopf zu behalten, die Sie in den Bonus Gesch\u00e4ftsbedingungen finden k\u00f6nnen. Einige Bedingungen sind ziemlich streng und schwerer zu erf\u00fcllen als andere.<\/p>\n\n\n\n<p>Andere k\u00f6nnen jedoch auch einfach zu erf\u00fcllen sein. Sie machen es in diesem Sinne leichter f\u00fcr Sie, die n\u00f6tigen Bestimmungen zu erf\u00fcllen bevor Sie Ihre Bonusgewinne auszahlen lassen k\u00f6nnen. Deswegen kommt es vor, dass Online Casino Spieler die gratis Spins und die Umsatzbedingungen wichtiger finden als die gesamte Anzahl an gebotenen Microgaming gratis Spins.<\/p>\n\n\n\n<p>Das Wichtigste ist es demnach, dass Sie in jedem Falle immer zuerst die Umsatzbedingungen lesen und sicherstellen, dass Sie in der Lage sind, die Umsatzbedingungen zu erf\u00fcllen bevor Sie sich einen gratis Spins Bonus sichern.<\/p>\n\n\n\n<h3 class=\"wp-block-heading\">Einige wissenswerte Gesch\u00e4ftsbedingungen<\/h3>\n\n\n\n<p>Es sollte erw\u00e4hnt werden, dass die Casino Boni ohne Einzahlung und gratis Spins von Microgaming mit ihren eigenen Bedingungen kommen, so wie alle anderen Boni auch.<\/p>\n\n\n\n<p>Lasst uns das Go Wild Casino als Beispiel f\u00fcr diesen Fall nehmen. Das Casino wird von Microgaming betrieben und bietet Spielern 50 gratis Spins bei dem Suntide Online Slot, ohne das eine Einzahlung n\u00f6tig ist. Dies funktioniert folgenderma\u00dfen:<\/p>\n\n\n\n<ul class=\"wp-block-list\">\n<li>Sie bekommen automatisch 50 gratis Spins, wenn Sie ein Echtgeld Konto anmelden ohne eine Einzahlung zu t\u00e4tigen<\/li>\n\n\n\n<li>Der gratis Spins Bonus unterliegt den 35x Umsatzbedingungen<\/li>\n\n\n\n<li>Sobald Sie diese Umsatzbedingungen erf\u00fcllen, k\u00f6nnen Sie die Gewinne auszahlen lassen<\/li>\n\n\n\n<li>Sie k\u00f6nnen nur ein Maximum von \u20ac100 auszahlen lassen<\/li>\n\n\n\n<li>Sie erhalten auch 500 gratis Treuepunkte<\/li>\n<\/ul>\n\n\n\n<p>Wie Sie sehen k\u00f6nnen, kommen die verschiedenen Arten von Microgaming gratis Spins mit verschiedenen Bedingungen und Regeln.<\/p>\n\n\n\n<p>Alles in allem bietet dieser Anbieter gro\u00dfz\u00fcgige gratis Spins bei vielen seiner popul\u00e4ren Slots. Einige Slots bieten sogar die Chance gratis Spins w\u00e4hrend des Spiels zu gewinnen. Lesen Sie die Bedingungen, suchen Sie sich den besten Bonus f\u00fcr sich aus und haben Sie Spa\u00df mit Ihren kostenlosen Microgaming Spins!<\/p>\n","protected":false},"excerpt":{"rendered":"<p>Viele Online Slot Spieler m\u00f6gen Slots von Microgaming besonders gerne. Man kann sicher sagen, dass der Hersteller im Bereich der Slots schon legend\u00e4r ist, denn es gibt erstklassige Titel und einen einzigartigen Touch bei attraktiven und besonders gut klingenden Spiele, die es gibt. Wenn die Entwicklung von Software eine Kunst ist, dann ist Microgaming ein [&hellip;]<\/p>\n","protected":false},"author":7,"featured_media":210,"parent":826,"menu_order":0,"comment_status":"closed","ping_status":"closed","template":"","meta":{"_acf_changed":false,"footnotes":""},"class_list":["post-702","page","type-page","status-publish","has-post-thumbnail","hentry"],"acf":[],"_links":{"self":[{"href":"https:\/\/www.minimumdepositcasinos.org\/de\/wp-json\/wp\/v2\/pages\/702","targetHints":{"allow":["GET"]}}],"collection":[{"href":"https:\/\/www.minimumdepositcasinos.org\/de\/wp-json\/wp\/v2\/pages"}],"about":[{"href":"https:\/\/www.minimumdepositcasinos.org\/de\/wp-json\/wp\/v2\/types\/page"}],"author":[{"embeddable":true,"href":"https:\/\/www.minimumdepositcasinos.org\/de\/wp-json\/wp\/v2\/users\/7"}],"replies":[{"embeddable":true,"href":"https:\/\/www.minimumdepositcasinos.org\/de\/wp-json\/wp\/v2\/comments?post=702"}],"version-history":[{"count":5,"href":"https:\/\/www.minimumdepositcasinos.org\/de\/wp-json\/wp\/v2\/pages\/702\/revisions"}],"predecessor-version":[{"id":18596,"href":"https:\/\/www.minimumdepositcasinos.org\/de\/wp-json\/wp\/v2\/pages\/702\/revisions\/18596"}],"up":[{"embeddable":true,"href":"https:\/\/www.minimumdepositcasinos.org\/de\/wp-json\/wp\/v2\/pages\/826"}],"wp:featuredmedia":[{"embeddable":true,"href":"https:\/\/www.minimumdepositcasinos.org\/de\/wp-json\/wp\/v2\/media\/210"}],"wp:attachment":[{"href":"https:\/\/www.minimumdepositcasinos.org\/de\/wp-json\/wp\/v2\/media?parent=702"}],"curies":[{"name":"wp","href":"https:\/\/api.w.org\/{rel}","templated":true}]}}