{"id":71,"date":"2018-09-17T12:18:03","date_gmt":"2018-09-17T12:18:03","guid":{"rendered":"https:\/\/www.minimumdepositcasinos.org\/de\/?page_id=71"},"modified":"2025-08-12T07:55:35","modified_gmt":"2025-08-12T07:55:35","slug":"mac","status":"publish","type":"page","link":"https:\/\/www.minimumdepositcasinos.org\/de\/mobile-spielbanken\/mac\/","title":{"rendered":"Mac"},"content":{"rendered":"<div class=\"wp-block-image\">\n<figure class=\"alignright is-resized\"><a class=\"dt-pswp-item\" href=\"\/de\/wp-content\/uploads\/2018\/09\/Apple-e1539634293247.png\"><img decoding=\"async\" width=\"400\" height=\"400\" src=\"\/de\/wp-content\/uploads\/2018\/09\/Apple-e1539634293247.png\" alt=\"Mac\" class=\"wp-image-72\" style=\"width:250px\" srcset=\"https:\/\/www.minimumdepositcasinos.org\/de\/wp-content\/uploads\/2018\/09\/Apple-e1539634293247.png 400w, https:\/\/www.minimumdepositcasinos.org\/de\/wp-content\/uploads\/2018\/09\/Apple-e1539634293247-150x150.png 150w, https:\/\/www.minimumdepositcasinos.org\/de\/wp-content\/uploads\/2018\/09\/Apple-e1539634293247-300x300.png 300w\" sizes=\"(max-width: 400px) 100vw, 400px\" \/><\/a><\/figure><\/div>\n\n\n<p>Apple Macintosh oder Mac Computer wurden 1984 in die Welt eingef\u00fchrt. Da die eleganteren MacBooks und Desktops st\u00e4ndig aktualisiert werden, sind Macs heute genauso beliebt wie bei ihrer Einf\u00fchrung. Mac-Benutzer werden nicht entt\u00e4uscht sein zu h\u00f6ren, dass die Mehrheit der seri\u00f6sen Online-Casinos Casino-Spiele auf dem Mac voll unterst\u00fctzen.<\/p>\n\n\n\n<p>Mac bietet dem gesch\u00e4ftigen Unternehmer, der sich auf den Weg macht, nur noch ein Gesch\u00e4ft f\u00fcr den Tag oder den Aufenthalt zu Hause zu schlie\u00dfen, um ihr n\u00e4chstes DIY-Projekt zu erforschen. Casino spielen unterwegs ist so beliebt, dass viele der Online-Casinos haben eine Vielzahl von Anwendungen zu ihrem Software-Portfolio f\u00fcr Handys und Tablets hinzugef\u00fcgt.<\/p>\n\n\n\n<p>Wenn Sie etwas risikofreien Spa\u00df wollen, kann es schwierig sein, ein seri\u00f6ses Casino zu finden, das <a href=\"\/de\/\">niedrige Mindesteinzahlungen<\/a> akzeptiert, die mit dem Mac kompatibel sind. Wir haben eine Liste von Mac-kompatiblen Online-Casinos mit Mindesteinzahlungslimits f\u00fcr Sie recherchiert.<\/p>\n\n\n\n<h2 class=\"wp-block-heading\" id=\"h-wie-man-sich-bei-einem-online-casino-mit-mac-registriert\">Wie man sich bei einem online-casino mit mac registriert<\/h2>\n\n\n\n<p>Online-Spiele auf dem Mac k\u00f6nnen anfangs etwas verwirrend sein, was f\u00fcr manche Spieler etwas entmutigend sein kann. Sobald Sie sich f\u00fcr ein seri\u00f6ses Online-Casino entschieden haben, ist es einfacher, sich mit Ihrem Mac anzumelden. W\u00e4hlen Sie Ihr Online-Casino entweder \u00fcber eine auf Ihren Mac heruntergeladene App oder \u00fcber Ihren Safari-Browser aus. Klicken Sie auf die Schaltfl\u00e4che &#8220;Jetzt spielen&#8221;. Es erscheint ein Popup, in dem Sie aufgefordert werden, einige pers\u00f6nliche Daten wie Ihren vollst\u00e4ndigen Namen, Ihre E-Mail-Adresse und Ihre Handynummer einzugeben.<\/p>\n\n\n\n<h2 class=\"wp-block-heading\" id=\"h-einzahlung-auf-mindesteinzahlung-mac-casinos\">Einzahlung auf mindesteinzahlung mac casinos<\/h2>\n\n\n\n<p>Eine Einzahlungsmethode zu finden, die zu Ihrem Gl\u00fccksspiel passt, kann schwierig sein. Sie m\u00fcssen sich \u00fcberlegen, ob Sie mit dieser Methode Mindesteinzahlungen t\u00e4tigen k\u00f6nnen, wenn das Ihr Spielstil ist. \u00dcberpr\u00fcfen Sie auch, ob Sie mit einer bestimmten Zahlungsmethode Gewinne einfach abheben k\u00f6nnen. Wir haben Casinos \u00fcberpr\u00fcft, die eine <a href=\"\/de\/casino-zahlungsoptionen\/\">Vielzahl von Zahlungsmethoden<\/a> wie E-Wallet Optionen, Karten und Prepaid-Gutscheine anbieten. Am besten stellen Sie sicher, dass Ihr Casinokonto schnell und einfach mit Ihrem Mac aufgeladen werden kann, bevor Sie fortfahren.<\/p>\n\n\n\n<p>Alle Casinos, die wir Ihnen empfohlen haben, verf\u00fcgen \u00fcber eine mobile Version. Viele von ihnen akzeptieren Einzahlungen bereits ab einer Einheit Ihrer bevorzugten W\u00e4hrung. Andere k\u00f6nnen <a href=\"\/de\/casinos-mit-e5-mindesteinzahlung\/\">Mindesteinzahlungen von \u20ac5,00<\/a>, \u20ac10,00 oder manchmal auch \u20ac20,00 haben.<\/p>\n\n\n\n<p>Nicht alle Zahlungsmethoden sind f\u00fcr den Mac verf\u00fcgbar, also stellen Sie sicher, dass Sie mit einer Zahlungsmethode registriert sind, die Ihren Bed\u00fcrfnissen entspricht.<\/p>\n\n\n\n<h3 class=\"wp-block-heading\" id=\"h-auszahlung-mit-mac-mindesteinzahlungs-casinos\">Auszahlung mit mac mindesteinzahlungs-casinos<\/h3>\n\n\n\n<p>Wenn Sie sich f\u00fcr eine Zahlungsmethode entschieden haben, die eine Auszahlung \u00fcber die gleiche Methode anbietet, dann haben Sie sich klug entschieden. Wenn Sie jedoch neu im Online-Gl\u00fccksspiel sind und ein paar Online-Casinos ausprobieren m\u00f6chten, bevor Sie echtes Geld einzahlen, haben wir seri\u00f6se Online-Casinos ausgew\u00e4hlt, die sehr niedrige <a href=\"\/de\/casino-zahlungsoptionen\/paysafe-card\/\">Mindesteinzahlungsmethoden wie Paysafecard<\/a> oder andere Prepaid-Gutscheine anbieten.<\/p>\n\n\n\n<h3 class=\"wp-block-heading\" id=\"h-faqs\">FAQS<\/h3>\n\n\n\n<div itemscope=\"\" itemtype=\"https:\/\/schema.org\/FAQPage\">\n  <div itemscope=\"\" itemprop=\"mainEntity\" itemtype=\"https:\/\/schema.org\/Question\">\n    <h4 itemprop=\"name\">? Wie spiele ich in einem casino ohne download auf meinem mac?<\/h4>\n    <div itemscope=\"\" itemprop=\"acceptedAnswer\" itemtype=\"https:\/\/schema.org\/Answer\">\n      <div itemprop=\"text\">Damit ein online-casino auf einem mac richtig funktioniert, muss die software mit dem safari-browser kompatibel sein und entweder mit flash oder java betrieben werden. java ist eine programmiersprache, die mit den meisten computern kompatibel ist und eine sehr fortschrittliche plattform f\u00fcr online-spiele bietet. es erm\u00f6glicht sofortiges browserbasiertes spielen ohne download von software und funktioniert auf systemen wie linux, mac und windows.<\/div>\n  <\/div>\n<\/div>\n<div itemscope=\"\" itemprop=\"mainEntity\" itemtype=\"https:\/\/schema.org\/Question\">\n    <h4 itemprop=\"name\">? Wie sicher sind mac online casinos?<\/h4>\n    <div itemscope=\"\" itemprop=\"acceptedAnswer\" itemtype=\"https:\/\/schema.org\/Answer\">\n      <div itemprop=\"text\">Macintosh-sicherheit ist vor allem deshalb bekannt, weil die meisten seiner programme vorinstalliert sind, was die wahrscheinlichkeit des herunterladens von viren und anderer malware minimiert. haben sie schon einmal von einer fehlfunktion eines apply-produkts wegen eines virus geh\u00f6rt? das herunterladen von echtgeld-apps ist also auf apple macintosh besonders sicher, da sicherheit und virenfreie hardware standardm\u00e4ssi von apple-kunden erwartet werden.<\/div>\n\t<\/div>\n<\/div>\n<div itemscope=\"\" itemprop=\"mainEntity\" itemtype=\"https:\/\/schema.org\/Question\">\n    <h4 itemprop=\"name\">?\u200d\u2640\ufe0f Wie spiele ich online casino spiele auf einem mac?<\/h4>\n    <div itemscope=\"\" itemprop=\"acceptedAnswer\" itemtype=\"https:\/\/schema.org\/Answer\">\n      <div itemprop=\"text\">Es gibt viele kompatible casino-downloads, instant play oder keine download-software f\u00fcr den mac. viele weitere online-casinos und ihre download-versionen sind f\u00fcr die windows-kompatibilit\u00e4t geschaffen, aber es gibt immer noch viele casinospiele, die mit dem betriebssystem des mac kompatibel sind, aber das ist nicht der fall. sie k\u00f6nnen den mac desktop client und keine download-casinos auf einem safari-browser verwenden, um sofort auf viele mobile casinospiele zuzugreifen.<\/div>\n\t<\/div> \n<\/div>\n<div itemscope=\"\" itemprop=\"mainEntity\" itemtype=\"https:\/\/schema.org\/Question\">\n    <h4 itemprop=\"name\">\u2753 Was ben\u00f6tige ich, um bei einer mindesteinzahlung im mac online casino zu spielen?<\/h4>\n    <div itemscope=\"\" itemprop=\"acceptedAnswer\" itemtype=\"https:\/\/schema.org\/Answer\">\n      <div itemprop=\"text\">Auf den meisten computern ist ein browser installiert, aber sie m\u00fcssen m\u00f6glicherweise eine aktuellere version von flash oder java installieren. dies ist nicht immer notwendig, da die meisten online-casinos f\u00fchrende software anbieten, die alle komplikationen beim herunterladen einer online-casino-anwendung beseitigt.<\/div>\n\t<\/div>\n<\/div>\n<div itemscope=\"\" itemprop=\"mainEntity\" itemtype=\"https:\/\/schema.org\/Question\">\n    <h4 itemprop=\"name\">? Habe ich zugang zu den gleichen spielen wie in einem normalen online-casino?<\/h4>\n    <div itemscope=\"\" itemprop=\"acceptedAnswer\" itemtype=\"https:\/\/schema.org\/Answer\">\n      <div itemprop=\"text\">Browser-basierte casino-software kann weniger spiele als die regul\u00e4re app oder download-version enthalten. die beliebtesten handyspiele, aber es gibt auch jede menge tischspiel-apps f\u00fcr online-spieler.<\/div>\n\t<\/div>\n<\/div>\n<div itemscope=\"\" itemprop=\"mainEntity\" itemtype=\"https:\/\/schema.org\/Question\">\n  <h4 itemprop=\"name\">? Welche mindesteinzahlungsspiele kann ich in mac casinos spielen?<\/h4>\n  <div itemscope=\"\" itemprop=\"acceptedAnswer\" itemtype=\"https:\/\/schema.org\/Answer\">\n    <div itemprop=\"text\">Online casinos haben eine casinosoftware entwickelt, die \u00fcber alle spieleplattformen wie desktop, mobile und tablet kompatibel ist. mac kasinospiele sind eine reihe der \u00fcberhaupt popul\u00e4ren schlitze, blackjack, roulette, scheiss und viel mehr.<\/div>\n    mit &#8220;instant play&#8221; k\u00f6nnen sie spiele \u00fcber jeden browser spielen. das bedeutet, dass sie ihre lieblingsspiele mit nur einem klick \u00fcber ihren safari-browser starten k\u00f6nnen. oder sie k\u00f6nnen die casinosoftware die casino-app herunterladen.\n\t<\/div>\n<\/div>\n<\/div>\n","protected":false},"excerpt":{"rendered":"<p>Apple Macintosh oder Mac Computer wurden 1984 in die Welt eingef\u00fchrt. Da die eleganteren MacBooks und Desktops st\u00e4ndig aktualisiert werden, sind Macs heute genauso beliebt wie bei ihrer Einf\u00fchrung. Mac-Benutzer werden nicht entt\u00e4uscht sein zu h\u00f6ren, dass die Mehrheit der seri\u00f6sen Online-Casinos Casino-Spiele auf dem Mac voll unterst\u00fctzen. Mac bietet dem gesch\u00e4ftigen Unternehmer, der sich [&hellip;]<\/p>\n","protected":false},"author":1,"featured_media":72,"parent":13095,"menu_order":0,"comment_status":"closed","ping_status":"closed","template":"","meta":{"_acf_changed":false,"footnotes":""},"class_list":["post-71","page","type-page","status-publish","has-post-thumbnail","hentry"],"acf":[],"_links":{"self":[{"href":"https:\/\/www.minimumdepositcasinos.org\/de\/wp-json\/wp\/v2\/pages\/71","targetHints":{"allow":["GET"]}}],"collection":[{"href":"https:\/\/www.minimumdepositcasinos.org\/de\/wp-json\/wp\/v2\/pages"}],"about":[{"href":"https:\/\/www.minimumdepositcasinos.org\/de\/wp-json\/wp\/v2\/types\/page"}],"author":[{"embeddable":true,"href":"https:\/\/www.minimumdepositcasinos.org\/de\/wp-json\/wp\/v2\/users\/1"}],"replies":[{"embeddable":true,"href":"https:\/\/www.minimumdepositcasinos.org\/de\/wp-json\/wp\/v2\/comments?post=71"}],"version-history":[{"count":6,"href":"https:\/\/www.minimumdepositcasinos.org\/de\/wp-json\/wp\/v2\/pages\/71\/revisions"}],"predecessor-version":[{"id":18113,"href":"https:\/\/www.minimumdepositcasinos.org\/de\/wp-json\/wp\/v2\/pages\/71\/revisions\/18113"}],"up":[{"embeddable":true,"href":"https:\/\/www.minimumdepositcasinos.org\/de\/wp-json\/wp\/v2\/pages\/13095"}],"wp:featuredmedia":[{"embeddable":true,"href":"https:\/\/www.minimumdepositcasinos.org\/de\/wp-json\/wp\/v2\/media\/72"}],"wp:attachment":[{"href":"https:\/\/www.minimumdepositcasinos.org\/de\/wp-json\/wp\/v2\/media?parent=71"}],"curies":[{"name":"wp","href":"https:\/\/api.w.org\/{rel}","templated":true}]}}