{"id":726,"date":"2018-12-04T16:40:54","date_gmt":"2018-12-04T16:40:54","guid":{"rendered":"https:\/\/www.minimumdepositcasinos.org\/de\/?page_id=726"},"modified":"2025-08-12T09:47:27","modified_gmt":"2025-08-12T09:47:27","slug":"100-free-spins","status":"publish","type":"page","link":"https:\/\/www.minimumdepositcasinos.org\/de\/freespins\/100-free-spins\/","title":{"rendered":"100 Free Spins"},"content":{"rendered":"<div class=\"wp-block-image\">\n<figure class=\"alignright\"><img decoding=\"async\" width=\"300\" height=\"300\" src=\"https:\/\/www.minimumdepositcasinos.org\/de\/wp-content\/uploads\/2018\/12\/Slot_Machines_400x400-300x300.jpg\" alt=\"100 Freispiele\" class=\"wp-image-727\" srcset=\"https:\/\/www.minimumdepositcasinos.org\/de\/wp-content\/uploads\/2018\/12\/Slot_Machines_400x400-300x300.jpg 300w, https:\/\/www.minimumdepositcasinos.org\/de\/wp-content\/uploads\/2018\/12\/Slot_Machines_400x400-150x150.jpg 150w, https:\/\/www.minimumdepositcasinos.org\/de\/wp-content\/uploads\/2018\/12\/Slot_Machines_400x400.jpg 400w\" sizes=\"(max-width: 300px) 100vw, 300px\" \/><\/figure><\/div>\n\n\n<p>Wenn Sie Spielautomaten und <a href=\"https:\/\/www.minimumdepositcasinos.org\/de\/\">Online-Casinos<\/a> lieben, ist das Auffinden von 100 Freispielen ohne Einzahlung sicherlich ein Vergn\u00fcgen. Die gute Nachricht ist, dass es sie gibt und oft m\u00fcssen Sie kein hart verdientes Geld ausgeben, um mit ihnen Spa\u00df zu haben. Klingt das nicht erstaunlich?<\/p>\n\n\n\n<p>Es ist also an der Zeit, einen Blick darauf zu werfen wie 100 Freispiele-Boni funktionieren und wie Sie dadurch das meiste rausholen.<\/p>\n\n\n\n<h3 class=\"wp-block-heading\" id=\"h-wie-man-100-freispiele-bei-online-casinos-bekommt\">Wie man 100 Freispiele bei Online-Casinos bekommt<\/h3>\n\n\n\n<p>Wir wissen, dass es ziemlich schwer sein kann, diese Menge an Freispielen zu finden. Aber deshalb sind wir hier! Alle Casinos. die wir bewerten und empfehlen, sind erstaunlich, weil sie solche Boni anbieten. Alles was Sie tun m\u00fcssen ist solch Angebot zu finden, ein neues Spielerkonto im Online-Casino zu erstellen und Ihre Freispiele zu beanspruchen. Es ist der perfekte Weg, um verschiedene Webseiten und <a href=\"https:\/\/www.minimumdepositcasinos.org\/de\/2018\/10\/04\/online-slots-mit-denen-sie-wresteln-wollen\/\">Spielautomaten auszuprobieren.<\/a><\/p>\n\n\n\n<p>Angebote wie diese \u00e4ndern sicherlich die Art und Weise, wie Spieler Online-Gl\u00fccksspiele betrachten. Es ist nicht zu verachten, wenn man satte 100 zus\u00e4tzliche Chancen erh\u00e4lt, um Preisgelder zu gewinnen. Das Beste ist jedoch, dass Sie keinen einzigen Cent ausgeben m\u00fcssen, um die Vorteile zu nutzen.<\/p>\n\n\n\n<p>Schauen Sie sich unsere Bonuscodes und -listen an, um 100 kostenlose Freispiele in die H\u00e4nde zu bekommen, f\u00fcr die heute keine Einzahlung erforderlich ist und Sie werden sicher Spa\u00df haben, w\u00e4hrend Sie au\u00dferdem noch die Chance haben viel Geld zu gewinnen.<\/p>\n\n\n\n<h3 class=\"wp-block-heading\" id=\"h-kostenlose-boni-verstehen\">Kostenlose Boni verstehen<\/h3>\n\n\n\n<p>Oft bieten <a href=\"https:\/\/www.minimumdepositcasinos.org\/de\/software\/\">Online-Casino-Betreiber<\/a> einen kostenlosen Einzahlungsbonus an. Die iGaming-Branche hat einen harten Wettbewerb. Daher versuchen die Casinos alles zu unternehmen, um neue Spieler anzuziehen und ihre treue Spielerbasis zu behalten.<\/p>\n\n\n\n<p>Da die Boni kostenlos sind, ist es wichtig, dass Sie die Bedingungen und Konditionen sorgf\u00e4ltig lesen, bevor Sie ein Konto er\u00f6ffnen und sich die Freispiele sichern. Einige Casinos setzen Auszahlungslimits f\u00fcr den Bonus ein, die Ihre Spielstrategie definitiv ver\u00e4ndern werden.<\/p>\n\n\n\n<p>Es gibt drei gebr\u00e4uchliche Arten von Boni, die Sie in Online-Casinos finden. Werfen wir einen Blick auf jeden von ihnen.<\/p>\n\n\n\n<h4 class=\"wp-block-heading\" id=\"h-1-freispiel-boni\">1. Freispiel-Boni<\/h4>\n\n\n\n<p>Dies ist die am h\u00e4ufigsten vorkommende Art von Bonus und wenn Sie ein eifriger Online-Casino-Spieler sind, hatten Sie wahrscheinlich einen angemessenen Anteil an Freispielen. In der Regel werben Online-Casinos damit, dass sie allen neuen Spielern bei einem bestimmten Spielautomaten Freispiele (100 Freispiele, falls Sie Gl\u00fcck haben!) geben. Diese Boni ohne Einzahlung erhalten Sie, wenn Sie ein neues Spielerkonto im Casino registrieren.<\/p>\n\n\n\n<p>Die Drehungen sind eine gro\u00dfartige M\u00f6glichkeit f\u00fcr Sie, kostenlos an den ausgew\u00e4hlten Spielautomaten zu spielen, ohne Ihr eigenes Geld zu riskieren. Alles, was Sie von Ihren Freispielen gewinnen k\u00f6nnen, wird in Bonusgeld umgewandelt und ist an die Umsatz- oder Spielanforderungen gebunden. Machen Sie sich keine Sorgen, Sie k\u00f6nnen jedoch behalten, was Sie gewinnen, sobald Sie die Wettanforderungen f\u00fcr die Freispiele erf\u00fcllt haben.<\/p>\n\n\n\n<p>Freispiel-Boni sind die perfekte M\u00f6glichkeit, neue Spieler einzufangen. Sie arbeiten auch f\u00fcr Sie, da Sie die Casino-Spiele kostenlos ausprobieren und dabei echtes Geld gewinnen k\u00f6nnen. Betrachten Sie es als freies Gl\u00fccksspiel, bis zu einem gewissen Punkt!<\/p>\n\n\n\n<h4 class=\"wp-block-heading\" id=\"h-2-100-freispiele-ohne-einzahlung\">2. 100 Freispiele ohne Einzahlung<\/h4>\n\n\n\n<p>Es ist genau das, was es vermuten l\u00e4sst &#8211; ein Bonus ohne Einzahlung wird Ihrem Spielerkonto in Form eines Boni gutgeschrieben, einschlie\u00dflich der Umsatzbedingungen. In der Regel k\u00f6nnen Sie das Geld entweder f\u00fcr ein beliebiges Spiel oder f\u00fcr bestimmte Spielautomaten verwenden, je nachdem, was der Online-Betreiber vorgibt. Viele Casinos vergeben die Freispiele auf kreative Art wie zum Beispiel 10 Freispiele pro Tag f\u00fcr 10 Tage. Manchmal gibt es f\u00fcr Boni ohne erforderliche Einzahlung Auszahlungslimits. \u00dcberpr\u00fcfen Sie daher das Kleingedruckte, bevor Sie den Bonus in Anspruch nehmen.<\/p>\n\n\n\n<h4 class=\"wp-block-heading\" id=\"h-3-freispiel-bonus\">3. Freispiel-Bonus<\/h4>\n\n\n\n<p>Dies ist ein interessanter Bonus, der das Potenzial hat, eher lohnend zu sein. Normalerweise wird Ihnen eine gr\u00f6\u00dfere Summe Bonusgeld oder ein gro\u00dfes B\u00fcndel an Freispielen angeboten und Sie haben dann eine sehr kurze Zeit, in der Sie es verwenden k\u00f6nnen, f\u00fcr gew\u00f6hnlich etwa eine Stunde. Der Bonus hat immer Spielanforderungen. Sobald diese Zeit abgelaufen ist, k\u00f6nnen Sie das gesamte Geld \u00fcber dem Bonusbetrag behalten, vorausgesetzt, Sie haben diese Spielanforderungen erf\u00fcllt.<\/p>\n\n\n\n<p>Es sei darauf hingewiesen, dass Freispielboni immer mit Auszahlungslimits versehen sind, generell zwischen \u20ac50 und \u20ac200. Selbst wenn Ihr Endguthaben atemberaubende \u20ac8.000 betr\u00e4gt, k\u00f6nnen Sie nur dann bis zu \u20ac200 abheben, wenn dies das Limit ist, der Rest verf\u00e4llt. Wie immer, lesen Sie das Kleingedruckte!<\/p>\n\n\n\n<h3 class=\"wp-block-heading\" id=\"h-apropos-umsatzanforderungen\">Apropos Umsatzanforderungen<\/h3>\n\n\n\n<p>Seien wir mal ehrlich, es ist absolut gro\u00dfartig den perfekten Bonus zu finden, vor allem in Form von 100 Freispielen. Egal, ob Sie Freispiel-Jackpots verfolgen oder einfach nur in die Welt des Online-Gl\u00fccksspiels eintauchen m\u00f6chten, es ist wichtig, die Umsatzanforderungen von Freispielen zu kennen.<\/p>\n\n\n\n<p>Wie bei fast allen Arten von Online-Casino-Angeboten und -Boni m\u00fcssen Sie die Umsatzanforderungen erf\u00fcllen, bevor Sie etwas abheben k\u00f6nnen, wenn Sie mit Ihren Freispielen gewinnen. Unabh\u00e4ngig davon, ob Sie ein erfahrener Casino-Spieler oder ein brandneuer Spieler sind, sollten Sie die Anforderungen stets sorgf\u00e4ltig pr\u00fcfen, bevor Sie einen Bonus annehmen, unabh\u00e4ngig davon, ob der Bonus Freispiele enth\u00e4lt oder nicht.<\/p>\n\n\n\n<p>Dies ist der sicherste Weg, um sicherzustellen, dass Sie genau verstehen, wie die Freispiele und Boni funktionieren, was Sie mit Ihren Gratisspielen und allem anderen tun d\u00fcrfen und was nicht. Dies verhindert auch sp\u00e4tere Probleme. In den Allgemeinen Gesch\u00e4ftsbedingungen wird immer beschrieben, welche Art von Gl\u00fccksspielen Sie mit Ihren Freispielen und Ihrem Bonusgeld machen d\u00fcrfen, f\u00fcr welche Spiele Sie sie einsetzen k\u00f6nnen und welche Umsatzbedingungen gelten. Sobald Sie dieses Dokument gelesen haben (ja, wir wissen, dass es langweilig sein kann, aber es ist \u00e4u\u00dferst wichtig), werden Sie gut mit Ihrem Bonus umgehen k\u00f6nnen.<\/p>\n\n\n\n<h3 class=\"wp-block-heading\" id=\"h-also-was-genau-ist-der-sinn-hinter-freispielen\">Also was genau ist der Sinn hinter Freispielen?<\/h3>\n\n\n\n<p>Selbst wenn Sie kein regelm\u00e4\u00dfiger Casino-Spieler sind, w\u00fcrden Sie die Chance, Geld zu gewinnen, wirklich weitergeben, ohne etwas zu riskieren? Bei weitem die gr\u00f6\u00dfte Attraktivit\u00e4t von 100 Freispielen ist die Idee, dass Sie einfach die Walzen drehen und Ihre Gewinne behalten k\u00f6nnen, ohne Fragen beantworten zu m\u00fcssen (nat\u00fcrlich unter Beachtung der Durchspielanforderungen).<\/p>\n\n\n\n<p>Es ist jedoch etwas komplizierter als das, da die meisten Casinos eine Art A&#8217;s und G&#8217;s und B&#8217;s auferlegen, bevor Sie Ihre H\u00e4nde an die kostenlose Gewinne bekommen. Viele verlangen, dass Sie zumindest eine Mindesteinzahlung t\u00e4tigen, um Ihre Identit\u00e4t zu best\u00e4tigen sowie auch um Ihre bevorzugte <a href=\"https:\/\/www.minimumdepositcasinos.org\/de\/casino-zahlungsoptionen\/\">Zahlungsmethode<\/a> zu registrieren.<\/p>\n\n\n\n<p>Das alles kommt aber erst sp\u00e4ter. Tats\u00e4chlich m\u00fcssen Sie sich nicht mit der Einzahlung oder der Best\u00e4tigung Ihrer Identit\u00e4t befassen, bis Sie eigenes Geld aus Ihren Gratisdrehungen besitzen und die Wettanforderungen erf\u00fcllen. Erst wenn Sie an diesem Punkt angelangt sind, m\u00fcssen Sie mindestens den vom Casino verh\u00e4ngten Mindestbetrag einzahlen und Ihre erforderlichen \u00dcberpr\u00fcfungsdokumente einschicken.<\/p>\n\n\n\n<p>Online- Casino Angebote \u00e4ndern sich st\u00e4ndig. Stellen Sie daher sicher, dass Sie die neuesten 100 Freispiel-Angebote nicht verpassen, indem Sie regelm\u00e4\u00dfig nachsehen. Zwar gibt es in den hunderten von Online-Casinos zahlreiche Spielautomaten, aber neue Spieler erhalten ihre Freispiele normalerweise f\u00fcr Starburst und andere beliebte Spiele wie Thunderstruck, Guns N\u2019Roses und Jack und die Beanstalk. Zusammen mit ein paar anderen Slots sind dies die Spielautomaten, an denen das Online-Casinos m\u00f6chte das Sie Spa\u00df haben und Sie mit Bonusangeboten wie 100 Freispiele ohne Einzahlung lockt.<\/p>\n\n\n\n<h3 class=\"wp-block-heading\" id=\"h-freispiele-nutzen-um-sofort-echtes-geld-zu-gewinnen\">Freispiele nutzen um sofort echtes Geld zu gewinnen<\/h3>\n\n\n\n<p>Denken Sie nur eine Sekunde dar\u00fcber nach. Was ist schneller als eine Drehung der Walzen? Was gibt es eigentlich sch\u00f6neres, als mit einem kurzen Klick online echtes Geld zu gewinnen? Es ist schwer zu schlagen!<\/p>\n\n\n\n<p>Nat\u00fcrlich werden Sie nicht durch alle Freispiel-Angebote unglaublich reich und Sie werden garantiert nicht jedes Mal gewinnen, wenn Sie die Walzen drehen. Wir w\u00e4ren unehrlich wenn wir Ihnen das sagen w\u00fcrden. Was wir Ihnen aber sagen, ist, dass Sie bei Gratis-Spins die Chance haben, in Online-Casinos innerhalb von Sekunden kostenlos Geld zu gewinnen.<\/p>\n\n\n\n<p>Das m\u00fcssen Sie tun:<\/p>\n\n\n\n<ul class=\"wp-block-list\">\n<li>Erstellen Sie Ihr neues und kostenloses Spielerkonto<\/li>\n\n\n\n<li>L\u00f6sen Sie Ihre 100 Freispiel-Boni ein<\/li>\n\n\n\n<li>W\u00e4hlen Sie ein Spiel und drehen Sie die Walzen<\/li>\n<\/ul>\n\n\n\n<p>Wenn das Gl\u00fcck auf Ihrer Seite ist, sind Sie vielleicht der n\u00e4chste Spieler, der mit einem schnellen Freispiel, Millionen gewinnt. Wenn nicht, ist alles was Sie getan haben, nur ein paar Sekunden Ihrer Zeit zu investieren, um versucht zu haben den Moolah Jackpot nach Hause zu bringen.<\/p>\n\n\n\n<p>Ziehen Sie es einfach in Betracht. M\u00f6chten Sie lieber stundenlang nach anderen Wegen suchen, um \u00fcber die Runden zu kommen, oder m\u00f6chten Sie ein schnelles Online-Spiel kostenlos spielen und versuchen, Zehntausende in weniger als ein paar Sekunden zu gewinnen? Nat\u00fcrlich setzen wir uns immer f\u00fcr verantwortungsbewusstes Spielen ein!<\/p>\n\n\n\n<h3 class=\"wp-block-heading\" id=\"h-aussergewohnliche-beispiele-fur-100-freispiele\">Aussergew\u00f6hnliche Beispiele f\u00fcr 100 Freispiele<\/h3>\n\n\n\n<p>Jetzt wo wir Sie auf den Geschmack gebracht haben von 100 Freispiel-Angeboten, m\u00f6chten wir Ihnen ein paar Beispiele zeigen.<\/p>\n\n\n\n<p>Bei Casino.com k\u00f6nnen Sie 100 Bonus-Spins f\u00fcr den Spielautomaten &#8220;Kong: The Eights Wonder of the World&#8221; erhalten. Dies ist eine gro\u00dfartige M\u00f6glichkeit, um in die Welt der aufregenden Spielautomaten einzusteigen. Casino.com ist bekannt f\u00fcr seinen Unterhaltungswert. Um die 100 Freispiele in Anspruch zu nehmen, m\u00fcssen Sie nur \u20ac10 mit einem Aktionscode einzahlen und Sie erhalten sofort 10 Freispiele. In diesem Casino haben Sie jedoch die Chance, bis zu 100 Drehungen pro Tag zu erhaten. Dann setzen Sie Ihren Gewinn 20-mal um, bevor Sie einen maximalen Betrag von \u20ac100 abheben k\u00f6nnen.<\/p>\n\n\n\n<p>Ein weiteres gutes Beispiel ist das Spins Casino. Dieses Online-Casino, das wundersch\u00f6n f\u00fcr Slots-Liebhaber entworfen wurde, hat ein fantastisches Bonusangebot von 100 Freispielen f\u00fcr neue Spieler geschaffen. Einfach anmelden, auf das Angebot klicken und die Walzen drehen.<\/p>\n\n\n\n<p>100 Freispiele sind definitiv eine unglaubliche M\u00f6glichkeit, verschiedene Spielautomaten und Online-Casinos auszuprobieren, ohne dabei eigenes Geld zu riskieren<\/p>\n","protected":false},"excerpt":{"rendered":"<p>Wenn Sie Spielautomaten und Online-Casinos lieben, ist das Auffinden von 100 Freispielen ohne Einzahlung sicherlich ein Vergn\u00fcgen. Die gute Nachricht ist, dass es sie gibt und oft m\u00fcssen Sie kein hart verdientes Geld ausgeben, um mit ihnen Spa\u00df zu haben. Klingt das nicht erstaunlich? Es ist also an der Zeit, einen Blick darauf zu werfen [&hellip;]<\/p>\n","protected":false},"author":7,"featured_media":727,"parent":826,"menu_order":0,"comment_status":"closed","ping_status":"closed","template":"","meta":{"_acf_changed":false,"footnotes":""},"class_list":["post-726","page","type-page","status-publish","has-post-thumbnail","hentry"],"acf":[],"_links":{"self":[{"href":"https:\/\/www.minimumdepositcasinos.org\/de\/wp-json\/wp\/v2\/pages\/726","targetHints":{"allow":["GET"]}}],"collection":[{"href":"https:\/\/www.minimumdepositcasinos.org\/de\/wp-json\/wp\/v2\/pages"}],"about":[{"href":"https:\/\/www.minimumdepositcasinos.org\/de\/wp-json\/wp\/v2\/types\/page"}],"author":[{"embeddable":true,"href":"https:\/\/www.minimumdepositcasinos.org\/de\/wp-json\/wp\/v2\/users\/7"}],"replies":[{"embeddable":true,"href":"https:\/\/www.minimumdepositcasinos.org\/de\/wp-json\/wp\/v2\/comments?post=726"}],"version-history":[{"count":8,"href":"https:\/\/www.minimumdepositcasinos.org\/de\/wp-json\/wp\/v2\/pages\/726\/revisions"}],"predecessor-version":[{"id":18117,"href":"https:\/\/www.minimumdepositcasinos.org\/de\/wp-json\/wp\/v2\/pages\/726\/revisions\/18117"}],"up":[{"embeddable":true,"href":"https:\/\/www.minimumdepositcasinos.org\/de\/wp-json\/wp\/v2\/pages\/826"}],"wp:featuredmedia":[{"embeddable":true,"href":"https:\/\/www.minimumdepositcasinos.org\/de\/wp-json\/wp\/v2\/media\/727"}],"wp:attachment":[{"href":"https:\/\/www.minimumdepositcasinos.org\/de\/wp-json\/wp\/v2\/media?parent=726"}],"curies":[{"name":"wp","href":"https:\/\/api.w.org\/{rel}","templated":true}]}}