{"id":760,"date":"2018-12-05T12:25:35","date_gmt":"2018-12-05T12:25:35","guid":{"rendered":"https:\/\/www.minimumdepositcasinos.org\/de\/?page_id=760"},"modified":"2021-08-31T15:22:40","modified_gmt":"2021-08-31T15:22:40","slug":"netent","status":"publish","type":"page","link":"https:\/\/www.minimumdepositcasinos.org\/de\/kein-einzahlungsbonus\/netent\/","title":{"rendered":"Netent No Deposit Casinos"},"content":{"rendered":"<h1>NetEnt No Deposit Casinos<\/h1>\n<p>Wenn Sie jemals von NetEnt No Deposit Casinos geh\u00f6rt haben,<img decoding=\"async\" class=\" wp-image-761 alignright\" src=\"https:\/\/www.minimumdepositcasinos.org\/de\/wp-content\/uploads\/2018\/12\/Netent_400x400-1-300x300.jpg\" alt=\"Netent Casinos ohne Einzahlung\" width=\"180\" height=\"180\" srcset=\"https:\/\/www.minimumdepositcasinos.org\/de\/wp-content\/uploads\/2018\/12\/Netent_400x400-1-300x300.jpg 300w, https:\/\/www.minimumdepositcasinos.org\/de\/wp-content\/uploads\/2018\/12\/Netent_400x400-1-150x150.jpg 150w, https:\/\/www.minimumdepositcasinos.org\/de\/wp-content\/uploads\/2018\/12\/Netent_400x400-1.jpg 400w\" sizes=\"(max-width: 180px) 100vw, 180px\" \/> wissen Sie, dass diese Einzahlungsaktionen an Spieler vergeben werden, die ihre erste Einzahlung in einem von <a href=\"https:\/\/www.minimumdepositcasinos.org\/de\/software\/netent\/\">NetEnt<\/a> betriebenen Casino noch nicht get\u00e4tigt haben. Es ist eine Promotion, die jeder, der sich f\u00fcr Online-Gl\u00fccksspiele interessiert, voll aussch\u00f6pfen kann, besonders wenn Sie Ihr eigenes Geld nicht riskieren wollen. Alles, was Sie tun m\u00fcssen, ist, einen neuen Spieler zu erstellen, ein Echtgeldkonto im <a href=\"https:\/\/www.minimumdepositcasinos.org\/de\/\">Online-Casino<\/a> und Ihr Bonus wird Ihrem Konto automatisch gutgeschrieben, bevor Sie Ihre erste Einzahlung t\u00e4tigen.<\/p>\n<p>Und das Beste daran: Sobald Sie Ihren NetEnt No Deposit Bonus aufgebraucht haben, k\u00f6nnen Sie noch gro\u00dfz\u00fcgigere Online Casino Angebote in Form von Willkommenspaketen und Freispielen nutzen. Dies ist ein Teil dessen, was Online-Gl\u00fccksspiele so attraktiv macht, die Chance, verschiedene Casinos und Spiele auszuprobieren, im Grunde genommen kostenlos. Beachten Sie jedoch, dass fast alle NetEnt No Deposit Casinos bestimmte Durchspiel- oder Wettanforderungen stellen, die Sie erf\u00fcllen m\u00fcssen, bevor Sie Gewinne aus Ihren kostenlosen Runden auszahlen lassen k\u00f6nnen. Dar\u00fcber hinaus wird der Gesamtbetrag, den Sie m\u00f6glicherweise von Ihren Freebies abheben k\u00f6nnen, oft begrenzt. Es ist immer noch Geld umsonst am Ende des Tages.<\/p>\n<p>Keine Einzahlungsboni sind eine ausgezeichnete M\u00f6glichkeit, Ihr Gameplay in einem Online-Casino risikofrei zu starten. Wenn Sie Ihren Bonus ohne Einzahlung in Anspruch nehmen, gibt es wirklich kein Anfangsrisiko f\u00fcr Ihre eigene Bankroll, also lohnt es sich sicherlich, Ihren Bonus ohne Einzahlung in Anspruch zu nehmen und ein wenig Spa\u00df zu haben.<\/p>\n<p>In den meisten F\u00e4llen ist ein Casino-Bonus ein bestimmter Betrag an Bonusgeld oder Freispielen. Bonusgeld hat jedoch einen Wert, Sie k\u00f6nnen es nur nicht sofort aus Ihrem Casino Ihrer Wahl abheben. Sie m\u00fcssen zuerst Ihre Gratisgewinne eine bestimmte Anzahl von Mal setzen, bevor Sie sie auf Ihr eigenes Bankkonto \u00fcberweisen k\u00f6nnen.<\/p>\n<h3>Wie man eine Promotion bei NetEnt ohne Einzahlung von Casinos in Anspruch nimmt<\/h3>\n<p>Die Inanspruchnahme eines Bonus ohne Einzahlung ist super schnell und einfach. Alles, was Sie tun m\u00fcssen, ist sich bei der Online Casino Anzeige zu registrieren und ein neues Spielerkonto zu er\u00f6ffnen, was nur ein oder zwei Minuten dauert. Sie erhalten dann entweder einen Code, mit dem Sie Ihren Bonus ohne Einzahlung erhalten, oder das Bonusgeld wird Ihrem Konto automatisch gutgeschrieben, bevor Sie \u00fcberhaupt eine Einzahlung t\u00e4tigen.<\/p>\n<h3>Worin besteht der Unterschied zwischen einem Einzahlungscasino und einem No Deposit Casino?<\/h3>\n<p>Ein Bonus ohne Einzahlung ist in der Regel Teil eines ersten Anmeldebonus. Im Gegensatz zu einem normalen Willkommensbonus sind keine Einzahlungsboni selten, aber Sie werden sie in den NetEnt No Deposit Casinos finden. Im Allgemeinen sind keine Einzahlungsboni in der Regel viel niedriger im Wert und im Vergleich zu Einzahlungsboni, wird ein Bonusgeldbetrag und nicht ein Prozentsatz der Einzahlungen, die Sie t\u00e4tigen, sein. In einigen F\u00e4llen sind die Wettanforderungen, die an einen Bonus ohne Einzahlung gebunden sind, im Vergleich zu Standard-Einzahlungsboni deutlich h\u00f6her.<\/p>\n<p>Normalerweise haben Sie genau die gleichen Gewinnchancen, wenn Sie mit dem Bonus eines Casinos spielen, wie wenn Sie Echtgeldspiele spielen. Es gibt wirklich keine M\u00f6glichkeit f\u00fcr ein Casino, Bonusgelder oder echte Bargelde zu bevorzugen. Das Beste von allem, wenn Sie in einem NetEnt No Deposit Casino spielen, sind Sie sicher, dass Sie fair spielen und einen relativ hohen Return to Player (RTP)-Prozentsatz haben. Au\u00dferdem gibt es wirklich keinen Unterschied zwischen dem Spielen mit einem Bonus ohne Einzahlung oder einem normalen Einzahlungsbonus, wenn es um Ihre Gewinnchancen geht.<\/p>\n<h3>Warum l\u00e4sst NetEnt Sie mit kostenlosem Geld spielen?<\/h3>\n<p>Online-Casino-Betreiber neigen dazu, keine Einzahlungsboni anzubieten, um neue Spieler dazu zu bringen, ihre Website auszuprobieren und sich im Wesentlichen anzumelden. Indem Sie Ihnen einen kostenlosen Bonus geben, wenn Sie sich nicht in einem Casino anmelden wollten, stehen die Chancen gut, dass Sie ein neues Spielerkonto er\u00f6ffnen werden, um Ihr Gl\u00fcck ohne Einzahlungsbonus auszuprobieren. Die Absicht des Casinos ist es, sicherzustellen, dass Sie viel Spa\u00df beim Spielen im Casino haben und dass Sie sich entscheiden, Einzahlungen zu t\u00e4tigen und ein treuer Spieler in einem NetEnt No Deposit Casino zu werden.<\/p>\n<h3>K\u00f6nnen Sie Ihren No Deposit Bonus auszahlen lassen?<\/h3>\n<p>Wie wir bereits gesagt haben, k\u00f6nnen Sie sicherlich Gewinne erzielen, wenn Sie mit einem cleveren Bonus ohne Einzahlung spielen. Aber wenn Sie das Gl\u00fcck haben, etwas zu gewinnen, m\u00fcssen Sie immer noch die Wettbedingungen des Bonus erf\u00fcllen, bevor Sie Ihr Geld auszahlen lassen k\u00f6nnen. Es ist auch sehr wahrscheinlich, dass Sie, bevor Sie eine Auszahlung beantragen, im Casino zuerst eine Einzahlung t\u00e4tigen m\u00fcssen, um Ihre bevorzugte <a href=\"https:\/\/www.minimumdepositcasinos.org\/de\/casino-zahlungsoptionen\/\">Bankmethode<\/a> zu registrieren.<\/p>\n<p>Zumindest ermutigt Sie dies, den Mindestbetrag auf Ihr Spielerkonto einzuzahlen und Ihre Einzahlung durchzuspielen, um Ihre Auszahlung zu erm\u00f6glichen. So kann der Begriff &#8220;keine Einzahlung&#8221; etwas verwirrend erscheinen, aber denken Sie daran, dass Sie das Geld auf Ihrem Konto erhalten haben, bevor Sie \u00fcberhaupt eine Einzahlung get\u00e4tigt haben. Es ist wirklich die Art und Weise des Online-Casinos, wie Sie f\u00fcr mehr Spielspa\u00df und Gewinnchancen sorgen k\u00f6nnen.<\/p>\n<h3>NetEnt No Deposit Free Spin<\/h3>\n<p><a href=\"\/de\/freespins\/netent-free-spins\/\">NetEnt No Deposit Casinos bieten auch oft Freispiele<\/a> als Teil eines Willkommensbonus oder als Sonderangebot f\u00fcr neue und treue Spieler an. Keine Freispiele ohne Einzahlung geben Ihnen die M\u00f6glichkeit, ein oder zwei Spielautomaten auszuprobieren, ohne Ihre erste Einzahlung zu t\u00e4tigen. Wenn die Freispiele ohne Einzahlung an ein Willkommenspaket gebunden sind, m\u00fcssen Sie sich nur im Casino anmelden, ein neues Spielerkonto er\u00f6ffnen und Ihre Freispiele werden Ihrem Konto sofort gutgeschrieben.<\/p>\n<p>In den meisten F\u00e4llen sind keine Freispiele von NetEnt f\u00fcr ein oder zwei ihrer erstaunlichen Online-Video-Slots g\u00fcltig. Wenn Sie das Gl\u00fcck haben, Geld aus Ihren freien Runden zu gewinnen, gilt es auch als Bonusgeld, das Sie zuerst einsetzen m\u00fcssen, bevor Sie Ihr Geld abheben wollen. Es gibt jedoch einige NetEnt Casinos, die es Ihnen erm\u00f6glichen, Ihre Freispiele sofort abzuheben, also seien Sie auf der Hut nach diesen, wenn Sie begierig darauf sind, kostenloses Geld zu bekommen!<\/p>\n<p>NetEnt No Deposit Casinos gibt Ihnen oft eine Reihe von Freispielen ohne Einzahlung, um neue Spielautomaten auszuprobieren und den \u00dcberblick zu behalten.<\/p>\n<h3>Wo k\u00f6nnen Sie NetEnt keine Einzahlungs-Casinos finden?<\/h3>\n<p>Mehrere NetEnt Casinos bieten keine Einzahlungsboni in verschiedenen Formen an. Wie gesagt, es ist in der Regel ein Bonusgeldbetrag, aber in einigen F\u00e4llen kann es auch als Freispiel angeboten werden. Um ohne Einzahlungen aus NetEnt Casinos auf dem Laufenden zu bleiben, schauen Sie regelm\u00e4\u00dfig bei uns vorbei. Diese Online-NetEnt-Casinos bieten am meisten 5 Euro kostenlose Bonusse ohne Einzahlung und es gibt einige, die sogar 10 Euro kostenlose Bonusse ohne Einzahlung anbieten, um Sie dazu zu bringen, im Casino anzufangen und ein paar verschiedene NetEnt-Spiele auszuprobieren.<\/p>\n<h3>Vergessen Sie nicht, sich anzumelden, um Ihr Angebot anzufordern<\/h3>\n<p>Ein Bonus ohne Einzahlung ist fast immer Teil einer Anmeldeaktion und lockt Sie dazu, ein NetEnt Casino zum ersten Mal auszuprobieren. Einer der gr\u00f6\u00dften Vorteile der Anmeldung in einem NetEnt Casino ist neben dem Erhalt Ihres No Deposit Bonus auch die Tatsache, dass Sie sich selbst zur Verf\u00fcgung stellen werden, um von zuk\u00fcnftigen Boni und Promotionen dieses speziellen Casinos zu profitieren.<\/p>\n<p>Abgesehen von diesem erstaunlichen Vorteil gibt es diese NetEnt Casinos, die ihre treuen Spieler gerne ohne Einzahlungsboni belohnen oder inaktive Spieler wieder auf die Seite bringen und wetten. M\u00f6glicherweise finden Sie sogar diese Art von Werbeaktionen, die Sie gewinnen k\u00f6nnen, wenn ein neues Spiel gestartet wird oder wenn das Casino etwas feiert, wie z.B. ein Jubil\u00e4um oder ein Upgrade.<\/p>\n<p>Normalerweise, sobald Sie Ihre erste Einzahlung get\u00e4tigt haben, erhalten Sie m\u00f6glicherweise mehr Einladungen ohne Einzahlungsboni sowie aufregende Freispielpromotions ohne Einzahlung.<\/p>\n<h3>NetEnt bietet hochwertige Software und Hunderte von Spielen an<\/h3>\n<p>Also, warum genau sollten Sie sich bei NetEnt No Deposit Casinos anmelden? Nun, dieser weltweit f\u00fchrende <a href=\"https:\/\/www.minimumdepositcasinos.org\/de\/software\/\">Softwareentwickler<\/a> macht keine Kompromisse, wenn es um die Qualit\u00e4t seiner Spiele geht, und setzt weiterhin Ma\u00dfst\u00e4be, um Ihnen bessere Spiele f\u00fcr eine Vielzahl von Spielern und Vorlieben zu bieten. Mit Sofortspielkasinos, die sowohl auf Computern als auch auf mobilen Ger\u00e4ten verf\u00fcgbar sind, nutzt NetEnt Flash, um hochaufl\u00f6sende, immersive Spiele zu entwickeln, die Ihnen unglaubliche Spielerlebnisse bieten. Auch wenn die Software von NetEnt aus fr\u00fcheren Zeiten einfach war, passte sie doch zu den Zeiten vor 20 Jahren. Heute ist NetEnt in Bezug auf die Benutzerfreundlichkeit sehr anspruchsvoll, so dass Sie au\u00dfergew\u00f6hnliche Grafiken, Sounds und Funktionen erwarten k\u00f6nnen.<\/p>\n<p>NetEnt tut weiterhin alles, was in seiner Macht steht, um auch die neuesten Sicherheitstrends zu verfolgen, um sicherzustellen, dass Ihre Bank- und pers\u00f6nlichen Daten sicher sind, selbst wenn Sie nur einen Bonus ohne Einzahlung verwenden. Der Entwickler verwendet die neueste Datenverschl\u00fcsselungstechnologie und testet seine Software weiterhin regelm\u00e4\u00dfig, um sicherzustellen, <a href=\"https:\/\/www.minimumdepositcasinos.org\/de\/2018\/09\/07\/ist-es-sicher-auf-online-kasino-seiten-zu-spielen\/\">dass Sie, wenn Sie in einem NetEnt Casino spielen, absolute Sicherheit haben, wenn Sie spielen.<\/a><\/p>\n<h3>Sie k\u00f6nnen bei NetEnt ohne Einzahlung spielen Mobile Casinos<\/h3>\n<p>Das Handy hat einen unglaublichen Einfluss auf viele Aspekte eures Lebens gehabt. Manchmal kann es vorkommen, dass Sie sogar vergessen, was Sie auf einem Desktop-Computer tun k\u00f6nnen. Es ist jedoch wichtig, sich daran zu erinnern, dass NetEnt dank der mobilen Casinos von NetEnt Touch f\u00fcr erstaunliche Unterhaltung unterwegs sorgt. Meistens f\u00fcr Android- und iOS-Ger\u00e4te entwickelt, k\u00f6nnen Sie auf Ihre bevorzugten NetEnt No Deposit Casinos zugreifen und mit Ihrem Bonus sowie um echtes Geld spielen, w\u00e4hrend Sie eine gro\u00dfe Auswahl an Spielen genie\u00dfen.<\/p>\n<p>NetEnt No Deposit Casinos wachsen weiter an Popularit\u00e4t und Vielfalt. Wenn Sie die Action nicht verpassen m\u00f6chten, sollten Sie regelm\u00e4\u00dfig bei uns nach den neuesten Angeboten suchen. Sie wollen gute Unterhaltung und NetEnt, wie wir wissen, ist mehr als bereit zu liefern.<\/p>\n","protected":false},"excerpt":{"rendered":"<p>NetEnt No Deposit Casinos Wenn Sie jemals von NetEnt No Deposit Casinos geh\u00f6rt haben, wissen Sie, dass diese Einzahlungsaktionen an Spieler vergeben werden, die ihre erste Einzahlung in einem von NetEnt betriebenen Casino noch nicht get\u00e4tigt haben. Es ist eine Promotion, die jeder, der sich f\u00fcr Online-Gl\u00fccksspiele interessiert, voll aussch\u00f6pfen kann, besonders wenn Sie Ihr [&hellip;]<\/p>\n","protected":false},"author":7,"featured_media":761,"parent":779,"menu_order":0,"comment_status":"closed","ping_status":"closed","template":"","meta":{"_acf_changed":false,"footnotes":""},"class_list":["post-760","page","type-page","status-publish","has-post-thumbnail","hentry"],"acf":[],"_links":{"self":[{"href":"https:\/\/www.minimumdepositcasinos.org\/de\/wp-json\/wp\/v2\/pages\/760","targetHints":{"allow":["GET"]}}],"collection":[{"href":"https:\/\/www.minimumdepositcasinos.org\/de\/wp-json\/wp\/v2\/pages"}],"about":[{"href":"https:\/\/www.minimumdepositcasinos.org\/de\/wp-json\/wp\/v2\/types\/page"}],"author":[{"embeddable":true,"href":"https:\/\/www.minimumdepositcasinos.org\/de\/wp-json\/wp\/v2\/users\/7"}],"replies":[{"embeddable":true,"href":"https:\/\/www.minimumdepositcasinos.org\/de\/wp-json\/wp\/v2\/comments?post=760"}],"version-history":[{"count":5,"href":"https:\/\/www.minimumdepositcasinos.org\/de\/wp-json\/wp\/v2\/pages\/760\/revisions"}],"predecessor-version":[{"id":10218,"href":"https:\/\/www.minimumdepositcasinos.org\/de\/wp-json\/wp\/v2\/pages\/760\/revisions\/10218"}],"up":[{"embeddable":true,"href":"https:\/\/www.minimumdepositcasinos.org\/de\/wp-json\/wp\/v2\/pages\/779"}],"wp:featuredmedia":[{"embeddable":true,"href":"https:\/\/www.minimumdepositcasinos.org\/de\/wp-json\/wp\/v2\/media\/761"}],"wp:attachment":[{"href":"https:\/\/www.minimumdepositcasinos.org\/de\/wp-json\/wp\/v2\/media?parent=760"}],"curies":[{"name":"wp","href":"https:\/\/api.w.org\/{rel}","templated":true}]}}