{"id":765,"date":"2018-12-05T15:26:31","date_gmt":"2018-12-05T15:26:31","guid":{"rendered":"https:\/\/www.minimumdepositcasinos.org\/de\/?page_id=765"},"modified":"2026-03-26T13:17:43","modified_gmt":"2026-03-26T13:17:43","slug":"first-deposit-donus","status":"publish","type":"page","link":"https:\/\/www.minimumdepositcasinos.org\/de\/first-deposit-donus\/","title":{"rendered":"Erster Einzahlungsbonus"},"content":{"rendered":"<div class=\"wp-block-image\">\n<figure class=\"alignright\"><img decoding=\"async\" width=\"300\" height=\"267\" src=\"https:\/\/www.minimumdepositcasinos.org\/de\/wp-content\/uploads\/2018\/12\/admin-ajax-2-300x267.jpg\" alt=\"Ein Ersteinzahlungsbonus\" class=\"wp-image-769\" srcset=\"https:\/\/www.minimumdepositcasinos.org\/de\/wp-content\/uploads\/2018\/12\/admin-ajax-2-300x267.jpg 300w, https:\/\/www.minimumdepositcasinos.org\/de\/wp-content\/uploads\/2018\/12\/admin-ajax-2.jpg 360w\" sizes=\"(max-width: 300px) 100vw, 300px\" \/><\/figure><\/div>\n\n\n<p>W\u00e4hrend reale Casinos eine summende, brillante Atmosph\u00e4re bieten, komplett mit lauter Musik und blinkenden Lichtern, bieten <a href=\"https:\/\/www.minimumdepositcasinos.org\/de\/\">Online-Casinos<\/a> erstaunliche Ersteinzahlungsboni, die sich f\u00fcr Sie lohnen. Vergessen Sie das Buchen von Flugtickets und das Ausgeben von Geld f\u00fcr ein Hotelzimmer, um Zeit in einem echten Casino zu verbringen, und entscheiden Sie sich f\u00fcr eine spa\u00dfige Nacht zu Hause, im Pyjama, in der Sie alle Ihre Lieblingsspiele auf Ihrem Desktop-PC oder \u00fcber Ihr Smartphone oder Tablett spielen.<\/p>\n\n\n\n<p>Online Casinos m\u00f6chten, dass Sie sich anmelden und weiterspielen, was genau der Grund ist, warum die meisten von ihnen eine einladende Bonusaktion f\u00fcr erste Einzahlungen anbieten. F\u00fcr die meisten Casinos werden Sie mit zus\u00e4tzlichem Bonusgeld belohnt, sobald Sie Ihre erste Einzahlung t\u00e4tigen. Andere f\u00fcgen sogar eine Reihe von Freispielen hinzu, um den Deal zu vers\u00fc\u00dfen. Spielen Sie weiter im Casino und t\u00e4tigen Sie Einzahlungen, und Sie werden bald Teil des VIP-Programms, in dem Sie kostenlose Hotelaufenthalte und \u00dcbernachtungen in landgebundenen Casinos gewinnen k\u00f6nnen. Es wird wirklich nicht besser.<\/p>\n\n\n\n<h3 class=\"wp-block-heading\">Wie Sie Ihren Ersteinzahlungsbonus einfordern und mit dem Online-Spa\u00df beginnen k\u00f6nnen<\/h3>\n\n\n\n<p>Den richtigen Online-Casino-Bonus f\u00fcr Sie zu erhalten, kann schwierig sein, wenn Sie neu in der Welt des <a href=\"https:\/\/www.minimumdepositcasinos.org\/de\/2018\/10\/15\/warum-online-spieler-retro-spiele-lieben\/\">Online-Casino-Spiels<\/a> sind. Aber das muss nicht sein. Alles, was Sie brauchen, sind die richtigen Informationen, um loszulegen und Sie werden im Handumdrehen den perfekten Ersteinzahlungsbonus f\u00fcr Sie finden. Tats\u00e4chlich haben wir die ganze Arbeit bereits f\u00fcr dich erledigt. Werfen Sie einen Blick auf unsere Liste der empfohlenen Casinos, von denen die meisten gro\u00dfz\u00fcgige Ersteinzahlungsboni bieten, die oft auf eine Reihe von Einzahlungen aufgeteilt sind, um den Spielspa\u00df zu verl\u00e4ngern.<\/p>\n\n\n\n<p>Lassen Sie uns einen Blick darauf werfen, was Sie tun m\u00fcssen, um den richtigen Online-Casino-Bonus f\u00fcr Ihre Spieleinstellungen zu finden.<\/p>\n\n\n\n<h4 class=\"wp-block-heading\">W\u00e4hlen Sie ein Angebot f\u00fcr einen Ersteinzahlungsbonus und registrieren Sie die notwendigen Details<\/h4>\n\n\n\n<p>Ihr erster Schritt, um einen Einzahlungsbonus zu erhalten, ist, in Ihr bevorzugtes Online-Casino zu gehen und ein neues Spielerkonto zu registrieren, indem Sie Ihre pers\u00f6nlichen und Kontaktdaten angeben.<\/p>\n\n\n\n<h4 class=\"wp-block-heading\">Geben Sie den Bonuscode ein<\/h4>\n\n\n\n<p>Einige Online-Casinos verlangen, dass Sie einen Bonuscode eingeben, um Ihren Ersteinzahlungsbonus zu erhalten. Sie werden gefragt, ob Sie den Willkommensbonus des Casinos erhalten m\u00f6chten, und es gibt einen Opt-in-Button, der, sobald er angekreuzt ist, sicherstellt, dass Ihr Bonus bei Ihrer ersten Einzahlung Ihrem Konto gutgeschrieben wird. Alternativ gibt es ein Feld namens &#8220;Bonuscode&#8221;, in dem Sie einen Code eingeben m\u00fcssen, um Ihren Bonus zu erhalten. Den Code findest du typischerweise direkt hier auf unserer Seite. In den meisten F\u00e4llen m\u00fcssen Sie eine Einzahlung t\u00e4tigen, bevor Sie den Bonus erhalten.<\/p>\n\n\n\n<p>W\u00e4hrend Online-Casinos normalerweise verlangen, dass Sie eine Einzahlung auf Ihr Online-Realgeldkonto t\u00e4tigen, bevor Sie Ihren Bonus in Anspruch nehmen k\u00f6nnen, m\u00fcssen Sie nicht immer zuerst Geld einzahlen &#8211; lesen Sie einfach das Kleingedruckte.<\/p>\n\n\n\n<h4 class=\"wp-block-heading\">Dr\u00fccken Sie Enter, um Ihren Bonus zu erhalten<\/h4>\n\n\n\n<p>Sobald Sie alle erforderlichen Angaben gemacht haben, klicken Sie auf Enter und Sie erhalten Ihren Bonus auf Ihr Spielerkonto.<\/p>\n\n\n\n<h3 class=\"wp-block-heading\">Alles, was Sie \u00fcber einen Ersteinahlungsbonus wissen m\u00fcssen<\/h3>\n\n\n\n<p>Online Casino Registrierungsangebote sind am besten bekannt als Willkommensbonus. Mit diesen Boni k\u00f6nnen Sie Tausende von Euro verdienen, vorausgesetzt, Sie erf\u00fcllen die Wettbedingungen des Casinos. Sobald Sie sich also f\u00fcr eine Website angemeldet haben, wird Ihnen der wohl beste Online-Casino-Bonus angeboten, den Sie je w\u00e4hrend Ihrer Spielzeit erhalten werden.<\/p>\n\n\n\n<p>Das Wichtigste, was Sie beim Spielen in Online-Casinos beachten sollten, ist, dass der Ersteinzahlungsbonus normalerweise bei der Registrierung und Ihrer Ersteinzahlung gew\u00e4hrt wird. Es ist die Art von Promotion, die Sie nur einmal pro Seite erhalten k\u00f6nnen, also bevor Sie sich bei einem bestimmten Betreiber anmelden, stellen Sie sicher, dass Sie das bestm\u00f6gliche Angebot finden, das Ihrer Bankroll hilft, weiter zu gehen und Ihnen die Chance gibt, echtes Geld kostenlos zu gewinnen.<\/p>\n\n\n\n<p>Lassen Sie uns einen Blick auf die verschiedenen Arten von Ersteinzahlungsboni werfen, die Sie normalerweise in Online-Casinos finden.<\/p>\n\n\n\n<h4 class=\"wp-block-heading\">A Match Deposit Bonus<\/h4>\n\n\n\n<p>Ein Match-Einzahlungsbonus ist einer, den Sie erhalten, wenn das Online-Casino Ihre erste Einzahlung mit einem festen Prozentsatz abgleicht. Zum Beispiel, wenn Sie 100\u20ac einzahlen und das Casino das mit 300% \u00fcbereinstimmt, erhalten Sie die Summe von 300\u20ac, um Ihr Gameplay zu starten.<\/p>\n\n\n\n<p>Das Einl\u00f6sen einer Einzahlung ist nat\u00fcrlich gro\u00dfartig, aber beachten Sie, dass die Online-Casinos normalerweise ein Limit festlegen, wie viel Sie auszahlen k\u00f6nnen. So werden Sie in der Regel auf Werbeaktionen sto\u00dfen, die Dinge wie einen 100%igen Einzahlungsbonus bis zu 1.000 \u20ac angeben, um ein Limit auszudr\u00fccken.<\/p>\n\n\n\n<h4 class=\"wp-block-heading\">Ein Sticky-Bonus<\/h4>\n\n\n\n<p>Ein Sticky-Bonus soll Sie ermutigen, Wetten in Ihrem bevorzugten Online-Casino zu platzieren. Aber es ist vielleicht nicht deins zur Aufbewahrung. Das Sammeln eines klebrigen Bonus hat jedoch seine Vorteile, da Sie damit ein Spiel spielen k\u00f6nnen, bevor Sie eine Einzahlung t\u00e4tigen. Sobald Sie die Durchspielbedingungen erf\u00fcllt haben, k\u00f6nnen Sie alle Gewinne aus Ihren Bonusrunden abheben. Der klebrige Bonus ist jedoch Bonusgeld, das Ihnen bei der Anmeldung gegeben wird, aber er wird von Ihren Gewinnen entfernt. Der Rest geh\u00f6rt jedoch dir.<\/p>\n\n\n\n<h4 class=\"wp-block-heading\">Online Casino Loyalit\u00e4tsboni<\/h4>\n\n\n\n<p>Loyalit\u00e4tsboni sind eine weitere Art von \u00fcblichen Online-Casino-Bonussen. Typischerweise werden diese Boni treuen Kunden angeboten, die l\u00e4ngst einen Ersteinzahlungsbonus gemacht haben und weiterhin im Online Casino gewettet haben. Im Wesentlichen werden diese exklusiven Werbeaktionen verwendet, um Sie f\u00fcr das Sammeln einer Reihe von Punkten und das Aufsteigen in die Trefferliste des Casinos zu belohnen. Zum Beispiel von Gold bis Platin. Diese Mitglieder erhalten auch eine Vielzahl von exklusiven Boni, abh\u00e4ngig von ihrem Mitgliedsstatus. Zu den \u00fcblichen Boni geh\u00f6ren Freispiele und monatliche Spielboni &#8211; nur weil sie den Vorteil ihres allerersten Einzahlungsbonus genutzt haben und weiterhin loyal in einem Casino spielen.<\/p>\n\n\n\n<h4 class=\"wp-block-heading\">Einzahlungsboni<\/h4>\n\n\n\n<p>Online-Casino-Betreiber lieben es, Ihnen zu zeigen, wie viel Sie ihnen bedeuten. Sie tun dies, indem sie Ihnen einen Ersteinzahlungsbonus geben. Wenn Sie Ihre erste Einzahlung t\u00e4tigen, belohnt Sie das Casino, indem es Ihnen einen Prozentsatz des Geldes \u00fcber Ihre Einzahlung hinaus gibt. Dies ist so ziemlich die Version des Online-Casinos mit einem Rabatt. Angenommen, Sie zahlen 100\u20ac ein und das Casino gibt Ihnen 100% dazu, Sie erhalten 200\u20ac direkt vor dem Tor, obwohl Sie nur f\u00fcr die ersten 100\u20ac bezahlt haben. Das ist eine gute M\u00f6glichkeit, verschiedene Spiele auszuprobieren und ein Gef\u00fchl f\u00fcr die Benutzerfreundlichkeit und das Layout des Casinos zu bekommen.<\/p>\n\n\n\n<h3 class=\"wp-block-heading\">Machen Sie das meiste aus Ihrem Einzahlbonus<\/h3>\n\n\n\n<p>Ob Sie <a href=\"\/de\/freespins\/netent-free-spins\/\">NetEnt-Spiele<\/a>, <a href=\"\/de\/freespins\/microgaming-free-spins\/\">Microgaming-Slots<\/a> oder so ziemlich jede andere Art von Online-Casino-Spiel lieben, Einzahlungsboni sind der perfekte Weg, um alle Vorteile zu nutzen. Hier sind ein paar Tipps und Tricks, die Ihnen helfen, das Beste aus Ihrem Einzahlungsbonus herauszuholen.<\/p>\n\n\n\n<ul class=\"wp-block-list\">\n<li>W\u00e4hrend wir oft sagen, dass ein Willkommensbonuspaket ein einmaliger Bonus ist, sind einige der Top-Casino-Boni auf eine Reihe von Einzahlungen verteilt und helfen Ihrem Geld, noch weiter zu gehen als Ihre allererste Einzahlung.<\/li>\n\n\n\n<li>Casinos sind oft am innovativsten mit dem Willkommensbonus, der Ihnen alles vom Einzahlungsbonus bis zu einer Handvoll Freispiele schenkt, die Sie f\u00fcr bestimmte Spielautomaten ausgeben k\u00f6nnen.<\/li>\n\n\n\n<li>Wenn Ihr Casino Ihrer Wahl einen Einzahlungsbonus anbietet, ist es eine gro\u00dfartige M\u00f6glichkeit f\u00fcr Sie, Spa\u00df daran zu haben, l\u00e4nger zu spielen und den Gesamtbetrag Ihres Spielerkontos zu erh\u00f6hen.<\/li>\n\n\n\n<li>Einige Casinos stellen keine hohen Anforderungen an die Wette, aber die meisten tun es und es ist alles Teil des Angebots, also denken Sie immer daran, das Kleingedruckte sorgf\u00e4ltig zu lesen.<\/li>\n\n\n\n<li>Seien Sie sich bewusst, dass Online-Casinos nicht immer jede <a href=\"https:\/\/www.minimumdepositcasinos.org\/de\/casino-zahlungsoptionen\/\">Bankoption<\/a> erlauben, den Bonus in Anspruch zu nehmen, also stellen Sie sicher, ob Ihre bevorzugte Bankmethode geeignet ist oder nicht.<\/li>\n<\/ul>\n\n\n\n<p>Der beste Casino-Bonus ist wirklich einer, der es Ihnen erm\u00f6glicht, mehr Cracks zu haben und Top-Preise zu gewinnen, w\u00e4hrend Sie viel Spa\u00df haben. Sie k\u00f6nnen nicht wirklich damit argumentieren, aber Sie m\u00fcssen ein paar Dinge \u00fcber die Auszahlung Ihres Willkommensbonus wissen.<\/p>\n\n\n\n<h3 class=\"wp-block-heading\">Auszahlung eines Einzahlungsbonus in einem Online Casino<\/h3>\n\n\n\n<p>Es gibt ein paar wichtige Dinge, die Sie beachten sollten, bevor Sie Ihren Einzahlungsbonus in vollen Z\u00fcgen genie\u00dfen k\u00f6nnen. Hier ist, was du wissen musst:<\/p>\n\n\n\n<ul class=\"wp-block-list\">\n<li>Es ist zwar nicht die aufregendste Sache, aber Sie m\u00fcssen die Allgemeinen Gesch\u00e4ftsbedingungen des Casinos sorgf\u00e4ltig durchgehen, bevor Sie den Ersteinzahlungsbonus in Anspruch nehmen k\u00f6nnen. Die t&#8217;s und c&#8217;s werden Ihnen sagen, wie viel Ihr Einzahlungsbonus oder jede andere Aktion wert ist und Ihnen sp\u00e4ter b\u00f6se \u00dcberraschungen ersparen. In diesen Dokumenten finden Sie auch alle Informationen, die Sie \u00fcber eingeschr\u00e4nkte Zahlungsmethoden und L\u00e4nder ben\u00f6tigen.<\/li>\n\n\n\n<li>Machen Sie sich mit der Inanspruchnahme des Angebots vertraut. Es kann sein, dass das Casino Ihrem Konto bei der Anmeldung automatisch eine Gutschrift gutgeschrieben hat, Sie m\u00fcssen m\u00f6glicherweise einen bestimmten Code eingeben oder Sie m\u00fcssen sogar einen Kundendienstmitarbeiter kontaktieren, um den Bonus zu bearbeiten. Stellen Sie auch sicher, dass Sie verstehen, was es braucht, um sich abzumelden, nur f\u00fcr den Fall, dass Sie es m\u00fcssen.<\/li>\n\n\n\n<li>Erfahren Sie auch alles \u00fcber die Auszahlungszeiten des Casinos. Dies sind die Wartezeiten, die Sie in Kauf nehmen m\u00fcssen, wenn Sie Ihre Gewinne auszahlen lassen wollen.<\/li>\n<\/ul>\n\n\n\n<h3 class=\"wp-block-heading\">Niemals \u00fcber die Wettbedingungen hinwegsehen<\/h3>\n\n\n\n<p>Wir k\u00f6nnen es wirklich nicht genug sagen &#8211; Sie m\u00fcssen sich \u00fcber die Wettbedingungen eines Bonus informieren, bevor Sie ein Angebot annehmen k\u00f6nnen. In unseren Casino-Rezensionen und Bonus-News finden Sie alles, was Sie wissen m\u00fcssen, wie oft Ihr Einzahlungsbonus gesetzt werden muss, bevor ein Casino ihn freigibt. Wenn Sie diese Anforderungen verstehen, haben Sie klare Einblicke in die Funktionsweise eines Ersteinzahlungsbonus, bevor Sie ihn in Anspruch nehmen, so dass Sie die besten Entscheidungen f\u00fcr Ihr Online-Gl\u00fccksspielerlebnis treffen k\u00f6nnen.<\/p>\n\n\n\n<p>Wettanforderungen, so l\u00e4stig sie auch klingen m\u00f6gen, sind nicht unbedingt ein &#8220;Fang&#8221;. Die meisten Online-Betreiber haben diese Voraussetzungen erf\u00fcllt, so dass Sie Ihre Gewinne nicht sofort abheben k\u00f6nnen. Stattdessen m\u00f6chten sie, dass Sie den Betrag \u00fcber eine bestimmte Anzahl von Malen (irgendwo zwischen 1X und 100x) w\u00fcrfeln.<\/p>\n\n\n\n<p>Es ist sicherlich nicht ideal, wenn Sie hungrig nach Ihren Gewinnen sind, aber so funktioniert die iGaming-Branche! Aber lassen Sie es nicht Ihren Spa\u00df mit einem Ersteinzahlungsbonus behindern, der Ihren Spielspa\u00df in einem bestimmten Online-Casino anheizen kann.<\/p>\n","protected":false},"excerpt":{"rendered":"<p>W\u00e4hrend reale Casinos eine summende, brillante Atmosph\u00e4re bieten, komplett mit lauter Musik und blinkenden Lichtern, bieten Online-Casinos erstaunliche Ersteinzahlungsboni, die sich f\u00fcr Sie lohnen. Vergessen Sie das Buchen von Flugtickets und das Ausgeben von Geld f\u00fcr ein Hotelzimmer, um Zeit in einem echten Casino zu verbringen, und entscheiden Sie sich f\u00fcr eine spa\u00dfige Nacht zu [&hellip;]<\/p>\n","protected":false},"author":7,"featured_media":769,"parent":0,"menu_order":0,"comment_status":"closed","ping_status":"closed","template":"","meta":{"_acf_changed":false,"footnotes":""},"class_list":["post-765","page","type-page","status-publish","has-post-thumbnail","hentry"],"acf":[],"_links":{"self":[{"href":"https:\/\/www.minimumdepositcasinos.org\/de\/wp-json\/wp\/v2\/pages\/765","targetHints":{"allow":["GET"]}}],"collection":[{"href":"https:\/\/www.minimumdepositcasinos.org\/de\/wp-json\/wp\/v2\/pages"}],"about":[{"href":"https:\/\/www.minimumdepositcasinos.org\/de\/wp-json\/wp\/v2\/types\/page"}],"author":[{"embeddable":true,"href":"https:\/\/www.minimumdepositcasinos.org\/de\/wp-json\/wp\/v2\/users\/7"}],"replies":[{"embeddable":true,"href":"https:\/\/www.minimumdepositcasinos.org\/de\/wp-json\/wp\/v2\/comments?post=765"}],"version-history":[{"count":7,"href":"https:\/\/www.minimumdepositcasinos.org\/de\/wp-json\/wp\/v2\/pages\/765\/revisions"}],"predecessor-version":[{"id":18595,"href":"https:\/\/www.minimumdepositcasinos.org\/de\/wp-json\/wp\/v2\/pages\/765\/revisions\/18595"}],"wp:featuredmedia":[{"embeddable":true,"href":"https:\/\/www.minimumdepositcasinos.org\/de\/wp-json\/wp\/v2\/media\/769"}],"wp:attachment":[{"href":"https:\/\/www.minimumdepositcasinos.org\/de\/wp-json\/wp\/v2\/media?parent=765"}],"curies":[{"name":"wp","href":"https:\/\/api.w.org\/{rel}","templated":true}]}}