{"id":773,"date":"2018-12-05T16:33:43","date_gmt":"2018-12-05T16:33:43","guid":{"rendered":"https:\/\/www.minimumdepositcasinos.org\/de\/?page_id=773"},"modified":"2018-12-13T14:13:01","modified_gmt":"2018-12-13T14:13:01","slug":"50-einzahlungsbonus","status":"publish","type":"page","link":"https:\/\/www.minimumdepositcasinos.org\/de\/50-einzahlungsbonus\/","title":{"rendered":"50 Deposit Bonus"},"content":{"rendered":"<h1>50\u20ac Einzahlungsbonus<\/h1>\n<p><a href=\"https:\/\/www.minimumdepositcasinos.org\/de\/\">Online-Casino<\/a>-Boni funktionieren ziemlich genau gleich, unabh\u00e4ngig davon,<img decoding=\"async\" class=\" wp-image-775 alignright\" src=\"https:\/\/www.minimumdepositcasinos.org\/de\/wp-content\/uploads\/2018\/12\/50-art-close-up-1339866-300x195.jpg\" alt=\"50\u20ac Einzahlungsbonus\" width=\"269\" height=\"175\" srcset=\"https:\/\/www.minimumdepositcasinos.org\/de\/wp-content\/uploads\/2018\/12\/50-art-close-up-1339866-300x195.jpg 300w, https:\/\/www.minimumdepositcasinos.org\/de\/wp-content\/uploads\/2018\/12\/50-art-close-up-1339866-768x500.jpg 768w, https:\/\/www.minimumdepositcasinos.org\/de\/wp-content\/uploads\/2018\/12\/50-art-close-up-1339866-1024x667.jpg 1024w\" sizes=\"(max-width: 269px) 100vw, 269px\" \/> in welchem Casino Sie spielen m\u00f6chten. Sie m\u00fcssen keinen 50\u20ac Einzahlungsbonus akzeptieren, wenn ein Casino es Ihnen anbietet, aber es ist gro\u00dfartig, sie zu nutzen und mehr f\u00fcr Ihr Geld zu bekommen, w\u00e4hrend Sie ein Gef\u00fchl f\u00fcr ein bestimmtes Casino bekommen. Einige Boni werden nur f\u00fcr einen bestimmten Zeitraum angeboten, so dass Sie schnell handeln und Spa\u00df haben m\u00fcssen, bevor sie ablaufen.<\/p>\n<p>Einer der besten Tipps, die wir Ihnen geben k\u00f6nnen, bevor Sie einen Online-Casino-Bonus annehmen, ist das sorgf\u00e4ltige und gr\u00fcndliche Lesen der Allgemeinen Gesch\u00e4ftsbedingungen des Casinos und der Bonusbedingungen. Hier finden Sie alles, was Sie wissen m\u00fcssen, und es wird sicherstellen, dass Sie wirklich das Beste aus Ihrem Bonus herausholen. Denken Sie daran, dass Sie den Bonus erst dann in Anspruch nehmen k\u00f6nnen, wenn Sie ein neues Spielerkonto im Casino er\u00f6ffnet haben. Denken Sie daher an die Anmeldung, bevor Sie Ihren attraktiven 50-Einzahlungsbonus in Anspruch nehmen.<\/p>\n<p>Tats\u00e4chlich gibt es eine Vielzahl von aufregenden Boni, die in den von uns bewerteten und \u00fcberpr\u00fcften Online-Casinos verf\u00fcgbar sind, und diese k\u00f6nnen manchmal zu ein wenig Verwirrung und unn\u00f6tiger Panik f\u00fchren, wenn Sie die Besonderheiten der Online-Casino-Boni nicht verstehen. Also, lassen Sie uns einen genaueren Blick auf alles werfen, was Sie \u00fcber Einzahlungsboni und die Auszahlung von Gewinnen aus Ihren kostenlosen Runden wissen m\u00fcssen, um sicherzustellen, dass Sie das Beste aus Ihrem Angebot herausholen.<\/p>\n<h3>Wettanforderungen f\u00fcr Ihren 50\u20ac Einzahlungsbonus<\/h3>\n<p>Bevor wir \u00fcberhaupt die verschiedenen Arten von Einzahlungsboni besprechen, die Online-Casinos anbieten, lohnt es sich, ein gutes Verst\u00e4ndnis der Anforderungen an Wetten oder Durchspielen zu haben. Tats\u00e4chlich ist dies der Punkt, an dem die gr\u00f6\u00dfte Verwirrung aufkommt.<\/p>\n<p>Der beste Weg, dies zu erkl\u00e4ren, ist mit einem Beispiel. Nehmen wir an, Sie spielen Ihre Einzahlung plus Ihren Bonus 20 Mal, bevor Sie eine Auszahlung vornehmen (denken Sie daran, die Wettbedingungen sind von Casino zu Casino unterschiedlich). Sie zahlen also 50\u20ac ein und das Casino gibt Ihnen 50\u20ac Bonusgeld. Das gibt Ihnen 100 \u20ac zum Spielen. Jetzt m\u00fcssen Sie Ihre 100\u20ac mindestens 20x setzen, bevor Sie Ihre Gewinne abheben k\u00f6nnen. Das bedeutet, dass Sie Wetten im Wert von mindestens 2.000 \u20ac abschlie\u00dfen m\u00fcssen.<\/p>\n<p>Einige Casinos k\u00f6nnten sagen, dass Sie Ihren Bonus nur ein paar Mal spielen m\u00fcssen. Zum Beispiel beginnen Sie mit Ihren 100\u20ac, aber Sie m\u00fcssen 50\u20ac 20x durchspielen, was bedeutet, dass Sie mindestens weitere 1.000\u20ac Wetten t\u00e4tigen m\u00fcssen, bevor Sie Ihren Bonus auszahlen lassen k\u00f6nnen.<\/p>\n<p>Eine weitere wichtige Sache, mit der Sie sich vertraut machen m\u00fcssen, ist, welche Spiele Sie mit Ihrem Einzahlungsbonus spielen k\u00f6nnen und welche nicht. Fast alle Casinos neigen dazu, bestimmte Spiele vom Durchspielen auszuschlie\u00dfen. Selbst wenn Sie also Wetten im Wert von 1.000 \u20ac auf <a href=\"https:\/\/www.minimumdepositcasinos.org\/de\/spiele\/blackjack\/\">Blackjack<\/a> gemacht haben, kann Ihr Gesamtdurchspiel bei Null liegen und Sie d\u00fcrfen Ihr Geld nicht abheben. Sie werden auch feststellen, dass einige <a href=\"https:\/\/www.minimumdepositcasinos.org\/de\/software\/\">Online-Casino-Betreiber<\/a> Sie Blackjack mit Ihrem Bonus spielen lassen werden, nur mit einer viel h\u00f6heren Durchspielbedingung.<\/p>\n<p>Wir k\u00f6nnen es nicht genug betonen. Lesen Sie die Allgemeinen Gesch\u00e4ftsbedingungen des Casino-Bonus, da jedes Casino unterschiedliche Anforderungen hat.<\/p>\n<p>Nun, lassen Sie uns einen Blick auf die verschiedenen Arten von Einzahlungsboni werfen, auf die Sie sto\u00dfen werden, abgesehen von Ihrem cleveren 50\u20ac-Einzahlungsbonus.<\/p>\n<h4>Einzahlungsboni abgleichen<\/h4>\n<p>Ein Match-Einzahlungsbonus ist ein Bonus, den Sie erhalten, wenn Sie eine Einzahlung im Casino t\u00e4tigen. Das Casino vergleicht Ihre Einzahlung mit einem bestimmten Prozentsatz Ihrer gesamten Einzahlung. So kann Ihnen der Betreiber beispielsweise einen 100%igen Einzahlungsbonus von bis zu 200 \u20ac anbieten. Das bedeutet, dass sie Ihnen gro\u00dfz\u00fcgige 100% in bar auf jeden Betrag, den Sie einzahlen, bis zu einem Betrag von 200 \u20ac geben werden.<\/p>\n<p>Wenn Sie zum Beispiel 50\u20ac einzahlen, erhalten Sie weitere 50\u20ac Bonusgeld, was Ihre erste Bankroll auf 100\u20ac erh\u00f6ht.<\/p>\n<p>Sie werden diesen Bonus am h\u00e4ufigsten f\u00fcr neue Spieler finden, die ihre erste Einzahlung im Online-Casino t\u00e4tigen. Seien Sie einfach sicher, dass Sie den Prozentsatz ber\u00fccksichtigen, um sicherzustellen, dass Sie wirklich alles f\u00fcr Ihr Geld bekommen.<\/p>\n<h4>Ein kostenloser Geldbonus<\/h4>\n<p>Dies ist auch ein Ersteinzahlungsbonus, bei dem Sie einen Satz etwas erhalten, unabh\u00e4ngig davon, wie viel Sie einzahlen. Zum Beispiel kann ein Casino Ihnen kostenlos 50 \u20ac anbieten, vorausgesetzt, Sie leisten die Mindesteinzahlung von 20 \u20ac. Dies gibt Ihnen eine Startbankroll von 70 \u20ac zum Spielen. Wenn Sie jedoch 50\u20ac einzahlen, erhalten Sie trotzdem nur einen 50\u20ac Einzahlungsbonus.<\/p>\n<p>Bevor Sie nein sagen, dank des Einzahlungsbonus eines Casinos, der niedrig erscheinen mag, sollten Sie sich \u00fcberlegen, was es bedeuten w\u00fcrde, wenn Sie die Mindesteinzahlung t\u00e4tigen &#8211; Sie werden feststellen, dass es Ihnen einen anst\u00e4ndigen Schub gibt, da sind wir sicher.<\/p>\n<h4>Der Sticky Bonus<\/h4>\n<p>Dies ist ein Bonus, den Sie in Online-Casinos finden werden, die Ihnen einen Bankroll-Boost geben, um zu spielen, aber Sie d\u00fcrfen den Bonusbetrag nicht abheben. Mit anderen Worten, das Online-Casino gibt Ihnen kostenloses Geld zum Spielen, aber sobald Sie die Wettbedingungen erreicht haben, d\u00fcrfen Sie nur Gewinne auszahlen lassen, die \u00fcber den urspr\u00fcnglichen Betrag des Bonus hinausgehen. Das Casino entfernt das Bonusgeld von Ihrem Konto, sobald Sie eine Auszahlung vornehmen.<\/p>\n<p>Online-Casinos neigen dazu, mit ihren Boni aus diesem Grund unglaublich gro\u00dfz\u00fcgig zu sein, so dass Sie mit einer relativ gro\u00dfen Bankroll spielen k\u00f6nnen. Einige Casinos bieten m\u00f6glicherweise erstaunliche Boni. Es ist der perfekte Weg, um Spiele mit maximalen Coins und Wetten zu spielen, und es bietet Ihnen eine ausgezeichnete Auszahlungsrate, wenn Sie einen gro\u00dfen Gewinn erzielen.<\/p>\n<h4>Der exklusive Bonus<\/h4>\n<p>Der Hinweis hier ist im Namen. Es gibt einige Einzahlungsboni, die Sie in bestimmten Casinos finden werden, in denen der Betreiber ein exklusives Gesch\u00e4ft mit einem Softwareentwickler abgeschlossen hat, um sie den Spielern anzubieten. Die Boni k\u00f6nnen jede der oben genannten Arten von Boni sein, z.B. ein Einzahlungsbonus von 50 \u20ac, der f\u00fcr die neueste Slot-Version von <a href=\"https:\/\/www.minimumdepositcasinos.org\/de\/software\/netent\/\">NetEnt<\/a> ausgegeben wird.<\/p>\n<p>Wie immer, denken Sie daran, sich sowohl die Allgemeinen Gesch\u00e4ftsbedingungen des Casinos als auch die Details des Bonus vollst\u00e4ndig zu merken, bevor Sie das Casino auf das Angebot ansprechen.<\/p>\n<h4>Loyalit\u00e4tsboni<\/h4>\n<p>Manchmal verteilen Online-Casinos Loyalit\u00e4tsboni an Spieler, die einen bestimmten Status im Casino erreicht haben. Die Betr\u00e4ge und Arten von Boni variieren in der Regel von Casino zu Casino und einige setzen keine Wettbedingungen f\u00fcr ihre Treuebonusse.<\/p>\n<h4>Der Re-Load Bonus<\/h4>\n<p>Diese Art von Promotion wird Ihnen normalerweise gew\u00e4hrt, wenn Sie Ihr Konto aufladen. Zum Beispiel werden einige Casinos Sie jeden Dienstag mit einem kostenlosen 50\u20ac oder 20% Bonus belohnen, wenn Sie zwischen bestimmten Zeiten spielen. Normalerweise gibt es eine erforderliche Mindesteinzahlung, die oft von Ihrer Loyalit\u00e4tsstufe im Casino abh\u00e4ngt.<\/p>\n<h4>Der High-Roller Bonus<\/h4>\n<p>High-Roller sind Spieler, die oft gro\u00dfe Betr\u00e4ge einzahlen und einsetzen. Oft werden sie als VIP-Spieler des Casinos bezeichnet. High Roller Promotionen richten sich an Spieler, die gro\u00dfe Mengen an Wetten t\u00e4tigen, und es handelt sich in der Regel um einzigartige Boni mit einzigartigen VIP-Arrangements und anderen Vorteilen und Optionen f\u00fcr die treuesten Spieler des Casinos. VIP-Spieler genie\u00dfen Elitebehandlung, Fortschritte und Angebote, aber hin und wieder ist ein 50\u20ac Einzahlungsbonus eine gute M\u00f6glichkeit, die Bankroll f\u00fcr ein kleines bisschen freie Spielzeit zu erh\u00f6hen.<\/p>\n<h4>Der Freundschaftswerbebonus<\/h4>\n<p>Sie k\u00f6nnen spezielle Boni verdienen, nur weil Sie einen Freund auf Ihr bevorzugtes Online-Casino verweisen. Es ist normalerweise Voraussetzung, dass Ihr Freund zuerst eine Mindesteinzahlung t\u00e4tigt und dann einen bestimmten Betrag einsetzt. Zum Beispiel kann das Casino Ihnen 50\u20ac geben, wenn Sie einen Freund empfehlen, der ein neues Spielerkonto er\u00f6ffnet und eine erste Einzahlung t\u00e4tigt.<\/p>\n<h4>Der Einzahlungsmethoden-Bonus<\/h4>\n<p>Schlie\u00dflich bieten einige Casinos attraktive Belohnungen an, wenn Sie eine ihrer alternativen <a href=\"https:\/\/www.minimumdepositcasinos.org\/de\/casino-zahlungsoptionen\/\">Zahlungsmethoden<\/a> anstelle von Kreditkarten verwenden, um Ihre allererste Einzahlung zu t\u00e4tigen. Wenn Sie beispielsweise Paysafecard oder Skrill verwenden, kann das Casino Sie mit einer Soforteinzahlung und einem zus\u00e4tzlichen 50\u20ac Einzahlungsbonus belohnen.<\/p>\n<h3>Die Vorteile des Spielens in Casinos, die Boni anbieten<\/h3>\n<p>Sobald Sie sich in Ihrem bevorzugten Online-Casino registriert haben, k\u00f6nnen Sie alle Vorteile des Casinos nutzen. Das bedeutet, dass alle Ihre <a href=\"https:\/\/www.minimumdepositcasinos.org\/de\/2018\/10\/15\/warum-online-spieler-retro-spiele-lieben\/\">Lieblingsspiele<\/a> rund um die Uhr zur Verf\u00fcgung stehen und eine Reihe von vertrauensw\u00fcrdigen und beeindruckenden Online-Gaming-Anbietern, die mobile Versionen ihrer Casinos f\u00fcr den Einsatz an jedem Ort und zu jeder Zeit anbieten.<\/p>\n<p>Die Online-Casinos, die wir f\u00fcr Sie getestet haben, bieten alle eine Reihe von warmen und gro\u00dfz\u00fcgigen Boni, einschlie\u00dflich 50 Einzahlungsboni, wenn Sie Ihre erste Einzahlung t\u00e4tigen. Einer der gr\u00f6\u00dften Vorteile von Online-Casinos ist, dass Sie echtes Geld verdienen und abheben k\u00f6nnen, w\u00e4hrend Sie gleichzeitig die Vorteile der hochwertigsten Unterhaltung nutzen.<\/p>\n<p>Sobald Sie Ihr neues Spielerkonto erstellt, Ihre bevorzugte Bankmethode gew\u00e4hlt und eine Einzahlung get\u00e4tigt haben, k\u00f6nnen Sie Ihren Bonus in Anspruch nehmen. Denken Sie daran, die Allgemeinen Gesch\u00e4ftsbedingungen immer durchzulesen, damit Sie die Wettbedingungen sowie die Spiele, die f\u00fcr den Bonus und das Durchspielen gelten, verstehen.<\/p>\n<p>Die Boni des Casinos sind so konzipiert, dass Sie sich anmelden und das Casino sowie das fantastische Portfolio der angebotenen Spiele ausprobieren k\u00f6nnen, in der Hoffnung, dass Sie dabei bleiben und echtes Geld einsetzen. Es ist jedoch alles gut, und das Spielen mit echtem Geld gibt Ihnen die Chance, einige ernsthaft lebensver\u00e4ndernde Jackpots zu gewinnen.<\/p>\n<h3>Sicherheit und Schutz bei 50\u20ac Einzahlungsbonus-Casinos<\/h3>\n<p>Wenn Sie eines der angesehenen Casinos aus unserer Liste ausgew\u00e4hlt haben, m\u00fcssen Sie sich keine Sorgen um Sicherheitsprobleme machen. In allen Casinos empfehlen wir Ihnen, hochmoderne Sicherheitsma\u00dfnahmen zu ergreifen. Um Ihr Geld und Ihre pers\u00f6nlichen Daten zu sch\u00fctzen, damit alles mit einem Problem verarbeitet werden kann, verwenden die meisten Casinos die 128-Bit-SSL-Verschl\u00fcsselungstechnologie, dieselbe Sicherheitssoftware, die auch von Banken verwendet wird. Das bedeutet, dass Ihre Daten sicher sind, w\u00e4hrend Sie die Vorteile der erstaunlichen Boni nutzen, um Ihre Bankroll zu erh\u00f6hen und zu versuchen, echtes Geld zu gewinnen, fast kostenlos!<\/p>\n","protected":false},"excerpt":{"rendered":"<p>50\u20ac Einzahlungsbonus Online-Casino-Boni funktionieren ziemlich genau gleich, unabh\u00e4ngig davon, in welchem Casino Sie spielen m\u00f6chten. Sie m\u00fcssen keinen 50\u20ac Einzahlungsbonus akzeptieren, wenn ein Casino es Ihnen anbietet, aber es ist gro\u00dfartig, sie zu nutzen und mehr f\u00fcr Ihr Geld zu bekommen, w\u00e4hrend Sie ein Gef\u00fchl f\u00fcr ein bestimmtes Casino bekommen. Einige Boni werden nur f\u00fcr [&hellip;]<\/p>\n","protected":false},"author":7,"featured_media":775,"parent":0,"menu_order":0,"comment_status":"closed","ping_status":"closed","template":"","meta":{"_acf_changed":false,"footnotes":""},"class_list":["post-773","page","type-page","status-publish","has-post-thumbnail","hentry"],"acf":[],"_links":{"self":[{"href":"https:\/\/www.minimumdepositcasinos.org\/de\/wp-json\/wp\/v2\/pages\/773","targetHints":{"allow":["GET"]}}],"collection":[{"href":"https:\/\/www.minimumdepositcasinos.org\/de\/wp-json\/wp\/v2\/pages"}],"about":[{"href":"https:\/\/www.minimumdepositcasinos.org\/de\/wp-json\/wp\/v2\/types\/page"}],"author":[{"embeddable":true,"href":"https:\/\/www.minimumdepositcasinos.org\/de\/wp-json\/wp\/v2\/users\/7"}],"replies":[{"embeddable":true,"href":"https:\/\/www.minimumdepositcasinos.org\/de\/wp-json\/wp\/v2\/comments?post=773"}],"version-history":[{"count":4,"href":"https:\/\/www.minimumdepositcasinos.org\/de\/wp-json\/wp\/v2\/pages\/773\/revisions"}],"predecessor-version":[{"id":778,"href":"https:\/\/www.minimumdepositcasinos.org\/de\/wp-json\/wp\/v2\/pages\/773\/revisions\/778"}],"wp:featuredmedia":[{"embeddable":true,"href":"https:\/\/www.minimumdepositcasinos.org\/de\/wp-json\/wp\/v2\/media\/775"}],"wp:attachment":[{"href":"https:\/\/www.minimumdepositcasinos.org\/de\/wp-json\/wp\/v2\/media?parent=773"}],"curies":[{"name":"wp","href":"https:\/\/api.w.org\/{rel}","templated":true}]}}