{"id":81,"date":"2018-09-17T12:17:17","date_gmt":"2018-09-17T11:17:17","guid":{"rendered":"https:\/\/www.minimumdepositcasinos.org\/de\/?page_id=81"},"modified":"2026-03-24T15:35:10","modified_gmt":"2026-03-24T15:35:10","slug":"bingo","status":"publish","type":"page","link":"https:\/\/www.minimumdepositcasinos.org\/de\/spiele\/bingo\/","title":{"rendered":"Bingo"},"content":{"rendered":"<div class=\"wp-block-image\">\n<figure class=\"alignright is-resized\"><img decoding=\"async\" width=\"1175\" height=\"1280\" src=\"\/de\/wp-content\/uploads\/2018\/09\/Bingo.png\" alt=\"Bingo\" class=\"wp-image-82\" style=\"width:200px\" srcset=\"https:\/\/www.minimumdepositcasinos.org\/de\/wp-content\/uploads\/2018\/09\/Bingo.png 1175w, https:\/\/www.minimumdepositcasinos.org\/de\/wp-content\/uploads\/2018\/09\/Bingo-275x300.png 275w, https:\/\/www.minimumdepositcasinos.org\/de\/wp-content\/uploads\/2018\/09\/Bingo-768x837.png 768w, https:\/\/www.minimumdepositcasinos.org\/de\/wp-content\/uploads\/2018\/09\/Bingo-940x1024.png 940w\" sizes=\"(max-width: 1175px) 100vw, 1175px\" \/><\/figure><\/div>\n\n\n<p><br>Bingo! Bingo! Dies sind die Worte, die Sie jedes Mal h\u00f6ren, wenn ein aufgeregter Bingo-Spieler einen gro\u00dfen Gewinn bekommt. <a href=\"\/de\/spiele\/\" target=\"_self\" rel=\"noopener noreferrer\">Es ist ein spannendes Spiel, das Jung und Alt gerne spielen<\/a>.<\/p>\n\n\n\n<p>Online-Bingo wurde 1996 gestartet und sein Wachstum und seine Popularit\u00e4t ist seitdem sprunghaft angestiegen. Online Bingo ist eine bequeme und komfortable M\u00f6glichkeit, Ihr Lieblingsspiel zu spielen, ohne den Komfort Ihres Hauses zu verlassen. Es ist auch eine gute Erfahrung f\u00fcr Spieler, die unterwegs sind. Es gibt keine zeitliche oder \u00f6rtliche Beschr\u00e4nkung; Sie k\u00f6nnen jederzeit spielen.<br>Online Bingo ist in den meisten Online Casinos zu finden, mit einer gro\u00dfen Auswahl an Boni und Echtgeldgewinnen. F\u00fcr einen Spieler zu gewinnen Bingo ihre Zahlen m\u00fcssen gew\u00e4hlt werden, und dies alles h\u00e4ngt von dem Gl\u00fcck der Auslosung.<\/p>\n\n\n\n<p>Hier bei <a href=\"\/de\/\" target=\"_self\" rel=\"noopener noreferrer\">Minimum Deposit Casinos<\/a> haben wir eine kleine Anleitung zusammengestellt, die Ihnen hilft, Bingo zu spielen und Spa\u00df zu haben.<\/p>\n\n\n\n<h2 class=\"wp-block-heading\">ONLINE-BINGO-SPIELE<\/h2>\n\n\n\n<p>Um online Bingo zu spielen, muss der Spieler eine Bingo-Website ausw\u00e4hlen, sich registrieren und Echtgeld einzahlen. Sie k\u00f6nnen auch ohne Geld spielen, indem Sie sich auf einer Seite ohne Einzahlungsbonus anmelden. Bingo-Spiele beinhalten:<\/p>\n\n\n\n<p>1.75 Ball Bingo &#8211; dieses Bingo-Spiel beinhaltet: 24 Zahlen in einem Quadrat mit einem freien Quadrat in der Mitte. Der Spieler erh\u00e4lt seine Preise, sobald er die Reihe beendet hat oder je nach Spiel ein Setmuster auf dem Ticket erstellt hat.<\/p>\n\n\n\n<p>2.75 Ball Variant &#8211; auch bekannt als Pattern Bingo. Es ist eines der beliebtesten Online-Bingo-Spiel und wurde f\u00fcr eine Weile. Das Spiel verwendet B\u00e4lle zwischen 1 und 75 sowie verschiedene Arten von Karten.<\/p>\n\n\n\n<p>3.80 Ball Bingo &#8211; dieses Bingo-Spiel hat 16 Zahlen in einem Quadrat ausgelegt. Es gibt verschiedene Preisformate, die auf Linien basieren.<br>4.90 Ball Bingo &#8211; dieses Bingo beinhaltet 15 Zahlen \u00fcber 3 Reihen. Es werden Preise f\u00fcr 1 Linie, 2 Linien und ein Full House gewonnen.<\/p>\n\n\n\n<h3 class=\"wp-block-heading\">ONLINE-BINGO-STRATEGIE-TIPPS<\/h3>\n\n\n\n<ul class=\"wp-block-list\">\n<li>Haben Sie Spa\u00df &#8211; es ist kein Spiel, wenn Sie keinen Spa\u00df haben, wenn Sie spielen. Wenn Sie keinen Spa\u00df haben, sollten Sie dieses Spiel wahrscheinlich nicht spielen. Bingo-Spiele machen immer Spa\u00df.<\/li>\n\n\n\n<li>2.Kennen Sie das Spiel &#8211; Sie sollten das Spiel vor dem Spielen lernen und auch die verschiedenen Preise kennen, die Sie aus den Spielen gewinnen k\u00f6nnen.<\/li>\n\n\n\n<li>3.Reduzieren Sie den Wettbewerb &#8211; Der Spieler wird wahrscheinlich seine Gewinnwahrscheinlichkeit mit weniger Spielern erh\u00f6hen. Um dies zu erreichen, m\u00fcssen Sie die Nebenzeiten f\u00fcr Online-Spieler recherchieren und absch\u00e4tzen.<\/li>\n\n\n\n<li>4.Spielen Sie mehrere Karten &#8211; das ist die beliebteste Strategie. Je mehr Karten der Spieler spielt, desto h\u00f6her ist die Gewinnwahrscheinlichkeit. Es ist auch m\u00f6glich, teure Karten f\u00fcr gr\u00f6\u00dfere Preise zu kaufen.<\/li>\n\n\n\n<li>5.Verwenden Sie den Chat-Raum, w\u00e4hrend Sie spielen &#8211; seien Sie interaktiv und lernen Sie andere Online-Bingo-Spieler kennen. Dies wird Ihnen helfen, Ideen auszutauschen und Ihre Gewinnchancen zu erh\u00f6hen. Chat-R\u00e4ume helfen dem Spieler, sich \u00fcber die Preise und den Wettbewerb im Spiel zu informieren.<\/li>\n\n\n\n<li>6.Kaufen Sie so viele Karten, wie Sie k\u00f6nnen &#8211; Wenn der Spieler nicht mit der Online-Auto-daub wird es unm\u00f6glich sein, den \u00dcberblick \u00fcber die Karten und ihre Gewinnzahlen zu behalten. Daher sollte der Spieler eine gesch\u00e4tzte Anzahl von Karten haben, die er im Auge behalten kann.<\/li>\n\n\n\n<li>7.Verwenden Sie Bingo-Strategie-System zu gewinnen bei Online-Bingo &#8211; obwohl Bingo-Spiel Zahlen sind zuf\u00e4llig ausgew\u00e4hlt, gibt es zwei Systeme, die Sie folgen k\u00f6nnen, um Ihre Chancen zu verbessern<\/li>\n\n\n\n<li>8.Granville&#8217;s Bingo-Strategie-System &#8211; es ist das beliebteste System, das von Bingo-Spielern angewendet wird. Es verwendet mathematische F\u00e4higkeiten, um Bingo-Quoten zu bestimmen, die die Auswahl von Bingo-Karten mit Zahlen verbessern, die die Karte symmetrisch machen. Dieses System etablierte ein Muster, das auf alle Bingospiele angewendet werden kann, um die Gewinnchancen zu erh\u00f6hen.<\/li>\n\n\n\n<li>9.Tippett Bingo-Strategie-System &#8211; dies ist eine einfachere Strategie, da sie die Statistiken und die Wahrscheinlichkeit der gezogenen Zahlen analysiert (Beispiel: wenn Sie 75-Ball-Bingo spielen, ist es wahrscheinlicher, n\u00e4her an die mittlere Zahl 38 zu kommen, wenn das Spiel l\u00e4nger und n\u00e4her an 1 ist und an 75, wenn das Spiel k\u00fcrzer ist).<\/li>\n<\/ul>\n\n\n\n<h3 class=\"wp-block-heading\">Vertrauensw\u00fcrdigkeit eines online-casinos<\/h3>\n\n\n\n<p>So viel wie spas ist die hauptpriorit\u00e4t beim spielen von online-bingo. der spieler muss sicherstellen, dass sie auf einer vertrauensw\u00fcrdigen seite spielen. w\u00e4hlen sie eine legale website, die alle von den gl\u00fccksspielbeh\u00f6rden festgelegten regeln und bestimmungen erf\u00fcllt. das casino sollte innerhalb ihrer gerichtsbarkeit voll lizenziert sein. internationale regulierungsbeh\u00f6rden wie ecogra \u00fcberwachen fairplay, zahlungsmethoden und software. der spieler sollte in der lage sein, das internationale g\u00fctesiegel auf der website des casinos zu erkennen.<\/p>\n\n\n\n<p>es ist wichtig, dass der spieler immer die gesch\u00e4ftsbedingungen der verschiedenen casinos liest und akzeptiert. denn der spieler muss sich an die festgelegten bedingungen halten.<\/p>\n","protected":false},"excerpt":{"rendered":"<p>Bingo! Bingo! Dies sind die Worte, die Sie jedes Mal h\u00f6ren, wenn ein aufgeregter Bingo-Spieler einen gro\u00dfen Gewinn bekommt. Es ist ein spannendes Spiel, das Jung und Alt gerne spielen. Online-Bingo wurde 1996 gestartet und sein Wachstum und seine Popularit\u00e4t ist seitdem sprunghaft angestiegen. Online Bingo ist eine bequeme und komfortable M\u00f6glichkeit, Ihr Lieblingsspiel zu [&hellip;]<\/p>\n","protected":false},"author":1,"featured_media":82,"parent":93,"menu_order":0,"comment_status":"closed","ping_status":"closed","template":"","meta":{"_acf_changed":false,"footnotes":""},"class_list":["post-81","page","type-page","status-publish","has-post-thumbnail","hentry"],"acf":[],"_links":{"self":[{"href":"https:\/\/www.minimumdepositcasinos.org\/de\/wp-json\/wp\/v2\/pages\/81","targetHints":{"allow":["GET"]}}],"collection":[{"href":"https:\/\/www.minimumdepositcasinos.org\/de\/wp-json\/wp\/v2\/pages"}],"about":[{"href":"https:\/\/www.minimumdepositcasinos.org\/de\/wp-json\/wp\/v2\/types\/page"}],"author":[{"embeddable":true,"href":"https:\/\/www.minimumdepositcasinos.org\/de\/wp-json\/wp\/v2\/users\/1"}],"replies":[{"embeddable":true,"href":"https:\/\/www.minimumdepositcasinos.org\/de\/wp-json\/wp\/v2\/comments?post=81"}],"version-history":[{"count":5,"href":"https:\/\/www.minimumdepositcasinos.org\/de\/wp-json\/wp\/v2\/pages\/81\/revisions"}],"predecessor-version":[{"id":18498,"href":"https:\/\/www.minimumdepositcasinos.org\/de\/wp-json\/wp\/v2\/pages\/81\/revisions\/18498"}],"up":[{"embeddable":true,"href":"https:\/\/www.minimumdepositcasinos.org\/de\/wp-json\/wp\/v2\/pages\/93"}],"wp:featuredmedia":[{"embeddable":true,"href":"https:\/\/www.minimumdepositcasinos.org\/de\/wp-json\/wp\/v2\/media\/82"}],"wp:attachment":[{"href":"https:\/\/www.minimumdepositcasinos.org\/de\/wp-json\/wp\/v2\/media?parent=81"}],"curies":[{"name":"wp","href":"https:\/\/api.w.org\/{rel}","templated":true}]}}