{"id":813,"date":"2018-12-11T15:48:25","date_gmt":"2018-12-11T15:48:25","guid":{"rendered":"https:\/\/www.minimumdepositcasinos.org\/de\/?page_id=813"},"modified":"2025-08-12T07:38:24","modified_gmt":"2025-08-12T07:38:24","slug":"100-einzahlungsbonus","status":"publish","type":"page","link":"https:\/\/www.minimumdepositcasinos.org\/de\/100-einzahlungsbonus\/","title":{"rendered":"100% Einzahlungsbonus"},"content":{"rendered":"<div class=\"wp-block-image\">\n<figure class=\"alignright\"><img decoding=\"async\" width=\"300\" height=\"300\" src=\"https:\/\/www.minimumdepositcasinos.org\/de\/wp-content\/uploads\/2018\/12\/images-300x300.jpg\" alt=\"100% Einzahlungsbonus\" class=\"wp-image-814\" srcset=\"https:\/\/www.minimumdepositcasinos.org\/de\/wp-content\/uploads\/2018\/12\/images-300x300.jpg 300w, https:\/\/www.minimumdepositcasinos.org\/de\/wp-content\/uploads\/2018\/12\/images-150x150.jpg 150w, https:\/\/www.minimumdepositcasinos.org\/de\/wp-content\/uploads\/2018\/12\/images-768x768.jpg 768w, https:\/\/www.minimumdepositcasinos.org\/de\/wp-content\/uploads\/2018\/12\/images-1024x1024.jpg 1024w\" sizes=\"(max-width: 300px) 100vw, 300px\" \/><\/figure><\/div>\n\n\n<p>Einer der gr\u00f6\u00dften Vorteile von <a href=\"https:\/\/www.minimumdepositcasinos.org\/de\/\">Online-Casinos<\/a>, im Vergleich zu ihren landbasierten Gegenst\u00fccken, ist die endlose Auswahl an attraktiven Boni, die Sie beanspruchen k\u00f6nnen. Von gro\u00dfz\u00fcgigen Willkommensboni bis hin zu Treueprogrammen, Einzahlungsboni und zahlreichen monatlichen Sonderangeboten. Die Welt des Online-Gl\u00fccksspiels ist bis zum Rand mit tollen Angeboten gef\u00fcllt, einschlie\u00dflich des Einzahlungsbonus \u00fcber 100%.<\/p>\n\n\n\n<p>Wie Sie wissen, haben Casino-Boni eine lange Liste von Bedingungen, die Sie erf\u00fcllen m\u00fcssen, bevor Sie Ihre Gewinne abheben k\u00f6nnen. Seien Sie also immer aufmerksam, bei den Angeboten, die Sie in Anspruch nehmen. Einige der Angebote k\u00f6nnen jedoch sowohl f\u00fcr Ihre Finanzen als auch f\u00fcr Ihren Spielverlauf einen gro\u00dfen Unterschied machen &#8211; nat\u00fcrlich zum Besseren.<\/p>\n\n\n\n<p>Bei so vielen verschiedenen Arten von Boni, von einem \u20ac100 Einzahlungsboni bis zu einem 100% Einzahlungsbonus bis zu einem gewissen Betrag, sollten Sie wissen, was Sie nutzen.<\/p>\n\n\n\n<h2 class=\"wp-block-heading\" id=\"h-verschiedene-arten-von-100-einzahlungsboni\">Verschiedene Arten von 100% Einzahlungsboni<\/h2>\n\n\n\n<h3 class=\"wp-block-heading\" id=\"h-der-paketbonus\">Der Paketbonus<\/h3>\n\n\n\n<p>Ein Paketbonus besteht aus einer Reihe von separaten Einzahlungsboni, die mit Umsatzanforderungen sowohl f\u00fcr die Einzahlung als auch f\u00fcr den Bonus verbunden sind. In der Regel, besteht der Bonus aus mehreren Boni, die Sie pro Einzahlung erhalten. Ein Einzahlungsbonus von 100% besteht beispielsweise aus 5 aufeinanderfolgenden Einzahlungen. Ein Paketbonus, der auch als Willkommensbonus bezeichnet wird, beinhaltet oft eine bestimmte Anzahl an <a href=\"https:\/\/www.minimumdepositcasinos.org\/de\/microgaming-free-spins\/\">Freispielen<\/a> und gelegentlich freies Geld, f\u00fcr bestimmte Spiele.<\/p>\n\n\n\n<h3 class=\"wp-block-heading\" id=\"h-der-auszahlbare-bonus\">Der auszahlbare Bonus<\/h3>\n\n\n\n<p>Dies ist ein 100% Einzahlungsbonus, der mit Spielanforderungen verbunden ist, bevor Sie den Bonus und Ihre Einzahlung auszahlen k\u00f6nnen. Auszahlbar bedeutet, dass Sie alle Ihre Gewinne auszahlen k\u00f6nnen, sobald Sie alle Spiel- oder Wettanforderungen erf\u00fcllt haben.<\/p>\n\n\n\n<h3 class=\"wp-block-heading\" id=\"h-exklusiver-100-einzahlungsboni\">Exklusiver 100% Einzahlungsboni<\/h3>\n\n\n\n<p>Diese Art von Bonus haben wir speziell f\u00fcr Sie ausgehandelt. Normalerweise erhalten Sie einen Bonuscode und Sie finden den Bonus nirgendwo sonst online.<\/p>\n\n\n\n<h3 class=\"wp-block-heading\" id=\"h-cashback-bonus\">Cashback Bonus<\/h3>\n\n\n\n<p>Ein Cashback-Bonus f\u00e4llt nicht unbedingt in die Einzahlungsbonus-Kategorie. Casinos geben Ihnen echtes Geld zur\u00fcck, wenn Sie h\u00e4ufig auf der Webseite spielen und einzahlen. In den meisten F\u00e4llen, hat ein Cashback-Bonus keine Wettanforderungen, aber es gibt ein paar Online-Casinos, die Wettanforderungen festlegen. Diese Art von Bonus wird h\u00e4ufig in VIP- und Loyalty-Programmen angeboten.<\/p>\n\n\n\n<h3 class=\"wp-block-heading\" id=\"h-der-willkommens-einzahlungsbonus\">Der Willkommens-Einzahlungsbonus<\/h3>\n\n\n\n<p>Ein traditioneller Casino-Willkommensbonus, besteht normalerweise aus einem Einzahlungsbonus, bis zu einem Gewissen Betrag. Das Angebot kann Ihnen je nach <a href=\"https:\/\/www.minimumdepositcasinos.org\/de\/casino-zahlungsoptionen\/\">Einzahlungsart<\/a>, kostenloses Bargeld geben. Der Begriff \u201eKostenlos\u201c wird hier jedoch locker verwendet, da Sie die Umsatzanforderungen f\u00fcr jeden Einzahlungsbonus erf\u00fcllen m\u00fcssen, den Sie beanspruchen.<\/p>\n\n\n\n<p>Willkommensboni werden meistens prozentual angeboten. Zum Beispiel bieten viele Online-Casinos einen 100% Einzahlungsbonus. Dies bedeutet, dass das Casino Ihnen, egal wie viel Sie einzahlen, den Gegenwert von 100% in Form eines Bonus gibt.<\/p>\n\n\n\n<p>Mit einem Einzahlungsbonus von 100%, k\u00f6nnen Sie Ihre Einzahlung effektiv verdoppeln. Einzahlungsboni k\u00f6nnen f\u00fcr Ihre erste Einzahlung in einem Online-Casino angeboten oder sogar auf Ihre n\u00e4chsten Einzahlungen erweitert werden.<\/p>\n\n\n\n<p>Ein gutes Beispiel ist ein 100% Einzahlungsbonus im Wert von bis zu \u20ac100. Einige Casinos bieten den Bonus so an:<\/p>\n\n\n\n<ul class=\"wp-block-list\">\n<li>Sie zahlen \u20ac100 ein<\/li>\n\n\n\n<li>Das Casino gibt Ihnen 100% auf die Einzahlung<\/li>\n<\/ul>\n\n\n\n<p>Ihr Guthaben betr\u00e4gt dann \u20ac200, mit denen Sie spielen k\u00f6nnen (\u20ac100 Einzahlung und \u20ac100 Bonusguthaben)<\/p>\n\n\n\n<h3 class=\"wp-block-heading\" id=\"h-zusatzliche-einzahlungsboni\">Zus\u00e4tzliche Einzahlungsboni<\/h3>\n\n\n\n<p>\u00c4hnlich wie beim anf\u00e4nglichen 100% Einzahlungsbonus k\u00f6nnen Sie manchmal zus\u00e4tzliche Einzahlungsaktionen erhalten. Viele Online-Casinos bieten diese einmal im Monat an, oder sogar f\u00fcr jede weitere Einzahlung, die Sie vornehmen, nachdem Sie den Willkommensbonus beansprucht haben. Vergessen Sie nicht, die Allgemeinen Gesch\u00e4ftsbedingungen zu lesen, da sich diese von Webseite zu Webseite unterscheiden. Die Angebote sind in der Regel auch an Wettanforderungen gekn\u00fcpft, k\u00f6nnen jedoch eine fantastische M\u00f6glichkeit sein, Ihr Guthaben zu steigern, mit Einzahlungsboni die oftmals zwischen 50% und mehr liegt. M\u00f6glicherweise m\u00fcssen Sie einen Bonuscode eingeben, um solche Angebote in Online-Casinos in Anspruch zu nehmen.<\/p>\n\n\n\n<h2 class=\"wp-block-heading\" id=\"h-100-einzahlungsboni-haufig-gestellte-fragen\">100% Einzahlungsboni &#8211; H\u00e4ufig gestellte Fragen<\/h2>\n\n\n\n<p>Ein Einzahlungsbonus ist einer der am h\u00e4ufigsten angebotene Bonus, den Sie in Online-Casinos finden. Er ist auch ein Favorit unter den Spielern, da er sehr lohnend und verlockend sein kann. Wie wir bereits erw\u00e4hnt haben, wird er allgemein als Willkommensbonus oder zumindest als Teil davon angeboten.<\/p>\n\n\n\n<p>Wie genau funktioniert das?<\/p>\n\n\n\n<p>Nun, normalerweise m\u00fcssen Sie Ihre erste Einzahlung t\u00e4tigen, wenn Sie sich im Online-Casino anmelden. M\u00f6glicherweise m\u00fcssen Sie auch einen Bonuscode eintragen, um anzuzeigen, dass Sie den Bonus nutzen m\u00f6chten. Das Online-Casino verdoppelt Ihre Einzahlung dann um 100% in der Form eines Bonus, den Sie an bestimmten Spielen verwenden k\u00f6nnen.<\/p>\n\n\n\n<h2 class=\"wp-block-heading\" id=\"h-umsatzbedingungen\">Umsatzbedingungen<\/h2>\n\n\n\n<p>Spieler m\u00fcssen normalerweise bestimmte Wettanforderungen erf\u00fcllen, bevor Sie die mit Ihrem Bonusgeld erzielten Gewinne abheben k\u00f6nnen. Bei monatlichen Einzahlungsboni m\u00fcssen Sie m\u00f6glicherweise ein Guthaben auf Ihrem Konto haben, um den Einzahlunsbonus zu erhalten.<\/p>\n\n\n\n<p>Insgesamt haben die verschiedenen Arten von Boni, unterschiedliche Wettanforderungen. Sie m\u00fcssen die gesamten Wettanforderungen erf\u00fcllen, bevor Sie eine Auszahlung beantragen k\u00f6nnen. Wenn Sie die speziellen Wettanforderungen des Casinos nicht erf\u00fcllen und versuchen eine Auszahlung anzufordern, verf\u00e4llt das gesamte Bonusguthaben.<\/p>\n\n\n\n<p>Wenn die Wettanforderungen beispielsweise 50-mal betragen, bedeutet dies, dass Sie Ihren Bonusbetrag mindestens 50-mal einsetzen m\u00fcssen, bevor Sie ihn abheben k\u00f6nnen.<\/p>\n\n\n\n<p>Beachten Sie, dass Spiele unterschiedliche zu den Wettanforderungen beitragen k\u00f6nnen. Zum Beispiel tragen <a href=\"https:\/\/www.minimumdepositcasinos.org\/de\/spiele\/roulette\/\">Roulette<\/a> und <a href=\"\/de\/spiele\/slots\/\">Spielautomaten<\/a> weitaus mehr als <a href=\"\/de\/spiele\/blackjack\/\">Blackjack<\/a> oder Poker bei. Lesen Sie die Gesch\u00e4ftsbedingungen ausf\u00fchrlich durch, um sich \u00fcber die Wettanforderungen und Spiele zu informieren, die zur Erf\u00fcllung der Wettanforderungen des Casinos beitragen.<\/p>\n\n\n\n<h2 class=\"wp-block-heading\" id=\"h-wissen-fur-was-sie-sich-anmelden\">Wissen, f\u00fcr was Sie sich anmelden<\/h2>\n\n\n\n<p>In vielen F\u00e4llen z\u00e4hlen nur bestimmte Online-Casinospiele zu den Umsatzanforderungen eines Bonus. Spielautomaten sind die gebr\u00e4uchlichste, schnellste und einfachste Methode, um Ihre Spielanforderungen zu erf\u00fcllen, wobei Poker und Blackjack h\u00e4ufig von den Umsatzbedingungen ausgeschlossen werden. Wir k\u00f6nnen es wirklich nicht oft genug sagen &#8211; lesen Sie die Allgemeinen Gesch\u00e4ftsbedingungen des Bonus!<\/p>\n\n\n\n<p>Nachdem Sie die <a href=\"https:\/\/www.minimumdepositcasinos.org\/de\/software\/\">Software<\/a> eines Casinos heruntergeladen oder sich im Browser Casino registriert und Ihr Konto erstellt haben, k\u00f6nnen Sie sich anmelden, eine Einzahlung t\u00e4tigen und sich auf eine Menge Online-Gl\u00fccksspielspa\u00df vorbereiten. Sie sollten jedoch immer wissen, f\u00fcr was Sie sich anmelden. Wie Sie sehen, gibt es viele verschiedene Arten von 100% Einzahlungsboni und Sie m\u00fcssen die Beschr\u00e4nkungen der Spiele, die Wettanforderungen und andere Bedingungen sehr genau verstehen, bevor Sie \u00fcberhaupt einen Bonus in Anspruch nehmen.<\/p>\n\n\n\n<p>Einige Online-Casinos teilen Ihnen genau mit, was Sie tun m\u00fcssen. In anderen F\u00e4llen k\u00f6nnen Ihre Gewinne abgezogen werden, wenn Sie die Allgemeinen Gesch\u00e4ftsbedingungen nicht einhalten. Wenn Sie also nicht vorhaben, eine Weile zu bleiben und sich um Ihre Gewinne zu k\u00fcmmern, ist es wichtig, die Bedingungen und Konditionen eines Einzahlungsbonus zu kennen.<\/p>\n\n\n\n<p>Wenn Sie mit einem Online-Casino und seinem Bonusangebot vertraut sind, k\u00f6nnen Sie den 100% Bonus beanspruchen und damit Spa\u00df haben. Wenn Sie mit den Allgemeinen Gesch\u00e4ftsbedingungen und den Umsatzbedingungen nicht einverstanden sind, w\u00e4hlen Sie ein anderes Online-Casino zum Spielen oder \u00fcberlegen Sie sogar, eine Einzahlung vorzunehmen, ohne den Bonus zu beanspruchen. Sie haben das Recht, den Bonus abzulehnen!<\/p>\n\n\n\n<h3 class=\"wp-block-heading\" id=\"h-noch-ein-paar-dinge-die-sie-prufen-sollten-bevor-sie-einen-bonus-annehmen\">Noch ein paar Dinge, die Sie pr\u00fcfen sollten, bevor Sie einen Bonus annehmen<\/h3>\n\n\n\n<p>Sobald Sie einen Einzahlungsbonus von 100% akzeptiert haben, sind Sie m\u00f6glicherweise in der H\u00f6he Ihrer Eins\u00e4tze beschr\u00e4nkt. Es ist wichtig dies zu wissen, wenn Sie Ihre Gewinne auszahlen m\u00f6chten. Die erlaubte Einsatzh\u00f6he wird normalerweise als Prozentsatz des erhaltenen Bonusbetrags oder manchmal als feste Zahl ausgedr\u00fcckt.<\/p>\n\n\n\n<p>Die Nichteinhaltung der Regeln des Online-Casinos kann dazu f\u00fchren, dass Auszahlungen unm\u00f6glich werden.<\/p>\n\n\n\n<h3 class=\"wp-block-heading\" id=\"h-beispiele-fur-100-einzahlungsboni-bei-online-casinos\">Beispiele f\u00fcr 100% Einzahlungsboni bei Online Casinos<\/h3>\n\n\n\n<p>Nachdem Sie jetzt Einzahlungsboni \u00fcber 100% gut verstanden haben, ist der beste Weg Ihnen zu zeigen, wie diese fuktionieren, indem wir uns Beispiele von Online-Casinos angucken, die diese anbieten.<\/p>\n\n\n\n<p>Planet 7 Casino bietet einen Einzahlungsbonus \u00fcber \u20ac100 an. Sie m\u00fcssen diesen jedoch 30-mal umsetzen, bevor Sie maximal \u20ac100 auszahlen k\u00f6nnen. Das Casino gibt an, dass wenn Ihre letzte Transaktion ein Bonus ohne Einzahlung war, Sie m\u00f6glicherweise eine Einzahlung t\u00e4tigen m\u00fcssen, bevor Sie Ihren Bonus in Anspruch nehmen k\u00f6nnen. Wenn Sie dies nicht tun, werden Ihre Gewinne ung\u00fcltig und Sie k\u00f6nnen keine Auszahlungen vornehmen. Dieses Angebot gilt nur f\u00fcr neue Spieler des Casinos.<\/p>\n\n\n\n<h3 class=\"wp-block-heading\" id=\"h-was-ist-mit-treueprogrammen-bei-online-casinos\">Was ist mit Treueprogrammen bei Online-Casinos?<\/h3>\n\n\n\n<p>Neben Einzahlungsboni \u00fcber 100% bieten einige Online-Casinos auch attraktive Treueprogramme an. Die gute Nachricht ist, dass Sie nicht immer im wahrsten Sinne des Wortes ein treuer Spieler sein m\u00fcssen, um die Angebote in Anspruch zu nehmen. Diese Programme stehen normalerweise auch neuen Spielern offen. Es ist der Weg des Online-Casino Betreibers, Ihnen zu danken, dass Sie sich entschieden haben, auf deren Webseite zu spielen.<\/p>\n\n\n\n<p>Mit Treueprogrammen k\u00f6nnen Sie Punkte sammeln, die Sie dann f\u00fcr Casino-Guthaben oder h\u00e4ufig auch Freispiele einl\u00f6sen k\u00f6nnen. Jedes Online-Casino verf\u00fcgt jedoch \u00fcber ein eigenes Programmverfahren. Wenn Sie sich die Stufen des Programmes hinaufarbeiten, werden Ihnen m\u00f6glicherweise noch mehr verlockende Einzahlungsboni \u00fcber 100% angeboten, nur daf\u00fcr, das Sie oft in diesem speziellen Casino spielen. Wie immer, m\u00fcssen Sie m\u00f6glicherweise die Mindesteinsatzanforderungen erf\u00fcllen, bevor Sie sich auszahlen k\u00f6nnen.<\/p>\n\n\n\n<p>Arbeiten Sie sich bis zum VIP-Spieler hin und die Online-Casino-Welt wird Ihnen erstaunliche Bonusangebote bieten!<\/p>\n\n\n\n<h3 class=\"wp-block-heading\" id=\"h-sollten-sie-einen-100-bonus-nutzen-oder-nicht\">Sollten Sie einen 100% Bonus nutzen oder nicht?<\/h3>\n\n\n\n<p>Das Fazit lautet: Ein Bonus von 100% auf Ihre Einzahlung ist im Wesentlichen die Chance, umsonst zu spielen und Geld zu gewinnen, das Sie abheben k\u00f6nnen, vorausgesetzt Sie erf\u00fcllen die Wettanforderungen! Bevor Sie dies tun, stellen Sie jedoch sicher, dass Sie informiert sind. Wenn Sie die oben beschriebenen Punkte durchgehen, wird sichergestellt, dass Sie genau wissen, worauf Sie sich einlassen und welche Bedingungen Sie erf\u00fcllen m\u00fcssen. Nur so k\u00f6nnen Sie b\u00f6se \u00dcberraschungen vermeiden, wenn Sie Ihren Bonus beansprucht haben.<\/p>\n","protected":false},"excerpt":{"rendered":"<p>Einer der gr\u00f6\u00dften Vorteile von Online-Casinos, im Vergleich zu ihren landbasierten Gegenst\u00fccken, ist die endlose Auswahl an attraktiven Boni, die Sie beanspruchen k\u00f6nnen. Von gro\u00dfz\u00fcgigen Willkommensboni bis hin zu Treueprogrammen, Einzahlungsboni und zahlreichen monatlichen Sonderangeboten. Die Welt des Online-Gl\u00fccksspiels ist bis zum Rand mit tollen Angeboten gef\u00fcllt, einschlie\u00dflich des Einzahlungsbonus \u00fcber 100%. Wie Sie wissen, [&hellip;]<\/p>\n","protected":false},"author":7,"featured_media":814,"parent":0,"menu_order":0,"comment_status":"closed","ping_status":"closed","template":"","meta":{"_acf_changed":false,"footnotes":""},"class_list":["post-813","page","type-page","status-publish","has-post-thumbnail","hentry"],"acf":[],"_links":{"self":[{"href":"https:\/\/www.minimumdepositcasinos.org\/de\/wp-json\/wp\/v2\/pages\/813","targetHints":{"allow":["GET"]}}],"collection":[{"href":"https:\/\/www.minimumdepositcasinos.org\/de\/wp-json\/wp\/v2\/pages"}],"about":[{"href":"https:\/\/www.minimumdepositcasinos.org\/de\/wp-json\/wp\/v2\/types\/page"}],"author":[{"embeddable":true,"href":"https:\/\/www.minimumdepositcasinos.org\/de\/wp-json\/wp\/v2\/users\/7"}],"replies":[{"embeddable":true,"href":"https:\/\/www.minimumdepositcasinos.org\/de\/wp-json\/wp\/v2\/comments?post=813"}],"version-history":[{"count":4,"href":"https:\/\/www.minimumdepositcasinos.org\/de\/wp-json\/wp\/v2\/pages\/813\/revisions"}],"predecessor-version":[{"id":18109,"href":"https:\/\/www.minimumdepositcasinos.org\/de\/wp-json\/wp\/v2\/pages\/813\/revisions\/18109"}],"wp:featuredmedia":[{"embeddable":true,"href":"https:\/\/www.minimumdepositcasinos.org\/de\/wp-json\/wp\/v2\/media\/814"}],"wp:attachment":[{"href":"https:\/\/www.minimumdepositcasinos.org\/de\/wp-json\/wp\/v2\/media?parent=813"}],"curies":[{"name":"wp","href":"https:\/\/api.w.org\/{rel}","templated":true}]}}