{"id":826,"date":"2018-12-13T13:12:40","date_gmt":"2018-12-13T13:12:40","guid":{"rendered":"https:\/\/www.minimumdepositcasinos.org\/de\/?page_id=826"},"modified":"2026-03-23T16:23:53","modified_gmt":"2026-03-23T16:23:53","slug":"freespins","status":"publish","type":"page","link":"https:\/\/www.minimumdepositcasinos.org\/de\/freespins\/","title":{"rendered":"Freespins"},"content":{"rendered":"\n<h2 class=\"wp-block-heading\">Freispiele verstehen<\/h2>\n\n\n\n<p>Was ist ein Freispiel? Ein Freispiel ist die Chance, dass der Spieler die Walzen in einem <a href=\"https:\/\/www.minimumdepositcasinos.org\/de\/2018\/10\/04\/online-slots-mit-denen-sie-wresteln-wollen\/\">Slot-Spiel<\/a> dreht, ohne sein eigenes Geld daf\u00fcr einzahlen zu m\u00fcssen. Sobald Sie auf Spin&#8221; klicken, wird nichts von Ihrem Konto abgezogen. Wie bereits erw\u00e4hnt, k\u00f6nnen Freispiele dem Spieler auf viele verschiedene Arten zur Verf\u00fcgung gestellt werden, durch den Casino Willkommensbonus, durch einen No Deposit Casino Bonus oder w\u00e4hrend des Spiels als Reload Bonus.<\/p>\n\n\n\n<p>Abh\u00e4ngig von Ihren Erfahrungen mit der Online Casino Szene k\u00f6nnen diese schwer zu navigieren oder zu verstehen sein.<\/p>\n\n\n\n<h2 class=\"wp-block-heading\">Finden Sie Mindesteinzahlungs-Casinos<\/h2>\n\n\n\n<p>Mindesteinzahlungs-Casinos sind unser Spezialgebiet. Unser Ziel ist es, den Spielern Zugang zu den besten Casinos mit niedrigen Einzahlungen auf dem Markt zu erm\u00f6glichen. Das umfasst:<\/p>\n\n\n\n<ul class=\"wp-block-list\">\n<li><a href=\"\/de\/casinos-mit-e1-mindesteinzahlung\/\">\u20ac1 Mindesteinzahlungs-Casinos<\/a><\/li>\n\n\n\n<li><a href=\"\/de\/casinos-mit-e5-mindesteinzahlung\/\">\u20ac5 Mindesteinzahlungs-Casinos<\/a><\/li>\n\n\n\n<li><a href=\"\/de\/casinos-mit-e10-mindesteinzahlung\/\">\u20ac10 Mindesteinzahlungs-Casinos<\/a><\/li>\n\n\n\n<li><a href=\"https:\/\/www.minimumdepositcasinos.org\/de\/kein-einzahlungsbonus\/\">Keine Einzahlung Casinos<\/a><\/li>\n<\/ul>\n\n\n\n<h2 class=\"wp-block-heading\">Casino Willkommensbonus Freispiele<\/h2>\n\n\n\n<p>Traditionell wird ein Casino jedem neu registrierten Benutzer einen Willkommensbonus mit einer Reihe von Freispielen anbieten. Um von diesen Freispielen zu profitieren, m\u00fcssen Sie ein Konto er\u00f6ffnen und die Mindesteinzahlung einzahlen, die vom Casino erwartet wird. Die meisten Casinos verlangen, dass Sie die Freispiele bei einem bestimmten Spiel oder bestimmten Spielen verwenden. Dies wird in der Regel entweder ein bekannter <a href=\"\/de\/2018\/10\/15\/warum-online-spieler-retro-spiele-lieben\/\">Fan-Favorit oder ein kommendes Spiel sein<\/a>, das sie bewerben m\u00f6chten. Diese Freispielen haben h\u00f6chstwahrscheinlich ein Verfallsdatum, also lesen Sie immer die damit verbundenen Allgemeinen Gesch\u00e4ftsbedingungen sorgf\u00e4ltig durch.<\/p>\n\n\n\n<h2 class=\"wp-block-heading\">Vorteile des Bonus f\u00fcr Freispiele<\/h2>\n\n\n\n<p>Online-Casinospieler genie\u00dfen nichts mehr, als mit Freispielen belohnt zu werden, und seien wir ehrlich, ein Gratisgeschenk zu erhalten ist immer ein warmes und verschwommenes Gef\u00fchl. F\u00fcr Casinospieler bieten Freispiele mit Freispielen und Freirunden die Chance, mit Bonusgeldern und vielen anderen Vorteilen ins Gl\u00fccksspiel zu starten.<\/p>\n\n\n\n<p>Boni f\u00fcr Freispiele sind leicht zu beanspruchen. Als neuer Spieler in einem Online-Casino entscheiden Sie sich vielleicht daf\u00fcr, das Willkommensbonus-Paket in Anspruch zu nehmen, das Ihre Bankroll verdoppelt und Ihrem neuen Casinokonto eine Reihe von Freispielen hinzuf\u00fcgt. Viele Casinos bieten Bonusse f\u00fcr <a href=\"\/de\/kein-einzahlungsbonus\/\">Freispiele ohne Einzahlung<\/a> an, so dass der neue Spieler einige Slots spielen und ein Gef\u00fchl f\u00fcr das Casino bekommen kann, bevor er Einzahlungen t\u00e4tigt. Obwohl die Anzahl der angebotenen Freispiele im Allgemeinen nicht sehr gro\u00df ist, handelt es sich dennoch um kostenloses Casinobargeld, das keine Bargeldverpflichtung erfordert. Freispiele ohne Einzahlung k\u00f6nnen in echte Bargeldgewinne umgewandelt werden, nachdem die Wettbedingungen erf\u00fcllt sind. Lesen Sie die <a href=\"\/de\/allgemeine-geschaftsbedingungen\/\">Allgemeinen Gesch\u00e4ftsbedingungen<\/a> immer sorgf\u00e4ltig durch und finden Sie heraus, was Sie ben\u00f6tigen, um Ihren Freispiel-Bonus in echte Bargeldgewinne umzuwandeln.<\/p>\n\n\n\n<p>Schauen Sie sich unsere Freispiele-Casinos an und registrieren Sie sich f\u00fcr die Chance, die Rollen an Echtgeld-Spielautomaten zu drehen, ohne Ihre Brieftasche herausziehen zu m\u00fcssen.<\/p>\n\n\n\n<h2 class=\"wp-block-heading\">Freispiele Bonus Codes<\/h2>\n\n\n\n<p>Mit Freispiel-Bonuscodes erhalten Spieler Freispiele f\u00fcr ausgew\u00e4hlte Spielautomaten und haben so die Chance, echtes Geld zu gewinnen, ohne ihr eigenes Geld zu riskieren. Im Folgenden haben wir die neuesten Freispiel-Bonuscodes aufgelistet, damit Sie von diesen spannenden Aktionen profitieren und Ihr Spielerlebnis steigern k\u00f6nnen.<\/p>\n\n\n\n<figure class=\"wp-block-table\"><table><thead><tr><th>Marke<\/th><th class=\"has-text-align-center\" data-align=\"center\">Code<\/th><th class=\"has-text-align-center\" data-align=\"center\">Angebot<\/th><\/tr><\/thead><tbody><tr><td><strong>1.<\/strong> Luna Slots<\/td><td class=\"has-text-align-center\" data-align=\"center\">LUNA<\/td><td class=\"has-text-align-center\" data-align=\"center\">Bis zu 100\u20ac + 50 Freispiele<\/td><\/tr><tr><td><strong>2.<\/strong> Lapalingo<\/td><td class=\"has-text-align-center\" data-align=\"center\">WILKOMMEN<\/td><td class=\"has-text-align-center\" data-align=\"center\">200% bis zu 100\u20ac + 80 Freispiele<\/td><\/tr><tr><td><strong>3.<\/strong> Netbet<\/td><td class=\"has-text-align-center\" data-align=\"center\">NBSTARTDE<\/td><td class=\"has-text-align-center\" data-align=\"center\">100\u20ac Bonus + 50 Freispiele<\/td><\/tr><tr><td><strong>4.<\/strong> Tigerspin<\/td><td class=\"has-text-align-center\" data-align=\"center\">WILKOMMEN<\/td><td class=\"has-text-align-center\" data-align=\"center\">100% bis zu 100\u20ac + 50 Freispiele<\/td><\/tr><\/tbody><\/table><\/figure>\n\n\n\n<h2 class=\"wp-block-heading\">Kostenloses Casino ohne Einzahlung Spins<\/h2>\n\n\n\n<p>Freispiele ohne Einzahlung sind f\u00fcr viele Casino-Fans der Heilige Gral. Diese Art von Freispiel ist in letzter Zeit zu einem seltenen Gut geworden, aber sie sind da drau\u00dfen. Um diese Freispiele zu erhalten, m\u00fcssen Sie ein Konto im Casino registrieren, ohne die typische Anforderung, Geld einzuzahlen.<\/p>\n\n\n\n<p>&#8220;Nach der Registrierung wird dieser Bonus auf Ihrem Konto gutgeschrieben, wo Sie ihn f\u00fcr die vom Casino festgelegten Spiele verwenden k\u00f6nnen.&#8221;<\/p>\n\n\n\n<p>Die M\u00f6glichkeit, diese Gewinne abzuheben, macht das Casino noch attraktiver. Dazu m\u00fcssen alle Informationen sachlich sein. Ihr richtiger Name und andere pers\u00f6nliche Daten m\u00fcssen bei der Registrierung bekannt sein. Die Angabe falscher Informationen f\u00fchrt dazu, dass das Casino Ihren Bonus entfernt oder Sie daran hindert, Gewinne abzuheben. Es ist m\u00f6glich, dass das Casino auch die Anzahl der <a href=\"\/2018\/09\/20\/die-besten-grunde-warum-sie-an-online-spielmaschinen-spielen-sollten\/\">Spielautomaten<\/a> einschr\u00e4nkt, an denen Sie diese nutzen k\u00f6nnen. Dies ist eine weitere Praxis, die Sie dazu verleitet, sich zu registrieren.<\/p>\n\n\n\n<h2 class=\"wp-block-heading\">Wettbedingungen im Zusammenhang mit Freispielen Keine Einzahlung<\/h2>\n\n\n\n<p>Freispiele haben keinen finanziellen Wert, daher sind die Wettbedingungen selten mit ihnen verbunden. Es gibt stattdessen Wettbedingungen, die mit allen potenziellen Gewinnen verbunden sind, die Sie aus den Freispielen erzielen. Das bedeutet, wenn Sie \u20ac\/$10 aus der Nutzung der Freispiele ohne Einzahlung gewinnen, m\u00fcssen Sie diese Gewinne m\u00f6glicherweise mehrmals verwenden, bevor Sie Auszahlungen vornehmen k\u00f6nnen. Der Betrag wird vom Casino festgelegt.<\/p>\n\n\n\n<h3 class=\"wp-block-heading\">50 Freispiele bei Merkur Spiel<\/h3>\n\n\n\n<p>Im <a href=\"\/de\/bewertungen\/merkur-spiel\/\">Merkur-Spiel<\/a> haben Sie die M\u00f6glichkeit, 50 Freispiele zu genie\u00dfen, wenn Sie nur eine von 10 Euro einzahlen auf Ihr Konto leisten. Diese Freespins k\u00f6nnen in dem beliebten Slot namens \u201eBook of Dead\u201c verwendet werden, der einer der am meisten gespielten Spielautomaten mit spannenden Gewinnm\u00f6glichkeiten ist.<\/p>\n\n\n\n<p>Verwenden diese tolle Gelegenheit um das Spiel kennen zu lernen und versuchen Sie Ihr Gl\u00fcck. Ein Risiko bei kostenlosen Runden besteht nicht und man kann trotzdem echte Auszahlungen bekommen. Denken sie daran, dass diese Offerte in K\u00fcrze abl\u00e4uft, also z\u00f6gern sie nicht und holen Sie sich ihre 50 Free Spins noch heute im Merkur-Spiel!<\/p>\n\n\n\n<h2 class=\"wp-block-heading\">Die Vorteile der Verwendung von Freispielen<\/h2>\n\n\n\n<p>Freispiele bedeutet f\u00fcr deutsche Online-Casino-Gamer aufregende M\u00f6glichkeiten, das Casino ohne Risiko auszuprobieren. Es ist kein einladendes Geschenk und gleichzeitig gibt es Ihnen auch die M\u00f6glichkeit, verschiedene Slots und Spiele zu erlernen.<\/p>\n\n\n\n<p>Ein Freispielangebot ohne Einzahlung ist besonders attraktiv, denn Sie k\u00f6nnen echtes Geld gewinnen, ohne Ihr eigenes Kapital einzusetzen. H\u00e4ufig sind Freispiele Teil von Willkommensboni oder Sonderangeboten.<\/p>\n\n\n\n<p>Sobald die Wette get\u00e4tigt wurde, kann man dann Gewinne aus Gratisdrehungen in echtes Geld umwandeln. Dennoch sollte jeder sich bem\u00fchen die allgemeinen Gesch\u00e4ftsbedingungen zu verstehen um das Beste aus seinen freispielen herauszuholen.<\/p>\n\n\n\n<p>Deutschen Spielern bieten also Freispiele eine risikofreie M\u00f6glichkeit an, das Casino zu testen und potentielle Gewinne einzufahren alles ohne dass eigenes Portemonnaie belasten m\u00fcssen.<\/p>\n\n\n\n<h2 class=\"wp-block-heading\">M\u00f6gliche Freispielbeschr\u00e4nkung<\/h2>\n\n\n\n<p>Es ist ein frustrierendes Szenario, in dem Sie den Freispielbonus nutzen m\u00f6chten und etwas Sie zur\u00fcckh\u00e4lt. Es gibt mehrere Gr\u00fcnde oder Situationen, in denen Sie daran gehindert werden k\u00f6nnen, die Freispiele zu nutzen. Dies k\u00f6nnte Folgendes beinhalten;<\/p>\n\n\n\n<ul class=\"wp-block-list\">\n<li>Wohnsitzland<\/li>\n\n\n\n<li>Erf\u00fcllung der Wettanforderungen<\/li>\n\n\n\n<li>Freispiele k\u00f6nnen ein Verfallsdatum haben.<\/li>\n<\/ul>\n\n\n\n<h2 class=\"wp-block-heading\">Spielen Sie Slots kostenlos<\/h2>\n\n\n\n<p>Das Spielen von Online-Spielautomaten um Freispiele und das Empfangen von Freispielen aus dem Spielothek sind sehr unterschiedliche Dinge. Viele Casinospieler werden Freispielkasinos nutzen, um die Strategie umzusetzen, bevor sie Echtgeld einzahlen. Einige Spielhallen erlauben es dem Spieler, eine Reihe von Runden kostenlos zu spielen, um sie zu locken. Um Gewinne auszahlen zu lassen, m\u00fcssen sie zun\u00e4chst ein Konto er\u00f6ffnen.<\/p>\n\n\n\n<h2 class=\"wp-block-heading\">Freispiele in mobilen Spielothek<\/h2>\n\n\n\n<p>Mobile Spielothek unterscheiden sich nicht von ihrem Online-Gegenst\u00fcck. Die Mehrheit der Spielhallen wird die gleichen Boni und Freispiele f\u00fcr mobile Benutzer anbieten.<\/p>\n\n\n\n<p><strong>\u00dcberpr\u00fcfen Sie vor der Registrierung immer, ob ein Casino mobil optimiert ist oder nicht.<\/strong><\/p>\n\n\n\n<p>Der einzige Unterschied kann in den Spielen liegen, die dem Spieler zur Verf\u00fcgung gestellt werden. Einige mobile spielhallen haben die Online-Version noch nicht eingeholt. Das bedeutet, dass es eine geringere Auswahl geben k\u00f6nnte, aus der Sie w\u00e4hlen k\u00f6nnen und wo Sie diese Freispiele verwenden k\u00f6nnen. Die \u00c4sthetik, die Grafik und der Ton sollten bei optimiertem Handy ebenso zufriedenstellend sein.<\/p>\n\n\n\n<p>Abh\u00e4ngig von Ihrem Ger\u00e4t k\u00f6nnen Sie m\u00f6glicherweise eine App aus dem jeweiligen App Store herunterladen und haben die Spiele zur Hand.<\/p>\n\n\n\n<h2 class=\"wp-block-heading\">Freispiele Fazit<\/h2>\n\n\n\n<p>Freispiele k\u00f6nnen ebenso profitabel wie unterhaltsam sein. Wenn Sie auf der Suche nach etwas sind, das Ihr Casino-Erlebnis versch\u00f6nert, empfehlen wir Ihnen, den Casino Willkommensbonus zu nutzen. Von dort aus, wenn sich die Chance ergibt, Freispielen zu nutzen, empfehlen wir, sie anzunehmen.<\/p>\n\n\n\n<p>Die einzige Vorwarnung in Bezug auf Freispiele oder Bonusfunktionen in einem Online-Spielothek sind die Wettbedingungen, die damit verbunden sein k\u00f6nnen. Denken Sie daran, Ihren Posteingang regelm\u00e4\u00dfig zu \u00fcberpr\u00fcfen &#8211; manchmal werden Ihnen Casino-Boni und Freispielen in Ihrer Mail zugestellt, Sie m\u00fcssen lesen und sich bewerben, wenn Sie sie nutzen m\u00f6chten.<\/p>\n","protected":false},"excerpt":{"rendered":"<p>Freispiele verstehen Was ist ein Freispiel? Ein Freispiel ist die Chance, dass der Spieler die Walzen in einem Slot-Spiel dreht, ohne sein eigenes Geld daf\u00fcr einzahlen zu m\u00fcssen. Sobald Sie auf Spin&#8221; klicken, wird nichts von Ihrem Konto abgezogen. Wie bereits erw\u00e4hnt, k\u00f6nnen Freispiele dem Spieler auf viele verschiedene Arten zur Verf\u00fcgung gestellt werden, durch [&hellip;]<\/p>\n","protected":false},"author":1,"featured_media":0,"parent":0,"menu_order":0,"comment_status":"closed","ping_status":"closed","template":"page_money.php","meta":{"_acf_changed":false,"footnotes":""},"class_list":["post-826","page","type-page","status-publish","hentry"],"acf":[],"_links":{"self":[{"href":"https:\/\/www.minimumdepositcasinos.org\/de\/wp-json\/wp\/v2\/pages\/826","targetHints":{"allow":["GET"]}}],"collection":[{"href":"https:\/\/www.minimumdepositcasinos.org\/de\/wp-json\/wp\/v2\/pages"}],"about":[{"href":"https:\/\/www.minimumdepositcasinos.org\/de\/wp-json\/wp\/v2\/types\/page"}],"author":[{"embeddable":true,"href":"https:\/\/www.minimumdepositcasinos.org\/de\/wp-json\/wp\/v2\/users\/1"}],"replies":[{"embeddable":true,"href":"https:\/\/www.minimumdepositcasinos.org\/de\/wp-json\/wp\/v2\/comments?post=826"}],"version-history":[{"count":50,"href":"https:\/\/www.minimumdepositcasinos.org\/de\/wp-json\/wp\/v2\/pages\/826\/revisions"}],"predecessor-version":[{"id":18479,"href":"https:\/\/www.minimumdepositcasinos.org\/de\/wp-json\/wp\/v2\/pages\/826\/revisions\/18479"}],"wp:attachment":[{"href":"https:\/\/www.minimumdepositcasinos.org\/de\/wp-json\/wp\/v2\/media?parent=826"}],"curies":[{"name":"wp","href":"https:\/\/api.w.org\/{rel}","templated":true}]}}