{"id":92,"date":"2018-09-17T15:43:48","date_gmt":"2018-09-17T15:43:48","guid":{"rendered":"https:\/\/www.minimumdepositcasinos.org\/de\/?page_id=92"},"modified":"2024-09-25T11:30:28","modified_gmt":"2024-09-25T11:30:28","slug":"poker","status":"publish","type":"page","link":"https:\/\/www.minimumdepositcasinos.org\/de\/spiele\/poker\/","title":{"rendered":"Poker"},"content":{"rendered":"<div class=\"wp-block-image\">\n<figure class=\"alignright is-resized\"><img decoding=\"async\" width=\"559\" height=\"640\" src=\"\/de\/wp-content\/uploads\/2018\/09\/Poker.png\" alt=\"Online poker\" class=\"wp-image-100\" style=\"width:197px;height:auto\" srcset=\"https:\/\/www.minimumdepositcasinos.org\/de\/wp-content\/uploads\/2018\/09\/Poker.png 559w, https:\/\/www.minimumdepositcasinos.org\/de\/wp-content\/uploads\/2018\/09\/Poker-262x300.png 262w\" sizes=\"(max-width: 559px) 100vw, 559px\" \/><\/figure><\/div>\n\n\n<p>Online poker ist eines der beliebtesten spiele f\u00fcr kasino-spieler seit seiner einf\u00fchrung in den 90er jahren. Die erfahrung beim poker ist wie keine andere. Dieses spiel ist f\u00fcr eine lange zeit gewesen und es hat wurzel in unseren h\u00e4usern sowie das kasino genommen. Poker zu spielen hat immer spas gemacht. Aber online-poker hat den poker-fans eine neue erfahrung gebracht. Sie m\u00fcssen nicht mehr ein kartenspiel in der hand halten, sondern k\u00f6nnen einfach per knopfdruck spielen. Onlinekasinos haben auch spielern erlaubt, auf onlinepoker \u00fcberall und jederzeit des tages oder der nacht zuzugreifen.<br>Genau wie landkasinos bieten online-kasinos dem spieler ein ebenso unvergessliches erlebnis. Online kasino ist ansprechend und hat erstaunliche grafiken, themen, funktionen und boni. Online-pokerspieler werden mit echten pokerturnieren verw\u00f6hnt, die dem spieler ein gef\u00fchl der echtzeit-konkurrenz vermitteln. Das macht das spiel interessanter und spannender.<br>Hier bei mindesteb kasinoseinzahlung geben wir ihnen einen \u00fcberblick \u00fcber alle poker- und online-pokerspiele, die sie mit ein paar tipps spielen k\u00f6nnen, damit sie ein gutes blatt spielen k\u00f6nnen.<\/p>\n\n\n\n<h2 class=\"wp-block-heading\">Online-pokerspiele<\/h2>\n\n\n\n<ol class=\"wp-block-list\">\n<li>Texas hold&#8217;em poker &#8211; das ist das beste und beliebteste pokerspiel heute. Das spiel verwendet ein standarddeck mit 52 karten, das vorher gemischt wird. Die spieler beginnen mit je zwei hole cards. Die gemeinschaftskarten haben drei runden<\/li>\n\n\n\n<li>Omaha poker &#8211; dieses spiel ist bei online pokerspielern sehr beliebt geworden. Das liegt an den vielen kombinationsm\u00f6glichkeiten der h\u00e4nde. Omaha poker verwendet ein 52- kartendeck und beginnt mit vier statt zwei hole cards.<\/li>\n\n\n\n<li>Single draw 2-7 &#8211; auch bekannt als kansas city lowball. Dieses pokerspiel erm\u00f6glicht es dem spieler mit der niedrigsten hand zu gewinnen.<\/li>\n\n\n\n<li>Triple draw 2-7 &#8211; dieses pokerspiel ist erstaunlich, da der spieler mit der besten niedrigen hand den pot gewinnt. Die auslosung erfolgt mit einem standard 52-kartendeck, das vor jeder hand gemischt wird. Zu beginn werden jedem spieler f\u00fcnf karten ausgeteilt. Der spieler hat die m\u00f6glichkeit, beliebige karten gegen neue zu tauschen.<\/li>\n\n\n\n<li>Razz &#8211; dieses spiel hat eine interessante wendung. Um zu gewinnen, m\u00fcssen sie um ihr schlechtes blatt spielen. Es ist zum teil low ball und zum teil 7-card stud. Das ziel dieses spiels ist es, aus sieben karten das beste niedrige blatt mit f\u00fcnf karten zu machen.<\/li>\n\n\n\n<li>Pferd &#8211; dieses pokerspiel ist eigentlich ein akronym f\u00fcr: hold&#8217;em, omaha hi\/lo, razz, stud und seven card stud high low.<\/li>\n\n\n\n<li>8-spiel-mix &#8211; dieses spiel hat vor allem mit seinem \u20ac50.000-meisterschafts-h.O.R.S.E.-event bei der world series an popularit\u00e4t gewonnen.<\/li>\n\n\n\n<li>Badugi &#8211; dieses draw-pokerspiel \u00e4hnelt den&#8217;lowball&#8217;-spielen. Es wird mit vier taschenkarten gespielt.<\/li>\n\n\n\n<li>Seven card stud poker &#8211; das ist die mutter aller pokerspiele. Es kam weit vor texas hold&#8217;em. Jeder spieler beginnt mit zwei hole cards und einer upcard. Es gibt auch drei weitere runden von upcards mit wetten nach jeder karte und eine letzte downcard, die dann von einer letzten setzrunde gefolgt wird. Jeder spieler hat schliesslic sieben karten: vier offene und drei verdeckte.<\/li>\n<\/ol>\n\n\n\n<h3 class=\"wp-block-heading\">Online-poker-regeln<\/h3>\n\n\n\n<p>Es gibt regeln, die regeln, wie die pokerspiele gespielt werden. Die regeln sind nicht alle gleich, was bedeutet, dass verschiedene spiele unterschiedliche regeln haben. Bei stud-spielen erh\u00e4lt jede person karten, von denen einige offen und andere versteckt sind, w\u00e4hrend bei kartenspielen wie hold&#8217;em und omaha jeder einen teil der hand teilt. Bei draw-spielen erhalten die spieler ihre eigenen karten, k\u00f6nnen aber eine oder alle karten gegen neue tauschen, w\u00e4hrend bei high\/lo split-spielen der pot zwischen den besten &#8220;High&#8221;- und &#8220;Low&#8221;-h\u00e4nden liegt.<\/p>\n\n\n\n<h3 class=\"wp-block-heading\">Online-poker-tipps<\/h3>\n\n\n\n<ol class=\"wp-block-list\">\n<li>Der spieler sollte das richtige spiel f\u00fcr sein k\u00f6nnen und seine tasche w\u00e4hlen. Es ist spannend und lohnend, wenn der spieler seine aufmerksamkeit auf einfachere spiele richtet als auf harte, die einen h\u00f6heren einsatz haben.<\/li>\n\n\n\n<li>Immer bereit sein, mehr zu falten. Machen sie eine verschnaufpause und gruppieren sie ihr spiel neu. Wenn der spieler mit einer schlechten hand behandelt wird, halten sie sich nicht daran, in der hoffnung, dass sie sich eher \u00e4ndert und auf eine n\u00e4chste hand wartet.<\/li>\n\n\n\n<li>Der spieler sollte konzentriert sein und das spiel nicht spielen, wenn er emotional ist, denn der spieler ist nicht im recht, rational zu spielen. Der spieler sollte sich zeit nehmen, sich zu beruhigen, wenn er w\u00e4hrend eines spiels die ruhe verliert.<\/li>\n\n\n\n<li>Achten sie auf andere spieler, indem sie beobachten, was sie tun, auch wenn sie passen, folgen sie durch mit dem spiel zu lernen, die spieler muster.<\/li>\n\n\n\n<li>Bluffen sie gelegentlich, um andere spieler auf trab zu halten.<\/li>\n\n\n\n<li>Der spieler sollte nicht erh\u00f6hen, es sei denn, er mit einem re-raise mitgehen kann. Das liegt daran, dass es eine chance gibt, wieder aufgezogen zu werden.<\/li>\n\n\n\n<li>Der spieler sollte nicht mitgehen, wenn er nicht erh\u00f6hen kann.<\/li>\n\n\n\n<li>Der spieler sollte immer spas haben, wenn er online poker spielt ,denn so viel wie das spiel f\u00fcr wetten bestimmt ist, kann der spieler auch spas haben. Der lustige teil ist, dass es jedermanns spiel ist, was bedeutet, dass jeder gewinnen oder verlieren kann.<\/li>\n<\/ol>\n","protected":false},"excerpt":{"rendered":"<p>Online poker ist eines der beliebtesten spiele f\u00fcr kasino-spieler seit seiner einf\u00fchrung in den 90er jahren. Die erfahrung beim poker ist wie keine andere. Dieses spiel ist f\u00fcr eine lange zeit gewesen und es hat wurzel in unseren h\u00e4usern sowie das kasino genommen. Poker zu spielen hat immer spas gemacht. Aber online-poker hat den poker-fans [&hellip;]<\/p>\n","protected":false},"author":1,"featured_media":100,"parent":93,"menu_order":0,"comment_status":"closed","ping_status":"closed","template":"","meta":{"_acf_changed":false,"footnotes":""},"class_list":["post-92","page","type-page","status-publish","has-post-thumbnail","hentry"],"acf":[],"_links":{"self":[{"href":"https:\/\/www.minimumdepositcasinos.org\/de\/wp-json\/wp\/v2\/pages\/92","targetHints":{"allow":["GET"]}}],"collection":[{"href":"https:\/\/www.minimumdepositcasinos.org\/de\/wp-json\/wp\/v2\/pages"}],"about":[{"href":"https:\/\/www.minimumdepositcasinos.org\/de\/wp-json\/wp\/v2\/types\/page"}],"author":[{"embeddable":true,"href":"https:\/\/www.minimumdepositcasinos.org\/de\/wp-json\/wp\/v2\/users\/1"}],"replies":[{"embeddable":true,"href":"https:\/\/www.minimumdepositcasinos.org\/de\/wp-json\/wp\/v2\/comments?post=92"}],"version-history":[{"count":5,"href":"https:\/\/www.minimumdepositcasinos.org\/de\/wp-json\/wp\/v2\/pages\/92\/revisions"}],"predecessor-version":[{"id":17595,"href":"https:\/\/www.minimumdepositcasinos.org\/de\/wp-json\/wp\/v2\/pages\/92\/revisions\/17595"}],"up":[{"embeddable":true,"href":"https:\/\/www.minimumdepositcasinos.org\/de\/wp-json\/wp\/v2\/pages\/93"}],"wp:featuredmedia":[{"embeddable":true,"href":"https:\/\/www.minimumdepositcasinos.org\/de\/wp-json\/wp\/v2\/media\/100"}],"wp:attachment":[{"href":"https:\/\/www.minimumdepositcasinos.org\/de\/wp-json\/wp\/v2\/media?parent=92"}],"curies":[{"name":"wp","href":"https:\/\/api.w.org\/{rel}","templated":true}]}}