{"id":97,"date":"2018-09-17T15:13:06","date_gmt":"2018-09-17T14:13:06","guid":{"rendered":"https:\/\/www.minimumdepositcasinos.org\/de\/?page_id=97"},"modified":"2026-03-23T15:08:58","modified_gmt":"2026-03-23T15:08:58","slug":"blackjack","status":"publish","type":"page","link":"https:\/\/www.minimumdepositcasinos.org\/de\/spiele\/blackjack\/","title":{"rendered":"Blackjack"},"content":{"rendered":"<div class=\"wp-block-image\">\n<figure class=\"alignright is-resized\"><img decoding=\"async\" width=\"483\" height=\"504\" src=\"\/de\/wp-content\/uploads\/2018\/09\/blackjack-profit-mob.jpg\" alt=\"blackjack\" class=\"wp-image-98\" style=\"width:200px\" srcset=\"https:\/\/www.minimumdepositcasinos.org\/de\/wp-content\/uploads\/2018\/09\/blackjack-profit-mob.jpg 483w, https:\/\/www.minimumdepositcasinos.org\/de\/wp-content\/uploads\/2018\/09\/blackjack-profit-mob-288x300.jpg 288w\" sizes=\"(max-width: 483px) 100vw, 483px\" \/><\/figure><\/div>\n\n\n<p>Wenn Sie ein erfahrener Spieler in Kasinos sind, werden Sie Blackjack wahrscheinlich als eines der besten Kasinospiele aller Zeiten bewerten. <a href=\"\/de\/spiele\/\" target=\"_self\" rel=\"noopener\">Es ist diese tolle Mischung aus einem einfachen Spiel<\/a>, aber auch einem, bei dem man mit ein wenig Geschick oder Strategie die Oberhand gewinnen kann.<br>Hier bei Mindest kasinoseinzahlungen haben wir einen kleinen Leitfaden zusammengestellt, der Ihnen hilft, die Spielregeln und einige grundlegende Strategien zu verstehen, die Ihnen helfen werden, den Dealer zu schlagen.<\/p>\n\n\n\n<h2 class=\"wp-block-heading\">Wie Es Gespielt Wird<\/h2>\n\n\n\n<p>Wenn Sie von der Anzahl der Leute \u00fcberrascht sind, die die Blackjack-Tische in den Kasinos vollstopfen, seien Sie es nicht!!!! Dieses Spiel ist so einfach zu spielen! Die Hauptidee ist, so nah wie m\u00f6glich an 21 heranzukommen, ohne dar\u00fcber hinauszugehen. Sie m\u00f6chten auch ein h\u00f6heres Blatt als der Dealer haben. Wer zuerst \u00fcber 21 geht, sprengt das Spiel. So wird es gespielt:<\/p>\n\n\n\n<p><strong>1.<\/strong>Sie erhalten zwei Karten, deren Wert nach oben zeigt. Der Dealer teilt sich auch zwei Karten aus &#8211; eine mit der Vorderseite nach oben und die andere nach unten.<br><strong>2. <\/strong>Sie m\u00fcssen eine Entscheidung mit den beiden Karten treffen, die Ihnen ausgeh\u00e4ndigt werden:<\/p>\n\n\n\n<ul class=\"wp-block-list\">\n<li>HIT &#8211; Der H\u00e4ndler gibt Ihnen eine weitere Karte.<\/li>\n\n\n\n<li>STAND &#8211; Zeigen Sie dem Dealer, dass er zum n\u00e4chsten Spieler wechselt und beh\u00e4lt, was Sie haben.<\/li>\n\n\n\n<li>SPLIT-Konvertieren Sie das, was Sie haben, in zwei getrennte H\u00e4nde.<\/li>\n\n\n\n<li>DOUBLE DOWN &#8211; Sie erhalten eine weitere Karte ohne die M\u00f6glichkeit, eine andere zu nehmen.<strong>3. <\/strong>Wenn Ihre Hand mit 21 oder weniger bewertet wird, bleiben Sie im Spiel.<strong>4. <\/strong>Sobald jeder am Tisch seine Entscheidung getroffen hat, zeigt der Dealer den Wert seiner verdeckten Karte an.Nach dieser Hand sind verschiedene andere Optionen verf\u00fcgbar:<br><strong>BLACKJACK- Passiert bei 21. <\/strong><\/li>\n\n\n\n<li>VERSICHERUNG: Dies dient dem Schutz des Spielers, wenn der Dealer ein Ass auf seiner offenen Karte hat.<\/li>\n\n\n\n<li>Wenn dir deine Hand nicht gef\u00e4llt, kannst du die H\u00e4lfte davon abgeben.<\/li>\n\n\n\n<li>SOFT 17 &#8211; Das ist, wenn die Hand des Dealers ein Ass enth\u00e4lt. Ein Dealer muss eine weitere Karte ziehen, wenn seine Karten 17 ergeben.<\/li>\n\n\n\n<li>GELD pro Chance, dass Sie einen Blackjack schlagen und Ihr Dealer ein Ass hat, werden Sie gleichziehen, wenn auch er einen Blackjack hat. Um das Risiko des Verlusts zu vermeiden, nehmen Sie gleichm\u00e4\u00dfiges Geld und lassen Sie sich 1:1 bezahlen.<\/li>\n\n\n\n<li>DOUBLE DOWN &#8211; Es ist vielleicht nicht der beste Zug, wenn der Wert nicht 10 oder 11 betr\u00e4gt.<br><h3>SPIEL OPTIONEN<\/h3><p><strong>Perfekter Blackjack:<\/strong> Dies geschieht, wenn der Spieler ein perfektes Paar Karten in der exakt gleichen Farbe hat. Die Auszahlung kann bis zu 25 zu 1 betragen.<br><strong>Blackjack-Schalter:<\/strong> Ein Spieler hat die Chance, zwei Bl\u00e4tter gleichzeitig zu spielen und kann die oberste Karte von einer der beiden H\u00e4nde wechseln, um seine Gewinnm\u00f6glichkeiten zu verbessern.<br><strong>Blackjack Kapitulation:<\/strong> In diesem Spiel haben Sie die M\u00f6glichkeit, Ihre Hand zu \u00fcbergeben, nachdem die ersten beiden Karten ausgeteilt wurden. In diesem Fall erhalten Sie die H\u00e4lfte Ihres Einsatzes zur\u00fcck.<\/p><h3>SPIELREGELN<\/h3><\/li>\n\n\n\n<li>Blackjack erfordert, dass Ihr ganzes Geld von den Kameras gesehen wird, also platzieren Sie das, was Sie wetten, au\u00dferhalb Ihres Wettfeldes und geben Sie den gew\u00fcnschten Wert an.<\/li>\n\n\n\n<li>Vermeiden Sie unn\u00f6tige Gegenst\u00e4nde wie Taschen oder Geldb\u00f6rsen auf dem Tisch. Sie k\u00f6nnen ein Getr\u00e4nk an den Tisch bringen, aber einen vom Kasino zur Verf\u00fcgung gestellten Halter verwenden.<\/li>\n\n\n\n<li>Achten Sie darauf, dass Sie bei der Auswahl der Karten nur eine Hand und nicht zwei verwenden.<\/li>\n\n\n\n<li>Ber\u00fchren Sie die Karten nicht, wenn der Dealer sie auf den Tisch legt. Das Gesicht der Karten ist normalerweise oben, also verk\u00fcndet der H\u00e4ndler leicht den Wert, der jedem Spieler geh\u00f6rt. Behalten Sie Ihren Einsatz auf dem Tisch, bis Sie gewinnen oder verlieren.<\/li>\n\n\n\n<li>Kommunizieren Sie mit dem Dealer \u00fcber Handzeichen, anstatt zu schreien, was Sie wollen. Sicherheitskameras sind immer auf der Suche nach Kasinos, um sicherzustellen, dass Ihre Handzeichen mit dem \u00fcbereinstimmen, was Sie wollen.<\/li>\n\n\n\n<li>Geben Sie Ihren Mitspielern keine Ratschl\u00e4ge, wie sie ihre Wetten platzieren sollen. Wenn Sie nicht gefragt werden, lassen Sie Ihren Nachbarn spielen, wie er will.<\/li>\n\n\n\n<li><br><h3>SPIELEN ZUM GEWINNEN<\/h3><p>Stellen Sie sicher, dass Sie das Spiel vollst\u00e4ndig verstehen, bevor Sie spielen. Die meisten Spieler verlieren Geld, weil sie mit den Spielregeln nicht ganz vertraut sind. Verschiedene Arten des Spiels haben bestimmte Regeln, die bestimmen, ob Sie gewinnen oder verlieren. Seien Sie also scharf darauf, sich die Spiele anzusehen und einige davon auszuprobieren, bevor Sie mit echtem Geld wetten.<br>Ein wichtiger Punkt zu beachten ist der Wert der Karten in Blackjack. Karten wie K, Q, J und 10 werden mit 10 Punkten bewertet, und die Bilder auf ihrem Gesicht geben der Karte keinen Wert. Asse haben einen signifikanten Wert, da sie entweder mit 1 oder 11 bewertet werden k\u00f6nnen, je nachdem, was in Ihrer Situation den gr\u00f6\u00dften Mehrwert bringt.<\/p><h3>MEHR TIPPS<\/h3><p>Es ist ok, den wert ihrer karten im blackjack zu z\u00e4hlen, aber verwenden sie keinen taschenrechner oder ein anderes gadget. Rechnen sie es sich aus. Hier ist, wie man es macht:<\/p><\/li>\n\n\n\n<li>sie werden entweder -1, 0 oder +1 verwenden, um zu z\u00e4hlen. Wenn sie ihre karten erhalten haben, beginnen sie mit der z\u00e4hlung bei 0 und \u00e4ndern sie den wert, wenn die karten auf den filz treffen. Wenn eine 3 treffer, addieren sie 1, wenn eine 6 treffer, addieren sie eine weitere 1 und wenn 10 treffer, subtrahieren sie 1.<\/li>\n\n\n\n<li>achten sie auf die anzahl der karten, die den tisch treffen, besonders beim spielen an einem kasinotisch im vergleich zu online.<\/li>\n\n\n\n<li>setzen sie ihren z\u00e4hler einmal zur\u00fcck, nachdem alle 52 karten in einem stapel getroffen wurden. Nehmen sie dazu ihren z\u00e4hler und tauchen sie mit der anzahl der im schuh verbliebenen decks.<\/li>\n\n\n\n<li><br><h3>Auszahlungsrate<\/h3><p>Blackjack ist nicht nur ein gl\u00fccksspiel. Es erfordert geschicklichkeit. Kluge spieler haben eine schw\u00e4che f\u00fcr blackjack-spiele. Dieses ist, weil es das spiel mit dem wenigen hausrand ist, der mit allen anderen kasinospielen verglichen wird, die online gespielt werden. Durch die anwendung bestimmter methoden kann ein spieler die chancen zu seinen gunsten nutzen. Dies ist eine f\u00fcr andere spiele ungew\u00f6hnliche funktion. Mit der richtigen strategie k\u00f6nnen sie den vorteil des kasinos auf fast null reduzieren.<\/p><h3>Sicherheit<\/h3><p>Ist jedes kasino da drausse zuverl\u00e4ssig? Nicht ganz. Genau wissen, wer f\u00fcr das spiel sorgt. Einige der kasinos z\u00f6gern, nach einem grosse gewinn zu zahlen. Vergewissern sie sich, dass die von ihnen gew\u00e4hlte lizenz g\u00fcltig und reguliert ist.<\/p><br><\/li>\n<\/ul>\n","protected":false},"excerpt":{"rendered":"<p>Wenn Sie ein erfahrener Spieler in Kasinos sind, werden Sie Blackjack wahrscheinlich als eines der besten Kasinospiele aller Zeiten bewerten. Es ist diese tolle Mischung aus einem einfachen Spiel, aber auch einem, bei dem man mit ein wenig Geschick oder Strategie die Oberhand gewinnen kann.Hier bei Mindest kasinoseinzahlungen haben wir einen kleinen Leitfaden zusammengestellt, der [&hellip;]<\/p>\n","protected":false},"author":1,"featured_media":98,"parent":93,"menu_order":0,"comment_status":"closed","ping_status":"closed","template":"","meta":{"_acf_changed":false,"footnotes":""},"class_list":["post-97","page","type-page","status-publish","has-post-thumbnail","hentry"],"acf":[],"_links":{"self":[{"href":"https:\/\/www.minimumdepositcasinos.org\/de\/wp-json\/wp\/v2\/pages\/97","targetHints":{"allow":["GET"]}}],"collection":[{"href":"https:\/\/www.minimumdepositcasinos.org\/de\/wp-json\/wp\/v2\/pages"}],"about":[{"href":"https:\/\/www.minimumdepositcasinos.org\/de\/wp-json\/wp\/v2\/types\/page"}],"author":[{"embeddable":true,"href":"https:\/\/www.minimumdepositcasinos.org\/de\/wp-json\/wp\/v2\/users\/1"}],"replies":[{"embeddable":true,"href":"https:\/\/www.minimumdepositcasinos.org\/de\/wp-json\/wp\/v2\/comments?post=97"}],"version-history":[{"count":3,"href":"https:\/\/www.minimumdepositcasinos.org\/de\/wp-json\/wp\/v2\/pages\/97\/revisions"}],"predecessor-version":[{"id":18464,"href":"https:\/\/www.minimumdepositcasinos.org\/de\/wp-json\/wp\/v2\/pages\/97\/revisions\/18464"}],"up":[{"embeddable":true,"href":"https:\/\/www.minimumdepositcasinos.org\/de\/wp-json\/wp\/v2\/pages\/93"}],"wp:featuredmedia":[{"embeddable":true,"href":"https:\/\/www.minimumdepositcasinos.org\/de\/wp-json\/wp\/v2\/media\/98"}],"wp:attachment":[{"href":"https:\/\/www.minimumdepositcasinos.org\/de\/wp-json\/wp\/v2\/media?parent=97"}],"curies":[{"name":"wp","href":"https:\/\/api.w.org\/{rel}","templated":true}]}}