{"id":10382,"date":"2023-11-07T09:42:17","date_gmt":"2023-11-07T09:42:17","guid":{"rendered":"https:\/\/www.minimumdepositcasinos.org\/fr\/?page_id=10382"},"modified":"2023-11-08T13:29:05","modified_gmt":"2023-11-08T13:29:05","slug":"ecopayz","status":"publish","type":"page","link":"https:\/\/www.minimumdepositcasinos.org\/fr\/options-dachat\/ecopayz\/","title":{"rendered":"Ecopayz"},"content":{"rendered":"\n<h2 class=\"wp-block-heading\">Qu&#8217;est-ce qui fait d&#8217;Ecopayz une formidable m\u00e9thode de paiement pour les casinos ?<\/h2>\n\n\n\n<p>EcoPayz offre une vaste gamme d&#8217;avantages, non seulement pour les joueurs de casino en ligne, mais aussi pour les transferts d&#8217;argent en ligne, le paiement de services en ligne et bien d&#8217;autres choses encore. Alors que l&#8217;application et le site Web standard d&#8217;EcoPayz facilitent les transactions en ligne en toute s\u00e9curit\u00e9, l&#8217;ajout d&#8217;une carte physique serait un \u00e9norme plus pour la plupart des joueurs. La carte peut \u00eatre utilis\u00e9e partout o\u00f9 <a href=\"\/fr\/options-dachat\/mastercard\/\">MasterCard<\/a> est accept\u00e9e et permet \u00e9galement aux utilisateurs de retirer de l&#8217;argent aux distributeurs automatiques.<\/p>\n\n\n\n<p>EcoPayz propose \u00e9galement des frais incroyablement bas, qui ne s&#8217;appliquent qu&#8217;\u00e0 l&#8217;ajout de fonds et aux retraits sur votre compte. Le service ne facture pas de frais pour les transactions avec les commer\u00e7ants EcoPayz, ce qui inclut les casinos en ligne.<\/p>\n\n\n\n<p>Bien entendu, le principal avantage d&#8217;EcoPayz est d&#8217;ajouter une couche de s\u00e9curit\u00e9 \u00e0 vos transactions en ligne. Le syst\u00e8me utilise les logiciels de cryptage les plus r\u00e9cents pour dissimuler vos informations personnelles. Comme vous n&#8217;utilisez pas votre carte de d\u00e9bit ou de cr\u00e9dit pour payer en ligne, il est impossible pour les fraudeurs d&#8217;obtenir ces informations. Seule votre adresse \u00e9lectronique est communiqu\u00e9e lorsque vous effectuez des paiements ou que vous souhaitez recevoir des fonds.<\/p>\n\n\n\n<h2 class=\"wp-block-heading\">Le meilleur casino en ligne acceptant Ecopayz<\/h2>\n\n\n\n<p>Choisissez parmi les meilleurs casinos EcoPayz ci-dessous et profitez instantan\u00e9ment d&#8217;un acc\u00e8s \u00e0 des jeux de classe mondiale. Nos experts en casino ont s\u00e9lectionn\u00e9 ces marques comme \u00e9tant les meilleures pour leurs excellentes promotions, leurs jeux \u00e9quitables, leurs retraits rapides et leurs d\u00e9p\u00f4ts s\u00e9curis\u00e9s.<\/p>\n\n\n\n<h2 class=\"wp-block-heading\">D\u00e9p\u00f4ts minimums dans les casinos Ecopayz<\/h2>\n\n\n\n<p>L<a href=\"\/fr\/\">es casinos \u00e0 d\u00e9p\u00f4t minimum<\/a> avec EcoPayz sont tr\u00e8s populaires car les joueurs peuvent d<a href=\"\/fr\/10-de-depot-minimum\/\">\u00e9poser \u00e0 partir de 10 $<\/a>. Bien que cela puisse signifier que vous ne pouvez pas utiliser la m\u00e9thode de paiement pour le d\u00e9p\u00f4t le plus bas sur <a href=\"\/fr\/5-de-depot-minimum\/\">les casinos \u00e0 d\u00e9p\u00f4t de 5 $<\/a>, il est toujours possible de d\u00e9clencher les bonus propos\u00e9s en d\u00e9posant plus, ce qui d\u00e9clenche un bonus plus \u00e9lev\u00e9 par la m\u00eame occasion.<\/p>\n\n\n\n<p>Pour profiter au maximum de l&#8217;exp\u00e9rience et obtenir de meilleures conditions, utilisez EcoPayz avec nos casinos \u00e0 d\u00e9p\u00f4t de 10 $ ou r\u00e9clamez un bonus <a href=\"\/fr\/20-de-depot-minimum\/\">de d\u00e9p\u00f4t de casino de 20<\/a>$. Nous nous assurons que ces casinos permettent aux joueurs d&#8217;activer les bonus avec le montant de d\u00e9p\u00f4t minimum.<\/p>\n\n\n\n<p>Certains casinos en ligne peuvent autoriser les joueurs \u00e0 d\u00e9poser un montant inf\u00e9rieur, mais ne leur permettent pas d&#8217;activer les bonus avec le d\u00e9p\u00f4t le plus bas. Il est important de lire les termes et conditions de l&#8217;offre et de confirmer que le d\u00e9p\u00f4t minimum du casino correspond \u00e0 celui du bonus.<\/p>\n\n\n\n<p>Nous le faisons pour vous, en veillant \u00e0 ce que nos visiteurs obtiennent toujours un bonus pour moins cher !<\/p>\n\n\n\n<h2 class=\"wp-block-heading\">Les meilleurs casinos avec d\u00e9p\u00f4t minimum Ecopayz<\/h2>\n\n\n\n<p>Rejoignez les meilleurs casinos EcoPayz avec d\u00e9p\u00f4t minimum pour profiter d&#8217;excellentes promotions et d&#8217;avantages. Nous proposons diff\u00e9rents types de bonus de d\u00e9p\u00f4t minimum sur des casinos de premier ordre qui sont enti\u00e8rement sous licence, s\u00e9curis\u00e9s et dignes de confiance. Il vous suffit de choisir le casino qui r\u00e9pond \u00e0 vos exigences, de lire nos <a href=\"\/fr\/revue-de-casino\/\">revues de casin<\/a>o pour plus d&#8217;informations et de vous inscrire !<\/p>\n\n\n\n<br\/><div class=\"cta_post_box\">\n<div class=\"cta_post_top\"><div class=\"cta_post_title\">Ecopayz Casino<\/div><\/div>\n<div class=\"cta_post_container\">\n<div class=\"cta_post_mid\">\n<div class=\"cta_post_mid_left\"><div class=\"cta_post_image\"><\/div><div class=\"cta_post_name\"><div class=\"cta_post_rating\"><img src='\/wp-content\/themes\/mdc2024\/images\/star-white.svg' alt='Star'\/><img src='\/wp-content\/themes\/mdc2024\/images\/star-white.svg' alt='Star'\/><img src='\/wp-content\/themes\/mdc2024\/images\/star-white.svg' alt='Star'\/><img src='\/wp-content\/themes\/mdc2024\/images\/star-white.svg' alt='Star'\/><img src='\/wp-content\/themes\/mdc2024\/images\/star-white.svg' alt='Star'\/><\/div><\/div>\n<div class=\"clear\"><\/div>\n<\/div>\n<div class=\"cta_post_mid_offer\">\nD\u00e9p\u00f4t de $5 Obtention de EXCLUSIF 50 TOURS GRATUITS ET 100 % DE MATCH JUSQU&#8217;\u00c0 700 $<\/div>\n<div class=\"clear\"><\/div>\n<div class=\"cta_post_bottom\">\n\t<a href=\"\/?pos=Ecopayz Casino\" class=\"mainctabutton\" target=\"_blank\" onclick=\"DL_Push('')\">Visiter<\/a><\/div>\n<\/div>\n<div class=\"cta_post_terms\"><\/div>\n<\/div><\/div><br\/>\n\n\n\n<h2 class=\"wp-block-heading\">Comment utiliser Ecopayz sur les sites des casinos ?<\/h2>\n\n\n\n<p>Pour commencer \u00e0 utiliser EcoPayz, les utilisateurs doivent cr\u00e9er un compte. Cette op\u00e9ration est 100 % gratuite et ne n\u00e9cessite que quelques minutes de votre temps. Une fois inscrit, vous constaterez qu&#8217;il est facile d&#8217;effectuer des transactions avec le service, non seulement avec les casinos en ligne, mais aussi avec des milliers de magasins et de services en ligne, ou m\u00eame d&#8217;envoyer de l&#8217;argent \u00e0 d&#8217;autres utilisateurs.<\/p>\n\n\n\n<p>Une fois que vous avez un compte, la gestion de vos fonds est incroyablement facile, en particulier gr\u00e2ce \u00e0 l&#8217;application mobile et au site Web sur PC. Vous pouvez facilement mettre en place diff\u00e9rentes limites pour vous aider \u00e0 maintenir et \u00e0 g\u00e9rer votre compte.<\/p>\n\n\n\n<p>Ci-dessous, nous examinons de plus pr\u00e8s comment enregistrer votre compte et l&#8217;utiliser dans un casino en ligne. Le processus est incroyablement simple et facile \u00e0 utiliser, gr\u00e2ce aux \u00e9tapes exactes que les utilisateurs doivent suivre. Vous \u00eates ainsi assur\u00e9 de ne pas commettre d&#8217;erreur et de ne pas payer le mauvais compte. Voyons cela de plus pr\u00e8s :<\/p>\n\n\n\n<h3 class=\"wp-block-heading\">Cr\u00e9er un compte Ecopayz<\/h3>\n\n\n\n<p>Pour cr\u00e9er votre <a href=\"https:\/\/secure.payz.com\/?language=en-GB\" target=\"_blank\" rel=\"noreferrer noopener\">compte EcoPay<\/a>z, visitez leur site web et appuyez sur le bouton d&#8217;inscription en haut. La proc\u00e9dure d&#8217;inscription gratuite d\u00e9marre et les nouveaux utilisateurs doivent remplir le formulaire. Les informations requises comprennent le nom, l&#8217;adresse \u00e9lectronique, le pays, la devise, la date de naissance, l&#8217;adresse, le num\u00e9ro de t\u00e9l\u00e9phone portable et la mani\u00e8re dont le compte sera approvisionn\u00e9. Dans l&#8217;ensemble, cette proc\u00e9dure ne devrait pas prendre plus d&#8217;une minute, surtout si vous utilisez le remplissage automatique.<\/p>\n\n\n\n<p>Une fois cette op\u00e9ration termin\u00e9e, vous verrez votre compte et les diff\u00e9rentes options qui s&#8217;offrent \u00e0 vous. Cependant, pour terminer le processus d&#8217;inscription, vous devrez v\u00e9rifier votre adresse \u00e9lectronique et votre num\u00e9ro de t\u00e9l\u00e9phone portable. Vous devrez \u00e9galement fournir des documents justificatifs, afin de vous assurer que votre compte est enregistr\u00e9 au nom de la bonne personne et qu&#8217;il est en s\u00e9curit\u00e9. Heureusement, ces documents ne sont demand\u00e9s qu&#8217;une seule fois pour que vous puissiez exploiter tout le potentiel de votre compte EcoPayz.<\/p>\n\n\n\n<p>Maintenant que vous avez un compte, ajoutez-y de l&#8217;argent gr\u00e2ce \u00e0 leur <a href=\"\/fr\/options-dachat\/\">large s\u00e9lection de m\u00e9thode<\/a>s.<\/p>\n\n\n\n<h2 class=\"wp-block-heading\">Approvisionner votre compte Ecopayz au casino<\/h2>\n\n\n\n<p>L&#8217;approvisionnement de votre compte EcoPayz est incroyablement facile, gr\u00e2ce \u00e0 l&#8217;acceptation de diff\u00e9rentes m\u00e9thodes, qui ne se limitent pas aux comptes bancaires, mais incluent \u00e9galement d&#8217;autres portefeuilles en ligne et m\u00eame de l&#8217;argent liquide.<\/p>\n\n\n\n<p>Une fois que vous avez un compte EcoPayz, il est facile de lier votre carte de d\u00e9bit ou de cr\u00e9dit et de transf\u00e9rer instantan\u00e9ment des fonds pour les utiliser en toute s\u00e9curit\u00e9 en ligne. Cependant, si vous pr\u00e9f\u00e9rez connecter un portefeuille web tel qu&#8217;Interac, Siru, Sofort et autres, c&#8217;est facile, hautement s\u00e9curis\u00e9 et instantan\u00e9 !<\/p>\n\n\n\n<p>Les utilisateurs ont \u00e9galement la possibilit\u00e9 d&#8217;approvisionner leurs comptes avec des syst\u00e8mes de bons tels que Paysafe Card et vous pouvez utiliser de l&#8217;argent liquide dans votre banque locale. Bien entendu, les EcoVouchers sont les plus populaires, disponibles chez les d\u00e9taillants de diff\u00e9rents pays. Vous pouvez acheter le bon avec de l&#8217;argent liquide ou votre carte bancaire et simplement entrer le code dans votre compte. Les fonds appara\u00eetront instantan\u00e9ment et offrent l&#8217;une des commissions les plus basses, \u00e0 savoir 2,90 % seulement.<\/p>\n\n\n\n<h2 class=\"wp-block-heading\">Utiliser votre compte Ecopayz dans un casino<\/h2>\n\n\n\n<p>\u00c0 pr\u00e9sent que vous avez de l&#8217;argent sur votre compte, il est temps de choisir l&#8217;un de nos casinos en ligne EcoPayz et d&#8217;activer un bonus avec votre premier d\u00e9p\u00f4t.<\/p>\n\n\n\n<p>L&#8217;inscription rapide \u00e0 un casino avec EcoPayz est un jeu d&#8217;enfant, surtout si vous choisissez le bon casino. Le processus ne requiert que vos informations de base et prend moins d&#8217;une minute \u00e0 compl\u00e9ter. Malheureusement, EcoPayz n&#8217;offre pas actuellement d&#8217;option d&#8217;inscription en un clic, comme c&#8217;est le cas pour PayPal et Trustly.<\/p>\n\n\n\n<p>Pour effectuer un d\u00e9p\u00f4t, rendez-vous \u00e0 la caisse du casino en ligne EcoPayz, qui pr\u00e9sentera son logo vert et bleu. Une fois s\u00e9lectionn\u00e9, le casino vous fait passer par quelques \u00e9tapes pour effectuer le d\u00e9p\u00f4t, notamment le montant que vous souhaitez d\u00e9poser, un bonus de d\u00e9p\u00f4t et plus encore. Vous serez ensuite redirig\u00e9 vers une page de connexion EcoPayz s\u00e9curis\u00e9e o\u00f9 vous pourrez vous connecter pour approuver la transaction.<\/p>\n\n\n\n<p>Les personnes qui utilisent l&#8217;application mobile peuvent ajouter une couche de s\u00e9curit\u00e9 suppl\u00e9mentaire en activant l&#8217;authentificateur en deux \u00e9tapes. Cela n\u00e9cessitera une \u00e9tape suppl\u00e9mentaire o\u00f9 les transactions sortantes devront \u00eatre approuv\u00e9es dans l&#8217;application \u00e9galement.<\/p>\n\n\n\n<p>Une fois le paiement effectu\u00e9, les fonds quittent instantan\u00e9ment votre compte EcoPayz et sont envoy\u00e9s en quelques secondes au commer\u00e7ant. Si sa rapidit\u00e9 ne peut qu&#8217;impressionner, le fait qu&#8217;aucun frais ne s&#8217;applique aux d\u00e9p\u00f4ts est un bonus encore plus important !<\/p>\n\n\n\n<h2 class=\"wp-block-heading\">Casinos sans mise qui acceptent Ecopayz<\/h2>\n\n\n\n<p>La plupart des casinos en ligne offrent des bonus int\u00e9ressants avec de l&#8217;argent et des tours gratuits \u00e0 gagner lorsque vous effectuez un d\u00e9p\u00f4t. Bien que ces promotions offrent de nombreux avantages, certaines conditions strictes s&#8217;appliquent. Il s&#8217;agit notamment des exigences de mise, que vous devez remplir avant de pouvoir effectuer des retraits, y compris du montant du bonus.<\/p>\n\n\n\n<p>Les conditions de mise font partie de presque tous les bonus de casino et sont indiqu\u00e9es dans les termes et conditions de l&#8217;offre. Commun\u00e9ment appel\u00e9es exigences de jeu, elles se pr\u00e9sentent sous la forme d&#8217;un multiplicateur indiquant le nombre de fois que le montant du bonus doit \u00eatre mis\u00e9 avant que les fonds ne soient ajout\u00e9s \u00e0 votre compte d&#8217;argent r\u00e9el.<\/p>\n\n\n\n<p>Les exigences vont de 20x \u00e0 70x dans les casinos de confiance, mais m\u00eame \u00e0 ces montants, il faut jouer beaucoup pour les atteindre. Par exemple, si vous r\u00e9clamez un bonus de 20 \u20ac\/$ avec des exigences de mise de 50x, cela signifie que vous devez jouer aux machines \u00e0 sous pour une valeur de 1 000 \u20ac\/$ avant que le bonus ne devienne de l&#8217;argent r\u00e9el. Bien que cela ne soit pas impossible, vous devrez mettre un peu de chance de votre c\u00f4t\u00e9 ou vous pouvez simplement choisir un casino en ligne sans mise.<\/p>\n\n\n\n<p>Les casinos sans mise avec EcoPayz sont une combinaison populaire, d&#8217;autant plus que la m\u00e9thode de paiement n&#8217;applique pas de frais, ce qui rend les avantages encore plus importants. Avec ces casinos, vous recevrez toujours un bonus brillant, qui peut \u00eatre plus petit que la plupart des autres, mais au moins le bonus est 100% \u00e0 vous d\u00e8s que vous l&#8217;activez.<\/p>\n\n\n\n<h2 class=\"wp-block-heading\">Retraits dans les casinos Ecopayz<\/h2>\n\n\n\n<p>La plupart des casinos en ligne qui acceptent les d\u00e9p\u00f4ts EcoPayz facilitent \u00e9galement les retraits. Comme pour les d\u00e9p\u00f4ts, les joueurs suivront les m\u00eames \u00e9tapes pour effectuer des retraits. Vous devez vous rendre \u00e0 la caisse, s\u00e9lectionner Retrait et choisir la m\u00e9thode EcoPayz.<\/p>\n\n\n\n<p>Pour effectuer des retraits, vous n&#8217;avez pas besoin d&#8217;approuver les transactions car elles sont entrantes. Par cons\u00e9quent, il vous suffit de compl\u00e9ter les \u00e9tapes, y compris le montant du retrait au casino en ligne, et le processus est termin\u00e9. Il existe de nombreux casinos EcoPayz qui effectuent des retraits le jour m\u00eame, mais cela d\u00e9pend du temps de traitement du casino. Certains envoient les fonds le jour m\u00eame, tandis que d&#8217;autres peuvent n\u00e9cessiter jusqu&#8217;\u00e0 trois jours ouvrables.<\/p>\n\n\n\n<p>Une fois que les fonds sont envoy\u00e9s par le casino, ils arrivent sur votre compte EcoPayz presque instantan\u00e9ment. Comme pour les d\u00e9p\u00f4ts, vous ne payez aucun frais pour la transaction, ce qui vous permet de profiter au maximum de leurs services.<\/p>\n\n\n\n<h2 class=\"wp-block-heading\">Devriez-vous utiliser Ecopayz dans un casino en ligne ?<\/h2>\n\n\n\n<p>EcoPayz a \u00e9t\u00e9 cr\u00e9\u00e9 il y a plus de 20 ans et, au cours de cette p\u00e9riode, ils ont perfectionn\u00e9 leurs services et fournissent maintenant aux utilisateurs une gamme brillante d&#8217;avantages. Non seulement leurs comptes sont 100 % gratuits, mais les transactions ne sont pas sensibles et les utilisateurs ont l&#8217;avantage suppl\u00e9mentaire d&#8217;une carte optionnelle, ce qui facilite encore plus l&#8217;acc\u00e8s \u00e0 vos fonds.<\/p>\n\n\n\n<p>En tant que m\u00e9thode de d\u00e9p\u00f4t et de retrait de casino, EcoPayz remplit toutes les conditions pour des transactions rapides, s\u00e9curis\u00e9es et fiables vers un grand nombre de casinos en ligne internationaux. Il est id\u00e9al pour tous les types de joueurs, y compris ceux qui souhaitent activer des bonus, l&#8217;utiliser pour les paris sportifs, le poker et pratiquement tous les casinos en ligne.<\/p>\n","protected":false},"excerpt":{"rendered":"<p>Qu&#8217;est-ce qui fait d&#8217;Ecopayz une formidable m\u00e9thode de paiement pour les casinos ? EcoPayz offre une vaste gamme d&#8217;avantages, non seulement pour les joueurs de casino en ligne, mais aussi pour les transferts d&#8217;argent en ligne, le paiement de services en ligne et bien d&#8217;autres choses encore. Alors que l&#8217;application et le site Web standard [&hellip;]<\/p>\n","protected":false},"author":16,"featured_media":10387,"parent":98,"menu_order":0,"comment_status":"closed","ping_status":"closed","template":"page_money.php","meta":{"_acf_changed":false,"footnotes":""},"class_list":["post-10382","page","type-page","status-publish","has-post-thumbnail","hentry"],"acf":[],"_links":{"self":[{"href":"https:\/\/www.minimumdepositcasinos.org\/fr\/wp-json\/wp\/v2\/pages\/10382","targetHints":{"allow":["GET"]}}],"collection":[{"href":"https:\/\/www.minimumdepositcasinos.org\/fr\/wp-json\/wp\/v2\/pages"}],"about":[{"href":"https:\/\/www.minimumdepositcasinos.org\/fr\/wp-json\/wp\/v2\/types\/page"}],"author":[{"embeddable":true,"href":"https:\/\/www.minimumdepositcasinos.org\/fr\/wp-json\/wp\/v2\/users\/16"}],"replies":[{"embeddable":true,"href":"https:\/\/www.minimumdepositcasinos.org\/fr\/wp-json\/wp\/v2\/comments?post=10382"}],"version-history":[{"count":10,"href":"https:\/\/www.minimumdepositcasinos.org\/fr\/wp-json\/wp\/v2\/pages\/10382\/revisions"}],"predecessor-version":[{"id":10398,"href":"https:\/\/www.minimumdepositcasinos.org\/fr\/wp-json\/wp\/v2\/pages\/10382\/revisions\/10398"}],"up":[{"embeddable":true,"href":"https:\/\/www.minimumdepositcasinos.org\/fr\/wp-json\/wp\/v2\/pages\/98"}],"wp:featuredmedia":[{"embeddable":true,"href":"https:\/\/www.minimumdepositcasinos.org\/fr\/wp-json\/wp\/v2\/media\/10387"}],"wp:attachment":[{"href":"https:\/\/www.minimumdepositcasinos.org\/fr\/wp-json\/wp\/v2\/media?parent=10382"}],"curies":[{"name":"wp","href":"https:\/\/api.w.org\/{rel}","templated":true}]}}