{"id":10426,"date":"2023-11-17T14:52:41","date_gmt":"2023-11-17T14:52:41","guid":{"rendered":"https:\/\/www.minimumdepositcasinos.org\/fr\/?page_id=10426"},"modified":"2023-11-17T14:52:43","modified_gmt":"2023-11-17T14:52:43","slug":"astropay","status":"publish","type":"page","link":"https:\/\/www.minimumdepositcasinos.org\/fr\/options-dachat\/astropay\/","title":{"rendered":"Astropay"},"content":{"rendered":"\n<h2 class=\"wp-block-heading\">Des d\u00e9p\u00f4ts aux retraits : Comment Astropay am\u00e9liore votre exp\u00e9rience dans les casinos en ligne<\/h2>\n\n\n\n<p>D\u00e9couvrez les avantages de l&#8217;utilisation d&#8217;Astropay comme m\u00e9thode de paiement pr\u00e9f\u00e9r\u00e9e dans les casinos en ligne au Canada. Avec Astropay, vous pouvez dire adieu aux tracas et aux inqui\u00e9tudes souvent associ\u00e9s aux transactions financi\u00e8res dans le monde du jeu en ligne. Vous b\u00e9n\u00e9ficiez de d\u00e9p\u00f4ts rapides comme l&#8217;\u00e9clair, ce qui vous permet de vous plonger dans vos jeux pr\u00e9f\u00e9r\u00e9s sans d\u00e9lai. Les fonctions de s\u00e9curit\u00e9 d&#8217;Astropay vous garantissent la tranquillit\u00e9 d&#8217;esprit, en prot\u00e9geant vos informations financi\u00e8res pendant que vous vous concentrez sur votre plaisir de jouer. Mais les avantages ne s&#8217;arr\u00eatent pas aux d\u00e9p\u00f4ts ; Astropay assure \u00e9galement des retraits en douceur, vous permettant de profiter de vos gains rapidement et en toute commodit\u00e9. Avec Astropay, votre exp\u00e9rience du casino en ligne atteint un nouveau niveau, rendant le jeu plus agr\u00e9able et sans stress.<\/p>\n\n\n\n<h2 class=\"wp-block-heading\">Les meilleurs casinos en ligne acceptant Astropay<\/h2>\n\n\n\n<p>Dans le monde toujours plus vaste des jeux d&#8217;argent en ligne, trouver le bon casino qui accepte Astropay peut faire toute la diff\u00e9rence dans votre exp\u00e9rience de jeu. La d\u00e9couverte de la plateforme id\u00e9ale vous garantit un processus de d\u00e9p\u00f4t et de retrait sans probl\u00e8me, tout en vous donnant acc\u00e8s \u00e0 un \u00e9ventail de jeux passionnants et d&#8217;opportunit\u00e9s lucratives. D\u00e9couvrez nos recommandations pour vous assurer de tirer le meilleur parti de votre exp\u00e9rience de jeu.<\/p>\n\n\n\n<br\/><div class=\"cta_post_box\">\n<div class=\"cta_post_top\"><div class=\"cta_post_title\">Meilleur bonus Astropay<\/div><\/div>\n<div class=\"cta_post_container\">\n<div class=\"cta_post_mid\">\n<div class=\"cta_post_mid_left\"><div class=\"cta_post_image\"><\/div><div class=\"cta_post_name\"><div class=\"cta_post_rating\"><img src='\/wp-content\/themes\/mdc2024\/images\/star-white.svg' alt='Star'\/><img src='\/wp-content\/themes\/mdc2024\/images\/star-white.svg' alt='Star'\/><img src='\/wp-content\/themes\/mdc2024\/images\/star-white.svg' alt='Star'\/><img src='\/wp-content\/themes\/mdc2024\/images\/star-white.svg' alt='Star'\/><img src='\/wp-content\/themes\/mdc2024\/images\/star-white.svg' alt='Star'\/><\/div><\/div>\n<div class=\"clear\"><\/div>\n<\/div>\n<div class=\"cta_post_mid_offer\">\nD\u00e9p\u00f4t de $5 Obtention de 50 TOURS GRATUITS <\/div>\n<div class=\"clear\"><\/div>\n<div class=\"cta_post_bottom\">\n\t<a href=\"\/?pos=Meilleur bonus Astropay\" class=\"mainctabutton\" target=\"_blank\" onclick=\"DL_Push('')\">Visiter<\/a><\/div>\n<\/div>\n<div class=\"cta_post_terms\"><\/div>\n<\/div><\/div><br\/>\n\n\n\n<h2 class=\"wp-block-heading\">D\u00e9p\u00f4ts minimums dans les casinos Astropay<\/h2>\n\n\n\n<p>Les d\u00e9p\u00f4ts minimums dans les casinos Astropay jouent un r\u00f4le crucial dans l&#8217;adaptation de votre exp\u00e9rience de jeu en ligne \u00e0 vos pr\u00e9f\u00e9rences. Ces \u00e9tablissements proposent des options qui s&#8217;adressent \u00e0 un large \u00e9ventail de joueurs. Pour ceux qui souhaitent commencer de fa\u00e7on prudente, il existe des casinos avec des exigences de d\u00e9p\u00f4t peu \u00e9lev\u00e9es, comme les casinos avec un d\u00e9p\u00f4t minimum de 5 $, ce qui vous permet de commencer avec un budget modeste. Si vous \u00eates pr\u00eat \u00e0 investir un peu plus, vous pouvez opter pour les casinos avec d\u00e9p\u00f4t minimum de 10 $, qui offrent un point d&#8217;entr\u00e9e l\u00e9g\u00e8rement plus important. Pour les joueurs \u00e0 la recherche d&#8217;un bankroll encore plus important, il existe des casinos \u00e0 d\u00e9p\u00f4t minimum de 20 $, qui offrent un seuil plus \u00e9lev\u00e9 pour votre d\u00e9p\u00f4t initial. Il est important de faire la distinction entre les d\u00e9p\u00f4ts minimums et les bonus avec d\u00e9p\u00f4t minimum. Les d\u00e9p\u00f4ts minimums indiquent simplement le plus petit montant que vous pouvez transf\u00e9rer sur votre compte de casino, tandis que les bonus avec d\u00e9p\u00f4t minimum stipulent que vous devez approvisionner votre compte avec un montant sp\u00e9cifique pour d\u00e9bloquer des fonds suppl\u00e9mentaires ou des avantages offerts par le casino. En fin de compte, c&#8217;est \u00e0 vous de choisir le casino Astropay et le montant de d\u00e9p\u00f4t qui correspondent le mieux \u00e0 votre style de jeu et \u00e0 vos objectifs financiers.<\/p>\n\n\n\n<h2 class=\"wp-block-heading\">Les meilleurs casinos avec d\u00e9p\u00f4t minimum Astropay<\/h2>\n\n\n\n<p>Lorsqu&#8217;il s&#8217;agit de casinos Astropay et d&#8217;un engagement financier minimal, nos recommandations ouvrent la voie. D\u00e9couvrez le meilleur choix pour ceux qui recherchent l&#8217;\u00e9quilibre parfait entre un d\u00e9p\u00f4t initial faible et des opportunit\u00e9s de jeu exceptionnelles.<\/p>\n\n\n\n<br\/><div class=\"cta_post_box\">\n<div class=\"cta_post_top\"><div class=\"cta_post_title\">Bonus pour les nouveaux joueurs<\/div><\/div>\n<div class=\"cta_post_container\">\n<div class=\"cta_post_mid\">\n<div class=\"cta_post_mid_left\"><div class=\"cta_post_image\"><\/div><div class=\"cta_post_name\"><div class=\"cta_post_rating\"><img src='\/wp-content\/themes\/mdc2024\/images\/star-white.svg' alt='Star'\/><img src='\/wp-content\/themes\/mdc2024\/images\/star-white.svg' alt='Star'\/><img src='\/wp-content\/themes\/mdc2024\/images\/star-white.svg' alt='Star'\/><img src='\/wp-content\/themes\/mdc2024\/images\/star-white.svg' alt='Star'\/><img src='\/wp-content\/themes\/mdc2024\/images\/star-white.svg' alt='Star'\/><\/div><\/div>\n<div class=\"clear\"><\/div>\n<\/div>\n<div class=\"cta_post_mid_offer\">\nD\u00e9p\u00f4t de $1 Obtention de 55 TOURS GRATUITS SUR SUGAR RUSH<\/div>\n<div class=\"clear\"><\/div>\n<div class=\"cta_post_bottom\">\n\t<a href=\"\/?pos=Bonus pour les nouveaux joueurs\" class=\"mainctabutton\" target=\"_blank\" onclick=\"DL_Push('')\">Visiter<\/a><\/div>\n<\/div>\n<div class=\"cta_post_terms\"><\/div>\n<\/div><\/div><br\/>\n\n\n\n<h2 class=\"wp-block-heading\">Comment utiliser Astropay dans un casino ?<\/h2>\n\n\n\n<p>Si vous \u00eates nouveau dans le monde des casinos en ligne et que vous vous interrogez sur l&#8217;utilisation transparente <a href=\"https:\/\/astropay.com\/\" target=\"_blank\" rel=\"noreferrer noopener\">d&#8217;Astropay<\/a> comme m\u00e9thode de paiement pr\u00e9f\u00e9r\u00e9e, vous \u00eates au bon endroit. Nous sommes l\u00e0 pour vous guider tout au long du processus, en veillant \u00e0 ce que votre parcours de jeu en ligne soit \u00e0 la fois efficace et s\u00e9curis\u00e9.<\/p>\n\n\n\n<h3 class=\"wp-block-heading\">Cr\u00e9ation d&#8217;un compte Astropay<\/h3>\n\n\n\n<p>Pour commencer \u00e0 utiliser Astropay comme m\u00e9thode de paiement pr\u00e9f\u00e9r\u00e9e dans les casinos en ligne du Canada, la premi\u00e8re \u00e9tape consiste \u00e0 cr\u00e9er un compte Astropay. Ce processus est simple et s\u00e9curis\u00e9. Il vous suffit de suivre les instructions fournies et votre compte sera op\u00e9rationnel en un rien de temps.<\/p>\n\n\n\n<h3 class=\"wp-block-heading\">Approvisionnement de votre compte de casino Astropay<\/h3>\n\n\n\n<p>Pour commencer vos aventures de jeu en ligne avec Astropay, la prochaine \u00e9tape cruciale consiste \u00e0 approvisionner votre compte de casino. Ce processus permet de s&#8217;assurer que vous disposez des fonds n\u00e9cessaires pour profiter de vos jeux pr\u00e9f\u00e9r\u00e9s. Vous pouvez facilement alimenter votre compte Astropay par le biais de diverses m\u00e9thodes, ce qui est pratique et sans souci.<\/p>\n\n\n\n<h3 class=\"wp-block-heading\">Utiliser votre compte Astropay dans un casino<\/h3>\n\n\n\n<p>Une fois que vous avez approvisionn\u00e9 votre compte Astropay, la partie la plus excitante commence : d\u00e9poser et profiter de vos jeux de casino pr\u00e9f\u00e9r\u00e9s. L&#8217;utilisation d&#8217;Astropay pour les d\u00e9p\u00f4ts est remarquablement facile et pratique. En fait, sur certains casinos, vous pouvez profiter de la commodit\u00e9 d&#8217;une inscription rapide en un seul clic, ce qui simplifie le processus d&#8217;inscription et vous permet de jouer sans d\u00e9lai.<\/p>\n\n\n\n<h2 class=\"wp-block-heading\">Casinos sans mise qui acceptent Astropay<\/h2>\n\n\n\n<p>Pour ceux qui recherchent une exp\u00e9rience de jeu sup\u00e9rieure avec Astropay comme m\u00e9thode de paiement pr\u00e9f\u00e9r\u00e9e, envisagez d&#8217;explorer le royaume des casinos sans mise. Mais tout d&#8217;abord, voyons ce qu&#8217;impliquent les exigences de mise : dans les casinos traditionnels, il s&#8217;agit de stipulations qui dictent le nombre de fois que vous devez miser votre bonus ou votre d\u00e9p\u00f4t avant de pouvoir retirer vos gains. Cependant, les casinos sans mise, qui acceptent volontiers Astropay, pr\u00e9sentent un avantage qui change la donne. Dans ces \u00e9tablissements, vous n&#8217;\u00eates pas soumis \u00e0 ces contraintes de mise, ce qui signifie que tous les gains que vous accumulez peuvent \u00eatre encaiss\u00e9s imm\u00e9diatement. Cette approche lib\u00e9rale des bonus de casino offre aux joueurs plus de contr\u00f4le et de flexibilit\u00e9 sur leurs r\u00e9sultats de jeu, faisant d&#8217;Astropay le choix id\u00e9al pour une exp\u00e9rience de casino transparente et sans tracas.<\/p>\n\n\n\n<h2 class=\"wp-block-heading\">Retraits dans les casinos ASTROPAY<\/h2>\n\n\n\n<p>Lorsqu&#8217;il s&#8217;agit d&#8217;encaisser vos gains dans les casinos Astropay, vous pouvez vous attendre \u00e0 un processus fluide et efficace qui garantit que votre argent durement gagn\u00e9 est facilement disponible. Ces casinos se distinguent par la rapidit\u00e9 et la facilit\u00e9 des retraits. Avec Astropay, vous pouvez b\u00e9n\u00e9ficier de transactions rapides et sans probl\u00e8me, ce qui vous permet de profiter de vos gains sans d\u00e9lais inutiles. L&#8217;interface conviviale et la technologie s\u00e9curis\u00e9e font du retrait de vos fonds une t\u00e2che simple, garantissant que votre exp\u00e9rience de jeu en ligne reste agr\u00e9able du d\u00e9but \u00e0 la fin.<\/p>\n\n\n\n<h2 class=\"wp-block-heading\">Devriez-vous utiliser Astropay dans un casino en ligne ?<\/h2>\n\n\n\n<p>En r\u00e9sum\u00e9, Astropay appara\u00eet comme une m\u00e9thode de paiement tr\u00e8s pratique et s\u00e9curis\u00e9e pour vos aventures dans les casinos en ligne du Canada. Il permet des d\u00e9p\u00f4ts rapides, offre de la flexibilit\u00e9 avec diff\u00e9rentes <a href=\"\/fr\/\">options de d\u00e9p\u00f4t minimum<\/a> et, lorsqu&#8217;il est utilis\u00e9 sur des casinos sans mise, \u00e9limine le besoin de naviguer dans des exigences de mise compliqu\u00e9es. De plus, les retraits sont rapides et sans effort, ce qui vous permet de profiter de vos gains sans d\u00e9lai inutile. Compte tenu de ces avantages, l&#8217;utilisation d&#8217;Astropay dans un casino en ligne est sans aucun doute un choix judicieux, offrant une exp\u00e9rience de jeu transparente et agr\u00e9able. Si vous recherchez une option de paiement fiable et conviviale, Astropay vous est donc fortement recommand\u00e9.<\/p>\n","protected":false},"excerpt":{"rendered":"<p>Des d\u00e9p\u00f4ts aux retraits : Comment Astropay am\u00e9liore votre exp\u00e9rience dans les casinos en ligne D\u00e9couvrez les avantages de l&#8217;utilisation d&#8217;Astropay comme m\u00e9thode de paiement pr\u00e9f\u00e9r\u00e9e dans les casinos en ligne au Canada. Avec Astropay, vous pouvez dire adieu aux tracas et aux inqui\u00e9tudes souvent associ\u00e9s aux transactions financi\u00e8res dans le monde du jeu en [&hellip;]<\/p>\n","protected":false},"author":16,"featured_media":10427,"parent":98,"menu_order":0,"comment_status":"closed","ping_status":"closed","template":"page_money.php","meta":{"_acf_changed":false,"footnotes":""},"class_list":["post-10426","page","type-page","status-publish","has-post-thumbnail","hentry"],"acf":[],"_links":{"self":[{"href":"https:\/\/www.minimumdepositcasinos.org\/fr\/wp-json\/wp\/v2\/pages\/10426","targetHints":{"allow":["GET"]}}],"collection":[{"href":"https:\/\/www.minimumdepositcasinos.org\/fr\/wp-json\/wp\/v2\/pages"}],"about":[{"href":"https:\/\/www.minimumdepositcasinos.org\/fr\/wp-json\/wp\/v2\/types\/page"}],"author":[{"embeddable":true,"href":"https:\/\/www.minimumdepositcasinos.org\/fr\/wp-json\/wp\/v2\/users\/16"}],"replies":[{"embeddable":true,"href":"https:\/\/www.minimumdepositcasinos.org\/fr\/wp-json\/wp\/v2\/comments?post=10426"}],"version-history":[{"count":3,"href":"https:\/\/www.minimumdepositcasinos.org\/fr\/wp-json\/wp\/v2\/pages\/10426\/revisions"}],"predecessor-version":[{"id":10431,"href":"https:\/\/www.minimumdepositcasinos.org\/fr\/wp-json\/wp\/v2\/pages\/10426\/revisions\/10431"}],"up":[{"embeddable":true,"href":"https:\/\/www.minimumdepositcasinos.org\/fr\/wp-json\/wp\/v2\/pages\/98"}],"wp:featuredmedia":[{"embeddable":true,"href":"https:\/\/www.minimumdepositcasinos.org\/fr\/wp-json\/wp\/v2\/media\/10427"}],"wp:attachment":[{"href":"https:\/\/www.minimumdepositcasinos.org\/fr\/wp-json\/wp\/v2\/media?parent=10426"}],"curies":[{"name":"wp","href":"https:\/\/api.w.org\/{rel}","templated":true}]}}