{"id":10474,"date":"2023-12-07T12:56:12","date_gmt":"2023-12-07T12:56:12","guid":{"rendered":"https:\/\/www.minimumdepositcasinos.org\/fr\/?page_id=10474"},"modified":"2025-04-07T12:30:57","modified_gmt":"2025-04-07T12:30:57","slug":"skrill","status":"publish","type":"page","link":"https:\/\/www.minimumdepositcasinos.org\/fr\/options-dachat\/skrill\/","title":{"rendered":"Skrill"},"content":{"rendered":"\n<h2 class=\"wp-block-heading\">Des d\u00e9p\u00f4ts aux retraits : Comment Skrill am\u00e9liore votre exp\u00e9rience dans les casinos en ligne<\/h2>\n\n\n\n<p>D\u00e9couvrez pourquoi vous devriez choisir Skrill comme m\u00e9thode de paiement pr\u00e9f\u00e9r\u00e9e dans <a href=\"\/fr\/\">les casinos \u00e0 d\u00e9p\u00f4t minimum<\/a>. Avec Skrill, vous pouvez dire adieu aux inconv\u00e9nients et aux inqui\u00e9tudes souvent li\u00e9s aux transactions financi\u00e8res dans la communaut\u00e9 des jeux en ligne. Vous b\u00e9n\u00e9ficiez de d\u00e9p\u00f4ts rapides comme l&#8217;\u00e9clair, ce qui vous permet de commencer imm\u00e9diatement \u00e0 jouer \u00e0 vos jeux pr\u00e9f\u00e9r\u00e9s. Vous pouvez vous concentrer sur votre plaisir de jouer tout en sachant que vos informations financi\u00e8res sont prot\u00e9g\u00e9es gr\u00e2ce aux fonctions de s\u00e9curit\u00e9 de Skrill. Les avantages de l&#8217;utilisation de Skrill ne s&#8217;arr\u00eatent cependant pas aux d\u00e9p\u00f4ts ; il garantit \u00e9galement des retraits faciles afin que vous puissiez profiter de vos gains imm\u00e9diatement. Avec Skrill, votre exp\u00e9rience dans un casino en ligne au Canada est am\u00e9lior\u00e9e, ce qui se traduit par une exp\u00e9rience de jeu plus agr\u00e9able et sans stress.<\/p>\n\n\n\n<h2 class=\"wp-block-heading\">Les meilleurs casinos en ligne Canadiens acceptant Skrill<\/h2>\n\n\n\n<p>Votre exp\u00e9rience de jeu peut \u00eatre grandement am\u00e9lior\u00e9e en choisissant un casino en ligne au Canada qui accepte Skrill dans le monde en pleine expansion des jeux d&#8217;argent en ligne. Le choix de la meilleure plateforme vous permettra d&#8217;acc\u00e9der \u00e0 une vari\u00e9t\u00e9 de jeux passionnants et d&#8217;opportunit\u00e9s rentables, tout en garantissant un processus de d\u00e9p\u00f4t et de retrait sans faille. Consultez nos suggestions pour vous assurer de tirer le meilleur parti de votre temps de jeu.<\/p>\n\n\n\n<br\/><div class=\"cta_post_box\">\n<div class=\"cta_post_top\"><div class=\"cta_post_title\">Bonus exclusif<\/div><\/div>\n<div class=\"cta_post_container\">\n<div class=\"cta_post_mid\">\n<div class=\"cta_post_mid_left\"><div class=\"cta_post_image\"><\/div><div class=\"cta_post_name\"><div class=\"cta_post_rating\"><img src='\/wp-content\/themes\/mdc2024\/images\/star-white.svg' alt='Star'\/><img src='\/wp-content\/themes\/mdc2024\/images\/star-white.svg' alt='Star'\/><img src='\/wp-content\/themes\/mdc2024\/images\/star-white.svg' alt='Star'\/><img src='\/wp-content\/themes\/mdc2024\/images\/star-white.svg' alt='Star'\/><img src='\/wp-content\/themes\/mdc2024\/images\/star-white.svg' alt='Star'\/><\/div><\/div>\n<div class=\"clear\"><\/div>\n<\/div>\n<div class=\"cta_post_mid_offer\">\nD\u00e9p\u00f4t de 5$ Obtention de EXCLUSIF 50 TOURS GRATUITS<\/div>\n<div class=\"clear\"><\/div>\n<div class=\"cta_post_bottom\">\n\t<a href=\"\/?pos=Bonus exclusif\" class=\"mainctabutton\" target=\"_blank\" onclick=\"DL_Push('')\">Visiter<\/a><\/div>\n<\/div>\n<div class=\"cta_post_terms\"><\/div>\n<\/div><\/div><br\/>\n\n\n\n<h2 class=\"wp-block-heading\">D\u00e9p\u00f4ts minimums dans les casinos SkrillL<\/h2>\n\n\n\n<p>Dans les casinos Skrill, les d\u00e9p\u00f4ts minimums sont essentiels pour personnaliser votre exp\u00e9rience de jeu en ligne en fonction de vos go\u00fbts. Un grand nombre de joueurs trouveront des options attrayantes dans ces \u00e9tablissements. Certains casinos n&#8217;exigent qu&#8217;un d<a href=\"\/fr\/5-de-depot-minimum\/\">\u00e9p\u00f4t minimum de 5 $<\/a>, ce qui vous permet de commencer avec un budget modeste si vous souhaitez d\u00e9buter prudemment. Les casinos qui exigent un <a href=\"\/fr\/10-de-depot-minimum\/\">d\u00e9p\u00f4t minimum de 10 $<\/a> sont une option pour ceux qui sont pr\u00eats \u00e0 faire un investissement initial un peu plus important. Les casinos exigeant un <a href=\"\/fr\/20-de-depot-minimum\/\">d\u00e9p\u00f4t minimum de 20 $<\/a> proposent un seuil plus \u00e9lev\u00e9 pour votre d\u00e9p\u00f4t initial, ce qui en fait une option pour les joueurs souhaitant augmenter leur bankroll encore plus. Il est essentiel de faire la diff\u00e9rence entre les d\u00e9p\u00f4ts minimums et les bonus de d\u00e9p\u00f4t minimum. Alors que les bonus de d\u00e9p\u00f4t minimum pr\u00e9cisent que vous devez approvisionner votre compte avec un certain montant afin de d\u00e9bloquer des fonds suppl\u00e9mentaires ou des avantages offerts par le casino, les d\u00e9p\u00f4ts minimums indiquent simplement le plus petit montant que vous pouvez transf\u00e9rer sur votre compte de casino. En fin de compte, c&#8217;est \u00e0 vous de d\u00e9cider quel casino Skrill et quel montant d\u00e9poser pour correspondre \u00e0 votre budget et \u00e0 vos pr\u00e9f\u00e9rences de jeu.<\/p>\n\n\n\n<h2 class=\"wp-block-heading\">Les meilleurs casino avec d\u00e9p\u00f4t minimum Skrill<\/h2>\n\n\n\n<p>Nos suggestions sont les meilleures lorsqu&#8217;il s&#8217;agit de casinos Skrill et de petites mises de fonds. Trouvez la meilleure option pour ceux qui cherchent la combinaison id\u00e9ale d&#8217;un petit d\u00e9p\u00f4t initial et d&#8217;opportunit\u00e9s de jeu de premier ordre.<\/p>\n\n\n\n<p><strong>Uploader to insert a CTA here for the minimum deposit casino that accepts SKRILL<\/strong><\/p>\n\n\n\n<br\/><div class=\"cta_post_box\">\n<div class=\"cta_post_top\"><div class=\"cta_post_title\"><\/div><\/div>\n<div class=\"cta_post_container\">\n<div class=\"cta_post_mid\">\n<div class=\"cta_post_mid_left\"><div class=\"cta_post_image\"><\/div><div class=\"cta_post_name\"><div class=\"cta_post_rating\"><img src='\/wp-content\/themes\/mdc2024\/images\/star-white.svg' alt='Star'\/><img src='\/wp-content\/themes\/mdc2024\/images\/star-white.svg' alt='Star'\/><img src='\/wp-content\/themes\/mdc2024\/images\/star-white.svg' alt='Star'\/><img src='\/wp-content\/themes\/mdc2024\/images\/star-white.svg' alt='Star'\/><img src='\/wp-content\/themes\/mdc2024\/images\/star-white.svg' alt='Star'\/><\/div><\/div>\n<div class=\"clear\"><\/div>\n<\/div>\n<div class=\"cta_post_mid_offer\">\nD\u00e9p\u00f4t de 1$ Obtention de 25 tours gratuits<\/div>\n<div class=\"clear\"><\/div>\n<div class=\"cta_post_bottom\">\n\t<a href=\"\/?pos=\" class=\"mainctabutton\" target=\"_blank\" onclick=\"DL_Push('')\">Visiter<\/a><\/div>\n<\/div>\n<div class=\"cta_post_terms\"><\/div>\n<\/div><\/div><br\/>\n\n\n\n<h2 class=\"wp-block-heading\">Comment utiliser Skrill dans un casino<\/h2>\n\n\n\n<p>Vous \u00eates au bon endroit si vous \u00eates nouveau dans le monde des casinos en ligne et que vous avez des questions sur la facilit\u00e9 avec laquelle vous pouvez utiliser <a href=\"https:\/\/www.skrill.com\/fr\/\" target=\"_blank\" rel=\"noreferrer noopener\">Skrill<\/a> comme m\u00e9thode de paiement pr\u00e9f\u00e9r\u00e9e. Nous sommes \u00e0 votre disposition pour vous aider \u00e0 naviguer dans la proc\u00e9dure et \u00e0 vous assurer que votre exp\u00e9rience de jeu en ligne est s\u00fbre et efficace.<\/p>\n\n\n\n<h3 class=\"wp-block-heading\">Cr\u00e9ation d&#8217;un compte Skrill<\/h3>\n\n\n\n<p>La premi\u00e8re \u00e9tape consiste \u00e0 ouvrir un compte Skrill si vous souhaitez l&#8217;utiliser comme <a href=\"\/fr\/options-dachat\/\">m\u00e9thode de paiement<\/a> pr\u00e9f\u00e9r\u00e9e sur les casinos en ligne. Cette proc\u00e9dure est s\u00fbre et facile \u00e0 utiliser. Il vous suffit de suivre les instructions donn\u00e9es pour ouvrir rapidement votre compte.<\/p>\n\n\n\n<h3 class=\"wp-block-heading\">Approvisionner votre compte Skrill<\/h3>\n\n\n\n<p>L&#8217;approvisionnement de votre compte de casino est la prochaine \u00e9tape essentielle pour commencer votre voyage de jeu en ligne avec Skrill. Cette proc\u00e9dure garantit que vous disposez de l&#8217;argent n\u00e9cessaire pour jouer \u00e0 vos jeux pr\u00e9f\u00e9r\u00e9s. Il est simple et pratique d&#8217;approvisionner votre compte Skrill \u00e0 l&#8217;aide de diff\u00e9rentes m\u00e9thodes.<\/p>\n\n\n\n<h3 class=\"wp-block-heading\">Utiliser votre compte Skrill dans un casino<\/h3>\n\n\n\n<p>La partie la plus excitante commence lorsque vous approvisionnez votre compte Skrill et que vous pouvez jouer \u00e0 vos <a href=\"\/fr\/jeux\/\">jeux de casino<\/a> pr\u00e9f\u00e9r\u00e9s. D\u00e9poser de l&#8217;argent avec Skrill est incroyablement simple et pratique. Vous pouvez m\u00eame profiter de la facilit\u00e9 d&#8217;inscription en un clic sur certains casinos, ce qui simplifie le processus d&#8217;inscription et vous permet de commencer \u00e0 jouer imm\u00e9diatement.<\/p>\n\n\n\n<h2 class=\"wp-block-heading\">Casinos sans mise qui acceptent Skrill<\/h2>\n\n\n\n<p>Si vous cherchez un meilleur moyen de jouer avec Skrill comme m\u00e9thode de paiement pr\u00e9f\u00e9r\u00e9e, vous pouvez vous tourner vers les casinos sans mise. Examinons tout d&#8217;abord les conditions de mise, qui pr\u00e9cisent combien de fois vous devez miser votre bonus ou votre d\u00e9p\u00f4t avant de pouvoir retirer vos gains dans les casinos traditionnels. Cependant, les casinos sans mise, qui acceptent volontiers Skrill, offrent un avantage qui change la donne. Dans ces \u00e9tablissements, vous n&#8217;\u00eates pas limit\u00e9 par ces exigences de mise et vous pouvez donc encaisser vos gains imm\u00e9diatement. La politique de bonus g\u00e9n\u00e9reuse de Skrill offre aux joueurs un plus grand contr\u00f4le et une plus grande flexibilit\u00e9 sur leurs exp\u00e9riences de jeu, ce qui en fait la meilleure option pour une exp\u00e9rience de casino transparente et sans tracas.<\/p>\n\n\n\n<h2 class=\"wp-block-heading\">Retraits dans les casinos Skrill<\/h2>\n\n\n\n<p>Vous pouvez vous attendre \u00e0 un processus rapide et facile sur les casinos Skrill lorsqu&#8217;il s&#8217;agit d&#8217;encaisser vos gains, ce qui garantit que votre argent durement gagn\u00e9 est toujours disponible. Les retraits sur ces casinos sont rapides et simples, ce qui les distingue des autres. Vous pouvez b\u00e9n\u00e9ficier de transactions simples et rapides avec Skrill, ce qui vous permet de profiter imm\u00e9diatement de vos gains. Le retrait de votre argent est facilit\u00e9 par l&#8217;interface conviviale et la technologie s\u00e9curis\u00e9e, ce qui garantit que votre exp\u00e9rience de jeu en ligne est agr\u00e9able du d\u00e9but \u00e0 la fin.<\/p>\n\n\n\n<h2 class=\"wp-block-heading\">Devriez-vous utiliser Skrill dans un casino en ligne au Canada ?<\/h2>\n\n\n\n<p>En r\u00e9sum\u00e9, Skril s&#8217;av\u00e8re \u00eatre un moyen incroyablement pratique et s\u00fbr d&#8217;effectuer des paiements pour vos exp\u00e9riences dans les casinos virtuels. Il \u00e9limine le besoin de g\u00e9rer des exigences de mise difficiles lorsqu&#8217;il est utilis\u00e9 sur des casinos sans mise, permet des d\u00e9p\u00f4ts rapides, et fournit une flexibilit\u00e9 avec une vari\u00e9t\u00e9 d&#8217;options de d\u00e9p\u00f4t minimum. De plus, les retraits sont simples et rapides, ce qui vous permet de profiter imm\u00e9diatement de vos gains. Avec ces avantages, c&#8217;est certainement une d\u00e9cision intelligente d&#8217;utiliser Skrill dans un casino en ligne au Canada car il offre une exp\u00e9rience de jeu fluide et divertissante. Skrill est une option de paiement hautement recommand\u00e9e si vous recherchez quelque chose de fiable et de facile \u00e0 utiliser.<\/p>\n","protected":false},"excerpt":{"rendered":"<p>Des d\u00e9p\u00f4ts aux retraits : Comment Skrill am\u00e9liore votre exp\u00e9rience dans les casinos en ligne D\u00e9couvrez pourquoi vous devriez choisir Skrill comme m\u00e9thode de paiement pr\u00e9f\u00e9r\u00e9e dans les casinos \u00e0 d\u00e9p\u00f4t minimum. Avec Skrill, vous pouvez dire adieu aux inconv\u00e9nients et aux inqui\u00e9tudes souvent li\u00e9s aux transactions financi\u00e8res dans la communaut\u00e9 des jeux en ligne. [&hellip;]<\/p>\n","protected":false},"author":16,"featured_media":10477,"parent":98,"menu_order":0,"comment_status":"closed","ping_status":"closed","template":"page_money.php","meta":{"_acf_changed":false,"footnotes":""},"class_list":["post-10474","page","type-page","status-publish","has-post-thumbnail","hentry"],"acf":[],"_links":{"self":[{"href":"https:\/\/www.minimumdepositcasinos.org\/fr\/wp-json\/wp\/v2\/pages\/10474","targetHints":{"allow":["GET"]}}],"collection":[{"href":"https:\/\/www.minimumdepositcasinos.org\/fr\/wp-json\/wp\/v2\/pages"}],"about":[{"href":"https:\/\/www.minimumdepositcasinos.org\/fr\/wp-json\/wp\/v2\/types\/page"}],"author":[{"embeddable":true,"href":"https:\/\/www.minimumdepositcasinos.org\/fr\/wp-json\/wp\/v2\/users\/16"}],"replies":[{"embeddable":true,"href":"https:\/\/www.minimumdepositcasinos.org\/fr\/wp-json\/wp\/v2\/comments?post=10474"}],"version-history":[{"count":6,"href":"https:\/\/www.minimumdepositcasinos.org\/fr\/wp-json\/wp\/v2\/pages\/10474\/revisions"}],"predecessor-version":[{"id":10482,"href":"https:\/\/www.minimumdepositcasinos.org\/fr\/wp-json\/wp\/v2\/pages\/10474\/revisions\/10482"}],"up":[{"embeddable":true,"href":"https:\/\/www.minimumdepositcasinos.org\/fr\/wp-json\/wp\/v2\/pages\/98"}],"wp:featuredmedia":[{"embeddable":true,"href":"https:\/\/www.minimumdepositcasinos.org\/fr\/wp-json\/wp\/v2\/media\/10477"}],"wp:attachment":[{"href":"https:\/\/www.minimumdepositcasinos.org\/fr\/wp-json\/wp\/v2\/media?parent=10474"}],"curies":[{"name":"wp","href":"https:\/\/api.w.org\/{rel}","templated":true}]}}