{"id":11416,"date":"2024-05-24T11:53:54","date_gmt":"2024-05-24T11:53:54","guid":{"rendered":"https:\/\/www.minimumdepositcasinos.org\/fr\/?page_id=11416"},"modified":"2024-05-24T11:53:55","modified_gmt":"2024-05-24T11:53:55","slug":"betsoft","status":"publish","type":"page","link":"https:\/\/www.minimumdepositcasinos.org\/fr\/logiciel\/betsoft\/","title":{"rendered":"Betsoft"},"content":{"rendered":"\n<p>Betsoft Gaming est un nom renomm\u00e9 dans le monde des <a href=\"\/fr\/jeux\/\">jeux de casino en ligne<\/a>, c\u00e9l\u00e8bre pour ses jeux de machines \u00e0 sous innovants et visuellement \u00e9poustouflants. Fond\u00e9 en 2006, Betsoft a \u00e9t\u00e9 un pionnier dans l&#8217;industrie, repoussant constamment les limites de l&#8217;excellence du jeu. Bas\u00e9 \u00e0 La Valette, \u00e0 Malte, Betsoft s&#8217;est impos\u00e9 comme un fournisseur de premier plan de solutions de jeux de pointe, pour les casinos en ligne et les casinos terrestres du monde entier. En mettant l&#8217;accent sur la cr\u00e9ativit\u00e9, la qualit\u00e9 et l&#8217;innovation, Betsoft a acquis la r\u00e9putation de fournir des exp\u00e9riences de jeu immersives qui captivent les joueurs et les incitent \u00e0 revenir. Qu&#8217;il s&#8217;agisse de sc\u00e9narios captivants, de graphismes \u00e0 couper le souffle ou de fonctionnalit\u00e9s innovantes, Betsoft continue d&#8217;\u00e9tablir la norme d&#8217;excellence dans le monde des jeux de casino en ligne. Rejoignez-nous pour plonger dans le monde passionnant de <a href=\"https:\/\/betsoft.com\/\" target=\"_blank\" rel=\"noreferrer noopener\">Betsoft Game<\/a>s et explorer les aventures palpitantes qui attendent les joueurs dans leurs cr\u00e9ations captivantes.\u00a0<\/p>\n\n\n\n<h2 class=\"wp-block-heading\">Les derniers jeux Betsoft Games<\/h2>\n\n\n\n<p>La derni\u00e8re offre de Betsoft, &#8220;Wild Drops&#8221;, plonge les joueurs dans une aventure captivante dans la jungle, avec des images vibrantes et un gameplay passionnant. Avec en toile de fond un paysage exotique et luxuriant, la grille 6&#215;6 du jeu invite les joueurs \u00e0 explorer les profondeurs de la jungle \u00e0 la recherche de gains palpitants. Gr\u00e2ce \u00e0 un m\u00e9canisme de paiement par grappes, les joueurs peuvent former des combinaisons gagnantes en associant des symboles adjacents les uns aux autres, ce qui offre une exp\u00e9rience de jeu unique et captivante. <\/p>\n\n\n\n<p>La caract\u00e9ristique principale du jeu, les &#8220;Multiplicateurs Wild&#8221;, ne remplacent pas seulement d&#8217;autres symboles mais multiplient \u00e9galement les gains, avec la possibilit\u00e9 pour les multiplicateurs de s&#8217;empiler et de cr\u00e9er des gains massifs. De plus, la fonction de <a href=\"\/fr\/tours-gratuits\/\">tours gratuits<\/a> ajoute une couche suppl\u00e9mentaire d&#8217;excitation, les multiplicateurs sauvages devenant encore plus puissants pendant le tour bonus, promettant aux joueurs la chance de d\u00e9couvrir des tr\u00e9sors cach\u00e9s dans les profondeurs de la jungle. Avec ses graphismes \u00e9poustouflants, ses fonctionnalit\u00e9s innovantes et son gameplay immersif, Wild Drops est s\u00fbr de captiver les joueurs et de les faire revenir pour d&#8217;autres aventures dans la jungle.<\/p>\n\n\n<div class=\"wp-block-image\">\n<figure class=\"aligncenter size-full\"><img loading=\"lazy\" decoding=\"async\" width=\"400\" height=\"505\" src=\"https:\/\/www.minimumdepositcasinos.org\/fr\/wp-content\/uploads\/2024\/05\/Wildrops-Betsoft-slot-image.jpg\" alt=\"Wild Drops Betsoft Slot image\" class=\"wp-image-11439\" srcset=\"https:\/\/www.minimumdepositcasinos.org\/fr\/wp-content\/uploads\/2024\/05\/Wildrops-Betsoft-slot-image.jpg 400w, https:\/\/www.minimumdepositcasinos.org\/fr\/wp-content\/uploads\/2024\/05\/Wildrops-Betsoft-slot-image-238x300.jpg 238w\" sizes=\"auto, (max-width: 400px) 100vw, 400px\" \/><\/figure><\/div>\n\n\n<h2 class=\"wp-block-heading\">\u202fLes jeux auxquels vous pouvez jouer \u00e0 partir des jeux Betsoft Games<\/h2>\n\n\n\n<p>Entrez dans le royaume dynamique des jeux Betsoft Games, o\u00f9 l&#8217;innovation rencontre le divertissement dans un m\u00e9lange extraordinaire de cr\u00e9ativit\u00e9 et de technologie. Offrant une vaste gamme d&#8217;exp\u00e9riences captivantes, le portefeuille de Betsoft comprend une s\u00e9lection impressionnante de jeux de machines \u00e0 sous, chacun con\u00e7u avec une attention m\u00e9ticuleuse aux d\u00e9tails et pr\u00e9sentant des visuels \u00e9poustouflants et un gameplay immersif.<\/p>\n\n\n\n<p>Des machines \u00e0 fruits classiques aux machines \u00e0 sous vid\u00e9o de pointe, les jeux de machines \u00e0 sous de Betsoft transportent les joueurs dans des mondes remplis d&#8217;aventure et d&#8217;excitation. De plus, leur collection de jeux de table offre le frisson authentique d&#8217;un casino, tandis que les variantes de vid\u00e9o poker d\u00e9fient les comp\u00e9tences des joueurs dans des comp\u00e9titions rapides. Avec quelque chose qui convient \u00e0 tous les go\u00fbts et \u00e0 toutes les pr\u00e9f\u00e9rences, Betsoft Games invite les joueurs \u00e0 s&#8217;embarquer pour un voyage inoubliable rempli de possibilit\u00e9s infinies et de la promesse de gros gains.<\/p>\n\n\n\n<h3 class=\"wp-block-heading\">Machines \u00e0 sous Betsoft<\/h3>\n\n\n\n<p>\u202f\u202fLes <a href=\"\/fr\/jeux\/machines-a-sous\/\">machines \u00e0 sous de Betsoft Games<\/a> sont les piliers de l&#8217;innovation et de l&#8217;excitation dans le domaine des jeux de casino en ligne. R\u00e9put\u00e9s pour leurs graphismes \u00e9poustouflants, leurs th\u00e8mes immersifs et leurs fonctionnalit\u00e9s innovantes, les jeux de machines \u00e0 sous de Betsoft promettent une exp\u00e9rience de jeu in\u00e9gal\u00e9e.<\/p>\n\n\n\n<p>Parmi les titres les plus populaires, citons &#8220;Giovanni&#8217;s Gems&#8221;, une machine \u00e0 sous sur le th\u00e8me de l&#8217;aventure qui affiche un RTP (retour au joueur) de 94,94 %. Les joueurs peuvent \u00e9galement se plonger dans le monde mystique de &#8220;Magic Shoppe&#8221;, avec un RTP de 95,21 %, ou participer au casse de &#8220;Take the Bank&#8221;, avec un RTP de 96,08 %. Ces jeux, ainsi que de nombreux autres de la vaste collection de Betsoft, d\u00e9montrent l&#8217;engagement de la soci\u00e9t\u00e9 \u00e0 fournir des jeux passionnants et des exp\u00e9riences gratifiantes pour les joueurs de tous niveaux.<\/p>\n\n\n\n<h3 class=\"wp-block-heading\">Jeux de table Betsoft<\/h3>\n\n\n\n<p>Les jeux de table de Betsoft Games offrent aux joueurs une exp\u00e9rience de casino immersive et authentique, dans le confort de leur foyer. En mettant l&#8217;accent sur le r\u00e9alisme et l&#8217;excitation, Betsoft a con\u00e7u une s\u00e9lection vari\u00e9e de jeux de table qui r\u00e9pondent \u00e0 un large \u00e9ventail de pr\u00e9f\u00e9rences. Les joueurs peuvent tester leurs comp\u00e9tences et leurs strat\u00e9gies dans des jeux classiques comme le blackjack, o\u00f9 des jeux comme &#8220;American Blackjack&#8221; et &#8220;European Blackjack&#8221; offrent des variations sur le favori intemporel. Les amateurs de roulette peuvent appr\u00e9cier le frisson de la roue tournante dans des jeux tels que &#8220;Zoom Roulette&#8221; et &#8220;Common Draw Roulette&#8221;. De plus, Betsoft propose d&#8217;autres jeux de table populaires tels que le baccarat et le craps, garantissant ainsi que tout le monde y trouve son compte. Avec des graphismes r\u00e9alistes, un gameplay fluide et des interfaces intuitives, les jeux de table de Betsoft apportent l&#8217;excitation du casino directement sur l&#8217;\u00e9cran des joueurs, cr\u00e9ant une exp\u00e9rience de jeu immersive et agr\u00e9able.<\/p>\n\n\n\n<h2 class=\"wp-block-heading\">Licences de Betsoft<\/h2>\n\n\n\n<p>Betsoft Games Gaming s&#8217;engage \u00e0 respecter les normes les plus strictes en mati\u00e8re de l\u00e9galit\u00e9 et d&#8217;\u00e9quit\u00e9 dans l&#8217;industrie des jeux en ligne. A ce titre, ils d\u00e9tiennent des licences de plusieurs autorit\u00e9s de r\u00e9gulation r\u00e9put\u00e9es, garantissant que leurs op\u00e9rations sont men\u00e9es dans le respect de r\u00e9glementations et de directives strictes.<\/p>\n\n\n\n<p>L&#8217;une de leurs licences est d\u00e9livr\u00e9e par la <a rel=\"noreferrer noopener\" href=\"https:\/\/www.mga.org.mt\/\" target=\"_blank\">Malta Gaming Authority<\/a> (MGA), un organisme de r\u00e9glementation respect\u00e9, connu pour ses normes strictes et sa surveillance rigoureuse. De plus, Betsoft Games Gaming d\u00e9tient des licences du gouvernement de Cura\u00e7ao, ce qui renforce leur engagement \u00e0 op\u00e9rer en accord avec les cadres l\u00e9gaux \u00e9tablis. Ces licences autorisent Betsoft Games Gaming \u00e0 offrir ses produits et services dans un large \u00e9ventail de juridictions, offrant aux joueurs la confiance dans l&#8217;int\u00e9grit\u00e9 et la l\u00e9gitimit\u00e9 de leur exp\u00e9rience de jeu. Gr\u00e2ce \u00e0 son engagement en faveur de la transparence et de la conformit\u00e9 r\u00e9glementaire, Betsoft Games Gaming continue de maintenir sa r\u00e9putation de fournisseur de confiance de solutions de jeux en ligne.<\/p>\n\n\n\n<h2 class=\"wp-block-heading\">Qu&#8217;est-ce qui diff\u00e9rencie les jeux Betsoft Games ?<\/h2>\n\n\n\n<p>Betsoft se distingue dans le paysage de l&#8217;iGaming par un m\u00e9lange unique d&#8217;innovation, de qualit\u00e9 et d&#8217;attention port\u00e9e aux joueurs. R\u00e9put\u00e9s pour leurs graphismes 3D visuellement saisissants et leurs histoires immersives, les jeux de Betsoft offrent aux joueurs une exp\u00e9rience qui transcende le jeu traditionnel, les entra\u00eenant dans des mondes richement d\u00e9taill\u00e9s remplis d&#8217;excitation et d&#8217;aventure. Ce qui distingue vraiment Betsoft, c&#8217;est son engagement in\u00e9branlable en faveur de l&#8217;\u00e9quit\u00e9 et du jeu responsable, garantissant que les joueurs peuvent profiter de leurs jeux en toute confiance et en toute tranquillit\u00e9 d&#8217;esprit. En repoussant continuellement les limites de la cr\u00e9ativit\u00e9 et de la technologie, Betsoft ajoute une valeur significative au monde de l&#8217;iGaming, en offrant des exp\u00e9riences inoubliables qui maintiennent les joueurs engag\u00e9s et divertis.<\/p>\n","protected":false},"excerpt":{"rendered":"<p>Betsoft Gaming est un nom renomm\u00e9 dans le monde des jeux de casino en ligne, c\u00e9l\u00e8bre pour ses jeux de machines \u00e0 sous innovants et visuellement \u00e9poustouflants. Fond\u00e9 en 2006, Betsoft a \u00e9t\u00e9 un pionnier dans l&#8217;industrie, repoussant constamment les limites de l&#8217;excellence du jeu. Bas\u00e9 \u00e0 La Valette, \u00e0 Malte, Betsoft s&#8217;est impos\u00e9 comme [&hellip;]<\/p>\n","protected":false},"author":16,"featured_media":11424,"parent":163,"menu_order":0,"comment_status":"closed","ping_status":"closed","template":"page_money.php","meta":{"_acf_changed":false,"footnotes":""},"class_list":["post-11416","page","type-page","status-publish","has-post-thumbnail","hentry"],"acf":[],"_links":{"self":[{"href":"https:\/\/www.minimumdepositcasinos.org\/fr\/wp-json\/wp\/v2\/pages\/11416","targetHints":{"allow":["GET"]}}],"collection":[{"href":"https:\/\/www.minimumdepositcasinos.org\/fr\/wp-json\/wp\/v2\/pages"}],"about":[{"href":"https:\/\/www.minimumdepositcasinos.org\/fr\/wp-json\/wp\/v2\/types\/page"}],"author":[{"embeddable":true,"href":"https:\/\/www.minimumdepositcasinos.org\/fr\/wp-json\/wp\/v2\/users\/16"}],"replies":[{"embeddable":true,"href":"https:\/\/www.minimumdepositcasinos.org\/fr\/wp-json\/wp\/v2\/comments?post=11416"}],"version-history":[{"count":3,"href":"https:\/\/www.minimumdepositcasinos.org\/fr\/wp-json\/wp\/v2\/pages\/11416\/revisions"}],"predecessor-version":[{"id":11443,"href":"https:\/\/www.minimumdepositcasinos.org\/fr\/wp-json\/wp\/v2\/pages\/11416\/revisions\/11443"}],"up":[{"embeddable":true,"href":"https:\/\/www.minimumdepositcasinos.org\/fr\/wp-json\/wp\/v2\/pages\/163"}],"wp:featuredmedia":[{"embeddable":true,"href":"https:\/\/www.minimumdepositcasinos.org\/fr\/wp-json\/wp\/v2\/media\/11424"}],"wp:attachment":[{"href":"https:\/\/www.minimumdepositcasinos.org\/fr\/wp-json\/wp\/v2\/media?parent=11416"}],"curies":[{"name":"wp","href":"https:\/\/api.w.org\/{rel}","templated":true}]}}