{"id":11723,"date":"2024-05-31T14:09:28","date_gmt":"2024-05-31T14:09:28","guid":{"rendered":"https:\/\/www.minimumdepositcasinos.org\/fr\/?page_id=11723"},"modified":"2024-05-31T14:18:24","modified_gmt":"2024-05-31T14:18:24","slug":"yggdrasil","status":"publish","type":"page","link":"https:\/\/www.minimumdepositcasinos.org\/fr\/logiciel\/yggdrasil\/","title":{"rendered":"Yggdrasil Games"},"content":{"rendered":"\n<p>Yggdrasil Gaming, fond\u00e9 en 2013 et bas\u00e9 \u00e0 Malte, s&#8217;est rapidement impos\u00e9 comme une puissance dans l&#8217;industrie du jeu en ligne. Fond\u00e9e par l&#8217;ancien PDG de NetEnt, Fredrik Elmqvist, en Su\u00e8de, Yggdrasil s&#8217;est impos\u00e9 comme un leader dans le domaine, r\u00e9put\u00e9 pour sa technologie de pointe et ses offres de jeux captivantes. Malgr\u00e9 son \u00e2ge relativement jeune, Yggdrasil a gagn\u00e9 une excellente r\u00e9putation aupr\u00e8s des joueurs et des op\u00e9rateurs gr\u00e2ce \u00e0 son approche innovante du d\u00e9veloppement de jeux.<\/p>\n\n\n\n<p>Situ\u00e9e au sein de la vibrante communaut\u00e9 iGaming de Malte, l&#8217;influence d&#8217;Yggdrasil s&#8217;\u00e9tend au monde entier. Des machines \u00e0 sous vid\u00e9o immersives aux jeux de table innovants, Yggdrasil fournit constamment un contenu de haute qualit\u00e9 qui repousse les limites du jeu en ligne. En 2022, Yggdrasil a remport\u00e9 le prix de &#8220;RNG Casino Provider of the Year&#8221;, ce qui en fait une force motrice dans l&#8217;\u00e9volution de l&#8217;industrie.<\/p>\n\n\n\n<p>Yggdrasil ne se distingue pas seulement par ses machines \u00e0 sous, mais aussi par ses jeux de casino en direct, ses jeux de table et plus encore. Avec des slots et des <a href=\"\/fr\/jeux\/\">jeux de casino<\/a> d\u00e9taill\u00e9s, des intrigues intrigantes et des th\u00e8mes color\u00e9s, Yggdrasil a la formule parfaite. L&#8217;interaction immersive des joueurs et les graphismes 3D saisissants font d&#8217;Yggdrasil un favori des joueurs dans une grande partie du monde.<\/p>\n\n\n\n<p>Chez <a href=\"\/fr\/\">D\u00e9p\u00f4t Minimum Casinos Canada<\/a>, nous excellons \u00e0 pr\u00e9senter les <a href=\"\/fr\/casino-en-ligne\/\">top casinos en ligne canad<\/a>a avec des bonus valables, des tours gratuits et des jeux de table et machines \u00e0 sous \u00e9quitables par les principaux d\u00e9veloppeurs de <a href=\"\/fr\/logiciel\/\">logiciel de casino<\/a>. Nos casinos Yggdrasil pr\u00e9sent\u00e9s sont parmi les meilleurs, avec des machines \u00e0 sous HTML5 de haute qualit\u00e9 et un gameplay \u00e9pique qui rendent les jeux de casino Yggdrasil attrayants et extraordinaires. Le nom Yggdrasil, tir\u00e9 de l&#8217;arbre magique de la mythologie nordique qui maintient les neuf royaumes, est une notion fascinante.<\/p>\n\n\n\n<h2 class=\"wp-block-heading\">Les derniers jeux d&#8217;Yggdrasil Games<\/h2>\n\n\n<div class=\"wp-block-image\">\n<figure class=\"aligncenter size-full is-resized\"><img decoding=\"async\" src=\"https:\/\/www.minimumdepositcasinos.org\/fr\/wp-content\/uploads\/2024\/05\/Pulled-form-the-Deep-Yggdrasil-slot-image1.jpg\" alt=\"Pulled form the Deep slot Image\" class=\"wp-image-11728\" width=\"300\" srcset=\"https:\/\/www.minimumdepositcasinos.org\/fr\/wp-content\/uploads\/2024\/05\/Pulled-form-the-Deep-Yggdrasil-slot-image1.jpg 400w, https:\/\/www.minimumdepositcasinos.org\/fr\/wp-content\/uploads\/2024\/05\/Pulled-form-the-Deep-Yggdrasil-slot-image1-300x300.jpg 300w, https:\/\/www.minimumdepositcasinos.org\/fr\/wp-content\/uploads\/2024\/05\/Pulled-form-the-Deep-Yggdrasil-slot-image1-150x150.jpg 150w\" sizes=\"(max-width: 400px) 100vw, 400px\" \/><\/figure><\/div>\n\n\n<figure class=\"wp-block-table\"><table class=\"has-fixed-layout\"><thead><tr><th class=\"has-text-align-center\" data-align=\"center\">RTP<\/th><th class=\"has-text-align-center\" data-align=\"center\">Multiplicateur Max<\/th><th class=\"has-text-align-center\" data-align=\"center\">Volatilit\u00e9<\/th><\/tr><\/thead><tbody><tr><td class=\"has-text-align-center\" data-align=\"center\">94.0%<\/td><td class=\"has-text-align-center\" data-align=\"center\">X&nbsp;5,606<\/td><td class=\"has-text-align-center\" data-align=\"center\">Moyenne-\u00e9lev\u00e9e<\/td><\/tr><\/tbody><\/table><figcaption class=\"wp-element-caption\">D\u00e9tails du jeu<\/figcaption><\/figure>\n\n\n\n<p>Les joueurs devraient jouer \u00e0 leurs machines \u00e0 sous et \u00e0 leurs jeux de casino pour d\u00e9couvrir toute l&#8217;\u00e9tendue du g\u00e9nie d&#8217;Yggdrasil. Yggdrasil est r\u00e9put\u00e9 pour repousser les limites de la conception des jeux et propose des m\u00e9canismes qui maintiennent l&#8217;int\u00e9r\u00eat des joueurs. Avec les machines \u00e0 sous d&#8217;Yggdrasil, vous trouverez de nombreuses fonctionnalit\u00e9s uniques, telles que \u00ab Fusion Realms \u201c et \u201d Splitz \u00bb, qui permettent un gameplay dynamique et passionnant. Avec Fusion Realms, le jeu de machines \u00e0 sous est divis\u00e9 en diff\u00e9rents royaumes, chacun ayant ses propres m\u00e9canismes et caract\u00e9ristiques. Prenons l&#8217;exemple de Vikings Go Berzerk. Le but du jeu est de collecter des symboles vikings en combattant des monstres marins et en collectant des coffres au tr\u00e9sor. Les joueurs sont transport\u00e9s dans un autre royaume lorsque la partie bonus des tours gratuits est d\u00e9clench\u00e9e.<\/p>\n\n\n\n<p>En 2020, <a href=\"https:\/\/yggdrasilgaming.com\/\" target=\"_blank\" rel=\"noreferrer noopener\">Yggdrasil<\/a> a cr\u00e9\u00e9 Splitz, une fonction de jeu qui divise les symboles en plusieurs symboles du m\u00eame type. Syncronite est l&#8217;un des meilleurs exemples de jeu de machine \u00e0 sous d&#8217;Yggdrasil dot\u00e9 du m\u00e9canisme Splitz. Les symboles sur les rouleaux se divisent en plusieurs symboles du m\u00eame type, ce qui peut g\u00e9n\u00e9rer des gains massifs et offrir un niveau suppl\u00e9mentaire d&#8217;excitation et d&#8217;impr\u00e9visibilit\u00e9 au jeu.<\/p>\n\n\n\n<p>Les jeux de casino d&#8217;Yggdrasil proposent \u00e9galement des jeux bonus interactifs et des graphismes \u00e9poustouflants con\u00e7us \u00e0 l&#8217;aide d&#8217;une technologie de pointe pour cr\u00e9er des animations en 3D, des effets sonores r\u00e9alistes et des dessins complexes. En utilisant les derni\u00e8res technologies, Yggdrasil s&#8217;est impos\u00e9 comme l&#8217;un des principaux fournisseurs de jeux de l&#8217;industrie des casinos en ligne. Parmi les plus grandes machines \u00e0 sous cr\u00e9\u00e9es par Yggdrasil, citons Vikings Go Wild. Super Heroes, Robotnik, Joker Millions, Golden Fish Tank, Gigablox et Jokerizer.<\/p>\n\n\n\n<h2 class=\"wp-block-heading\">\u202fLes jeux auxquels vous pouvez jouer \u00e0 partir des jeux d&#8217;Yggdrasil Games<\/h2>\n\n\n\n<p>Embarquez pour un voyage de jeu sans pr\u00e9c\u00e9dent avec la gamme diversifi\u00e9e de titres d&#8217;Yggdrasil Gaming, chacun offrant un m\u00e9lange unique d&#8217;innovation, d&#8217;excitation et de r\u00e9compenses. Plongez dans le monde immersif des machines \u00e0 sous vid\u00e9o, o\u00f9 les th\u00e8mes classiques rencontrent les designs les plus modernes, promettant des aventures palpitantes \u00e0 chaque tour.<\/p>\n\n\n\n<p>Testez vos comp\u00e9tences aux tables avec la collection de jeux de table d&#8217;Yggdrasil, qui offre des exp\u00e9riences de casino authentiques avec des graphismes r\u00e9alistes et un gameplay captivant. Poursuivez le r\u00eave de gagner gros avec les jeux de jackpot d&#8217;Yggdrasil, qui offrent des prix progressifs pouvant transformer vos tours en gains qui changeront votre vie. Vivez l&#8217;excitation du jeu de loterie avec les jeux de loterie innovants d&#8217;Yggdrasil, ou plongez dans le monde des sports virtuels avec des simulations dynamiques et des visuels \u00e9poustouflants. Quelles que soient vos pr\u00e9f\u00e9rences de jeu, Yggdrasil Gaming vous offre une exp\u00e9rience de jeu in\u00e9gal\u00e9e, remplie de divertissements et d&#8217;opportunit\u00e9s sans fin.<\/p>\n\n\n\n<h3 class=\"wp-block-heading\">Machines \u00e0 sous Yggdrasil Games<\/h3>\n\n\n\n<p>\u202f\u202fPr\u00e9parez-vous \u00e0 tourner et \u00e0 gagner avec les jeux de machines \u00e0 sous sensationnels d&#8217;Yggdrasil Gaming, r\u00e9put\u00e9s pour leurs th\u00e8mes captivants, leurs fonctions innovantes et leurs r\u00e9compenses g\u00e9n\u00e9reuses. Avec un portefeuille diversifi\u00e9 de titres, les jeux de machines \u00e0 sous d&#8217;Yggdrasil offrent quelque chose \u00e0 chaque joueur, des machines \u00e0 fruits classiques aux aventures immersives situ\u00e9es dans des royaumes fantastiques.<\/p>\n\n\n\n<p>Parmi les titres les plus populaires, citons Valley of the Gods, un jeu visuellement \u00e9poustouflant situ\u00e9 dans l&#8217;\u00c9gypte ancienne avec un RTP de 96,20 %, o\u00f9 les joueurs peuvent lib\u00e9rer le pouvoir des dieux pour d\u00e9couvrir des tr\u00e9sors cach\u00e9s. Un autre titre remarquable est Vikings Go Berzerk, avec un RTP de 96,10 %, o\u00f9 d&#8217;intr\u00e9pides Vikings affrontent de f\u00e9roces monstres marins \u00e0 la recherche de richesses l\u00e9gendaires. Avec des graphismes de haute qualit\u00e9, des m\u00e9canismes de jeu captivants et des taux de RTP comp\u00e9titifs, les jeux de machines \u00e0 sous d&#8217;Yggdrasil Gaming promettent une exp\u00e9rience de jeu exaltante qui incite les joueurs \u00e0 revenir.<\/p>\n\n\n<div class=\"wp-block-image\">\n<figure class=\"aligncenter size-full is-resized\"><img decoding=\"async\" src=\"https:\/\/www.minimumdepositcasinos.org\/fr\/wp-content\/uploads\/2024\/05\/Valley-of-the-Gods-Yggdrasil-slot-image.jpg\" alt=\"Valley of the Gods Slot Image\" class=\"wp-image-11731\" width=\"300\" srcset=\"https:\/\/www.minimumdepositcasinos.org\/fr\/wp-content\/uploads\/2024\/05\/Valley-of-the-Gods-Yggdrasil-slot-image.jpg 400w, https:\/\/www.minimumdepositcasinos.org\/fr\/wp-content\/uploads\/2024\/05\/Valley-of-the-Gods-Yggdrasil-slot-image-300x300.jpg 300w, https:\/\/www.minimumdepositcasinos.org\/fr\/wp-content\/uploads\/2024\/05\/Valley-of-the-Gods-Yggdrasil-slot-image-150x150.jpg 150w\" sizes=\"(max-width: 400px) 100vw, 400px\" \/><\/figure><\/div>\n\n\n<h2 class=\"wp-block-heading\">Licences des jeux Yggdrasil Games<\/h2>\n\n\n\n<p>Yggdrasil Gaming maintient une pr\u00e9sence solide sur le march\u00e9 des jeux en ligne gr\u00e2ce \u00e0 son adh\u00e9sion \u00e0 des exigences strictes en mati\u00e8re de licences dans diverses juridictions. D\u00e9tenant des licences d&#8217;organismes de r\u00e9glementation r\u00e9put\u00e9s tels que la Malta Gaming Authority (MGA), la <a href=\"https:\/\/www.gamblingcommission.gov.uk\/\" target=\"_blank\" rel=\"noreferrer noopener\">United Kingdom Gambling Commission<\/a> (UKGC) et la Gibraltar Regulatory Authority (GRA), Yggdrasil garantit la conformit\u00e9 avec les normes et r\u00e9glementations de l&#8217;industrie tout en offrant sa gamme diversifi\u00e9e de jeux aux joueurs du monde entier.<\/p>\n\n\n\n<p>Ces licences attestent non seulement de l&#8217;engagement d&#8217;Yggdrasil \u00e0 fournir un environnement de jeu \u00e9quitable et s\u00e9curis\u00e9, mais elles permettent \u00e9galement \u00e0 la soci\u00e9t\u00e9 de r\u00e9pondre aux besoins des joueurs sur les march\u00e9s cl\u00e9s d&#8217;Europe et d&#8217;ailleurs, en renfor\u00e7ant la confiance de sa base de joueurs.<\/p>\n\n\n\n<h2 class=\"wp-block-heading\">Qu&#8217;est-ce qui diff\u00e9rencie les jeux d&#8217;Yggdrasil Games ?<\/h2>\n\n\n\n<p>Yggdrasil Gaming est un symbole d&#8217;innovation et d&#8217;excellence dans le monde de l&#8217;iGaming, qui se distingue par son engagement in\u00e9branlable \u00e0 repousser les limites et \u00e0 offrir des exp\u00e9riences de jeu in\u00e9gal\u00e9es.<\/p>\n\n\n\n<p>Ce qui distingue Yggdrasil, c&#8217;est sa qu\u00eate incessante de cr\u00e9ativit\u00e9, qui se refl\u00e8te dans les fonctionnalit\u00e9s r\u00e9volutionnaires, les visuels \u00e9poustouflants et le gameplay immersif de ses titres. Contrairement \u00e0 de nombreux concurrents, Yggdrasil privil\u00e9gie la qualit\u00e9 \u00e0 la quantit\u00e9, en veillant \u00e0 ce que chaque jeu soit m\u00e9ticuleusement con\u00e7u pour captiver et ravir les joueurs.<\/p>\n\n\n\n<p>De plus, l&#8217;approche d&#8217;Yggdrasil centr\u00e9e sur le joueur et son d\u00e9vouement au jeu responsable ne renforcent pas seulement l&#8217;int\u00e9grit\u00e9 de l&#8217;industrie, mais favorisent \u00e9galement la confiance et la loyaut\u00e9 des joueurs du monde entier, faisant d&#8217;Yggdrasil un v\u00e9ritable leader dans le domaine des jeux en ligne.<\/p>\n","protected":false},"excerpt":{"rendered":"<p>Yggdrasil Gaming, fond\u00e9 en 2013 et bas\u00e9 \u00e0 Malte, s&#8217;est rapidement impos\u00e9 comme une puissance dans l&#8217;industrie du jeu en ligne. Fond\u00e9e par l&#8217;ancien PDG de NetEnt, Fredrik Elmqvist, en Su\u00e8de, Yggdrasil s&#8217;est impos\u00e9 comme un leader dans le domaine, r\u00e9put\u00e9 pour sa technologie de pointe et ses offres de jeux captivantes. Malgr\u00e9 son \u00e2ge [&hellip;]<\/p>\n","protected":false},"author":16,"featured_media":11724,"parent":163,"menu_order":0,"comment_status":"closed","ping_status":"closed","template":"","meta":{"_acf_changed":false,"footnotes":""},"class_list":["post-11723","page","type-page","status-publish","has-post-thumbnail","hentry"],"acf":[],"_links":{"self":[{"href":"https:\/\/www.minimumdepositcasinos.org\/fr\/wp-json\/wp\/v2\/pages\/11723","targetHints":{"allow":["GET"]}}],"collection":[{"href":"https:\/\/www.minimumdepositcasinos.org\/fr\/wp-json\/wp\/v2\/pages"}],"about":[{"href":"https:\/\/www.minimumdepositcasinos.org\/fr\/wp-json\/wp\/v2\/types\/page"}],"author":[{"embeddable":true,"href":"https:\/\/www.minimumdepositcasinos.org\/fr\/wp-json\/wp\/v2\/users\/16"}],"replies":[{"embeddable":true,"href":"https:\/\/www.minimumdepositcasinos.org\/fr\/wp-json\/wp\/v2\/comments?post=11723"}],"version-history":[{"count":7,"href":"https:\/\/www.minimumdepositcasinos.org\/fr\/wp-json\/wp\/v2\/pages\/11723\/revisions"}],"predecessor-version":[{"id":11734,"href":"https:\/\/www.minimumdepositcasinos.org\/fr\/wp-json\/wp\/v2\/pages\/11723\/revisions\/11734"}],"up":[{"embeddable":true,"href":"https:\/\/www.minimumdepositcasinos.org\/fr\/wp-json\/wp\/v2\/pages\/163"}],"wp:featuredmedia":[{"embeddable":true,"href":"https:\/\/www.minimumdepositcasinos.org\/fr\/wp-json\/wp\/v2\/media\/11724"}],"wp:attachment":[{"href":"https:\/\/www.minimumdepositcasinos.org\/fr\/wp-json\/wp\/v2\/media?parent=11723"}],"curies":[{"name":"wp","href":"https:\/\/api.w.org\/{rel}","templated":true}]}}