{"id":11814,"date":"2024-07-08T14:46:25","date_gmt":"2024-07-08T14:46:25","guid":{"rendered":"https:\/\/www.minimumdepositcasinos.org\/fr\/?page_id=11814"},"modified":"2024-07-08T14:46:26","modified_gmt":"2024-07-08T14:46:26","slug":"mascot","status":"publish","type":"page","link":"https:\/\/www.minimumdepositcasinos.org\/fr\/logiciel\/mascot\/","title":{"rendered":"Mascot"},"content":{"rendered":"\n<h2 class=\"wp-block-heading\">Les jeux auxquels vous pouvez jouer chez Mascot Gaming<\/h2>\n\n\n\n<p>Embarquez pour une odyss\u00e9e du jeu avec <a href=\"https:\/\/mascot.games\/\" target=\"_blank\" rel=\"noreferrer noopener\">Mascot Gaming<\/a> qui d\u00e9voile une constellation de titres captivants con\u00e7us pour r\u00e9pondre aux go\u00fbts et aux pr\u00e9f\u00e9rences de tous les joueurs. Notre collection diversifi\u00e9e s&#8217;\u00e9tend sur plusieurs genres, garantissant que chacun y trouvera son compte. Plongez dans l&#8217;action avec nos aventures pleines d&#8217;adr\u00e9naline, o\u00f9 vous combattrez des ennemis dans des paysages post-apocalyptiques ou vous embarquerez dans des qu\u00eates \u00e9piques pour sauver des royaumes en p\u00e9ril. Mettez votre esprit \u00e0 l&#8217;\u00e9preuve avec notre s\u00e9lection d&#8217;\u00e9nigmes d\u00e9routantes, des casse-t\u00eate classiques aux d\u00e9fis innovants qui mettront votre intelligence \u00e0 l&#8217;\u00e9preuve.<\/p>\n\n\n\n<p>Plongez dans des mondes riches et vivants gr\u00e2ce \u00e0 nos jeux de r\u00f4le immersifs, o\u00f9 vous pouvez cr\u00e9er votre propre personnage et vous lancer dans des qu\u00eates \u00e9piques pleines d&#8217;aventures et d&#8217;intrigues. Pour ceux qui recherchent un divertissement d\u00e9contract\u00e9, notre gamme de jeux d\u00e9contract\u00e9s offre un divertissement l\u00e9ger adapt\u00e9 aux joueurs de tous \u00e2ges. Et si vous \u00eates d&#8217;humeur \u00e0 jouer en multijoueur, rassemblez vos amis pour des batailles JcJ intenses ou des missions en coop\u00e9ration dans nos titres multijoueurs. Avec Mascot Gaming, l&#8217;univers du jeu est \u00e0 explorer et \u00e0 conqu\u00e9rir.<\/p>\n\n\n\n<h3 class=\"wp-block-heading\">Machines \u00e0 sous de Mascot Gaming<\/h3>\n\n\n\n<p>Entrez dans le monde \u00e9lectrisant des machines \u00e0 sous de Mascot Gaming, o\u00f9 l&#8217;excitation et le divertissement s&#8217;entrechoquent dans un tourbillon de rouleaux qui tournent et de jeux palpitants. Mascot Gaming est r\u00e9put\u00e9 pour son approche innovante des jeux <a href=\"\/fr\/jeux\/machines-a-sous\/\">de machines \u00e0 sous<\/a>, offrant des exp\u00e9riences immersives qui incitent les joueurs \u00e0 revenir. Parmi leur gamme de titres, certains des jeux les plus populaires incluent &#8220;Neon Lights&#8221;, &#8220;Fruit Vegas&#8221; et &#8220;Mystical Woods&#8221;.<\/p>\n\n\n\n<p>Ces jeux ne se contentent pas de proposer des th\u00e8mes captivants et des graphismes \u00e9poustouflants, ils offrent \u00e9galement des taux de retour au joueur (RTP) comp\u00e9titifs : &#8220;Neon Lights&#8221; a un RTP de 96,00 %, &#8220;Fruit Vegas&#8221; de 95,80 % et &#8220;Mystical Woods&#8221; offre un RTP g\u00e9n\u00e9reux de 96,10 %. Que vous soyez un amateur de machines \u00e0 sous chevronn\u00e9 ou un nouveau venu dans le monde des jeux en ligne, les machines \u00e0 sous de Mascot Gaming vous garantissent une exp\u00e9rience exaltante, pleine d&#8217;\u00e9motions et la possibilit\u00e9 de gagner gros.<\/p>\n\n\n\n<h3 class=\"wp-block-heading\">Mascot Gaming jeux de crash<\/h3>\n\n\n\n<p>D\u00e9couvrez le monde plein d&#8217;adr\u00e9naline des Crash Games de Mascot Gaming, o\u00f9 l&#8217;anticipation et l&#8217;excitation atteignent de nouveaux sommets \u00e0 chaque pari. Dans ces jeux palpitants, les joueurs parient sur le r\u00e9sultat d&#8217;un multiplicateur dynamique qui augmente progressivement avant de s&#8217;\u00e9craser de fa\u00e7on impr\u00e9visible. Les Crash Games de Mascot Gaming apportent une touche unique aux paris traditionnels, offrant aux joueurs une exp\u00e9rience palpitante qui les tient en haleine. Avec des m\u00e9canismes de jeu attrayants et un potentiel de gains substantiels, les Crash Games de Mascot Gaming ne manqueront pas de captiver les joueurs \u00e0 la recherche de sensations fortes et d&#8217;une excitation instantan\u00e9e.<\/p>\n\n\n\n<h2 class=\"wp-block-heading\">Licences de Mascot Gaming<\/h2>\n\n\n\n<p>L&#8217;engagement de Mascot Gaming \u00e0 respecter les normes d&#8217;int\u00e9grit\u00e9 et de conformit\u00e9 les plus \u00e9lev\u00e9es se refl\u00e8te dans son portefeuille complet de licences. Le fait de d\u00e9tenir des licences d&#8217;organismes de r\u00e9glementation r\u00e9put\u00e9s tels que la Malta Gaming Authority (MGA) et la United Kingdom Gambling Commission (UKGC) garantit que l&#8217;entreprise op\u00e8re dans des cadres r\u00e9glementaires stricts connus pour leurs exigences rigoureuses. En outre, Mascot Gaming obtient des licences dans les juridictions sp\u00e9cifiques o\u00f9 elle op\u00e8re, comme Cura\u00e7ao, afin de se conformer aux r\u00e9glementations locales et d&#8217;offrir ses jeux et services aux joueurs de ces r\u00e9gions. Cet engagement en faveur de l&#8217;octroi de licences et de la conformit\u00e9 r\u00e9glementaire souligne l&#8217;engagement in\u00e9branlable de Mascot Gaming \u00e0 offrir aux joueurs une exp\u00e9rience de jeu s\u00fbre, \u00e9quitable et responsable sur tous les march\u00e9s qu&#8217;elle dessert.<\/p>\n\n\n\n<h2 class=\"wp-block-heading\">Ce qui diff\u00e9rencie Mascot Gaming<\/h2>\n\n\n\n<p>Mascot Gaming se distingue dans le domaine de l&#8217;iGaming par son m\u00e9lange unique d&#8217;innovation, de qualit\u00e9 et de collaboration. Son engagement \u00e0 repousser les limites et \u00e0 red\u00e9finir l&#8217;exp\u00e9rience de jeu est \u00e9vident dans chaque titre qu&#8217;elle produit. En privil\u00e9giant l&#8217;excellence et la cr\u00e9ativit\u00e9, Mascot Gaming propose constamment des jeux qui captivent et engagent les joueurs \u00e0 un niveau profond. De plus, ses partenariats solides avec la communaut\u00e9 des joueurs renforcent sa capacit\u00e9 \u00e0 cr\u00e9er des exp\u00e9riences de jeu exceptionnelles. Gr\u00e2ce \u00e0 son d\u00e9vouement \u00e0 l&#8217;innovation, \u00e0 la qualit\u00e9 et \u00e0 la collaboration, Mascot Gaming apporte une valeur ajout\u00e9e significative au monde de l&#8217;iGaming, en \u00e9tablissant de nouvelles normes et en fa\u00e7onnant l&#8217;avenir du jeu.<\/p>\n","protected":false},"excerpt":{"rendered":"<p>Les jeux auxquels vous pouvez jouer chez Mascot Gaming Embarquez pour une odyss\u00e9e du jeu avec Mascot Gaming qui d\u00e9voile une constellation de titres captivants con\u00e7us pour r\u00e9pondre aux go\u00fbts et aux pr\u00e9f\u00e9rences de tous les joueurs. Notre collection diversifi\u00e9e s&#8217;\u00e9tend sur plusieurs genres, garantissant que chacun y trouvera son compte. Plongez dans l&#8217;action avec [&hellip;]<\/p>\n","protected":false},"author":16,"featured_media":11815,"parent":163,"menu_order":0,"comment_status":"closed","ping_status":"closed","template":"page_money.php","meta":{"_acf_changed":false,"footnotes":""},"class_list":["post-11814","page","type-page","status-publish","has-post-thumbnail","hentry"],"acf":[],"_links":{"self":[{"href":"https:\/\/www.minimumdepositcasinos.org\/fr\/wp-json\/wp\/v2\/pages\/11814","targetHints":{"allow":["GET"]}}],"collection":[{"href":"https:\/\/www.minimumdepositcasinos.org\/fr\/wp-json\/wp\/v2\/pages"}],"about":[{"href":"https:\/\/www.minimumdepositcasinos.org\/fr\/wp-json\/wp\/v2\/types\/page"}],"author":[{"embeddable":true,"href":"https:\/\/www.minimumdepositcasinos.org\/fr\/wp-json\/wp\/v2\/users\/16"}],"replies":[{"embeddable":true,"href":"https:\/\/www.minimumdepositcasinos.org\/fr\/wp-json\/wp\/v2\/comments?post=11814"}],"version-history":[{"count":2,"href":"https:\/\/www.minimumdepositcasinos.org\/fr\/wp-json\/wp\/v2\/pages\/11814\/revisions"}],"predecessor-version":[{"id":11819,"href":"https:\/\/www.minimumdepositcasinos.org\/fr\/wp-json\/wp\/v2\/pages\/11814\/revisions\/11819"}],"up":[{"embeddable":true,"href":"https:\/\/www.minimumdepositcasinos.org\/fr\/wp-json\/wp\/v2\/pages\/163"}],"wp:featuredmedia":[{"embeddable":true,"href":"https:\/\/www.minimumdepositcasinos.org\/fr\/wp-json\/wp\/v2\/media\/11815"}],"wp:attachment":[{"href":"https:\/\/www.minimumdepositcasinos.org\/fr\/wp-json\/wp\/v2\/media?parent=11814"}],"curies":[{"name":"wp","href":"https:\/\/api.w.org\/{rel}","templated":true}]}}