{"id":11820,"date":"2024-07-09T08:31:30","date_gmt":"2024-07-09T08:31:30","guid":{"rendered":"https:\/\/www.minimumdepositcasinos.org\/fr\/?page_id=11820"},"modified":"2024-07-09T08:31:31","modified_gmt":"2024-07-09T08:31:31","slug":"pragmatic-play","status":"publish","type":"page","link":"https:\/\/www.minimumdepositcasinos.org\/fr\/logiciel\/pragmatic-play\/","title":{"rendered":"Pragmatic Play"},"content":{"rendered":"\n<p>Pragmatic Play, cr\u00e9\u00e9 en 2015, s&#8217;est rapidement impos\u00e9 comme l&#8217;un des principaux fournisseurs de contenu de jeux en ligne, avec un portefeuille diversifi\u00e9 et une approche innovante. Bas\u00e9e \u00e0 Malte, l&#8217;\u00e9picentre de l&#8217;iGaming, la soci\u00e9t\u00e9 a consolid\u00e9 sa position en tant qu&#8217;acteur cl\u00e9 de l&#8217;industrie. Gr\u00e2ce \u00e0 son engagement en faveur de l&#8217;excellence et de la cr\u00e9ativit\u00e9, Pragmatic Play propose des solutions de jeu attrayantes, notamment des machines \u00e0 sous vid\u00e9o et des offres de casino en direct, aux op\u00e9rateurs et aux joueurs du monde entier.<\/p>\n\n\n\n<p>Avec une pr\u00e9sence globale sur plusieurs continents, Pragmatic Play s&#8217;engage \u00e0 servir une client\u00e8le diversifi\u00e9e tout en restant \u00e0 l&#8217;\u00e9coute des tendances et des pr\u00e9f\u00e9rences du march\u00e9 en constante \u00e9volution, invitant tout le monde \u00e0 prendre part \u00e0 un voyage exaltant de divertissement et d&#8217;innovation.<\/p>\n\n\n\n<h2 class=\"wp-block-heading\">Les derniers jeux de Pragmatic Play<\/h2>\n\n\n\n<p>Le contenu de <a href=\"https:\/\/www.pragmaticplay.com\/fr\/jeux\/\" target=\"_blank\" rel=\"noreferrer noopener\">Pragmatic Play<\/a>, plusieurs fois prim\u00e9, est licenci\u00e9 et certifi\u00e9 dans plus de 20 juridictions, ce qui le rend jouable dans 33 langues et dans toutes les devises sur toutes les plates-formes. Leur gamme unique de contenu interne comprend plus de 250 jeux, avec de nombreuses nouveaut\u00e9s ajout\u00e9es chaque mois. Les nouveaux jeux deviennent rapidement les favoris des joueurs, explorant des mondes mystiques, des qu\u00eates l\u00e9gendaires, des myst\u00e8res mythologiques, l&#8217;action du Far West, et toute une s\u00e9rie d&#8217;autres th\u00e8mes captivants et passionnants. Pragmatic continue d&#8217;enthousiasmer les joueurs de jeux avec croupiers en direct avec des ajouts en temps r\u00e9el qui offrent une exp\u00e9rience interactive, qu&#8217;il s&#8217;agisse d&#8217;une touche int\u00e9ressante ajout\u00e9e aux favoris classiques ou de nouvelles versions qui \u00e9l\u00e8vent le niveau de divertissement.<\/p>\n\n\n<div class=\"wp-block-image\">\n<figure class=\"aligncenter size-full\"><img loading=\"lazy\" decoding=\"async\" width=\"400\" height=\"400\" src=\"https:\/\/www.minimumdepositcasinos.org\/fr\/wp-content\/uploads\/2024\/07\/Samurai-Code-Pragmatic-Play-Slot-game.jpg\" alt=\"Samurai Code  - pragmatic play Slot Image\" class=\"wp-image-11822\" srcset=\"https:\/\/www.minimumdepositcasinos.org\/fr\/wp-content\/uploads\/2024\/07\/Samurai-Code-Pragmatic-Play-Slot-game.jpg 400w, https:\/\/www.minimumdepositcasinos.org\/fr\/wp-content\/uploads\/2024\/07\/Samurai-Code-Pragmatic-Play-Slot-game-300x300.jpg 300w, https:\/\/www.minimumdepositcasinos.org\/fr\/wp-content\/uploads\/2024\/07\/Samurai-Code-Pragmatic-Play-Slot-game-150x150.jpg 150w\" sizes=\"auto, (max-width: 400px) 100vw, 400px\" \/><\/figure><\/div>\n\n\n<h2 class=\"wp-block-heading\">\u202fLes meilleurs casinos Pragmatic Play Games<\/h2>\n\n\n\n<h2 class=\"wp-block-heading\">\u202fLes jeux auxquels vous pouvez jouer \u00e0 partir de Pragmatic Play<\/h2>\n\n\n\n<p>Partez pour un voyage \u00e0 travers la gamme captivante d&#8217;offres de jeux de Pragmatic Play, o\u00f9 l&#8217;innovation converge avec le divertissement pour cr\u00e9er une exp\u00e9rience de jeu in\u00e9gal\u00e9e. Au sein de ce portefeuille dynamique, les joueurs d\u00e9couvrent un assortiment de d\u00e9lices r\u00e9pondant \u00e0 toutes les pr\u00e9f\u00e9rences de jeu.<\/p>\n\n\n\n<p>Plongez dans le monde des machines \u00e0 sous vid\u00e9o, o\u00f9 des th\u00e8mes immersifs et des bonus passionnants vous attendent. Participez \u00e0 l&#8217;action du casino en direct et d\u00e9couvrez l&#8217;authenticit\u00e9 du jeu en temps r\u00e9el depuis le confort de votre foyer. Testez vos comp\u00e9tences et votre strat\u00e9gie avec une vari\u00e9t\u00e9 de jeux de table, des classiques comme le blackjack \u00e0 l&#8217;excitation de la roulette. Explorez le monde dynamique du bingo, o\u00f9 des th\u00e8mes vari\u00e9s et des prix lucratifs vous attendent.<\/p>\n\n\n\n<p>Et pour ceux qui recherchent une gratification instantan\u00e9e, d\u00e9couvrez des gains importants en un seul geste dans les jeux de cartes \u00e0 gratter de Pragmatic Play. Avec quelque chose pour tout le monde, le portefeuille de Pragmatic Play garantit une aventure de jeu exaltante pour les joueurs de tous les horizons et de tous les int\u00e9r\u00eats.<\/p>\n\n\n\n<h3 class=\"wp-block-heading\">Jeux de machines \u00e0 sous Pragmatic Play<\/h3>\n\n\n\n<p>\u202f\u202fLes <a href=\"\/fr\/jeux\/machines-a-sous\/\">jeux de machines \u00e0 sous<\/a> de Pragmatic Play sont \u00e0 la pointe de l&#8217;innovation et de l&#8217;excitation dans le monde de l&#8217;iGaming. R\u00e9put\u00e9es pour leurs th\u00e8mes captivants, leurs graphismes \u00e9poustouflants et leurs fonctions gratifiantes, les machines \u00e0 sous de Pragmatic Play offrent une exp\u00e9rience de jeu in\u00e9gal\u00e9e.<\/p>\n\n\n\n<p>Parmi leurs titres les plus populaires, citons Wolf Gold, qui affiche un RTP (retour au joueur) de 96,01 %, Sweet Bonanza, avec un RTP de 96,51 %, et The Dog House, avec un RTP de 96,51 %. Ces jeux, ainsi que beaucoup d&#8217;autres dans leur vaste portefeuille, d\u00e9montrent l&#8217;engagement de Pragmatic Play \u00e0 fournir des jeux passionnants et des r\u00e9compenses lucratives aux joueurs du monde entier.<\/p>\n\n\n\n<p>Que vous recherchiez l&#8217;aventure dans la nature, que vous vous laissiez tenter par des friandises ou que vous passiez du temps avec vos amis \u00e0 fourrure, les jeux de machines \u00e0 sous de Pragmatic Play ont quelque chose \u00e0 offrir \u00e0 tous les joueurs.<\/p>\n\n\n\n<h3 class=\"wp-block-heading\">Pragmatic Play jeux jeux de casino en direct<\/h3>\n\n\n\n<p>Entrez dans le royaume des croupiers en direct avec la s\u00e9lection exceptionnelle de jeux de casino en direct de Pragmatic Play. Offrant une exp\u00e9rience de jeu authentique et immersive, les jeux de casino en direct de Pragmatic Play apportent l&#8217;excitation d&#8217;un casino r\u00e9el directement sur l&#8217;\u00e9cran des joueurs.<\/p>\n\n\n\n<p>Que vous soyez un fan des jeux de table classiques comme le blackjack, la roulette et le baccarat, ou que vous pr\u00e9f\u00e9riez le frisson des jeux comme Mega Wheel et Mega Sic Bo, Pragmatic Play a quelque chose \u00e0 offrir \u00e0 tout le monde. Avec des croupiers professionnels, un streaming de haute qualit\u00e9 et une large gamme d&#8217;options de paris, les joueurs peuvent profiter de l&#8217;excitation et de la sophistication d&#8217;un casino terrestre dans le confort de leur propre maison. D\u00e9couvrez le frisson du jeu en direct avec les offres de casino en direct de Pragmatic Play et \u00e9levez votre exp\u00e9rience de jeu en ligne \u00e0 de nouveaux sommets.<\/p>\n\n\n\n<h3 class=\"wp-block-heading\">Jeux de Bingo Pragmatic Play<\/h3>\n\n\n\n<p>Faites l&#8217;exp\u00e9rience de l&#8217;excitation et de la camaraderie du bingo avec la s\u00e9lection de jeux de bingo de Pragmatic Play. Con\u00e7us pour ravir les joueurs de tous niveaux, les jeux de bingo de Pragmatic Play proposent des th\u00e8mes vari\u00e9s, des m\u00e9canismes de jeu palpitants et des prix lucratifs. Que vous soyez un amateur de bingo chevronn\u00e9 ou un nouveau venu dans le jeu, il y a quelque chose qui plaira \u00e0 tout le monde.<\/p>\n\n\n\n<p>Participez au plaisir avec les variantes classiques du bingo, comme le bingo \u00e0 90 boules et le bingo \u00e0 75 boules, ou d\u00e9couvrez des variantes innovantes du jeu traditionnel avec des caract\u00e9ristiques telles que les prix du jackpot, les jackpots communautaires et les tours de bonus. Avec des graphismes vibrants, un gameplay fluide et la possibilit\u00e9 de gagner gros, les jeux de bingo de Pragmatic Play offrent une excitation et un divertissement sans fin aux joueurs du monde entier.<\/p>\n\n\n\n<h3 class=\"wp-block-heading\">Pragmatic Play : paris sportifs et sports virtuels<\/h3>\n\n\n\n<p>Les plateformes Sportsbook et Virtual Sports de Pragmatic Play red\u00e9finissent le paysage du jeu, en offrant aux amateurs une exp\u00e9rience in\u00e9gal\u00e9e. Le Sportsbook offre une gamme compl\u00e8te d&#8217;options de paris \u00e0 travers un spectre de sports, des grands favoris aux march\u00e9s de niche, garantissant l&#8217;excitation de chaque fan. Les sports virtuels, quant \u00e0 eux, proposent des simulations r\u00e9alistes de divers \u00e9v\u00e9nements sportifs, offrant une alternative immersive et rapide \u00e0 ceux qui recherchent une gratification instantan\u00e9e. Avec des cotes comp\u00e9titives, des mises \u00e0 jour en temps r\u00e9el et des graphiques dynamiques, les plateformes Sportsbook et Virtual Sports de Pragmatic Play promettent un voyage plein d&#8217;adr\u00e9naline pour les parieurs chevronn\u00e9s et les fans occasionnels.<\/p>\n\n\n\n<h3 class=\"wp-block-heading\">Jeux de table Pragmatic Play<\/h3>\n\n\n\n<p>Les jeux de table de Pragmatic Play offrent une exp\u00e9rience de casino immersive et authentique, apportant le frisson de la salle de casino directement sur les \u00e9crans des joueurs. Des classiques favoris aux innovations, les jeux de table de Pragmatic Play r\u00e9pondent aux pr\u00e9f\u00e9rences et au niveau de comp\u00e9tence de chaque joueur.<\/p>\n\n\n\n<p>Que vous soyez un joueur de cartes chevronn\u00e9 ou un nouveau venu aux tables, il y a quelque chose \u00e0 appr\u00e9cier pour tout le monde. Plongez dans l&#8217;excitation du blackjack, testez votre chance \u00e0 la roulette ou essayez d&#8217;autres jeux populaires comme le baccarat et le poker. Avec des graphismes \u00e9poustouflants, un gameplay fluide et des fonctions personnalisables, les jeux de table de Pragmatic Play offrent un divertissement et une excitation sans fin aux joueurs du monde entier.<\/p>\n\n\n\n<h2 class=\"wp-block-heading\">Licences de Pragmatic Play<\/h2>\n\n\n\n<p>Pragmatic Play Gaming op\u00e8re sous diverses licences, assurant la conformit\u00e9 avec les normes r\u00e9glementaires et fournissant aux joueurs un environnement de jeu s\u00fbr et fiable. L&#8217;une des principales licences d\u00e9tenues par Pragmatic Play est d\u00e9livr\u00e9e par la <a href=\"https:\/\/authorisation.mga.org.mt\/verification.aspx?lang=EN&amp;company=d236a0b7-4896-4c47-b8c5-de6d949ae3fa&amp;details=1\" target=\"_blank\" rel=\"noreferrer noopener\">Malta Gaming Authority<\/a> (MGA), un organisme de r\u00e9glementation r\u00e9put\u00e9 pour ses r\u00e9glementations strictes et sa surveillance des op\u00e9rateurs de jeux en ligne.<\/p>\n\n\n\n<p>En outre, Pragmatic Play d\u00e9tient des licences d&#8217;autres autorit\u00e9s respect\u00e9es, y compris la United Kingdom Gambling Commission (UKGC), l&#8217;Autorit\u00e9 de r\u00e9gulation de Gibraltar (GRA), et l&#8217;Office national roumain des jeux de hasard (ONJN), entre autres. Ces licences permettent \u00e0 Pragmatic Play d&#8217;op\u00e9rer dans un large \u00e9ventail de juridictions \u00e0 travers l&#8217;Europe, l&#8217;Asie, les Am\u00e9riques et au-del\u00e0, garantissant que les joueurs de diverses r\u00e9gions peuvent profiter de leurs produits de jeu en toute confiance et tranquillit\u00e9 d&#8217;esprit.<\/p>\n\n\n\n<p>En adh\u00e9rant \u00e0 des normes r\u00e9glementaires strictes et en obtenant des licences aupr\u00e8s d&#8217;autorit\u00e9s r\u00e9put\u00e9es, Pragmatic Play Gaming d\u00e9montre son engagement en faveur de pratiques de jeu responsables et offre aux joueurs une exp\u00e9rience de jeu s\u00fbre et \u00e9quitable.<br>\u202f\u202f<\/p>\n\n\n\n<h2 class=\"wp-block-heading\">Ce qui diff\u00e9rencie les jeux Pragmatic Play<\/h2>\n\n\n\n<p>Pragmatic Play Gaming se distingue dans le domaine de l&#8217;iGaming par son engagement in\u00e9branlable en faveur de l&#8217;excellence, de l&#8217;innovation et de la satisfaction des joueurs. Reconnu pour ses jeux de haute qualit\u00e9, Pragmatic Play offre constamment des exp\u00e9riences captivantes caract\u00e9ris\u00e9es par des th\u00e8mes attrayants, des visuels \u00e9poustouflants et des fonctions de jeu gratifiantes. Au-del\u00e0 du simple divertissement, le d\u00e9vouement de la soci\u00e9t\u00e9 \u00e0 l&#8217;innovation brille \u00e0 travers son portefeuille diversifi\u00e9, qui s&#8217;\u00e9tend sur diff\u00e9rents genres et formats de jeux, garantissant quelque chose pour les pr\u00e9f\u00e9rences de chaque joueur.<\/p>\n\n\n\n<p>De plus, l&#8217;accessibilit\u00e9 de Pragmatic Play sur de multiples plateformes et appareils souligne son engagement \u00e0 fournir des exp\u00e9riences de jeu transparentes et pratiques. En mettant l&#8217;accent sur des pratiques de jeu responsables et sur le respect des normes r\u00e9glementaires, Pragmatic Play est un symbole d&#8217;int\u00e9grit\u00e9 et d&#8217;innovation dans le monde de l&#8217;iGaming, apportant une valeur ajout\u00e9e significative \u00e0 l&#8217;industrie et s\u00e9duisant les joueurs du monde entier.<\/p>\n\n\n\n<p><br><br><\/p>\n","protected":false},"excerpt":{"rendered":"<p>Pragmatic Play, cr\u00e9\u00e9 en 2015, s&#8217;est rapidement impos\u00e9 comme l&#8217;un des principaux fournisseurs de contenu de jeux en ligne, avec un portefeuille diversifi\u00e9 et une approche innovante. Bas\u00e9e \u00e0 Malte, l&#8217;\u00e9picentre de l&#8217;iGaming, la soci\u00e9t\u00e9 a consolid\u00e9 sa position en tant qu&#8217;acteur cl\u00e9 de l&#8217;industrie. Gr\u00e2ce \u00e0 son engagement en faveur de l&#8217;excellence et de [&hellip;]<\/p>\n","protected":false},"author":16,"featured_media":11821,"parent":163,"menu_order":0,"comment_status":"closed","ping_status":"closed","template":"","meta":{"_acf_changed":false,"footnotes":""},"class_list":["post-11820","page","type-page","status-publish","has-post-thumbnail","hentry"],"acf":[],"_links":{"self":[{"href":"https:\/\/www.minimumdepositcasinos.org\/fr\/wp-json\/wp\/v2\/pages\/11820","targetHints":{"allow":["GET"]}}],"collection":[{"href":"https:\/\/www.minimumdepositcasinos.org\/fr\/wp-json\/wp\/v2\/pages"}],"about":[{"href":"https:\/\/www.minimumdepositcasinos.org\/fr\/wp-json\/wp\/v2\/types\/page"}],"author":[{"embeddable":true,"href":"https:\/\/www.minimumdepositcasinos.org\/fr\/wp-json\/wp\/v2\/users\/16"}],"replies":[{"embeddable":true,"href":"https:\/\/www.minimumdepositcasinos.org\/fr\/wp-json\/wp\/v2\/comments?post=11820"}],"version-history":[{"count":2,"href":"https:\/\/www.minimumdepositcasinos.org\/fr\/wp-json\/wp\/v2\/pages\/11820\/revisions"}],"predecessor-version":[{"id":11824,"href":"https:\/\/www.minimumdepositcasinos.org\/fr\/wp-json\/wp\/v2\/pages\/11820\/revisions\/11824"}],"up":[{"embeddable":true,"href":"https:\/\/www.minimumdepositcasinos.org\/fr\/wp-json\/wp\/v2\/pages\/163"}],"wp:featuredmedia":[{"embeddable":true,"href":"https:\/\/www.minimumdepositcasinos.org\/fr\/wp-json\/wp\/v2\/media\/11821"}],"wp:attachment":[{"href":"https:\/\/www.minimumdepositcasinos.org\/fr\/wp-json\/wp\/v2\/media?parent=11820"}],"curies":[{"name":"wp","href":"https:\/\/api.w.org\/{rel}","templated":true}]}}