{"id":11865,"date":"2024-07-31T12:19:51","date_gmt":"2024-07-31T12:19:51","guid":{"rendered":"https:\/\/www.minimumdepositcasinos.org\/fr\/?page_id=11865"},"modified":"2024-07-31T12:19:52","modified_gmt":"2024-07-31T12:19:52","slug":"play-n-go","status":"publish","type":"page","link":"https:\/\/www.minimumdepositcasinos.org\/fr\/logiciel\/play-n-go\/","title":{"rendered":"Play n Go"},"content":{"rendered":"\n<p><a href=\"https:\/\/www.playngo.com\/\" target=\"_blank\" rel=\"noreferrer noopener\">Play N Go Games<\/a> est un fournisseur de jeux de casino r\u00e9put\u00e9 pour ses exp\u00e9riences de jeu innovantes et attrayantes. \u00c9tabli en 2005 et bas\u00e9 \u00e0 V\u00e4xj\u00f6, en Su\u00e8de, Play N Go s&#8217;est taill\u00e9 une place de choix dans l&#8217;industrie de l&#8217;iGaming gr\u00e2ce \u00e0 son portefeuille diversifi\u00e9 de jeux de haute qualit\u00e9.<\/p>\n\n\n\n<p>Avec plus d&#8217;une d\u00e9cennie d&#8217;exp\u00e9rience, la soci\u00e9t\u00e9 est devenue un nom de confiance parmi les joueurs et les op\u00e9rateurs. Son engagement pour l&#8217;excellence est \u00e9vident dans tous les aspects de ses produits, des graphismes \u00e9poustouflants aux jeux immersifs. Play N Go Games continue de repousser les limites et d&#8217;\u00e9tablir de nouvelles normes pour les <a href=\"\/fr\/casino-en-ligne\/\">casinos en ligne<\/a>.<\/p>\n\n\n\n<h2 class=\"wp-block-heading\">Les derniers jeux Play N Go Games<\/h2>\n\n\n\n<p>La derni\u00e8re nouveaut\u00e9 de Play&#8217;n GO, \u00ab Whispering Winds \u00bb, transporte les joueurs dans une for\u00eat mystique remplie d&#8217;images enchanteresses et de sons captivants. Cette machine \u00e0 sous magnifiquement con\u00e7ue affiche un RTP de 96,5 % et offre une volatilit\u00e9 moyenne, parfaite pour une exp\u00e9rience de jeu \u00e9quilibr\u00e9e. Le jeu propose des symboles uniques, notamment des cr\u00e9atures magiques et des runes anciennes, ainsi que des fonctions sp\u00e9ciales telles que des tours gratuits, des jokers et des multiplicateurs. Les joueurs peuvent explorer les secrets de la for\u00eat et viser des gains importants, ce qui fait de \u00ab Whispering Winds \u00bb un jeu incontournable pour les amateurs de jeux de machines \u00e0 sous immersifs et visuellement \u00e9poustouflants.<\/p>\n\n\n<div class=\"wp-block-image\">\n<figure class=\"aligncenter size-full\"><img loading=\"lazy\" decoding=\"async\" width=\"400\" height=\"400\" src=\"https:\/\/www.minimumdepositcasinos.org\/fr\/wp-content\/uploads\/2024\/07\/Wispering-Winds-Slot-Image-Play-n-Go.jpg\" alt=\"Whispering winds Slot Game - Play n Go\" class=\"wp-image-11869\" srcset=\"https:\/\/www.minimumdepositcasinos.org\/fr\/wp-content\/uploads\/2024\/07\/Wispering-Winds-Slot-Image-Play-n-Go.jpg 400w, https:\/\/www.minimumdepositcasinos.org\/fr\/wp-content\/uploads\/2024\/07\/Wispering-Winds-Slot-Image-Play-n-Go-300x300.jpg 300w, https:\/\/www.minimumdepositcasinos.org\/fr\/wp-content\/uploads\/2024\/07\/Wispering-Winds-Slot-Image-Play-n-Go-150x150.jpg 150w\" sizes=\"auto, (max-width: 400px) 100vw, 400px\" \/><\/figure><\/div>\n\n\n<h2 class=\"wp-block-heading\">\u202fLes jeux auxquels vous pouvez jouer \u00e0 partir des jeux Play N Go Games<\/h2>\n\n\n\n<p>Plongez dans le monde diversifi\u00e9 de Play N Go Games et explorez un \u00e9ventail d&#8217;options de jeu passionnantes con\u00e7ues pour r\u00e9pondre aux pr\u00e9f\u00e9rences de chaque joueur. Dans cette cat\u00e9gorie, les joueurs peuvent s&#8217;attendre \u00e0 trouver une vaste <a href=\"\/fr\/jeux\/\">s\u00e9lection de jeux de casino<\/a> allant des machines \u00e0 sous classiques aux machines \u00e0 sous vid\u00e9o modernes, en passant par les jeux de table, et bien plus encore.<\/p>\n\n\n\n<p>Chaque rubrique de cette section offre un aper\u00e7u de la vari\u00e9t\u00e9 et de la qualit\u00e9 qui font la r\u00e9putation de Play N Go Games, garantissant une exp\u00e9rience de jeu immersive et agr\u00e9able pour tous. Que vous soyez un fan des jeux de casino traditionnels ou que vous recherchiez les derniers titres innovants, Play N Go Games a quelque chose \u00e0 offrir \u00e0 tout le monde.<\/p>\n\n\n\n<h3 class=\"wp-block-heading\">Machines \u00e0 sous Play N Go Games<\/h3>\n\n\n\n<p>Play N Go Games est r\u00e9put\u00e9 pour ses <a href=\"\/fr\/jeux\/machines-a-sous\/\">jeux de machines \u00e0 sous<\/a> captivants, offrant aux joueurs une exp\u00e9rience de jeu immersive avec des taux de retour au joueur (RTP) impressionnants. Parmi les titres les plus populaires, on trouve \u00ab Book of Dead \u00bb, qui affiche un RTP de 96,21 %. Ce jeu embl\u00e9matique emm\u00e8ne les joueurs dans une aventure \u00e9gyptienne remplie de reliques anciennes et de tr\u00e9sors cach\u00e9s.<\/p>\n\n\n\n<p>En outre, \u00ab Reactoonz \u00bb se distingue par son format de grille unique et un RTP \u00e9lev\u00e9 de 96,51 %, o\u00f9 des personnages extraterrestres excentriques d\u00e9valent les rouleaux \u00e0 la recherche de gains \u00e9lectrisants. Avec une gamme vari\u00e9e de th\u00e8mes et de fonctions innovantes, les machines \u00e0 sous de Play N Go Games promettent de l&#8217;excitation et des r\u00e9compenses aux joueurs de toutes les pr\u00e9f\u00e9rences et de tous les go\u00fbts.<\/p>\n\n\n\n<h3 class=\"wp-block-heading\">Jeux de table Play N Go Games<\/h3>\n\n\n\n<p>En plus de son offre impressionnante de machines \u00e0 sous, Play N Go Games propose \u00e9galement une s\u00e9lection captivante de jeux de table, chacun affichant des taux de retour au joueur (RTP) attrayants.<\/p>\n\n\n\n<p>Parmi les titres les plus remarquables, citons \u00ab European Roulette Pro \u00bb, r\u00e9put\u00e9 pour son design \u00e9l\u00e9gant et son RTP de 97,30 %. Ce jeu de casino classique offre aux joueurs une exp\u00e9rience authentique et palpitante de la roulette. En outre, \u00ab Blackjack MH \u00bb offre un RTP de 99,59 %, ce qui en fait un favori parmi les amateurs de jeux de cartes \u00e0 la recherche de cotes favorables et d&#8217;un jeu strat\u00e9gique. Gr\u00e2ce \u00e0 une attention m\u00e9ticuleuse aux d\u00e9tails et \u00e0 un engagement de qualit\u00e9, les jeux de table de Play N Go Games offrent aux joueurs une exp\u00e9rience de jeu immersive et gratifiante qui rivalise avec l&#8217;action des casinos r\u00e9els.<\/p>\n\n\n\n<h2 class=\"wp-block-heading\">Licences de jeux Play N Go Games<\/h2>\n\n\n\n<p>Play N Go Games s&#8217;engage \u00e0 respecter les r\u00e9glementations et \u00e0 prot\u00e9ger les joueurs, en d\u00e9tenant des licences de plusieurs juridictions r\u00e9put\u00e9es. L&#8217;une de ses principales licences est d\u00e9livr\u00e9e par la Malta Gaming Authority (MGA), ce qui garantit que ses jeux r\u00e9pondent \u00e0 des normes strictes en mati\u00e8re d&#8217;\u00e9quit\u00e9 et de s\u00e9curit\u00e9.<\/p>\n\n\n\n<p>En outre, Play N Go Games d\u00e9tient des licences de la United Kingdom Gambling Commission (UKGC), ce qui lui permet de r\u00e9pondre aux besoins des joueurs sur l&#8217;un des march\u00e9s les plus r\u00e9glement\u00e9s au monde. De plus, sa pr\u00e9sence s&#8217;\u00e9tend \u00e0 d&#8217;autres juridictions cl\u00e9s, dont Alderney et Gibraltar, ce qui refl\u00e8te son engagement \u00e0 fournir un environnement de jeu s\u00fbr et transparent aux joueurs du monde entier. En mettant l&#8217;accent sur la conformit\u00e9 r\u00e9glementaire, Play N Go Games continue de respecter les normes les plus \u00e9lev\u00e9es d&#8217;int\u00e9grit\u00e9 et de confiance dans l&#8217;industrie des jeux en ligne.<\/p>\n\n\n\n<h2 class=\"wp-block-heading\">Ce qui diff\u00e9rencie les jeux Play N Go Games<\/h2>\n\n\n\n<p>Play N Go Games se distingue dans le secteur des jeux en ligne par son engagement in\u00e9branlable en faveur de l&#8217;innovation et de l&#8217;excellence, illustr\u00e9 par la valeur unique qu&#8217;ils ajoutent \u00e0 leurs jeux. L&#8217;un des facteurs distinctifs est l&#8217;accent mis sur la cr\u00e9ativit\u00e9, qui se refl\u00e8te dans les divers th\u00e8mes et les fonctions de pointe pr\u00e9sents dans leurs titres.<\/p>\n\n\n\n<p>Qu&#8217;il s&#8217;agisse de la narration immersive de ses jeux de machines \u00e0 sous ou de la profondeur strat\u00e9gique de ses jeux de table, Play N Go Games offre constamment des exp\u00e9riences nouvelles et attrayantes qui captivent les joueurs. De plus, le d\u00e9vouement de la soci\u00e9t\u00e9 \u00e0 la qualit\u00e9 transpara\u00eet dans tous les aspects de ses produits, de la conception m\u00e9ticuleuse \u00e0 la fluidit\u00e9 du jeu. Avec une approche avant-gardiste et une passion pour repousser les limites, Play N Go Games continue d&#8217;\u00e9tablir de nouvelles normes d&#8217;excellence dans le monde en constante \u00e9volution de l&#8217;iGaming.<\/p>\n","protected":false},"excerpt":{"rendered":"<p>Play N Go Games est un fournisseur de jeux de casino r\u00e9put\u00e9 pour ses exp\u00e9riences de jeu innovantes et attrayantes. \u00c9tabli en 2005 et bas\u00e9 \u00e0 V\u00e4xj\u00f6, en Su\u00e8de, Play N Go s&#8217;est taill\u00e9 une place de choix dans l&#8217;industrie de l&#8217;iGaming gr\u00e2ce \u00e0 son portefeuille diversifi\u00e9 de jeux de haute qualit\u00e9. Avec plus d&#8217;une [&hellip;]<\/p>\n","protected":false},"author":16,"featured_media":11866,"parent":163,"menu_order":0,"comment_status":"closed","ping_status":"closed","template":"page_money.php","meta":{"_acf_changed":false,"footnotes":""},"class_list":["post-11865","page","type-page","status-publish","has-post-thumbnail","hentry"],"acf":[],"_links":{"self":[{"href":"https:\/\/www.minimumdepositcasinos.org\/fr\/wp-json\/wp\/v2\/pages\/11865","targetHints":{"allow":["GET"]}}],"collection":[{"href":"https:\/\/www.minimumdepositcasinos.org\/fr\/wp-json\/wp\/v2\/pages"}],"about":[{"href":"https:\/\/www.minimumdepositcasinos.org\/fr\/wp-json\/wp\/v2\/types\/page"}],"author":[{"embeddable":true,"href":"https:\/\/www.minimumdepositcasinos.org\/fr\/wp-json\/wp\/v2\/users\/16"}],"replies":[{"embeddable":true,"href":"https:\/\/www.minimumdepositcasinos.org\/fr\/wp-json\/wp\/v2\/comments?post=11865"}],"version-history":[{"count":4,"href":"https:\/\/www.minimumdepositcasinos.org\/fr\/wp-json\/wp\/v2\/pages\/11865\/revisions"}],"predecessor-version":[{"id":11871,"href":"https:\/\/www.minimumdepositcasinos.org\/fr\/wp-json\/wp\/v2\/pages\/11865\/revisions\/11871"}],"up":[{"embeddable":true,"href":"https:\/\/www.minimumdepositcasinos.org\/fr\/wp-json\/wp\/v2\/pages\/163"}],"wp:featuredmedia":[{"embeddable":true,"href":"https:\/\/www.minimumdepositcasinos.org\/fr\/wp-json\/wp\/v2\/media\/11866"}],"wp:attachment":[{"href":"https:\/\/www.minimumdepositcasinos.org\/fr\/wp-json\/wp\/v2\/media?parent=11865"}],"curies":[{"name":"wp","href":"https:\/\/api.w.org\/{rel}","templated":true}]}}