{"id":1462,"date":"2019-05-17T13:44:47","date_gmt":"2019-05-17T13:44:47","guid":{"rendered":"https:\/\/www.minimumdepositcasinos.org\/fr\/?page_id=1462"},"modified":"2020-03-03T13:00:39","modified_gmt":"2020-03-03T13:00:39","slug":"red-spins","status":"publish","type":"page","link":"https:\/\/www.minimumdepositcasinos.org\/fr\/revue-de-casino\/red-spins\/","title":{"rendered":"Red Spins"},"content":{"rendered":"<h2>Casino Revue<\/h2>\n<p>Red Spins est un casino qui offre de grandes r\u00e9compenses aux nouveaux clients et aux clients fid\u00e8les. Avec une gamme de jeux, des chances de gagner de l&#8217;argent et une communaut\u00e9 de soutien, ils ont acquis une solide r\u00e9putation au sein de l&#8217;industrie &#8211; et il est facile de voir pourquoi.<\/p>\n<h3>Bonus et Promotions<\/h3>\n<p>L&#8217;un des principaux attraits pour les clients qui recherchent un nouveau casino est la gamme de bonus et de promotions disponibles. Ceux-ci sont importants pour le dessin et garder de nouveaux clients, et Red Spins est grande \u00e0 r\u00e9compenser la fid\u00e9lit\u00e9 \u00e0 ceux qui choisissent de jouer encore et encore.<\/p>\n<h3>Bonus de bienvenue<\/h3>\n<p>Le Red Spins Casino offre un fantastique bonus de bienvenue \u00e0 tous les nouveaux clients, qui se compose de 500 $ dans les paris \u00e9gal\u00e9s.Ceci est pay\u00e9 sur les trois premiers d\u00e9p\u00f4ts, chacun d&#8217;eux doit \u00eatre un minimum de 10 $ pour d\u00e9clencher les paris correspondants.<\/p>\n<p>Votre premier d\u00e9p\u00f4t remboursera 200% des paris correspondants, jusqu&#8217;\u00e0 une valeur de 50 $ &#8211; si vous d\u00e9posez 25 $, vous recevrez 50 $ en paris correspondants.Avec le deuxi\u00e8me d\u00e9p\u00f4t, vous recevrez 100% des paris correspondants, jusqu&#8217;\u00e0 une valeur de 200 $; si vous d\u00e9posez 200 $, vous recevrez 200 $ en paris correspondants. Votre troisi\u00e8me d\u00e9p\u00f4t remboursera 50% des paris \u00e9gal\u00e9s, jusqu&#8217;\u00e0 la valeur de 250 $. Cela signifie que si vous d\u00e9posez 500 $, vous recevrez 250 $ en paris correspondants.<\/p>\n<p>Ce bonus de bienvenue est une excellente fa\u00e7on de commencer et vous permet de tirer le meilleur parti de votre d\u00e9p\u00f4t!<\/p>\n<h3>Bonus sans d\u00e9p\u00f4t (si applicable)<\/h3>\n<p>Red Spins offre \u00e9galement la possibilit\u00e9 de 50 tours gratuits sans d\u00e9p\u00f4t requis pour tous les nouveaux clients. Cela vous donne la chance d&#8217;essayer le site et de gagner de l&#8217;argent sans vous engager!<\/p>\n<h3>Autres promotions<\/h3>\n<p>En plus d&#8217;une grande offre de bonus de bienvenue, il y a des chances de gagner chaque mois avec une gamme d&#8217;offres promotionnelles.Les principales promotions auront lieu les week-ends, les mardis et les jeudis. Des offres saisonni\u00e8res, des tirages au sort et des tournois sont r\u00e9guli\u00e8rement propos\u00e9s.Assurez-vous de visiter les jours f\u00e9ri\u00e9s, No\u00ebl, P\u00e2ques, la Saint-Patrick et d\u2019autres f\u00eates sp\u00e9ciales pour courir la chance de gagner des tours gratuits et des bonus.Les tirages au sort r\u00e9guliers augmentent \u00e9galement vos chances de gagner des voyages, des vacances et de d\u00e9penser de l&#8217;argent &#8211; c&#8217;est un casino d\u00e9di\u00e9 \u00e0 vous r\u00e9compenser de vos efforts!<\/p>\n<h3>Conditions de participation (conditions de mise)<\/h3>\n<p>Il y a une politique de bonus complet et approfondi avec Red Spins. Les joueurs ne peuvent r\u00e9clamer le bonus qu\u2019une seule fois et il leur est interdit de passer aux jeux \u00e0 poids \u00e9lev\u00e9 \u00e0 partir de poids faibles \u00e0 la suite d\u2019une victoire importante. Les fonds de bonus peuvent \u00e9galement \u00eatre utilis\u00e9s si le joueur a un solde en esp\u00e8ces \u00e9gal \u00e0 z\u00e9ro et si les conditions de mise sont 40 fois le montant initial du d\u00e9p\u00f4t. Par exemple, si vous recevez un bonus de 100 \u20ac, vous devrez parier un montant total de 4 000 \u20ac avant de pouvoir r\u00e9clamer le bonus.<\/p>\n<h3>VIP et fid\u00e9lit\u00e9*<\/h3>\n<p>Les joueurs fid\u00e8les sont extr\u00eamement pr\u00e9cieux, et c&#8217;est quelque chose qui est reconnu par Red Spins. Le programme VIP exclusif est uniquement accessible sur invitation et comprend 4 niveaux de fonctionnalit\u00e9s de plus en plus bonus. Pour \u00eatre \u00e9ligibles, les joueurs devront avoir d\u00e9pos\u00e9 un minimum de 2 000 \u20ac sur leur compte. Ils recevront ensuite un email les invitant au programme VIP privil\u00e9gi\u00e9. Une fois dedans, les joueurs restent dans le club pendant toute la vie de leur abonnement Red Spins.<\/p>\n<p>Il y a 4 niveaux d&#8217;adh\u00e9sion comme suit:<\/p>\n<p>Argent: Un d\u00e9p\u00f4t de 2 000 $ doit \u00eatre effectu\u00e9 pour pouvoir \u00eatre invit\u00e9. Les joueurs peuvent b\u00e9n\u00e9ficier de recharges et de promotions exclusives, de d\u00e9lais de retrait plus rapides et de limites de d\u00e9p\u00f4t plus \u00e9lev\u00e9es.<\/p>\n<p>Or: Les joueurs doivent faire des d\u00e9p\u00f4ts de 5 000 $ pour \u00eatre invit\u00e9s. Cette offre tous les avantages de l&#8217;argent, plus une limite de d\u00e9p\u00f4t plus \u00e9lev\u00e9e.<\/p>\n<p>Premi\u00e8re: D\u00e9p\u00f4t de 10 000 $ requis pour \u00eatre invit\u00e9. Cela inclut les avantages de l&#8217;or et de l&#8217;argent, en plus des invit\u00e9s sp\u00e9ciaux, d&#8217;un gestionnaire de compte personnalis\u00e9 et d&#8217;une promotion de fid\u00e9lit\u00e9 hebdomadaire.<\/p>\n<p>Elite: Les joueurs doivent d\u00e9poser un minimum de 20 000 USD pour pouvoir \u00eatre invit\u00e9s. En plus des avantages de l&#8217;argent, l&#8217;or, et Premiere, les joueurs recevront \u00e9galement des promotions de fid\u00e9lit\u00e9 am\u00e9lior\u00e9s et mieux encore des cadeaux sp\u00e9ciaux.<\/p>\n<h3>Comment commencer \u00e0 jouer<\/h3>\n<p>Pour s&#8217;inscrire, les nouveaux joueurs doivent simplement renseigner les informations d&#8217;inscription requises sur le site Web. Avant qu&#8217;un d\u00e9p\u00f4t initial soit effectu\u00e9, les joueurs pourront recevoir 50 tours gratuits, alors assurez-vous d&#8217;en profiter pleinement avant de continuer! Une fois que ceux-ci sont pris en charge, il est temps d&#8217;effectuer le premier des trois d\u00e9p\u00f4ts qui d\u00e9clencheront le bonus de bienvenue et augmenteront vos chances.<\/p>\n<h3>Paiements<\/h3>\n<p>L&#8217;un des avantages de Red Spins Casino est la gamme de diff\u00e9rentes options bancaires offertes aux joueurs canadiens. Les joueurs peuvent donc choisir la m\u00e9thode qui leur convient le mieux.Les m\u00e9thodes populaires incluent les cartes de cr\u00e9dit ou de d\u00e9bit, telles que Visa, Maestro et MasterCard, les portefeuilles \u00e9lectroniques tels que Skrill et Neteller, les cartes pr\u00e9pay\u00e9es telles que Paysafecard et des options alternatives telles que Trustly, Boku et Zimpler. Il y a un paiement minimum de 10 $ et un maximum de 10 000 $ par jour.<\/p>\n<h3>M\u00e9thodes de d\u00e9p\u00f4t<\/h3>\n<h3>D\u00e9p\u00f4ts minimum et maximum<\/h3>\n<p>Un d\u00e9p\u00f4t minimum de 5 $ doit \u00eatre faite afin de d\u00e9clencher les paris \u00e9gal\u00e9s dans l&#8217;offre de bienvenue, et un maximum de 10 000 $ peut \u00eatre d\u00e9pos\u00e9 en une seule journ\u00e9e.<\/p>\n<h3>M\u00e9thodes de retrait et heure<\/h3>\n<p>Les retraits peuvent \u00eatre effectu\u00e9s de diff\u00e9rentes mani\u00e8res et arrivent g\u00e9n\u00e9ralement sur votre compte jusqu&#8217;\u00e0 3 jours ouvrables apr\u00e8s leur traitement par le site.<\/p>\n<h3>Jeux<\/h3>\n<p>Red Spins offre une grande vari\u00e9t\u00e9 de machines \u00e0 sous, de jeux de table et d&#8217;opportunit\u00e9s de casino en direct, garantissant ainsi qu&#8217;il y en a pour tous les go\u00fbts. Que vous soyez un professionnel du poker, un blackjack badass ou un joueur de nombreux m\u00e9tiers, il y aura quelque chose sur le site qui vous plaira.<\/p>\n<h3>Machines \u00e0 sous<\/h3>\n<p>Il existe une fantastique gamme de machines \u00e0 sous pour les joueurs \u00e0 la recherche du meilleur du march\u00e9. Les options incluent Ariana, Game of Thrones, Forunium, Fruits Tiki, Jurassic World et Robin de Sherwood, parmi d\u2019autres options.<\/p>\n<h3>Jeux de table<\/h3>\n<p>L&#8217;offre traditionnelle de fils de table comprend le baccarat et le poker, ainsi que le black jack et plusieurs variantes de roulette. Si vous recherchez des jeux de table de casino classiques et traditionnels, Red Spins propose un excellent choix.<\/p>\n<h3>Jeux avec croupiers en direct<\/h3>\n<p>Aucun casino en ligne ne serait complet sans la possibilit\u00e9 de participer aux jeux Live Casino et Live Dealer. Celles-ci sont diffus\u00e9es dans un format de haute qualit\u00e9 pour permettre aux joueurs de vivre une exp\u00e9rience immersive et engageante, allant m\u00eame jusqu&#8217;\u00e0 sentir la tension lorsque les cartes sont distribu\u00e9es. Des classiques tels que le blackjack, le baccarat et la roulette peuvent \u00eatre appr\u00e9ci\u00e9s, ce qui vous donne la possibilit\u00e9 de profiter de ce sentiment de Las Vegas dans le confort de votre propre maison.<\/p>\n<h3>Application mobile<\/h3>\n<p>Il n&#8217;y a actuellement aucune application d\u00e9di\u00e9e \u00e0 Red Spins, mais le site peut \u00eatre enti\u00e8rement consult\u00e9 et utilis\u00e9 via le navigateur Web des t\u00e9l\u00e9phones mobiles. Le site est enti\u00e8rement optimis\u00e9 et peut \u00eatre utilis\u00e9 en mode paysage ou portrait pour vous permettre de s\u00e9lectionner l\u2019option la plus confortable. L&#8217;exp\u00e9rience diff\u00e8re l\u00e9g\u00e8rement de l&#8217;utilisation du site sur un ordinateur ou un ordinateur portable &#8211; il peut y avoir moins de d\u00e9tails pour acc\u00e9l\u00e9rer les vitesses de chargement. Malgr\u00e9 cela, les utilisateurs ont signal\u00e9 une bonne compatibilit\u00e9 entre tous les syst\u00e8mes d&#8217;exploitation, \u00e0 condition qu&#8217;ils soient enti\u00e8rement mis \u00e0 jour avec la derni\u00e8re option.<\/p>\n<h3>S\u00e9curit\u00e9 et licence<\/h3>\n<p>Pour prot\u00e9ger les donn\u00e9es financi\u00e8res et personnelles des joueurs, Red Spins a utilis\u00e9 des certificats de cryptage SSL sur les sites. Ils sont \u00e9galement autoris\u00e9s par la UK Gambling Commission et la Gibraltar Gambling Commission, ce qui permet aux clients de jouer en toute tranquillit\u00e9.<\/p>\n<h3>Service clientt<\/h3>\n<p>Assurer que les clients sont s\u00fbrs et pris en charge est une priorit\u00e9 de Red Spins Casino, et cela est \u00e9vident de la gamme de soutien \u00e0 la client\u00e8le qui est propos\u00e9.Le support est disponible 24 heures sur 24 et 7 jours sur 7 via un chat en direct int\u00e9gr\u00e9 au site Web et qui se connecte \u00e0 des experts du service client\u00e8le qui peuvent vous aider pour toute question, question ou pr\u00e9occupation. L&#8217;aide est \u00e9galement disponible par courrier \u00e9lectronique \u00e0 l&#8217;adresse redspins.support@nektan.com ou par t\u00e9l\u00e9phone au +44 203 621 6933. Red Spins offre \u00e9galement une adresse postale physique, ce qui signifie que vous pouvez lui \u00e9crire \u00e0 l&#8217;adresse Red Spins, Nektan Gibraltar Ltd. , 2.1 Waterport Place, 2 Europort Avenue, Gibraltar<\/p>\n<h3>Notre verdict<\/h3>\n<p>La gamme de choix disponibles \u00e0 Red Spins est l\u2019un de ses principaux attraits. Ils offrent une vari\u00e9t\u00e9 d\u2019options pour tous les types de joueurs. Cela ne se limite pas aux machines \u00e0 sous, mais inclut \u00e9galement des jeux de table et des options de casino en direct.Red Spins offre \u00e9galement un large \u00e9ventail d\u2019options pour d\u00e9poser et retirer votre argent, et beaucoup d\u2019entre elles sont plus rapides que certains de ses concurrents sur le march\u00e9.Le site a acquis une r\u00e9putation bien m\u00e9rit\u00e9e et solide dans l&#8217;industrie du jeu en ligne et offre toujours superbes promotions et des bonus aux clients nouveaux et existantsLe support client est \u00e9galement complet et accessible, ce qui signifie que les clients peuvent jouer avec la certitude de pouvoir b\u00e9n\u00e9ficier d\u2019une assistance sous diff\u00e9rentes formes, peu importe le probl\u00e8me.<\/p>\n","protected":false},"excerpt":{"rendered":"<p>Casino Revue Red Spins est un casino qui offre de grandes r\u00e9compenses aux nouveaux clients et aux clients fid\u00e8les. Avec une gamme de jeux, des chances de gagner de l&#8217;argent et une communaut\u00e9 de soutien, ils ont acquis une solide r\u00e9putation au sein de l&#8217;industrie &#8211; et il est facile de voir pourquoi. Bonus et [&hellip;]<\/p>\n","protected":false},"author":8,"featured_media":1463,"parent":16,"menu_order":0,"comment_status":"closed","ping_status":"closed","template":"page_review_card.php","meta":{"_acf_changed":false,"footnotes":""},"class_list":["post-1462","page","type-page","status-publish","has-post-thumbnail","hentry"],"acf":[],"_links":{"self":[{"href":"https:\/\/www.minimumdepositcasinos.org\/fr\/wp-json\/wp\/v2\/pages\/1462","targetHints":{"allow":["GET"]}}],"collection":[{"href":"https:\/\/www.minimumdepositcasinos.org\/fr\/wp-json\/wp\/v2\/pages"}],"about":[{"href":"https:\/\/www.minimumdepositcasinos.org\/fr\/wp-json\/wp\/v2\/types\/page"}],"author":[{"embeddable":true,"href":"https:\/\/www.minimumdepositcasinos.org\/fr\/wp-json\/wp\/v2\/users\/8"}],"replies":[{"embeddable":true,"href":"https:\/\/www.minimumdepositcasinos.org\/fr\/wp-json\/wp\/v2\/comments?post=1462"}],"version-history":[{"count":8,"href":"https:\/\/www.minimumdepositcasinos.org\/fr\/wp-json\/wp\/v2\/pages\/1462\/revisions"}],"predecessor-version":[{"id":3505,"href":"https:\/\/www.minimumdepositcasinos.org\/fr\/wp-json\/wp\/v2\/pages\/1462\/revisions\/3505"}],"up":[{"embeddable":true,"href":"https:\/\/www.minimumdepositcasinos.org\/fr\/wp-json\/wp\/v2\/pages\/16"}],"wp:featuredmedia":[{"embeddable":true,"href":"https:\/\/www.minimumdepositcasinos.org\/fr\/wp-json\/wp\/v2\/media\/1463"}],"wp:attachment":[{"href":"https:\/\/www.minimumdepositcasinos.org\/fr\/wp-json\/wp\/v2\/media?parent=1462"}],"curies":[{"name":"wp","href":"https:\/\/api.w.org\/{rel}","templated":true}]}}